{"id":58132,"date":"2026-04-15T10:33:17","date_gmt":"2026-04-15T08:33:17","guid":{"rendered":"https:\/\/ironsky.pl\/sklep\/produkt\/obudowa-metalowa-puluz-pu966b-insta360-ace-ace-pro\/"},"modified":"2026-04-15T10:33:35","modified_gmt":"2026-04-15T08:33:35","slug":"obudowa-metalowa-puluz-pu966b-insta360-ace-ace-pro","status":"publish","type":"product","link":"https:\/\/ironsky.pl\/sklep\/produkt\/obudowa-metalowa-puluz-pu966b-insta360-ace-ace-pro\/","title":{"rendered":"Obudowa metalowa PULUZ PU966B Insta360 Ace\/Ace Pro"},"content":{"rendered":"<h3>Metalowa obudowa PULUZ do Insta360 Ace Pro\/Ace (PU966B)<\/h3>\n<\/p>\n<p>Szukasz solidnej ochrony dla swojej kamery Insta360 Ace Pro\/Ace? Metalowa obudowa PULUZ PU966B to idealne rozwi\u0105zanie dla Ciebie! Doskonale zabezpiecza kamer\u0119, dzi\u0119ki czemu mo\u017cesz swobodnie nagrywa\u0107 nawet w najtrudniejszych warunkach, bez obaw o uszkodzenia. Wykonana z wysokiej jako\u015bci stopu aluminium skutecznie rozprasza ciep\u0142o, zapobiegaj\u0105c przegrzaniu si\u0119 kamery. W zestawie znajdziesz tak\u017ce adapter pier\u015bcienia na filtry o \u015brednicy 52 mm i filtr UV, co zapewni dodatkow\u0105 ochron\u0119 dla obiektywu Twojej kamery.<\/p>\n<\/p>\n<p>\n<img decoding=\"async\" src=\"https:\/\/assets.innpro.pl\/5113\/6009\/4.jpg\" border=\"0\" \/>\n<\/p>\n<h3>Ochrona w ka\u017cdych warunkach<\/h3>\n<\/p>\n<p>PULUZ PU966B to gwarancja bezpiecze\u0144stwa Twojej kamery sportowej Insta360 Ace\/Ace Pro. Wykonana z wysokiej jako\u015bci stopu aluminium i poddana precyzyjnej obr\u00f3bce CNC, zapewnia niezawodn\u0105 ochron\u0119 przed wszelkimi uszkodzeniami. Dzi\u0119ki niej mo\u017cesz \u015bmia\u0142o podj\u0105\u0107 si\u0119 ekstremalnych wyzwa\u0144 filmowych, wiedz\u0105c, \u017ce Twoja kamera jest w pe\u0142ni zabezpieczona!<\/p>\n<\/p>\n<p>\n<img decoding=\"async\" src=\"https:\/\/assets.innpro.pl\/5113\/6009\/3.jpg\" border=\"0\" \/>\n<\/p>\n<h3>Uniwersalne zastosowanie<\/h3>\n<\/p>\n<p>Obudowa zosta\u0142a wyposa\u017cona w uniwersalny adapter, co u\u0142atwi monta\u017c i demonta\u017c. Dzi\u0119ki 1\/4-calowemu gwintowi z \u0142atwo\u015bci\u0105 przymocujesz j\u0105 do selfie sticka, uchwytu czy statywu. Akcesorium posiada r\u00f3wnie\u017c mocowanie typu cold shoe, kt\u00f3re pozwoli Ci na zamontowanie dodatkowych akcesori\u00f3w, mi\u0119dzy innymi mikrofonu czy o\u015bwietlenia.<\/p>\n<\/p>\n<p>\n<img decoding=\"async\" src=\"https:\/\/assets.innpro.pl\/5113\/6009\/5.jpg\" border=\"0\" \/>\n<\/p>\n<h3>W zestawie<\/h3>\n<ul class=\"list-disc pl-5\">\n<li>Metalowa rama x1<\/li>\n<li>Adapter x1<\/li>\n<li>\u015aruba adaptera x2<\/li>\n<li>Klucz imbusowy x1<\/li>\n<li>Filtr UV 52 mm x1<\/li>\n<li>Za\u015blepka obiektywu x1<\/li>\n<li>Torba do przechowywania x1<\/li>\n<\/ul>\n<div class=\"table-wrapper\">\n<p>\u00a0<\/p>\n<h3><\/h3>\n<table>\n<tbody>\n<tr>\n<th>Producent<\/th>\n<td>Puluz<\/td>\n<\/tr>\n<tr>\n<th>Model<\/th>\n<td>PU966B<\/td>\n<\/tr>\n<tr>\n<th>Kompatybilno\u015b\u0107<\/th>\n<td>Kamera sportowa Insta360 Ace Pro\/Ace<\/td>\n<\/tr>\n<tr>\n<th>Wymiary<\/th>\n<td>9,1 x 3,8 x 6,5 cm<\/td>\n<\/tr>\n<tr>\n<th>Materia\u0142<\/th>\n<td>Stop aluminium <\/td>\n<\/tr>\n<\/tbody>\n<\/table>\n<\/div>\n","protected":false},"excerpt":{"rendered":"<p>Metalowa obudowa PULUZ do Insta360 Ace Pro\/Ace (PU966B) Szukasz solidnej ochrony dla swojej kamery Insta360 Ace Pro\/Ace? Metalowa obudowa PULUZ<\/p>\n","protected":false},"featured_media":58133,"comment_status":"closed","ping_status":"open","template":"","meta":{"_acf_changed":false},"product_brand":[],"product_cat":[1130,1128,1150],"product_tag":[],"class_list":{"0":"post-58132","1":"product","2":"type-product","3":"status-publish","4":"has-post-thumbnail","6":"product_cat-akcesoria-foto","7":"product_cat-foto-wideo","8":"product_cat-pozostale","9":"pa_okres-gwarancji-5754","10":"pa_producent-puluz","12":"first","13":"outofstock","14":"taxable","15":"shipping-taxable","16":"purchasable","17":"product-type-simple"},"acf":[],"yoast_head":"<!-- This site is optimized with the Yoast SEO plugin v27.2 - https:\/\/yoast.com\/product\/yoast-seo-wordpress\/ -->\n<title>Obudowa metalowa PULUZ PU966B Insta360 Ace\/Ace Pro - IRONSKY.PL Sklep z Dronami<\/title>\n<meta name=\"description\" content=\"Obudowa metalowa PULUZ PU966B Insta360 Ace\/Ace Pro - \u2705 sklep z dronami i fachowym doradztwem. \u2705 Tutaj kupisz produkty DJI, Yuneec, Parrot, Syma i wiele innych, a tak\u017ce kursy i licencje na operatora drona.\" \/>\n<meta name=\"robots\" content=\"index, follow, max-snippet:-1, max-image-preview:large, max-video-preview:-1\" \/>\n<link rel=\"canonical\" href=\"https:\/\/ironsky.pl\/sklep\/produkt\/obudowa-metalowa-puluz-pu966b-insta360-ace-ace-pro\/\" \/>\n<meta property=\"og:locale\" content=\"pl_PL\" \/>\n<meta property=\"og:type\" content=\"article\" \/>\n<meta property=\"og:title\" content=\"Obudowa metalowa PULUZ PU966B Insta360 Ace\/Ace Pro - IRONSKY.PL Sklep z Dronami\" \/>\n<meta property=\"og:description\" content=\"Obudowa metalowa PULUZ PU966B Insta360 Ace\/Ace Pro - \u2705 sklep z dronami i fachowym doradztwem. \u2705 Tutaj kupisz produkty DJI, Yuneec, Parrot, Syma i wiele innych, a tak\u017ce kursy i licencje na operatora drona.\" \/>\n<meta property=\"og:url\" content=\"https:\/\/ironsky.pl\/sklep\/produkt\/obudowa-metalowa-puluz-pu966b-insta360-ace-ace-pro\/\" \/>\n<meta property=\"og:site_name\" content=\"IRONSKY.PL Sklep z Dronami\" \/>\n<meta property=\"article:modified_time\" content=\"2026-04-15T08:33:35+00:00\" \/>\n<meta property=\"og:image\" content=\"https:\/\/ironsky.pl\/sklep\/wp-content\/uploads\/2026\/04\/41493_1.jpg\" \/>\n\t<meta property=\"og:image:width\" content=\"800\" \/>\n\t<meta property=\"og:image:height\" content=\"800\" \/>\n\t<meta property=\"og:image:type\" content=\"image\/jpeg\" \/>\n<meta name=\"twitter:card\" content=\"summary_large_image\" \/>\n<meta name=\"twitter:label1\" content=\"Szacowany czas czytania\" \/>\n\t<meta name=\"twitter:data1\" content=\"1 minuta\" \/>\n<script type=\"application\/ld+json\" class=\"yoast-schema-graph\">{\"@context\":\"https:\/\/schema.org\",\"@graph\":[{\"@type\":\"WebPage\",\"@id\":\"https:\/\/ironsky.pl\/sklep\/produkt\/obudowa-metalowa-puluz-pu966b-insta360-ace-ace-pro\/\",\"url\":\"https:\/\/ironsky.pl\/sklep\/produkt\/obudowa-metalowa-puluz-pu966b-insta360-ace-ace-pro\/\",\"name\":\"Obudowa metalowa PULUZ PU966B Insta360 Ace\/Ace Pro - IRONSKY.PL Sklep z Dronami\",\"isPartOf\":{\"@id\":\"https:\/\/ironsky.pl\/sklep\/#website\"},\"primaryImageOfPage\":{\"@id\":\"https:\/\/ironsky.pl\/sklep\/produkt\/obudowa-metalowa-puluz-pu966b-insta360-ace-ace-pro\/#primaryimage\"},\"image\":{\"@id\":\"https:\/\/ironsky.pl\/sklep\/produkt\/obudowa-metalowa-puluz-pu966b-insta360-ace-ace-pro\/#primaryimage\"},\"thumbnailUrl\":\"https:\/\/ironsky.pl\/sklep\/wp-content\/uploads\/2026\/04\/41493_1.jpg\",\"datePublished\":\"2026-04-15T08:33:17+00:00\",\"dateModified\":\"2026-04-15T08:33:35+00:00\",\"description\":\"Obudowa metalowa PULUZ PU966B Insta360 Ace\/Ace Pro - \u2705 sklep z dronami i fachowym doradztwem. \u2705 Tutaj kupisz produkty DJI, Yuneec, Parrot, Syma i wiele innych, a tak\u017ce kursy i licencje na operatora drona.\",\"breadcrumb\":{\"@id\":\"https:\/\/ironsky.pl\/sklep\/produkt\/obudowa-metalowa-puluz-pu966b-insta360-ace-ace-pro\/#breadcrumb\"},\"inLanguage\":\"pl-PL\",\"potentialAction\":[{\"@type\":\"ReadAction\",\"target\":[\"https:\/\/ironsky.pl\/sklep\/produkt\/obudowa-metalowa-puluz-pu966b-insta360-ace-ace-pro\/\"]}]},{\"@type\":\"ImageObject\",\"inLanguage\":\"pl-PL\",\"@id\":\"https:\/\/ironsky.pl\/sklep\/produkt\/obudowa-metalowa-puluz-pu966b-insta360-ace-ace-pro\/#primaryimage\",\"url\":\"https:\/\/ironsky.pl\/sklep\/wp-content\/uploads\/2026\/04\/41493_1.jpg\",\"contentUrl\":\"https:\/\/ironsky.pl\/sklep\/wp-content\/uploads\/2026\/04\/41493_1.jpg\",\"width\":800,\"height\":800},{\"@type\":\"BreadcrumbList\",\"@id\":\"https:\/\/ironsky.pl\/sklep\/produkt\/obudowa-metalowa-puluz-pu966b-insta360-ace-ace-pro\/#breadcrumb\",\"itemListElement\":[{\"@type\":\"ListItem\",\"position\":1,\"name\":\"Strona g\u0142\u00f3wna\",\"item\":\"https:\/\/ironsky.pl\/sklep\/\"},{\"@type\":\"ListItem\",\"position\":2,\"name\":\"Wszystkie produkty\",\"item\":\"https:\/\/ironsky.pl\/sklep\/produkty\/\"},{\"@type\":\"ListItem\",\"position\":3,\"name\":\"Obudowa metalowa PULUZ PU966B Insta360 Ace\/Ace Pro\"}]},{\"@type\":\"WebSite\",\"@id\":\"https:\/\/ironsky.pl\/sklep\/#website\",\"url\":\"https:\/\/ironsky.pl\/sklep\/\",\"name\":\"IRONSKY.PL Sklep z Dronami\",\"description\":\"IRONSKY.PL Sklep z Dronami\",\"potentialAction\":[{\"@type\":\"SearchAction\",\"target\":{\"@type\":\"EntryPoint\",\"urlTemplate\":\"https:\/\/ironsky.pl\/sklep\/?s={search_term_string}\"},\"query-input\":{\"@type\":\"PropertyValueSpecification\",\"valueRequired\":true,\"valueName\":\"search_term_string\"}}],\"inLanguage\":\"pl-PL\"}]}<\/script>\n<!-- \/ Yoast SEO plugin. -->","yoast_head_json":{"title":"Obudowa metalowa PULUZ PU966B Insta360 Ace\/Ace Pro - IRONSKY.PL Sklep z Dronami","description":"Obudowa metalowa PULUZ PU966B Insta360 Ace\/Ace Pro - \u2705 sklep z dronami i fachowym doradztwem. \u2705 Tutaj kupisz produkty DJI, Yuneec, Parrot, Syma i wiele innych, a tak\u017ce kursy i licencje na operatora drona.","robots":{"index":"index","follow":"follow","max-snippet":"max-snippet:-1","max-image-preview":"max-image-preview:large","max-video-preview":"max-video-preview:-1"},"canonical":"https:\/\/ironsky.pl\/sklep\/produkt\/obudowa-metalowa-puluz-pu966b-insta360-ace-ace-pro\/","og_locale":"pl_PL","og_type":"article","og_title":"Obudowa metalowa PULUZ PU966B Insta360 Ace\/Ace Pro - IRONSKY.PL Sklep z Dronami","og_description":"Obudowa metalowa PULUZ PU966B Insta360 Ace\/Ace Pro - \u2705 sklep z dronami i fachowym doradztwem. \u2705 Tutaj kupisz produkty DJI, Yuneec, Parrot, Syma i wiele innych, a tak\u017ce kursy i licencje na operatora drona.","og_url":"https:\/\/ironsky.pl\/sklep\/produkt\/obudowa-metalowa-puluz-pu966b-insta360-ace-ace-pro\/","og_site_name":"IRONSKY.PL Sklep z Dronami","article_modified_time":"2026-04-15T08:33:35+00:00","og_image":[{"width":800,"height":800,"url":"https:\/\/ironsky.pl\/sklep\/wp-content\/uploads\/2026\/04\/41493_1.jpg","type":"image\/jpeg"}],"twitter_card":"summary_large_image","twitter_misc":{"Szacowany czas czytania":"1 minuta"},"schema":{"@context":"https:\/\/schema.org","@graph":[{"@type":"WebPage","@id":"https:\/\/ironsky.pl\/sklep\/produkt\/obudowa-metalowa-puluz-pu966b-insta360-ace-ace-pro\/","url":"https:\/\/ironsky.pl\/sklep\/produkt\/obudowa-metalowa-puluz-pu966b-insta360-ace-ace-pro\/","name":"Obudowa metalowa PULUZ PU966B Insta360 Ace\/Ace Pro - IRONSKY.PL Sklep z Dronami","isPartOf":{"@id":"https:\/\/ironsky.pl\/sklep\/#website"},"primaryImageOfPage":{"@id":"https:\/\/ironsky.pl\/sklep\/produkt\/obudowa-metalowa-puluz-pu966b-insta360-ace-ace-pro\/#primaryimage"},"image":{"@id":"https:\/\/ironsky.pl\/sklep\/produkt\/obudowa-metalowa-puluz-pu966b-insta360-ace-ace-pro\/#primaryimage"},"thumbnailUrl":"https:\/\/ironsky.pl\/sklep\/wp-content\/uploads\/2026\/04\/41493_1.jpg","datePublished":"2026-04-15T08:33:17+00:00","dateModified":"2026-04-15T08:33:35+00:00","description":"Obudowa metalowa PULUZ PU966B Insta360 Ace\/Ace Pro - \u2705 sklep z dronami i fachowym doradztwem. \u2705 Tutaj kupisz produkty DJI, Yuneec, Parrot, Syma i wiele innych, a tak\u017ce kursy i licencje na operatora drona.","breadcrumb":{"@id":"https:\/\/ironsky.pl\/sklep\/produkt\/obudowa-metalowa-puluz-pu966b-insta360-ace-ace-pro\/#breadcrumb"},"inLanguage":"pl-PL","potentialAction":[{"@type":"ReadAction","target":["https:\/\/ironsky.pl\/sklep\/produkt\/obudowa-metalowa-puluz-pu966b-insta360-ace-ace-pro\/"]}]},{"@type":"ImageObject","inLanguage":"pl-PL","@id":"https:\/\/ironsky.pl\/sklep\/produkt\/obudowa-metalowa-puluz-pu966b-insta360-ace-ace-pro\/#primaryimage","url":"https:\/\/ironsky.pl\/sklep\/wp-content\/uploads\/2026\/04\/41493_1.jpg","contentUrl":"https:\/\/ironsky.pl\/sklep\/wp-content\/uploads\/2026\/04\/41493_1.jpg","width":800,"height":800},{"@type":"BreadcrumbList","@id":"https:\/\/ironsky.pl\/sklep\/produkt\/obudowa-metalowa-puluz-pu966b-insta360-ace-ace-pro\/#breadcrumb","itemListElement":[{"@type":"ListItem","position":1,"name":"Strona g\u0142\u00f3wna","item":"https:\/\/ironsky.pl\/sklep\/"},{"@type":"ListItem","position":2,"name":"Wszystkie produkty","item":"https:\/\/ironsky.pl\/sklep\/produkty\/"},{"@type":"ListItem","position":3,"name":"Obudowa metalowa PULUZ PU966B Insta360 Ace\/Ace Pro"}]},{"@type":"WebSite","@id":"https:\/\/ironsky.pl\/sklep\/#website","url":"https:\/\/ironsky.pl\/sklep\/","name":"IRONSKY.PL Sklep z Dronami","description":"IRONSKY.PL Sklep z Dronami","potentialAction":[{"@type":"SearchAction","target":{"@type":"EntryPoint","urlTemplate":"https:\/\/ironsky.pl\/sklep\/?s={search_term_string}"},"query-input":{"@type":"PropertyValueSpecification","valueRequired":true,"valueName":"search_term_string"}}],"inLanguage":"pl-PL"}]}},"_links":{"self":[{"href":"https:\/\/ironsky.pl\/sklep\/wp-json\/wp\/v2\/product\/58132","targetHints":{"allow":["GET"]}}],"collection":[{"href":"https:\/\/ironsky.pl\/sklep\/wp-json\/wp\/v2\/product"}],"about":[{"href":"https:\/\/ironsky.pl\/sklep\/wp-json\/wp\/v2\/types\/product"}],"replies":[{"embeddable":true,"href":"https:\/\/ironsky.pl\/sklep\/wp-json\/wp\/v2\/comments?post=58132"}],"wp:featuredmedia":[{"embeddable":true,"href":"https:\/\/ironsky.pl\/sklep\/wp-json\/wp\/v2\/media\/58133"}],"wp:attachment":[{"href":"https:\/\/ironsky.pl\/sklep\/wp-json\/wp\/v2\/media?parent=58132"}],"wp:term":[{"taxonomy":"product_brand","embeddable":true,"href":"https:\/\/ironsky.pl\/sklep\/wp-json\/wp\/v2\/product_brand?post=58132"},{"taxonomy":"product_cat","embeddable":true,"href":"https:\/\/ironsky.pl\/sklep\/wp-json\/wp\/v2\/product_cat?post=58132"},{"taxonomy":"product_tag","embeddable":true,"href":"https:\/\/ironsky.pl\/sklep\/wp-json\/wp\/v2\/product_tag?post=58132"}],"curies":[{"name":"wp","href":"https:\/\/api.w.org\/{rel}","templated":true}]}}