{"id":58099,"date":"2026-04-15T10:33:17","date_gmt":"2026-04-15T08:33:17","guid":{"rendered":"https:\/\/ironsky.pl\/sklep\/produkt\/zestaw-filtrow-freewell-m2-77mm-5-szt\/"},"modified":"2026-04-15T10:33:18","modified_gmt":"2026-04-15T08:33:18","slug":"zestaw-filtrow-freewell-m2-77mm-5-szt","status":"publish","type":"product","link":"https:\/\/ironsky.pl\/sklep\/produkt\/zestaw-filtrow-freewell-m2-77mm-5-szt\/","title":{"rendered":"Zestaw filtr\u00f3w FREEWELL M2 77mm 5 szt."},"content":{"rendered":"<h3>Zestaw 5 filtr\u00f3w magnetycznych Freewell Seria M2 77mm<\/h3>\n<\/p>\n<p>Tw\u00f3rz wyj\u0105tkowe uj\u0119cia w imponuj\u0105cej jako\u015bci. Zestaw zawiera takie filtry jak: ND8\/ND64\/ND1000\/CPL\/UV, dzi\u0119ki czemu sprawdz\u0105 si\u0119 w r\u00f3\u017cnych sytuacjach. Co wi\u0119cej, os\u0142ona obiektywu z wygodnym uchwytem chroni go przed zanieczyszczeniami i uszkodzeniem, a magnetyczny adapter pozwala z \u0142atwo\u015bci\u0105 zamontowa\u0107 filtr. Ponadto filtr\u00f3w mo\u017cesz u\u017cywa\u0107 osobno lub \u0142\u0105czy\u0107 je, a dedykowane etui u\u0142atwia przechowywanie.\u00a0<\/p>\n<\/p>\n<p>\n<img decoding=\"async\" src=\"https:\/\/assets.innpro.pl\/5198\/6098\/2.jpg\" border=\"0\" \/>\n<\/p>\n<h3>R\u00f3\u017cne scenariusze u\u017cytkowania<\/h3>\n<\/p>\n<p>Wchodz\u0105ce w sk\u0142ad zestawu filtry z powodzeniem wykorzystasz w r\u00f3\u017cnych warunkach. Filtr UV skutecznie poch\u0142ania wi\u0119kszo\u015b\u0107 promieni s\u0142onecznych docieraj\u0105cych do obiektywu, jednocze\u015bnie zachowuj\u0105c optymaln\u0105 jako\u015b\u0107 obrazu. Z kolei CPL efektywnie redukuje odblaski z wody lub szyb i poprawiaj\u0105 nasycenie kolor\u00f3w. Natomiast filtry ND8\/ND64\/ND1000 zmniejszaj\u0105 ilo\u015b\u0107 wpadaj\u0105cego do obiektywu \u015bwiat\u0142a i zapewniaj\u0105 efekt rozmycia, na przyk\u0142ad chmur, p\u0142yn\u0105cej wody itp.\u00a0<\/p>\n<\/p>\n<p>\n<img decoding=\"async\" src=\"https:\/\/assets.innpro.pl\/5198\/6098\/7.jpg\" border=\"0\" \/>\n<\/p>\n<h3>Dopracowana konstrukcja<\/h3>\n<\/p>\n<p>Filtry Freewell zosta\u0142y wykonane z niemieckiego szk\u0142a optycznego i powsta\u0142y w oparciu o proces powlekania wielowarstwowego, co zapewnia nie tylko doskona\u0142\u0105 ochron\u0119 przed zarysowaniami, ale tak\u017ce niezr\u00f3wnan\u0105 jako\u015b\u0107 obrazu. S\u0105 one wodoodporne, py\u0142oszczelne i olejoodporne, zapewniaj\u0105c niezawodno\u015b\u0107\u00a0 nawet w najbardziej wymagaj\u0105cych warunkach.<\/p>\n<\/p>\n<p>\n<img decoding=\"async\" src=\"https:\/\/assets.innpro.pl\/5198\/6098\/1.jpg\" border=\"0\" \/>\n<\/p>\n<h3>Szybki i prosty monta\u017c<\/h3>\n<\/p>\n<p>Pozw\u00f3l sobie na szybk\u0105 zmian\u0119 filtr\u00f3w i nie martw si\u0119, \u017ce umknie Ci doskona\u0142e uj\u0119cie. System magnetyczny pozwala na wymian\u0119 filtr\u00f3w w mgnieniu oka. Zapomnij o uci\u0105\u017cliwym dokr\u0119caniu i odkr\u0119caniu filtr\u00f3w. Wystarczy jedna sekunda, aby zastosowa\u0107 nowy filtr. Dzi\u0119ki zwi\u0119kszonej sile magnetycznej mocowanie jest niezawodne, co oznacza, \u017ce \u200b\u200bmo\u017cesz skoncentrowa\u0107 si\u0119 na tworzeniu wspania\u0142ych uj\u0119\u0107, bez obaw o stabilno\u015b\u0107.<\/p>\n<\/p>\n<p>\n<img decoding=\"async\" src=\"https:\/\/assets.innpro.pl\/5198\/6098\/3.jpg\" border=\"0\" \/>\n<\/p>\n<h3>W zestawie<\/h3>\n<ul class=\"list-disc pl-5\">\n<li>filtry ND8\/ND64\/ND1000\/CPL\/UV<\/li>\n<li>\n<p style=\"text-align:justify\">magnetyczny adapter<\/p>\n<\/li>\n<li>\n<p style=\"text-align:justify\">os\u0142ona na obiektyw z uchwytem<\/p>\n<\/li>\n<li>\n<p style=\"text-align:justify\">\u015bciereczka do czyszczenia<\/p>\n<\/li>\n<li>\n<p style=\"text-align:justify\">etui<\/p>\n<\/li>\n<\/ul>\n<div class=\"table-wrapper\">\n<p>\u00a0<\/p>\n<h3><\/h3>\n<table>\n<tbody>\n<tr>\n<th>Producent<\/th>\n<td>Freewell<\/td>\n<\/tr>\n<tr>\n<th>Model<\/th>\n<td>FW-77M2-5PACK<\/td>\n<\/tr>\n<tr>\n<th>Seria<\/th>\n<td>M2<\/td>\n<\/tr>\n<tr>\n<th>\u015arednica<\/th>\n<td>77 mm<\/td>\n<\/tr>\n<tr>\n<th>Waga<\/th>\n<td>25 g (\u0142\u0105cznie z magnetyczn\u0105 ramk\u0105)<\/td>\n<\/tr>\n<\/tbody>\n<\/table>\n<\/div>\n","protected":false},"excerpt":{"rendered":"<p>Zestaw 5 filtr\u00f3w magnetycznych Freewell Seria M2 77mm Tw\u00f3rz wyj\u0105tkowe uj\u0119cia w imponuj\u0105cej jako\u015bci. Zestaw zawiera takie filtry jak: ND8\/ND64\/ND1000\/CPL\/UV,<\/p>\n","protected":false},"featured_media":58100,"comment_status":"closed","ping_status":"open","template":"","meta":{"_acf_changed":false},"product_brand":[],"product_cat":[6216,6211,1128],"product_tag":[],"class_list":{"0":"post-58099","1":"product","2":"type-product","3":"status-publish","4":"has-post-thumbnail","6":"product_cat-do-lustrzanek-filtry","7":"product_cat-filtry","8":"product_cat-foto-wideo","9":"pa_okres-gwarancji-5754","10":"pa_producent-freewell","12":"first","13":"outofstock","14":"taxable","15":"shipping-taxable","16":"purchasable","17":"product-type-simple"},"acf":[],"yoast_head":"<!-- This site is optimized with the Yoast SEO plugin v27.2 - https:\/\/yoast.com\/product\/yoast-seo-wordpress\/ -->\n<title>Zestaw filtr\u00f3w FREEWELL M2 77mm 5 szt. - IRONSKY.PL Sklep z Dronami<\/title>\n<meta name=\"description\" content=\"Zestaw filtr\u00f3w FREEWELL M2 77mm 5 szt. - \u2705 sklep z dronami i fachowym doradztwem. \u2705 Tutaj kupisz produkty DJI, Yuneec, Parrot, Syma i wiele innych, a tak\u017ce kursy i licencje na operatora drona.\" \/>\n<meta name=\"robots\" content=\"index, follow, max-snippet:-1, max-image-preview:large, max-video-preview:-1\" \/>\n<link rel=\"canonical\" href=\"https:\/\/ironsky.pl\/sklep\/produkt\/zestaw-filtrow-freewell-m2-77mm-5-szt\/\" \/>\n<meta property=\"og:locale\" content=\"pl_PL\" \/>\n<meta property=\"og:type\" content=\"article\" \/>\n<meta property=\"og:title\" content=\"Zestaw filtr\u00f3w FREEWELL M2 77mm 5 szt. - IRONSKY.PL Sklep z Dronami\" \/>\n<meta property=\"og:description\" content=\"Zestaw filtr\u00f3w FREEWELL M2 77mm 5 szt. - \u2705 sklep z dronami i fachowym doradztwem. \u2705 Tutaj kupisz produkty DJI, Yuneec, Parrot, Syma i wiele innych, a tak\u017ce kursy i licencje na operatora drona.\" \/>\n<meta property=\"og:url\" content=\"https:\/\/ironsky.pl\/sklep\/produkt\/zestaw-filtrow-freewell-m2-77mm-5-szt\/\" \/>\n<meta property=\"og:site_name\" content=\"IRONSKY.PL Sklep z Dronami\" \/>\n<meta property=\"article:modified_time\" content=\"2026-04-15T08:33:18+00:00\" \/>\n<meta property=\"og:image\" content=\"https:\/\/ironsky.pl\/sklep\/wp-content\/uploads\/2026\/04\/41425_1.jpg\" \/>\n\t<meta property=\"og:image:width\" content=\"800\" \/>\n\t<meta property=\"og:image:height\" content=\"800\" \/>\n\t<meta property=\"og:image:type\" content=\"image\/jpeg\" \/>\n<meta name=\"twitter:card\" content=\"summary_large_image\" \/>\n<meta name=\"twitter:label1\" content=\"Szacowany czas czytania\" \/>\n\t<meta name=\"twitter:data1\" content=\"2 minuty\" \/>\n<script type=\"application\/ld+json\" class=\"yoast-schema-graph\">{\"@context\":\"https:\/\/schema.org\",\"@graph\":[{\"@type\":\"WebPage\",\"@id\":\"https:\/\/ironsky.pl\/sklep\/produkt\/zestaw-filtrow-freewell-m2-77mm-5-szt\/\",\"url\":\"https:\/\/ironsky.pl\/sklep\/produkt\/zestaw-filtrow-freewell-m2-77mm-5-szt\/\",\"name\":\"Zestaw filtr\u00f3w FREEWELL M2 77mm 5 szt. - IRONSKY.PL Sklep z Dronami\",\"isPartOf\":{\"@id\":\"https:\/\/ironsky.pl\/sklep\/#website\"},\"primaryImageOfPage\":{\"@id\":\"https:\/\/ironsky.pl\/sklep\/produkt\/zestaw-filtrow-freewell-m2-77mm-5-szt\/#primaryimage\"},\"image\":{\"@id\":\"https:\/\/ironsky.pl\/sklep\/produkt\/zestaw-filtrow-freewell-m2-77mm-5-szt\/#primaryimage\"},\"thumbnailUrl\":\"https:\/\/ironsky.pl\/sklep\/wp-content\/uploads\/2026\/04\/41425_1.jpg\",\"datePublished\":\"2026-04-15T08:33:17+00:00\",\"dateModified\":\"2026-04-15T08:33:18+00:00\",\"description\":\"Zestaw filtr\u00f3w FREEWELL M2 77mm 5 szt. - \u2705 sklep z dronami i fachowym doradztwem. \u2705 Tutaj kupisz produkty DJI, Yuneec, Parrot, Syma i wiele innych, a tak\u017ce kursy i licencje na operatora drona.\",\"breadcrumb\":{\"@id\":\"https:\/\/ironsky.pl\/sklep\/produkt\/zestaw-filtrow-freewell-m2-77mm-5-szt\/#breadcrumb\"},\"inLanguage\":\"pl-PL\",\"potentialAction\":[{\"@type\":\"ReadAction\",\"target\":[\"https:\/\/ironsky.pl\/sklep\/produkt\/zestaw-filtrow-freewell-m2-77mm-5-szt\/\"]}]},{\"@type\":\"ImageObject\",\"inLanguage\":\"pl-PL\",\"@id\":\"https:\/\/ironsky.pl\/sklep\/produkt\/zestaw-filtrow-freewell-m2-77mm-5-szt\/#primaryimage\",\"url\":\"https:\/\/ironsky.pl\/sklep\/wp-content\/uploads\/2026\/04\/41425_1.jpg\",\"contentUrl\":\"https:\/\/ironsky.pl\/sklep\/wp-content\/uploads\/2026\/04\/41425_1.jpg\",\"width\":800,\"height\":800},{\"@type\":\"BreadcrumbList\",\"@id\":\"https:\/\/ironsky.pl\/sklep\/produkt\/zestaw-filtrow-freewell-m2-77mm-5-szt\/#breadcrumb\",\"itemListElement\":[{\"@type\":\"ListItem\",\"position\":1,\"name\":\"Strona g\u0142\u00f3wna\",\"item\":\"https:\/\/ironsky.pl\/sklep\/\"},{\"@type\":\"ListItem\",\"position\":2,\"name\":\"Wszystkie produkty\",\"item\":\"https:\/\/ironsky.pl\/sklep\/produkty\/\"},{\"@type\":\"ListItem\",\"position\":3,\"name\":\"Zestaw filtr\u00f3w FREEWELL M2 77mm 5 szt.\"}]},{\"@type\":\"WebSite\",\"@id\":\"https:\/\/ironsky.pl\/sklep\/#website\",\"url\":\"https:\/\/ironsky.pl\/sklep\/\",\"name\":\"IRONSKY.PL Sklep z Dronami\",\"description\":\"IRONSKY.PL Sklep z Dronami\",\"potentialAction\":[{\"@type\":\"SearchAction\",\"target\":{\"@type\":\"EntryPoint\",\"urlTemplate\":\"https:\/\/ironsky.pl\/sklep\/?s={search_term_string}\"},\"query-input\":{\"@type\":\"PropertyValueSpecification\",\"valueRequired\":true,\"valueName\":\"search_term_string\"}}],\"inLanguage\":\"pl-PL\"}]}<\/script>\n<!-- \/ Yoast SEO plugin. -->","yoast_head_json":{"title":"Zestaw filtr\u00f3w FREEWELL M2 77mm 5 szt. - IRONSKY.PL Sklep z Dronami","description":"Zestaw filtr\u00f3w FREEWELL M2 77mm 5 szt. - \u2705 sklep z dronami i fachowym doradztwem. \u2705 Tutaj kupisz produkty DJI, Yuneec, Parrot, Syma i wiele innych, a tak\u017ce kursy i licencje na operatora drona.","robots":{"index":"index","follow":"follow","max-snippet":"max-snippet:-1","max-image-preview":"max-image-preview:large","max-video-preview":"max-video-preview:-1"},"canonical":"https:\/\/ironsky.pl\/sklep\/produkt\/zestaw-filtrow-freewell-m2-77mm-5-szt\/","og_locale":"pl_PL","og_type":"article","og_title":"Zestaw filtr\u00f3w FREEWELL M2 77mm 5 szt. - IRONSKY.PL Sklep z Dronami","og_description":"Zestaw filtr\u00f3w FREEWELL M2 77mm 5 szt. - \u2705 sklep z dronami i fachowym doradztwem. \u2705 Tutaj kupisz produkty DJI, Yuneec, Parrot, Syma i wiele innych, a tak\u017ce kursy i licencje na operatora drona.","og_url":"https:\/\/ironsky.pl\/sklep\/produkt\/zestaw-filtrow-freewell-m2-77mm-5-szt\/","og_site_name":"IRONSKY.PL Sklep z Dronami","article_modified_time":"2026-04-15T08:33:18+00:00","og_image":[{"width":800,"height":800,"url":"https:\/\/ironsky.pl\/sklep\/wp-content\/uploads\/2026\/04\/41425_1.jpg","type":"image\/jpeg"}],"twitter_card":"summary_large_image","twitter_misc":{"Szacowany czas czytania":"2 minuty"},"schema":{"@context":"https:\/\/schema.org","@graph":[{"@type":"WebPage","@id":"https:\/\/ironsky.pl\/sklep\/produkt\/zestaw-filtrow-freewell-m2-77mm-5-szt\/","url":"https:\/\/ironsky.pl\/sklep\/produkt\/zestaw-filtrow-freewell-m2-77mm-5-szt\/","name":"Zestaw filtr\u00f3w FREEWELL M2 77mm 5 szt. - IRONSKY.PL Sklep z Dronami","isPartOf":{"@id":"https:\/\/ironsky.pl\/sklep\/#website"},"primaryImageOfPage":{"@id":"https:\/\/ironsky.pl\/sklep\/produkt\/zestaw-filtrow-freewell-m2-77mm-5-szt\/#primaryimage"},"image":{"@id":"https:\/\/ironsky.pl\/sklep\/produkt\/zestaw-filtrow-freewell-m2-77mm-5-szt\/#primaryimage"},"thumbnailUrl":"https:\/\/ironsky.pl\/sklep\/wp-content\/uploads\/2026\/04\/41425_1.jpg","datePublished":"2026-04-15T08:33:17+00:00","dateModified":"2026-04-15T08:33:18+00:00","description":"Zestaw filtr\u00f3w FREEWELL M2 77mm 5 szt. - \u2705 sklep z dronami i fachowym doradztwem. \u2705 Tutaj kupisz produkty DJI, Yuneec, Parrot, Syma i wiele innych, a tak\u017ce kursy i licencje na operatora drona.","breadcrumb":{"@id":"https:\/\/ironsky.pl\/sklep\/produkt\/zestaw-filtrow-freewell-m2-77mm-5-szt\/#breadcrumb"},"inLanguage":"pl-PL","potentialAction":[{"@type":"ReadAction","target":["https:\/\/ironsky.pl\/sklep\/produkt\/zestaw-filtrow-freewell-m2-77mm-5-szt\/"]}]},{"@type":"ImageObject","inLanguage":"pl-PL","@id":"https:\/\/ironsky.pl\/sklep\/produkt\/zestaw-filtrow-freewell-m2-77mm-5-szt\/#primaryimage","url":"https:\/\/ironsky.pl\/sklep\/wp-content\/uploads\/2026\/04\/41425_1.jpg","contentUrl":"https:\/\/ironsky.pl\/sklep\/wp-content\/uploads\/2026\/04\/41425_1.jpg","width":800,"height":800},{"@type":"BreadcrumbList","@id":"https:\/\/ironsky.pl\/sklep\/produkt\/zestaw-filtrow-freewell-m2-77mm-5-szt\/#breadcrumb","itemListElement":[{"@type":"ListItem","position":1,"name":"Strona g\u0142\u00f3wna","item":"https:\/\/ironsky.pl\/sklep\/"},{"@type":"ListItem","position":2,"name":"Wszystkie produkty","item":"https:\/\/ironsky.pl\/sklep\/produkty\/"},{"@type":"ListItem","position":3,"name":"Zestaw filtr\u00f3w FREEWELL M2 77mm 5 szt."}]},{"@type":"WebSite","@id":"https:\/\/ironsky.pl\/sklep\/#website","url":"https:\/\/ironsky.pl\/sklep\/","name":"IRONSKY.PL Sklep z Dronami","description":"IRONSKY.PL Sklep z Dronami","potentialAction":[{"@type":"SearchAction","target":{"@type":"EntryPoint","urlTemplate":"https:\/\/ironsky.pl\/sklep\/?s={search_term_string}"},"query-input":{"@type":"PropertyValueSpecification","valueRequired":true,"valueName":"search_term_string"}}],"inLanguage":"pl-PL"}]}},"_links":{"self":[{"href":"https:\/\/ironsky.pl\/sklep\/wp-json\/wp\/v2\/product\/58099","targetHints":{"allow":["GET"]}}],"collection":[{"href":"https:\/\/ironsky.pl\/sklep\/wp-json\/wp\/v2\/product"}],"about":[{"href":"https:\/\/ironsky.pl\/sklep\/wp-json\/wp\/v2\/types\/product"}],"replies":[{"embeddable":true,"href":"https:\/\/ironsky.pl\/sklep\/wp-json\/wp\/v2\/comments?post=58099"}],"wp:featuredmedia":[{"embeddable":true,"href":"https:\/\/ironsky.pl\/sklep\/wp-json\/wp\/v2\/media\/58100"}],"wp:attachment":[{"href":"https:\/\/ironsky.pl\/sklep\/wp-json\/wp\/v2\/media?parent=58099"}],"wp:term":[{"taxonomy":"product_brand","embeddable":true,"href":"https:\/\/ironsky.pl\/sklep\/wp-json\/wp\/v2\/product_brand?post=58099"},{"taxonomy":"product_cat","embeddable":true,"href":"https:\/\/ironsky.pl\/sklep\/wp-json\/wp\/v2\/product_cat?post=58099"},{"taxonomy":"product_tag","embeddable":true,"href":"https:\/\/ironsky.pl\/sklep\/wp-json\/wp\/v2\/product_tag?post=58099"}],"curies":[{"name":"wp","href":"https:\/\/api.w.org\/{rel}","templated":true}]}}