{"id":58093,"date":"2026-04-15T10:32:41","date_gmt":"2026-04-15T08:32:41","guid":{"rendered":"https:\/\/ironsky.pl\/sklep\/produkt\/powerbank-ugreen-pb205-25000mah-145w-usb-2xusb-c-szary\/"},"modified":"2026-04-15T10:33:13","modified_gmt":"2026-04-15T08:33:13","slug":"powerbank-ugreen-pb205-25000mah-145w-usb-2xusb-c-szary","status":"publish","type":"product","link":"https:\/\/ironsky.pl\/sklep\/produkt\/powerbank-ugreen-pb205-25000mah-145w-usb-2xusb-c-szary\/","title":{"rendered":"Powerbank UGREEN PB205 25000mAh 145W USB 2xUSB-C (szary)"},"content":{"rendered":"<h3>Powerbank 25000mAh Ugreen PB205, USB + 2x USB-C, 145W PD (szary)<\/h3>\n<\/p>\n<p>Odkryj pot\u0119g\u0119 b\u0142yskawicznego \u0142adowania z Powerbankiem Ugreen PB205. Wyr\u00f3\u017cniaj\u0105c si\u0119 maksymaln\u0105 moc\u0105 \u0142adowania wynosz\u0105c\u0105 145W i wykorzystaniem technologii PD 3.1 oraz QC 3.0, PB205 dostarcza superszybk\u0105 pr\u0119dko\u015b\u0107 \u0142adowania dzi\u0119ki wyj\u015bciu USB-C1 o mocy 100 W i USB-C2 o mocy 45 W. Zdolno\u015b\u0107 do uzupe\u0142nienia energii MacBooka Pro 14&#8243; 2022 do 50% w zaledwie 30 minut to \u015bwiadectwo tego, \u017ce powerbank jest niezast\u0105pionym towarzyszem zar\u00f3wno w codziennym u\u017cytkowaniu, jak i podczas niespodziewanych sytuacji.<\/p>\n<\/p>\n<p>\n<img decoding=\"async\" src=\"https:\/\/assets.innpro.pl\/5391\/6316\/1.jpg\" border=\"0\" \/>\n<\/p>\n<h3>Rewolucyjna pojemno\u015b\u0107 i mobilno\u015b\u0107<\/h3>\n<\/p>\n<p>Wyposa\u017cony w akumulator o pojemno\u015bci 25000mAh, Powerbank Ugreen PB205 z \u0142atwo\u015bci\u0105 obs\u0142u\u017cy wiele cykli \u0142adowania Twoich urz\u0105dze\u0144 \u2013 pe\u0142ne na\u0142adowanie MacBooka Pro 14&#8243; do 1.3 razy, Galaxy S23 Ultra do 3.0 razy i iPhone&#8217;a 15 do 5.5 razy. Jest to idealne rozwi\u0105zanie dla os\u00f3b, kt\u00f3re potrzebuj\u0105 sta\u0142ego dost\u0119pu do energii w ruchu. Ponadto jego akumulator 90 Wh jest akceptowany na pok\u0142adzie samolot\u00f3w, co czyni go perfekcyjnym kompanem w podr\u00f3\u017cach powietrznych.<\/p>\n<\/p>\n<p>\n<img decoding=\"async\" src=\"https:\/\/assets.innpro.pl\/5391\/6316\/5.jpg\" border=\"0\" \/>\n<\/p>\n<h3>Potr\u00f3jna wygoda \u0142adowania<\/h3>\n<\/p>\n<p>PB205 oferuje wyj\u0105tkow\u0105 elastyczno\u015b\u0107 z trzema portami USB, pozwalaj\u0105c na jednoczesne \u0142adowanie trzech urz\u0105dze\u0144 z zachowaniem wysokiej efektywno\u015bci. Nawet podczas u\u017cywania wszystkich port\u00f3w, power bank dostarcza ponad 100 W mocy, z wy\u0142\u0105czeniem kombinacji port\u00f3w USB C2 + USB A. Co wi\u0119cej, funkcja \u0142adowania przelotowego, przy wej\u015bciowej mocy 65 W, umo\u017cliwia odnawianie energii PB205 podczas \u0142adowania innych urz\u0105dze\u0144.<\/p>\n<\/p>\n<p>\n<img decoding=\"async\" src=\"https:\/\/assets.innpro.pl\/5391\/6316\/3.jpg\" border=\"0\" \/>\n<\/p>\n<h3>Uniwersalne rozwi\u0105zanie dla wszystkich Twoich urz\u0105dze\u0144<\/h3>\n<\/p>\n<p>Powerbank Ugreen PB205 jest kompatybilny z praktycznie ka\u017cdym urz\u0105dzeniem \u2013 od najnowszych modeli MacBook Pro, przez iPady, a\u017c po smartfony z serii iPhone i Galaxy. Niezale\u017cnie od tego, czy potrzebujesz energii dla swojego laptopa, tabletu czy smartfona, PB205 zapewnia ci\u0105g\u0142o\u015b\u0107 pracy i rozrywki w ka\u017cdej sytuacji.<\/p>\n<\/p>\n<p>\n<img decoding=\"async\" src=\"https:\/\/assets.innpro.pl\/5391\/6316\/4.jpg\" border=\"0\" \/>\n<\/p>\n<h3>Elegancki design i inteligentne funkcje<\/h3>\n<\/p>\n<p>Ugreen PB205 \u0142\u0105czy w sobie inteligentny design z wyrafinowanym stylem. Wyposa\u017cony w cyfrowy ekran LED informuj\u0105cy o pozosta\u0142ym poziomie energii, wygl\u0105da r\u00f3wnie dobrze, jak dzia\u0142a. Materia\u0142y przyjazne dla podr\u00f3\u017cy lotniczych oraz prosta, przeno\u015bna konstrukcja sprawiaj\u0105, \u017ce jest to idealny wyb\u00f3r dla os\u00f3b aktywnych i podr\u00f3\u017cuj\u0105cych. Z PB205 zawsze b\u0119dziesz gotowy na nowe wyzwania, bez wzgl\u0119du na to, gdzie Ci\u0119 one zaprowadz\u0105.<\/p>\n<\/p>\n<p>\n<img decoding=\"async\" src=\"https:\/\/assets.innpro.pl\/5391\/6316\/2.jpg\" border=\"0\" \/>\n<\/p>\n<div class=\"table-wrapper\">\n<p>\u00a0<\/p>\n<h3><\/h3>\n<table>\n<tbody>\n<tr>\n<th>Producent<\/th>\n<td>Ugreen<\/td>\n<\/tr>\n<tr>\n<th>Model<\/th>\n<td>PB205<\/td>\n<\/tr>\n<tr>\n<th>Akumulator<\/th>\n<td>Litowo-polimerowy<\/td>\n<\/tr>\n<tr>\n<th>Pojemno\u015b\u0107<\/th>\n<td>25000 mAh<\/td>\n<\/tr>\n<tr>\n<th>Porty<\/th>\n<td>USB + 2 x USB-C<\/td>\n<\/tr>\n<tr>\n<th>Moc ca\u0142kowita<\/th>\n<td>145 W PD<\/td>\n<\/tr>\n<tr>\n<th>Kolor<\/th>\n<td>Szary<\/td>\n<\/tr>\n<tr>\n<th>Wymiary <\/th>\n<td>150 x 80 x 20 mm <\/td>\n<\/tr>\n<tr>\n<th>Waga<\/th>\n<td>505 gram\u00f3w <\/td>\n<\/tr>\n<tr>\n<th>Materia\u0142<\/th>\n<td>ABS <\/td>\n<\/tr>\n<tr>\n<th>Funkcje<\/th>\n<td>Tryb niskiego pr\u0105du \/ Wy\u015bwietlacz LED <\/td>\n<\/tr>\n<tr>\n<th>Protoko\u0142y<\/th>\n<td>USB-C PD3.0\/PD2.0\/QC33. .0\/QC 2.0\/FCP\/AFC\/APPLE 5V2.4A\/BC1.2\/5V;  USB-A QC3.0\/QC2.0\/FCP\/AFC\/APPLE 5V2.4A\/BC1.2\/5V<\/td>\n<\/tr>\n<\/tbody>\n<\/table>\n<\/div>\n","protected":false},"excerpt":{"rendered":"<p>Powerbank 25000mAh Ugreen PB205, USB + 2x USB-C, 145W PD (szary) Odkryj pot\u0119g\u0119 b\u0142yskawicznego \u0142adowania z Powerbankiem Ugreen PB205. Wyr\u00f3\u017cniaj\u0105c<\/p>\n","protected":false},"featured_media":58094,"comment_status":"closed","ping_status":"open","template":"","meta":{"_acf_changed":false},"product_brand":[],"product_cat":[1108,1113],"product_tag":[],"class_list":{"0":"post-58093","1":"product","2":"type-product","3":"status-publish","4":"has-post-thumbnail","6":"product_cat-energia","7":"product_cat-powerbanki","8":"pa_okres-gwarancji-5757","9":"pa_producent-ugreen","11":"first","12":"outofstock","13":"taxable","14":"shipping-taxable","15":"purchasable","16":"product-type-simple"},"acf":[],"yoast_head":"<!-- This site is optimized with the Yoast SEO plugin v27.2 - https:\/\/yoast.com\/product\/yoast-seo-wordpress\/ -->\n<title>Powerbank UGREEN PB205 25000mAh 145W USB 2xUSB-C (szary) - IRONSKY.PL Sklep z Dronami<\/title>\n<meta name=\"description\" content=\"Powerbank UGREEN PB205 25000mAh 145W USB 2xUSB-C (szary) - \u2705 sklep z dronami i fachowym doradztwem. \u2705 Tutaj kupisz produkty DJI, Yuneec, Parrot, Syma i wiele innych, a tak\u017ce kursy i licencje na operatora drona.\" \/>\n<meta name=\"robots\" content=\"index, follow, max-snippet:-1, max-image-preview:large, max-video-preview:-1\" \/>\n<link rel=\"canonical\" href=\"https:\/\/ironsky.pl\/sklep\/produkt\/powerbank-ugreen-pb205-25000mah-145w-usb-2xusb-c-szary\/\" \/>\n<meta property=\"og:locale\" content=\"pl_PL\" \/>\n<meta property=\"og:type\" content=\"article\" \/>\n<meta property=\"og:title\" content=\"Powerbank UGREEN PB205 25000mAh 145W USB 2xUSB-C (szary) - IRONSKY.PL Sklep z Dronami\" \/>\n<meta property=\"og:description\" content=\"Powerbank UGREEN PB205 25000mAh 145W USB 2xUSB-C (szary) - \u2705 sklep z dronami i fachowym doradztwem. \u2705 Tutaj kupisz produkty DJI, Yuneec, Parrot, Syma i wiele innych, a tak\u017ce kursy i licencje na operatora drona.\" \/>\n<meta property=\"og:url\" content=\"https:\/\/ironsky.pl\/sklep\/produkt\/powerbank-ugreen-pb205-25000mah-145w-usb-2xusb-c-szary\/\" \/>\n<meta property=\"og:site_name\" content=\"IRONSKY.PL Sklep z Dronami\" \/>\n<meta property=\"article:modified_time\" content=\"2026-04-15T08:33:13+00:00\" \/>\n<meta property=\"og:image\" content=\"https:\/\/ironsky.pl\/sklep\/wp-content\/uploads\/2026\/04\/41418_3.jpg\" \/>\n\t<meta property=\"og:image:width\" content=\"800\" \/>\n\t<meta property=\"og:image:height\" content=\"800\" \/>\n\t<meta property=\"og:image:type\" content=\"image\/jpeg\" \/>\n<meta name=\"twitter:card\" content=\"summary_large_image\" \/>\n<meta name=\"twitter:label1\" content=\"Szacowany czas czytania\" \/>\n\t<meta name=\"twitter:data1\" content=\"2 minuty\" \/>\n<script type=\"application\/ld+json\" class=\"yoast-schema-graph\">{\"@context\":\"https:\/\/schema.org\",\"@graph\":[{\"@type\":\"WebPage\",\"@id\":\"https:\/\/ironsky.pl\/sklep\/produkt\/powerbank-ugreen-pb205-25000mah-145w-usb-2xusb-c-szary\/\",\"url\":\"https:\/\/ironsky.pl\/sklep\/produkt\/powerbank-ugreen-pb205-25000mah-145w-usb-2xusb-c-szary\/\",\"name\":\"Powerbank UGREEN PB205 25000mAh 145W USB 2xUSB-C (szary) - IRONSKY.PL Sklep z Dronami\",\"isPartOf\":{\"@id\":\"https:\/\/ironsky.pl\/sklep\/#website\"},\"primaryImageOfPage\":{\"@id\":\"https:\/\/ironsky.pl\/sklep\/produkt\/powerbank-ugreen-pb205-25000mah-145w-usb-2xusb-c-szary\/#primaryimage\"},\"image\":{\"@id\":\"https:\/\/ironsky.pl\/sklep\/produkt\/powerbank-ugreen-pb205-25000mah-145w-usb-2xusb-c-szary\/#primaryimage\"},\"thumbnailUrl\":\"https:\/\/ironsky.pl\/sklep\/wp-content\/uploads\/2026\/04\/41418_3.jpg\",\"datePublished\":\"2026-04-15T08:32:41+00:00\",\"dateModified\":\"2026-04-15T08:33:13+00:00\",\"description\":\"Powerbank UGREEN PB205 25000mAh 145W USB 2xUSB-C (szary) - \u2705 sklep z dronami i fachowym doradztwem. \u2705 Tutaj kupisz produkty DJI, Yuneec, Parrot, Syma i wiele innych, a tak\u017ce kursy i licencje na operatora drona.\",\"breadcrumb\":{\"@id\":\"https:\/\/ironsky.pl\/sklep\/produkt\/powerbank-ugreen-pb205-25000mah-145w-usb-2xusb-c-szary\/#breadcrumb\"},\"inLanguage\":\"pl-PL\",\"potentialAction\":[{\"@type\":\"ReadAction\",\"target\":[\"https:\/\/ironsky.pl\/sklep\/produkt\/powerbank-ugreen-pb205-25000mah-145w-usb-2xusb-c-szary\/\"]}]},{\"@type\":\"ImageObject\",\"inLanguage\":\"pl-PL\",\"@id\":\"https:\/\/ironsky.pl\/sklep\/produkt\/powerbank-ugreen-pb205-25000mah-145w-usb-2xusb-c-szary\/#primaryimage\",\"url\":\"https:\/\/ironsky.pl\/sklep\/wp-content\/uploads\/2026\/04\/41418_3.jpg\",\"contentUrl\":\"https:\/\/ironsky.pl\/sklep\/wp-content\/uploads\/2026\/04\/41418_3.jpg\",\"width\":800,\"height\":800},{\"@type\":\"BreadcrumbList\",\"@id\":\"https:\/\/ironsky.pl\/sklep\/produkt\/powerbank-ugreen-pb205-25000mah-145w-usb-2xusb-c-szary\/#breadcrumb\",\"itemListElement\":[{\"@type\":\"ListItem\",\"position\":1,\"name\":\"Strona g\u0142\u00f3wna\",\"item\":\"https:\/\/ironsky.pl\/sklep\/\"},{\"@type\":\"ListItem\",\"position\":2,\"name\":\"Wszystkie produkty\",\"item\":\"https:\/\/ironsky.pl\/sklep\/produkty\/\"},{\"@type\":\"ListItem\",\"position\":3,\"name\":\"Powerbank UGREEN PB205 25000mAh 145W USB 2xUSB-C (szary)\"}]},{\"@type\":\"WebSite\",\"@id\":\"https:\/\/ironsky.pl\/sklep\/#website\",\"url\":\"https:\/\/ironsky.pl\/sklep\/\",\"name\":\"IRONSKY.PL Sklep z Dronami\",\"description\":\"IRONSKY.PL Sklep z Dronami\",\"potentialAction\":[{\"@type\":\"SearchAction\",\"target\":{\"@type\":\"EntryPoint\",\"urlTemplate\":\"https:\/\/ironsky.pl\/sklep\/?s={search_term_string}\"},\"query-input\":{\"@type\":\"PropertyValueSpecification\",\"valueRequired\":true,\"valueName\":\"search_term_string\"}}],\"inLanguage\":\"pl-PL\"}]}<\/script>\n<!-- \/ Yoast SEO plugin. -->","yoast_head_json":{"title":"Powerbank UGREEN PB205 25000mAh 145W USB 2xUSB-C (szary) - IRONSKY.PL Sklep z Dronami","description":"Powerbank UGREEN PB205 25000mAh 145W USB 2xUSB-C (szary) - \u2705 sklep z dronami i fachowym doradztwem. \u2705 Tutaj kupisz produkty DJI, Yuneec, Parrot, Syma i wiele innych, a tak\u017ce kursy i licencje na operatora drona.","robots":{"index":"index","follow":"follow","max-snippet":"max-snippet:-1","max-image-preview":"max-image-preview:large","max-video-preview":"max-video-preview:-1"},"canonical":"https:\/\/ironsky.pl\/sklep\/produkt\/powerbank-ugreen-pb205-25000mah-145w-usb-2xusb-c-szary\/","og_locale":"pl_PL","og_type":"article","og_title":"Powerbank UGREEN PB205 25000mAh 145W USB 2xUSB-C (szary) - IRONSKY.PL Sklep z Dronami","og_description":"Powerbank UGREEN PB205 25000mAh 145W USB 2xUSB-C (szary) - \u2705 sklep z dronami i fachowym doradztwem. \u2705 Tutaj kupisz produkty DJI, Yuneec, Parrot, Syma i wiele innych, a tak\u017ce kursy i licencje na operatora drona.","og_url":"https:\/\/ironsky.pl\/sklep\/produkt\/powerbank-ugreen-pb205-25000mah-145w-usb-2xusb-c-szary\/","og_site_name":"IRONSKY.PL Sklep z Dronami","article_modified_time":"2026-04-15T08:33:13+00:00","og_image":[{"width":800,"height":800,"url":"https:\/\/ironsky.pl\/sklep\/wp-content\/uploads\/2026\/04\/41418_3.jpg","type":"image\/jpeg"}],"twitter_card":"summary_large_image","twitter_misc":{"Szacowany czas czytania":"2 minuty"},"schema":{"@context":"https:\/\/schema.org","@graph":[{"@type":"WebPage","@id":"https:\/\/ironsky.pl\/sklep\/produkt\/powerbank-ugreen-pb205-25000mah-145w-usb-2xusb-c-szary\/","url":"https:\/\/ironsky.pl\/sklep\/produkt\/powerbank-ugreen-pb205-25000mah-145w-usb-2xusb-c-szary\/","name":"Powerbank UGREEN PB205 25000mAh 145W USB 2xUSB-C (szary) - IRONSKY.PL Sklep z Dronami","isPartOf":{"@id":"https:\/\/ironsky.pl\/sklep\/#website"},"primaryImageOfPage":{"@id":"https:\/\/ironsky.pl\/sklep\/produkt\/powerbank-ugreen-pb205-25000mah-145w-usb-2xusb-c-szary\/#primaryimage"},"image":{"@id":"https:\/\/ironsky.pl\/sklep\/produkt\/powerbank-ugreen-pb205-25000mah-145w-usb-2xusb-c-szary\/#primaryimage"},"thumbnailUrl":"https:\/\/ironsky.pl\/sklep\/wp-content\/uploads\/2026\/04\/41418_3.jpg","datePublished":"2026-04-15T08:32:41+00:00","dateModified":"2026-04-15T08:33:13+00:00","description":"Powerbank UGREEN PB205 25000mAh 145W USB 2xUSB-C (szary) - \u2705 sklep z dronami i fachowym doradztwem. \u2705 Tutaj kupisz produkty DJI, Yuneec, Parrot, Syma i wiele innych, a tak\u017ce kursy i licencje na operatora drona.","breadcrumb":{"@id":"https:\/\/ironsky.pl\/sklep\/produkt\/powerbank-ugreen-pb205-25000mah-145w-usb-2xusb-c-szary\/#breadcrumb"},"inLanguage":"pl-PL","potentialAction":[{"@type":"ReadAction","target":["https:\/\/ironsky.pl\/sklep\/produkt\/powerbank-ugreen-pb205-25000mah-145w-usb-2xusb-c-szary\/"]}]},{"@type":"ImageObject","inLanguage":"pl-PL","@id":"https:\/\/ironsky.pl\/sklep\/produkt\/powerbank-ugreen-pb205-25000mah-145w-usb-2xusb-c-szary\/#primaryimage","url":"https:\/\/ironsky.pl\/sklep\/wp-content\/uploads\/2026\/04\/41418_3.jpg","contentUrl":"https:\/\/ironsky.pl\/sklep\/wp-content\/uploads\/2026\/04\/41418_3.jpg","width":800,"height":800},{"@type":"BreadcrumbList","@id":"https:\/\/ironsky.pl\/sklep\/produkt\/powerbank-ugreen-pb205-25000mah-145w-usb-2xusb-c-szary\/#breadcrumb","itemListElement":[{"@type":"ListItem","position":1,"name":"Strona g\u0142\u00f3wna","item":"https:\/\/ironsky.pl\/sklep\/"},{"@type":"ListItem","position":2,"name":"Wszystkie produkty","item":"https:\/\/ironsky.pl\/sklep\/produkty\/"},{"@type":"ListItem","position":3,"name":"Powerbank UGREEN PB205 25000mAh 145W USB 2xUSB-C (szary)"}]},{"@type":"WebSite","@id":"https:\/\/ironsky.pl\/sklep\/#website","url":"https:\/\/ironsky.pl\/sklep\/","name":"IRONSKY.PL Sklep z Dronami","description":"IRONSKY.PL Sklep z Dronami","potentialAction":[{"@type":"SearchAction","target":{"@type":"EntryPoint","urlTemplate":"https:\/\/ironsky.pl\/sklep\/?s={search_term_string}"},"query-input":{"@type":"PropertyValueSpecification","valueRequired":true,"valueName":"search_term_string"}}],"inLanguage":"pl-PL"}]}},"_links":{"self":[{"href":"https:\/\/ironsky.pl\/sklep\/wp-json\/wp\/v2\/product\/58093","targetHints":{"allow":["GET"]}}],"collection":[{"href":"https:\/\/ironsky.pl\/sklep\/wp-json\/wp\/v2\/product"}],"about":[{"href":"https:\/\/ironsky.pl\/sklep\/wp-json\/wp\/v2\/types\/product"}],"replies":[{"embeddable":true,"href":"https:\/\/ironsky.pl\/sklep\/wp-json\/wp\/v2\/comments?post=58093"}],"wp:featuredmedia":[{"embeddable":true,"href":"https:\/\/ironsky.pl\/sklep\/wp-json\/wp\/v2\/media\/58094"}],"wp:attachment":[{"href":"https:\/\/ironsky.pl\/sklep\/wp-json\/wp\/v2\/media?parent=58093"}],"wp:term":[{"taxonomy":"product_brand","embeddable":true,"href":"https:\/\/ironsky.pl\/sklep\/wp-json\/wp\/v2\/product_brand?post=58093"},{"taxonomy":"product_cat","embeddable":true,"href":"https:\/\/ironsky.pl\/sklep\/wp-json\/wp\/v2\/product_cat?post=58093"},{"taxonomy":"product_tag","embeddable":true,"href":"https:\/\/ironsky.pl\/sklep\/wp-json\/wp\/v2\/product_tag?post=58093"}],"curies":[{"name":"wp","href":"https:\/\/api.w.org\/{rel}","templated":true}]}}