{"id":58084,"date":"2026-04-15T10:32:41","date_gmt":"2026-04-15T08:32:41","guid":{"rendered":"https:\/\/ironsky.pl\/sklep\/produkt\/powerbank-ugreen-nexode-pb502-10000mah-30w-usb-usb-c-czarny\/"},"modified":"2026-04-15T10:33:07","modified_gmt":"2026-04-15T08:33:07","slug":"powerbank-ugreen-nexode-pb502-10000mah-30w-usb-usb-c-czarny","status":"publish","type":"product","link":"https:\/\/ironsky.pl\/sklep\/produkt\/powerbank-ugreen-nexode-pb502-10000mah-30w-usb-usb-c-czarny\/","title":{"rendered":"Powerbank UGREEN Nexode PB502 10000mAh 30W USB USB-C (czarny)"},"content":{"rendered":"<h3>Powerbank 10000mAh Ugreen Nexode PB502, USB + USB-C, 30 W PD (czarny)<\/h3>\n<\/p>\n<p>Powerbank PD 30W 10000mAh zapewnia b\u0142yskawiczne \u0142adowanie ze wbudowanymi portami USB-C i USB-A, obs\u0142uguj\u0105cymi PD oraz SCP. Wyr\u00f3\u017cnia si\u0119 niezwyk\u0142\u0105 mobilno\u015bci\u0105 \u2014 jest mniejszy ni\u017c iPhone 15, co umo\u017cliwia \u0142atwe noszenie go w kieszeni. Kompatybilno\u015b\u0107 z wieloma urz\u0105dzeniami zapewnia bezproblemowe zasilanie telefon\u00f3w, tablet\u00f3w i innych urz\u0105dze\u0144. Wyposa\u017cony w szereg zabezpiecze\u0144 umo\u017cliwia bezpieczne odnawianie energii dw\u00f3ch sprz\u0119t\u00f3w jednocze\u015bnie, daj\u0105c Ci pe\u0142n\u0105 swobod\u0119 i efektywno\u015b\u0107 w pracy!\u00a0<\/p>\n<\/p>\n<p>\n<img decoding=\"async\" src=\"https:\/\/assets.innpro.pl\/5386\/6308\/1.jpg\" border=\"0\" \/>\n<\/p>\n<h3>Technologia i bezpiecze\u0144stwo<\/h3>\n<\/p>\n<p>Zaawansowane zabezpieczenia elektroniczne chroni\u0105 przed przegrzewaniem, nadmiernym \u0142adowaniem i kr\u00f3tkimi spi\u0119ciami, co gwarantuje u\u017cytkowanie bez obaw o uszkodzenia. Atesty lotnicze z kolei pozwalaj\u0105 na zabranie powerbanku na pok\u0142ad samolotu, co jest potwierdzeniem jego niezawodno\u015bci w ka\u017cdej sytuacji.<\/p>\n<\/p>\n<p>\n<img decoding=\"async\" src=\"https:\/\/assets.innpro.pl\/5386\/6308\/3.jpg\" border=\"0\" \/>\n<\/p>\n<h3>Funkcjonalny i elegancki<\/h3>\n<\/p>\n<p>Metaliczna obudowa i czytelny wy\u015bwietlacz LED dodaj\u0105 estetyki, jednocze\u015bnie informuj\u0105c o poziomie na\u0142adowania. Dodatkowo specjalny tryb niskiego pr\u0105du pozwala na \u0142adowanie drobniejszych akcesori\u00f3w, jak s\u0142uchawki czy smartbandy. \u0141adowanie dw\u00f3ch urz\u0105dze\u0144 jednocze\u015bnie obni\u017ca konieczno\u015b\u0107 wyboru, kt\u00f3re urz\u0105dzenie ma by\u0107 \u0142adowane w pierwszej kolejno\u015bci. Energia w powerbanku si\u0119 ko\u0144czy? Jej odnowienie zajmie Ci jedynie 2 godziny! Zapomnij o czekaniu i dzia\u0142aj bez zb\u0119dnych przerw!\u00a0<\/p>\n<\/p>\n<p>\n<img decoding=\"async\" src=\"https:\/\/assets.innpro.pl\/5386\/6308\/7.jpg\" border=\"0\" \/>\n<\/p>\n<div class=\"table-wrapper\">\n<p>\u00a0<\/p>\n<h3><\/h3>\n<table>\n<tbody>\n<tr>\n<th>Producent<\/th>\n<td>Ugreen<\/td>\n<\/tr>\n<tr>\n<th>Model<\/th>\n<td>PB502<\/td>\n<\/tr>\n<tr>\n<th>Pojemno\u015b\u0107<\/th>\n<td>10000 mAh<\/td>\n<\/tr>\n<tr>\n<th>Szybkie \u0142adowanie<\/th>\n<td>PD 30 W i SCP 22.5 W<\/td>\n<\/tr>\n<tr>\n<th>Porty<\/th>\n<td>USB-C oraz USB-A<\/td>\n<\/tr>\n<\/tbody>\n<\/table>\n<\/div>\n","protected":false},"excerpt":{"rendered":"<p>Powerbank 10000mAh Ugreen Nexode PB502, USB + USB-C, 30 W PD (czarny) Powerbank PD 30W 10000mAh zapewnia b\u0142yskawiczne \u0142adowanie ze<\/p>\n","protected":false},"featured_media":58085,"comment_status":"closed","ping_status":"open","template":"","meta":{"_acf_changed":false},"product_brand":[],"product_cat":[1108,1113],"product_tag":[],"class_list":{"0":"post-58084","1":"product","2":"type-product","3":"status-publish","4":"has-post-thumbnail","6":"product_cat-energia","7":"product_cat-powerbanki","8":"pa_okres-gwarancji-5757","9":"pa_producent-ugreen","11":"first","12":"outofstock","13":"taxable","14":"shipping-taxable","15":"purchasable","16":"product-type-simple"},"acf":[],"yoast_head":"<!-- This site is optimized with the Yoast SEO plugin v27.2 - https:\/\/yoast.com\/product\/yoast-seo-wordpress\/ -->\n<title>Powerbank UGREEN Nexode PB502 10000mAh 30W USB USB-C (czarny) - IRONSKY.PL Sklep z Dronami<\/title>\n<meta name=\"description\" content=\"Powerbank UGREEN Nexode PB502 10000mAh 30W USB USB-C (czarny) - \u2705 sklep z dronami i fachowym doradztwem. \u2705 Tutaj kupisz produkty DJI, Yuneec, Parrot, Syma i wiele innych, a tak\u017ce kursy i licencje na operatora drona.\" \/>\n<meta name=\"robots\" content=\"index, follow, max-snippet:-1, max-image-preview:large, max-video-preview:-1\" \/>\n<link rel=\"canonical\" href=\"https:\/\/ironsky.pl\/sklep\/produkt\/powerbank-ugreen-nexode-pb502-10000mah-30w-usb-usb-c-czarny\/\" \/>\n<meta property=\"og:locale\" content=\"pl_PL\" \/>\n<meta property=\"og:type\" content=\"article\" \/>\n<meta property=\"og:title\" content=\"Powerbank UGREEN Nexode PB502 10000mAh 30W USB USB-C (czarny) - IRONSKY.PL Sklep z Dronami\" \/>\n<meta property=\"og:description\" content=\"Powerbank UGREEN Nexode PB502 10000mAh 30W USB USB-C (czarny) - \u2705 sklep z dronami i fachowym doradztwem. \u2705 Tutaj kupisz produkty DJI, Yuneec, Parrot, Syma i wiele innych, a tak\u017ce kursy i licencje na operatora drona.\" \/>\n<meta property=\"og:url\" content=\"https:\/\/ironsky.pl\/sklep\/produkt\/powerbank-ugreen-nexode-pb502-10000mah-30w-usb-usb-c-czarny\/\" \/>\n<meta property=\"og:site_name\" content=\"IRONSKY.PL Sklep z Dronami\" \/>\n<meta property=\"article:modified_time\" content=\"2026-04-15T08:33:07+00:00\" \/>\n<meta property=\"og:image\" content=\"https:\/\/ironsky.pl\/sklep\/wp-content\/uploads\/2026\/04\/41415_1.jpg\" \/>\n\t<meta property=\"og:image:width\" content=\"800\" \/>\n\t<meta property=\"og:image:height\" content=\"800\" \/>\n\t<meta property=\"og:image:type\" content=\"image\/jpeg\" \/>\n<meta name=\"twitter:card\" content=\"summary_large_image\" \/>\n<meta name=\"twitter:label1\" content=\"Szacowany czas czytania\" \/>\n\t<meta name=\"twitter:data1\" content=\"1 minuta\" \/>\n<script type=\"application\/ld+json\" class=\"yoast-schema-graph\">{\"@context\":\"https:\/\/schema.org\",\"@graph\":[{\"@type\":\"WebPage\",\"@id\":\"https:\/\/ironsky.pl\/sklep\/produkt\/powerbank-ugreen-nexode-pb502-10000mah-30w-usb-usb-c-czarny\/\",\"url\":\"https:\/\/ironsky.pl\/sklep\/produkt\/powerbank-ugreen-nexode-pb502-10000mah-30w-usb-usb-c-czarny\/\",\"name\":\"Powerbank UGREEN Nexode PB502 10000mAh 30W USB USB-C (czarny) - IRONSKY.PL Sklep z Dronami\",\"isPartOf\":{\"@id\":\"https:\/\/ironsky.pl\/sklep\/#website\"},\"primaryImageOfPage\":{\"@id\":\"https:\/\/ironsky.pl\/sklep\/produkt\/powerbank-ugreen-nexode-pb502-10000mah-30w-usb-usb-c-czarny\/#primaryimage\"},\"image\":{\"@id\":\"https:\/\/ironsky.pl\/sklep\/produkt\/powerbank-ugreen-nexode-pb502-10000mah-30w-usb-usb-c-czarny\/#primaryimage\"},\"thumbnailUrl\":\"https:\/\/ironsky.pl\/sklep\/wp-content\/uploads\/2026\/04\/41415_1.jpg\",\"datePublished\":\"2026-04-15T08:32:41+00:00\",\"dateModified\":\"2026-04-15T08:33:07+00:00\",\"description\":\"Powerbank UGREEN Nexode PB502 10000mAh 30W USB USB-C (czarny) - \u2705 sklep z dronami i fachowym doradztwem. \u2705 Tutaj kupisz produkty DJI, Yuneec, Parrot, Syma i wiele innych, a tak\u017ce kursy i licencje na operatora drona.\",\"breadcrumb\":{\"@id\":\"https:\/\/ironsky.pl\/sklep\/produkt\/powerbank-ugreen-nexode-pb502-10000mah-30w-usb-usb-c-czarny\/#breadcrumb\"},\"inLanguage\":\"pl-PL\",\"potentialAction\":[{\"@type\":\"ReadAction\",\"target\":[\"https:\/\/ironsky.pl\/sklep\/produkt\/powerbank-ugreen-nexode-pb502-10000mah-30w-usb-usb-c-czarny\/\"]}]},{\"@type\":\"ImageObject\",\"inLanguage\":\"pl-PL\",\"@id\":\"https:\/\/ironsky.pl\/sklep\/produkt\/powerbank-ugreen-nexode-pb502-10000mah-30w-usb-usb-c-czarny\/#primaryimage\",\"url\":\"https:\/\/ironsky.pl\/sklep\/wp-content\/uploads\/2026\/04\/41415_1.jpg\",\"contentUrl\":\"https:\/\/ironsky.pl\/sklep\/wp-content\/uploads\/2026\/04\/41415_1.jpg\",\"width\":800,\"height\":800},{\"@type\":\"BreadcrumbList\",\"@id\":\"https:\/\/ironsky.pl\/sklep\/produkt\/powerbank-ugreen-nexode-pb502-10000mah-30w-usb-usb-c-czarny\/#breadcrumb\",\"itemListElement\":[{\"@type\":\"ListItem\",\"position\":1,\"name\":\"Strona g\u0142\u00f3wna\",\"item\":\"https:\/\/ironsky.pl\/sklep\/\"},{\"@type\":\"ListItem\",\"position\":2,\"name\":\"Wszystkie produkty\",\"item\":\"https:\/\/ironsky.pl\/sklep\/produkty\/\"},{\"@type\":\"ListItem\",\"position\":3,\"name\":\"Powerbank UGREEN Nexode PB502 10000mAh 30W USB USB-C (czarny)\"}]},{\"@type\":\"WebSite\",\"@id\":\"https:\/\/ironsky.pl\/sklep\/#website\",\"url\":\"https:\/\/ironsky.pl\/sklep\/\",\"name\":\"IRONSKY.PL Sklep z Dronami\",\"description\":\"IRONSKY.PL Sklep z Dronami\",\"potentialAction\":[{\"@type\":\"SearchAction\",\"target\":{\"@type\":\"EntryPoint\",\"urlTemplate\":\"https:\/\/ironsky.pl\/sklep\/?s={search_term_string}\"},\"query-input\":{\"@type\":\"PropertyValueSpecification\",\"valueRequired\":true,\"valueName\":\"search_term_string\"}}],\"inLanguage\":\"pl-PL\"}]}<\/script>\n<!-- \/ Yoast SEO plugin. -->","yoast_head_json":{"title":"Powerbank UGREEN Nexode PB502 10000mAh 30W USB USB-C (czarny) - IRONSKY.PL Sklep z Dronami","description":"Powerbank UGREEN Nexode PB502 10000mAh 30W USB USB-C (czarny) - \u2705 sklep z dronami i fachowym doradztwem. \u2705 Tutaj kupisz produkty DJI, Yuneec, Parrot, Syma i wiele innych, a tak\u017ce kursy i licencje na operatora drona.","robots":{"index":"index","follow":"follow","max-snippet":"max-snippet:-1","max-image-preview":"max-image-preview:large","max-video-preview":"max-video-preview:-1"},"canonical":"https:\/\/ironsky.pl\/sklep\/produkt\/powerbank-ugreen-nexode-pb502-10000mah-30w-usb-usb-c-czarny\/","og_locale":"pl_PL","og_type":"article","og_title":"Powerbank UGREEN Nexode PB502 10000mAh 30W USB USB-C (czarny) - IRONSKY.PL Sklep z Dronami","og_description":"Powerbank UGREEN Nexode PB502 10000mAh 30W USB USB-C (czarny) - \u2705 sklep z dronami i fachowym doradztwem. \u2705 Tutaj kupisz produkty DJI, Yuneec, Parrot, Syma i wiele innych, a tak\u017ce kursy i licencje na operatora drona.","og_url":"https:\/\/ironsky.pl\/sklep\/produkt\/powerbank-ugreen-nexode-pb502-10000mah-30w-usb-usb-c-czarny\/","og_site_name":"IRONSKY.PL Sklep z Dronami","article_modified_time":"2026-04-15T08:33:07+00:00","og_image":[{"width":800,"height":800,"url":"https:\/\/ironsky.pl\/sklep\/wp-content\/uploads\/2026\/04\/41415_1.jpg","type":"image\/jpeg"}],"twitter_card":"summary_large_image","twitter_misc":{"Szacowany czas czytania":"1 minuta"},"schema":{"@context":"https:\/\/schema.org","@graph":[{"@type":"WebPage","@id":"https:\/\/ironsky.pl\/sklep\/produkt\/powerbank-ugreen-nexode-pb502-10000mah-30w-usb-usb-c-czarny\/","url":"https:\/\/ironsky.pl\/sklep\/produkt\/powerbank-ugreen-nexode-pb502-10000mah-30w-usb-usb-c-czarny\/","name":"Powerbank UGREEN Nexode PB502 10000mAh 30W USB USB-C (czarny) - IRONSKY.PL Sklep z Dronami","isPartOf":{"@id":"https:\/\/ironsky.pl\/sklep\/#website"},"primaryImageOfPage":{"@id":"https:\/\/ironsky.pl\/sklep\/produkt\/powerbank-ugreen-nexode-pb502-10000mah-30w-usb-usb-c-czarny\/#primaryimage"},"image":{"@id":"https:\/\/ironsky.pl\/sklep\/produkt\/powerbank-ugreen-nexode-pb502-10000mah-30w-usb-usb-c-czarny\/#primaryimage"},"thumbnailUrl":"https:\/\/ironsky.pl\/sklep\/wp-content\/uploads\/2026\/04\/41415_1.jpg","datePublished":"2026-04-15T08:32:41+00:00","dateModified":"2026-04-15T08:33:07+00:00","description":"Powerbank UGREEN Nexode PB502 10000mAh 30W USB USB-C (czarny) - \u2705 sklep z dronami i fachowym doradztwem. \u2705 Tutaj kupisz produkty DJI, Yuneec, Parrot, Syma i wiele innych, a tak\u017ce kursy i licencje na operatora drona.","breadcrumb":{"@id":"https:\/\/ironsky.pl\/sklep\/produkt\/powerbank-ugreen-nexode-pb502-10000mah-30w-usb-usb-c-czarny\/#breadcrumb"},"inLanguage":"pl-PL","potentialAction":[{"@type":"ReadAction","target":["https:\/\/ironsky.pl\/sklep\/produkt\/powerbank-ugreen-nexode-pb502-10000mah-30w-usb-usb-c-czarny\/"]}]},{"@type":"ImageObject","inLanguage":"pl-PL","@id":"https:\/\/ironsky.pl\/sklep\/produkt\/powerbank-ugreen-nexode-pb502-10000mah-30w-usb-usb-c-czarny\/#primaryimage","url":"https:\/\/ironsky.pl\/sklep\/wp-content\/uploads\/2026\/04\/41415_1.jpg","contentUrl":"https:\/\/ironsky.pl\/sklep\/wp-content\/uploads\/2026\/04\/41415_1.jpg","width":800,"height":800},{"@type":"BreadcrumbList","@id":"https:\/\/ironsky.pl\/sklep\/produkt\/powerbank-ugreen-nexode-pb502-10000mah-30w-usb-usb-c-czarny\/#breadcrumb","itemListElement":[{"@type":"ListItem","position":1,"name":"Strona g\u0142\u00f3wna","item":"https:\/\/ironsky.pl\/sklep\/"},{"@type":"ListItem","position":2,"name":"Wszystkie produkty","item":"https:\/\/ironsky.pl\/sklep\/produkty\/"},{"@type":"ListItem","position":3,"name":"Powerbank UGREEN Nexode PB502 10000mAh 30W USB USB-C (czarny)"}]},{"@type":"WebSite","@id":"https:\/\/ironsky.pl\/sklep\/#website","url":"https:\/\/ironsky.pl\/sklep\/","name":"IRONSKY.PL Sklep z Dronami","description":"IRONSKY.PL Sklep z Dronami","potentialAction":[{"@type":"SearchAction","target":{"@type":"EntryPoint","urlTemplate":"https:\/\/ironsky.pl\/sklep\/?s={search_term_string}"},"query-input":{"@type":"PropertyValueSpecification","valueRequired":true,"valueName":"search_term_string"}}],"inLanguage":"pl-PL"}]}},"_links":{"self":[{"href":"https:\/\/ironsky.pl\/sklep\/wp-json\/wp\/v2\/product\/58084","targetHints":{"allow":["GET"]}}],"collection":[{"href":"https:\/\/ironsky.pl\/sklep\/wp-json\/wp\/v2\/product"}],"about":[{"href":"https:\/\/ironsky.pl\/sklep\/wp-json\/wp\/v2\/types\/product"}],"replies":[{"embeddable":true,"href":"https:\/\/ironsky.pl\/sklep\/wp-json\/wp\/v2\/comments?post=58084"}],"wp:featuredmedia":[{"embeddable":true,"href":"https:\/\/ironsky.pl\/sklep\/wp-json\/wp\/v2\/media\/58085"}],"wp:attachment":[{"href":"https:\/\/ironsky.pl\/sklep\/wp-json\/wp\/v2\/media?parent=58084"}],"wp:term":[{"taxonomy":"product_brand","embeddable":true,"href":"https:\/\/ironsky.pl\/sklep\/wp-json\/wp\/v2\/product_brand?post=58084"},{"taxonomy":"product_cat","embeddable":true,"href":"https:\/\/ironsky.pl\/sklep\/wp-json\/wp\/v2\/product_cat?post=58084"},{"taxonomy":"product_tag","embeddable":true,"href":"https:\/\/ironsky.pl\/sklep\/wp-json\/wp\/v2\/product_tag?post=58084"}],"curies":[{"name":"wp","href":"https:\/\/api.w.org\/{rel}","templated":true}]}}