{"id":58080,"date":"2026-04-15T10:32:41","date_gmt":"2026-04-15T08:32:41","guid":{"rendered":"https:\/\/ironsky.pl\/sklep\/produkt\/powerbank-ugreen-pb311-10000mah-20w-pd-czarny\/"},"modified":"2026-04-15T10:33:05","modified_gmt":"2026-04-15T08:33:05","slug":"powerbank-ugreen-pb311-10000mah-20w-pd-czarny","status":"publish","type":"product","link":"https:\/\/ironsky.pl\/sklep\/produkt\/powerbank-ugreen-pb311-10000mah-20w-pd-czarny\/","title":{"rendered":"Powerbank UGREEN PB311 10000mAh 20W PD (czarny)"},"content":{"rendered":"<h3>Powerbank 10000mAh Ugreen PB311, USB + USB-C, 20W PD (czarny)<\/h3>\n<\/p>\n<p>W dobie wszechobecnych urz\u0105dze\u0144 mobilnych powerbank sta\u0142 si\u0119 niezb\u0119dnym akcesorium dla ka\u017cdego z nas. Model PB311 od Ugreen oferuje solidn\u0105 pojemno\u015b\u0107 10000mAh, co umo\u017cliwia wielokrotne na\u0142adowanie wi\u0119kszo\u015bci smartfon\u00f3w. Dzi\u0119ki technologii Power Delivery o mocy 20W mo\u017cesz szybko i efektywnie przywr\u00f3ci\u0107 energi\u0119 swoim urz\u0105dzeniom zar\u00f3wno przez port USB-C, jak i USB-A. Dzi\u0119ki lekkiej, minimalistycznej konstrukcji powerbank \u015bwietnie sprawdza si\u0119 na co dzie\u0144 i w podr\u00f3\u017cy.<\/p>\n<\/p>\n<p>\n<img decoding=\"async\" src=\"https:\/\/assets.innpro.pl\/5381\/6303\/1.jpg\" border=\"0\" \/>\n<\/p>\n<h3>Wszechstronne mo\u017cliwo\u015bci \u0142adowania<\/h3>\n<\/p>\n<p>Ugreen PB311 jest wyposa\u017cony w zaawansowane opcje \u0142adowania, umo\u017cliwiaj\u0105ce pod\u0142\u0105czenie r\u00f3\u017cnorodnych urz\u0105dze\u0144 \u2014 bez ogranicze\u0144 w kompatybilno\u015bci. Port USB-C, s\u0142u\u017c\u0105cy zar\u00f3wno do \u0142adowania powerbanku, jak i zasilania innych urz\u0105dze\u0144, obs\u0142uguje napi\u0119cia 5V\/3A, 9V\/2.22A oraz 12V\/1.67A. Z kolei port USB-A z funkcj\u0105 szybkiego \u0142adowania 22.5W pozwala na korzystanie z napi\u0119\u0107 5V\/3A, 9V\/2A, 12V\/1.5A, 4.5V\/5A oraz 5V\/4.5A. Maksymalna \u0142\u0105czna moc wyj\u015bciowa urz\u0105dzenia wynosi 5V\/3A, co oznacza, \u017ce mo\u017cemy jednocze\u015bnie \u0142adowa\u0107 dwa urz\u0105dzenia bez obaw o ich uszkodzenie.<\/p>\n<\/p>\n<p>\n<img decoding=\"async\" src=\"https:\/\/assets.innpro.pl\/5381\/6303\/4.jpg\" border=\"0\" \/>\n<\/p>\n<h3>Technologia i bezpiecze\u0144stwo<\/h3>\n<\/p>\n<p>Wykorzystanie akumulatora Li-Polymer gwarantuje nie tylko d\u0142ug\u0105 \u017cywotno\u015b\u0107 powerbanku, ale tak\u017ce bezpiecze\u0144stwo u\u017cytkowania. Tego typu akumulatory s\u0105 znane z wi\u0119kszej stabilno\u015bci chemicznej i odporno\u015bci na uszkodzenia, co przek\u0142ada si\u0119 na bezpiecze\u0144stwo u\u017cytkownika i urz\u0105dze\u0144. W modelu PB311 Ugreen zastosowa\u0142 sprawdzone rozwi\u0105zania, by zapewni\u0107 niezawodno\u015b\u0107 w ka\u017cdej sytuacji.<\/p>\n<\/p>\n<p>\n<img decoding=\"async\" src=\"https:\/\/assets.innpro.pl\/5381\/6303\/9.jpg\" border=\"0\" \/>\n<\/p>\n<div class=\"table-wrapper\">\n<p>\u00a0<\/p>\n<h3><\/h3>\n<table>\n<tbody>\n<tr>\n<th>Producent<\/th>\n<td>Ugreen<\/td>\n<\/tr>\n<tr>\n<th>Model <\/th>\n<td>PB311<\/td>\n<\/tr>\n<tr>\n<th>Nazwa Produktu<\/th>\n<td>Powerbank PD 10000mAh<\/td>\n<\/tr>\n<tr>\n<th>Akumulator<\/th>\n<td>Li-Polymer<\/td>\n<\/tr>\n<tr>\n<th>Wej\u015bcie USB C (20W)<\/th>\n<td>5V\/3A, 9V\/2.22A, 12V\/1.67A<\/td>\n<\/tr>\n<tr>\n<th>Wyj\u015bcie USB C (20W)<\/th>\n<td>5V\/3A, 9V\/2.22A, 12V\/1.67A<\/td>\n<\/tr>\n<tr>\n<th>Wyj\u015bcie USB A (22.5W)<\/th>\n<td>5V\/3A, 9V\/2A, 12V\/1.5A, 4.5V\/5A, 5V\/4.5A<\/td>\n<\/tr>\n<tr>\n<th>Pojemno\u015b\u0107 akumulatora <\/th>\n<td>10000mAh<\/td>\n<\/tr>\n<\/tbody>\n<\/table>\n<\/div>\n","protected":false},"excerpt":{"rendered":"<p>Powerbank 10000mAh Ugreen PB311, USB + USB-C, 20W PD (czarny) W dobie wszechobecnych urz\u0105dze\u0144 mobilnych powerbank sta\u0142 si\u0119 niezb\u0119dnym akcesorium<\/p>\n","protected":false},"featured_media":58081,"comment_status":"closed","ping_status":"open","template":"","meta":{"_acf_changed":false},"product_brand":[],"product_cat":[1108,1113],"product_tag":[],"class_list":{"0":"post-58080","1":"product","2":"type-product","3":"status-publish","4":"has-post-thumbnail","6":"product_cat-energia","7":"product_cat-powerbanki","8":"pa_okres-gwarancji-5757","9":"pa_producent-ugreen","11":"first","12":"outofstock","13":"taxable","14":"shipping-taxable","15":"purchasable","16":"product-type-simple"},"acf":[],"yoast_head":"<!-- This site is optimized with the Yoast SEO plugin v27.2 - https:\/\/yoast.com\/product\/yoast-seo-wordpress\/ -->\n<title>Powerbank UGREEN PB311 10000mAh 20W PD (czarny) - IRONSKY.PL Sklep z Dronami<\/title>\n<meta name=\"description\" content=\"Powerbank UGREEN PB311 10000mAh 20W PD (czarny) - \u2705 sklep z dronami i fachowym doradztwem. \u2705 Tutaj kupisz produkty DJI, Yuneec, Parrot, Syma i wiele innych, a tak\u017ce kursy i licencje na operatora drona.\" \/>\n<meta name=\"robots\" content=\"index, follow, max-snippet:-1, max-image-preview:large, max-video-preview:-1\" \/>\n<link rel=\"canonical\" href=\"https:\/\/ironsky.pl\/sklep\/produkt\/powerbank-ugreen-pb311-10000mah-20w-pd-czarny\/\" \/>\n<meta property=\"og:locale\" content=\"pl_PL\" \/>\n<meta property=\"og:type\" content=\"article\" \/>\n<meta property=\"og:title\" content=\"Powerbank UGREEN PB311 10000mAh 20W PD (czarny) - IRONSKY.PL Sklep z Dronami\" \/>\n<meta property=\"og:description\" content=\"Powerbank UGREEN PB311 10000mAh 20W PD (czarny) - \u2705 sklep z dronami i fachowym doradztwem. \u2705 Tutaj kupisz produkty DJI, Yuneec, Parrot, Syma i wiele innych, a tak\u017ce kursy i licencje na operatora drona.\" \/>\n<meta property=\"og:url\" content=\"https:\/\/ironsky.pl\/sklep\/produkt\/powerbank-ugreen-pb311-10000mah-20w-pd-czarny\/\" \/>\n<meta property=\"og:site_name\" content=\"IRONSKY.PL Sklep z Dronami\" \/>\n<meta property=\"article:modified_time\" content=\"2026-04-15T08:33:05+00:00\" \/>\n<meta property=\"og:image\" content=\"https:\/\/ironsky.pl\/sklep\/wp-content\/uploads\/2026\/04\/41414_3.jpg\" \/>\n\t<meta property=\"og:image:width\" content=\"800\" \/>\n\t<meta property=\"og:image:height\" content=\"800\" \/>\n\t<meta property=\"og:image:type\" content=\"image\/jpeg\" \/>\n<meta name=\"twitter:card\" content=\"summary_large_image\" \/>\n<meta name=\"twitter:label1\" content=\"Szacowany czas czytania\" \/>\n\t<meta name=\"twitter:data1\" content=\"2 minuty\" \/>\n<script type=\"application\/ld+json\" class=\"yoast-schema-graph\">{\"@context\":\"https:\/\/schema.org\",\"@graph\":[{\"@type\":\"WebPage\",\"@id\":\"https:\/\/ironsky.pl\/sklep\/produkt\/powerbank-ugreen-pb311-10000mah-20w-pd-czarny\/\",\"url\":\"https:\/\/ironsky.pl\/sklep\/produkt\/powerbank-ugreen-pb311-10000mah-20w-pd-czarny\/\",\"name\":\"Powerbank UGREEN PB311 10000mAh 20W PD (czarny) - IRONSKY.PL Sklep z Dronami\",\"isPartOf\":{\"@id\":\"https:\/\/ironsky.pl\/sklep\/#website\"},\"primaryImageOfPage\":{\"@id\":\"https:\/\/ironsky.pl\/sklep\/produkt\/powerbank-ugreen-pb311-10000mah-20w-pd-czarny\/#primaryimage\"},\"image\":{\"@id\":\"https:\/\/ironsky.pl\/sklep\/produkt\/powerbank-ugreen-pb311-10000mah-20w-pd-czarny\/#primaryimage\"},\"thumbnailUrl\":\"https:\/\/ironsky.pl\/sklep\/wp-content\/uploads\/2026\/04\/41414_3.jpg\",\"datePublished\":\"2026-04-15T08:32:41+00:00\",\"dateModified\":\"2026-04-15T08:33:05+00:00\",\"description\":\"Powerbank UGREEN PB311 10000mAh 20W PD (czarny) - \u2705 sklep z dronami i fachowym doradztwem. \u2705 Tutaj kupisz produkty DJI, Yuneec, Parrot, Syma i wiele innych, a tak\u017ce kursy i licencje na operatora drona.\",\"breadcrumb\":{\"@id\":\"https:\/\/ironsky.pl\/sklep\/produkt\/powerbank-ugreen-pb311-10000mah-20w-pd-czarny\/#breadcrumb\"},\"inLanguage\":\"pl-PL\",\"potentialAction\":[{\"@type\":\"ReadAction\",\"target\":[\"https:\/\/ironsky.pl\/sklep\/produkt\/powerbank-ugreen-pb311-10000mah-20w-pd-czarny\/\"]}]},{\"@type\":\"ImageObject\",\"inLanguage\":\"pl-PL\",\"@id\":\"https:\/\/ironsky.pl\/sklep\/produkt\/powerbank-ugreen-pb311-10000mah-20w-pd-czarny\/#primaryimage\",\"url\":\"https:\/\/ironsky.pl\/sklep\/wp-content\/uploads\/2026\/04\/41414_3.jpg\",\"contentUrl\":\"https:\/\/ironsky.pl\/sklep\/wp-content\/uploads\/2026\/04\/41414_3.jpg\",\"width\":800,\"height\":800},{\"@type\":\"BreadcrumbList\",\"@id\":\"https:\/\/ironsky.pl\/sklep\/produkt\/powerbank-ugreen-pb311-10000mah-20w-pd-czarny\/#breadcrumb\",\"itemListElement\":[{\"@type\":\"ListItem\",\"position\":1,\"name\":\"Strona g\u0142\u00f3wna\",\"item\":\"https:\/\/ironsky.pl\/sklep\/\"},{\"@type\":\"ListItem\",\"position\":2,\"name\":\"Wszystkie produkty\",\"item\":\"https:\/\/ironsky.pl\/sklep\/produkty\/\"},{\"@type\":\"ListItem\",\"position\":3,\"name\":\"Powerbank UGREEN PB311 10000mAh 20W PD (czarny)\"}]},{\"@type\":\"WebSite\",\"@id\":\"https:\/\/ironsky.pl\/sklep\/#website\",\"url\":\"https:\/\/ironsky.pl\/sklep\/\",\"name\":\"IRONSKY.PL Sklep z Dronami\",\"description\":\"IRONSKY.PL Sklep z Dronami\",\"potentialAction\":[{\"@type\":\"SearchAction\",\"target\":{\"@type\":\"EntryPoint\",\"urlTemplate\":\"https:\/\/ironsky.pl\/sklep\/?s={search_term_string}\"},\"query-input\":{\"@type\":\"PropertyValueSpecification\",\"valueRequired\":true,\"valueName\":\"search_term_string\"}}],\"inLanguage\":\"pl-PL\"}]}<\/script>\n<!-- \/ Yoast SEO plugin. -->","yoast_head_json":{"title":"Powerbank UGREEN PB311 10000mAh 20W PD (czarny) - IRONSKY.PL Sklep z Dronami","description":"Powerbank UGREEN PB311 10000mAh 20W PD (czarny) - \u2705 sklep z dronami i fachowym doradztwem. \u2705 Tutaj kupisz produkty DJI, Yuneec, Parrot, Syma i wiele innych, a tak\u017ce kursy i licencje na operatora drona.","robots":{"index":"index","follow":"follow","max-snippet":"max-snippet:-1","max-image-preview":"max-image-preview:large","max-video-preview":"max-video-preview:-1"},"canonical":"https:\/\/ironsky.pl\/sklep\/produkt\/powerbank-ugreen-pb311-10000mah-20w-pd-czarny\/","og_locale":"pl_PL","og_type":"article","og_title":"Powerbank UGREEN PB311 10000mAh 20W PD (czarny) - IRONSKY.PL Sklep z Dronami","og_description":"Powerbank UGREEN PB311 10000mAh 20W PD (czarny) - \u2705 sklep z dronami i fachowym doradztwem. \u2705 Tutaj kupisz produkty DJI, Yuneec, Parrot, Syma i wiele innych, a tak\u017ce kursy i licencje na operatora drona.","og_url":"https:\/\/ironsky.pl\/sklep\/produkt\/powerbank-ugreen-pb311-10000mah-20w-pd-czarny\/","og_site_name":"IRONSKY.PL Sklep z Dronami","article_modified_time":"2026-04-15T08:33:05+00:00","og_image":[{"width":800,"height":800,"url":"https:\/\/ironsky.pl\/sklep\/wp-content\/uploads\/2026\/04\/41414_3.jpg","type":"image\/jpeg"}],"twitter_card":"summary_large_image","twitter_misc":{"Szacowany czas czytania":"2 minuty"},"schema":{"@context":"https:\/\/schema.org","@graph":[{"@type":"WebPage","@id":"https:\/\/ironsky.pl\/sklep\/produkt\/powerbank-ugreen-pb311-10000mah-20w-pd-czarny\/","url":"https:\/\/ironsky.pl\/sklep\/produkt\/powerbank-ugreen-pb311-10000mah-20w-pd-czarny\/","name":"Powerbank UGREEN PB311 10000mAh 20W PD (czarny) - IRONSKY.PL Sklep z Dronami","isPartOf":{"@id":"https:\/\/ironsky.pl\/sklep\/#website"},"primaryImageOfPage":{"@id":"https:\/\/ironsky.pl\/sklep\/produkt\/powerbank-ugreen-pb311-10000mah-20w-pd-czarny\/#primaryimage"},"image":{"@id":"https:\/\/ironsky.pl\/sklep\/produkt\/powerbank-ugreen-pb311-10000mah-20w-pd-czarny\/#primaryimage"},"thumbnailUrl":"https:\/\/ironsky.pl\/sklep\/wp-content\/uploads\/2026\/04\/41414_3.jpg","datePublished":"2026-04-15T08:32:41+00:00","dateModified":"2026-04-15T08:33:05+00:00","description":"Powerbank UGREEN PB311 10000mAh 20W PD (czarny) - \u2705 sklep z dronami i fachowym doradztwem. \u2705 Tutaj kupisz produkty DJI, Yuneec, Parrot, Syma i wiele innych, a tak\u017ce kursy i licencje na operatora drona.","breadcrumb":{"@id":"https:\/\/ironsky.pl\/sklep\/produkt\/powerbank-ugreen-pb311-10000mah-20w-pd-czarny\/#breadcrumb"},"inLanguage":"pl-PL","potentialAction":[{"@type":"ReadAction","target":["https:\/\/ironsky.pl\/sklep\/produkt\/powerbank-ugreen-pb311-10000mah-20w-pd-czarny\/"]}]},{"@type":"ImageObject","inLanguage":"pl-PL","@id":"https:\/\/ironsky.pl\/sklep\/produkt\/powerbank-ugreen-pb311-10000mah-20w-pd-czarny\/#primaryimage","url":"https:\/\/ironsky.pl\/sklep\/wp-content\/uploads\/2026\/04\/41414_3.jpg","contentUrl":"https:\/\/ironsky.pl\/sklep\/wp-content\/uploads\/2026\/04\/41414_3.jpg","width":800,"height":800},{"@type":"BreadcrumbList","@id":"https:\/\/ironsky.pl\/sklep\/produkt\/powerbank-ugreen-pb311-10000mah-20w-pd-czarny\/#breadcrumb","itemListElement":[{"@type":"ListItem","position":1,"name":"Strona g\u0142\u00f3wna","item":"https:\/\/ironsky.pl\/sklep\/"},{"@type":"ListItem","position":2,"name":"Wszystkie produkty","item":"https:\/\/ironsky.pl\/sklep\/produkty\/"},{"@type":"ListItem","position":3,"name":"Powerbank UGREEN PB311 10000mAh 20W PD (czarny)"}]},{"@type":"WebSite","@id":"https:\/\/ironsky.pl\/sklep\/#website","url":"https:\/\/ironsky.pl\/sklep\/","name":"IRONSKY.PL Sklep z Dronami","description":"IRONSKY.PL Sklep z Dronami","potentialAction":[{"@type":"SearchAction","target":{"@type":"EntryPoint","urlTemplate":"https:\/\/ironsky.pl\/sklep\/?s={search_term_string}"},"query-input":{"@type":"PropertyValueSpecification","valueRequired":true,"valueName":"search_term_string"}}],"inLanguage":"pl-PL"}]}},"_links":{"self":[{"href":"https:\/\/ironsky.pl\/sklep\/wp-json\/wp\/v2\/product\/58080","targetHints":{"allow":["GET"]}}],"collection":[{"href":"https:\/\/ironsky.pl\/sklep\/wp-json\/wp\/v2\/product"}],"about":[{"href":"https:\/\/ironsky.pl\/sklep\/wp-json\/wp\/v2\/types\/product"}],"replies":[{"embeddable":true,"href":"https:\/\/ironsky.pl\/sklep\/wp-json\/wp\/v2\/comments?post=58080"}],"wp:featuredmedia":[{"embeddable":true,"href":"https:\/\/ironsky.pl\/sklep\/wp-json\/wp\/v2\/media\/58081"}],"wp:attachment":[{"href":"https:\/\/ironsky.pl\/sklep\/wp-json\/wp\/v2\/media?parent=58080"}],"wp:term":[{"taxonomy":"product_brand","embeddable":true,"href":"https:\/\/ironsky.pl\/sklep\/wp-json\/wp\/v2\/product_brand?post=58080"},{"taxonomy":"product_cat","embeddable":true,"href":"https:\/\/ironsky.pl\/sklep\/wp-json\/wp\/v2\/product_cat?post=58080"},{"taxonomy":"product_tag","embeddable":true,"href":"https:\/\/ironsky.pl\/sklep\/wp-json\/wp\/v2\/product_tag?post=58080"}],"curies":[{"name":"wp","href":"https:\/\/api.w.org\/{rel}","templated":true}]}}