{"id":58070,"date":"2026-04-15T10:32:41","date_gmt":"2026-04-15T08:32:41","guid":{"rendered":"https:\/\/ironsky.pl\/sklep\/produkt\/adapter-puluz-pu649b-usb-c-lightning-otg\/"},"modified":"2026-04-15T10:32:57","modified_gmt":"2026-04-15T08:32:57","slug":"adapter-puluz-pu649b-usb-c-lightning-otg","status":"publish","type":"product","link":"https:\/\/ironsky.pl\/sklep\/produkt\/adapter-puluz-pu649b-usb-c-lightning-otg\/","title":{"rendered":"Adapter PULUZ PU649B USB-C-Lightning OTG"},"content":{"rendered":"<h3>Adapter OTG USB-C to Lightning Puluz PU649B<\/h3>\n<\/p>\n<p>Adapter USB-C do Lightning marki Puluz sprawdzi si\u0119 w wielu zastosowaniach. Za jego pomoc\u0105 mo\u017cesz na przyk\u0142ad pod\u0142\u0105czy\u0107 do iPhone\u2019a kontroler do gier, dysk USB, odbiornik mikrofonu i nie tylko! Urz\u0105dzenie jest bardzo lekkie i kompaktowe, a ponadto wyr\u00f3\u017cnia si\u0119 szerok\u0105 kompatybilno\u015bci\u0105. Wspiera te\u017c funkcj\u0119 OTG.<\/p>\n<\/p>\n<p>\n<img decoding=\"async\" src=\"https:\/\/assets.innpro.pl\/4865\/5628\/5.jpg\" border=\"0\" \/>\n<\/p>\n<h3>Zawsze pod r\u0119k\u0105<\/h3>\n<\/p>\n<p>Chcesz zabra\u0107 adapter do pracy, na uczelni\u0119 lub na wakacje? \u017baden problem \u2013 urz\u0105dzenie jest niesamowicie kompaktowe. Jego wymiary to tylko oko\u0142o 3 x 1,5 cm \u2013 z \u0142atwo\u015bci\u0105 znajdziesz dla niego miejsce w torbie na laptopa, w kieszeni, a nawet w portfelu. Mo\u017cesz wi\u0119c mie\u0107 je zawsze przy sobie!<\/p>\n<\/p>\n<p>\n<img decoding=\"async\" src=\"https:\/\/assets.innpro.pl\/4865\/5628\/6.jpg\" border=\"0\" \/>\n<\/p>\n<h3>Szeroka kompatybilno\u015b\u0107<\/h3>\n<\/p>\n<p>Adapter zosta\u0142 wyposa\u017cony w 8-pinowe z\u0142\u0105cze, dzi\u0119ki czemu jest kompatybilny z wi\u0119kszo\u015bci\u0105 modeli iPhone\u2019\u00f3w i iPad\u00f3w. Z kolei jego port USB-C umo\u017cliwia bezproblemowe pod\u0142\u0105czenie dysku przeno\u015bnego, myszy, klawiatury, kontrolera do gier i wielu innych urz\u0105dze\u0144. Dzi\u0119ki temu zapewnisz sobie wi\u0119ksz\u0105 wygod\u0119 podczas rozgrywki, szybko skopiujesz potrzebne pliki lub zrobisz notatki na studia!<\/p>\n<\/p>\n<p>\n<img decoding=\"async\" src=\"https:\/\/assets.innpro.pl\/4865\/5628\/4.jpg\" border=\"0\" \/>\n<\/p>\n<div class=\"table-wrapper\">\n<p>\u00a0<\/p>\n<h3><\/h3>\n<table>\n<tbody>\n<tr>\n<th>Producent<\/th>\n<td>Puluz<\/td>\n<\/tr>\n<tr>\n<th>Model<\/th>\n<td>PU649B<\/td>\n<\/tr>\n<tr>\n<th>Wej\u015bcie<\/th>\n<td>USB-C<\/td>\n<\/tr>\n<tr>\n<th>Wyj\u015bcie<\/th>\n<td>Lightning (8-pin)<\/td>\n<\/tr>\n<tr>\n<th>Wymiary<\/th>\n<td>1,5 x 3 cm<\/td>\n<\/tr>\n<\/tbody>\n<\/table>\n<\/div>\n","protected":false},"excerpt":{"rendered":"<p>Adapter OTG USB-C to Lightning Puluz PU649B Adapter USB-C do Lightning marki Puluz sprawdzi si\u0119 w wielu zastosowaniach. Za jego<\/p>\n","protected":false},"featured_media":58071,"comment_status":"closed","ping_status":"open","template":"","meta":{"_acf_changed":false},"product_brand":[],"product_cat":[1130,1128,1150],"product_tag":[],"class_list":{"0":"post-58070","1":"product","2":"type-product","3":"status-publish","4":"has-post-thumbnail","6":"product_cat-akcesoria-foto","7":"product_cat-foto-wideo","8":"product_cat-pozostale","9":"pa_okres-gwarancji-5754","10":"pa_producent-puluz","12":"first","13":"outofstock","14":"taxable","15":"shipping-taxable","16":"purchasable","17":"product-type-simple"},"acf":[],"yoast_head":"<!-- This site is optimized with the Yoast SEO plugin v27.2 - https:\/\/yoast.com\/product\/yoast-seo-wordpress\/ -->\n<title>Adapter PULUZ PU649B USB-C-Lightning OTG - IRONSKY.PL Sklep z Dronami<\/title>\n<meta name=\"description\" content=\"Adapter PULUZ PU649B USB-C-Lightning OTG - \u2705 sklep z dronami i fachowym doradztwem. \u2705 Tutaj kupisz produkty DJI, Yuneec, Parrot, Syma i wiele innych, a tak\u017ce kursy i licencje na operatora drona.\" \/>\n<meta name=\"robots\" content=\"index, follow, max-snippet:-1, max-image-preview:large, max-video-preview:-1\" \/>\n<link rel=\"canonical\" href=\"https:\/\/ironsky.pl\/sklep\/produkt\/adapter-puluz-pu649b-usb-c-lightning-otg\/\" \/>\n<meta property=\"og:locale\" content=\"pl_PL\" \/>\n<meta property=\"og:type\" content=\"article\" \/>\n<meta property=\"og:title\" content=\"Adapter PULUZ PU649B USB-C-Lightning OTG - IRONSKY.PL Sklep z Dronami\" \/>\n<meta property=\"og:description\" content=\"Adapter PULUZ PU649B USB-C-Lightning OTG - \u2705 sklep z dronami i fachowym doradztwem. \u2705 Tutaj kupisz produkty DJI, Yuneec, Parrot, Syma i wiele innych, a tak\u017ce kursy i licencje na operatora drona.\" \/>\n<meta property=\"og:url\" content=\"https:\/\/ironsky.pl\/sklep\/produkt\/adapter-puluz-pu649b-usb-c-lightning-otg\/\" \/>\n<meta property=\"og:site_name\" content=\"IRONSKY.PL Sklep z Dronami\" \/>\n<meta property=\"article:modified_time\" content=\"2026-04-15T08:32:57+00:00\" \/>\n<meta property=\"og:image\" content=\"https:\/\/ironsky.pl\/sklep\/wp-content\/uploads\/2026\/04\/41404_1.jpg\" \/>\n\t<meta property=\"og:image:width\" content=\"800\" \/>\n\t<meta property=\"og:image:height\" content=\"800\" \/>\n\t<meta property=\"og:image:type\" content=\"image\/jpeg\" \/>\n<meta name=\"twitter:card\" content=\"summary_large_image\" \/>\n<meta name=\"twitter:label1\" content=\"Szacowany czas czytania\" \/>\n\t<meta name=\"twitter:data1\" content=\"1 minuta\" \/>\n<script type=\"application\/ld+json\" class=\"yoast-schema-graph\">{\"@context\":\"https:\/\/schema.org\",\"@graph\":[{\"@type\":\"WebPage\",\"@id\":\"https:\/\/ironsky.pl\/sklep\/produkt\/adapter-puluz-pu649b-usb-c-lightning-otg\/\",\"url\":\"https:\/\/ironsky.pl\/sklep\/produkt\/adapter-puluz-pu649b-usb-c-lightning-otg\/\",\"name\":\"Adapter PULUZ PU649B USB-C-Lightning OTG - IRONSKY.PL Sklep z Dronami\",\"isPartOf\":{\"@id\":\"https:\/\/ironsky.pl\/sklep\/#website\"},\"primaryImageOfPage\":{\"@id\":\"https:\/\/ironsky.pl\/sklep\/produkt\/adapter-puluz-pu649b-usb-c-lightning-otg\/#primaryimage\"},\"image\":{\"@id\":\"https:\/\/ironsky.pl\/sklep\/produkt\/adapter-puluz-pu649b-usb-c-lightning-otg\/#primaryimage\"},\"thumbnailUrl\":\"https:\/\/ironsky.pl\/sklep\/wp-content\/uploads\/2026\/04\/41404_1.jpg\",\"datePublished\":\"2026-04-15T08:32:41+00:00\",\"dateModified\":\"2026-04-15T08:32:57+00:00\",\"description\":\"Adapter PULUZ PU649B USB-C-Lightning OTG - \u2705 sklep z dronami i fachowym doradztwem. \u2705 Tutaj kupisz produkty DJI, Yuneec, Parrot, Syma i wiele innych, a tak\u017ce kursy i licencje na operatora drona.\",\"breadcrumb\":{\"@id\":\"https:\/\/ironsky.pl\/sklep\/produkt\/adapter-puluz-pu649b-usb-c-lightning-otg\/#breadcrumb\"},\"inLanguage\":\"pl-PL\",\"potentialAction\":[{\"@type\":\"ReadAction\",\"target\":[\"https:\/\/ironsky.pl\/sklep\/produkt\/adapter-puluz-pu649b-usb-c-lightning-otg\/\"]}]},{\"@type\":\"ImageObject\",\"inLanguage\":\"pl-PL\",\"@id\":\"https:\/\/ironsky.pl\/sklep\/produkt\/adapter-puluz-pu649b-usb-c-lightning-otg\/#primaryimage\",\"url\":\"https:\/\/ironsky.pl\/sklep\/wp-content\/uploads\/2026\/04\/41404_1.jpg\",\"contentUrl\":\"https:\/\/ironsky.pl\/sklep\/wp-content\/uploads\/2026\/04\/41404_1.jpg\",\"width\":800,\"height\":800},{\"@type\":\"BreadcrumbList\",\"@id\":\"https:\/\/ironsky.pl\/sklep\/produkt\/adapter-puluz-pu649b-usb-c-lightning-otg\/#breadcrumb\",\"itemListElement\":[{\"@type\":\"ListItem\",\"position\":1,\"name\":\"Strona g\u0142\u00f3wna\",\"item\":\"https:\/\/ironsky.pl\/sklep\/\"},{\"@type\":\"ListItem\",\"position\":2,\"name\":\"Wszystkie produkty\",\"item\":\"https:\/\/ironsky.pl\/sklep\/produkty\/\"},{\"@type\":\"ListItem\",\"position\":3,\"name\":\"Adapter PULUZ PU649B USB-C-Lightning OTG\"}]},{\"@type\":\"WebSite\",\"@id\":\"https:\/\/ironsky.pl\/sklep\/#website\",\"url\":\"https:\/\/ironsky.pl\/sklep\/\",\"name\":\"IRONSKY.PL Sklep z Dronami\",\"description\":\"IRONSKY.PL Sklep z Dronami\",\"potentialAction\":[{\"@type\":\"SearchAction\",\"target\":{\"@type\":\"EntryPoint\",\"urlTemplate\":\"https:\/\/ironsky.pl\/sklep\/?s={search_term_string}\"},\"query-input\":{\"@type\":\"PropertyValueSpecification\",\"valueRequired\":true,\"valueName\":\"search_term_string\"}}],\"inLanguage\":\"pl-PL\"}]}<\/script>\n<!-- \/ Yoast SEO plugin. -->","yoast_head_json":{"title":"Adapter PULUZ PU649B USB-C-Lightning OTG - IRONSKY.PL Sklep z Dronami","description":"Adapter PULUZ PU649B USB-C-Lightning OTG - \u2705 sklep z dronami i fachowym doradztwem. \u2705 Tutaj kupisz produkty DJI, Yuneec, Parrot, Syma i wiele innych, a tak\u017ce kursy i licencje na operatora drona.","robots":{"index":"index","follow":"follow","max-snippet":"max-snippet:-1","max-image-preview":"max-image-preview:large","max-video-preview":"max-video-preview:-1"},"canonical":"https:\/\/ironsky.pl\/sklep\/produkt\/adapter-puluz-pu649b-usb-c-lightning-otg\/","og_locale":"pl_PL","og_type":"article","og_title":"Adapter PULUZ PU649B USB-C-Lightning OTG - IRONSKY.PL Sklep z Dronami","og_description":"Adapter PULUZ PU649B USB-C-Lightning OTG - \u2705 sklep z dronami i fachowym doradztwem. \u2705 Tutaj kupisz produkty DJI, Yuneec, Parrot, Syma i wiele innych, a tak\u017ce kursy i licencje na operatora drona.","og_url":"https:\/\/ironsky.pl\/sklep\/produkt\/adapter-puluz-pu649b-usb-c-lightning-otg\/","og_site_name":"IRONSKY.PL Sklep z Dronami","article_modified_time":"2026-04-15T08:32:57+00:00","og_image":[{"width":800,"height":800,"url":"https:\/\/ironsky.pl\/sklep\/wp-content\/uploads\/2026\/04\/41404_1.jpg","type":"image\/jpeg"}],"twitter_card":"summary_large_image","twitter_misc":{"Szacowany czas czytania":"1 minuta"},"schema":{"@context":"https:\/\/schema.org","@graph":[{"@type":"WebPage","@id":"https:\/\/ironsky.pl\/sklep\/produkt\/adapter-puluz-pu649b-usb-c-lightning-otg\/","url":"https:\/\/ironsky.pl\/sklep\/produkt\/adapter-puluz-pu649b-usb-c-lightning-otg\/","name":"Adapter PULUZ PU649B USB-C-Lightning OTG - IRONSKY.PL Sklep z Dronami","isPartOf":{"@id":"https:\/\/ironsky.pl\/sklep\/#website"},"primaryImageOfPage":{"@id":"https:\/\/ironsky.pl\/sklep\/produkt\/adapter-puluz-pu649b-usb-c-lightning-otg\/#primaryimage"},"image":{"@id":"https:\/\/ironsky.pl\/sklep\/produkt\/adapter-puluz-pu649b-usb-c-lightning-otg\/#primaryimage"},"thumbnailUrl":"https:\/\/ironsky.pl\/sklep\/wp-content\/uploads\/2026\/04\/41404_1.jpg","datePublished":"2026-04-15T08:32:41+00:00","dateModified":"2026-04-15T08:32:57+00:00","description":"Adapter PULUZ PU649B USB-C-Lightning OTG - \u2705 sklep z dronami i fachowym doradztwem. \u2705 Tutaj kupisz produkty DJI, Yuneec, Parrot, Syma i wiele innych, a tak\u017ce kursy i licencje na operatora drona.","breadcrumb":{"@id":"https:\/\/ironsky.pl\/sklep\/produkt\/adapter-puluz-pu649b-usb-c-lightning-otg\/#breadcrumb"},"inLanguage":"pl-PL","potentialAction":[{"@type":"ReadAction","target":["https:\/\/ironsky.pl\/sklep\/produkt\/adapter-puluz-pu649b-usb-c-lightning-otg\/"]}]},{"@type":"ImageObject","inLanguage":"pl-PL","@id":"https:\/\/ironsky.pl\/sklep\/produkt\/adapter-puluz-pu649b-usb-c-lightning-otg\/#primaryimage","url":"https:\/\/ironsky.pl\/sklep\/wp-content\/uploads\/2026\/04\/41404_1.jpg","contentUrl":"https:\/\/ironsky.pl\/sklep\/wp-content\/uploads\/2026\/04\/41404_1.jpg","width":800,"height":800},{"@type":"BreadcrumbList","@id":"https:\/\/ironsky.pl\/sklep\/produkt\/adapter-puluz-pu649b-usb-c-lightning-otg\/#breadcrumb","itemListElement":[{"@type":"ListItem","position":1,"name":"Strona g\u0142\u00f3wna","item":"https:\/\/ironsky.pl\/sklep\/"},{"@type":"ListItem","position":2,"name":"Wszystkie produkty","item":"https:\/\/ironsky.pl\/sklep\/produkty\/"},{"@type":"ListItem","position":3,"name":"Adapter PULUZ PU649B USB-C-Lightning OTG"}]},{"@type":"WebSite","@id":"https:\/\/ironsky.pl\/sklep\/#website","url":"https:\/\/ironsky.pl\/sklep\/","name":"IRONSKY.PL Sklep z Dronami","description":"IRONSKY.PL Sklep z Dronami","potentialAction":[{"@type":"SearchAction","target":{"@type":"EntryPoint","urlTemplate":"https:\/\/ironsky.pl\/sklep\/?s={search_term_string}"},"query-input":{"@type":"PropertyValueSpecification","valueRequired":true,"valueName":"search_term_string"}}],"inLanguage":"pl-PL"}]}},"_links":{"self":[{"href":"https:\/\/ironsky.pl\/sklep\/wp-json\/wp\/v2\/product\/58070","targetHints":{"allow":["GET"]}}],"collection":[{"href":"https:\/\/ironsky.pl\/sklep\/wp-json\/wp\/v2\/product"}],"about":[{"href":"https:\/\/ironsky.pl\/sklep\/wp-json\/wp\/v2\/types\/product"}],"replies":[{"embeddable":true,"href":"https:\/\/ironsky.pl\/sklep\/wp-json\/wp\/v2\/comments?post=58070"}],"wp:featuredmedia":[{"embeddable":true,"href":"https:\/\/ironsky.pl\/sklep\/wp-json\/wp\/v2\/media\/58071"}],"wp:attachment":[{"href":"https:\/\/ironsky.pl\/sklep\/wp-json\/wp\/v2\/media?parent=58070"}],"wp:term":[{"taxonomy":"product_brand","embeddable":true,"href":"https:\/\/ironsky.pl\/sklep\/wp-json\/wp\/v2\/product_brand?post=58070"},{"taxonomy":"product_cat","embeddable":true,"href":"https:\/\/ironsky.pl\/sklep\/wp-json\/wp\/v2\/product_cat?post=58070"},{"taxonomy":"product_tag","embeddable":true,"href":"https:\/\/ironsky.pl\/sklep\/wp-json\/wp\/v2\/product_tag?post=58070"}],"curies":[{"name":"wp","href":"https:\/\/api.w.org\/{rel}","templated":true}]}}