{"id":58053,"date":"2026-04-15T10:32:41","date_gmt":"2026-04-15T08:32:41","guid":{"rendered":"https:\/\/ironsky.pl\/sklep\/produkt\/etui-ochronne-sunnylife-do-insta360-one-x2-x3\/"},"modified":"2026-04-15T10:32:47","modified_gmt":"2026-04-15T08:32:47","slug":"etui-ochronne-sunnylife-do-insta360-one-x2-x3","status":"publish","type":"product","link":"https:\/\/ironsky.pl\/sklep\/produkt\/etui-ochronne-sunnylife-do-insta360-one-x2-x3\/","title":{"rendered":"Etui ochronne SUNNYLIFE do Insta360 ONE X2\/X3"},"content":{"rendered":"<h3>Etui ochronne Sunnylife do Insta360 ONE X2 \/ X3 (IST-B193)<\/h3>\n<p>Etui ochronne Sunnylife IST-B193 jest specjalnie zaprojektowanym akcesorium, dedykowanym do kamer Insta360 ONE X2 \/ X3 oraz dedykowanych akcesori\u00f3w. Jego g\u0142\u00f3wnym zadaniem jest zapewnienie optymalnej ochrony sprz\u0119tu, co jest kluczowe dla zachowania jego funkcjonalno\u015bci i estetyki na d\u0142ugi czas.<\/p>\n<p>\n<img decoding=\"async\" src=\"https:\/\/assets.innpro.pl\/4816\/5571\/1a (1).jpg\" border=\"0\" alt=\"\" \/>\n<\/p>\n<h3>Trwa\u0142a konstrukcja<\/h3>\n<p>Produkt wa\u017cy zaledwie 463 g i ma wymiary 320 \u00d7 180 \u00d7 69 mm, co czyni go wygodnym w transporcie i przechowywaniu. Wykonanie z trwa\u0142ych materia\u0142\u00f3w gwarantuje wytrzyma\u0142o\u015b\u0107 na zu\u017cycie oraz odporno\u015b\u0107 na zewn\u0119trzne czynniki, takie jak zarysowania czy niewielkie uderzenia. Wn\u0119trze etui wy\u015bcie\u0142ane jest mi\u0119kkim bawe\u0142nianym materia\u0142em, co dodatkowo zabezpiecza kamer\u0119 Insta360 ONE X2 \/ X3 oraz dedykowane akcesoria przed uszkodzeniem.<\/p>\n<p>\n<img decoding=\"async\" src=\"https:\/\/assets.innpro.pl\/4816\/5571\/1a (3).jpg\" border=\"0\" alt=\"\" \/>\n<\/p>\n<h3>Funkcjonalno\u015b\u0107 i dopasowanie<\/h3>\n<p>Specjalnie zaprojektowane wn\u0119trze etui, z wyt\u0142oczeniami zapewnia stabilno\u015b\u0107 sprz\u0119tu i ochron\u0119 przed przypadkowymi wstrz\u0105sami. Dodatkowo etui posiada wewn\u0119trzn\u0105 kieszonk\u0119 na zamek, kt\u00f3ra jest idealna do przechowywania np. kabli lub kart pami\u0119ci, a specjalna przegr\u00f3dka oddziela mniejsze akcesoria od kamery i wi\u0119kszych element\u00f3w. To nie tylko zwi\u0119ksza u\u017cyteczno\u015b\u0107 etui, ale r\u00f3wnie\u017c pomaga w utrzymaniu porz\u0105dku i organizacji Twoich akcesori\u00f3w.<\/p>\n<p>\n<img decoding=\"async\" src=\"https:\/\/assets.innpro.pl\/4816\/5571\/1a (2).jpg\" border=\"0\" alt=\"\" \/>\n<\/p>\n<div class=\"table-wrapper\">\n<p>\u00a0<\/p>\n<h3><\/h3>\n<table>\n<tbody>\n<tr>\n<th>Producent <\/th>\n<td>Sunnylife<\/td>\n<\/tr>\n<tr>\n<th>Model<\/th>\n<td>IST-B193<\/td>\n<\/tr>\n<tr>\n<th>Waga <\/th>\n<td>463 g<\/td>\n<\/tr>\n<tr>\n<th>Wymiary <\/th>\n<td>325 \u00d7 185 \u00d7 69 mm<\/td>\n<\/tr>\n<tr>\n<th>Materia\u0142 <\/th>\n<td>Tkanina<\/td>\n<\/tr>\n<tr>\n<th>Kompatybilno\u015b\u0107<\/th>\n<td>Insta360 ONE X2 \/ X3<\/td>\n<\/tr>\n<\/tbody>\n<\/table>\n<\/div>\n","protected":false},"excerpt":{"rendered":"<p>Etui ochronne Sunnylife do Insta360 ONE X2 \/ X3 (IST-B193) Etui ochronne Sunnylife IST-B193 jest specjalnie zaprojektowanym akcesorium, dedykowanym do<\/p>\n","protected":false},"featured_media":58054,"comment_status":"closed","ping_status":"open","template":"","meta":{"_acf_changed":false},"product_brand":[],"product_cat":[1130,1137,1128],"product_tag":[],"class_list":{"0":"post-58053","1":"product","2":"type-product","3":"status-publish","4":"has-post-thumbnail","6":"product_cat-akcesoria-foto","7":"product_cat-do-kamer-sportowych","8":"product_cat-foto-wideo","9":"pa_okres-gwarancji-5754","10":"pa_producent-sunnylife","12":"first","13":"outofstock","14":"taxable","15":"shipping-taxable","16":"purchasable","17":"product-type-simple"},"acf":[],"yoast_head":"<!-- This site is optimized with the Yoast SEO plugin v27.2 - https:\/\/yoast.com\/product\/yoast-seo-wordpress\/ -->\n<title>Etui ochronne SUNNYLIFE do Insta360 ONE X2\/X3 - IRONSKY.PL Sklep z Dronami<\/title>\n<meta name=\"description\" content=\"Etui ochronne SUNNYLIFE do Insta360 ONE X2\/X3 - \u2705 sklep z dronami i fachowym doradztwem. \u2705 Tutaj kupisz produkty DJI, Yuneec, Parrot, Syma i wiele innych, a tak\u017ce kursy i licencje na operatora drona.\" \/>\n<meta name=\"robots\" content=\"index, follow, max-snippet:-1, max-image-preview:large, max-video-preview:-1\" \/>\n<link rel=\"canonical\" href=\"https:\/\/ironsky.pl\/sklep\/produkt\/etui-ochronne-sunnylife-do-insta360-one-x2-x3\/\" \/>\n<meta property=\"og:locale\" content=\"pl_PL\" \/>\n<meta property=\"og:type\" content=\"article\" \/>\n<meta property=\"og:title\" content=\"Etui ochronne SUNNYLIFE do Insta360 ONE X2\/X3 - IRONSKY.PL Sklep z Dronami\" \/>\n<meta property=\"og:description\" content=\"Etui ochronne SUNNYLIFE do Insta360 ONE X2\/X3 - \u2705 sklep z dronami i fachowym doradztwem. \u2705 Tutaj kupisz produkty DJI, Yuneec, Parrot, Syma i wiele innych, a tak\u017ce kursy i licencje na operatora drona.\" \/>\n<meta property=\"og:url\" content=\"https:\/\/ironsky.pl\/sklep\/produkt\/etui-ochronne-sunnylife-do-insta360-one-x2-x3\/\" \/>\n<meta property=\"og:site_name\" content=\"IRONSKY.PL Sklep z Dronami\" \/>\n<meta property=\"article:modified_time\" content=\"2026-04-15T08:32:47+00:00\" \/>\n<meta property=\"og:image\" content=\"https:\/\/ironsky.pl\/sklep\/wp-content\/uploads\/2026\/04\/41366_1.jpg\" \/>\n\t<meta property=\"og:image:width\" content=\"800\" \/>\n\t<meta property=\"og:image:height\" content=\"800\" \/>\n\t<meta property=\"og:image:type\" content=\"image\/jpeg\" \/>\n<meta name=\"twitter:card\" content=\"summary_large_image\" \/>\n<meta name=\"twitter:label1\" content=\"Szacowany czas czytania\" \/>\n\t<meta name=\"twitter:data1\" content=\"1 minuta\" \/>\n<script type=\"application\/ld+json\" class=\"yoast-schema-graph\">{\"@context\":\"https:\/\/schema.org\",\"@graph\":[{\"@type\":\"WebPage\",\"@id\":\"https:\/\/ironsky.pl\/sklep\/produkt\/etui-ochronne-sunnylife-do-insta360-one-x2-x3\/\",\"url\":\"https:\/\/ironsky.pl\/sklep\/produkt\/etui-ochronne-sunnylife-do-insta360-one-x2-x3\/\",\"name\":\"Etui ochronne SUNNYLIFE do Insta360 ONE X2\/X3 - IRONSKY.PL Sklep z Dronami\",\"isPartOf\":{\"@id\":\"https:\/\/ironsky.pl\/sklep\/#website\"},\"primaryImageOfPage\":{\"@id\":\"https:\/\/ironsky.pl\/sklep\/produkt\/etui-ochronne-sunnylife-do-insta360-one-x2-x3\/#primaryimage\"},\"image\":{\"@id\":\"https:\/\/ironsky.pl\/sklep\/produkt\/etui-ochronne-sunnylife-do-insta360-one-x2-x3\/#primaryimage\"},\"thumbnailUrl\":\"https:\/\/ironsky.pl\/sklep\/wp-content\/uploads\/2026\/04\/41366_1.jpg\",\"datePublished\":\"2026-04-15T08:32:41+00:00\",\"dateModified\":\"2026-04-15T08:32:47+00:00\",\"description\":\"Etui ochronne SUNNYLIFE do Insta360 ONE X2\/X3 - \u2705 sklep z dronami i fachowym doradztwem. \u2705 Tutaj kupisz produkty DJI, Yuneec, Parrot, Syma i wiele innych, a tak\u017ce kursy i licencje na operatora drona.\",\"breadcrumb\":{\"@id\":\"https:\/\/ironsky.pl\/sklep\/produkt\/etui-ochronne-sunnylife-do-insta360-one-x2-x3\/#breadcrumb\"},\"inLanguage\":\"pl-PL\",\"potentialAction\":[{\"@type\":\"ReadAction\",\"target\":[\"https:\/\/ironsky.pl\/sklep\/produkt\/etui-ochronne-sunnylife-do-insta360-one-x2-x3\/\"]}]},{\"@type\":\"ImageObject\",\"inLanguage\":\"pl-PL\",\"@id\":\"https:\/\/ironsky.pl\/sklep\/produkt\/etui-ochronne-sunnylife-do-insta360-one-x2-x3\/#primaryimage\",\"url\":\"https:\/\/ironsky.pl\/sklep\/wp-content\/uploads\/2026\/04\/41366_1.jpg\",\"contentUrl\":\"https:\/\/ironsky.pl\/sklep\/wp-content\/uploads\/2026\/04\/41366_1.jpg\",\"width\":800,\"height\":800},{\"@type\":\"BreadcrumbList\",\"@id\":\"https:\/\/ironsky.pl\/sklep\/produkt\/etui-ochronne-sunnylife-do-insta360-one-x2-x3\/#breadcrumb\",\"itemListElement\":[{\"@type\":\"ListItem\",\"position\":1,\"name\":\"Strona g\u0142\u00f3wna\",\"item\":\"https:\/\/ironsky.pl\/sklep\/\"},{\"@type\":\"ListItem\",\"position\":2,\"name\":\"Wszystkie produkty\",\"item\":\"https:\/\/ironsky.pl\/sklep\/produkty\/\"},{\"@type\":\"ListItem\",\"position\":3,\"name\":\"Etui ochronne SUNNYLIFE do Insta360 ONE X2\/X3\"}]},{\"@type\":\"WebSite\",\"@id\":\"https:\/\/ironsky.pl\/sklep\/#website\",\"url\":\"https:\/\/ironsky.pl\/sklep\/\",\"name\":\"IRONSKY.PL Sklep z Dronami\",\"description\":\"IRONSKY.PL Sklep z Dronami\",\"potentialAction\":[{\"@type\":\"SearchAction\",\"target\":{\"@type\":\"EntryPoint\",\"urlTemplate\":\"https:\/\/ironsky.pl\/sklep\/?s={search_term_string}\"},\"query-input\":{\"@type\":\"PropertyValueSpecification\",\"valueRequired\":true,\"valueName\":\"search_term_string\"}}],\"inLanguage\":\"pl-PL\"}]}<\/script>\n<!-- \/ Yoast SEO plugin. -->","yoast_head_json":{"title":"Etui ochronne SUNNYLIFE do Insta360 ONE X2\/X3 - IRONSKY.PL Sklep z Dronami","description":"Etui ochronne SUNNYLIFE do Insta360 ONE X2\/X3 - \u2705 sklep z dronami i fachowym doradztwem. \u2705 Tutaj kupisz produkty DJI, Yuneec, Parrot, Syma i wiele innych, a tak\u017ce kursy i licencje na operatora drona.","robots":{"index":"index","follow":"follow","max-snippet":"max-snippet:-1","max-image-preview":"max-image-preview:large","max-video-preview":"max-video-preview:-1"},"canonical":"https:\/\/ironsky.pl\/sklep\/produkt\/etui-ochronne-sunnylife-do-insta360-one-x2-x3\/","og_locale":"pl_PL","og_type":"article","og_title":"Etui ochronne SUNNYLIFE do Insta360 ONE X2\/X3 - IRONSKY.PL Sklep z Dronami","og_description":"Etui ochronne SUNNYLIFE do Insta360 ONE X2\/X3 - \u2705 sklep z dronami i fachowym doradztwem. \u2705 Tutaj kupisz produkty DJI, Yuneec, Parrot, Syma i wiele innych, a tak\u017ce kursy i licencje na operatora drona.","og_url":"https:\/\/ironsky.pl\/sklep\/produkt\/etui-ochronne-sunnylife-do-insta360-one-x2-x3\/","og_site_name":"IRONSKY.PL Sklep z Dronami","article_modified_time":"2026-04-15T08:32:47+00:00","og_image":[{"width":800,"height":800,"url":"https:\/\/ironsky.pl\/sklep\/wp-content\/uploads\/2026\/04\/41366_1.jpg","type":"image\/jpeg"}],"twitter_card":"summary_large_image","twitter_misc":{"Szacowany czas czytania":"1 minuta"},"schema":{"@context":"https:\/\/schema.org","@graph":[{"@type":"WebPage","@id":"https:\/\/ironsky.pl\/sklep\/produkt\/etui-ochronne-sunnylife-do-insta360-one-x2-x3\/","url":"https:\/\/ironsky.pl\/sklep\/produkt\/etui-ochronne-sunnylife-do-insta360-one-x2-x3\/","name":"Etui ochronne SUNNYLIFE do Insta360 ONE X2\/X3 - IRONSKY.PL Sklep z Dronami","isPartOf":{"@id":"https:\/\/ironsky.pl\/sklep\/#website"},"primaryImageOfPage":{"@id":"https:\/\/ironsky.pl\/sklep\/produkt\/etui-ochronne-sunnylife-do-insta360-one-x2-x3\/#primaryimage"},"image":{"@id":"https:\/\/ironsky.pl\/sklep\/produkt\/etui-ochronne-sunnylife-do-insta360-one-x2-x3\/#primaryimage"},"thumbnailUrl":"https:\/\/ironsky.pl\/sklep\/wp-content\/uploads\/2026\/04\/41366_1.jpg","datePublished":"2026-04-15T08:32:41+00:00","dateModified":"2026-04-15T08:32:47+00:00","description":"Etui ochronne SUNNYLIFE do Insta360 ONE X2\/X3 - \u2705 sklep z dronami i fachowym doradztwem. \u2705 Tutaj kupisz produkty DJI, Yuneec, Parrot, Syma i wiele innych, a tak\u017ce kursy i licencje na operatora drona.","breadcrumb":{"@id":"https:\/\/ironsky.pl\/sklep\/produkt\/etui-ochronne-sunnylife-do-insta360-one-x2-x3\/#breadcrumb"},"inLanguage":"pl-PL","potentialAction":[{"@type":"ReadAction","target":["https:\/\/ironsky.pl\/sklep\/produkt\/etui-ochronne-sunnylife-do-insta360-one-x2-x3\/"]}]},{"@type":"ImageObject","inLanguage":"pl-PL","@id":"https:\/\/ironsky.pl\/sklep\/produkt\/etui-ochronne-sunnylife-do-insta360-one-x2-x3\/#primaryimage","url":"https:\/\/ironsky.pl\/sklep\/wp-content\/uploads\/2026\/04\/41366_1.jpg","contentUrl":"https:\/\/ironsky.pl\/sklep\/wp-content\/uploads\/2026\/04\/41366_1.jpg","width":800,"height":800},{"@type":"BreadcrumbList","@id":"https:\/\/ironsky.pl\/sklep\/produkt\/etui-ochronne-sunnylife-do-insta360-one-x2-x3\/#breadcrumb","itemListElement":[{"@type":"ListItem","position":1,"name":"Strona g\u0142\u00f3wna","item":"https:\/\/ironsky.pl\/sklep\/"},{"@type":"ListItem","position":2,"name":"Wszystkie produkty","item":"https:\/\/ironsky.pl\/sklep\/produkty\/"},{"@type":"ListItem","position":3,"name":"Etui ochronne SUNNYLIFE do Insta360 ONE X2\/X3"}]},{"@type":"WebSite","@id":"https:\/\/ironsky.pl\/sklep\/#website","url":"https:\/\/ironsky.pl\/sklep\/","name":"IRONSKY.PL Sklep z Dronami","description":"IRONSKY.PL Sklep z Dronami","potentialAction":[{"@type":"SearchAction","target":{"@type":"EntryPoint","urlTemplate":"https:\/\/ironsky.pl\/sklep\/?s={search_term_string}"},"query-input":{"@type":"PropertyValueSpecification","valueRequired":true,"valueName":"search_term_string"}}],"inLanguage":"pl-PL"}]}},"_links":{"self":[{"href":"https:\/\/ironsky.pl\/sklep\/wp-json\/wp\/v2\/product\/58053","targetHints":{"allow":["GET"]}}],"collection":[{"href":"https:\/\/ironsky.pl\/sklep\/wp-json\/wp\/v2\/product"}],"about":[{"href":"https:\/\/ironsky.pl\/sklep\/wp-json\/wp\/v2\/types\/product"}],"replies":[{"embeddable":true,"href":"https:\/\/ironsky.pl\/sklep\/wp-json\/wp\/v2\/comments?post=58053"}],"wp:featuredmedia":[{"embeddable":true,"href":"https:\/\/ironsky.pl\/sklep\/wp-json\/wp\/v2\/media\/58054"}],"wp:attachment":[{"href":"https:\/\/ironsky.pl\/sklep\/wp-json\/wp\/v2\/media?parent=58053"}],"wp:term":[{"taxonomy":"product_brand","embeddable":true,"href":"https:\/\/ironsky.pl\/sklep\/wp-json\/wp\/v2\/product_brand?post=58053"},{"taxonomy":"product_cat","embeddable":true,"href":"https:\/\/ironsky.pl\/sklep\/wp-json\/wp\/v2\/product_cat?post=58053"},{"taxonomy":"product_tag","embeddable":true,"href":"https:\/\/ironsky.pl\/sklep\/wp-json\/wp\/v2\/product_tag?post=58053"}],"curies":[{"name":"wp","href":"https:\/\/api.w.org\/{rel}","templated":true}]}}