{"id":58049,"date":"2026-04-15T10:32:41","date_gmt":"2026-04-15T08:32:41","guid":{"rendered":"https:\/\/ironsky.pl\/sklep\/produkt\/adapter-ochronny-puluz-do-osmo-pocket-3\/"},"modified":"2026-04-15T10:32:44","modified_gmt":"2026-04-15T08:32:44","slug":"adapter-ochronny-puluz-do-osmo-pocket-3","status":"publish","type":"product","link":"https:\/\/ironsky.pl\/sklep\/produkt\/adapter-ochronny-puluz-do-osmo-pocket-3\/","title":{"rendered":"Adapter ochronny PULUZ do Osmo Pocket 3"},"content":{"rendered":"<h3>Ochronny adapter rozszerzaj\u0105cy PULUZ do OSMO Pocket 3<\/h3>\n<\/p>\n<p>Odkryj adapter ochronny do Osmo Pocket 3, kt\u00f3ry \u0142\u0105czy w sobie wytrzyma\u0142o\u015b\u0107, prostot\u0119 u\u017cytkowania i wszechstronno\u015b\u0107. Wykonany z trwa\u0142ego materia\u0142u ABS, nie tylko chroni urz\u0105dzenie przed uszkodzeniami mechanicznymi, ale r\u00f3wnie\u017c oferuje \u0142atwy monta\u017c i demonta\u017c. Dzi\u0119ki dw\u00f3m otworom typu \u201dcold shoe\u201d oraz otworowi na \u015brub\u0119 \u00bc-cala Twoja kamera staje si\u0119 kompatybilna z r\u00f3\u017cnorodnymi akcesoriami, takimi jak dodatkowe o\u015bwietlenie czy mikrofony. Co wi\u0119cej, umo\u017cliwia r\u00f3wnie\u017c adaptacj\u0119 do statyw\u00f3w, uchwyt\u00f3w i selfie stick\u00f3w. Zosta\u0142 zaprojektowany, by przekszta\u0142ca\u0107 si\u0119 w r\u00f3\u017cne formy uchwyt\u00f3w, zwi\u0119kszaj\u0105c tym samym funkcjonalno\u015b\u0107 i dostosowanie do Twoich potrzeb.<\/p>\n<\/p>\n<p>\n<img decoding=\"async\" src=\"https:\/\/assets.innpro.pl\/4632\/5361\/1.jpg\" border=\"0\" \/>\n<\/p>\n<h3>Trwa\u0142a konstrukcja z ABS<\/h3>\n<\/p>\n<p>Adapter ochronny Puluz zosta\u0142 stworzony z my\u015bl\u0105 o d\u0142ugotrwa\u0142ym u\u017cytkowaniu. Wykonany z wysokiej jako\u015bci materia\u0142u ABS wyr\u00f3\u017cnia si\u0119 trwa\u0142o\u015bci\u0105 i odporno\u015bci\u0105 na codzienne zu\u017cycie, zapewniaj\u0105c niezawodn\u0105 ochron\u0119 Twojego urz\u0105dzenia. Zosta\u0142 skonstruowany w taki spos\u00f3b, by w \u017caden spos\u00f3b nie zak\u0142\u00f3ca\u0107 pracy kamery, co sprawia, \u017ce bez przeszk\u00f3d mo\u017cesz korzysta\u0107 ze wszystkich jej funkcji.<\/p>\n<\/p>\n<p>\n<img decoding=\"async\" src=\"https:\/\/assets.innpro.pl\/4632\/5361\/4.jpg\" border=\"0\" \/>\n<\/p>\n<h3>Prosta instalacja<\/h3>\n<\/p>\n<p>Zapomnij o skomplikowanych procesach monta\u017cu i skup si\u0119 na tworzeniu! Adapter ochronny Puluz umo\u017cliwia b\u0142yskawiczne i intuicyjne umieszczenie kamery Osmo Pocket 3, co pozwala na bezproblemow\u0105 instalacj\u0119 oraz demonta\u017c, gdy tylko zajdzie taka potrzeba. Dzi\u0119ki temu Twoja kamera jest zawsze gotowa do akcji, a Ty zyskujesz wi\u0119cej czasu na \u0142apanie niezapomnianych chwil!<\/p>\n<\/p>\n<p>\n<img decoding=\"async\" src=\"https:\/\/assets.innpro.pl\/4632\/5361\/2.jpg\" border=\"0\" \/>\n<\/p>\n<h3>Funkcjonalno\u015b\u0107 i kompatybilno\u015b\u0107<\/h3>\n<\/p>\n<p>Adapter PULUZ otwiera przed Tob\u0105 drzwi do nowych mo\u017cliwo\u015bci, wyposa\u017caj\u0105c Twoj\u0105 kamer\u0119 Osmo Pocket 3 w dodatkowe otwory typu &#8222;cold shoe&#8221; dla akcesori\u00f3w, takich jak o\u015bwietlenie czy mikrofony, oraz 1\/4-calowy otw\u00f3r na \u015brub\u0119, umo\u017cliwiaj\u0105cy \u0142atwe po\u0142\u0105czenie z r\u00f3\u017cnymi akcesoriami. Dostosowuj swoje urz\u0105dzenie do statyw\u00f3w, uchwyt\u00f3w, selfie stick\u00f3w, a nawet do klips\u00f3w i uchwyt\u00f3w specjalistycznych \u2013 z adapterem PULUZ Twoja kamera staje si\u0119 tak wszechstronna, jak tylko potrzebujesz!<\/p>\n<\/p>\n<p>\n<img decoding=\"async\" src=\"https:\/\/assets.innpro.pl\/4632\/5361\/6.jpg\" border=\"0\" \/>\n<\/p>\n<h3><\/h3>\n<p>Prosta ramka x 1<\/p>\n<p>Ruchoma podstawa x 1<\/p>\n<p>Kr\u00f3tka \u015bruba x 1<\/p>\n<div class=\"table-wrapper\">\n<p>\u00a0<\/p>\n<h3><\/h3>\n<table>\n<tbody>\n<tr>\n<th>Producent<\/th>\n<td>Puluz<\/td>\n<\/tr>\n<tr>\n<th>Model<\/th>\n<td>PU899B<\/td>\n<\/tr>\n<tr>\n<th>Materia\u0142<\/th>\n<td>ABS<\/td>\n<\/tr>\n<tr>\n<th>Kompatybilno\u015b\u0107<\/th>\n<td>DJI Osmo Pocket 3<\/td>\n<\/tr>\n<\/tbody>\n<\/table>\n<\/div>\n","protected":false},"excerpt":{"rendered":"<p>Ochronny adapter rozszerzaj\u0105cy PULUZ do OSMO Pocket 3 Odkryj adapter ochronny do Osmo Pocket 3, kt\u00f3ry \u0142\u0105czy w sobie wytrzyma\u0142o\u015b\u0107,<\/p>\n","protected":false},"featured_media":58050,"comment_status":"closed","ping_status":"open","template":"","meta":{"_acf_changed":false},"product_brand":[],"product_cat":[6198,1128,6178,6176,6177,1138],"product_tag":[],"class_list":{"0":"post-58049","1":"product","2":"type-product","3":"status-publish","4":"has-post-thumbnail","6":"product_cat-adaptery-i-przejsciowki","7":"product_cat-foto-wideo","8":"product_cat-mocowania","9":"product_cat-selfie-stiki","10":"product_cat-statywy-selfie-stiki","11":"product_cat-wysiegniki","12":"pa_okres-gwarancji-5754","13":"pa_producent-puluz","15":"first","16":"instock","17":"taxable","18":"shipping-taxable","19":"purchasable","20":"product-type-simple"},"acf":[],"yoast_head":"<!-- This site is optimized with the Yoast SEO plugin v27.2 - https:\/\/yoast.com\/product\/yoast-seo-wordpress\/ -->\n<title>Adapter ochronny PULUZ do Osmo Pocket 3 - IRONSKY.PL Sklep z Dronami<\/title>\n<meta name=\"description\" content=\"Adapter ochronny PULUZ do Osmo Pocket 3 - \u2705 sklep z dronami i fachowym doradztwem. \u2705 Tutaj kupisz produkty DJI, Yuneec, Parrot, Syma i wiele innych, a tak\u017ce kursy i licencje na operatora drona.\" \/>\n<meta name=\"robots\" content=\"index, follow, max-snippet:-1, max-image-preview:large, max-video-preview:-1\" \/>\n<link rel=\"canonical\" href=\"https:\/\/ironsky.pl\/sklep\/produkt\/adapter-ochronny-puluz-do-osmo-pocket-3\/\" \/>\n<meta property=\"og:locale\" content=\"pl_PL\" \/>\n<meta property=\"og:type\" content=\"article\" \/>\n<meta property=\"og:title\" content=\"Adapter ochronny PULUZ do Osmo Pocket 3 - IRONSKY.PL Sklep z Dronami\" \/>\n<meta property=\"og:description\" content=\"Adapter ochronny PULUZ do Osmo Pocket 3 - \u2705 sklep z dronami i fachowym doradztwem. \u2705 Tutaj kupisz produkty DJI, Yuneec, Parrot, Syma i wiele innych, a tak\u017ce kursy i licencje na operatora drona.\" \/>\n<meta property=\"og:url\" content=\"https:\/\/ironsky.pl\/sklep\/produkt\/adapter-ochronny-puluz-do-osmo-pocket-3\/\" \/>\n<meta property=\"og:site_name\" content=\"IRONSKY.PL Sklep z Dronami\" \/>\n<meta property=\"article:modified_time\" content=\"2026-04-15T08:32:44+00:00\" \/>\n<meta property=\"og:image\" content=\"https:\/\/ironsky.pl\/sklep\/wp-content\/uploads\/2026\/04\/41280_1.jpg\" \/>\n\t<meta property=\"og:image:width\" content=\"800\" \/>\n\t<meta property=\"og:image:height\" content=\"799\" \/>\n\t<meta property=\"og:image:type\" content=\"image\/jpeg\" \/>\n<meta name=\"twitter:card\" content=\"summary_large_image\" \/>\n<meta name=\"twitter:label1\" content=\"Szacowany czas czytania\" \/>\n\t<meta name=\"twitter:data1\" content=\"2 minuty\" \/>\n<script type=\"application\/ld+json\" class=\"yoast-schema-graph\">{\"@context\":\"https:\/\/schema.org\",\"@graph\":[{\"@type\":\"WebPage\",\"@id\":\"https:\/\/ironsky.pl\/sklep\/produkt\/adapter-ochronny-puluz-do-osmo-pocket-3\/\",\"url\":\"https:\/\/ironsky.pl\/sklep\/produkt\/adapter-ochronny-puluz-do-osmo-pocket-3\/\",\"name\":\"Adapter ochronny PULUZ do Osmo Pocket 3 - IRONSKY.PL Sklep z Dronami\",\"isPartOf\":{\"@id\":\"https:\/\/ironsky.pl\/sklep\/#website\"},\"primaryImageOfPage\":{\"@id\":\"https:\/\/ironsky.pl\/sklep\/produkt\/adapter-ochronny-puluz-do-osmo-pocket-3\/#primaryimage\"},\"image\":{\"@id\":\"https:\/\/ironsky.pl\/sklep\/produkt\/adapter-ochronny-puluz-do-osmo-pocket-3\/#primaryimage\"},\"thumbnailUrl\":\"https:\/\/ironsky.pl\/sklep\/wp-content\/uploads\/2026\/04\/41280_1.jpg\",\"datePublished\":\"2026-04-15T08:32:41+00:00\",\"dateModified\":\"2026-04-15T08:32:44+00:00\",\"description\":\"Adapter ochronny PULUZ do Osmo Pocket 3 - \u2705 sklep z dronami i fachowym doradztwem. \u2705 Tutaj kupisz produkty DJI, Yuneec, Parrot, Syma i wiele innych, a tak\u017ce kursy i licencje na operatora drona.\",\"breadcrumb\":{\"@id\":\"https:\/\/ironsky.pl\/sklep\/produkt\/adapter-ochronny-puluz-do-osmo-pocket-3\/#breadcrumb\"},\"inLanguage\":\"pl-PL\",\"potentialAction\":[{\"@type\":\"ReadAction\",\"target\":[\"https:\/\/ironsky.pl\/sklep\/produkt\/adapter-ochronny-puluz-do-osmo-pocket-3\/\"]}]},{\"@type\":\"ImageObject\",\"inLanguage\":\"pl-PL\",\"@id\":\"https:\/\/ironsky.pl\/sklep\/produkt\/adapter-ochronny-puluz-do-osmo-pocket-3\/#primaryimage\",\"url\":\"https:\/\/ironsky.pl\/sklep\/wp-content\/uploads\/2026\/04\/41280_1.jpg\",\"contentUrl\":\"https:\/\/ironsky.pl\/sklep\/wp-content\/uploads\/2026\/04\/41280_1.jpg\",\"width\":800,\"height\":799},{\"@type\":\"BreadcrumbList\",\"@id\":\"https:\/\/ironsky.pl\/sklep\/produkt\/adapter-ochronny-puluz-do-osmo-pocket-3\/#breadcrumb\",\"itemListElement\":[{\"@type\":\"ListItem\",\"position\":1,\"name\":\"Strona g\u0142\u00f3wna\",\"item\":\"https:\/\/ironsky.pl\/sklep\/\"},{\"@type\":\"ListItem\",\"position\":2,\"name\":\"Wszystkie produkty\",\"item\":\"https:\/\/ironsky.pl\/sklep\/produkty\/\"},{\"@type\":\"ListItem\",\"position\":3,\"name\":\"Adapter ochronny PULUZ do Osmo Pocket 3\"}]},{\"@type\":\"WebSite\",\"@id\":\"https:\/\/ironsky.pl\/sklep\/#website\",\"url\":\"https:\/\/ironsky.pl\/sklep\/\",\"name\":\"IRONSKY.PL Sklep z Dronami\",\"description\":\"IRONSKY.PL Sklep z Dronami\",\"potentialAction\":[{\"@type\":\"SearchAction\",\"target\":{\"@type\":\"EntryPoint\",\"urlTemplate\":\"https:\/\/ironsky.pl\/sklep\/?s={search_term_string}\"},\"query-input\":{\"@type\":\"PropertyValueSpecification\",\"valueRequired\":true,\"valueName\":\"search_term_string\"}}],\"inLanguage\":\"pl-PL\"}]}<\/script>\n<!-- \/ Yoast SEO plugin. -->","yoast_head_json":{"title":"Adapter ochronny PULUZ do Osmo Pocket 3 - IRONSKY.PL Sklep z Dronami","description":"Adapter ochronny PULUZ do Osmo Pocket 3 - \u2705 sklep z dronami i fachowym doradztwem. \u2705 Tutaj kupisz produkty DJI, Yuneec, Parrot, Syma i wiele innych, a tak\u017ce kursy i licencje na operatora drona.","robots":{"index":"index","follow":"follow","max-snippet":"max-snippet:-1","max-image-preview":"max-image-preview:large","max-video-preview":"max-video-preview:-1"},"canonical":"https:\/\/ironsky.pl\/sklep\/produkt\/adapter-ochronny-puluz-do-osmo-pocket-3\/","og_locale":"pl_PL","og_type":"article","og_title":"Adapter ochronny PULUZ do Osmo Pocket 3 - IRONSKY.PL Sklep z Dronami","og_description":"Adapter ochronny PULUZ do Osmo Pocket 3 - \u2705 sklep z dronami i fachowym doradztwem. \u2705 Tutaj kupisz produkty DJI, Yuneec, Parrot, Syma i wiele innych, a tak\u017ce kursy i licencje na operatora drona.","og_url":"https:\/\/ironsky.pl\/sklep\/produkt\/adapter-ochronny-puluz-do-osmo-pocket-3\/","og_site_name":"IRONSKY.PL Sklep z Dronami","article_modified_time":"2026-04-15T08:32:44+00:00","og_image":[{"width":800,"height":799,"url":"https:\/\/ironsky.pl\/sklep\/wp-content\/uploads\/2026\/04\/41280_1.jpg","type":"image\/jpeg"}],"twitter_card":"summary_large_image","twitter_misc":{"Szacowany czas czytania":"2 minuty"},"schema":{"@context":"https:\/\/schema.org","@graph":[{"@type":"WebPage","@id":"https:\/\/ironsky.pl\/sklep\/produkt\/adapter-ochronny-puluz-do-osmo-pocket-3\/","url":"https:\/\/ironsky.pl\/sklep\/produkt\/adapter-ochronny-puluz-do-osmo-pocket-3\/","name":"Adapter ochronny PULUZ do Osmo Pocket 3 - IRONSKY.PL Sklep z Dronami","isPartOf":{"@id":"https:\/\/ironsky.pl\/sklep\/#website"},"primaryImageOfPage":{"@id":"https:\/\/ironsky.pl\/sklep\/produkt\/adapter-ochronny-puluz-do-osmo-pocket-3\/#primaryimage"},"image":{"@id":"https:\/\/ironsky.pl\/sklep\/produkt\/adapter-ochronny-puluz-do-osmo-pocket-3\/#primaryimage"},"thumbnailUrl":"https:\/\/ironsky.pl\/sklep\/wp-content\/uploads\/2026\/04\/41280_1.jpg","datePublished":"2026-04-15T08:32:41+00:00","dateModified":"2026-04-15T08:32:44+00:00","description":"Adapter ochronny PULUZ do Osmo Pocket 3 - \u2705 sklep z dronami i fachowym doradztwem. \u2705 Tutaj kupisz produkty DJI, Yuneec, Parrot, Syma i wiele innych, a tak\u017ce kursy i licencje na operatora drona.","breadcrumb":{"@id":"https:\/\/ironsky.pl\/sklep\/produkt\/adapter-ochronny-puluz-do-osmo-pocket-3\/#breadcrumb"},"inLanguage":"pl-PL","potentialAction":[{"@type":"ReadAction","target":["https:\/\/ironsky.pl\/sklep\/produkt\/adapter-ochronny-puluz-do-osmo-pocket-3\/"]}]},{"@type":"ImageObject","inLanguage":"pl-PL","@id":"https:\/\/ironsky.pl\/sklep\/produkt\/adapter-ochronny-puluz-do-osmo-pocket-3\/#primaryimage","url":"https:\/\/ironsky.pl\/sklep\/wp-content\/uploads\/2026\/04\/41280_1.jpg","contentUrl":"https:\/\/ironsky.pl\/sklep\/wp-content\/uploads\/2026\/04\/41280_1.jpg","width":800,"height":799},{"@type":"BreadcrumbList","@id":"https:\/\/ironsky.pl\/sklep\/produkt\/adapter-ochronny-puluz-do-osmo-pocket-3\/#breadcrumb","itemListElement":[{"@type":"ListItem","position":1,"name":"Strona g\u0142\u00f3wna","item":"https:\/\/ironsky.pl\/sklep\/"},{"@type":"ListItem","position":2,"name":"Wszystkie produkty","item":"https:\/\/ironsky.pl\/sklep\/produkty\/"},{"@type":"ListItem","position":3,"name":"Adapter ochronny PULUZ do Osmo Pocket 3"}]},{"@type":"WebSite","@id":"https:\/\/ironsky.pl\/sklep\/#website","url":"https:\/\/ironsky.pl\/sklep\/","name":"IRONSKY.PL Sklep z Dronami","description":"IRONSKY.PL Sklep z Dronami","potentialAction":[{"@type":"SearchAction","target":{"@type":"EntryPoint","urlTemplate":"https:\/\/ironsky.pl\/sklep\/?s={search_term_string}"},"query-input":{"@type":"PropertyValueSpecification","valueRequired":true,"valueName":"search_term_string"}}],"inLanguage":"pl-PL"}]}},"_links":{"self":[{"href":"https:\/\/ironsky.pl\/sklep\/wp-json\/wp\/v2\/product\/58049","targetHints":{"allow":["GET"]}}],"collection":[{"href":"https:\/\/ironsky.pl\/sklep\/wp-json\/wp\/v2\/product"}],"about":[{"href":"https:\/\/ironsky.pl\/sklep\/wp-json\/wp\/v2\/types\/product"}],"replies":[{"embeddable":true,"href":"https:\/\/ironsky.pl\/sklep\/wp-json\/wp\/v2\/comments?post=58049"}],"wp:featuredmedia":[{"embeddable":true,"href":"https:\/\/ironsky.pl\/sklep\/wp-json\/wp\/v2\/media\/58050"}],"wp:attachment":[{"href":"https:\/\/ironsky.pl\/sklep\/wp-json\/wp\/v2\/media?parent=58049"}],"wp:term":[{"taxonomy":"product_brand","embeddable":true,"href":"https:\/\/ironsky.pl\/sklep\/wp-json\/wp\/v2\/product_brand?post=58049"},{"taxonomy":"product_cat","embeddable":true,"href":"https:\/\/ironsky.pl\/sklep\/wp-json\/wp\/v2\/product_cat?post=58049"},{"taxonomy":"product_tag","embeddable":true,"href":"https:\/\/ironsky.pl\/sklep\/wp-json\/wp\/v2\/product_tag?post=58049"}],"curies":[{"name":"wp","href":"https:\/\/api.w.org\/{rel}","templated":true}]}}