{"id":58041,"date":"2026-04-15T10:32:00","date_gmt":"2026-04-15T08:32:00","guid":{"rendered":"https:\/\/ironsky.pl\/sklep\/produkt\/uchwyt-ze-smycza-sunnylife-do-dji-rc-rc-2-czerwony\/"},"modified":"2026-04-15T10:32:39","modified_gmt":"2026-04-15T08:32:39","slug":"uchwyt-ze-smycza-sunnylife-do-dji-rc-rc-2-czerwony","status":"publish","type":"product","link":"https:\/\/ironsky.pl\/sklep\/produkt\/uchwyt-ze-smycza-sunnylife-do-dji-rc-rc-2-czerwony\/","title":{"rendered":"Uchwyt ze smycz\u0105 SUNNYLIFE do DJI RC\/RC 2 (czerwony)"},"content":{"rendered":"<h3>Uchwyt ze smycz\u0105 Sunnylife do kontrolera DJI RC \/ RC 2 (czerwony, ZJ764-R)<\/h3>\n<\/p>\n<p>Akcesorium Sunnylife pos\u0142u\u017cy Ci jako uchwyt kontrolera i u\u0142atwi u\u017cytkowanie urz\u0105dzenia. Dzi\u0119ki praktycznej, regulowanej smyczy z powodzeniem zawiesisz swojego DJI RC lub DJI RC 2na szyi. Antypo\u015blizgowa, solidna konstrukcja produktu zapewnia urz\u0105dzeniu bezpiecze\u0144stwo. Ponadto uchwyt podlega regulacji \u2013 mo\u017cesz wi\u0119c ustawi\u0107 na nim kontroler pod dowolnym k\u0105tem.<\/p>\n<\/p>\n<p>\n<img decoding=\"async\" src=\"https:\/\/assets.innpro.pl\/4658\/5384\/6.jpg\" border=\"0\" alt=\"Uchwyt Sunnylife do kontrolera DJI postawiony na p\u0142askiej powierzchni. O akcesorium oparty jest kontroler.\" \/>\n<\/p>\n<h3>Wiele mo\u017cliwo\u015bci u\u017cytkowania<\/h3>\n<\/p>\n<p>Z Sunnylife nie musisz si\u0119 ogranicza\u0107. Produkt z powodzeniem wykorzystasz na wiele sposob\u00f3w. Dzi\u0119ki smyczy, kt\u00f3rej d\u0142ugo\u015b\u0107 regulowa\u0107 mo\u017cesz w zakresie od 62,5 do 80 cm, wygodnie zawiesisz kontroler na szyi. Je\u015bli nie chcesz w danej chwili korzysta\u0107 ze smyczy, mo\u017cesz wci\u0105\u017c komfortowo przenosi\u0107 DJI RC lub DJI RC 2, wykorzystuj\u0105c hak. Akcesorium umo\u017cliwia r\u00f3wnie\u017c oparcie urz\u0105dzenia w okolicach talii, co u\u0142atwia obs\u0142ug\u0119. Istnieje te\u017c mo\u017cliwo\u015b\u0107 ustawienia kontrolera na p\u0142askiej powierzchni, dzi\u0119ki czemu uwolnisz r\u0119ce.<\/p>\n<\/p>\n<p>\n<img decoding=\"async\" src=\"https:\/\/assets.innpro.pl\/4658\/5384\/3.jpg\" border=\"0\" alt=\"M\u0119\u017cczyzna korzystaj\u0105cy z kontrolera DJI.  Czerwony uchwyt Sunnylife jest oparty o jego brzuch.\" \/>\n<\/p>\n<h3>Solidna konstrukcja<\/h3>\n<\/p>\n<p>Do wykonania haku wykorzystano wytrzyma\u0142y stop aluminium, kt\u00f3ry poddano obr\u00f3bce metod\u0105 CNC. Z kolei podszewk\u0119 wykonano z mikrofibry, a pasek ze sk\u00f3ry PU. Zastosowane materia\u0142y pozwoli\u0142y zapewni\u0107 odporno\u015b\u0107 na uszkodzenia, dzi\u0119ki czemu mo\u017cesz mie\u0107 pewno\u015b\u0107, \u017ce produkt pos\u0142u\u017cy Ci przez d\u0142ugi czas. Ponadto antypo\u015blizgowy uchwyt u\u0142atwia przenoszenie kontrolera. Produkt zosta\u0142 zaprojektowany z my\u015bl\u0105 o modelach DJI RC i DJI RC 2, dlatego nie blokuje dost\u0119pu do port\u00f3w.<\/p>\n<\/p>\n<p>\n<img decoding=\"async\" src=\"https:\/\/assets.innpro.pl\/4658\/5384\/1.jpg\" border=\"0\" alt=\"M\u0119\u017cczyzna trzymaj\u0105cy kontroler DJI przy pomocy uchwytu Sunnylife.\" \/>\n<\/p>\n<h3>W zestawie:<\/h3>\n<ul class=\"list-disc pl-5\">\n<li>Uchwyt x1<\/li>\n<li>Smycz x1<\/li>\n<li>Klucz imbusowy x2<\/li>\n<li>\u015aruba x2<\/li>\n<\/ul>\n<div class=\"table-wrapper\">\n<p>\u00a0<\/p>\n<h3><\/h3>\n<table>\n<tbody>\n<tr>\n<th>Producent<\/th>\n<td>Sunnylife<\/td>\n<\/tr>\n<tr>\n<th>Model<\/th>\n<td>ZJ764R<\/td>\n<\/tr>\n<tr>\n<th>Kompatybilno\u015b\u0107<\/th>\n<td>DJI RC \/ RC 2<\/td>\n<\/tr>\n<tr>\n<th>Materia\u0142<\/th>\n<td>Stop aluminium + sk\u00f3ra PU<\/td>\n<\/tr>\n<tr>\n<th>D\u0142ugo\u015b\u0107<\/th>\n<td>od 62,5 do 80 cm<\/td>\n<\/tr>\n<tr>\n<th>Kolor<\/th>\n<td>czerwony<\/td>\n<\/tr>\n<\/tbody>\n<\/table>\n<\/div>\n","protected":false},"excerpt":{"rendered":"<p>Uchwyt ze smycz\u0105 Sunnylife do kontrolera DJI RC \/ RC 2 (czerwony, ZJ764-R) Akcesorium Sunnylife pos\u0142u\u017cy Ci jako uchwyt kontrolera<\/p>\n","protected":false},"featured_media":58042,"comment_status":"closed","ping_status":"open","template":"","meta":{"_acf_changed":false},"product_brand":[],"product_cat":[6167,6170,1088],"product_tag":[],"class_list":{"0":"post-58041","1":"product","2":"type-product","3":"status-publish","4":"has-post-thumbnail","6":"product_cat-akcesoria-do-dronow","7":"product_cat-dji-akcesoria-do-dronow","8":"product_cat-drony","9":"pa_okres-gwarancji-5754","10":"pa_producent-sunnylife","12":"first","13":"outofstock","14":"taxable","15":"shipping-taxable","16":"purchasable","17":"product-type-simple"},"acf":[],"yoast_head":"<!-- This site is optimized with the Yoast SEO plugin v27.2 - https:\/\/yoast.com\/product\/yoast-seo-wordpress\/ -->\n<title>Uchwyt ze smycz\u0105 SUNNYLIFE do DJI RC\/RC 2 (czerwony) - IRONSKY.PL Sklep z Dronami<\/title>\n<meta name=\"description\" content=\"Uchwyt ze smycz\u0105 SUNNYLIFE do DJI RC\/RC 2 (czerwony) - \u2705 sklep z dronami i fachowym doradztwem. \u2705 Tutaj kupisz produkty DJI, Yuneec, Parrot, Syma i wiele innych, a tak\u017ce kursy i licencje na operatora drona.\" \/>\n<meta name=\"robots\" content=\"index, follow, max-snippet:-1, max-image-preview:large, max-video-preview:-1\" \/>\n<link rel=\"canonical\" href=\"https:\/\/ironsky.pl\/sklep\/produkt\/uchwyt-ze-smycza-sunnylife-do-dji-rc-rc-2-czerwony\/\" \/>\n<meta property=\"og:locale\" content=\"pl_PL\" \/>\n<meta property=\"og:type\" content=\"article\" \/>\n<meta property=\"og:title\" content=\"Uchwyt ze smycz\u0105 SUNNYLIFE do DJI RC\/RC 2 (czerwony) - IRONSKY.PL Sklep z Dronami\" \/>\n<meta property=\"og:description\" content=\"Uchwyt ze smycz\u0105 SUNNYLIFE do DJI RC\/RC 2 (czerwony) - \u2705 sklep z dronami i fachowym doradztwem. \u2705 Tutaj kupisz produkty DJI, Yuneec, Parrot, Syma i wiele innych, a tak\u017ce kursy i licencje na operatora drona.\" \/>\n<meta property=\"og:url\" content=\"https:\/\/ironsky.pl\/sklep\/produkt\/uchwyt-ze-smycza-sunnylife-do-dji-rc-rc-2-czerwony\/\" \/>\n<meta property=\"og:site_name\" content=\"IRONSKY.PL Sklep z Dronami\" \/>\n<meta property=\"article:modified_time\" content=\"2026-04-15T08:32:39+00:00\" \/>\n<meta property=\"og:image\" content=\"https:\/\/ironsky.pl\/sklep\/wp-content\/uploads\/2026\/04\/41042_1.webp\" \/>\n\t<meta property=\"og:image:width\" content=\"800\" \/>\n\t<meta property=\"og:image:height\" content=\"800\" \/>\n\t<meta property=\"og:image:type\" content=\"image\/webp\" \/>\n<meta name=\"twitter:card\" content=\"summary_large_image\" \/>\n<meta name=\"twitter:label1\" content=\"Szacowany czas czytania\" \/>\n\t<meta name=\"twitter:data1\" content=\"1 minuta\" \/>\n<script type=\"application\/ld+json\" class=\"yoast-schema-graph\">{\"@context\":\"https:\/\/schema.org\",\"@graph\":[{\"@type\":\"WebPage\",\"@id\":\"https:\/\/ironsky.pl\/sklep\/produkt\/uchwyt-ze-smycza-sunnylife-do-dji-rc-rc-2-czerwony\/\",\"url\":\"https:\/\/ironsky.pl\/sklep\/produkt\/uchwyt-ze-smycza-sunnylife-do-dji-rc-rc-2-czerwony\/\",\"name\":\"Uchwyt ze smycz\u0105 SUNNYLIFE do DJI RC\/RC 2 (czerwony) - IRONSKY.PL Sklep z Dronami\",\"isPartOf\":{\"@id\":\"https:\/\/ironsky.pl\/sklep\/#website\"},\"primaryImageOfPage\":{\"@id\":\"https:\/\/ironsky.pl\/sklep\/produkt\/uchwyt-ze-smycza-sunnylife-do-dji-rc-rc-2-czerwony\/#primaryimage\"},\"image\":{\"@id\":\"https:\/\/ironsky.pl\/sklep\/produkt\/uchwyt-ze-smycza-sunnylife-do-dji-rc-rc-2-czerwony\/#primaryimage\"},\"thumbnailUrl\":\"https:\/\/ironsky.pl\/sklep\/wp-content\/uploads\/2026\/04\/41042_1.webp\",\"datePublished\":\"2026-04-15T08:32:00+00:00\",\"dateModified\":\"2026-04-15T08:32:39+00:00\",\"description\":\"Uchwyt ze smycz\u0105 SUNNYLIFE do DJI RC\/RC 2 (czerwony) - \u2705 sklep z dronami i fachowym doradztwem. \u2705 Tutaj kupisz produkty DJI, Yuneec, Parrot, Syma i wiele innych, a tak\u017ce kursy i licencje na operatora drona.\",\"breadcrumb\":{\"@id\":\"https:\/\/ironsky.pl\/sklep\/produkt\/uchwyt-ze-smycza-sunnylife-do-dji-rc-rc-2-czerwony\/#breadcrumb\"},\"inLanguage\":\"pl-PL\",\"potentialAction\":[{\"@type\":\"ReadAction\",\"target\":[\"https:\/\/ironsky.pl\/sklep\/produkt\/uchwyt-ze-smycza-sunnylife-do-dji-rc-rc-2-czerwony\/\"]}]},{\"@type\":\"ImageObject\",\"inLanguage\":\"pl-PL\",\"@id\":\"https:\/\/ironsky.pl\/sklep\/produkt\/uchwyt-ze-smycza-sunnylife-do-dji-rc-rc-2-czerwony\/#primaryimage\",\"url\":\"https:\/\/ironsky.pl\/sklep\/wp-content\/uploads\/2026\/04\/41042_1.webp\",\"contentUrl\":\"https:\/\/ironsky.pl\/sklep\/wp-content\/uploads\/2026\/04\/41042_1.webp\",\"width\":800,\"height\":800},{\"@type\":\"BreadcrumbList\",\"@id\":\"https:\/\/ironsky.pl\/sklep\/produkt\/uchwyt-ze-smycza-sunnylife-do-dji-rc-rc-2-czerwony\/#breadcrumb\",\"itemListElement\":[{\"@type\":\"ListItem\",\"position\":1,\"name\":\"Strona g\u0142\u00f3wna\",\"item\":\"https:\/\/ironsky.pl\/sklep\/\"},{\"@type\":\"ListItem\",\"position\":2,\"name\":\"Wszystkie produkty\",\"item\":\"https:\/\/ironsky.pl\/sklep\/produkty\/\"},{\"@type\":\"ListItem\",\"position\":3,\"name\":\"Uchwyt ze smycz\u0105 SUNNYLIFE do DJI RC\/RC 2 (czerwony)\"}]},{\"@type\":\"WebSite\",\"@id\":\"https:\/\/ironsky.pl\/sklep\/#website\",\"url\":\"https:\/\/ironsky.pl\/sklep\/\",\"name\":\"IRONSKY.PL Sklep z Dronami\",\"description\":\"IRONSKY.PL Sklep z Dronami\",\"potentialAction\":[{\"@type\":\"SearchAction\",\"target\":{\"@type\":\"EntryPoint\",\"urlTemplate\":\"https:\/\/ironsky.pl\/sklep\/?s={search_term_string}\"},\"query-input\":{\"@type\":\"PropertyValueSpecification\",\"valueRequired\":true,\"valueName\":\"search_term_string\"}}],\"inLanguage\":\"pl-PL\"}]}<\/script>\n<!-- \/ Yoast SEO plugin. -->","yoast_head_json":{"title":"Uchwyt ze smycz\u0105 SUNNYLIFE do DJI RC\/RC 2 (czerwony) - IRONSKY.PL Sklep z Dronami","description":"Uchwyt ze smycz\u0105 SUNNYLIFE do DJI RC\/RC 2 (czerwony) - \u2705 sklep z dronami i fachowym doradztwem. \u2705 Tutaj kupisz produkty DJI, Yuneec, Parrot, Syma i wiele innych, a tak\u017ce kursy i licencje na operatora drona.","robots":{"index":"index","follow":"follow","max-snippet":"max-snippet:-1","max-image-preview":"max-image-preview:large","max-video-preview":"max-video-preview:-1"},"canonical":"https:\/\/ironsky.pl\/sklep\/produkt\/uchwyt-ze-smycza-sunnylife-do-dji-rc-rc-2-czerwony\/","og_locale":"pl_PL","og_type":"article","og_title":"Uchwyt ze smycz\u0105 SUNNYLIFE do DJI RC\/RC 2 (czerwony) - IRONSKY.PL Sklep z Dronami","og_description":"Uchwyt ze smycz\u0105 SUNNYLIFE do DJI RC\/RC 2 (czerwony) - \u2705 sklep z dronami i fachowym doradztwem. \u2705 Tutaj kupisz produkty DJI, Yuneec, Parrot, Syma i wiele innych, a tak\u017ce kursy i licencje na operatora drona.","og_url":"https:\/\/ironsky.pl\/sklep\/produkt\/uchwyt-ze-smycza-sunnylife-do-dji-rc-rc-2-czerwony\/","og_site_name":"IRONSKY.PL Sklep z Dronami","article_modified_time":"2026-04-15T08:32:39+00:00","og_image":[{"width":800,"height":800,"url":"https:\/\/ironsky.pl\/sklep\/wp-content\/uploads\/2026\/04\/41042_1.webp","type":"image\/webp"}],"twitter_card":"summary_large_image","twitter_misc":{"Szacowany czas czytania":"1 minuta"},"schema":{"@context":"https:\/\/schema.org","@graph":[{"@type":"WebPage","@id":"https:\/\/ironsky.pl\/sklep\/produkt\/uchwyt-ze-smycza-sunnylife-do-dji-rc-rc-2-czerwony\/","url":"https:\/\/ironsky.pl\/sklep\/produkt\/uchwyt-ze-smycza-sunnylife-do-dji-rc-rc-2-czerwony\/","name":"Uchwyt ze smycz\u0105 SUNNYLIFE do DJI RC\/RC 2 (czerwony) - IRONSKY.PL Sklep z Dronami","isPartOf":{"@id":"https:\/\/ironsky.pl\/sklep\/#website"},"primaryImageOfPage":{"@id":"https:\/\/ironsky.pl\/sklep\/produkt\/uchwyt-ze-smycza-sunnylife-do-dji-rc-rc-2-czerwony\/#primaryimage"},"image":{"@id":"https:\/\/ironsky.pl\/sklep\/produkt\/uchwyt-ze-smycza-sunnylife-do-dji-rc-rc-2-czerwony\/#primaryimage"},"thumbnailUrl":"https:\/\/ironsky.pl\/sklep\/wp-content\/uploads\/2026\/04\/41042_1.webp","datePublished":"2026-04-15T08:32:00+00:00","dateModified":"2026-04-15T08:32:39+00:00","description":"Uchwyt ze smycz\u0105 SUNNYLIFE do DJI RC\/RC 2 (czerwony) - \u2705 sklep z dronami i fachowym doradztwem. \u2705 Tutaj kupisz produkty DJI, Yuneec, Parrot, Syma i wiele innych, a tak\u017ce kursy i licencje na operatora drona.","breadcrumb":{"@id":"https:\/\/ironsky.pl\/sklep\/produkt\/uchwyt-ze-smycza-sunnylife-do-dji-rc-rc-2-czerwony\/#breadcrumb"},"inLanguage":"pl-PL","potentialAction":[{"@type":"ReadAction","target":["https:\/\/ironsky.pl\/sklep\/produkt\/uchwyt-ze-smycza-sunnylife-do-dji-rc-rc-2-czerwony\/"]}]},{"@type":"ImageObject","inLanguage":"pl-PL","@id":"https:\/\/ironsky.pl\/sklep\/produkt\/uchwyt-ze-smycza-sunnylife-do-dji-rc-rc-2-czerwony\/#primaryimage","url":"https:\/\/ironsky.pl\/sklep\/wp-content\/uploads\/2026\/04\/41042_1.webp","contentUrl":"https:\/\/ironsky.pl\/sklep\/wp-content\/uploads\/2026\/04\/41042_1.webp","width":800,"height":800},{"@type":"BreadcrumbList","@id":"https:\/\/ironsky.pl\/sklep\/produkt\/uchwyt-ze-smycza-sunnylife-do-dji-rc-rc-2-czerwony\/#breadcrumb","itemListElement":[{"@type":"ListItem","position":1,"name":"Strona g\u0142\u00f3wna","item":"https:\/\/ironsky.pl\/sklep\/"},{"@type":"ListItem","position":2,"name":"Wszystkie produkty","item":"https:\/\/ironsky.pl\/sklep\/produkty\/"},{"@type":"ListItem","position":3,"name":"Uchwyt ze smycz\u0105 SUNNYLIFE do DJI RC\/RC 2 (czerwony)"}]},{"@type":"WebSite","@id":"https:\/\/ironsky.pl\/sklep\/#website","url":"https:\/\/ironsky.pl\/sklep\/","name":"IRONSKY.PL Sklep z Dronami","description":"IRONSKY.PL Sklep z Dronami","potentialAction":[{"@type":"SearchAction","target":{"@type":"EntryPoint","urlTemplate":"https:\/\/ironsky.pl\/sklep\/?s={search_term_string}"},"query-input":{"@type":"PropertyValueSpecification","valueRequired":true,"valueName":"search_term_string"}}],"inLanguage":"pl-PL"}]}},"_links":{"self":[{"href":"https:\/\/ironsky.pl\/sklep\/wp-json\/wp\/v2\/product\/58041","targetHints":{"allow":["GET"]}}],"collection":[{"href":"https:\/\/ironsky.pl\/sklep\/wp-json\/wp\/v2\/product"}],"about":[{"href":"https:\/\/ironsky.pl\/sklep\/wp-json\/wp\/v2\/types\/product"}],"replies":[{"embeddable":true,"href":"https:\/\/ironsky.pl\/sklep\/wp-json\/wp\/v2\/comments?post=58041"}],"wp:featuredmedia":[{"embeddable":true,"href":"https:\/\/ironsky.pl\/sklep\/wp-json\/wp\/v2\/media\/58042"}],"wp:attachment":[{"href":"https:\/\/ironsky.pl\/sklep\/wp-json\/wp\/v2\/media?parent=58041"}],"wp:term":[{"taxonomy":"product_brand","embeddable":true,"href":"https:\/\/ironsky.pl\/sklep\/wp-json\/wp\/v2\/product_brand?post=58041"},{"taxonomy":"product_cat","embeddable":true,"href":"https:\/\/ironsky.pl\/sklep\/wp-json\/wp\/v2\/product_cat?post=58041"},{"taxonomy":"product_tag","embeddable":true,"href":"https:\/\/ironsky.pl\/sklep\/wp-json\/wp\/v2\/product_tag?post=58041"}],"curies":[{"name":"wp","href":"https:\/\/api.w.org\/{rel}","templated":true}]}}