{"id":58015,"date":"2026-04-15T10:32:00","date_gmt":"2026-04-15T08:32:00","guid":{"rendered":"https:\/\/ironsky.pl\/sklep\/produkt\/obudowa-plastikowa-puluz-insta360-ace-pro-czarna\/"},"modified":"2026-04-15T10:32:24","modified_gmt":"2026-04-15T08:32:24","slug":"obudowa-plastikowa-puluz-insta360-ace-pro-czarna","status":"publish","type":"product","link":"https:\/\/ironsky.pl\/sklep\/produkt\/obudowa-plastikowa-puluz-insta360-ace-pro-czarna\/","title":{"rendered":"Obudowa plastikowa PULUZ Insta360 Ace Pro (czarna)"},"content":{"rendered":"<h3>Obudowa plastikowa PULUZ do kamery Insta360 Ace Pro (czarna)<\/h3>\n<p><p>Zabezpiecz swoj\u0105 kamer\u0119 Insta360 Ace Pro przed uszkodzeniem. Pomo\u017ce Ci w tym obudowa PULUZ, kt\u00f3ra powsta\u0142a z wysokiej jako\u015bci tworzywa sztucznego i jest bardzo wytrzyma\u0142a. Dzi\u0119ki temu skutecznie ochroni Twoje urz\u0105dzenie przed uderzeniami i nie tylko! Akcesorium doskonale pasuje do kszta\u0142tu Insta360 Ace Pro i nie wp\u0142ywa w \u017caden spos\u00f3b na jego obs\u0142ug\u0119 \u2013 nie zas\u0142ania przycisk\u00f3w, port\u00f3w ani g\u0142o\u015bnika, nie utrudnia te\u017c korzystania z odchylanego ekranu. Produkt jest przy tym bardzo lekki, por\u0119czny i prosty w monta\u017cu.<\/p>\n<\/p>\n<p><img decoding=\"async\" src=\"https:\/\/assets.innpro.pl\/4486\/5140\/1.jpg\" border=\"0\" alt=\"\"><\/p>\n<h3>Korzystaj z dodatkowych akcesori\u00f3w<\/h3>\n<p><p>Obudowa PULUZ pozwoli Ci r\u00f3wnie\u017c wygodnie instalowa\u0107 dodatkowe akcesoria. Zosta\u0142a wyposa\u017cona w ruchom\u0105 baz\u0119 i d\u0142ug\u0105 \u015brub\u0119, dzi\u0119ki czemu mo\u017cesz przymocowa\u0107 do niej na przyk\u0142ad selfie stick. Dost\u0119pny jest te\u017c adapter typu zimna stopka, dzi\u0119ki kt\u00f3remu z \u0142atwo\u015bci\u0105 zamontujesz na kamerze dodatkowe o\u015bwietlenie lub mikrofon.<\/p>\n<\/p>\n<p><img decoding=\"async\" src=\"https:\/\/assets.innpro.pl\/4486\/5140\/2.jpg\" border=\"0\" alt=\"\"><\/p>\n<h3>W zestawie<\/h3>\n<ul>\n<li>Obudowa<\/li>\n<li>Ruchoma baza<\/li>\n<li>D\u0142uga \u015bruba<\/li>\n<\/ul>\n<div class=\"table-wrapper\">\n<p>&nbsp;<\/p>\n<h3><\/h3>\n<table>\n<tbody>\n<tr>\n<th>Producent<\/th>\n<td>PULUZ<\/td>\n<\/tr>\n<tr>\n<th>Model<\/th>\n<td>PU962B<\/td>\n<\/tr>\n<tr>\n<th>Kolor<\/th>\n<td>Czarny<\/td>\n<\/tr>\n<tr>\n<th>Materia\u0142<\/th>\n<td>Tworzywo sztuczne<\/td>\n<\/tr>\n<tr>\n<th>Wymiary<\/th>\n<td>8,05 x 3,45 x 7,2 cm<\/td>\n<\/tr>\n<tr>\n<th>Kompatybilno\u015b\u0107<\/th>\n<td>Insta360 Ace Pro<\/td>\n<\/tr>\n<\/tbody>\n<\/table>\n<\/div>\n","protected":false},"excerpt":{"rendered":"<p>Obudowa plastikowa PULUZ do kamery Insta360 Ace Pro (czarna) Zabezpiecz swoj\u0105 kamer\u0119 Insta360 Ace Pro przed uszkodzeniem. Pomo\u017ce Ci w<\/p>\n","protected":false},"featured_media":58016,"comment_status":"closed","ping_status":"open","template":"","meta":{"_acf_changed":false},"product_brand":[],"product_cat":[1130,1137,1128],"product_tag":[],"class_list":{"0":"post-58015","1":"product","2":"type-product","3":"status-publish","4":"has-post-thumbnail","6":"product_cat-akcesoria-foto","7":"product_cat-do-kamer-sportowych","8":"product_cat-foto-wideo","9":"pa_okres-gwarancji-5754","10":"pa_producent-puluz","12":"first","13":"outofstock","14":"taxable","15":"shipping-taxable","16":"purchasable","17":"product-type-simple"},"acf":[],"yoast_head":"<!-- This site is optimized with the Yoast SEO plugin v27.2 - https:\/\/yoast.com\/product\/yoast-seo-wordpress\/ -->\n<title>Obudowa plastikowa PULUZ Insta360 Ace Pro (czarna) - IRONSKY.PL Sklep z Dronami<\/title>\n<meta name=\"description\" content=\"Obudowa plastikowa PULUZ Insta360 Ace Pro (czarna) - \u2705 sklep z dronami i fachowym doradztwem. \u2705 Tutaj kupisz produkty DJI, Yuneec, Parrot, Syma i wiele innych, a tak\u017ce kursy i licencje na operatora drona.\" \/>\n<meta name=\"robots\" content=\"index, follow, max-snippet:-1, max-image-preview:large, max-video-preview:-1\" \/>\n<link rel=\"canonical\" href=\"https:\/\/ironsky.pl\/sklep\/produkt\/obudowa-plastikowa-puluz-insta360-ace-pro-czarna\/\" \/>\n<meta property=\"og:locale\" content=\"pl_PL\" \/>\n<meta property=\"og:type\" content=\"article\" \/>\n<meta property=\"og:title\" content=\"Obudowa plastikowa PULUZ Insta360 Ace Pro (czarna) - IRONSKY.PL Sklep z Dronami\" \/>\n<meta property=\"og:description\" content=\"Obudowa plastikowa PULUZ Insta360 Ace Pro (czarna) - \u2705 sklep z dronami i fachowym doradztwem. \u2705 Tutaj kupisz produkty DJI, Yuneec, Parrot, Syma i wiele innych, a tak\u017ce kursy i licencje na operatora drona.\" \/>\n<meta property=\"og:url\" content=\"https:\/\/ironsky.pl\/sklep\/produkt\/obudowa-plastikowa-puluz-insta360-ace-pro-czarna\/\" \/>\n<meta property=\"og:site_name\" content=\"IRONSKY.PL Sklep z Dronami\" \/>\n<meta property=\"article:modified_time\" content=\"2026-04-15T08:32:24+00:00\" \/>\n<meta property=\"og:image\" content=\"https:\/\/ironsky.pl\/sklep\/wp-content\/uploads\/2026\/04\/38156_3.jpg\" \/>\n\t<meta property=\"og:image:width\" content=\"800\" \/>\n\t<meta property=\"og:image:height\" content=\"798\" \/>\n\t<meta property=\"og:image:type\" content=\"image\/jpeg\" \/>\n<meta name=\"twitter:card\" content=\"summary_large_image\" \/>\n<meta name=\"twitter:label1\" content=\"Szacowany czas czytania\" \/>\n\t<meta name=\"twitter:data1\" content=\"1 minuta\" \/>\n<script type=\"application\/ld+json\" class=\"yoast-schema-graph\">{\"@context\":\"https:\/\/schema.org\",\"@graph\":[{\"@type\":\"WebPage\",\"@id\":\"https:\/\/ironsky.pl\/sklep\/produkt\/obudowa-plastikowa-puluz-insta360-ace-pro-czarna\/\",\"url\":\"https:\/\/ironsky.pl\/sklep\/produkt\/obudowa-plastikowa-puluz-insta360-ace-pro-czarna\/\",\"name\":\"Obudowa plastikowa PULUZ Insta360 Ace Pro (czarna) - IRONSKY.PL Sklep z Dronami\",\"isPartOf\":{\"@id\":\"https:\/\/ironsky.pl\/sklep\/#website\"},\"primaryImageOfPage\":{\"@id\":\"https:\/\/ironsky.pl\/sklep\/produkt\/obudowa-plastikowa-puluz-insta360-ace-pro-czarna\/#primaryimage\"},\"image\":{\"@id\":\"https:\/\/ironsky.pl\/sklep\/produkt\/obudowa-plastikowa-puluz-insta360-ace-pro-czarna\/#primaryimage\"},\"thumbnailUrl\":\"https:\/\/ironsky.pl\/sklep\/wp-content\/uploads\/2026\/04\/38156_3.jpg\",\"datePublished\":\"2026-04-15T08:32:00+00:00\",\"dateModified\":\"2026-04-15T08:32:24+00:00\",\"description\":\"Obudowa plastikowa PULUZ Insta360 Ace Pro (czarna) - \u2705 sklep z dronami i fachowym doradztwem. \u2705 Tutaj kupisz produkty DJI, Yuneec, Parrot, Syma i wiele innych, a tak\u017ce kursy i licencje na operatora drona.\",\"breadcrumb\":{\"@id\":\"https:\/\/ironsky.pl\/sklep\/produkt\/obudowa-plastikowa-puluz-insta360-ace-pro-czarna\/#breadcrumb\"},\"inLanguage\":\"pl-PL\",\"potentialAction\":[{\"@type\":\"ReadAction\",\"target\":[\"https:\/\/ironsky.pl\/sklep\/produkt\/obudowa-plastikowa-puluz-insta360-ace-pro-czarna\/\"]}]},{\"@type\":\"ImageObject\",\"inLanguage\":\"pl-PL\",\"@id\":\"https:\/\/ironsky.pl\/sklep\/produkt\/obudowa-plastikowa-puluz-insta360-ace-pro-czarna\/#primaryimage\",\"url\":\"https:\/\/ironsky.pl\/sklep\/wp-content\/uploads\/2026\/04\/38156_3.jpg\",\"contentUrl\":\"https:\/\/ironsky.pl\/sklep\/wp-content\/uploads\/2026\/04\/38156_3.jpg\",\"width\":800,\"height\":798},{\"@type\":\"BreadcrumbList\",\"@id\":\"https:\/\/ironsky.pl\/sklep\/produkt\/obudowa-plastikowa-puluz-insta360-ace-pro-czarna\/#breadcrumb\",\"itemListElement\":[{\"@type\":\"ListItem\",\"position\":1,\"name\":\"Strona g\u0142\u00f3wna\",\"item\":\"https:\/\/ironsky.pl\/sklep\/\"},{\"@type\":\"ListItem\",\"position\":2,\"name\":\"Wszystkie produkty\",\"item\":\"https:\/\/ironsky.pl\/sklep\/produkty\/\"},{\"@type\":\"ListItem\",\"position\":3,\"name\":\"Obudowa plastikowa PULUZ Insta360 Ace Pro (czarna)\"}]},{\"@type\":\"WebSite\",\"@id\":\"https:\/\/ironsky.pl\/sklep\/#website\",\"url\":\"https:\/\/ironsky.pl\/sklep\/\",\"name\":\"IRONSKY.PL Sklep z Dronami\",\"description\":\"IRONSKY.PL Sklep z Dronami\",\"potentialAction\":[{\"@type\":\"SearchAction\",\"target\":{\"@type\":\"EntryPoint\",\"urlTemplate\":\"https:\/\/ironsky.pl\/sklep\/?s={search_term_string}\"},\"query-input\":{\"@type\":\"PropertyValueSpecification\",\"valueRequired\":true,\"valueName\":\"search_term_string\"}}],\"inLanguage\":\"pl-PL\"}]}<\/script>\n<!-- \/ Yoast SEO plugin. -->","yoast_head_json":{"title":"Obudowa plastikowa PULUZ Insta360 Ace Pro (czarna) - IRONSKY.PL Sklep z Dronami","description":"Obudowa plastikowa PULUZ Insta360 Ace Pro (czarna) - \u2705 sklep z dronami i fachowym doradztwem. \u2705 Tutaj kupisz produkty DJI, Yuneec, Parrot, Syma i wiele innych, a tak\u017ce kursy i licencje na operatora drona.","robots":{"index":"index","follow":"follow","max-snippet":"max-snippet:-1","max-image-preview":"max-image-preview:large","max-video-preview":"max-video-preview:-1"},"canonical":"https:\/\/ironsky.pl\/sklep\/produkt\/obudowa-plastikowa-puluz-insta360-ace-pro-czarna\/","og_locale":"pl_PL","og_type":"article","og_title":"Obudowa plastikowa PULUZ Insta360 Ace Pro (czarna) - IRONSKY.PL Sklep z Dronami","og_description":"Obudowa plastikowa PULUZ Insta360 Ace Pro (czarna) - \u2705 sklep z dronami i fachowym doradztwem. \u2705 Tutaj kupisz produkty DJI, Yuneec, Parrot, Syma i wiele innych, a tak\u017ce kursy i licencje na operatora drona.","og_url":"https:\/\/ironsky.pl\/sklep\/produkt\/obudowa-plastikowa-puluz-insta360-ace-pro-czarna\/","og_site_name":"IRONSKY.PL Sklep z Dronami","article_modified_time":"2026-04-15T08:32:24+00:00","og_image":[{"width":800,"height":798,"url":"https:\/\/ironsky.pl\/sklep\/wp-content\/uploads\/2026\/04\/38156_3.jpg","type":"image\/jpeg"}],"twitter_card":"summary_large_image","twitter_misc":{"Szacowany czas czytania":"1 minuta"},"schema":{"@context":"https:\/\/schema.org","@graph":[{"@type":"WebPage","@id":"https:\/\/ironsky.pl\/sklep\/produkt\/obudowa-plastikowa-puluz-insta360-ace-pro-czarna\/","url":"https:\/\/ironsky.pl\/sklep\/produkt\/obudowa-plastikowa-puluz-insta360-ace-pro-czarna\/","name":"Obudowa plastikowa PULUZ Insta360 Ace Pro (czarna) - IRONSKY.PL Sklep z Dronami","isPartOf":{"@id":"https:\/\/ironsky.pl\/sklep\/#website"},"primaryImageOfPage":{"@id":"https:\/\/ironsky.pl\/sklep\/produkt\/obudowa-plastikowa-puluz-insta360-ace-pro-czarna\/#primaryimage"},"image":{"@id":"https:\/\/ironsky.pl\/sklep\/produkt\/obudowa-plastikowa-puluz-insta360-ace-pro-czarna\/#primaryimage"},"thumbnailUrl":"https:\/\/ironsky.pl\/sklep\/wp-content\/uploads\/2026\/04\/38156_3.jpg","datePublished":"2026-04-15T08:32:00+00:00","dateModified":"2026-04-15T08:32:24+00:00","description":"Obudowa plastikowa PULUZ Insta360 Ace Pro (czarna) - \u2705 sklep z dronami i fachowym doradztwem. \u2705 Tutaj kupisz produkty DJI, Yuneec, Parrot, Syma i wiele innych, a tak\u017ce kursy i licencje na operatora drona.","breadcrumb":{"@id":"https:\/\/ironsky.pl\/sklep\/produkt\/obudowa-plastikowa-puluz-insta360-ace-pro-czarna\/#breadcrumb"},"inLanguage":"pl-PL","potentialAction":[{"@type":"ReadAction","target":["https:\/\/ironsky.pl\/sklep\/produkt\/obudowa-plastikowa-puluz-insta360-ace-pro-czarna\/"]}]},{"@type":"ImageObject","inLanguage":"pl-PL","@id":"https:\/\/ironsky.pl\/sklep\/produkt\/obudowa-plastikowa-puluz-insta360-ace-pro-czarna\/#primaryimage","url":"https:\/\/ironsky.pl\/sklep\/wp-content\/uploads\/2026\/04\/38156_3.jpg","contentUrl":"https:\/\/ironsky.pl\/sklep\/wp-content\/uploads\/2026\/04\/38156_3.jpg","width":800,"height":798},{"@type":"BreadcrumbList","@id":"https:\/\/ironsky.pl\/sklep\/produkt\/obudowa-plastikowa-puluz-insta360-ace-pro-czarna\/#breadcrumb","itemListElement":[{"@type":"ListItem","position":1,"name":"Strona g\u0142\u00f3wna","item":"https:\/\/ironsky.pl\/sklep\/"},{"@type":"ListItem","position":2,"name":"Wszystkie produkty","item":"https:\/\/ironsky.pl\/sklep\/produkty\/"},{"@type":"ListItem","position":3,"name":"Obudowa plastikowa PULUZ Insta360 Ace Pro (czarna)"}]},{"@type":"WebSite","@id":"https:\/\/ironsky.pl\/sklep\/#website","url":"https:\/\/ironsky.pl\/sklep\/","name":"IRONSKY.PL Sklep z Dronami","description":"IRONSKY.PL Sklep z Dronami","potentialAction":[{"@type":"SearchAction","target":{"@type":"EntryPoint","urlTemplate":"https:\/\/ironsky.pl\/sklep\/?s={search_term_string}"},"query-input":{"@type":"PropertyValueSpecification","valueRequired":true,"valueName":"search_term_string"}}],"inLanguage":"pl-PL"}]}},"_links":{"self":[{"href":"https:\/\/ironsky.pl\/sklep\/wp-json\/wp\/v2\/product\/58015","targetHints":{"allow":["GET"]}}],"collection":[{"href":"https:\/\/ironsky.pl\/sklep\/wp-json\/wp\/v2\/product"}],"about":[{"href":"https:\/\/ironsky.pl\/sklep\/wp-json\/wp\/v2\/types\/product"}],"replies":[{"embeddable":true,"href":"https:\/\/ironsky.pl\/sklep\/wp-json\/wp\/v2\/comments?post=58015"}],"wp:featuredmedia":[{"embeddable":true,"href":"https:\/\/ironsky.pl\/sklep\/wp-json\/wp\/v2\/media\/58016"}],"wp:attachment":[{"href":"https:\/\/ironsky.pl\/sklep\/wp-json\/wp\/v2\/media?parent=58015"}],"wp:term":[{"taxonomy":"product_brand","embeddable":true,"href":"https:\/\/ironsky.pl\/sklep\/wp-json\/wp\/v2\/product_brand?post=58015"},{"taxonomy":"product_cat","embeddable":true,"href":"https:\/\/ironsky.pl\/sklep\/wp-json\/wp\/v2\/product_cat?post=58015"},{"taxonomy":"product_tag","embeddable":true,"href":"https:\/\/ironsky.pl\/sklep\/wp-json\/wp\/v2\/product_tag?post=58015"}],"curies":[{"name":"wp","href":"https:\/\/api.w.org\/{rel}","templated":true}]}}