{"id":58011,"date":"2026-04-15T10:32:00","date_gmt":"2026-04-15T08:32:00","guid":{"rendered":"https:\/\/ironsky.pl\/sklep\/produkt\/mocowanie-na-kask-puluz-do-kamery-sportowej-czarne\/"},"modified":"2026-04-15T10:32:22","modified_gmt":"2026-04-15T08:32:22","slug":"mocowanie-na-kask-puluz-do-kamery-sportowej-czarne","status":"publish","type":"product","link":"https:\/\/ironsky.pl\/sklep\/produkt\/mocowanie-na-kask-puluz-do-kamery-sportowej-czarne\/","title":{"rendered":"Mocowanie na kask PULUZ do kamery sportowej (czarne)"},"content":{"rendered":"<h3>Mocowanie na kask PULUZ do kamer sportowych DJI Action i GoPro Hero (czarne)<\/h3>\n<p>Nagraj swoj\u0105 kolejn\u0105 wypraw\u0119 na motocyklu z niecodziennej perspektywy. Mocowanie PULUZ pozwoli Ci stabilnie przymocowa\u0107 kamer\u0119 sportow\u0105 do kasku i stworzy\u0107 mn\u00f3stwo \u015bwietnych uj\u0119\u0107. Sprawdzi si\u0119 r\u00f3wnie\u017c podczas prowadzenia transmisji na \u017cywo. Do jego wykonania zastosowano trwa\u0142e materia\u0142y, dzi\u0119ki czemu jest bardzo wytrzyma\u0142e i wyr\u00f3\u017cnia si\u0119 ud\u017awigiem do a\u017c 5 kg.\u00a0<\/p>\n<p><img decoding=\"async\" src=\"https:\/\/assets.innpro.pl\/4485\/5139\/1.jpg\" border=\"0\" alt=\"\" \/><\/p>\n<h3>Wi\u0119cej mo\u017cliwo\u015bci nagrywania<\/h3>\n<p>Przymocuj kamer\u0119 sportow\u0105 do swojego kasku i nagraj zapieraj\u0105cy dech w piersiach film z perspektywy pierwszej osoby. Mo\u017cesz te\u017c swobodnie obraca\u0107 urz\u0105dzenie w zakresie 360\u00b0 \u2013 pozwala na to wbudowany przegub kulowy akcesorium. Dzi\u0119ki temu masz mo\u017cliwo\u015b\u0107 filmowania zar\u00f3wno w pionie, jak i w poziomie! Produkt jest kompatybilny z wi\u0119kszo\u015bci\u0105 modeli kask\u00f3w i kamer sportowych.<\/p>\n<p><img decoding=\"async\" src=\"https:\/\/assets.innpro.pl\/4485\/5139\/3.jpg\" border=\"0\" alt=\"\" \/><\/p>\n<h3>Przemy\u015blany design<\/h3>\n<p>Akcesorium powsta\u0142o ze wzmocnionego tworzywa sztucznego, co przek\u0142ada si\u0119 na jego imponuj\u0105c\u0105 wytrzyma\u0142o\u015b\u0107. Co wi\u0119cej, silikonowe antypo\u015blizgowe podk\u0142adki gwarantuj\u0105 zamontowanej kamerze wi\u0119ksz\u0105 stabilno\u015b\u0107, a jednocze\u015bnie chroni\u0105 kask przed zarysowaniem. Mocowanie jest przy tym bardzo proste w instalacji i demonta\u017cu. Jego dodatkowym atutem jest lekka, kompaktowa konstrukcja, kt\u00f3ra pozwala mie\u0107 je zawsze pod r\u0119k\u0105.<\/p>\n<p><img decoding=\"async\" src=\"https:\/\/assets.innpro.pl\/4485\/5139\/4.jpg\" border=\"0\" alt=\"\" \/><\/p>\n<h3>W zestawie<\/h3>\n<ul class=\"list-disc pl-5\">\n<li>Mocowanie na kask<\/li>\n<li>Klucz imbusowy<\/li>\n<\/ul>\n<div class=\"table-wrapper\">\n<p>\u00a0<\/p>\n<h3>\u00a0<\/h3>\n<table>\n<tbody>\n<tr>\n<th>Producent<\/th>\n<td>PULUZ<\/td>\n<\/tr>\n<tr>\n<th>Model<\/th>\n<td>PU927B<\/td>\n<\/tr>\n<tr>\n<th>Kolor<\/th>\n<td>Czarny<\/td>\n<\/tr>\n<tr>\n<th>Rozstaw szcz\u0119k<\/th>\n<td>1-3,5 cm<\/td>\n<\/tr>\n<tr>\n<th>Ud\u017awig<\/th>\n<td>Do 5 kg<\/td>\n<\/tr>\n<tr>\n<th>Materia\u0142<\/th>\n<td>Tworzywo sztuczne z w\u0142\u00f3knem nylonowym, silikon<\/td>\n<\/tr>\n<tr>\n<th>Wymiary<\/th>\n<td>4 x 10 x 9,5 cm<\/td>\n<\/tr>\n<tr>\n<th>Kompatybilno\u015b\u0107<\/th>\n<td>DJI: Osmo Action 4, Osmo Action 3, Action 2 \/ GoPro: HERO12 Black, HERO11 Black Mini, HERO11 Black, HERO10 Black, HERO9 Black, HERO8 Black, MAX, HERO7 White, HERO7 Black, HERO7 Silver, NEW HERO, Fusion, HERO6 Black, HERO5 Black, HERO5 Session, Hero Session, HERO4 Session, HERO4, HERO3+, HERO3, HERO2, HERO<\/td>\n<\/tr>\n<\/tbody>\n<\/table>\n<\/div>\n","protected":false},"excerpt":{"rendered":"<p>Mocowanie na kask PULUZ do kamer sportowych DJI Action i GoPro Hero (czarne) Nagraj swoj\u0105 kolejn\u0105 wypraw\u0119 na motocyklu z<\/p>\n","protected":false},"featured_media":58012,"comment_status":"closed","ping_status":"open","template":"","meta":{"_acf_changed":false},"product_brand":[],"product_cat":[1128,6178,6176,6177,6181,1138],"product_tag":[],"class_list":{"0":"post-58011","1":"product","2":"type-product","3":"status-publish","4":"has-post-thumbnail","6":"product_cat-foto-wideo","7":"product_cat-mocowania","8":"product_cat-selfie-stiki","9":"product_cat-statywy-selfie-stiki","10":"product_cat-szelki-mocowania-i-uchwyty","11":"product_cat-wysiegniki","12":"pa_okres-gwarancji-5754","13":"pa_producent-puluz","15":"first","16":"outofstock","17":"taxable","18":"shipping-taxable","19":"purchasable","20":"product-type-simple"},"acf":[],"yoast_head":"<!-- This site is optimized with the Yoast SEO plugin v27.2 - https:\/\/yoast.com\/product\/yoast-seo-wordpress\/ -->\n<title>Mocowanie na kask PULUZ do kamery sportowej (czarne) - IRONSKY.PL Sklep z Dronami<\/title>\n<meta name=\"description\" content=\"Mocowanie na kask PULUZ do kamery sportowej (czarne) - \u2705 sklep z dronami i fachowym doradztwem. \u2705 Tutaj kupisz produkty DJI, Yuneec, Parrot, Syma i wiele innych, a tak\u017ce kursy i licencje na operatora drona.\" \/>\n<meta name=\"robots\" content=\"index, follow, max-snippet:-1, max-image-preview:large, max-video-preview:-1\" \/>\n<link rel=\"canonical\" href=\"https:\/\/ironsky.pl\/sklep\/produkt\/mocowanie-na-kask-puluz-do-kamery-sportowej-czarne\/\" \/>\n<meta property=\"og:locale\" content=\"pl_PL\" \/>\n<meta property=\"og:type\" content=\"article\" \/>\n<meta property=\"og:title\" content=\"Mocowanie na kask PULUZ do kamery sportowej (czarne) - IRONSKY.PL Sklep z Dronami\" \/>\n<meta property=\"og:description\" content=\"Mocowanie na kask PULUZ do kamery sportowej (czarne) - \u2705 sklep z dronami i fachowym doradztwem. \u2705 Tutaj kupisz produkty DJI, Yuneec, Parrot, Syma i wiele innych, a tak\u017ce kursy i licencje na operatora drona.\" \/>\n<meta property=\"og:url\" content=\"https:\/\/ironsky.pl\/sklep\/produkt\/mocowanie-na-kask-puluz-do-kamery-sportowej-czarne\/\" \/>\n<meta property=\"og:site_name\" content=\"IRONSKY.PL Sklep z Dronami\" \/>\n<meta property=\"article:modified_time\" content=\"2026-04-15T08:32:22+00:00\" \/>\n<meta property=\"og:image\" content=\"https:\/\/ironsky.pl\/sklep\/wp-content\/uploads\/2026\/04\/38155_1.jpg\" \/>\n\t<meta property=\"og:image:width\" content=\"800\" \/>\n\t<meta property=\"og:image:height\" content=\"800\" \/>\n\t<meta property=\"og:image:type\" content=\"image\/jpeg\" \/>\n<meta name=\"twitter:card\" content=\"summary_large_image\" \/>\n<meta name=\"twitter:label1\" content=\"Szacowany czas czytania\" \/>\n\t<meta name=\"twitter:data1\" content=\"1 minuta\" \/>\n<script type=\"application\/ld+json\" class=\"yoast-schema-graph\">{\"@context\":\"https:\/\/schema.org\",\"@graph\":[{\"@type\":\"WebPage\",\"@id\":\"https:\/\/ironsky.pl\/sklep\/produkt\/mocowanie-na-kask-puluz-do-kamery-sportowej-czarne\/\",\"url\":\"https:\/\/ironsky.pl\/sklep\/produkt\/mocowanie-na-kask-puluz-do-kamery-sportowej-czarne\/\",\"name\":\"Mocowanie na kask PULUZ do kamery sportowej (czarne) - IRONSKY.PL Sklep z Dronami\",\"isPartOf\":{\"@id\":\"https:\/\/ironsky.pl\/sklep\/#website\"},\"primaryImageOfPage\":{\"@id\":\"https:\/\/ironsky.pl\/sklep\/produkt\/mocowanie-na-kask-puluz-do-kamery-sportowej-czarne\/#primaryimage\"},\"image\":{\"@id\":\"https:\/\/ironsky.pl\/sklep\/produkt\/mocowanie-na-kask-puluz-do-kamery-sportowej-czarne\/#primaryimage\"},\"thumbnailUrl\":\"https:\/\/ironsky.pl\/sklep\/wp-content\/uploads\/2026\/04\/38155_1.jpg\",\"datePublished\":\"2026-04-15T08:32:00+00:00\",\"dateModified\":\"2026-04-15T08:32:22+00:00\",\"description\":\"Mocowanie na kask PULUZ do kamery sportowej (czarne) - \u2705 sklep z dronami i fachowym doradztwem. \u2705 Tutaj kupisz produkty DJI, Yuneec, Parrot, Syma i wiele innych, a tak\u017ce kursy i licencje na operatora drona.\",\"breadcrumb\":{\"@id\":\"https:\/\/ironsky.pl\/sklep\/produkt\/mocowanie-na-kask-puluz-do-kamery-sportowej-czarne\/#breadcrumb\"},\"inLanguage\":\"pl-PL\",\"potentialAction\":[{\"@type\":\"ReadAction\",\"target\":[\"https:\/\/ironsky.pl\/sklep\/produkt\/mocowanie-na-kask-puluz-do-kamery-sportowej-czarne\/\"]}]},{\"@type\":\"ImageObject\",\"inLanguage\":\"pl-PL\",\"@id\":\"https:\/\/ironsky.pl\/sklep\/produkt\/mocowanie-na-kask-puluz-do-kamery-sportowej-czarne\/#primaryimage\",\"url\":\"https:\/\/ironsky.pl\/sklep\/wp-content\/uploads\/2026\/04\/38155_1.jpg\",\"contentUrl\":\"https:\/\/ironsky.pl\/sklep\/wp-content\/uploads\/2026\/04\/38155_1.jpg\",\"width\":800,\"height\":800},{\"@type\":\"BreadcrumbList\",\"@id\":\"https:\/\/ironsky.pl\/sklep\/produkt\/mocowanie-na-kask-puluz-do-kamery-sportowej-czarne\/#breadcrumb\",\"itemListElement\":[{\"@type\":\"ListItem\",\"position\":1,\"name\":\"Strona g\u0142\u00f3wna\",\"item\":\"https:\/\/ironsky.pl\/sklep\/\"},{\"@type\":\"ListItem\",\"position\":2,\"name\":\"Wszystkie produkty\",\"item\":\"https:\/\/ironsky.pl\/sklep\/produkty\/\"},{\"@type\":\"ListItem\",\"position\":3,\"name\":\"Mocowanie na kask PULUZ do kamery sportowej (czarne)\"}]},{\"@type\":\"WebSite\",\"@id\":\"https:\/\/ironsky.pl\/sklep\/#website\",\"url\":\"https:\/\/ironsky.pl\/sklep\/\",\"name\":\"IRONSKY.PL Sklep z Dronami\",\"description\":\"IRONSKY.PL Sklep z Dronami\",\"potentialAction\":[{\"@type\":\"SearchAction\",\"target\":{\"@type\":\"EntryPoint\",\"urlTemplate\":\"https:\/\/ironsky.pl\/sklep\/?s={search_term_string}\"},\"query-input\":{\"@type\":\"PropertyValueSpecification\",\"valueRequired\":true,\"valueName\":\"search_term_string\"}}],\"inLanguage\":\"pl-PL\"}]}<\/script>\n<!-- \/ Yoast SEO plugin. -->","yoast_head_json":{"title":"Mocowanie na kask PULUZ do kamery sportowej (czarne) - IRONSKY.PL Sklep z Dronami","description":"Mocowanie na kask PULUZ do kamery sportowej (czarne) - \u2705 sklep z dronami i fachowym doradztwem. \u2705 Tutaj kupisz produkty DJI, Yuneec, Parrot, Syma i wiele innych, a tak\u017ce kursy i licencje na operatora drona.","robots":{"index":"index","follow":"follow","max-snippet":"max-snippet:-1","max-image-preview":"max-image-preview:large","max-video-preview":"max-video-preview:-1"},"canonical":"https:\/\/ironsky.pl\/sklep\/produkt\/mocowanie-na-kask-puluz-do-kamery-sportowej-czarne\/","og_locale":"pl_PL","og_type":"article","og_title":"Mocowanie na kask PULUZ do kamery sportowej (czarne) - IRONSKY.PL Sklep z Dronami","og_description":"Mocowanie na kask PULUZ do kamery sportowej (czarne) - \u2705 sklep z dronami i fachowym doradztwem. \u2705 Tutaj kupisz produkty DJI, Yuneec, Parrot, Syma i wiele innych, a tak\u017ce kursy i licencje na operatora drona.","og_url":"https:\/\/ironsky.pl\/sklep\/produkt\/mocowanie-na-kask-puluz-do-kamery-sportowej-czarne\/","og_site_name":"IRONSKY.PL Sklep z Dronami","article_modified_time":"2026-04-15T08:32:22+00:00","og_image":[{"width":800,"height":800,"url":"https:\/\/ironsky.pl\/sklep\/wp-content\/uploads\/2026\/04\/38155_1.jpg","type":"image\/jpeg"}],"twitter_card":"summary_large_image","twitter_misc":{"Szacowany czas czytania":"1 minuta"},"schema":{"@context":"https:\/\/schema.org","@graph":[{"@type":"WebPage","@id":"https:\/\/ironsky.pl\/sklep\/produkt\/mocowanie-na-kask-puluz-do-kamery-sportowej-czarne\/","url":"https:\/\/ironsky.pl\/sklep\/produkt\/mocowanie-na-kask-puluz-do-kamery-sportowej-czarne\/","name":"Mocowanie na kask PULUZ do kamery sportowej (czarne) - IRONSKY.PL Sklep z Dronami","isPartOf":{"@id":"https:\/\/ironsky.pl\/sklep\/#website"},"primaryImageOfPage":{"@id":"https:\/\/ironsky.pl\/sklep\/produkt\/mocowanie-na-kask-puluz-do-kamery-sportowej-czarne\/#primaryimage"},"image":{"@id":"https:\/\/ironsky.pl\/sklep\/produkt\/mocowanie-na-kask-puluz-do-kamery-sportowej-czarne\/#primaryimage"},"thumbnailUrl":"https:\/\/ironsky.pl\/sklep\/wp-content\/uploads\/2026\/04\/38155_1.jpg","datePublished":"2026-04-15T08:32:00+00:00","dateModified":"2026-04-15T08:32:22+00:00","description":"Mocowanie na kask PULUZ do kamery sportowej (czarne) - \u2705 sklep z dronami i fachowym doradztwem. \u2705 Tutaj kupisz produkty DJI, Yuneec, Parrot, Syma i wiele innych, a tak\u017ce kursy i licencje na operatora drona.","breadcrumb":{"@id":"https:\/\/ironsky.pl\/sklep\/produkt\/mocowanie-na-kask-puluz-do-kamery-sportowej-czarne\/#breadcrumb"},"inLanguage":"pl-PL","potentialAction":[{"@type":"ReadAction","target":["https:\/\/ironsky.pl\/sklep\/produkt\/mocowanie-na-kask-puluz-do-kamery-sportowej-czarne\/"]}]},{"@type":"ImageObject","inLanguage":"pl-PL","@id":"https:\/\/ironsky.pl\/sklep\/produkt\/mocowanie-na-kask-puluz-do-kamery-sportowej-czarne\/#primaryimage","url":"https:\/\/ironsky.pl\/sklep\/wp-content\/uploads\/2026\/04\/38155_1.jpg","contentUrl":"https:\/\/ironsky.pl\/sklep\/wp-content\/uploads\/2026\/04\/38155_1.jpg","width":800,"height":800},{"@type":"BreadcrumbList","@id":"https:\/\/ironsky.pl\/sklep\/produkt\/mocowanie-na-kask-puluz-do-kamery-sportowej-czarne\/#breadcrumb","itemListElement":[{"@type":"ListItem","position":1,"name":"Strona g\u0142\u00f3wna","item":"https:\/\/ironsky.pl\/sklep\/"},{"@type":"ListItem","position":2,"name":"Wszystkie produkty","item":"https:\/\/ironsky.pl\/sklep\/produkty\/"},{"@type":"ListItem","position":3,"name":"Mocowanie na kask PULUZ do kamery sportowej (czarne)"}]},{"@type":"WebSite","@id":"https:\/\/ironsky.pl\/sklep\/#website","url":"https:\/\/ironsky.pl\/sklep\/","name":"IRONSKY.PL Sklep z Dronami","description":"IRONSKY.PL Sklep z Dronami","potentialAction":[{"@type":"SearchAction","target":{"@type":"EntryPoint","urlTemplate":"https:\/\/ironsky.pl\/sklep\/?s={search_term_string}"},"query-input":{"@type":"PropertyValueSpecification","valueRequired":true,"valueName":"search_term_string"}}],"inLanguage":"pl-PL"}]}},"_links":{"self":[{"href":"https:\/\/ironsky.pl\/sklep\/wp-json\/wp\/v2\/product\/58011","targetHints":{"allow":["GET"]}}],"collection":[{"href":"https:\/\/ironsky.pl\/sklep\/wp-json\/wp\/v2\/product"}],"about":[{"href":"https:\/\/ironsky.pl\/sklep\/wp-json\/wp\/v2\/types\/product"}],"replies":[{"embeddable":true,"href":"https:\/\/ironsky.pl\/sklep\/wp-json\/wp\/v2\/comments?post=58011"}],"wp:featuredmedia":[{"embeddable":true,"href":"https:\/\/ironsky.pl\/sklep\/wp-json\/wp\/v2\/media\/58012"}],"wp:attachment":[{"href":"https:\/\/ironsky.pl\/sklep\/wp-json\/wp\/v2\/media?parent=58011"}],"wp:term":[{"taxonomy":"product_brand","embeddable":true,"href":"https:\/\/ironsky.pl\/sklep\/wp-json\/wp\/v2\/product_brand?post=58011"},{"taxonomy":"product_cat","embeddable":true,"href":"https:\/\/ironsky.pl\/sklep\/wp-json\/wp\/v2\/product_cat?post=58011"},{"taxonomy":"product_tag","embeddable":true,"href":"https:\/\/ironsky.pl\/sklep\/wp-json\/wp\/v2\/product_tag?post=58011"}],"curies":[{"name":"wp","href":"https:\/\/api.w.org\/{rel}","templated":true}]}}