{"id":57994,"date":"2026-04-15T10:32:00","date_gmt":"2026-04-15T08:32:00","guid":{"rendered":"https:\/\/ironsky.pl\/sklep\/produkt\/statyw-kf-concept-ms02-34cm-kf09-128\/"},"modified":"2026-04-15T10:32:11","modified_gmt":"2026-04-15T08:32:11","slug":"statyw-kf-concept-ms02-34cm-kf09-128","status":"publish","type":"product","link":"https:\/\/ironsky.pl\/sklep\/produkt\/statyw-kf-concept-ms02-34cm-kf09-128\/","title":{"rendered":"Statyw K&#038;F CONCEPT MS02 34cm (KF09.128)"},"content":{"rendered":"<h3>Statyw na telefon K&amp;F Concept MS02 13.4&#8217;\/34cm (KF09.128)<\/h3>\n<p>Zabierz statyw K&amp;F Concepet ze sob\u0105 w podr\u00f3\u017c i uchwy\u0107 wszystkie niezapomniane chwile! Akcesorium sprawdzi si\u0119 nie tylko jako statyw, ale r\u00f3wnie\u017c selfie stick, umo\u017cliwiaj\u0105c Ci tworzenie idealnych zdj\u0119\u0107 grupowych. Przemy\u015blana konstrukcja zapewnia niezb\u0119dn\u0105 stabilno\u015b\u0107 w ka\u017cdej sytuacji, a do\u0142\u0105czony do zestawu pilot zdalnego sterowania u\u0142atwi Ci wykonywanie fotografii na odleg\u0142o\u015b\u0107.<\/p>\n<p><img decoding=\"async\" src=\"https:\/\/assets.innpro.pl\/4795\/5544\/1.jpg\" border=\"0\" \/><\/p>\n<h3>Pe\u0142na swoboda kadrowania<\/h3>\n<p>Bez wzgl\u0119du na to, czy fotografujesz krajobrazy, portrety czy dynamiczne sceny sportowe, ten statyw pozwoli Ci na tworzenie idealnych uj\u0119\u0107 w ka\u017cdej sytuacji. Dzi\u0119ki g\u0142owicy kulowej mo\u017cesz wygodnie obraca\u0107 urz\u0105dzenie o 360\u00b0 poziomo i 90\u00b0 pionowo, uzyskuj\u0105c pe\u0142n\u0105 kontrol\u0119 nad Twoimi kadrami. Co wi\u0119cej, mo\u017cliwo\u015b\u0107 regulacji wysoko\u015bci w zakresie od 13 do 34 cm pozwoli Ci dostosowa\u0107 statyw do konkretnych potrzeb, umo\u017cliwiaj\u0105c zar\u00f3wno niskie uj\u0119cia z perspektywy gruntu, jak i wy\u017csze ustawienia dla lepszych panoram.<\/p>\n<p><img decoding=\"async\" src=\"https:\/\/assets.innpro.pl\/4795\/5544\/3.jpg\" border=\"0\" \/><\/p>\n<h3>Stabilno\u015b\u0107 na pierwszym miejscu<\/h3>\n<p>Zapomnij o niechcianych wstrz\u0105sach i niepewnych uj\u0119ciach! Statyw gwarantuje niezb\u0119dn\u0105 stabilno\u015b\u0107 nawet w trudnych warunkach. Dzi\u0119ki antypo\u015blizgowym elementom na n\u00f3\u017ckach nie musisz obawia\u0107 si\u0119 przesuwania si\u0119 statywu podczas ustawiania idealnego kadru.<\/p>\n<p><img decoding=\"async\" src=\"https:\/\/assets.innpro.pl\/4795\/5544\/7.jpg\" border=\"0\" \/><\/p>\n<h3>Wygodne sterowanie<\/h3>\n<p>W zestawie znajdziesz praktyczny pilot zdalnego sterowania, kt\u00f3ry b\u0142yskawicznie sparujesz ze swoim smartfonem za pomoc\u0105 Bluetooth. Dzi\u0119ki niemu mo\u017cesz wygodnie robi\u0107 zdj\u0119\u0107 lub nagrywa\u0107 wideo w promieniu 10 metr\u00f3w! Jego nieprzerwany czas pracy si\u0119ga nawet 10 godzin, co oznacza, \u017ce jest got\u00f3w do uchwycenia najwa\u017cniejszych moment\u00f3w przez d\u0142ugi czas.<\/p>\n<p><img decoding=\"async\" src=\"https:\/\/assets.innpro.pl\/4795\/5544\/6.jpg\" border=\"0\" \/><\/p>\n<h3>W zestawie<\/h3>\n<ul class=\"list-disc pl-5\">\n<li>statyw<\/li>\n<li>pilot zdalnego sterowania<\/li>\n<\/ul>\n<div class=\"table-wrapper\">\n<p>\u00a0<\/p>\n<h3>\u00a0<\/h3>\n<table>\n<tbody>\n<tr>\n<th>Producent<\/th>\n<td>K&amp;F Concept<\/td>\n<\/tr>\n<tr>\n<th>Model<\/th>\n<td>KF09.128<\/td>\n<\/tr>\n<tr>\n<th>Kolor<\/th>\n<td>Srebrny<\/td>\n<\/tr>\n<tr>\n<th>Kompatybilno\u015b\u0107<\/th>\n<td>Urz\u0105dzenia o przek\u0105tnej 4.4-7.2\u201d<\/td>\n<\/tr>\n<tr>\n<th>Maksymalne obci\u0105\u017cenie<\/th>\n<td>2 kg<\/td>\n<\/tr>\n<tr>\n<th>Maks. wysoko\u015b\u0107<\/th>\n<td>340 mm<\/td>\n<\/tr>\n<tr>\n<th>Min. wysoko\u015b\u0107<\/th>\n<td>130 mm<\/td>\n<\/tr>\n<tr>\n<th>D\u0142ugo\u015b\u0107 po z\u0142o\u017ceniu<\/th>\n<td>125 mm<\/td>\n<\/tr>\n<tr>\n<th>\u015arednica n\u00f3g<\/th>\n<td>7-16 mm<\/td>\n<\/tr>\n<tr>\n<th>Waga<\/th>\n<td>154 g<\/td>\n<\/tr>\n<tr>\n<th>Materia\u0142<\/th>\n<td>Stop aluminium<\/td>\n<\/tr>\n<tr>\n<th>Zasi\u0119g pilota<\/th>\n<td>10 metr\u00f3w<\/td>\n<\/tr>\n<tr>\n<th>Czas pracy pilota<\/th>\n<td>Do 10 godzin<\/td>\n<\/tr>\n<\/tbody>\n<\/table>\n<\/div>\n","protected":false},"excerpt":{"rendered":"<p>Statyw na telefon K&amp;F Concept MS02 13.4&#8217;\/34cm (KF09.128) Zabierz statyw K&amp;F Concepet ze sob\u0105 w podr\u00f3\u017c i uchwy\u0107 wszystkie niezapomniane<\/p>\n","protected":false},"featured_media":57995,"comment_status":"closed","ping_status":"open","template":"","meta":{"_acf_changed":false},"product_brand":[],"product_cat":[1128,6178,6176,6177,6190,1138],"product_tag":[],"class_list":{"0":"post-57994","1":"product","2":"type-product","3":"status-publish","4":"has-post-thumbnail","6":"product_cat-foto-wideo","7":"product_cat-mocowania","8":"product_cat-selfie-stiki","9":"product_cat-statywy-selfie-stiki","10":"product_cat-statywy-mocowania","11":"product_cat-wysiegniki","12":"pa_okres-gwarancji-5754","13":"pa_producent-kf-concept","15":"first","16":"outofstock","17":"taxable","18":"shipping-taxable","19":"purchasable","20":"product-type-simple"},"acf":[],"yoast_head":"<!-- This site is optimized with the Yoast SEO plugin v27.2 - https:\/\/yoast.com\/product\/yoast-seo-wordpress\/ -->\n<title>Statyw K&amp;F CONCEPT MS02 34cm (KF09.128) - IRONSKY.PL Sklep z Dronami<\/title>\n<meta name=\"description\" content=\"Statyw K&amp;F CONCEPT MS02 34cm (KF09.128) - \u2705 sklep z dronami i fachowym doradztwem. \u2705 Tutaj kupisz produkty DJI, Yuneec, Parrot, Syma i wiele innych, a tak\u017ce kursy i licencje na operatora drona.\" \/>\n<meta name=\"robots\" content=\"index, follow, max-snippet:-1, max-image-preview:large, max-video-preview:-1\" \/>\n<link rel=\"canonical\" href=\"https:\/\/ironsky.pl\/sklep\/produkt\/statyw-kf-concept-ms02-34cm-kf09-128\/\" \/>\n<meta property=\"og:locale\" content=\"pl_PL\" \/>\n<meta property=\"og:type\" content=\"article\" \/>\n<meta property=\"og:title\" content=\"Statyw K&amp;F CONCEPT MS02 34cm (KF09.128) - IRONSKY.PL Sklep z Dronami\" \/>\n<meta property=\"og:description\" content=\"Statyw K&amp;F CONCEPT MS02 34cm (KF09.128) - \u2705 sklep z dronami i fachowym doradztwem. \u2705 Tutaj kupisz produkty DJI, Yuneec, Parrot, Syma i wiele innych, a tak\u017ce kursy i licencje na operatora drona.\" \/>\n<meta property=\"og:url\" content=\"https:\/\/ironsky.pl\/sklep\/produkt\/statyw-kf-concept-ms02-34cm-kf09-128\/\" \/>\n<meta property=\"og:site_name\" content=\"IRONSKY.PL Sklep z Dronami\" \/>\n<meta property=\"article:modified_time\" content=\"2026-04-15T08:32:11+00:00\" \/>\n<meta property=\"og:image\" content=\"https:\/\/ironsky.pl\/sklep\/wp-content\/uploads\/2026\/04\/37979_1.jpg\" \/>\n\t<meta property=\"og:image:width\" content=\"800\" \/>\n\t<meta property=\"og:image:height\" content=\"800\" \/>\n\t<meta property=\"og:image:type\" content=\"image\/jpeg\" \/>\n<meta name=\"twitter:card\" content=\"summary_large_image\" \/>\n<meta name=\"twitter:label1\" content=\"Szacowany czas czytania\" \/>\n\t<meta name=\"twitter:data1\" content=\"2 minuty\" \/>\n<script type=\"application\/ld+json\" class=\"yoast-schema-graph\">{\"@context\":\"https:\/\/schema.org\",\"@graph\":[{\"@type\":\"WebPage\",\"@id\":\"https:\/\/ironsky.pl\/sklep\/produkt\/statyw-kf-concept-ms02-34cm-kf09-128\/\",\"url\":\"https:\/\/ironsky.pl\/sklep\/produkt\/statyw-kf-concept-ms02-34cm-kf09-128\/\",\"name\":\"Statyw K&F CONCEPT MS02 34cm (KF09.128) - IRONSKY.PL Sklep z Dronami\",\"isPartOf\":{\"@id\":\"https:\/\/ironsky.pl\/sklep\/#website\"},\"primaryImageOfPage\":{\"@id\":\"https:\/\/ironsky.pl\/sklep\/produkt\/statyw-kf-concept-ms02-34cm-kf09-128\/#primaryimage\"},\"image\":{\"@id\":\"https:\/\/ironsky.pl\/sklep\/produkt\/statyw-kf-concept-ms02-34cm-kf09-128\/#primaryimage\"},\"thumbnailUrl\":\"https:\/\/ironsky.pl\/sklep\/wp-content\/uploads\/2026\/04\/37979_1.jpg\",\"datePublished\":\"2026-04-15T08:32:00+00:00\",\"dateModified\":\"2026-04-15T08:32:11+00:00\",\"description\":\"Statyw K&F CONCEPT MS02 34cm (KF09.128) - \u2705 sklep z dronami i fachowym doradztwem. \u2705 Tutaj kupisz produkty DJI, Yuneec, Parrot, Syma i wiele innych, a tak\u017ce kursy i licencje na operatora drona.\",\"breadcrumb\":{\"@id\":\"https:\/\/ironsky.pl\/sklep\/produkt\/statyw-kf-concept-ms02-34cm-kf09-128\/#breadcrumb\"},\"inLanguage\":\"pl-PL\",\"potentialAction\":[{\"@type\":\"ReadAction\",\"target\":[\"https:\/\/ironsky.pl\/sklep\/produkt\/statyw-kf-concept-ms02-34cm-kf09-128\/\"]}]},{\"@type\":\"ImageObject\",\"inLanguage\":\"pl-PL\",\"@id\":\"https:\/\/ironsky.pl\/sklep\/produkt\/statyw-kf-concept-ms02-34cm-kf09-128\/#primaryimage\",\"url\":\"https:\/\/ironsky.pl\/sklep\/wp-content\/uploads\/2026\/04\/37979_1.jpg\",\"contentUrl\":\"https:\/\/ironsky.pl\/sklep\/wp-content\/uploads\/2026\/04\/37979_1.jpg\",\"width\":800,\"height\":800},{\"@type\":\"BreadcrumbList\",\"@id\":\"https:\/\/ironsky.pl\/sklep\/produkt\/statyw-kf-concept-ms02-34cm-kf09-128\/#breadcrumb\",\"itemListElement\":[{\"@type\":\"ListItem\",\"position\":1,\"name\":\"Strona g\u0142\u00f3wna\",\"item\":\"https:\/\/ironsky.pl\/sklep\/\"},{\"@type\":\"ListItem\",\"position\":2,\"name\":\"Wszystkie produkty\",\"item\":\"https:\/\/ironsky.pl\/sklep\/produkty\/\"},{\"@type\":\"ListItem\",\"position\":3,\"name\":\"Statyw K&#038;F CONCEPT MS02 34cm (KF09.128)\"}]},{\"@type\":\"WebSite\",\"@id\":\"https:\/\/ironsky.pl\/sklep\/#website\",\"url\":\"https:\/\/ironsky.pl\/sklep\/\",\"name\":\"IRONSKY.PL Sklep z Dronami\",\"description\":\"IRONSKY.PL Sklep z Dronami\",\"potentialAction\":[{\"@type\":\"SearchAction\",\"target\":{\"@type\":\"EntryPoint\",\"urlTemplate\":\"https:\/\/ironsky.pl\/sklep\/?s={search_term_string}\"},\"query-input\":{\"@type\":\"PropertyValueSpecification\",\"valueRequired\":true,\"valueName\":\"search_term_string\"}}],\"inLanguage\":\"pl-PL\"}]}<\/script>\n<!-- \/ Yoast SEO plugin. -->","yoast_head_json":{"title":"Statyw K&F CONCEPT MS02 34cm (KF09.128) - IRONSKY.PL Sklep z Dronami","description":"Statyw K&F CONCEPT MS02 34cm (KF09.128) - \u2705 sklep z dronami i fachowym doradztwem. \u2705 Tutaj kupisz produkty DJI, Yuneec, Parrot, Syma i wiele innych, a tak\u017ce kursy i licencje na operatora drona.","robots":{"index":"index","follow":"follow","max-snippet":"max-snippet:-1","max-image-preview":"max-image-preview:large","max-video-preview":"max-video-preview:-1"},"canonical":"https:\/\/ironsky.pl\/sklep\/produkt\/statyw-kf-concept-ms02-34cm-kf09-128\/","og_locale":"pl_PL","og_type":"article","og_title":"Statyw K&F CONCEPT MS02 34cm (KF09.128) - IRONSKY.PL Sklep z Dronami","og_description":"Statyw K&F CONCEPT MS02 34cm (KF09.128) - \u2705 sklep z dronami i fachowym doradztwem. \u2705 Tutaj kupisz produkty DJI, Yuneec, Parrot, Syma i wiele innych, a tak\u017ce kursy i licencje na operatora drona.","og_url":"https:\/\/ironsky.pl\/sklep\/produkt\/statyw-kf-concept-ms02-34cm-kf09-128\/","og_site_name":"IRONSKY.PL Sklep z Dronami","article_modified_time":"2026-04-15T08:32:11+00:00","og_image":[{"width":800,"height":800,"url":"https:\/\/ironsky.pl\/sklep\/wp-content\/uploads\/2026\/04\/37979_1.jpg","type":"image\/jpeg"}],"twitter_card":"summary_large_image","twitter_misc":{"Szacowany czas czytania":"2 minuty"},"schema":{"@context":"https:\/\/schema.org","@graph":[{"@type":"WebPage","@id":"https:\/\/ironsky.pl\/sklep\/produkt\/statyw-kf-concept-ms02-34cm-kf09-128\/","url":"https:\/\/ironsky.pl\/sklep\/produkt\/statyw-kf-concept-ms02-34cm-kf09-128\/","name":"Statyw K&F CONCEPT MS02 34cm (KF09.128) - IRONSKY.PL Sklep z Dronami","isPartOf":{"@id":"https:\/\/ironsky.pl\/sklep\/#website"},"primaryImageOfPage":{"@id":"https:\/\/ironsky.pl\/sklep\/produkt\/statyw-kf-concept-ms02-34cm-kf09-128\/#primaryimage"},"image":{"@id":"https:\/\/ironsky.pl\/sklep\/produkt\/statyw-kf-concept-ms02-34cm-kf09-128\/#primaryimage"},"thumbnailUrl":"https:\/\/ironsky.pl\/sklep\/wp-content\/uploads\/2026\/04\/37979_1.jpg","datePublished":"2026-04-15T08:32:00+00:00","dateModified":"2026-04-15T08:32:11+00:00","description":"Statyw K&F CONCEPT MS02 34cm (KF09.128) - \u2705 sklep z dronami i fachowym doradztwem. \u2705 Tutaj kupisz produkty DJI, Yuneec, Parrot, Syma i wiele innych, a tak\u017ce kursy i licencje na operatora drona.","breadcrumb":{"@id":"https:\/\/ironsky.pl\/sklep\/produkt\/statyw-kf-concept-ms02-34cm-kf09-128\/#breadcrumb"},"inLanguage":"pl-PL","potentialAction":[{"@type":"ReadAction","target":["https:\/\/ironsky.pl\/sklep\/produkt\/statyw-kf-concept-ms02-34cm-kf09-128\/"]}]},{"@type":"ImageObject","inLanguage":"pl-PL","@id":"https:\/\/ironsky.pl\/sklep\/produkt\/statyw-kf-concept-ms02-34cm-kf09-128\/#primaryimage","url":"https:\/\/ironsky.pl\/sklep\/wp-content\/uploads\/2026\/04\/37979_1.jpg","contentUrl":"https:\/\/ironsky.pl\/sklep\/wp-content\/uploads\/2026\/04\/37979_1.jpg","width":800,"height":800},{"@type":"BreadcrumbList","@id":"https:\/\/ironsky.pl\/sklep\/produkt\/statyw-kf-concept-ms02-34cm-kf09-128\/#breadcrumb","itemListElement":[{"@type":"ListItem","position":1,"name":"Strona g\u0142\u00f3wna","item":"https:\/\/ironsky.pl\/sklep\/"},{"@type":"ListItem","position":2,"name":"Wszystkie produkty","item":"https:\/\/ironsky.pl\/sklep\/produkty\/"},{"@type":"ListItem","position":3,"name":"Statyw K&#038;F CONCEPT MS02 34cm (KF09.128)"}]},{"@type":"WebSite","@id":"https:\/\/ironsky.pl\/sklep\/#website","url":"https:\/\/ironsky.pl\/sklep\/","name":"IRONSKY.PL Sklep z Dronami","description":"IRONSKY.PL Sklep z Dronami","potentialAction":[{"@type":"SearchAction","target":{"@type":"EntryPoint","urlTemplate":"https:\/\/ironsky.pl\/sklep\/?s={search_term_string}"},"query-input":{"@type":"PropertyValueSpecification","valueRequired":true,"valueName":"search_term_string"}}],"inLanguage":"pl-PL"}]}},"_links":{"self":[{"href":"https:\/\/ironsky.pl\/sklep\/wp-json\/wp\/v2\/product\/57994","targetHints":{"allow":["GET"]}}],"collection":[{"href":"https:\/\/ironsky.pl\/sklep\/wp-json\/wp\/v2\/product"}],"about":[{"href":"https:\/\/ironsky.pl\/sklep\/wp-json\/wp\/v2\/types\/product"}],"replies":[{"embeddable":true,"href":"https:\/\/ironsky.pl\/sklep\/wp-json\/wp\/v2\/comments?post=57994"}],"wp:featuredmedia":[{"embeddable":true,"href":"https:\/\/ironsky.pl\/sklep\/wp-json\/wp\/v2\/media\/57995"}],"wp:attachment":[{"href":"https:\/\/ironsky.pl\/sklep\/wp-json\/wp\/v2\/media?parent=57994"}],"wp:term":[{"taxonomy":"product_brand","embeddable":true,"href":"https:\/\/ironsky.pl\/sklep\/wp-json\/wp\/v2\/product_brand?post=57994"},{"taxonomy":"product_cat","embeddable":true,"href":"https:\/\/ironsky.pl\/sklep\/wp-json\/wp\/v2\/product_cat?post=57994"},{"taxonomy":"product_tag","embeddable":true,"href":"https:\/\/ironsky.pl\/sklep\/wp-json\/wp\/v2\/product_tag?post=57994"}],"curies":[{"name":"wp","href":"https:\/\/api.w.org\/{rel}","templated":true}]}}