{"id":57989,"date":"2026-04-15T10:32:00","date_gmt":"2026-04-15T08:32:00","guid":{"rendered":"https:\/\/ironsky.pl\/sklep\/produkt\/plecak-fotograficzny-kf-concept-alpha-25l\/"},"modified":"2026-04-15T10:32:06","modified_gmt":"2026-04-15T08:32:06","slug":"plecak-fotograficzny-kf-concept-alpha-25l","status":"publish","type":"product","link":"https:\/\/ironsky.pl\/sklep\/produkt\/plecak-fotograficzny-kf-concept-alpha-25l\/","title":{"rendered":"Plecak fotograficzny K&#038;F Concept Alpha 25L"},"content":{"rendered":"<h3>Plecak fotograficzny 25L K&amp;F Concept Alpha<\/h3>\n<\/p>\n<p>Plecak Alpha Backpack 25L od K&amp;F Concept to nie tylko eleganckie i nowoczesne rozwi\u0105zanie dla ka\u017cdego fotografa, ale przede wszystkim funkcjonalne i przemy\u015blane narz\u0119dzie, kt\u00f3re sprawdzi si\u0119 w ka\u017cdych warunkach. Wykonany z wysokiej jako\u015bci materia\u0142\u00f3w plecak pomie\u015bci dwie kamery, cztery obiektywy, 15,6-calowego laptopa, 12,9-calowy tablet, statyw oraz niezb\u0119dne akcesoria, a tak\u017ce osobiste rzeczy, takie jak odzie\u017c czy r\u0119cznik. To niezawodny kompan ka\u017cdej fotograficznej przygody!<\/p>\n<\/p>\n<p>\n<img decoding=\"async\" src=\"https:\/\/assets.innpro.pl\/4680\/5409\/1.jpg\" border=\"0\" \/>\n<\/p>\n<h3>Przestrze\u0144 dostosowana do Twoich potrzeb<\/h3>\n<\/p>\n<p>Dzi\u0119ki regulowanym, wyjmowanym przegr\u00f3dkom mo\u017cesz dostosowa\u0107 wn\u0119trze plecaka do w\u0142asnych potrzeb, zabezpieczaj\u0105c sprz\u0119t i maksymalizuj\u0105c dost\u0119pn\u0105 przestrze\u0144. Konstrukcja plecaka pozwala na szybki i \u0142atwy dost\u0119p do Twojego sprz\u0119tu z ka\u017cdej strony, co jest nieocenione w sytuacjach wymagaj\u0105cych szybkiego reagowania.<\/p>\n<\/p>\n<p>\n<img decoding=\"async\" src=\"https:\/\/assets.innpro.pl\/4680\/5409\/6.jpg\" border=\"0\" \/>\n<\/p>\n<h3>Innowacyjno\u015b\u0107 i komfort w ka\u017cdym detalu<\/h3>\n<\/p>\n<p>Patentowany, ruchomy zamek i odpinany pasek na rami\u0119 zapewniaj\u0105 komfort noszenia plecaka w zale\u017cno\u015bci od preferencji i budowy cia\u0142a u\u017cytkownika. Mo\u017cliwo\u015b\u0107 zmiany plecaka w torb\u0119 na rami\u0119 dodaje wszechstronno\u015bci i adaptacyjno\u015bci do dynamicznego \u015brodowiska pracy fotografa. Z tym plecakiem jeste\u015b got\u00f3w na ka\u017cde warunki i niespodziewane zmiany!<\/p>\n<\/p>\n<p>\n<img decoding=\"async\" src=\"https:\/\/assets.innpro.pl\/4680\/5409\/2.jpg\" border=\"0\" \/>\n<\/p>\n<h3>Bezpiecze\u0144stwo sprz\u0119tu na najwy\u017cszym poziomie<\/h3>\n<\/p>\n<p>Struktura plecaka z ram\u0105 H zapewnia odpowiednie wsparcie przy minimalnej wadze, a materia\u0142y wodoodporne wraz z dodatkow\u0105, uszczelnion\u0105 os\u0142on\u0105 przeciwdeszczow\u0105 gwarantuj\u0105 ochron\u0119 sprz\u0119tu w ka\u017cdych warunkach. Plecak zosta\u0142 zaprojektowany z my\u015bl\u0105 o ochronie Twojego cennego sprz\u0119tu, niezale\u017cnie od pogody!<\/p>\n<\/p>\n<p>\n<img decoding=\"async\" src=\"https:\/\/assets.innpro.pl\/4680\/5409\/4.jpg\" border=\"0\" \/>\n<\/p>\n<h3>Ergonomiczne wsparcie dla Twojego komfortu<\/h3>\n<\/p>\n<p>Ergonomicznie zaprojektowany tylny panel z siatki Air Mesh zapewnia cyrkulacj\u0119 powietrza i r\u00f3wnomierny rozk\u0142ad ci\u0119\u017caru, co jest kluczowe podczas d\u0142ugich w\u0119dr\u00f3wek czy podr\u00f3\u017cy. Poczuj r\u00f3\u017cnic\u0119 w komforcie, nawet kiedy plecak jest w pe\u0142ni za\u0142adowany, i ciesz si\u0119 ka\u017cd\u0105 fotograficzn\u0105 przygod\u0105 bez obci\u0105\u017cenia.<\/p>\n<\/p>\n<p>\n<img decoding=\"async\" src=\"https:\/\/assets.innpro.pl\/4680\/5409\/5.jpg\" border=\"0\" \/>\n<\/p>\n<h3>W zestawie<\/h3>\n<p>Plecak<\/p>\n<p>Przegr\u00f3dki x 3<\/p>\n<p>Os\u0142ona przeciwdeszczowa<\/p>\n<p>Pasek na klatk\u0119 piersiow\u0105 x 1<\/p>\n<p>Paski pomocnicze x 2<\/p>\n<div class=\"table-wrapper\">\n<p>\u00a0<\/p>\n<h3><\/h3>\n<table>\n<tbody>\n<tr>\n<th>Producent<\/th>\n<td>K&amp;F Concept<\/td>\n<\/tr>\n<tr>\n<th>Model<\/th>\n<td>Alpha Backpack<\/td>\n<\/tr>\n<tr>\n<th>Pojemno\u015b\u0107<\/th>\n<td>25L + 1.5L<\/td>\n<\/tr>\n<tr>\n<th>Materia\u0142<\/th>\n<td>840D<\/td>\n<\/tr>\n<tr>\n<th>Wymairy zewn\u0119trzne<\/th>\n<td>30 x 24 x 45 cm<\/td>\n<\/tr>\n<tr>\n<th>Waga<\/th>\n<td>2,1 kg<\/td>\n<\/tr>\n<\/tbody>\n<\/table>\n<\/div>\n","protected":false},"excerpt":{"rendered":"<p>Plecak fotograficzny 25L K&amp;F Concept Alpha Plecak Alpha Backpack 25L od K&amp;F Concept to nie tylko eleganckie i nowoczesne rozwi\u0105zanie<\/p>\n","protected":false},"featured_media":57990,"comment_status":"closed","ping_status":"open","template":"","meta":{"_acf_changed":false},"product_brand":[],"product_cat":[1128,6185,6172],"product_tag":[],"class_list":{"0":"post-57989","1":"product","2":"type-product","3":"status-publish","4":"has-post-thumbnail","6":"product_cat-foto-wideo","7":"product_cat-plecaki","8":"product_cat-przechowywanie-i-transport","9":"pa_okres-gwarancji-5754","10":"pa_producent-kf-concept","12":"first","13":"outofstock","14":"taxable","15":"shipping-taxable","16":"purchasable","17":"product-type-simple"},"acf":[],"yoast_head":"<!-- This site is optimized with the Yoast SEO plugin v27.2 - https:\/\/yoast.com\/product\/yoast-seo-wordpress\/ -->\n<title>Plecak fotograficzny K&amp;F Concept Alpha 25L - IRONSKY.PL Sklep z Dronami<\/title>\n<meta name=\"description\" content=\"Plecak fotograficzny K&amp;F Concept Alpha 25L - \u2705 sklep z dronami i fachowym doradztwem. \u2705 Tutaj kupisz produkty DJI, Yuneec, Parrot, Syma i wiele innych, a tak\u017ce kursy i licencje na operatora drona.\" \/>\n<meta name=\"robots\" content=\"index, follow, max-snippet:-1, max-image-preview:large, max-video-preview:-1\" \/>\n<link rel=\"canonical\" href=\"https:\/\/ironsky.pl\/sklep\/produkt\/plecak-fotograficzny-kf-concept-alpha-25l\/\" \/>\n<meta property=\"og:locale\" content=\"pl_PL\" \/>\n<meta property=\"og:type\" content=\"article\" \/>\n<meta property=\"og:title\" content=\"Plecak fotograficzny K&amp;F Concept Alpha 25L - IRONSKY.PL Sklep z Dronami\" \/>\n<meta property=\"og:description\" content=\"Plecak fotograficzny K&amp;F Concept Alpha 25L - \u2705 sklep z dronami i fachowym doradztwem. \u2705 Tutaj kupisz produkty DJI, Yuneec, Parrot, Syma i wiele innych, a tak\u017ce kursy i licencje na operatora drona.\" \/>\n<meta property=\"og:url\" content=\"https:\/\/ironsky.pl\/sklep\/produkt\/plecak-fotograficzny-kf-concept-alpha-25l\/\" \/>\n<meta property=\"og:site_name\" content=\"IRONSKY.PL Sklep z Dronami\" \/>\n<meta property=\"article:modified_time\" content=\"2026-04-15T08:32:06+00:00\" \/>\n<meta property=\"og:image\" content=\"https:\/\/ironsky.pl\/sklep\/wp-content\/uploads\/2026\/04\/37966_3.jpg\" \/>\n\t<meta property=\"og:image:width\" content=\"800\" \/>\n\t<meta property=\"og:image:height\" content=\"800\" \/>\n\t<meta property=\"og:image:type\" content=\"image\/jpeg\" \/>\n<meta name=\"twitter:card\" content=\"summary_large_image\" \/>\n<meta name=\"twitter:label1\" content=\"Szacowany czas czytania\" \/>\n\t<meta name=\"twitter:data1\" content=\"2 minuty\" \/>\n<script type=\"application\/ld+json\" class=\"yoast-schema-graph\">{\"@context\":\"https:\/\/schema.org\",\"@graph\":[{\"@type\":\"WebPage\",\"@id\":\"https:\/\/ironsky.pl\/sklep\/produkt\/plecak-fotograficzny-kf-concept-alpha-25l\/\",\"url\":\"https:\/\/ironsky.pl\/sklep\/produkt\/plecak-fotograficzny-kf-concept-alpha-25l\/\",\"name\":\"Plecak fotograficzny K&F Concept Alpha 25L - IRONSKY.PL Sklep z Dronami\",\"isPartOf\":{\"@id\":\"https:\/\/ironsky.pl\/sklep\/#website\"},\"primaryImageOfPage\":{\"@id\":\"https:\/\/ironsky.pl\/sklep\/produkt\/plecak-fotograficzny-kf-concept-alpha-25l\/#primaryimage\"},\"image\":{\"@id\":\"https:\/\/ironsky.pl\/sklep\/produkt\/plecak-fotograficzny-kf-concept-alpha-25l\/#primaryimage\"},\"thumbnailUrl\":\"https:\/\/ironsky.pl\/sklep\/wp-content\/uploads\/2026\/04\/37966_3.jpg\",\"datePublished\":\"2026-04-15T08:32:00+00:00\",\"dateModified\":\"2026-04-15T08:32:06+00:00\",\"description\":\"Plecak fotograficzny K&F Concept Alpha 25L - \u2705 sklep z dronami i fachowym doradztwem. \u2705 Tutaj kupisz produkty DJI, Yuneec, Parrot, Syma i wiele innych, a tak\u017ce kursy i licencje na operatora drona.\",\"breadcrumb\":{\"@id\":\"https:\/\/ironsky.pl\/sklep\/produkt\/plecak-fotograficzny-kf-concept-alpha-25l\/#breadcrumb\"},\"inLanguage\":\"pl-PL\",\"potentialAction\":[{\"@type\":\"ReadAction\",\"target\":[\"https:\/\/ironsky.pl\/sklep\/produkt\/plecak-fotograficzny-kf-concept-alpha-25l\/\"]}]},{\"@type\":\"ImageObject\",\"inLanguage\":\"pl-PL\",\"@id\":\"https:\/\/ironsky.pl\/sklep\/produkt\/plecak-fotograficzny-kf-concept-alpha-25l\/#primaryimage\",\"url\":\"https:\/\/ironsky.pl\/sklep\/wp-content\/uploads\/2026\/04\/37966_3.jpg\",\"contentUrl\":\"https:\/\/ironsky.pl\/sklep\/wp-content\/uploads\/2026\/04\/37966_3.jpg\",\"width\":800,\"height\":800},{\"@type\":\"BreadcrumbList\",\"@id\":\"https:\/\/ironsky.pl\/sklep\/produkt\/plecak-fotograficzny-kf-concept-alpha-25l\/#breadcrumb\",\"itemListElement\":[{\"@type\":\"ListItem\",\"position\":1,\"name\":\"Strona g\u0142\u00f3wna\",\"item\":\"https:\/\/ironsky.pl\/sklep\/\"},{\"@type\":\"ListItem\",\"position\":2,\"name\":\"Wszystkie produkty\",\"item\":\"https:\/\/ironsky.pl\/sklep\/produkty\/\"},{\"@type\":\"ListItem\",\"position\":3,\"name\":\"Plecak fotograficzny K&#038;F Concept Alpha 25L\"}]},{\"@type\":\"WebSite\",\"@id\":\"https:\/\/ironsky.pl\/sklep\/#website\",\"url\":\"https:\/\/ironsky.pl\/sklep\/\",\"name\":\"IRONSKY.PL Sklep z Dronami\",\"description\":\"IRONSKY.PL Sklep z Dronami\",\"potentialAction\":[{\"@type\":\"SearchAction\",\"target\":{\"@type\":\"EntryPoint\",\"urlTemplate\":\"https:\/\/ironsky.pl\/sklep\/?s={search_term_string}\"},\"query-input\":{\"@type\":\"PropertyValueSpecification\",\"valueRequired\":true,\"valueName\":\"search_term_string\"}}],\"inLanguage\":\"pl-PL\"}]}<\/script>\n<!-- \/ Yoast SEO plugin. -->","yoast_head_json":{"title":"Plecak fotograficzny K&F Concept Alpha 25L - IRONSKY.PL Sklep z Dronami","description":"Plecak fotograficzny K&F Concept Alpha 25L - \u2705 sklep z dronami i fachowym doradztwem. \u2705 Tutaj kupisz produkty DJI, Yuneec, Parrot, Syma i wiele innych, a tak\u017ce kursy i licencje na operatora drona.","robots":{"index":"index","follow":"follow","max-snippet":"max-snippet:-1","max-image-preview":"max-image-preview:large","max-video-preview":"max-video-preview:-1"},"canonical":"https:\/\/ironsky.pl\/sklep\/produkt\/plecak-fotograficzny-kf-concept-alpha-25l\/","og_locale":"pl_PL","og_type":"article","og_title":"Plecak fotograficzny K&F Concept Alpha 25L - IRONSKY.PL Sklep z Dronami","og_description":"Plecak fotograficzny K&F Concept Alpha 25L - \u2705 sklep z dronami i fachowym doradztwem. \u2705 Tutaj kupisz produkty DJI, Yuneec, Parrot, Syma i wiele innych, a tak\u017ce kursy i licencje na operatora drona.","og_url":"https:\/\/ironsky.pl\/sklep\/produkt\/plecak-fotograficzny-kf-concept-alpha-25l\/","og_site_name":"IRONSKY.PL Sklep z Dronami","article_modified_time":"2026-04-15T08:32:06+00:00","og_image":[{"width":800,"height":800,"url":"https:\/\/ironsky.pl\/sklep\/wp-content\/uploads\/2026\/04\/37966_3.jpg","type":"image\/jpeg"}],"twitter_card":"summary_large_image","twitter_misc":{"Szacowany czas czytania":"2 minuty"},"schema":{"@context":"https:\/\/schema.org","@graph":[{"@type":"WebPage","@id":"https:\/\/ironsky.pl\/sklep\/produkt\/plecak-fotograficzny-kf-concept-alpha-25l\/","url":"https:\/\/ironsky.pl\/sklep\/produkt\/plecak-fotograficzny-kf-concept-alpha-25l\/","name":"Plecak fotograficzny K&F Concept Alpha 25L - IRONSKY.PL Sklep z Dronami","isPartOf":{"@id":"https:\/\/ironsky.pl\/sklep\/#website"},"primaryImageOfPage":{"@id":"https:\/\/ironsky.pl\/sklep\/produkt\/plecak-fotograficzny-kf-concept-alpha-25l\/#primaryimage"},"image":{"@id":"https:\/\/ironsky.pl\/sklep\/produkt\/plecak-fotograficzny-kf-concept-alpha-25l\/#primaryimage"},"thumbnailUrl":"https:\/\/ironsky.pl\/sklep\/wp-content\/uploads\/2026\/04\/37966_3.jpg","datePublished":"2026-04-15T08:32:00+00:00","dateModified":"2026-04-15T08:32:06+00:00","description":"Plecak fotograficzny K&F Concept Alpha 25L - \u2705 sklep z dronami i fachowym doradztwem. \u2705 Tutaj kupisz produkty DJI, Yuneec, Parrot, Syma i wiele innych, a tak\u017ce kursy i licencje na operatora drona.","breadcrumb":{"@id":"https:\/\/ironsky.pl\/sklep\/produkt\/plecak-fotograficzny-kf-concept-alpha-25l\/#breadcrumb"},"inLanguage":"pl-PL","potentialAction":[{"@type":"ReadAction","target":["https:\/\/ironsky.pl\/sklep\/produkt\/plecak-fotograficzny-kf-concept-alpha-25l\/"]}]},{"@type":"ImageObject","inLanguage":"pl-PL","@id":"https:\/\/ironsky.pl\/sklep\/produkt\/plecak-fotograficzny-kf-concept-alpha-25l\/#primaryimage","url":"https:\/\/ironsky.pl\/sklep\/wp-content\/uploads\/2026\/04\/37966_3.jpg","contentUrl":"https:\/\/ironsky.pl\/sklep\/wp-content\/uploads\/2026\/04\/37966_3.jpg","width":800,"height":800},{"@type":"BreadcrumbList","@id":"https:\/\/ironsky.pl\/sklep\/produkt\/plecak-fotograficzny-kf-concept-alpha-25l\/#breadcrumb","itemListElement":[{"@type":"ListItem","position":1,"name":"Strona g\u0142\u00f3wna","item":"https:\/\/ironsky.pl\/sklep\/"},{"@type":"ListItem","position":2,"name":"Wszystkie produkty","item":"https:\/\/ironsky.pl\/sklep\/produkty\/"},{"@type":"ListItem","position":3,"name":"Plecak fotograficzny K&#038;F Concept Alpha 25L"}]},{"@type":"WebSite","@id":"https:\/\/ironsky.pl\/sklep\/#website","url":"https:\/\/ironsky.pl\/sklep\/","name":"IRONSKY.PL Sklep z Dronami","description":"IRONSKY.PL Sklep z Dronami","potentialAction":[{"@type":"SearchAction","target":{"@type":"EntryPoint","urlTemplate":"https:\/\/ironsky.pl\/sklep\/?s={search_term_string}"},"query-input":{"@type":"PropertyValueSpecification","valueRequired":true,"valueName":"search_term_string"}}],"inLanguage":"pl-PL"}]}},"_links":{"self":[{"href":"https:\/\/ironsky.pl\/sklep\/wp-json\/wp\/v2\/product\/57989","targetHints":{"allow":["GET"]}}],"collection":[{"href":"https:\/\/ironsky.pl\/sklep\/wp-json\/wp\/v2\/product"}],"about":[{"href":"https:\/\/ironsky.pl\/sklep\/wp-json\/wp\/v2\/types\/product"}],"replies":[{"embeddable":true,"href":"https:\/\/ironsky.pl\/sklep\/wp-json\/wp\/v2\/comments?post=57989"}],"wp:featuredmedia":[{"embeddable":true,"href":"https:\/\/ironsky.pl\/sklep\/wp-json\/wp\/v2\/media\/57990"}],"wp:attachment":[{"href":"https:\/\/ironsky.pl\/sklep\/wp-json\/wp\/v2\/media?parent=57989"}],"wp:term":[{"taxonomy":"product_brand","embeddable":true,"href":"https:\/\/ironsky.pl\/sklep\/wp-json\/wp\/v2\/product_brand?post=57989"},{"taxonomy":"product_cat","embeddable":true,"href":"https:\/\/ironsky.pl\/sklep\/wp-json\/wp\/v2\/product_cat?post=57989"},{"taxonomy":"product_tag","embeddable":true,"href":"https:\/\/ironsky.pl\/sklep\/wp-json\/wp\/v2\/product_tag?post=57989"}],"curies":[{"name":"wp","href":"https:\/\/api.w.org\/{rel}","templated":true}]}}