{"id":57987,"date":"2026-04-15T10:32:00","date_gmt":"2026-04-15T08:32:00","guid":{"rendered":"https:\/\/ironsky.pl\/sklep\/produkt\/uchwyt-do-telefonu-pgytech-p-cg-187\/"},"modified":"2026-04-15T10:32:04","modified_gmt":"2026-04-15T08:32:04","slug":"uchwyt-do-telefonu-pgytech-p-cg-187","status":"publish","type":"product","link":"https:\/\/ironsky.pl\/sklep\/produkt\/uchwyt-do-telefonu-pgytech-p-cg-187\/","title":{"rendered":"Uchwyt do telefonu PGYTECH P-CG-187"},"content":{"rendered":"<h3>Uniwersalne mocowanie PGYTECH (P-CG-187)<\/h3>\n<\/p>\n<p>U\u0142atw sobie nagrywanie oryginalnych film\u00f3w za pomoc\u0105 smartfona. Uniwersalne mocowanie PGYTECH P-CG-187 pozwoli Ci zamontowa\u0107 telefon na przyk\u0142ad na statywie i przymocowa\u0107 do niego dodatkowe akcesoria, takie jak mikrofon. Jest bardzo proste i wygodne w obs\u0142udze, a dzi\u0119ki kompaktowej, lekkiej konstrukcji mo\u017cesz mie\u0107 je zawsze pod r\u0119k\u0105. Produkt jest kompatybilny ze smartfonami o szeroko\u015bci 60-92 mm.<\/p>\n<\/p>\n<p>\n<img decoding=\"async\" src=\"https:\/\/assets.innpro.pl\/4379\/4953\/1.jpg\" border=\"0\" \/>\n<\/p>\n<h3>Wiele mo\u017cliwo\u015bci<\/h3>\n<\/p>\n<p>Chcesz przymocowa\u0107 do swojego telefonu dodatkowe akcesoria? Mocowanie PGYTECH Ci na to pozwoli! W jego g\u00f3rnej cz\u0119\u015bci znajduje si\u0119 interfejs typu zimna stopka, kt\u00f3ry umo\u017cliwia szybki monta\u017c mikrofonu, o\u015bwietlenia lub innych element\u00f3w. Natomiast na dole akcesorium dost\u0119pny jest otw\u00f3r \u00bc cala, dzi\u0119ki kt\u00f3remu mo\u017cesz wygodnie zamontowa\u0107 telefon na statywie lub selfie sticku.<\/p>\n<\/p>\n<p>\n<img decoding=\"async\" src=\"https:\/\/assets.innpro.pl\/4379\/4953\/5.jpg\" border=\"0\" \/>\n<\/p>\n<h3>Szeroka kompatybilno\u015b\u0107<\/h3>\n<\/p>\n<p>Mocowanie jest kompatybilne z wi\u0119kszo\u015bci\u0105 popularnych modeli smartfon\u00f3w dost\u0119pnych na rynku. Dzi\u0119ki rozk\u0142adanej konstrukcji doskonale pasuje do urz\u0105dze\u0144 o szeroko\u015bci od 60 mm do 92 mm. Co wi\u0119cej, silikonowe uszczelki chroni\u0105 telefon przed zarysowaniem i zapobiegaj\u0105 jego wy\u015blizgni\u0119ciu si\u0119.<\/p>\n<\/p>\n<p>\n<img decoding=\"async\" src=\"https:\/\/assets.innpro.pl\/4379\/4953\/4.jpg\" border=\"0\" \/>\n<\/p>\n<h3>Przemy\u015blana konstrukcja<\/h3>\n<\/p>\n<p>Akcesorium jest bardzo proste i wygodne w obs\u0142udze. Aby dostosowa\u0107 jego szeroko\u015b\u0107, wystarczy nacisn\u0105\u0107 umieszczony z boku przycisk. Wyr\u00f3\u017cnia je tak\u017ce lekka, kompaktowa konstrukcja \u2013 wa\u017cy tylko oko\u0142o 32 g, mo\u017cesz wi\u0119c bez problemu zabra\u0107 je ze sob\u0105 wsz\u0119dzie, gdzie b\u0119dzie Ci potrzebne.<\/p>\n<\/p>\n<p>\n<img decoding=\"async\" src=\"https:\/\/assets.innpro.pl\/4379\/4953\/6.jpg\" border=\"0\" \/>\n<\/p>\n<div class=\"table-wrapper\">\n<p>\u00a0<\/p>\n<h3><\/h3>\n<table>\n<tbody>\n<tr>\n<th>Producent<\/th>\n<td>PGYTECH<\/td>\n<\/tr>\n<tr>\n<th>Nazwa<\/th>\n<td>Versatile Smartphone Holder<\/td>\n<\/tr>\n<tr>\n<th>Model<\/th>\n<td>P-CG-187<\/td>\n<\/tr>\n<tr>\n<th>Materia\u0142<\/th>\n<td>PA, silikon<\/td>\n<\/tr>\n<tr>\n<th>Waga<\/th>\n<td>32 g<\/td>\n<\/tr>\n<tr>\n<th>Wymiary<\/th>\n<td>78 x 33 x 25 mm<\/td>\n<\/tr>\n<\/tbody>\n<\/table>\n<\/div>\n","protected":false},"excerpt":{"rendered":"<p>Uniwersalne mocowanie PGYTECH (P-CG-187) U\u0142atw sobie nagrywanie oryginalnych film\u00f3w za pomoc\u0105 smartfona. Uniwersalne mocowanie PGYTECH P-CG-187 pozwoli Ci zamontowa\u0107 telefon<\/p>\n","protected":false},"featured_media":57988,"comment_status":"closed","ping_status":"open","template":"","meta":{"_acf_changed":false},"product_brand":[],"product_cat":[1128,6178,6176,6177,6181,1138],"product_tag":[],"class_list":{"0":"post-57987","1":"product","2":"type-product","3":"status-publish","4":"has-post-thumbnail","6":"product_cat-foto-wideo","7":"product_cat-mocowania","8":"product_cat-selfie-stiki","9":"product_cat-statywy-selfie-stiki","10":"product_cat-szelki-mocowania-i-uchwyty","11":"product_cat-wysiegniki","12":"pa_okres-gwarancji-5757","13":"pa_producent-pgytech","15":"first","16":"outofstock","17":"taxable","18":"shipping-taxable","19":"purchasable","20":"product-type-simple"},"acf":[],"yoast_head":"<!-- This site is optimized with the Yoast SEO plugin v27.2 - https:\/\/yoast.com\/product\/yoast-seo-wordpress\/ -->\n<title>Uchwyt do telefonu PGYTECH P-CG-187 - IRONSKY.PL Sklep z Dronami<\/title>\n<meta name=\"description\" content=\"Uchwyt do telefonu PGYTECH P-CG-187 - \u2705 sklep z dronami i fachowym doradztwem. \u2705 Tutaj kupisz produkty DJI, Yuneec, Parrot, Syma i wiele innych, a tak\u017ce kursy i licencje na operatora drona.\" \/>\n<meta name=\"robots\" content=\"index, follow, max-snippet:-1, max-image-preview:large, max-video-preview:-1\" \/>\n<link rel=\"canonical\" href=\"https:\/\/ironsky.pl\/sklep\/produkt\/uchwyt-do-telefonu-pgytech-p-cg-187\/\" \/>\n<meta property=\"og:locale\" content=\"pl_PL\" \/>\n<meta property=\"og:type\" content=\"article\" \/>\n<meta property=\"og:title\" content=\"Uchwyt do telefonu PGYTECH P-CG-187 - IRONSKY.PL Sklep z Dronami\" \/>\n<meta property=\"og:description\" content=\"Uchwyt do telefonu PGYTECH P-CG-187 - \u2705 sklep z dronami i fachowym doradztwem. \u2705 Tutaj kupisz produkty DJI, Yuneec, Parrot, Syma i wiele innych, a tak\u017ce kursy i licencje na operatora drona.\" \/>\n<meta property=\"og:url\" content=\"https:\/\/ironsky.pl\/sklep\/produkt\/uchwyt-do-telefonu-pgytech-p-cg-187\/\" \/>\n<meta property=\"og:site_name\" content=\"IRONSKY.PL Sklep z Dronami\" \/>\n<meta property=\"article:modified_time\" content=\"2026-04-15T08:32:04+00:00\" \/>\n<meta property=\"og:image\" content=\"https:\/\/ironsky.pl\/sklep\/wp-content\/uploads\/2026\/04\/37944_1.jpg\" \/>\n\t<meta property=\"og:image:width\" content=\"800\" \/>\n\t<meta property=\"og:image:height\" content=\"800\" \/>\n\t<meta property=\"og:image:type\" content=\"image\/jpeg\" \/>\n<meta name=\"twitter:card\" content=\"summary_large_image\" \/>\n<meta name=\"twitter:label1\" content=\"Szacowany czas czytania\" \/>\n\t<meta name=\"twitter:data1\" content=\"1 minuta\" \/>\n<script type=\"application\/ld+json\" class=\"yoast-schema-graph\">{\"@context\":\"https:\/\/schema.org\",\"@graph\":[{\"@type\":\"WebPage\",\"@id\":\"https:\/\/ironsky.pl\/sklep\/produkt\/uchwyt-do-telefonu-pgytech-p-cg-187\/\",\"url\":\"https:\/\/ironsky.pl\/sklep\/produkt\/uchwyt-do-telefonu-pgytech-p-cg-187\/\",\"name\":\"Uchwyt do telefonu PGYTECH P-CG-187 - IRONSKY.PL Sklep z Dronami\",\"isPartOf\":{\"@id\":\"https:\/\/ironsky.pl\/sklep\/#website\"},\"primaryImageOfPage\":{\"@id\":\"https:\/\/ironsky.pl\/sklep\/produkt\/uchwyt-do-telefonu-pgytech-p-cg-187\/#primaryimage\"},\"image\":{\"@id\":\"https:\/\/ironsky.pl\/sklep\/produkt\/uchwyt-do-telefonu-pgytech-p-cg-187\/#primaryimage\"},\"thumbnailUrl\":\"https:\/\/ironsky.pl\/sklep\/wp-content\/uploads\/2026\/04\/37944_1.jpg\",\"datePublished\":\"2026-04-15T08:32:00+00:00\",\"dateModified\":\"2026-04-15T08:32:04+00:00\",\"description\":\"Uchwyt do telefonu PGYTECH P-CG-187 - \u2705 sklep z dronami i fachowym doradztwem. \u2705 Tutaj kupisz produkty DJI, Yuneec, Parrot, Syma i wiele innych, a tak\u017ce kursy i licencje na operatora drona.\",\"breadcrumb\":{\"@id\":\"https:\/\/ironsky.pl\/sklep\/produkt\/uchwyt-do-telefonu-pgytech-p-cg-187\/#breadcrumb\"},\"inLanguage\":\"pl-PL\",\"potentialAction\":[{\"@type\":\"ReadAction\",\"target\":[\"https:\/\/ironsky.pl\/sklep\/produkt\/uchwyt-do-telefonu-pgytech-p-cg-187\/\"]}]},{\"@type\":\"ImageObject\",\"inLanguage\":\"pl-PL\",\"@id\":\"https:\/\/ironsky.pl\/sklep\/produkt\/uchwyt-do-telefonu-pgytech-p-cg-187\/#primaryimage\",\"url\":\"https:\/\/ironsky.pl\/sklep\/wp-content\/uploads\/2026\/04\/37944_1.jpg\",\"contentUrl\":\"https:\/\/ironsky.pl\/sklep\/wp-content\/uploads\/2026\/04\/37944_1.jpg\",\"width\":800,\"height\":800},{\"@type\":\"BreadcrumbList\",\"@id\":\"https:\/\/ironsky.pl\/sklep\/produkt\/uchwyt-do-telefonu-pgytech-p-cg-187\/#breadcrumb\",\"itemListElement\":[{\"@type\":\"ListItem\",\"position\":1,\"name\":\"Strona g\u0142\u00f3wna\",\"item\":\"https:\/\/ironsky.pl\/sklep\/\"},{\"@type\":\"ListItem\",\"position\":2,\"name\":\"Wszystkie produkty\",\"item\":\"https:\/\/ironsky.pl\/sklep\/produkty\/\"},{\"@type\":\"ListItem\",\"position\":3,\"name\":\"Uchwyt do telefonu PGYTECH P-CG-187\"}]},{\"@type\":\"WebSite\",\"@id\":\"https:\/\/ironsky.pl\/sklep\/#website\",\"url\":\"https:\/\/ironsky.pl\/sklep\/\",\"name\":\"IRONSKY.PL Sklep z Dronami\",\"description\":\"IRONSKY.PL Sklep z Dronami\",\"potentialAction\":[{\"@type\":\"SearchAction\",\"target\":{\"@type\":\"EntryPoint\",\"urlTemplate\":\"https:\/\/ironsky.pl\/sklep\/?s={search_term_string}\"},\"query-input\":{\"@type\":\"PropertyValueSpecification\",\"valueRequired\":true,\"valueName\":\"search_term_string\"}}],\"inLanguage\":\"pl-PL\"}]}<\/script>\n<!-- \/ Yoast SEO plugin. -->","yoast_head_json":{"title":"Uchwyt do telefonu PGYTECH P-CG-187 - IRONSKY.PL Sklep z Dronami","description":"Uchwyt do telefonu PGYTECH P-CG-187 - \u2705 sklep z dronami i fachowym doradztwem. \u2705 Tutaj kupisz produkty DJI, Yuneec, Parrot, Syma i wiele innych, a tak\u017ce kursy i licencje na operatora drona.","robots":{"index":"index","follow":"follow","max-snippet":"max-snippet:-1","max-image-preview":"max-image-preview:large","max-video-preview":"max-video-preview:-1"},"canonical":"https:\/\/ironsky.pl\/sklep\/produkt\/uchwyt-do-telefonu-pgytech-p-cg-187\/","og_locale":"pl_PL","og_type":"article","og_title":"Uchwyt do telefonu PGYTECH P-CG-187 - IRONSKY.PL Sklep z Dronami","og_description":"Uchwyt do telefonu PGYTECH P-CG-187 - \u2705 sklep z dronami i fachowym doradztwem. \u2705 Tutaj kupisz produkty DJI, Yuneec, Parrot, Syma i wiele innych, a tak\u017ce kursy i licencje na operatora drona.","og_url":"https:\/\/ironsky.pl\/sklep\/produkt\/uchwyt-do-telefonu-pgytech-p-cg-187\/","og_site_name":"IRONSKY.PL Sklep z Dronami","article_modified_time":"2026-04-15T08:32:04+00:00","og_image":[{"width":800,"height":800,"url":"https:\/\/ironsky.pl\/sklep\/wp-content\/uploads\/2026\/04\/37944_1.jpg","type":"image\/jpeg"}],"twitter_card":"summary_large_image","twitter_misc":{"Szacowany czas czytania":"1 minuta"},"schema":{"@context":"https:\/\/schema.org","@graph":[{"@type":"WebPage","@id":"https:\/\/ironsky.pl\/sklep\/produkt\/uchwyt-do-telefonu-pgytech-p-cg-187\/","url":"https:\/\/ironsky.pl\/sklep\/produkt\/uchwyt-do-telefonu-pgytech-p-cg-187\/","name":"Uchwyt do telefonu PGYTECH P-CG-187 - IRONSKY.PL Sklep z Dronami","isPartOf":{"@id":"https:\/\/ironsky.pl\/sklep\/#website"},"primaryImageOfPage":{"@id":"https:\/\/ironsky.pl\/sklep\/produkt\/uchwyt-do-telefonu-pgytech-p-cg-187\/#primaryimage"},"image":{"@id":"https:\/\/ironsky.pl\/sklep\/produkt\/uchwyt-do-telefonu-pgytech-p-cg-187\/#primaryimage"},"thumbnailUrl":"https:\/\/ironsky.pl\/sklep\/wp-content\/uploads\/2026\/04\/37944_1.jpg","datePublished":"2026-04-15T08:32:00+00:00","dateModified":"2026-04-15T08:32:04+00:00","description":"Uchwyt do telefonu PGYTECH P-CG-187 - \u2705 sklep z dronami i fachowym doradztwem. \u2705 Tutaj kupisz produkty DJI, Yuneec, Parrot, Syma i wiele innych, a tak\u017ce kursy i licencje na operatora drona.","breadcrumb":{"@id":"https:\/\/ironsky.pl\/sklep\/produkt\/uchwyt-do-telefonu-pgytech-p-cg-187\/#breadcrumb"},"inLanguage":"pl-PL","potentialAction":[{"@type":"ReadAction","target":["https:\/\/ironsky.pl\/sklep\/produkt\/uchwyt-do-telefonu-pgytech-p-cg-187\/"]}]},{"@type":"ImageObject","inLanguage":"pl-PL","@id":"https:\/\/ironsky.pl\/sklep\/produkt\/uchwyt-do-telefonu-pgytech-p-cg-187\/#primaryimage","url":"https:\/\/ironsky.pl\/sklep\/wp-content\/uploads\/2026\/04\/37944_1.jpg","contentUrl":"https:\/\/ironsky.pl\/sklep\/wp-content\/uploads\/2026\/04\/37944_1.jpg","width":800,"height":800},{"@type":"BreadcrumbList","@id":"https:\/\/ironsky.pl\/sklep\/produkt\/uchwyt-do-telefonu-pgytech-p-cg-187\/#breadcrumb","itemListElement":[{"@type":"ListItem","position":1,"name":"Strona g\u0142\u00f3wna","item":"https:\/\/ironsky.pl\/sklep\/"},{"@type":"ListItem","position":2,"name":"Wszystkie produkty","item":"https:\/\/ironsky.pl\/sklep\/produkty\/"},{"@type":"ListItem","position":3,"name":"Uchwyt do telefonu PGYTECH P-CG-187"}]},{"@type":"WebSite","@id":"https:\/\/ironsky.pl\/sklep\/#website","url":"https:\/\/ironsky.pl\/sklep\/","name":"IRONSKY.PL Sklep z Dronami","description":"IRONSKY.PL Sklep z Dronami","potentialAction":[{"@type":"SearchAction","target":{"@type":"EntryPoint","urlTemplate":"https:\/\/ironsky.pl\/sklep\/?s={search_term_string}"},"query-input":{"@type":"PropertyValueSpecification","valueRequired":true,"valueName":"search_term_string"}}],"inLanguage":"pl-PL"}]}},"_links":{"self":[{"href":"https:\/\/ironsky.pl\/sklep\/wp-json\/wp\/v2\/product\/57987","targetHints":{"allow":["GET"]}}],"collection":[{"href":"https:\/\/ironsky.pl\/sklep\/wp-json\/wp\/v2\/product"}],"about":[{"href":"https:\/\/ironsky.pl\/sklep\/wp-json\/wp\/v2\/types\/product"}],"replies":[{"embeddable":true,"href":"https:\/\/ironsky.pl\/sklep\/wp-json\/wp\/v2\/comments?post=57987"}],"wp:featuredmedia":[{"embeddable":true,"href":"https:\/\/ironsky.pl\/sklep\/wp-json\/wp\/v2\/media\/57988"}],"wp:attachment":[{"href":"https:\/\/ironsky.pl\/sklep\/wp-json\/wp\/v2\/media?parent=57987"}],"wp:term":[{"taxonomy":"product_brand","embeddable":true,"href":"https:\/\/ironsky.pl\/sklep\/wp-json\/wp\/v2\/product_brand?post=57987"},{"taxonomy":"product_cat","embeddable":true,"href":"https:\/\/ironsky.pl\/sklep\/wp-json\/wp\/v2\/product_cat?post=57987"},{"taxonomy":"product_tag","embeddable":true,"href":"https:\/\/ironsky.pl\/sklep\/wp-json\/wp\/v2\/product_tag?post=57987"}],"curies":[{"name":"wp","href":"https:\/\/api.w.org\/{rel}","templated":true}]}}