{"id":57986,"date":"2026-04-15T10:32:00","date_gmt":"2026-04-15T08:32:00","guid":{"rendered":"https:\/\/ironsky.pl\/sklep\/produkt\/hub-baseus-t-space-usb-c-lightning-czarny\/"},"modified":"2026-04-15T10:32:01","modified_gmt":"2026-04-15T08:32:01","slug":"hub-baseus-t-space-usb-c-lightning-czarny","status":"publish","type":"product","link":"https:\/\/ironsky.pl\/sklep\/produkt\/hub-baseus-t-space-usb-c-lightning-czarny\/","title":{"rendered":"Hub BASEUS T-Space USB-C-Lightning (czarny)"},"content":{"rendered":"<h3>Hub Baseus T-Space z kablem USB-C do Lightning dla Tesla (czarny)<\/h3>\n<p>Hub Baseus T-Space zosta\u0142 specjalnie zaprojektowany dla Tesli. Oferuje wbudowane porty USB-C i USB-A oraz 2 zwijane kable USB-C, dzi\u0119ki czemu mo\u017cesz \u0142adowa\u0107 4 urz\u0105dzenia jednocze\u015bnie. Dzi\u0119ki wykorzystaniu mocy 45 W nie musisz d\u0142ugo czeka\u0107, a\u017c Tw\u00f3j smartfon b\u0119dzie gotowy do dalszej pracy. Co wi\u0119cej, Baseus Power Split 2.0 automatycznie dostosowuje moc \u0142adowania do pod\u0142\u0105czonego sprz\u0119tu \u2013 mo\u017cesz mie\u0107 pewno\u015b\u0107, \u017ce s\u0105 bezpieczne. <\/p>\n<p><img decoding=\"async\" src=\"https:\/\/b2b.innpro.pl\/data\/include\/cms\/-Baseus\/B00051300111-01\/6.jpg\" alt=\"-Baseus\/B00051300111-01\/6\"><\/p>\n<h3>Szybkie, bezpieczne \u0142adowanie<\/h3>\n<p>Hub Baseus to pierwsze tego typu urz\u0105dzenie przeznaczone do Tesli, kt\u00f3re wykorzystuje technologi\u0119 \u0142adowania GaN. W rezultacie \u0142adowanie jest szybkie i nie powoduje przegrzania sprz\u0119tu. Moc na poziomie 45 W pozwala w kr\u00f3tkim czasie odnowi\u0107 energi\u0119 smartfona, tabletu lub laptopa. Produkt wspiera r\u00f3wnie\u017c r\u00f3\u017cne protoko\u0142y szybkiego \u0142adowania, w tym PD3.0, FCP, SCP, QC3.0 i AFC. Zapewnia te\u017c ochron\u0119 urz\u0105dze\u0144 przed pr\u0105dem przet\u0119\u017ceniowym, zwarciem, przegrzaniem itp. <\/p>\n<p><img decoding=\"async\" src=\"https:\/\/b2b.innpro.pl\/data\/include\/cms\/-Baseus\/B00051300111-01\/1.jpg\" alt=\"-Baseus\/B00051300111-01\/1\"><\/p>\n<h3>Zaprojektowane dla Tesli<\/h3>\n<p>Baseus T-Space jest przeznaczony do Tesli i doskonale wpasowuje si\u0119 w jej wn\u0119trze. Posiada specjaln\u0105 os\u0142on\u0119 chroni\u0105c\u0105 porty i kable przed kurzem lub przypadkowo rozlanym napojem. Z kolei silikonowe wyko\u0144czenie chroni elementy samochodu przed zarysowaniem.    <\/p>\n<p><img decoding=\"async\" src=\"https:\/\/b2b.innpro.pl\/data\/include\/cms\/-Baseus\/B00051300111-01\/5.jpg\" alt=\"-Baseus\/B00051300111-01\/5\"><\/p>\n<h3>Wygodne rozwi\u0105zania<\/h3>\n<p>Wyr\u00f3\u017cnia si\u0119 te\u017c 2 zwijanymi kablami USB-C o d\u0142ugo\u015bciach po 0,8 m, dzi\u0119ki czemu r\u00f3wnie\u017c pasa\u017cerowie siedz\u0105cy z ty\u0142u mog\u0105 z nich korzysta\u0107 \u2013 ich magnetyczne z\u0142\u0105cza u\u0142atwiaj\u0105 przechowywanie. Ponadto porty USB-A i USB-C pozwalaj\u0105 pod\u0142\u0105czy\u0107 dodatkowe urz\u0105dzenia, na przyk\u0142ad s\u0142uchawki TWS czy kontroler do gier. Hub umo\u017cliwia tak\u017ce transfer danych (dost\u0119pne w przypadku modeli 3 oraz Y). <\/p>\n<p><img decoding=\"async\" src=\"https:\/\/b2b.innpro.pl\/data\/include\/cms\/-Baseus\/B00051300111-01\/2.jpg\" alt=\"-Baseus\/B00051300111-01\/2\"><\/p>\n<div class=\"table-wrapper\">\n<table>\n<tbody>\n<tr>\n<th>Producent<\/th>\n<td>Baseus<\/td>\n<\/tr>\n<tr>\n<th>Kod producenta<\/th>\n<td>B00051300111-01<\/td>\n<\/tr>\n<tr>\n<th>Model<\/th>\n<td>TS010<\/td>\n<\/tr>\n<tr>\n<th>Kolor<\/th>\n<td>czarny<\/td>\n<\/tr>\n<tr>\n<th>Materia\u0142<\/th>\n<td>ABS, PC, stop aluminium<\/td>\n<\/tr>\n<tr>\n<th>Napi\u0119cie wej\u015bciowe (USB-C1\/2)<\/th>\n<td>9V\/3A<\/td>\n<\/tr>\n<tr>\n<th>Napi\u0119cie wyj\u015bciowe (kabel 1)<\/th>\n<td>5V\/3A, 9V\/3A, 12V\/2.5A, 15V\/2A, 20V\/1.5A, 30W max.<\/td>\n<\/tr>\n<tr>\n<th>Napi\u0119cie wyj\u015bciowe (kabel 2)<\/th>\n<td>5V\/3A, 9V\/3A, 12V\/3A, 15V\/3A, 20V\/2.25A, 45W max.<\/td>\n<\/tr>\n<tr>\n<th>USB-C<\/th>\n<td>5V\/3A, 9V\/3A, 12V\/2.5A, 15V\/2A, 20V\/1.5A, 30W max.<\/td>\n<\/tr>\n<tr>\n<th>PPS<\/th>\n<td>3.3V-11V, 3.3A<\/td>\n<\/tr>\n<tr>\n<th>USB-A<\/th>\n<td>5V\/2.4A<\/td>\n<\/tr>\n<tr>\n<th>Kabel 1 + kabel 2<\/th>\n<td>30 W + 18 W<\/td>\n<\/tr>\n<tr>\n<th>kabel 1 + kabel 2 + USB-C<\/th>\n<td>18 W + 18 W + 8 W<\/td>\n<\/tr>\n<tr>\n<th>kabel 1 + kabel 2 + USB-C + USB-A<\/th>\n<td>18 W + 8 W + 8 W + 12 W<\/td>\n<\/tr>\n<tr>\n<th>Waga<\/th>\n<td>ok. 318 g<\/td>\n<\/tr>\n<tr>\n<th>Wymiary<\/th>\n<td>196 \u00d7 100 \u00d7 32 mm<\/td>\n<\/tr>\n<\/tbody>\n<\/table>\n<\/div>\n","protected":false},"excerpt":{"rendered":"<p>Hub Baseus T-Space z kablem USB-C do Lightning dla Tesla (czarny) Hub Baseus T-Space zosta\u0142 specjalnie zaprojektowany dla Tesli. Oferuje<\/p>\n","protected":false},"featured_media":44481,"comment_status":"closed","ping_status":"open","template":"","meta":{"_acf_changed":false},"product_brand":[],"product_cat":[5929,5934],"product_tag":[],"class_list":{"0":"post-57986","1":"product","2":"type-product","3":"status-publish","4":"has-post-thumbnail","6":"product_cat-akcesoria-it","7":"product_cat-huby","8":"pa_okres-gwarancji-5754","9":"pa_producent-baseus","11":"first","12":"outofstock","13":"taxable","14":"shipping-taxable","15":"purchasable","16":"product-type-simple"},"acf":[],"yoast_head":"<!-- This site is optimized with the Yoast SEO plugin v27.2 - https:\/\/yoast.com\/product\/yoast-seo-wordpress\/ -->\n<title>Hub BASEUS T-Space USB-C-Lightning (czarny) - IRONSKY.PL Sklep z Dronami<\/title>\n<meta name=\"description\" content=\"Hub BASEUS T-Space USB-C-Lightning (czarny) - \u2705 sklep z dronami i fachowym doradztwem. \u2705 Tutaj kupisz produkty DJI, Yuneec, Parrot, Syma i wiele innych, a tak\u017ce kursy i licencje na operatora drona.\" \/>\n<meta name=\"robots\" content=\"index, follow, max-snippet:-1, max-image-preview:large, max-video-preview:-1\" \/>\n<link rel=\"canonical\" href=\"https:\/\/ironsky.pl\/sklep\/produkt\/hub-baseus-t-space-usb-c-lightning-czarny\/\" \/>\n<meta property=\"og:locale\" content=\"pl_PL\" \/>\n<meta property=\"og:type\" content=\"article\" \/>\n<meta property=\"og:title\" content=\"Hub BASEUS T-Space USB-C-Lightning (czarny) - IRONSKY.PL Sklep z Dronami\" \/>\n<meta property=\"og:description\" content=\"Hub BASEUS T-Space USB-C-Lightning (czarny) - \u2705 sklep z dronami i fachowym doradztwem. \u2705 Tutaj kupisz produkty DJI, Yuneec, Parrot, Syma i wiele innych, a tak\u017ce kursy i licencje na operatora drona.\" \/>\n<meta property=\"og:url\" content=\"https:\/\/ironsky.pl\/sklep\/produkt\/hub-baseus-t-space-usb-c-lightning-czarny\/\" \/>\n<meta property=\"og:site_name\" content=\"IRONSKY.PL Sklep z Dronami\" \/>\n<meta property=\"article:modified_time\" content=\"2026-04-15T08:32:01+00:00\" \/>\n<meta property=\"og:image\" content=\"https:\/\/ironsky.pl\/sklep\/wp-content\/uploads\/2025\/06\/37892_1.jpg\" \/>\n\t<meta property=\"og:image:width\" content=\"800\" \/>\n\t<meta property=\"og:image:height\" content=\"800\" \/>\n\t<meta property=\"og:image:type\" content=\"image\/jpeg\" \/>\n<meta name=\"twitter:card\" content=\"summary_large_image\" \/>\n<meta name=\"twitter:label1\" content=\"Szacowany czas czytania\" \/>\n\t<meta name=\"twitter:data1\" content=\"2 minuty\" \/>\n<script type=\"application\/ld+json\" class=\"yoast-schema-graph\">{\"@context\":\"https:\/\/schema.org\",\"@graph\":[{\"@type\":\"WebPage\",\"@id\":\"https:\/\/ironsky.pl\/sklep\/produkt\/hub-baseus-t-space-usb-c-lightning-czarny\/\",\"url\":\"https:\/\/ironsky.pl\/sklep\/produkt\/hub-baseus-t-space-usb-c-lightning-czarny\/\",\"name\":\"Hub BASEUS T-Space USB-C-Lightning (czarny) - IRONSKY.PL Sklep z Dronami\",\"isPartOf\":{\"@id\":\"https:\/\/ironsky.pl\/sklep\/#website\"},\"primaryImageOfPage\":{\"@id\":\"https:\/\/ironsky.pl\/sklep\/produkt\/hub-baseus-t-space-usb-c-lightning-czarny\/#primaryimage\"},\"image\":{\"@id\":\"https:\/\/ironsky.pl\/sklep\/produkt\/hub-baseus-t-space-usb-c-lightning-czarny\/#primaryimage\"},\"thumbnailUrl\":\"https:\/\/ironsky.pl\/sklep\/wp-content\/uploads\/2025\/06\/37892_1.jpg\",\"datePublished\":\"2026-04-15T08:32:00+00:00\",\"dateModified\":\"2026-04-15T08:32:01+00:00\",\"description\":\"Hub BASEUS T-Space USB-C-Lightning (czarny) - \u2705 sklep z dronami i fachowym doradztwem. \u2705 Tutaj kupisz produkty DJI, Yuneec, Parrot, Syma i wiele innych, a tak\u017ce kursy i licencje na operatora drona.\",\"breadcrumb\":{\"@id\":\"https:\/\/ironsky.pl\/sklep\/produkt\/hub-baseus-t-space-usb-c-lightning-czarny\/#breadcrumb\"},\"inLanguage\":\"pl-PL\",\"potentialAction\":[{\"@type\":\"ReadAction\",\"target\":[\"https:\/\/ironsky.pl\/sklep\/produkt\/hub-baseus-t-space-usb-c-lightning-czarny\/\"]}]},{\"@type\":\"ImageObject\",\"inLanguage\":\"pl-PL\",\"@id\":\"https:\/\/ironsky.pl\/sklep\/produkt\/hub-baseus-t-space-usb-c-lightning-czarny\/#primaryimage\",\"url\":\"https:\/\/ironsky.pl\/sklep\/wp-content\/uploads\/2025\/06\/37892_1.jpg\",\"contentUrl\":\"https:\/\/ironsky.pl\/sklep\/wp-content\/uploads\/2025\/06\/37892_1.jpg\",\"width\":800,\"height\":800},{\"@type\":\"BreadcrumbList\",\"@id\":\"https:\/\/ironsky.pl\/sklep\/produkt\/hub-baseus-t-space-usb-c-lightning-czarny\/#breadcrumb\",\"itemListElement\":[{\"@type\":\"ListItem\",\"position\":1,\"name\":\"Strona g\u0142\u00f3wna\",\"item\":\"https:\/\/ironsky.pl\/sklep\/\"},{\"@type\":\"ListItem\",\"position\":2,\"name\":\"Wszystkie produkty\",\"item\":\"https:\/\/ironsky.pl\/sklep\/produkty\/\"},{\"@type\":\"ListItem\",\"position\":3,\"name\":\"Hub BASEUS T-Space USB-C-Lightning (czarny)\"}]},{\"@type\":\"WebSite\",\"@id\":\"https:\/\/ironsky.pl\/sklep\/#website\",\"url\":\"https:\/\/ironsky.pl\/sklep\/\",\"name\":\"IRONSKY.PL Sklep z Dronami\",\"description\":\"IRONSKY.PL Sklep z Dronami\",\"potentialAction\":[{\"@type\":\"SearchAction\",\"target\":{\"@type\":\"EntryPoint\",\"urlTemplate\":\"https:\/\/ironsky.pl\/sklep\/?s={search_term_string}\"},\"query-input\":{\"@type\":\"PropertyValueSpecification\",\"valueRequired\":true,\"valueName\":\"search_term_string\"}}],\"inLanguage\":\"pl-PL\"}]}<\/script>\n<!-- \/ Yoast SEO plugin. -->","yoast_head_json":{"title":"Hub BASEUS T-Space USB-C-Lightning (czarny) - IRONSKY.PL Sklep z Dronami","description":"Hub BASEUS T-Space USB-C-Lightning (czarny) - \u2705 sklep z dronami i fachowym doradztwem. \u2705 Tutaj kupisz produkty DJI, Yuneec, Parrot, Syma i wiele innych, a tak\u017ce kursy i licencje na operatora drona.","robots":{"index":"index","follow":"follow","max-snippet":"max-snippet:-1","max-image-preview":"max-image-preview:large","max-video-preview":"max-video-preview:-1"},"canonical":"https:\/\/ironsky.pl\/sklep\/produkt\/hub-baseus-t-space-usb-c-lightning-czarny\/","og_locale":"pl_PL","og_type":"article","og_title":"Hub BASEUS T-Space USB-C-Lightning (czarny) - IRONSKY.PL Sklep z Dronami","og_description":"Hub BASEUS T-Space USB-C-Lightning (czarny) - \u2705 sklep z dronami i fachowym doradztwem. \u2705 Tutaj kupisz produkty DJI, Yuneec, Parrot, Syma i wiele innych, a tak\u017ce kursy i licencje na operatora drona.","og_url":"https:\/\/ironsky.pl\/sklep\/produkt\/hub-baseus-t-space-usb-c-lightning-czarny\/","og_site_name":"IRONSKY.PL Sklep z Dronami","article_modified_time":"2026-04-15T08:32:01+00:00","og_image":[{"width":800,"height":800,"url":"https:\/\/ironsky.pl\/sklep\/wp-content\/uploads\/2025\/06\/37892_1.jpg","type":"image\/jpeg"}],"twitter_card":"summary_large_image","twitter_misc":{"Szacowany czas czytania":"2 minuty"},"schema":{"@context":"https:\/\/schema.org","@graph":[{"@type":"WebPage","@id":"https:\/\/ironsky.pl\/sklep\/produkt\/hub-baseus-t-space-usb-c-lightning-czarny\/","url":"https:\/\/ironsky.pl\/sklep\/produkt\/hub-baseus-t-space-usb-c-lightning-czarny\/","name":"Hub BASEUS T-Space USB-C-Lightning (czarny) - IRONSKY.PL Sklep z Dronami","isPartOf":{"@id":"https:\/\/ironsky.pl\/sklep\/#website"},"primaryImageOfPage":{"@id":"https:\/\/ironsky.pl\/sklep\/produkt\/hub-baseus-t-space-usb-c-lightning-czarny\/#primaryimage"},"image":{"@id":"https:\/\/ironsky.pl\/sklep\/produkt\/hub-baseus-t-space-usb-c-lightning-czarny\/#primaryimage"},"thumbnailUrl":"https:\/\/ironsky.pl\/sklep\/wp-content\/uploads\/2025\/06\/37892_1.jpg","datePublished":"2026-04-15T08:32:00+00:00","dateModified":"2026-04-15T08:32:01+00:00","description":"Hub BASEUS T-Space USB-C-Lightning (czarny) - \u2705 sklep z dronami i fachowym doradztwem. \u2705 Tutaj kupisz produkty DJI, Yuneec, Parrot, Syma i wiele innych, a tak\u017ce kursy i licencje na operatora drona.","breadcrumb":{"@id":"https:\/\/ironsky.pl\/sklep\/produkt\/hub-baseus-t-space-usb-c-lightning-czarny\/#breadcrumb"},"inLanguage":"pl-PL","potentialAction":[{"@type":"ReadAction","target":["https:\/\/ironsky.pl\/sklep\/produkt\/hub-baseus-t-space-usb-c-lightning-czarny\/"]}]},{"@type":"ImageObject","inLanguage":"pl-PL","@id":"https:\/\/ironsky.pl\/sklep\/produkt\/hub-baseus-t-space-usb-c-lightning-czarny\/#primaryimage","url":"https:\/\/ironsky.pl\/sklep\/wp-content\/uploads\/2025\/06\/37892_1.jpg","contentUrl":"https:\/\/ironsky.pl\/sklep\/wp-content\/uploads\/2025\/06\/37892_1.jpg","width":800,"height":800},{"@type":"BreadcrumbList","@id":"https:\/\/ironsky.pl\/sklep\/produkt\/hub-baseus-t-space-usb-c-lightning-czarny\/#breadcrumb","itemListElement":[{"@type":"ListItem","position":1,"name":"Strona g\u0142\u00f3wna","item":"https:\/\/ironsky.pl\/sklep\/"},{"@type":"ListItem","position":2,"name":"Wszystkie produkty","item":"https:\/\/ironsky.pl\/sklep\/produkty\/"},{"@type":"ListItem","position":3,"name":"Hub BASEUS T-Space USB-C-Lightning (czarny)"}]},{"@type":"WebSite","@id":"https:\/\/ironsky.pl\/sklep\/#website","url":"https:\/\/ironsky.pl\/sklep\/","name":"IRONSKY.PL Sklep z Dronami","description":"IRONSKY.PL Sklep z Dronami","potentialAction":[{"@type":"SearchAction","target":{"@type":"EntryPoint","urlTemplate":"https:\/\/ironsky.pl\/sklep\/?s={search_term_string}"},"query-input":{"@type":"PropertyValueSpecification","valueRequired":true,"valueName":"search_term_string"}}],"inLanguage":"pl-PL"}]}},"_links":{"self":[{"href":"https:\/\/ironsky.pl\/sklep\/wp-json\/wp\/v2\/product\/57986","targetHints":{"allow":["GET"]}}],"collection":[{"href":"https:\/\/ironsky.pl\/sklep\/wp-json\/wp\/v2\/product"}],"about":[{"href":"https:\/\/ironsky.pl\/sklep\/wp-json\/wp\/v2\/types\/product"}],"replies":[{"embeddable":true,"href":"https:\/\/ironsky.pl\/sklep\/wp-json\/wp\/v2\/comments?post=57986"}],"wp:featuredmedia":[{"embeddable":true,"href":"https:\/\/ironsky.pl\/sklep\/wp-json\/wp\/v2\/media\/44481"}],"wp:attachment":[{"href":"https:\/\/ironsky.pl\/sklep\/wp-json\/wp\/v2\/media?parent=57986"}],"wp:term":[{"taxonomy":"product_brand","embeddable":true,"href":"https:\/\/ironsky.pl\/sklep\/wp-json\/wp\/v2\/product_brand?post=57986"},{"taxonomy":"product_cat","embeddable":true,"href":"https:\/\/ironsky.pl\/sklep\/wp-json\/wp\/v2\/product_cat?post=57986"},{"taxonomy":"product_tag","embeddable":true,"href":"https:\/\/ironsky.pl\/sklep\/wp-json\/wp\/v2\/product_tag?post=57986"}],"curies":[{"name":"wp","href":"https:\/\/api.w.org\/{rel}","templated":true}]}}