{"id":57983,"date":"2026-04-15T10:31:19","date_gmt":"2026-04-15T08:31:19","guid":{"rendered":"https:\/\/ironsky.pl\/sklep\/produkt\/ladowarka-skyrc-b6ac-neo\/"},"modified":"2026-04-15T10:31:59","modified_gmt":"2026-04-15T08:31:59","slug":"ladowarka-skyrc-b6ac-neo","status":"publish","type":"product","link":"https:\/\/ironsky.pl\/sklep\/produkt\/ladowarka-skyrc-b6ac-neo\/","title":{"rendered":"\u0141adowarka SKYRC B6AC Neo"},"content":{"rendered":"<h3>Charger B6AC Neo<\/h3>\n<\/p>\n<p>\u0141adowarka SkyRC B6AC Neo zaskoczy Ci\u0119 ogromem mo\u017cliwo\u015bci. Umo\u017cliwia \u0142adowanie akumulator\u00f3w z moc\u0105 do 200 W (DC) lub 60 W (AC), a tak\u017ce ich roz\u0142adowywanie i monitorowanie ich kondycji. Wyr\u00f3\u017cnia si\u0119 imponuj\u0105c\u0105 wydajno\u015bci\u0105 i cich\u0105 prac\u0105, a dzi\u0119ki wykorzystaniu technologii GaN jest wyj\u0105tkowo kompaktowa, co znacznie u\u0142atwia jej transport. Urz\u0105dzenie sprawdzi si\u0119 r\u00f3wnie\u017c w roli zwyk\u0142ej \u0142adowarki do smartfona czy laptopa \u2013 zapewni moc na poziomie nawet 65 W.<\/p>\n<\/p>\n<p>\n<img decoding=\"async\" src=\"https:\/\/assets.innpro.pl\/4041\/4496\/2.jpg\" border=\"0\" \/>\n<\/p>\n<h3>Innowacyjna technologia GaN \u2013 du\u017ca wydajno\u015b\u0107, niewielki rozmiar<\/h3>\n<\/p>\n<p>\u0141adowarka korzysta z innowacyjnej technologii GaN, dzi\u0119ki czemu \u0142\u0105czy w sobie du\u017c\u0105 wydajno\u015b\u0107, efektywne odprowadzanie ciep\u0142a i kompaktow\u0105 konstrukcj\u0119. Urz\u0105dzenie jest mniejsze ni\u017c standardowa karta kredytowa, co pozwala na jego wygodny, bezproblemowy transport. Mo\u017cesz mie\u0107 je zawsze przy sobie!<\/p>\n<\/p>\n<p>\n<img decoding=\"async\" src=\"https:\/\/assets.innpro.pl\/4041\/4496\/9.jpg\" border=\"0\" \/>\n<\/p>\n<h3>Imponuj\u0105ca moc<\/h3>\n<\/p>\n<p>Zapomnij o d\u0142ugim oczekiwaniu, a\u017c Twoje akumulatory b\u0119d\u0105 na\u0142adowane. Gdy \u0142adowarka jest zasilana pr\u0105dem sta\u0142ym (DC), zapewnia moc na poziomie nawet 200 W, umo\u017cliwiaj\u0105c skr\u00f3cenie czasu \u0142adowania do oko\u0142o 10 minut. Natomiast je\u015bli wykorzystasz pr\u0105d zmienny (AC), moc urz\u0105dzenia wyniesie maksymalnie 60 W. To pozwoli na\u0142adowa\u0107 akumulator w oko\u0142o 20 minut! Co wi\u0119cej, interfejs XT60 DC oraz kompatybilno\u015b\u0107 z napi\u0119ciem 100-240 V AC zapewnia wi\u0119ksz\u0105 elastyczno\u015b\u0107 i swobod\u0119. Uwaga: pomiary zosta\u0142y wykonane podczas \u0142adowania akumulator\u00f3w LiPo 6S o pojemno\u015bci 1300 mAh.<\/p>\n<\/p>\n<p>\n<img decoding=\"async\" src=\"https:\/\/assets.innpro.pl\/4041\/4496\/6.jpg\" border=\"0\" \/>\n<\/p>\n<h3>Roz\u0142aduj akumulator w kilka chwil<\/h3>\n<\/p>\n<p>Potrzebujesz szybko roz\u0142adowa\u0107 akumulator? \u017baden problem \u2013 \u0142adowarka B6AC Neo zosta\u0142a wyposa\u017cona w specjalny port, kt\u00f3ry umo\u017cliwia sprawne, efektywne roz\u0142adowywanie. W po\u0142\u0105czeniu z g\u0142\u00f3wnym portem zapewnia on moc si\u0119gaj\u0105c\u0105 19 W. Co to oznacza w praktyce? Dla przyk\u0142adu, aby roz\u0142adowa\u0107 akumulator LiPo 6S o pojemno\u015bci 1300 mAh, wystarczy oko\u0142o 1,5 godziny. Pami\u0119taj jednak, \u017ce je\u015bli zdecydujesz si\u0119 u\u017cy\u0107 tylko g\u0142\u00f3wnego portu, moc b\u0119dzie ograniczona do 5 W.<\/p>\n<\/p>\n<p>\n<img decoding=\"async\" src=\"https:\/\/assets.innpro.pl\/4041\/4496\/8.jpg\" border=\"0\" \/>\n<\/p>\n<h3>Sprawdzaj kondycj\u0119 akumulator\u00f3w<\/h3>\n<\/p>\n<p>Monitorowanie kondycji akumulator\u00f3w i odpowiednie dbanie o ich stan to klucz do wyd\u0142u\u017cenia ich \u017cywotno\u015bci i zapewnienia sobie bezpiecze\u0144stwa u\u017cytkowania. \u0141adowarka SkyRC B6AC Neo Ci w tym pomo\u017ce! Za jej pomoc\u0105 mo\u017cesz w prosty spos\u00f3b sprawdzi\u0107 napi\u0119cie ogniw oraz balans. Dzi\u0119ki temu zawsze b\u0119dziesz wiedzie\u0107, czy akumulator wymaga \u0142adowania, roz\u0142adowania lub balansowania! Uwaga: funkcja pomiaru napi\u0119cia i balansu jest dost\u0119pna dla akumulator\u00f3w LiPo, LiHV, LiFe i LiIon.<\/p>\n<\/p>\n<p>\n<img decoding=\"async\" src=\"https:\/\/assets.innpro.pl\/4041\/4496\/3.jpg\" border=\"0\" \/>\n<\/p>\n<h3>Uniwersalna \u0142adowarka i cyfrowy zasilacz<\/h3>\n<\/p>\n<p>Za pomoc\u0105 \u0142adowarki SkyRC B6AC Neo na\u0142adujesz nie tylko swoje akumulatory, ale te\u017c na przyk\u0142ad smartfona, laptopa lub konsol\u0119 Nintendo Switch. Urz\u0105dzenie zosta\u0142o wyposa\u017cone w dodatkowy port USB-C, kt\u00f3ry obs\u0142uguje szybkie \u0142adowanie PD 65 W. Dzi\u0119ki temu Tw\u00f3j sprz\u0119t mo\u017ce by\u0107 w mgnieniu oka gotowy do pracy! Ponadto model B6AC Neo sprawdzi si\u0119 w roli cyfrowego zasilacza \u2013 oferuje optymalne napi\u0119cie 2-27 V z przyrostem 0,1 V oraz regulowane nat\u0119\u017cenie 1-10 A.<\/p>\n<\/p>\n<p>\n<img decoding=\"async\" src=\"https:\/\/assets.innpro.pl\/4041\/4496\/5.jpg\" border=\"0\" \/>\n<\/p>\n<h3>Wydajno\u015b\u0107 i bezpiecze\u0144stwo<\/h3>\n<\/p>\n<p>\u0141adowarka korzysta z opatentowanego obwodu prostownika, aby efektywnie przekszta\u0142ca\u0107 pr\u0105d sta\u0142y w celu bezpiecznego zasilania. Ma r\u00f3wnie\u017c wbudowany modu\u0142 MCU, kt\u00f3ry precyzyjnie steruje \u0142adowaniem, minimalizuj\u0105c straty mocy. Jej dodatkowym atutem jest zaawansowany system ochrony mi\u0119dzy innymi przed zwarciem, przegrzaniem i przepi\u0119ciem. Dzi\u0119ki temu mo\u017cesz cieszy\u0107 si\u0119 nie tylko wydajno\u015bci\u0105, ale te\u017c bezpiecze\u0144stwem!<\/p>\n<\/p>\n<p>\n<img decoding=\"async\" src=\"https:\/\/assets.innpro.pl\/4041\/4496\/7.jpg\" border=\"0\" \/>\n<\/p>\n<h3>Przyjazna u\u017cytkownikom<\/h3>\n<\/p>\n<p>Wygodn\u0105 obs\u0142ug\u0119 \u0142adowarki umo\u017cliwia wbudowany wy\u015bwietlacz z nowym interfejsem ColorX, kt\u00f3ry wyr\u00f3\u017cnia si\u0119 przejrzystym, responsywnym menu i specjalnie zaprojektowanymi, czytelnymi ikonami. Co wi\u0119cej, do wyboru masz a\u017c 5 j\u0119zyk\u00f3w \u2013 angielski, holenderski, francuski, chi\u0144ski i japo\u0144ski. Na uwag\u0119 zas\u0142uguje tak\u017ce cicha praca urz\u0105dzenia \u2013 nawet przy pe\u0142nym obci\u0105\u017ceniu poziom g\u0142o\u015bno\u015bci jego wentylator\u00f3w wynosi tylko oko\u0142o 48 dB. Nie obawiaj si\u0119 uci\u0105\u017cliwego szumu! Dost\u0119pna jest te\u017c dedykowana aplikacja Charger Master, kt\u00f3ra pozwala mi\u0119dzy innymi na wygodne aktualizowanie oprogramowania \u0142adowarki \u2013 wystarczy pod\u0142\u0105czy\u0107 j\u0105 do komputera za pomoc\u0105 portu USB-C.<\/p>\n<\/p>\n<p>\n<img decoding=\"async\" src=\"https:\/\/assets.innpro.pl\/4041\/4496\/4.jpg\" border=\"0\" \/>\n<\/p>\n<div class=\"table-wrapper\">\n<p>\u00a0<\/p>\n<h3><\/h3>\n<table>\n<tbody>\n<tr>\n<th>Producent<\/th>\n<td>SkyRC<\/td>\n<\/tr>\n<tr>\n<th>Nazwa<\/th>\n<td>B6AC Neo<\/td>\n<\/tr>\n<tr>\n<th>Model<\/th>\n<td>SK-100200<\/td>\n<\/tr>\n<tr>\n<th>Kolor<\/th>\n<td>Czarny<\/td>\n<\/tr>\n<tr>\n<th>Ekran<\/th>\n<td>TN<\/td>\n<\/tr>\n<tr>\n<th>Przek\u0105tna ekranu<\/th>\n<td>1,77 cala<\/td>\n<\/tr>\n<tr>\n<th>Aktywny obszar panelu<\/th>\n<td>28,03 x 35,04 mm<\/td>\n<\/tr>\n<tr>\n<th>Rozdzielczo\u015b\u0107 ekranu<\/th>\n<td>128x160p<\/td>\n<\/tr>\n<tr>\n<th>Liczba kolor\u00f3w ekranu<\/th>\n<td>262K<\/td>\n<\/tr>\n<tr>\n<th>Napi\u0119cie wej\u015bciowe AC<\/th>\n<td>100 V &#8211; 240 V 50\/60 Hz<\/td>\n<\/tr>\n<tr>\n<th>Napi\u0119cie wej\u015bciowe DC<\/th>\n<td>10-30 V<\/td>\n<\/tr>\n<tr>\n<th>Moc \u0142adowania<\/th>\n<td>DC: 200 W; AC: 60 W; QC3.0 \/ PD: 5 V \u2393 3 A, 9 V \u2393 3 A, 12 V \u2393 3 A, 20 V \u2393 3,25 A maks. 65W;<\/td>\n<\/tr>\n<tr>\n<th>Moc roz\u0142adowywania<\/th>\n<td>19 W (przy 6S, 4,2 V \/ S)<\/td>\n<\/tr>\n<tr>\n<th>Kompatybilne akumulatory<\/th>\n<td>LiPo \/ LiFe \/ LiIon \/ LiHV: 1-6 ogniw; NiMH \/ NiCd: 1-15 ogniw; Pb: 3S \/ 6S;<\/td>\n<\/tr>\n<tr>\n<th>Nat\u0119\u017cenie \u0142adowania<\/th>\n<td>LiPo \/ LiFe \/ LiIon \/ LiHV \/ NiMH \/ NiCd \/ Pb: 0,2-10 A;<\/td>\n<\/tr>\n<tr>\n<th>Nat\u0119\u017cenie roz\u0142adowywania<\/th>\n<td>LiPo \/ LiFe \/ LiIon \/ LiHV \/ NiMH \/ NiCd \/ Pb: 0,1-0,2 A;<\/td>\n<\/tr>\n<tr>\n<th>Nat\u0119\u017cenie balansowania<\/th>\n<td>LiPo \/ LiFe \/ LiIon \/ LiHV: maks. 500 A;<\/td>\n<\/tr>\n<tr>\n<th>Funkcje<\/th>\n<td>LiPo \/ LiFe \/ LiIon \/ LiHV: Balance CHG, Charge, Storage, Discharge;<br \/> NiMH \/ NiCd: Charge, Re-Peak, CYCLE_C_D, CYCLE_D_C, Discharge;<br \/> Pb: Normal, AGM Charge, Cold Charge, Discharge;<\/td>\n<\/tr>\n<tr>\n<th>Materia\u0142<\/th>\n<td>PC-ABS V0<\/td>\n<\/tr>\n<tr>\n<th>Wymiary<\/th>\n<td>70,6 x 50,6 x 46 mm<\/td>\n<\/tr>\n<tr>\n<th>Waga<\/th>\n<td>150 g<\/td>\n<\/tr>\n<\/tbody>\n<\/table>\n<\/div>\n","protected":false},"excerpt":{"rendered":"<p>Charger B6AC Neo \u0141adowarka SkyRC B6AC Neo zaskoczy Ci\u0119 ogromem mo\u017cliwo\u015bci. Umo\u017cliwia \u0142adowanie akumulator\u00f3w z moc\u0105 do 200 W (DC)<\/p>\n","protected":false},"featured_media":57984,"comment_status":"closed","ping_status":"open","template":"","meta":{"_acf_changed":false},"product_brand":[],"product_cat":[1173,1174,1169],"product_tag":[],"class_list":{"0":"post-57983","1":"product","2":"type-product","3":"status-publish","4":"has-post-thumbnail","6":"product_cat-ladowanie","7":"product_cat-ladowarki","8":"product_cat-modele-rc","9":"pa_okres-gwarancji-5754","10":"pa_producent-skyrc","12":"first","13":"outofstock","14":"taxable","15":"shipping-taxable","16":"purchasable","17":"product-type-simple"},"acf":[],"yoast_head":"<!-- This site is optimized with the Yoast SEO plugin v27.2 - https:\/\/yoast.com\/product\/yoast-seo-wordpress\/ -->\n<title>\u0141adowarka SKYRC B6AC Neo - IRONSKY.PL Sklep z Dronami<\/title>\n<meta name=\"description\" content=\"\u0141adowarka SKYRC B6AC Neo - \u2705 sklep z dronami i fachowym doradztwem. \u2705 Tutaj kupisz produkty DJI, Yuneec, Parrot, Syma i wiele innych, a tak\u017ce kursy i licencje na operatora drona.\" \/>\n<meta name=\"robots\" content=\"index, follow, max-snippet:-1, max-image-preview:large, max-video-preview:-1\" \/>\n<link rel=\"canonical\" href=\"https:\/\/ironsky.pl\/sklep\/produkt\/ladowarka-skyrc-b6ac-neo\/\" \/>\n<meta property=\"og:locale\" content=\"pl_PL\" \/>\n<meta property=\"og:type\" content=\"article\" \/>\n<meta property=\"og:title\" content=\"\u0141adowarka SKYRC B6AC Neo - IRONSKY.PL Sklep z Dronami\" \/>\n<meta property=\"og:description\" content=\"\u0141adowarka SKYRC B6AC Neo - \u2705 sklep z dronami i fachowym doradztwem. \u2705 Tutaj kupisz produkty DJI, Yuneec, Parrot, Syma i wiele innych, a tak\u017ce kursy i licencje na operatora drona.\" \/>\n<meta property=\"og:url\" content=\"https:\/\/ironsky.pl\/sklep\/produkt\/ladowarka-skyrc-b6ac-neo\/\" \/>\n<meta property=\"og:site_name\" content=\"IRONSKY.PL Sklep z Dronami\" \/>\n<meta property=\"article:modified_time\" content=\"2026-04-15T08:31:59+00:00\" \/>\n<meta property=\"og:image\" content=\"https:\/\/ironsky.pl\/sklep\/wp-content\/uploads\/2026\/04\/37790_1.jpg\" \/>\n\t<meta property=\"og:image:width\" content=\"800\" \/>\n\t<meta property=\"og:image:height\" content=\"800\" \/>\n\t<meta property=\"og:image:type\" content=\"image\/jpeg\" \/>\n<meta name=\"twitter:card\" content=\"summary_large_image\" \/>\n<meta name=\"twitter:label1\" content=\"Szacowany czas czytania\" \/>\n\t<meta name=\"twitter:data1\" content=\"4 minuty\" \/>\n<script type=\"application\/ld+json\" class=\"yoast-schema-graph\">{\"@context\":\"https:\/\/schema.org\",\"@graph\":[{\"@type\":\"WebPage\",\"@id\":\"https:\/\/ironsky.pl\/sklep\/produkt\/ladowarka-skyrc-b6ac-neo\/\",\"url\":\"https:\/\/ironsky.pl\/sklep\/produkt\/ladowarka-skyrc-b6ac-neo\/\",\"name\":\"\u0141adowarka SKYRC B6AC Neo - IRONSKY.PL Sklep z Dronami\",\"isPartOf\":{\"@id\":\"https:\/\/ironsky.pl\/sklep\/#website\"},\"primaryImageOfPage\":{\"@id\":\"https:\/\/ironsky.pl\/sklep\/produkt\/ladowarka-skyrc-b6ac-neo\/#primaryimage\"},\"image\":{\"@id\":\"https:\/\/ironsky.pl\/sklep\/produkt\/ladowarka-skyrc-b6ac-neo\/#primaryimage\"},\"thumbnailUrl\":\"https:\/\/ironsky.pl\/sklep\/wp-content\/uploads\/2026\/04\/37790_1.jpg\",\"datePublished\":\"2026-04-15T08:31:19+00:00\",\"dateModified\":\"2026-04-15T08:31:59+00:00\",\"description\":\"\u0141adowarka SKYRC B6AC Neo - \u2705 sklep z dronami i fachowym doradztwem. \u2705 Tutaj kupisz produkty DJI, Yuneec, Parrot, Syma i wiele innych, a tak\u017ce kursy i licencje na operatora drona.\",\"breadcrumb\":{\"@id\":\"https:\/\/ironsky.pl\/sklep\/produkt\/ladowarka-skyrc-b6ac-neo\/#breadcrumb\"},\"inLanguage\":\"pl-PL\",\"potentialAction\":[{\"@type\":\"ReadAction\",\"target\":[\"https:\/\/ironsky.pl\/sklep\/produkt\/ladowarka-skyrc-b6ac-neo\/\"]}]},{\"@type\":\"ImageObject\",\"inLanguage\":\"pl-PL\",\"@id\":\"https:\/\/ironsky.pl\/sklep\/produkt\/ladowarka-skyrc-b6ac-neo\/#primaryimage\",\"url\":\"https:\/\/ironsky.pl\/sklep\/wp-content\/uploads\/2026\/04\/37790_1.jpg\",\"contentUrl\":\"https:\/\/ironsky.pl\/sklep\/wp-content\/uploads\/2026\/04\/37790_1.jpg\",\"width\":800,\"height\":800},{\"@type\":\"BreadcrumbList\",\"@id\":\"https:\/\/ironsky.pl\/sklep\/produkt\/ladowarka-skyrc-b6ac-neo\/#breadcrumb\",\"itemListElement\":[{\"@type\":\"ListItem\",\"position\":1,\"name\":\"Strona g\u0142\u00f3wna\",\"item\":\"https:\/\/ironsky.pl\/sklep\/\"},{\"@type\":\"ListItem\",\"position\":2,\"name\":\"Wszystkie produkty\",\"item\":\"https:\/\/ironsky.pl\/sklep\/produkty\/\"},{\"@type\":\"ListItem\",\"position\":3,\"name\":\"\u0141adowarka SKYRC B6AC Neo\"}]},{\"@type\":\"WebSite\",\"@id\":\"https:\/\/ironsky.pl\/sklep\/#website\",\"url\":\"https:\/\/ironsky.pl\/sklep\/\",\"name\":\"IRONSKY.PL Sklep z Dronami\",\"description\":\"IRONSKY.PL Sklep z Dronami\",\"potentialAction\":[{\"@type\":\"SearchAction\",\"target\":{\"@type\":\"EntryPoint\",\"urlTemplate\":\"https:\/\/ironsky.pl\/sklep\/?s={search_term_string}\"},\"query-input\":{\"@type\":\"PropertyValueSpecification\",\"valueRequired\":true,\"valueName\":\"search_term_string\"}}],\"inLanguage\":\"pl-PL\"}]}<\/script>\n<!-- \/ Yoast SEO plugin. -->","yoast_head_json":{"title":"\u0141adowarka SKYRC B6AC Neo - IRONSKY.PL Sklep z Dronami","description":"\u0141adowarka SKYRC B6AC Neo - \u2705 sklep z dronami i fachowym doradztwem. \u2705 Tutaj kupisz produkty DJI, Yuneec, Parrot, Syma i wiele innych, a tak\u017ce kursy i licencje na operatora drona.","robots":{"index":"index","follow":"follow","max-snippet":"max-snippet:-1","max-image-preview":"max-image-preview:large","max-video-preview":"max-video-preview:-1"},"canonical":"https:\/\/ironsky.pl\/sklep\/produkt\/ladowarka-skyrc-b6ac-neo\/","og_locale":"pl_PL","og_type":"article","og_title":"\u0141adowarka SKYRC B6AC Neo - IRONSKY.PL Sklep z Dronami","og_description":"\u0141adowarka SKYRC B6AC Neo - \u2705 sklep z dronami i fachowym doradztwem. \u2705 Tutaj kupisz produkty DJI, Yuneec, Parrot, Syma i wiele innych, a tak\u017ce kursy i licencje na operatora drona.","og_url":"https:\/\/ironsky.pl\/sklep\/produkt\/ladowarka-skyrc-b6ac-neo\/","og_site_name":"IRONSKY.PL Sklep z Dronami","article_modified_time":"2026-04-15T08:31:59+00:00","og_image":[{"width":800,"height":800,"url":"https:\/\/ironsky.pl\/sklep\/wp-content\/uploads\/2026\/04\/37790_1.jpg","type":"image\/jpeg"}],"twitter_card":"summary_large_image","twitter_misc":{"Szacowany czas czytania":"4 minuty"},"schema":{"@context":"https:\/\/schema.org","@graph":[{"@type":"WebPage","@id":"https:\/\/ironsky.pl\/sklep\/produkt\/ladowarka-skyrc-b6ac-neo\/","url":"https:\/\/ironsky.pl\/sklep\/produkt\/ladowarka-skyrc-b6ac-neo\/","name":"\u0141adowarka SKYRC B6AC Neo - IRONSKY.PL Sklep z Dronami","isPartOf":{"@id":"https:\/\/ironsky.pl\/sklep\/#website"},"primaryImageOfPage":{"@id":"https:\/\/ironsky.pl\/sklep\/produkt\/ladowarka-skyrc-b6ac-neo\/#primaryimage"},"image":{"@id":"https:\/\/ironsky.pl\/sklep\/produkt\/ladowarka-skyrc-b6ac-neo\/#primaryimage"},"thumbnailUrl":"https:\/\/ironsky.pl\/sklep\/wp-content\/uploads\/2026\/04\/37790_1.jpg","datePublished":"2026-04-15T08:31:19+00:00","dateModified":"2026-04-15T08:31:59+00:00","description":"\u0141adowarka SKYRC B6AC Neo - \u2705 sklep z dronami i fachowym doradztwem. \u2705 Tutaj kupisz produkty DJI, Yuneec, Parrot, Syma i wiele innych, a tak\u017ce kursy i licencje na operatora drona.","breadcrumb":{"@id":"https:\/\/ironsky.pl\/sklep\/produkt\/ladowarka-skyrc-b6ac-neo\/#breadcrumb"},"inLanguage":"pl-PL","potentialAction":[{"@type":"ReadAction","target":["https:\/\/ironsky.pl\/sklep\/produkt\/ladowarka-skyrc-b6ac-neo\/"]}]},{"@type":"ImageObject","inLanguage":"pl-PL","@id":"https:\/\/ironsky.pl\/sklep\/produkt\/ladowarka-skyrc-b6ac-neo\/#primaryimage","url":"https:\/\/ironsky.pl\/sklep\/wp-content\/uploads\/2026\/04\/37790_1.jpg","contentUrl":"https:\/\/ironsky.pl\/sklep\/wp-content\/uploads\/2026\/04\/37790_1.jpg","width":800,"height":800},{"@type":"BreadcrumbList","@id":"https:\/\/ironsky.pl\/sklep\/produkt\/ladowarka-skyrc-b6ac-neo\/#breadcrumb","itemListElement":[{"@type":"ListItem","position":1,"name":"Strona g\u0142\u00f3wna","item":"https:\/\/ironsky.pl\/sklep\/"},{"@type":"ListItem","position":2,"name":"Wszystkie produkty","item":"https:\/\/ironsky.pl\/sklep\/produkty\/"},{"@type":"ListItem","position":3,"name":"\u0141adowarka SKYRC B6AC Neo"}]},{"@type":"WebSite","@id":"https:\/\/ironsky.pl\/sklep\/#website","url":"https:\/\/ironsky.pl\/sklep\/","name":"IRONSKY.PL Sklep z Dronami","description":"IRONSKY.PL Sklep z Dronami","potentialAction":[{"@type":"SearchAction","target":{"@type":"EntryPoint","urlTemplate":"https:\/\/ironsky.pl\/sklep\/?s={search_term_string}"},"query-input":{"@type":"PropertyValueSpecification","valueRequired":true,"valueName":"search_term_string"}}],"inLanguage":"pl-PL"}]}},"_links":{"self":[{"href":"https:\/\/ironsky.pl\/sklep\/wp-json\/wp\/v2\/product\/57983","targetHints":{"allow":["GET"]}}],"collection":[{"href":"https:\/\/ironsky.pl\/sklep\/wp-json\/wp\/v2\/product"}],"about":[{"href":"https:\/\/ironsky.pl\/sklep\/wp-json\/wp\/v2\/types\/product"}],"replies":[{"embeddable":true,"href":"https:\/\/ironsky.pl\/sklep\/wp-json\/wp\/v2\/comments?post=57983"}],"wp:featuredmedia":[{"embeddable":true,"href":"https:\/\/ironsky.pl\/sklep\/wp-json\/wp\/v2\/media\/57984"}],"wp:attachment":[{"href":"https:\/\/ironsky.pl\/sklep\/wp-json\/wp\/v2\/media?parent=57983"}],"wp:term":[{"taxonomy":"product_brand","embeddable":true,"href":"https:\/\/ironsky.pl\/sklep\/wp-json\/wp\/v2\/product_brand?post=57983"},{"taxonomy":"product_cat","embeddable":true,"href":"https:\/\/ironsky.pl\/sklep\/wp-json\/wp\/v2\/product_cat?post=57983"},{"taxonomy":"product_tag","embeddable":true,"href":"https:\/\/ironsky.pl\/sklep\/wp-json\/wp\/v2\/product_tag?post=57983"}],"curies":[{"name":"wp","href":"https:\/\/api.w.org\/{rel}","templated":true}]}}