{"id":57972,"date":"2026-04-15T10:31:19","date_gmt":"2026-04-15T08:31:19","guid":{"rendered":"https:\/\/ironsky.pl\/sklep\/produkt\/przystawka-obrotowa-xtool-ra2-pro-2-pro-d-s-p-f\/"},"modified":"2026-04-15T10:31:52","modified_gmt":"2026-04-15T08:31:52","slug":"przystawka-obrotowa-xtool-ra2-pro-2-pro-d-s-p-f","status":"publish","type":"product","link":"https:\/\/ironsky.pl\/sklep\/produkt\/przystawka-obrotowa-xtool-ra2-pro-2-pro-d-s-p-f\/","title":{"rendered":"Przystawka obrotowa XTOOL RA2 Pro 2 Pro-D\/S\/P\/F"},"content":{"rendered":"<h3>Przystawka obrotowa xTool 2 Pro-D\/S\/P\/F<\/h3>\n<\/p>\n<p>Modu\u0142 grawerski xTool RA2 Pro to wszechstronne i precyzyjne narz\u0119dzie 4w1, kt\u00f3re stanowi nieoceniony dodatek do maszyn grawerskich. Dostosowany do szerokiej gamy przedmiot\u00f3w, wyposa\u017cony w technologi\u0119 umo\u017cliwiaj\u0105c\u0105 szybkie i dok\u0142adne grawerowanie, oraz zaprojektowany z my\u015bl\u0105 o \u0142atwo\u015bci u\u017cycia, RA2 Pro jest doskona\u0142ym wyborem dla ka\u017cdego, kto szuka niezawodno\u015bci i wysokiej jako\u015bci wyko\u0144czenia.<\/p>\n<\/p>\n<p>\n<img decoding=\"async\" src=\"https:\/\/assets.innpro.pl\/5421\/6360\/1.jpg\" border=\"0\" \/>\n<\/p>\n<h3>Nieograniczone mo\u017cliwo\u015bci<\/h3>\n<\/p>\n<p>Ta konfigurowalna przystawka daje 4 mo\u017cliwo\u015bci ustawienia. Obrotowy wa\u0142ek \u015bwietnie sprawdza si\u0119 w przypadku przedmiot\u00f3w o d\u0142ugich kszta\u0142tach i nieograniczonych \u015brednicach, takich jak kije baseballowe czy ceramiczne wazy. Uchwyt z kolei umo\u017cliwia precyzyjne wektorowe grawerowanie na r\u00f3\u017cnorodnych przedmiotach. Mocowanie jest na tyle mocne, \u017ce idealnie nadaje si\u0119 do prac z nier\u00f3wnymi cylindrami i delikatnymi materia\u0142ami, jak szk\u0142o. Z powodzeniem mo\u017cesz grawerowa\u0107 kuliste przedmioty, a nawet ozdabia\u0107 drobn\u0105 bi\u017cuteri\u0119. RA2 Pro to klucz do tworzenia niezapomnianych, spersonalizowanych pami\u0105tek.<\/p>\n<\/p>\n<p>\n<img decoding=\"async\" src=\"https:\/\/assets.innpro.pl\/5421\/6360\/5.jpg\" border=\"0\" \/>\n<\/p>\n<h3>Wszechstronno\u015b\u0107 i precyzja<\/h3>\n<\/p>\n<p>Wysokopr\u0119dko\u015bciowe grawerowanie wektorowe xTool RA2 Pro osi\u0105ga niesamowit\u0105 pr\u0119dko\u015b\u0107 grawerowania na poziomie 360\u00b0\/s, z precyzyjnym sterowaniem kroku silnika co 0.045\u00b0. Jego po\u0142o\u017cenie mo\u017cesz regulowa\u0107 w zakresie 26 stopni, a \u015brednic\u0119 dostosowa\u0107 do wybranego przedmiotu w zakresie 0-100 mm. Silny uchwyt i wy\u015bci\u00f3\u0142ka zwi\u0119kszaj\u0105 tarcie, zapewniaj\u0105c stabilno\u015b\u0107 podczas ca\u0142ego procesu grawerowania. W efekcie otrzymujesz niezwykle precyzyjny efekt, kt\u00f3ry zachwyci ka\u017cdego.<\/p>\n<\/p>\n<p>\n<img decoding=\"async\" src=\"https:\/\/assets.innpro.pl\/5421\/6360\/4.jpg\" border=\"0\" \/>\n<\/p>\n<h3>Prosta obs\u0142uga<\/h3>\n<\/p>\n<p>Modu\u0142y s\u0105 kompatybilne z wi\u0119kszo\u015bci\u0105 maszyn grawerskich, i s\u0105 gotowe do pracy zaraz po wyj\u0119ciu z pude\u0142ka. Ich konstrukcja z anodyzowanego aluminium i odpornego na korozj\u0119 pokrycia gwarantuje d\u0142ugotrwa\u0142e i niezawodne u\u017cytkowanie. xTool RA2 Pro wsp\u00f3\u0142pracuje te\u017c z podstawowym oprogramowaniem Laserbox i jest kompatybilny z LaserGRBL oraz LightBurn, co czyni go doskona\u0142ym wyborem zar\u00f3wno dla posiadaczy innych urz\u0105dze\u0144 xTool, jak i maszyn innych marek spe\u0142niaj\u0105cych niezb\u0119dne wymagania.<\/p>\n<\/p>\n<p>\n<img decoding=\"async\" src=\"https:\/\/assets.innpro.pl\/5421\/6360\/7.jpg\" border=\"0\" \/>\n<\/p>\n<h3>W zestawie<\/h3>\n<p>Bateria AAA<\/p>\n<p>Ko\u0142ek pozycjonuj\u0105cy<\/p>\n<p>\u015aruba M3x30<\/p>\n<p>\u015aruba M4 x 43<\/p>\n<p>Klucz sze\u015bciok\u0105tny 2 mm<\/p>\n<p>Ta\u015bma nano<\/p>\n<p>\u015arubokr\u0119t sze\u015bciok\u0105tny 2,5 mm<\/p>\n<p>\u015arubokr\u0119t sze\u015bciok\u0105tny 2 mm<\/p>\n<div class=\"table-wrapper\">\n<p>\u00a0<\/p>\n<h3><\/h3>\n<table>\n<tbody>\n<tr>\n<th>Producent<\/th>\n<td>xTool<\/td>\n<\/tr>\n<tr>\n<th>Model<\/th>\n<td>RA2 Pro<\/td>\n<\/tr>\n<tr>\n<th>Typy wzor\u00f3w<\/th>\n<td>Obraz \/ Linia \/ Tekst<\/td>\n<\/tr>\n<tr>\n<th>Rozmiar Produktu<\/th>\n<td>261 x 138 x 93.5 mm (bez podpory), 321 x 138 x 105 mm (z podpor\u0105)<\/td>\n<\/tr>\n<tr>\n<th>Waga <\/th>\n<td>2.33 kg<\/td>\n<\/tr>\n<tr>\n<th>Kompatybilno\u015b\u0107<\/th>\n<td>xTool D1\/M1 i inne grawery laserowe<\/td>\n<\/tr>\n<tr>\n<th>Prze\u0142o\u017cenie mechanizmu<\/th>\n<td>4:1<\/td>\n<\/tr>\n<tr>\n<th>\u015arednica uchwytu<\/th>\n<td>50 mm<\/td>\n<\/tr>\n<tr>\n<th>Zakres \u015brednic grawerowania<\/th>\n<td>Rolka: 3 mm &#8211; 198 mm ; Uchwyt: 0 mm &#8211; 100 mm ; Sfera: 25 mm &#8211; 100 mm ; Pier\u015bcie\u0144: 11 mm &#8211; 70 mm<\/td>\n<\/tr>\n<tr>\n<th>Typ konstrukcji<\/th>\n<td>Uchwyt obrotowy, Rolka obrotowa, Modu\u0142 do grawerowania sfer, Trzpie\u0144 do grawerowania pier\u015bcieni<\/td>\n<\/tr>\n<tr>\n<th>Oprogramowanie<\/th>\n<td>Laserbox basic, LightBurn, LightGRBL<\/td>\n<\/tr>\n<\/tbody>\n<\/table>\n<\/div>\n","protected":false},"excerpt":{"rendered":"<p>Przystawka obrotowa xTool 2 Pro-D\/S\/P\/F Modu\u0142 grawerski xTool RA2 Pro to wszechstronne i precyzyjne narz\u0119dzie 4w1, kt\u00f3re stanowi nieoceniony dodatek<\/p>\n","protected":false},"featured_media":44461,"comment_status":"closed","ping_status":"open","template":"","meta":{"_acf_changed":false},"product_brand":[],"product_cat":[6220,6218,6217],"product_tag":[],"class_list":{"0":"post-57972","1":"product","2":"type-product","3":"status-publish","4":"has-post-thumbnail","6":"product_cat-akcesoria-grawerki-i-wycinarki-laserowe","7":"product_cat-grawerki-i-wycinarki-laserowe","8":"product_cat-technologie-kreatywne","9":"pa_okres-gwarancji-5754","10":"pa_producent-xtool","12":"first","13":"outofstock","14":"taxable","15":"shipping-taxable","16":"purchasable","17":"product-type-simple"},"acf":[],"yoast_head":"<!-- This site is optimized with the Yoast SEO plugin v27.2 - https:\/\/yoast.com\/product\/yoast-seo-wordpress\/ -->\n<title>Przystawka obrotowa XTOOL RA2 Pro 2 Pro-D\/S\/P\/F - IRONSKY.PL Sklep z Dronami<\/title>\n<meta name=\"description\" content=\"Przystawka obrotowa XTOOL RA2 Pro 2 Pro-D\/S\/P\/F - \u2705 sklep z dronami i fachowym doradztwem. \u2705 Tutaj kupisz produkty DJI, Yuneec, Parrot, Syma i wiele innych, a tak\u017ce kursy i licencje na operatora drona.\" \/>\n<meta name=\"robots\" content=\"index, follow, max-snippet:-1, max-image-preview:large, max-video-preview:-1\" \/>\n<link rel=\"canonical\" href=\"https:\/\/ironsky.pl\/sklep\/produkt\/przystawka-obrotowa-xtool-ra2-pro-2-pro-d-s-p-f\/\" \/>\n<meta property=\"og:locale\" content=\"pl_PL\" \/>\n<meta property=\"og:type\" content=\"article\" \/>\n<meta property=\"og:title\" content=\"Przystawka obrotowa XTOOL RA2 Pro 2 Pro-D\/S\/P\/F - IRONSKY.PL Sklep z Dronami\" \/>\n<meta property=\"og:description\" content=\"Przystawka obrotowa XTOOL RA2 Pro 2 Pro-D\/S\/P\/F - \u2705 sklep z dronami i fachowym doradztwem. \u2705 Tutaj kupisz produkty DJI, Yuneec, Parrot, Syma i wiele innych, a tak\u017ce kursy i licencje na operatora drona.\" \/>\n<meta property=\"og:url\" content=\"https:\/\/ironsky.pl\/sklep\/produkt\/przystawka-obrotowa-xtool-ra2-pro-2-pro-d-s-p-f\/\" \/>\n<meta property=\"og:site_name\" content=\"IRONSKY.PL Sklep z Dronami\" \/>\n<meta property=\"article:modified_time\" content=\"2026-04-15T08:31:52+00:00\" \/>\n<meta property=\"og:image\" content=\"https:\/\/ironsky.pl\/sklep\/wp-content\/uploads\/2025\/06\/37437_1.jpg\" \/>\n\t<meta property=\"og:image:width\" content=\"800\" \/>\n\t<meta property=\"og:image:height\" content=\"799\" \/>\n\t<meta property=\"og:image:type\" content=\"image\/jpeg\" \/>\n<meta name=\"twitter:card\" content=\"summary_large_image\" \/>\n<meta name=\"twitter:label1\" content=\"Szacowany czas czytania\" \/>\n\t<meta name=\"twitter:data1\" content=\"2 minuty\" \/>\n<script type=\"application\/ld+json\" class=\"yoast-schema-graph\">{\"@context\":\"https:\/\/schema.org\",\"@graph\":[{\"@type\":\"WebPage\",\"@id\":\"https:\/\/ironsky.pl\/sklep\/produkt\/przystawka-obrotowa-xtool-ra2-pro-2-pro-d-s-p-f\/\",\"url\":\"https:\/\/ironsky.pl\/sklep\/produkt\/przystawka-obrotowa-xtool-ra2-pro-2-pro-d-s-p-f\/\",\"name\":\"Przystawka obrotowa XTOOL RA2 Pro 2 Pro-D\/S\/P\/F - IRONSKY.PL Sklep z Dronami\",\"isPartOf\":{\"@id\":\"https:\/\/ironsky.pl\/sklep\/#website\"},\"primaryImageOfPage\":{\"@id\":\"https:\/\/ironsky.pl\/sklep\/produkt\/przystawka-obrotowa-xtool-ra2-pro-2-pro-d-s-p-f\/#primaryimage\"},\"image\":{\"@id\":\"https:\/\/ironsky.pl\/sklep\/produkt\/przystawka-obrotowa-xtool-ra2-pro-2-pro-d-s-p-f\/#primaryimage\"},\"thumbnailUrl\":\"https:\/\/ironsky.pl\/sklep\/wp-content\/uploads\/2025\/06\/37437_1.jpg\",\"datePublished\":\"2026-04-15T08:31:19+00:00\",\"dateModified\":\"2026-04-15T08:31:52+00:00\",\"description\":\"Przystawka obrotowa XTOOL RA2 Pro 2 Pro-D\/S\/P\/F - \u2705 sklep z dronami i fachowym doradztwem. \u2705 Tutaj kupisz produkty DJI, Yuneec, Parrot, Syma i wiele innych, a tak\u017ce kursy i licencje na operatora drona.\",\"breadcrumb\":{\"@id\":\"https:\/\/ironsky.pl\/sklep\/produkt\/przystawka-obrotowa-xtool-ra2-pro-2-pro-d-s-p-f\/#breadcrumb\"},\"inLanguage\":\"pl-PL\",\"potentialAction\":[{\"@type\":\"ReadAction\",\"target\":[\"https:\/\/ironsky.pl\/sklep\/produkt\/przystawka-obrotowa-xtool-ra2-pro-2-pro-d-s-p-f\/\"]}]},{\"@type\":\"ImageObject\",\"inLanguage\":\"pl-PL\",\"@id\":\"https:\/\/ironsky.pl\/sklep\/produkt\/przystawka-obrotowa-xtool-ra2-pro-2-pro-d-s-p-f\/#primaryimage\",\"url\":\"https:\/\/ironsky.pl\/sklep\/wp-content\/uploads\/2025\/06\/37437_1.jpg\",\"contentUrl\":\"https:\/\/ironsky.pl\/sklep\/wp-content\/uploads\/2025\/06\/37437_1.jpg\",\"width\":800,\"height\":799},{\"@type\":\"BreadcrumbList\",\"@id\":\"https:\/\/ironsky.pl\/sklep\/produkt\/przystawka-obrotowa-xtool-ra2-pro-2-pro-d-s-p-f\/#breadcrumb\",\"itemListElement\":[{\"@type\":\"ListItem\",\"position\":1,\"name\":\"Strona g\u0142\u00f3wna\",\"item\":\"https:\/\/ironsky.pl\/sklep\/\"},{\"@type\":\"ListItem\",\"position\":2,\"name\":\"Wszystkie produkty\",\"item\":\"https:\/\/ironsky.pl\/sklep\/produkty\/\"},{\"@type\":\"ListItem\",\"position\":3,\"name\":\"Przystawka obrotowa XTOOL RA2 Pro 2 Pro-D\/S\/P\/F\"}]},{\"@type\":\"WebSite\",\"@id\":\"https:\/\/ironsky.pl\/sklep\/#website\",\"url\":\"https:\/\/ironsky.pl\/sklep\/\",\"name\":\"IRONSKY.PL Sklep z Dronami\",\"description\":\"IRONSKY.PL Sklep z Dronami\",\"potentialAction\":[{\"@type\":\"SearchAction\",\"target\":{\"@type\":\"EntryPoint\",\"urlTemplate\":\"https:\/\/ironsky.pl\/sklep\/?s={search_term_string}\"},\"query-input\":{\"@type\":\"PropertyValueSpecification\",\"valueRequired\":true,\"valueName\":\"search_term_string\"}}],\"inLanguage\":\"pl-PL\"}]}<\/script>\n<!-- \/ Yoast SEO plugin. -->","yoast_head_json":{"title":"Przystawka obrotowa XTOOL RA2 Pro 2 Pro-D\/S\/P\/F - IRONSKY.PL Sklep z Dronami","description":"Przystawka obrotowa XTOOL RA2 Pro 2 Pro-D\/S\/P\/F - \u2705 sklep z dronami i fachowym doradztwem. \u2705 Tutaj kupisz produkty DJI, Yuneec, Parrot, Syma i wiele innych, a tak\u017ce kursy i licencje na operatora drona.","robots":{"index":"index","follow":"follow","max-snippet":"max-snippet:-1","max-image-preview":"max-image-preview:large","max-video-preview":"max-video-preview:-1"},"canonical":"https:\/\/ironsky.pl\/sklep\/produkt\/przystawka-obrotowa-xtool-ra2-pro-2-pro-d-s-p-f\/","og_locale":"pl_PL","og_type":"article","og_title":"Przystawka obrotowa XTOOL RA2 Pro 2 Pro-D\/S\/P\/F - IRONSKY.PL Sklep z Dronami","og_description":"Przystawka obrotowa XTOOL RA2 Pro 2 Pro-D\/S\/P\/F - \u2705 sklep z dronami i fachowym doradztwem. \u2705 Tutaj kupisz produkty DJI, Yuneec, Parrot, Syma i wiele innych, a tak\u017ce kursy i licencje na operatora drona.","og_url":"https:\/\/ironsky.pl\/sklep\/produkt\/przystawka-obrotowa-xtool-ra2-pro-2-pro-d-s-p-f\/","og_site_name":"IRONSKY.PL Sklep z Dronami","article_modified_time":"2026-04-15T08:31:52+00:00","og_image":[{"width":800,"height":799,"url":"https:\/\/ironsky.pl\/sklep\/wp-content\/uploads\/2025\/06\/37437_1.jpg","type":"image\/jpeg"}],"twitter_card":"summary_large_image","twitter_misc":{"Szacowany czas czytania":"2 minuty"},"schema":{"@context":"https:\/\/schema.org","@graph":[{"@type":"WebPage","@id":"https:\/\/ironsky.pl\/sklep\/produkt\/przystawka-obrotowa-xtool-ra2-pro-2-pro-d-s-p-f\/","url":"https:\/\/ironsky.pl\/sklep\/produkt\/przystawka-obrotowa-xtool-ra2-pro-2-pro-d-s-p-f\/","name":"Przystawka obrotowa XTOOL RA2 Pro 2 Pro-D\/S\/P\/F - IRONSKY.PL Sklep z Dronami","isPartOf":{"@id":"https:\/\/ironsky.pl\/sklep\/#website"},"primaryImageOfPage":{"@id":"https:\/\/ironsky.pl\/sklep\/produkt\/przystawka-obrotowa-xtool-ra2-pro-2-pro-d-s-p-f\/#primaryimage"},"image":{"@id":"https:\/\/ironsky.pl\/sklep\/produkt\/przystawka-obrotowa-xtool-ra2-pro-2-pro-d-s-p-f\/#primaryimage"},"thumbnailUrl":"https:\/\/ironsky.pl\/sklep\/wp-content\/uploads\/2025\/06\/37437_1.jpg","datePublished":"2026-04-15T08:31:19+00:00","dateModified":"2026-04-15T08:31:52+00:00","description":"Przystawka obrotowa XTOOL RA2 Pro 2 Pro-D\/S\/P\/F - \u2705 sklep z dronami i fachowym doradztwem. \u2705 Tutaj kupisz produkty DJI, Yuneec, Parrot, Syma i wiele innych, a tak\u017ce kursy i licencje na operatora drona.","breadcrumb":{"@id":"https:\/\/ironsky.pl\/sklep\/produkt\/przystawka-obrotowa-xtool-ra2-pro-2-pro-d-s-p-f\/#breadcrumb"},"inLanguage":"pl-PL","potentialAction":[{"@type":"ReadAction","target":["https:\/\/ironsky.pl\/sklep\/produkt\/przystawka-obrotowa-xtool-ra2-pro-2-pro-d-s-p-f\/"]}]},{"@type":"ImageObject","inLanguage":"pl-PL","@id":"https:\/\/ironsky.pl\/sklep\/produkt\/przystawka-obrotowa-xtool-ra2-pro-2-pro-d-s-p-f\/#primaryimage","url":"https:\/\/ironsky.pl\/sklep\/wp-content\/uploads\/2025\/06\/37437_1.jpg","contentUrl":"https:\/\/ironsky.pl\/sklep\/wp-content\/uploads\/2025\/06\/37437_1.jpg","width":800,"height":799},{"@type":"BreadcrumbList","@id":"https:\/\/ironsky.pl\/sklep\/produkt\/przystawka-obrotowa-xtool-ra2-pro-2-pro-d-s-p-f\/#breadcrumb","itemListElement":[{"@type":"ListItem","position":1,"name":"Strona g\u0142\u00f3wna","item":"https:\/\/ironsky.pl\/sklep\/"},{"@type":"ListItem","position":2,"name":"Wszystkie produkty","item":"https:\/\/ironsky.pl\/sklep\/produkty\/"},{"@type":"ListItem","position":3,"name":"Przystawka obrotowa XTOOL RA2 Pro 2 Pro-D\/S\/P\/F"}]},{"@type":"WebSite","@id":"https:\/\/ironsky.pl\/sklep\/#website","url":"https:\/\/ironsky.pl\/sklep\/","name":"IRONSKY.PL Sklep z Dronami","description":"IRONSKY.PL Sklep z Dronami","potentialAction":[{"@type":"SearchAction","target":{"@type":"EntryPoint","urlTemplate":"https:\/\/ironsky.pl\/sklep\/?s={search_term_string}"},"query-input":{"@type":"PropertyValueSpecification","valueRequired":true,"valueName":"search_term_string"}}],"inLanguage":"pl-PL"}]}},"_links":{"self":[{"href":"https:\/\/ironsky.pl\/sklep\/wp-json\/wp\/v2\/product\/57972","targetHints":{"allow":["GET"]}}],"collection":[{"href":"https:\/\/ironsky.pl\/sklep\/wp-json\/wp\/v2\/product"}],"about":[{"href":"https:\/\/ironsky.pl\/sklep\/wp-json\/wp\/v2\/types\/product"}],"replies":[{"embeddable":true,"href":"https:\/\/ironsky.pl\/sklep\/wp-json\/wp\/v2\/comments?post=57972"}],"wp:featuredmedia":[{"embeddable":true,"href":"https:\/\/ironsky.pl\/sklep\/wp-json\/wp\/v2\/media\/44461"}],"wp:attachment":[{"href":"https:\/\/ironsky.pl\/sklep\/wp-json\/wp\/v2\/media?parent=57972"}],"wp:term":[{"taxonomy":"product_brand","embeddable":true,"href":"https:\/\/ironsky.pl\/sklep\/wp-json\/wp\/v2\/product_brand?post=57972"},{"taxonomy":"product_cat","embeddable":true,"href":"https:\/\/ironsky.pl\/sklep\/wp-json\/wp\/v2\/product_cat?post=57972"},{"taxonomy":"product_tag","embeddable":true,"href":"https:\/\/ironsky.pl\/sklep\/wp-json\/wp\/v2\/product_tag?post=57972"}],"curies":[{"name":"wp","href":"https:\/\/api.w.org\/{rel}","templated":true}]}}