{"id":57971,"date":"2026-04-15T10:31:19","date_gmt":"2026-04-15T08:31:19","guid":{"rendered":"https:\/\/ironsky.pl\/sklep\/produkt\/podajnik-tasmowy-xtool-do-p2-p2s\/"},"modified":"2026-04-15T10:31:50","modified_gmt":"2026-04-15T08:31:50","slug":"podajnik-tasmowy-xtool-do-p2-p2s","status":"publish","type":"product","link":"https:\/\/ironsky.pl\/sklep\/produkt\/podajnik-tasmowy-xtool-do-p2-p2s\/","title":{"rendered":"Podajnik ta\u015bmowy XTOOL do P2\/P2S"},"content":{"rendered":"<h3>Podajnik ta\u015bmowy do xTool P2\/P2S<\/h3>\n<p>Podajnik ta\u015bmowy do xTool P2 i P2S znacz\u0105co zwi\u0119ksza pole robocze urz\u0105dzenia \u2013 nawet do 3000 mm \u00d7 500 mm. Dzi\u0119ki temu mo\u017cesz grawerowa\u0107 d\u0142ugie materia\u0142y bez konieczno\u015bci ich dzielenia oraz obrabia\u0107 wi\u0119ksz\u0105 liczb\u0119 element\u00f3w za jednym razem. To rozwi\u0105zanie dla tych, kt\u00f3rzy chc\u0105 pracowa\u0107 szybciej, dok\u0142adniej i bardziej efektywnie.<\/p>\n<p>\n<img decoding=\"async\" src=\"https:\/\/assets.innpro.pl\/18036\/23932\/1.jpg\" border=\"0\" alt=\"M\u0119\u017cczyzna w granatowym faruchu korzysta z podajnika ta\u015bmowego do grawerki Xtool.\" \/>\n<\/p>\n<h3>Automatyczne podawanie materia\u0142u<\/h3>\n<p>Urz\u0105dzenie automatycznie planuje \u015bcie\u017ck\u0119 grawerowania i przesuwa materia\u0142 bez potrzeby r\u0119cznego podawania. To nie tylko oszcz\u0119dno\u015b\u0107 czasu, ale te\u017c wi\u0119ksza precyzja \u2013 zapomnij o b\u0142\u0119dach w pozycjonowaniu.<\/p>\n<p>\n<img decoding=\"async\" src=\"https:\/\/assets.innpro.pl\/18036\/23932\/4.jpg\" border=\"0\" alt=\"Zbli\u017cenie na r\u00f3\u017cne elementy podajnika ta\u015bmowego do grawerki Xtool.\" \/>\n<\/p>\n<h3>Obrabiaj r\u00f3\u017cne materia\u0142y \u2013 bez ogranicze\u0144<\/h3>\n<p>Z tym podajnikiem poszerzasz wachlarz mo\u017cliwych do obr\u00f3bki materia\u0142\u00f3w. Poza klasyczn\u0105 sklejk\u0105, akrylem czy p\u0142ytami MDF (Medium Density Fibreboard, p\u0142yta pil\u015bniowa \u015bredniej g\u0119sto\u015bci), mo\u017cesz pracowa\u0107 r\u00f3wnie\u017c z mi\u0119kkimi materia\u0142ami, takimi jak korek, filc czy pianka EVA (Ethylene Vinyl Acetate, pianka z kopolimeru etylenu i octanu winylu). Niezale\u017cnie od struktury czy grubo\u015bci \u2013 podajnik zapewnia stabilne i p\u0142ynne przesuwanie materia\u0142u.<\/p>\n<p>\n<img decoding=\"async\" src=\"https:\/\/assets.innpro.pl\/18036\/23932\/5.jpg\" border=\"0\" alt=\"Zdj\u0119cia r\u00f3\u017cnych przedmiot\u00f3w np. deski surfingowe, drzwi, na kt\u00f3rych wygrawerowano wzory.\" \/>\n<\/p>\n<h3>Stabilno\u015b\u0107, kt\u00f3ra robi r\u00f3\u017cnic\u0119<\/h3>\n<p>G\u00f3rne i dolne rolki dociskowe wykonane s\u0105 z materia\u0142\u00f3w antypo\u015blizgowych. Dzi\u0119ki temu zar\u00f3wno cienkie, jak i grubsze p\u0142yty trzymaj\u0105 si\u0119 pewnie, bez ryzyka przesuni\u0119\u0107 w trakcie pracy.\u00a0<\/p>\n<p>\n<img decoding=\"async\" src=\"https:\/\/assets.innpro.pl\/18036\/23932\/2.jpg\" border=\"0\" alt=\"Zbli\u017cenie na grawerowany wz\u00f3r.\" \/>\n<\/p>\n<h3>Przemy\u015blana konstrukcja<\/h3>\n<p>Monta\u017c szyn podajnika jest prosty dzi\u0119ki systemowi zatrzaskowemu, a kolorowe oznaczenia ci\u015bnienia pomagaj\u0105 szybko dobra\u0107 odpowiedni docisk do konkretnego materia\u0142u. Dodatkowo pokr\u0119t\u0142o dolne pozwala wygodnie ustawi\u0107 pozycj\u0119 materia\u0142u, a siatka wyr\u00f3wnuj\u0105ca pomaga r\u00f3wno ustawi\u0107 wybrane tworzywo wzgl\u0119dem kierunku podawania.<\/p>\n<p>\n<img decoding=\"async\" src=\"https:\/\/assets.innpro.pl\/18036\/23932\/6.jpg\" border=\"0\" alt=\"Podajnik ta\u015bmowy Xtool na czarnym tle.\" \/>\n<\/p>\n<div class=\"table-wrapper\">\n<p>\u00a0<\/p>\n<h3><\/h3>\n<table>\n<tbody>\n<tr>\n<th>Producent<\/th>\n<td>XTool<\/td>\n<\/tr>\n<tr>\n<th>Model<\/th>\n<td>P5010199<\/td>\n<\/tr>\n<tr>\n<th>Kompatybilno\u015b\u0107<\/th>\n<td>xTool P2 \/ P2S<\/td>\n<\/tr>\n<tr>\n<th>Wymiary<\/th>\n<td>687 \u00d7 200 \u00d7 135 mm<\/td>\n<\/tr>\n<tr>\n<th>Waga<\/th>\n<td>4,55 kg<\/td>\n<\/tr>\n<tr>\n<th>Maksymalna pr\u0119dko\u015b\u0107<\/th>\n<td>160 mm\/s<\/td>\n<\/tr>\n<tr>\n<th>Maksymalna powierzchnia obr\u00f3bki<\/th>\n<td>3000 mm \u00d7 500 mm<\/td>\n<\/tr>\n<tr>\n<th>Maksymalna szeroko\u015b\u0107 materia\u0142u<\/th>\n<td>624 mm<\/td>\n<\/tr>\n<tr>\n<th>Minimalna szeroko\u015b\u0107 materia\u0142u<\/th>\n<td>65 mm<\/td>\n<\/tr>\n<tr>\n<th>Maksymalna grubo\u015b\u0107 materia\u0142u<\/th>\n<td>14 mm<\/td>\n<\/tr>\n<tr>\n<th>Maksymalna d\u0142ugo\u015b\u0107 materia\u0142u<\/th>\n<td>1 m (w tym 30 cm wisz\u0105ce)<\/td>\n<\/tr>\n<tr>\n<th>D\u0142ugo\u015b\u0107 obr\u00f3bki<\/th>\n<td>0,85 m (w tym 30 cm wisz\u0105ce)<\/td>\n<\/tr>\n<\/tbody>\n<\/table>\n<\/div>\n","protected":false},"excerpt":{"rendered":"<p>Podajnik ta\u015bmowy do xTool P2\/P2S Podajnik ta\u015bmowy do xTool P2 i P2S znacz\u0105co zwi\u0119ksza pole robocze urz\u0105dzenia \u2013 nawet do<\/p>\n","protected":false},"featured_media":48845,"comment_status":"closed","ping_status":"open","template":"","meta":{"_acf_changed":false},"product_brand":[],"product_cat":[6220,6218,6217],"product_tag":[],"class_list":{"0":"post-57971","1":"product","2":"type-product","3":"status-publish","4":"has-post-thumbnail","6":"product_cat-akcesoria-grawerki-i-wycinarki-laserowe","7":"product_cat-grawerki-i-wycinarki-laserowe","8":"product_cat-technologie-kreatywne","9":"pa_producent-xtool","11":"first","12":"outofstock","13":"taxable","14":"shipping-taxable","15":"purchasable","16":"product-type-simple"},"acf":[],"yoast_head":"<!-- This site is optimized with the Yoast SEO plugin v27.2 - https:\/\/yoast.com\/product\/yoast-seo-wordpress\/ -->\n<title>Podajnik ta\u015bmowy XTOOL do P2\/P2S - IRONSKY.PL Sklep z Dronami<\/title>\n<meta name=\"description\" content=\"Podajnik ta\u015bmowy XTOOL do P2\/P2S - \u2705 sklep z dronami i fachowym doradztwem. \u2705 Tutaj kupisz produkty DJI, Yuneec, Parrot, Syma i wiele innych, a tak\u017ce kursy i licencje na operatora drona.\" \/>\n<meta name=\"robots\" content=\"index, follow, max-snippet:-1, max-image-preview:large, max-video-preview:-1\" \/>\n<link rel=\"canonical\" href=\"https:\/\/ironsky.pl\/sklep\/produkt\/podajnik-tasmowy-xtool-do-p2-p2s\/\" \/>\n<meta property=\"og:locale\" content=\"pl_PL\" \/>\n<meta property=\"og:type\" content=\"article\" \/>\n<meta property=\"og:title\" content=\"Podajnik ta\u015bmowy XTOOL do P2\/P2S - IRONSKY.PL Sklep z Dronami\" \/>\n<meta property=\"og:description\" content=\"Podajnik ta\u015bmowy XTOOL do P2\/P2S - \u2705 sklep z dronami i fachowym doradztwem. \u2705 Tutaj kupisz produkty DJI, Yuneec, Parrot, Syma i wiele innych, a tak\u017ce kursy i licencje na operatora drona.\" \/>\n<meta property=\"og:url\" content=\"https:\/\/ironsky.pl\/sklep\/produkt\/podajnik-tasmowy-xtool-do-p2-p2s\/\" \/>\n<meta property=\"og:site_name\" content=\"IRONSKY.PL Sklep z Dronami\" \/>\n<meta property=\"article:modified_time\" content=\"2026-04-15T08:31:50+00:00\" \/>\n<meta property=\"og:image\" content=\"https:\/\/ironsky.pl\/sklep\/wp-content\/uploads\/2025\/10\/37436_2.jpg\" \/>\n\t<meta property=\"og:image:width\" content=\"800\" \/>\n\t<meta property=\"og:image:height\" content=\"800\" \/>\n\t<meta property=\"og:image:type\" content=\"image\/jpeg\" \/>\n<meta name=\"twitter:card\" content=\"summary_large_image\" \/>\n<meta name=\"twitter:label1\" content=\"Szacowany czas czytania\" \/>\n\t<meta name=\"twitter:data1\" content=\"2 minuty\" \/>\n<script type=\"application\/ld+json\" class=\"yoast-schema-graph\">{\"@context\":\"https:\/\/schema.org\",\"@graph\":[{\"@type\":\"WebPage\",\"@id\":\"https:\/\/ironsky.pl\/sklep\/produkt\/podajnik-tasmowy-xtool-do-p2-p2s\/\",\"url\":\"https:\/\/ironsky.pl\/sklep\/produkt\/podajnik-tasmowy-xtool-do-p2-p2s\/\",\"name\":\"Podajnik ta\u015bmowy XTOOL do P2\/P2S - IRONSKY.PL Sklep z Dronami\",\"isPartOf\":{\"@id\":\"https:\/\/ironsky.pl\/sklep\/#website\"},\"primaryImageOfPage\":{\"@id\":\"https:\/\/ironsky.pl\/sklep\/produkt\/podajnik-tasmowy-xtool-do-p2-p2s\/#primaryimage\"},\"image\":{\"@id\":\"https:\/\/ironsky.pl\/sklep\/produkt\/podajnik-tasmowy-xtool-do-p2-p2s\/#primaryimage\"},\"thumbnailUrl\":\"https:\/\/ironsky.pl\/sklep\/wp-content\/uploads\/2025\/10\/37436_2.jpg\",\"datePublished\":\"2026-04-15T08:31:19+00:00\",\"dateModified\":\"2026-04-15T08:31:50+00:00\",\"description\":\"Podajnik ta\u015bmowy XTOOL do P2\/P2S - \u2705 sklep z dronami i fachowym doradztwem. \u2705 Tutaj kupisz produkty DJI, Yuneec, Parrot, Syma i wiele innych, a tak\u017ce kursy i licencje na operatora drona.\",\"breadcrumb\":{\"@id\":\"https:\/\/ironsky.pl\/sklep\/produkt\/podajnik-tasmowy-xtool-do-p2-p2s\/#breadcrumb\"},\"inLanguage\":\"pl-PL\",\"potentialAction\":[{\"@type\":\"ReadAction\",\"target\":[\"https:\/\/ironsky.pl\/sklep\/produkt\/podajnik-tasmowy-xtool-do-p2-p2s\/\"]}]},{\"@type\":\"ImageObject\",\"inLanguage\":\"pl-PL\",\"@id\":\"https:\/\/ironsky.pl\/sklep\/produkt\/podajnik-tasmowy-xtool-do-p2-p2s\/#primaryimage\",\"url\":\"https:\/\/ironsky.pl\/sklep\/wp-content\/uploads\/2025\/10\/37436_2.jpg\",\"contentUrl\":\"https:\/\/ironsky.pl\/sklep\/wp-content\/uploads\/2025\/10\/37436_2.jpg\",\"width\":800,\"height\":800},{\"@type\":\"BreadcrumbList\",\"@id\":\"https:\/\/ironsky.pl\/sklep\/produkt\/podajnik-tasmowy-xtool-do-p2-p2s\/#breadcrumb\",\"itemListElement\":[{\"@type\":\"ListItem\",\"position\":1,\"name\":\"Strona g\u0142\u00f3wna\",\"item\":\"https:\/\/ironsky.pl\/sklep\/\"},{\"@type\":\"ListItem\",\"position\":2,\"name\":\"Wszystkie produkty\",\"item\":\"https:\/\/ironsky.pl\/sklep\/produkty\/\"},{\"@type\":\"ListItem\",\"position\":3,\"name\":\"Podajnik ta\u015bmowy XTOOL do P2\/P2S\"}]},{\"@type\":\"WebSite\",\"@id\":\"https:\/\/ironsky.pl\/sklep\/#website\",\"url\":\"https:\/\/ironsky.pl\/sklep\/\",\"name\":\"IRONSKY.PL Sklep z Dronami\",\"description\":\"IRONSKY.PL Sklep z Dronami\",\"potentialAction\":[{\"@type\":\"SearchAction\",\"target\":{\"@type\":\"EntryPoint\",\"urlTemplate\":\"https:\/\/ironsky.pl\/sklep\/?s={search_term_string}\"},\"query-input\":{\"@type\":\"PropertyValueSpecification\",\"valueRequired\":true,\"valueName\":\"search_term_string\"}}],\"inLanguage\":\"pl-PL\"}]}<\/script>\n<!-- \/ Yoast SEO plugin. -->","yoast_head_json":{"title":"Podajnik ta\u015bmowy XTOOL do P2\/P2S - IRONSKY.PL Sklep z Dronami","description":"Podajnik ta\u015bmowy XTOOL do P2\/P2S - \u2705 sklep z dronami i fachowym doradztwem. \u2705 Tutaj kupisz produkty DJI, Yuneec, Parrot, Syma i wiele innych, a tak\u017ce kursy i licencje na operatora drona.","robots":{"index":"index","follow":"follow","max-snippet":"max-snippet:-1","max-image-preview":"max-image-preview:large","max-video-preview":"max-video-preview:-1"},"canonical":"https:\/\/ironsky.pl\/sklep\/produkt\/podajnik-tasmowy-xtool-do-p2-p2s\/","og_locale":"pl_PL","og_type":"article","og_title":"Podajnik ta\u015bmowy XTOOL do P2\/P2S - IRONSKY.PL Sklep z Dronami","og_description":"Podajnik ta\u015bmowy XTOOL do P2\/P2S - \u2705 sklep z dronami i fachowym doradztwem. \u2705 Tutaj kupisz produkty DJI, Yuneec, Parrot, Syma i wiele innych, a tak\u017ce kursy i licencje na operatora drona.","og_url":"https:\/\/ironsky.pl\/sklep\/produkt\/podajnik-tasmowy-xtool-do-p2-p2s\/","og_site_name":"IRONSKY.PL Sklep z Dronami","article_modified_time":"2026-04-15T08:31:50+00:00","og_image":[{"width":800,"height":800,"url":"https:\/\/ironsky.pl\/sklep\/wp-content\/uploads\/2025\/10\/37436_2.jpg","type":"image\/jpeg"}],"twitter_card":"summary_large_image","twitter_misc":{"Szacowany czas czytania":"2 minuty"},"schema":{"@context":"https:\/\/schema.org","@graph":[{"@type":"WebPage","@id":"https:\/\/ironsky.pl\/sklep\/produkt\/podajnik-tasmowy-xtool-do-p2-p2s\/","url":"https:\/\/ironsky.pl\/sklep\/produkt\/podajnik-tasmowy-xtool-do-p2-p2s\/","name":"Podajnik ta\u015bmowy XTOOL do P2\/P2S - IRONSKY.PL Sklep z Dronami","isPartOf":{"@id":"https:\/\/ironsky.pl\/sklep\/#website"},"primaryImageOfPage":{"@id":"https:\/\/ironsky.pl\/sklep\/produkt\/podajnik-tasmowy-xtool-do-p2-p2s\/#primaryimage"},"image":{"@id":"https:\/\/ironsky.pl\/sklep\/produkt\/podajnik-tasmowy-xtool-do-p2-p2s\/#primaryimage"},"thumbnailUrl":"https:\/\/ironsky.pl\/sklep\/wp-content\/uploads\/2025\/10\/37436_2.jpg","datePublished":"2026-04-15T08:31:19+00:00","dateModified":"2026-04-15T08:31:50+00:00","description":"Podajnik ta\u015bmowy XTOOL do P2\/P2S - \u2705 sklep z dronami i fachowym doradztwem. \u2705 Tutaj kupisz produkty DJI, Yuneec, Parrot, Syma i wiele innych, a tak\u017ce kursy i licencje na operatora drona.","breadcrumb":{"@id":"https:\/\/ironsky.pl\/sklep\/produkt\/podajnik-tasmowy-xtool-do-p2-p2s\/#breadcrumb"},"inLanguage":"pl-PL","potentialAction":[{"@type":"ReadAction","target":["https:\/\/ironsky.pl\/sklep\/produkt\/podajnik-tasmowy-xtool-do-p2-p2s\/"]}]},{"@type":"ImageObject","inLanguage":"pl-PL","@id":"https:\/\/ironsky.pl\/sklep\/produkt\/podajnik-tasmowy-xtool-do-p2-p2s\/#primaryimage","url":"https:\/\/ironsky.pl\/sklep\/wp-content\/uploads\/2025\/10\/37436_2.jpg","contentUrl":"https:\/\/ironsky.pl\/sklep\/wp-content\/uploads\/2025\/10\/37436_2.jpg","width":800,"height":800},{"@type":"BreadcrumbList","@id":"https:\/\/ironsky.pl\/sklep\/produkt\/podajnik-tasmowy-xtool-do-p2-p2s\/#breadcrumb","itemListElement":[{"@type":"ListItem","position":1,"name":"Strona g\u0142\u00f3wna","item":"https:\/\/ironsky.pl\/sklep\/"},{"@type":"ListItem","position":2,"name":"Wszystkie produkty","item":"https:\/\/ironsky.pl\/sklep\/produkty\/"},{"@type":"ListItem","position":3,"name":"Podajnik ta\u015bmowy XTOOL do P2\/P2S"}]},{"@type":"WebSite","@id":"https:\/\/ironsky.pl\/sklep\/#website","url":"https:\/\/ironsky.pl\/sklep\/","name":"IRONSKY.PL Sklep z Dronami","description":"IRONSKY.PL Sklep z Dronami","potentialAction":[{"@type":"SearchAction","target":{"@type":"EntryPoint","urlTemplate":"https:\/\/ironsky.pl\/sklep\/?s={search_term_string}"},"query-input":{"@type":"PropertyValueSpecification","valueRequired":true,"valueName":"search_term_string"}}],"inLanguage":"pl-PL"}]}},"_links":{"self":[{"href":"https:\/\/ironsky.pl\/sklep\/wp-json\/wp\/v2\/product\/57971","targetHints":{"allow":["GET"]}}],"collection":[{"href":"https:\/\/ironsky.pl\/sklep\/wp-json\/wp\/v2\/product"}],"about":[{"href":"https:\/\/ironsky.pl\/sklep\/wp-json\/wp\/v2\/types\/product"}],"replies":[{"embeddable":true,"href":"https:\/\/ironsky.pl\/sklep\/wp-json\/wp\/v2\/comments?post=57971"}],"wp:featuredmedia":[{"embeddable":true,"href":"https:\/\/ironsky.pl\/sklep\/wp-json\/wp\/v2\/media\/48845"}],"wp:attachment":[{"href":"https:\/\/ironsky.pl\/sklep\/wp-json\/wp\/v2\/media?parent=57971"}],"wp:term":[{"taxonomy":"product_brand","embeddable":true,"href":"https:\/\/ironsky.pl\/sklep\/wp-json\/wp\/v2\/product_brand?post=57971"},{"taxonomy":"product_cat","embeddable":true,"href":"https:\/\/ironsky.pl\/sklep\/wp-json\/wp\/v2\/product_cat?post=57971"},{"taxonomy":"product_tag","embeddable":true,"href":"https:\/\/ironsky.pl\/sklep\/wp-json\/wp\/v2\/product_tag?post=57971"}],"curies":[{"name":"wp","href":"https:\/\/api.w.org\/{rel}","templated":true}]}}