{"id":57954,"date":"2026-04-15T10:31:19","date_gmt":"2026-04-15T08:31:19","guid":{"rendered":"https:\/\/ironsky.pl\/sklep\/produkt\/nadajnik-dji-mic-2-bialy\/"},"modified":"2026-04-15T10:31:42","modified_gmt":"2026-04-15T08:31:42","slug":"nadajnik-dji-mic-2-bialy","status":"publish","type":"product","link":"https:\/\/ironsky.pl\/sklep\/produkt\/nadajnik-dji-mic-2-bialy\/","title":{"rendered":"Nadajnik DJI Mic 2 (bia\u0142y)"},"content":{"rendered":"<h3>DJI Mic 2 Nadajnik DJI Mic 2 (bia\u0142y) \u2014 prze\u0142om w nagrywaniu d\u017awi\u0119ku<\/h3>\n<p>DJI Mic 2 to Twoja tajna bro\u0144 w tworzeniu film\u00f3w pe\u0142nych emocji. Stworzony, by uchwyci\u0107 autentyczne d\u017awi\u0119ki w ka\u017cdej sytuacji, zapewnia wysok\u0105 jako\u015b\u0107 nagrywania i odporno\u015b\u0107 na zak\u0142\u00f3cenia dzi\u0119ki inteligentnej redukcji szum\u00f3w. Idealny do tworzenia tre\u015bci audio, takich jak vlogi, wywiady czy transmisje na \u017cywo jest gotowy do dzia\u0142ania zawsze, gdy go potrzebujesz.<\/p>\n<p>\n<img decoding=\"async\" src=\"https:\/\/assets.innpro.pl\/7904\/9165\/1.jpg\" border=\"0\" \/>\n<\/p>\n<h3>Precyzyjnie zarejestrowany d\u017awi\u0119k<\/h3>\n<p>Niezale\u017cnie od tego, czy nagrywasz w studiu, czy w terenie, DJI Mic 2 dostarcza krystalicznie czysty d\u017awi\u0119k. Zaawansowane 32-bitowe nagrywanie wewn\u0119trzne typu float zapewnia zr\u00f3wnowa\u017cone i bogate w szczeg\u00f3\u0142y brzmienie w Twoich filmach. Zasi\u0119g dzia\u0142ania do 160 metr\u00f3w sprawia, \u017ce DJI Mic 2 jest niezwykle elastyczny w u\u017cyciu.<\/p>\n<p>\n<img decoding=\"async\" src=\"https:\/\/assets.innpro.pl\/7904\/9165\/2.jpg\" border=\"0\" \/>\n<\/p>\n<h3>Nagrywanie wielokierunkowe<\/h3>\n<p>Mikrofon wielokierunkowy DJI Mic 2 radzi sobie z ka\u017cdym scenariuszem nagrywania. \u015awietnie sprawdzi si\u0119 przy tworzeniu vlog\u00f3w prowadzonych w pojedynk\u0119 lub wywiad\u00f3w z wieloma osobami jednocze\u015bnie. Zaawansowana technologia redukcji szum\u00f3w zapewnia czysto\u015b\u0107 nagrania, nawet w najbardziej wymagaj\u0105cych warunkach, a os\u0142ona przeciwwietrzna mikrofonu dostarczy kolejn\u0105 warstw\u0119 ochrony, kt\u00f3ra zapewnia czysty d\u017awi\u0119k tak\u017ce w czasie wiatru lub podczas nagra\u0144 w ruchu.<\/p>\n<p>\n<img decoding=\"async\" src=\"https:\/\/assets.innpro.pl\/7904\/9165\/5.jpg\" border=\"0\" \/>\n<\/p>\n<h3>D\u0142ugi czas pracy<\/h3>\n<p>Zarejestruj ka\u017cdy moment bez kompromis\u00f3w! Mikrofon wyr\u00f3\u017cnia si\u0119 d\u0142ugim czasem pracy, kt\u00f3ry wynosi a\u017c 6 godzin. Dzi\u0119ki temu DJI Mic 2 doskonale nadaje si\u0119 do prowadzenia transmisji na \u017cywo i produkcji wideo.<\/p>\n<p>\n<img decoding=\"async\" src=\"https:\/\/assets.innpro.pl\/7904\/9165\/8.jpg\" border=\"0\" \/>\n<\/p>\n<h3>Niezawodny w ka\u017cdych warunkach<\/h3>\n<p>DJI Mic 2 to mikrofon, na kt\u00f3rym mo\u017cesz polega\u0107. Mo\u017cliwo\u015b\u0107 rejestrowania r\u00f3wnoleg\u0142ej \u015bcie\u017cki d\u017awi\u0119kowej na poziomie -6dB zapewnia dodatkowe zabezpieczenie w dynamicznych \u015brodowiskach d\u017awi\u0119kowych, takich jak festiwale muzyczne, dzi\u0119ki czemu Twoje nagrania b\u0119d\u0105 klarowne i pe\u0142ne \u017cycia. Funkcja znacz\u0105co upraszcza nagrywanie z wielu \u017ar\u00f3de\u0142 i u\u0142atwia proces postprodukcji, zapewniaj\u0105c czysty d\u017awi\u0119k w ka\u017cdych warunkach.<\/p>\n<p>\n<img decoding=\"async\" src=\"https:\/\/assets.innpro.pl\/7904\/9165\/4.jpg\" border=\"0\" \/>\n<\/p>\n<h3>Kompatybilny z szerok\u0105 gam\u0105 urz\u0105dze\u0144<\/h3>\n<p>Ciesz si\u0119 szerok\u0105 kompatybilno\u015bci\u0105 DJI Mic 2 i tw\u00f3rz bez ogranicze\u0144. Bez odbiornika nadajnik mo\u017cesz po\u0142\u0105czy\u0107 z kamerami Osmo Pocket 3 lub Osmo Action 4 za pomoc\u0105 Bluetooth. Co wi\u0119cej, wbudowane ustawienia sprawiaj\u0105, \u017ce DJI Mic 2 jest zgodny z konkretnymi modelami kamer innych producent\u00f3w \u2014 wystarczy jedno dotkni\u0119cie, by uzyska\u0107 idealne parametry dla Twoich urz\u0105dze\u0144. Dodatkowo mo\u017cesz po\u0142\u0105czy\u0107 go ze smartfonem, by rozpocz\u0105\u0107 nagrywanie za pomoc\u0105 nadajnika, co zdecydowanie u\u0142atwi obs\u0142ug\u0119 w niespodziewanych sytuacjach.<\/p>\n<p>\n<img decoding=\"async\" src=\"https:\/\/assets.innpro.pl\/7904\/9165\/9.jpg\" border=\"0\" \/>\n<\/p>\n<h3>Wszechstronne mo\u017cliwo\u015bci z magnetycznym mocowaniem<\/h3>\n<p>DJI Mic 2 jest praktycznym narz\u0119dziem dla ka\u017cdego tw\u00f3rcy. Dzi\u0119ki konstrukcji z magnetycznym zatrzaskiem mo\u017cesz zamocowa\u0107 nadajniki na ubraniu, dzi\u0119ki czemu zwolnisz swoje r\u0119ce, zyskuj\u0105c elastyczno\u015b\u0107 i pe\u0142n\u0105 swobod\u0119 podczas nagrywania.<\/p>\n<p>\n<img decoding=\"async\" src=\"https:\/\/assets.innpro.pl\/7904\/9165\/7.jpg\" border=\"0\" \/>\n<\/p>\n<h3>Wykorzystaj du\u017c\u0105 pojemno\u015b\u0107<\/h3>\n<p>Nadajnik mo\u017ce dzia\u0142a\u0107 jako samodzielny dyktafon lub s\u0142u\u017cy\u0107 jako kopia zapasowa audio. Oferuje 8 GB pami\u0119ci wewn\u0119trznej i umo\u017cliwia przechowywanie do 14 godzin 24-bitowego nagrania 48 Hz, kt\u00f3re nie zosta\u0142o skompresowane. Nagranie mo\u017cesz w prosty spos\u00f3b wyeksportowa\u0107 do postprodukcji, oszcz\u0119dzaj\u0105c czas na dodatkowych czynno\u015bciach.<\/p>\n<p>\n<img decoding=\"async\" src=\"https:\/\/assets.innpro.pl\/7904\/9165\/3.jpg\" border=\"0\" \/>\n<\/p>\n<h3><\/h3>\n<ul class=\"list-disc pl-5\">\n<li>Nadajnik DJI Mic 2 (bia\u0142y)<\/li>\n<li>Os\u0142ona przeciwwietrzna<\/li>\n<li>Magnetyczny klips<\/li>\n<li>Kabel do \u0142adowania USB-C<\/li>\n<li>Etui transportowe<\/li>\n<li>Dokumenty<\/li>\n<\/ul>\n<div class=\"table-wrapper\">\n<p>\u00a0<\/p>\n<h3>Nadajnik DJI Mic 2<\/h3>\n<table>\n<tbody>\n<tr>\n<th>Model <\/th>\n<td>DMT02<\/td>\n<\/tr>\n<tr>\n<th>Wymiary <\/th>\n<td>46,06 x 30,96 x 21,83 mm<\/td>\n<\/tr>\n<tr>\n<th>Waga <\/th>\n<td>28 g<\/td>\n<\/tr>\n<tr>\n<th>Tryb bezprzewodowy <\/th>\n<td>GFSK 1 Mbps i 2 Mbps<\/td>\n<\/tr>\n<tr>\n<th>EIRP <\/th>\n<td>&lt; 20 dBm<\/td>\n<\/tr>\n<tr>\n<th>Cz\u0119stotliwo\u015b\u0107 pracy w trybie bezprzewodowym <\/th>\n<td>2,400-2,4835 GHz<\/td>\n<\/tr>\n<tr>\n<th>Protok\u00f3\u0142 Bluetooth <\/th>\n<td>BR \/ EDR<\/td>\n<\/tr>\n<tr>\n<th>Cz\u0119stotliwo\u015b\u0107 robocza Bluetooth <\/th>\n<td>2,400-2,4835 GHz<\/td>\n<\/tr>\n<tr>\n<th>Moc nadajnika Bluetooth (EIRP) <\/th>\n<td>&lt; 20 dBm<\/td>\n<\/tr>\n<tr>\n<th>Typ baterii <\/th>\n<td>Li-ion<\/td>\n<\/tr>\n<tr>\n<th>Pojemno\u015b\u0107 akumulatora <\/th>\n<td>360 mAh<\/td>\n<\/tr>\n<tr>\n<th>Energia akumulatora <\/th>\n<td>1,39 Wh<\/td>\n<\/tr>\n<tr>\n<th>Napi\u0119cie akumulatora <\/th>\n<td>3,87 V<\/td>\n<\/tr>\n<tr>\n<th>Temperatura \u0142adowania <\/th>\n<td>Od 5\u00b0C do 45\u00b0C<\/td>\n<\/tr>\n<tr>\n<th>Temperatura pracy <\/th>\n<td>Od -10\u00b0C do 45\u00b0C<\/td>\n<\/tr>\n<tr>\n<th>Czas \u0142adowania <\/th>\n<td>Oko\u0142o 70 min<\/td>\n<\/tr>\n<tr>\n<th>Czas pracy <\/th>\n<td>Oko\u0142o 6 godzin *Testowano, gdy oba nadajniki by\u0142y pod\u0142\u0105czone do odbiornika (bez wewn\u0119trznego nagrywania klipu zapasowego), a odbiornik by\u0142 pod\u0142\u0105czony do kamery za pomoc\u0105 kabla audio (3,5 mm TRS)<\/td>\n<\/tr>\n<\/tbody>\n<\/table>\n<p>\u00a0<\/p>\n<h3>Og\u00f3lne<\/h3>\n<table>\n<tbody>\n<tr>\n<th>Wz\u00f3r polaryzacji <\/th>\n<td>Wielokierunkowa<\/td>\n<\/tr>\n<tr>\n<th>Pasmo przenoszenia <\/th>\n<td>Low Cut off: 50 Hz &#8211; 20 kHz; Low Cut on: 100 Hz &#8211; 20 kHz;<\/td>\n<\/tr>\n<tr>\n<th>Maks. SPL <\/th>\n<td>120 dB SPL<\/td>\n<\/tr>\n<tr>\n<th>Maks. poziom wej\u015bciowy (3,5 mm). <\/th>\n<td>-6 dBV (THD &lt; 0,1%)<\/td>\n<\/tr>\n<tr>\n<th>R\u00f3wnowa\u017cny poziom ha\u0142asu <\/th>\n<td>21 dBA<\/td>\n<\/tr>\n<tr>\n<th>Moc wyj\u015bciowa interfejsu monitorowania <\/th>\n<td>Maks. moc wyj\u015bciowa 12 mW przy 1 kHz, 32 \u03a9<\/td>\n<\/tr>\n<tr>\n<th>Maks. zasi\u0119g transmisji <\/th>\n<td>Do 250 m (FCC); Do 160 m (CE); *Pomiar w \u015brodowisku zewn\u0119trznym bez przeszk\u00f3d i zak\u0142\u00f3ce\u0144<\/td>\n<\/tr>\n<\/tbody>\n<\/table>\n<\/div>\n","protected":false},"excerpt":{"rendered":"<p>DJI Mic 2 Nadajnik DJI Mic 2 (bia\u0142y) \u2014 prze\u0142om w nagrywaniu d\u017awi\u0119ku DJI Mic 2 to Twoja tajna bro\u0144<\/p>\n","protected":false},"featured_media":57955,"comment_status":"closed","ping_status":"open","template":"","meta":{"_acf_changed":false},"product_brand":[],"product_cat":[6206,1128],"product_tag":[],"class_list":{"0":"post-57954","1":"product","2":"type-product","3":"status-publish","4":"has-post-thumbnail","6":"product_cat-dji-pro","7":"product_cat-foto-wideo","8":"pa_okres-gwarancji-5757","9":"pa_producent-dji","11":"first","12":"outofstock","13":"taxable","14":"shipping-taxable","15":"purchasable","16":"product-type-simple"},"acf":[],"yoast_head":"<!-- This site is optimized with the Yoast SEO plugin v27.2 - https:\/\/yoast.com\/product\/yoast-seo-wordpress\/ -->\n<title>Nadajnik DJI Mic 2 (bia\u0142y) - IRONSKY.PL Sklep z Dronami<\/title>\n<meta name=\"description\" content=\"Nadajnik DJI Mic 2 (bia\u0142y) - \u2705 sklep z dronami i fachowym doradztwem. \u2705 Tutaj kupisz produkty DJI, Yuneec, Parrot, Syma i wiele innych, a tak\u017ce kursy i licencje na operatora drona.\" \/>\n<meta name=\"robots\" content=\"index, follow, max-snippet:-1, max-image-preview:large, max-video-preview:-1\" \/>\n<link rel=\"canonical\" href=\"https:\/\/ironsky.pl\/sklep\/produkt\/nadajnik-dji-mic-2-bialy\/\" \/>\n<meta property=\"og:locale\" content=\"pl_PL\" \/>\n<meta property=\"og:type\" content=\"article\" \/>\n<meta property=\"og:title\" content=\"Nadajnik DJI Mic 2 (bia\u0142y) - IRONSKY.PL Sklep z Dronami\" \/>\n<meta property=\"og:description\" content=\"Nadajnik DJI Mic 2 (bia\u0142y) - \u2705 sklep z dronami i fachowym doradztwem. \u2705 Tutaj kupisz produkty DJI, Yuneec, Parrot, Syma i wiele innych, a tak\u017ce kursy i licencje na operatora drona.\" \/>\n<meta property=\"og:url\" content=\"https:\/\/ironsky.pl\/sklep\/produkt\/nadajnik-dji-mic-2-bialy\/\" \/>\n<meta property=\"og:site_name\" content=\"IRONSKY.PL Sklep z Dronami\" \/>\n<meta property=\"article:modified_time\" content=\"2026-04-15T08:31:42+00:00\" \/>\n<meta property=\"og:image\" content=\"https:\/\/ironsky.pl\/sklep\/wp-content\/uploads\/2026\/04\/37370_4.jpg\" \/>\n\t<meta property=\"og:image:width\" content=\"800\" \/>\n\t<meta property=\"og:image:height\" content=\"800\" \/>\n\t<meta property=\"og:image:type\" content=\"image\/jpeg\" \/>\n<meta name=\"twitter:card\" content=\"summary_large_image\" \/>\n<meta name=\"twitter:label1\" content=\"Szacowany czas czytania\" \/>\n\t<meta name=\"twitter:data1\" content=\"3 minuty\" \/>\n<script type=\"application\/ld+json\" class=\"yoast-schema-graph\">{\"@context\":\"https:\/\/schema.org\",\"@graph\":[{\"@type\":\"WebPage\",\"@id\":\"https:\/\/ironsky.pl\/sklep\/produkt\/nadajnik-dji-mic-2-bialy\/\",\"url\":\"https:\/\/ironsky.pl\/sklep\/produkt\/nadajnik-dji-mic-2-bialy\/\",\"name\":\"Nadajnik DJI Mic 2 (bia\u0142y) - IRONSKY.PL Sklep z Dronami\",\"isPartOf\":{\"@id\":\"https:\/\/ironsky.pl\/sklep\/#website\"},\"primaryImageOfPage\":{\"@id\":\"https:\/\/ironsky.pl\/sklep\/produkt\/nadajnik-dji-mic-2-bialy\/#primaryimage\"},\"image\":{\"@id\":\"https:\/\/ironsky.pl\/sklep\/produkt\/nadajnik-dji-mic-2-bialy\/#primaryimage\"},\"thumbnailUrl\":\"https:\/\/ironsky.pl\/sklep\/wp-content\/uploads\/2026\/04\/37370_4.jpg\",\"datePublished\":\"2026-04-15T08:31:19+00:00\",\"dateModified\":\"2026-04-15T08:31:42+00:00\",\"description\":\"Nadajnik DJI Mic 2 (bia\u0142y) - \u2705 sklep z dronami i fachowym doradztwem. \u2705 Tutaj kupisz produkty DJI, Yuneec, Parrot, Syma i wiele innych, a tak\u017ce kursy i licencje na operatora drona.\",\"breadcrumb\":{\"@id\":\"https:\/\/ironsky.pl\/sklep\/produkt\/nadajnik-dji-mic-2-bialy\/#breadcrumb\"},\"inLanguage\":\"pl-PL\",\"potentialAction\":[{\"@type\":\"ReadAction\",\"target\":[\"https:\/\/ironsky.pl\/sklep\/produkt\/nadajnik-dji-mic-2-bialy\/\"]}]},{\"@type\":\"ImageObject\",\"inLanguage\":\"pl-PL\",\"@id\":\"https:\/\/ironsky.pl\/sklep\/produkt\/nadajnik-dji-mic-2-bialy\/#primaryimage\",\"url\":\"https:\/\/ironsky.pl\/sklep\/wp-content\/uploads\/2026\/04\/37370_4.jpg\",\"contentUrl\":\"https:\/\/ironsky.pl\/sklep\/wp-content\/uploads\/2026\/04\/37370_4.jpg\",\"width\":800,\"height\":800},{\"@type\":\"BreadcrumbList\",\"@id\":\"https:\/\/ironsky.pl\/sklep\/produkt\/nadajnik-dji-mic-2-bialy\/#breadcrumb\",\"itemListElement\":[{\"@type\":\"ListItem\",\"position\":1,\"name\":\"Strona g\u0142\u00f3wna\",\"item\":\"https:\/\/ironsky.pl\/sklep\/\"},{\"@type\":\"ListItem\",\"position\":2,\"name\":\"Wszystkie produkty\",\"item\":\"https:\/\/ironsky.pl\/sklep\/produkty\/\"},{\"@type\":\"ListItem\",\"position\":3,\"name\":\"Nadajnik DJI Mic 2 (bia\u0142y)\"}]},{\"@type\":\"WebSite\",\"@id\":\"https:\/\/ironsky.pl\/sklep\/#website\",\"url\":\"https:\/\/ironsky.pl\/sklep\/\",\"name\":\"IRONSKY.PL Sklep z Dronami\",\"description\":\"IRONSKY.PL Sklep z Dronami\",\"potentialAction\":[{\"@type\":\"SearchAction\",\"target\":{\"@type\":\"EntryPoint\",\"urlTemplate\":\"https:\/\/ironsky.pl\/sklep\/?s={search_term_string}\"},\"query-input\":{\"@type\":\"PropertyValueSpecification\",\"valueRequired\":true,\"valueName\":\"search_term_string\"}}],\"inLanguage\":\"pl-PL\"}]}<\/script>\n<!-- \/ Yoast SEO plugin. -->","yoast_head_json":{"title":"Nadajnik DJI Mic 2 (bia\u0142y) - IRONSKY.PL Sklep z Dronami","description":"Nadajnik DJI Mic 2 (bia\u0142y) - \u2705 sklep z dronami i fachowym doradztwem. \u2705 Tutaj kupisz produkty DJI, Yuneec, Parrot, Syma i wiele innych, a tak\u017ce kursy i licencje na operatora drona.","robots":{"index":"index","follow":"follow","max-snippet":"max-snippet:-1","max-image-preview":"max-image-preview:large","max-video-preview":"max-video-preview:-1"},"canonical":"https:\/\/ironsky.pl\/sklep\/produkt\/nadajnik-dji-mic-2-bialy\/","og_locale":"pl_PL","og_type":"article","og_title":"Nadajnik DJI Mic 2 (bia\u0142y) - IRONSKY.PL Sklep z Dronami","og_description":"Nadajnik DJI Mic 2 (bia\u0142y) - \u2705 sklep z dronami i fachowym doradztwem. \u2705 Tutaj kupisz produkty DJI, Yuneec, Parrot, Syma i wiele innych, a tak\u017ce kursy i licencje na operatora drona.","og_url":"https:\/\/ironsky.pl\/sklep\/produkt\/nadajnik-dji-mic-2-bialy\/","og_site_name":"IRONSKY.PL Sklep z Dronami","article_modified_time":"2026-04-15T08:31:42+00:00","og_image":[{"width":800,"height":800,"url":"https:\/\/ironsky.pl\/sklep\/wp-content\/uploads\/2026\/04\/37370_4.jpg","type":"image\/jpeg"}],"twitter_card":"summary_large_image","twitter_misc":{"Szacowany czas czytania":"3 minuty"},"schema":{"@context":"https:\/\/schema.org","@graph":[{"@type":"WebPage","@id":"https:\/\/ironsky.pl\/sklep\/produkt\/nadajnik-dji-mic-2-bialy\/","url":"https:\/\/ironsky.pl\/sklep\/produkt\/nadajnik-dji-mic-2-bialy\/","name":"Nadajnik DJI Mic 2 (bia\u0142y) - IRONSKY.PL Sklep z Dronami","isPartOf":{"@id":"https:\/\/ironsky.pl\/sklep\/#website"},"primaryImageOfPage":{"@id":"https:\/\/ironsky.pl\/sklep\/produkt\/nadajnik-dji-mic-2-bialy\/#primaryimage"},"image":{"@id":"https:\/\/ironsky.pl\/sklep\/produkt\/nadajnik-dji-mic-2-bialy\/#primaryimage"},"thumbnailUrl":"https:\/\/ironsky.pl\/sklep\/wp-content\/uploads\/2026\/04\/37370_4.jpg","datePublished":"2026-04-15T08:31:19+00:00","dateModified":"2026-04-15T08:31:42+00:00","description":"Nadajnik DJI Mic 2 (bia\u0142y) - \u2705 sklep z dronami i fachowym doradztwem. \u2705 Tutaj kupisz produkty DJI, Yuneec, Parrot, Syma i wiele innych, a tak\u017ce kursy i licencje na operatora drona.","breadcrumb":{"@id":"https:\/\/ironsky.pl\/sklep\/produkt\/nadajnik-dji-mic-2-bialy\/#breadcrumb"},"inLanguage":"pl-PL","potentialAction":[{"@type":"ReadAction","target":["https:\/\/ironsky.pl\/sklep\/produkt\/nadajnik-dji-mic-2-bialy\/"]}]},{"@type":"ImageObject","inLanguage":"pl-PL","@id":"https:\/\/ironsky.pl\/sklep\/produkt\/nadajnik-dji-mic-2-bialy\/#primaryimage","url":"https:\/\/ironsky.pl\/sklep\/wp-content\/uploads\/2026\/04\/37370_4.jpg","contentUrl":"https:\/\/ironsky.pl\/sklep\/wp-content\/uploads\/2026\/04\/37370_4.jpg","width":800,"height":800},{"@type":"BreadcrumbList","@id":"https:\/\/ironsky.pl\/sklep\/produkt\/nadajnik-dji-mic-2-bialy\/#breadcrumb","itemListElement":[{"@type":"ListItem","position":1,"name":"Strona g\u0142\u00f3wna","item":"https:\/\/ironsky.pl\/sklep\/"},{"@type":"ListItem","position":2,"name":"Wszystkie produkty","item":"https:\/\/ironsky.pl\/sklep\/produkty\/"},{"@type":"ListItem","position":3,"name":"Nadajnik DJI Mic 2 (bia\u0142y)"}]},{"@type":"WebSite","@id":"https:\/\/ironsky.pl\/sklep\/#website","url":"https:\/\/ironsky.pl\/sklep\/","name":"IRONSKY.PL Sklep z Dronami","description":"IRONSKY.PL Sklep z Dronami","potentialAction":[{"@type":"SearchAction","target":{"@type":"EntryPoint","urlTemplate":"https:\/\/ironsky.pl\/sklep\/?s={search_term_string}"},"query-input":{"@type":"PropertyValueSpecification","valueRequired":true,"valueName":"search_term_string"}}],"inLanguage":"pl-PL"}]}},"_links":{"self":[{"href":"https:\/\/ironsky.pl\/sklep\/wp-json\/wp\/v2\/product\/57954","targetHints":{"allow":["GET"]}}],"collection":[{"href":"https:\/\/ironsky.pl\/sklep\/wp-json\/wp\/v2\/product"}],"about":[{"href":"https:\/\/ironsky.pl\/sklep\/wp-json\/wp\/v2\/types\/product"}],"replies":[{"embeddable":true,"href":"https:\/\/ironsky.pl\/sklep\/wp-json\/wp\/v2\/comments?post=57954"}],"wp:featuredmedia":[{"embeddable":true,"href":"https:\/\/ironsky.pl\/sklep\/wp-json\/wp\/v2\/media\/57955"}],"wp:attachment":[{"href":"https:\/\/ironsky.pl\/sklep\/wp-json\/wp\/v2\/media?parent=57954"}],"wp:term":[{"taxonomy":"product_brand","embeddable":true,"href":"https:\/\/ironsky.pl\/sklep\/wp-json\/wp\/v2\/product_brand?post=57954"},{"taxonomy":"product_cat","embeddable":true,"href":"https:\/\/ironsky.pl\/sklep\/wp-json\/wp\/v2\/product_cat?post=57954"},{"taxonomy":"product_tag","embeddable":true,"href":"https:\/\/ironsky.pl\/sklep\/wp-json\/wp\/v2\/product_tag?post=57954"}],"curies":[{"name":"wp","href":"https:\/\/api.w.org\/{rel}","templated":true}]}}