{"id":57937,"date":"2026-04-15T10:31:19","date_gmt":"2026-04-15T08:31:19","guid":{"rendered":"https:\/\/ironsky.pl\/sklep\/produkt\/karta-dzwiekowa-usb-edifier-gs01\/"},"modified":"2026-04-15T10:31:34","modified_gmt":"2026-04-15T08:31:34","slug":"karta-dzwiekowa-usb-edifier-gs01","status":"publish","type":"product","link":"https:\/\/ironsky.pl\/sklep\/produkt\/karta-dzwiekowa-usb-edifier-gs01\/","title":{"rendered":"Karta d\u017awi\u0119kowa USB EDIFIER GS01"},"content":{"rendered":"<h3>Zewn\u0119trzna karta d\u017awi\u0119kowa USB Edifier GS01<\/h3>\n<p>Edifier GS01 pozwala pod\u0142\u0105czy\u0107 s\u0142uchawki lub g\u0142o\u015bniki z komputerem i poprawia jako\u015b\u0107 d\u017awi\u0119ku dla jeszcze lepszych wra\u017ce\u0144 podczas rozgrywki. Wyr\u00f3\u017cnia si\u0119 szerok\u0105 kompatybilno\u015bci\u0105, dzi\u0119ki czemu z powodzeniem pod\u0142\u0105czysz j\u0105 do r\u00f3\u017cnego rodzaju urz\u0105dze\u0144. Kompaktowa konstrukcja nie zajmuje wiele miejsca, a przemy\u015blany design zapewnia bezpiecze\u0144stwo u\u017cytkowania. <\/p>\n<p> <img decoding=\"async\" src=\"https:\/\/b2b.innpro.pl\/data\/include\/cms\/Edifier\/GS01-black\/3.jpg\" alt=\"Edifier\/GS01-black\/3\"> <\/p>\n<h3>Kompatybilna<\/h3>\n<p>Karta d\u017awi\u0119kowa Edifier GS01 jest kompatybilna z systemami Windows, MacOS oraz Linux, dzi\u0119ki czemu z powodzeniem pod\u0142\u0105czysz do niej s\u0142uchawki, g\u0142o\u015bniki mikrofony, laptopy, komputery itp.<\/p>\n<p> <img decoding=\"async\" src=\"https:\/\/b2b.innpro.pl\/data\/include\/cms\/Edifier\/GS01-black\/2.jpg\" alt=\"Edifier\/GS01-black\/2\"> <\/p>\n<h3>Dopracowany design<\/h3>\n<p>Edifier GS01 oferuje dodatkowe wej\u015bcie USB, dzi\u0119ki czemu b\u0119dzie \u015bwietnym zamiennikiem nieefektywnej karty d\u017awi\u0119kowej komputera. Co wi\u0119cej, jest lekki i kompaktowy, a wytrzyma\u0142y kabel o d\u0142ugo\u015bci 1.2 m jest chroniony przed zak\u0142\u00f3ceniami elektromagnetycznymi.<\/p>\n<p> <img decoding=\"async\" src=\"https:\/\/b2b.innpro.pl\/data\/include\/cms\/Edifier\/GS01-black\/4.jpg\" alt=\"Edifier\/GS01-black\/4\"> <\/p>\n<div class=\"table-wrapper\">\n<table>\n<tbody>\n<tr>\n<th>Producent<\/th>\n<td>Edifier<\/td>\n<\/tr>\n<tr>\n<th>Model<\/th>\n<td>GS01<\/td>\n<\/tr>\n<tr>\n<th>Kolor<\/th>\n<td>czarny<\/td>\n<\/tr>\n<tr>\n<th>Chipset<\/th>\n<td>HS100B<\/td>\n<\/tr>\n<tr>\n<th>D\u0142ugo\u015b\u0107 kabla<\/th>\n<td>1.2 m<\/td>\n<\/tr>\n<tr>\n<th>Kompatybilno\u015b\u0107<\/th>\n<td>komputer, laptop, PS4 itp. <\/td>\n<\/tr>\n<\/tbody>\n<\/table><\/div>\n","protected":false},"excerpt":{"rendered":"<p>Zewn\u0119trzna karta d\u017awi\u0119kowa USB Edifier GS01 Edifier GS01 pozwala pod\u0142\u0105czy\u0107 s\u0142uchawki lub g\u0142o\u015bniki z komputerem i poprawia jako\u015b\u0107 d\u017awi\u0119ku dla<\/p>\n","protected":false},"featured_media":44454,"comment_status":"closed","ping_status":"open","template":"","meta":{"_acf_changed":false},"product_brand":[],"product_cat":[5929,5935],"product_tag":[],"class_list":{"0":"post-57937","1":"product","2":"type-product","3":"status-publish","4":"has-post-thumbnail","6":"product_cat-akcesoria-it","7":"product_cat-zewnetrzne-karty-dzwiekowe","8":"pa_okres-gwarancji-5757","9":"pa_producent-edifier","11":"first","12":"outofstock","13":"taxable","14":"shipping-taxable","15":"purchasable","16":"product-type-simple"},"acf":[],"yoast_head":"<!-- This site is optimized with the Yoast SEO plugin v27.2 - https:\/\/yoast.com\/product\/yoast-seo-wordpress\/ -->\n<title>Karta d\u017awi\u0119kowa USB EDIFIER GS01 - IRONSKY.PL Sklep z Dronami<\/title>\n<meta name=\"description\" content=\"Karta d\u017awi\u0119kowa USB EDIFIER GS01 - \u2705 sklep z dronami i fachowym doradztwem. \u2705 Tutaj kupisz produkty DJI, Yuneec, Parrot, Syma i wiele innych, a tak\u017ce kursy i licencje na operatora drona.\" \/>\n<meta name=\"robots\" content=\"index, follow, max-snippet:-1, max-image-preview:large, max-video-preview:-1\" \/>\n<link rel=\"canonical\" href=\"https:\/\/ironsky.pl\/sklep\/produkt\/karta-dzwiekowa-usb-edifier-gs01\/\" \/>\n<meta property=\"og:locale\" content=\"pl_PL\" \/>\n<meta property=\"og:type\" content=\"article\" \/>\n<meta property=\"og:title\" content=\"Karta d\u017awi\u0119kowa USB EDIFIER GS01 - IRONSKY.PL Sklep z Dronami\" \/>\n<meta property=\"og:description\" content=\"Karta d\u017awi\u0119kowa USB EDIFIER GS01 - \u2705 sklep z dronami i fachowym doradztwem. \u2705 Tutaj kupisz produkty DJI, Yuneec, Parrot, Syma i wiele innych, a tak\u017ce kursy i licencje na operatora drona.\" \/>\n<meta property=\"og:url\" content=\"https:\/\/ironsky.pl\/sklep\/produkt\/karta-dzwiekowa-usb-edifier-gs01\/\" \/>\n<meta property=\"og:site_name\" content=\"IRONSKY.PL Sklep z Dronami\" \/>\n<meta property=\"article:modified_time\" content=\"2026-04-15T08:31:34+00:00\" \/>\n<meta property=\"og:image\" content=\"https:\/\/ironsky.pl\/sklep\/wp-content\/uploads\/2025\/06\/37348_5.jpg\" \/>\n\t<meta property=\"og:image:width\" content=\"800\" \/>\n\t<meta property=\"og:image:height\" content=\"800\" \/>\n\t<meta property=\"og:image:type\" content=\"image\/jpeg\" \/>\n<meta name=\"twitter:card\" content=\"summary_large_image\" \/>\n<meta name=\"twitter:label1\" content=\"Szacowany czas czytania\" \/>\n\t<meta name=\"twitter:data1\" content=\"1 minuta\" \/>\n<script type=\"application\/ld+json\" class=\"yoast-schema-graph\">{\"@context\":\"https:\/\/schema.org\",\"@graph\":[{\"@type\":\"WebPage\",\"@id\":\"https:\/\/ironsky.pl\/sklep\/produkt\/karta-dzwiekowa-usb-edifier-gs01\/\",\"url\":\"https:\/\/ironsky.pl\/sklep\/produkt\/karta-dzwiekowa-usb-edifier-gs01\/\",\"name\":\"Karta d\u017awi\u0119kowa USB EDIFIER GS01 - IRONSKY.PL Sklep z Dronami\",\"isPartOf\":{\"@id\":\"https:\/\/ironsky.pl\/sklep\/#website\"},\"primaryImageOfPage\":{\"@id\":\"https:\/\/ironsky.pl\/sklep\/produkt\/karta-dzwiekowa-usb-edifier-gs01\/#primaryimage\"},\"image\":{\"@id\":\"https:\/\/ironsky.pl\/sklep\/produkt\/karta-dzwiekowa-usb-edifier-gs01\/#primaryimage\"},\"thumbnailUrl\":\"https:\/\/ironsky.pl\/sklep\/wp-content\/uploads\/2025\/06\/37348_5.jpg\",\"datePublished\":\"2026-04-15T08:31:19+00:00\",\"dateModified\":\"2026-04-15T08:31:34+00:00\",\"description\":\"Karta d\u017awi\u0119kowa USB EDIFIER GS01 - \u2705 sklep z dronami i fachowym doradztwem. \u2705 Tutaj kupisz produkty DJI, Yuneec, Parrot, Syma i wiele innych, a tak\u017ce kursy i licencje na operatora drona.\",\"breadcrumb\":{\"@id\":\"https:\/\/ironsky.pl\/sklep\/produkt\/karta-dzwiekowa-usb-edifier-gs01\/#breadcrumb\"},\"inLanguage\":\"pl-PL\",\"potentialAction\":[{\"@type\":\"ReadAction\",\"target\":[\"https:\/\/ironsky.pl\/sklep\/produkt\/karta-dzwiekowa-usb-edifier-gs01\/\"]}]},{\"@type\":\"ImageObject\",\"inLanguage\":\"pl-PL\",\"@id\":\"https:\/\/ironsky.pl\/sklep\/produkt\/karta-dzwiekowa-usb-edifier-gs01\/#primaryimage\",\"url\":\"https:\/\/ironsky.pl\/sklep\/wp-content\/uploads\/2025\/06\/37348_5.jpg\",\"contentUrl\":\"https:\/\/ironsky.pl\/sklep\/wp-content\/uploads\/2025\/06\/37348_5.jpg\",\"width\":800,\"height\":800},{\"@type\":\"BreadcrumbList\",\"@id\":\"https:\/\/ironsky.pl\/sklep\/produkt\/karta-dzwiekowa-usb-edifier-gs01\/#breadcrumb\",\"itemListElement\":[{\"@type\":\"ListItem\",\"position\":1,\"name\":\"Strona g\u0142\u00f3wna\",\"item\":\"https:\/\/ironsky.pl\/sklep\/\"},{\"@type\":\"ListItem\",\"position\":2,\"name\":\"Wszystkie produkty\",\"item\":\"https:\/\/ironsky.pl\/sklep\/produkty\/\"},{\"@type\":\"ListItem\",\"position\":3,\"name\":\"Karta d\u017awi\u0119kowa USB EDIFIER GS01\"}]},{\"@type\":\"WebSite\",\"@id\":\"https:\/\/ironsky.pl\/sklep\/#website\",\"url\":\"https:\/\/ironsky.pl\/sklep\/\",\"name\":\"IRONSKY.PL Sklep z Dronami\",\"description\":\"IRONSKY.PL Sklep z Dronami\",\"potentialAction\":[{\"@type\":\"SearchAction\",\"target\":{\"@type\":\"EntryPoint\",\"urlTemplate\":\"https:\/\/ironsky.pl\/sklep\/?s={search_term_string}\"},\"query-input\":{\"@type\":\"PropertyValueSpecification\",\"valueRequired\":true,\"valueName\":\"search_term_string\"}}],\"inLanguage\":\"pl-PL\"}]}<\/script>\n<!-- \/ Yoast SEO plugin. -->","yoast_head_json":{"title":"Karta d\u017awi\u0119kowa USB EDIFIER GS01 - IRONSKY.PL Sklep z Dronami","description":"Karta d\u017awi\u0119kowa USB EDIFIER GS01 - \u2705 sklep z dronami i fachowym doradztwem. \u2705 Tutaj kupisz produkty DJI, Yuneec, Parrot, Syma i wiele innych, a tak\u017ce kursy i licencje na operatora drona.","robots":{"index":"index","follow":"follow","max-snippet":"max-snippet:-1","max-image-preview":"max-image-preview:large","max-video-preview":"max-video-preview:-1"},"canonical":"https:\/\/ironsky.pl\/sklep\/produkt\/karta-dzwiekowa-usb-edifier-gs01\/","og_locale":"pl_PL","og_type":"article","og_title":"Karta d\u017awi\u0119kowa USB EDIFIER GS01 - IRONSKY.PL Sklep z Dronami","og_description":"Karta d\u017awi\u0119kowa USB EDIFIER GS01 - \u2705 sklep z dronami i fachowym doradztwem. \u2705 Tutaj kupisz produkty DJI, Yuneec, Parrot, Syma i wiele innych, a tak\u017ce kursy i licencje na operatora drona.","og_url":"https:\/\/ironsky.pl\/sklep\/produkt\/karta-dzwiekowa-usb-edifier-gs01\/","og_site_name":"IRONSKY.PL Sklep z Dronami","article_modified_time":"2026-04-15T08:31:34+00:00","og_image":[{"width":800,"height":800,"url":"https:\/\/ironsky.pl\/sklep\/wp-content\/uploads\/2025\/06\/37348_5.jpg","type":"image\/jpeg"}],"twitter_card":"summary_large_image","twitter_misc":{"Szacowany czas czytania":"1 minuta"},"schema":{"@context":"https:\/\/schema.org","@graph":[{"@type":"WebPage","@id":"https:\/\/ironsky.pl\/sklep\/produkt\/karta-dzwiekowa-usb-edifier-gs01\/","url":"https:\/\/ironsky.pl\/sklep\/produkt\/karta-dzwiekowa-usb-edifier-gs01\/","name":"Karta d\u017awi\u0119kowa USB EDIFIER GS01 - IRONSKY.PL Sklep z Dronami","isPartOf":{"@id":"https:\/\/ironsky.pl\/sklep\/#website"},"primaryImageOfPage":{"@id":"https:\/\/ironsky.pl\/sklep\/produkt\/karta-dzwiekowa-usb-edifier-gs01\/#primaryimage"},"image":{"@id":"https:\/\/ironsky.pl\/sklep\/produkt\/karta-dzwiekowa-usb-edifier-gs01\/#primaryimage"},"thumbnailUrl":"https:\/\/ironsky.pl\/sklep\/wp-content\/uploads\/2025\/06\/37348_5.jpg","datePublished":"2026-04-15T08:31:19+00:00","dateModified":"2026-04-15T08:31:34+00:00","description":"Karta d\u017awi\u0119kowa USB EDIFIER GS01 - \u2705 sklep z dronami i fachowym doradztwem. \u2705 Tutaj kupisz produkty DJI, Yuneec, Parrot, Syma i wiele innych, a tak\u017ce kursy i licencje na operatora drona.","breadcrumb":{"@id":"https:\/\/ironsky.pl\/sklep\/produkt\/karta-dzwiekowa-usb-edifier-gs01\/#breadcrumb"},"inLanguage":"pl-PL","potentialAction":[{"@type":"ReadAction","target":["https:\/\/ironsky.pl\/sklep\/produkt\/karta-dzwiekowa-usb-edifier-gs01\/"]}]},{"@type":"ImageObject","inLanguage":"pl-PL","@id":"https:\/\/ironsky.pl\/sklep\/produkt\/karta-dzwiekowa-usb-edifier-gs01\/#primaryimage","url":"https:\/\/ironsky.pl\/sklep\/wp-content\/uploads\/2025\/06\/37348_5.jpg","contentUrl":"https:\/\/ironsky.pl\/sklep\/wp-content\/uploads\/2025\/06\/37348_5.jpg","width":800,"height":800},{"@type":"BreadcrumbList","@id":"https:\/\/ironsky.pl\/sklep\/produkt\/karta-dzwiekowa-usb-edifier-gs01\/#breadcrumb","itemListElement":[{"@type":"ListItem","position":1,"name":"Strona g\u0142\u00f3wna","item":"https:\/\/ironsky.pl\/sklep\/"},{"@type":"ListItem","position":2,"name":"Wszystkie produkty","item":"https:\/\/ironsky.pl\/sklep\/produkty\/"},{"@type":"ListItem","position":3,"name":"Karta d\u017awi\u0119kowa USB EDIFIER GS01"}]},{"@type":"WebSite","@id":"https:\/\/ironsky.pl\/sklep\/#website","url":"https:\/\/ironsky.pl\/sklep\/","name":"IRONSKY.PL Sklep z Dronami","description":"IRONSKY.PL Sklep z Dronami","potentialAction":[{"@type":"SearchAction","target":{"@type":"EntryPoint","urlTemplate":"https:\/\/ironsky.pl\/sklep\/?s={search_term_string}"},"query-input":{"@type":"PropertyValueSpecification","valueRequired":true,"valueName":"search_term_string"}}],"inLanguage":"pl-PL"}]}},"_links":{"self":[{"href":"https:\/\/ironsky.pl\/sklep\/wp-json\/wp\/v2\/product\/57937","targetHints":{"allow":["GET"]}}],"collection":[{"href":"https:\/\/ironsky.pl\/sklep\/wp-json\/wp\/v2\/product"}],"about":[{"href":"https:\/\/ironsky.pl\/sklep\/wp-json\/wp\/v2\/types\/product"}],"replies":[{"embeddable":true,"href":"https:\/\/ironsky.pl\/sklep\/wp-json\/wp\/v2\/comments?post=57937"}],"wp:featuredmedia":[{"embeddable":true,"href":"https:\/\/ironsky.pl\/sklep\/wp-json\/wp\/v2\/media\/44454"}],"wp:attachment":[{"href":"https:\/\/ironsky.pl\/sklep\/wp-json\/wp\/v2\/media?parent=57937"}],"wp:term":[{"taxonomy":"product_brand","embeddable":true,"href":"https:\/\/ironsky.pl\/sklep\/wp-json\/wp\/v2\/product_brand?post=57937"},{"taxonomy":"product_cat","embeddable":true,"href":"https:\/\/ironsky.pl\/sklep\/wp-json\/wp\/v2\/product_cat?post=57937"},{"taxonomy":"product_tag","embeddable":true,"href":"https:\/\/ironsky.pl\/sklep\/wp-json\/wp\/v2\/product_tag?post=57937"}],"curies":[{"name":"wp","href":"https:\/\/api.w.org\/{rel}","templated":true}]}}