{"id":57926,"date":"2026-04-15T10:31:19","date_gmt":"2026-04-15T08:31:19","guid":{"rendered":"https:\/\/ironsky.pl\/sklep\/produkt\/wciagarka-dji-flycart-30-2\/"},"modified":"2026-04-15T10:31:29","modified_gmt":"2026-04-15T08:31:29","slug":"wciagarka-dji-flycart-30-2","status":"publish","type":"product","link":"https:\/\/ironsky.pl\/sklep\/produkt\/wciagarka-dji-flycart-30-2\/","title":{"rendered":"Wci\u0105garka DJI FlyCart 30"},"content":{"rendered":"<h3>Wci\u0105garka DJI FlyCart 30<\/h3>\n<p>Wci\u0105garka DJI FlyCart 30 to system, kt\u00f3ry montuje si\u0119 pod DJI Flycart 30.\u00a0<\/p>\n<h3>Zawarto\u015b\u0107 zestawu:<\/h3>\n<ul>\n<li>1x Wci\u0105garka<\/li>\n<li>1x Przew\u00f3d komunikacyjny systemu wci\u0105garki<\/li>\n<li>2x Podwozie<\/li>\n<li>4x\u00a0Dr\u0105\u017cek\u00a0przed\u0142u\u017caj\u0105cy podwozie<\/li>\n<li>1x Przedni d\u0105\u017cek podwozia<\/li>\n<li>1x\u00a0Tylny dr\u0105\u017cek podwozia\u00a0<\/li>\n<li>1x Przeciwwaga<\/li>\n<li>1x Przew\u00f3d (20m)<\/li>\n<li>4x Przew\u00f3d przed\u0142u\u017caj\u0105cy<\/li>\n<li>Zestaw \u015brub, maskownic i rzep\u00f3w<\/li>\n<\/ul>\n<div class=\"table-wrapper\">\n<table>\n<tbody>\n<tr>\n<td>Model<\/td>\n<td>A2EWH-30A<\/td>\n<\/tr>\n<tr>\n<td>Wymiary<\/td>\n<td>252 mm d\u0142ugo\u015bci, 195 mm szeroko\u015bci, 193 mm wysoko\u015bci<\/td>\n<\/tr>\n<tr>\n<td>System przeciwwagi<\/td>\n<td>1.9 kg<\/td>\n<\/tr>\n<tr>\n<td>Masa haka zwalniaj\u0105cego \u0142adunek<\/td>\n<td>0.6 kg<\/td>\n<\/tr>\n<tr>\n<td>Funkcja zwalniania \u0142adunku przy ziemi<\/td>\n<td>Obs\u0142ugiwana<\/td>\n<\/tr>\n<tr>\n<td>\u0141adowno\u015b\u0107<\/td>\n<td>Lot z dwoma akumulatorami: od 5 do 30 kg<br \/>Lot z jednym akumulatorem: od 5 do 40 kg<\/td>\n<\/tr>\n<tr>\n<td>D\u0142ugo\u015b\u0107 linki wci\u0105garki<\/td>\n<td>20 m<\/td>\n<\/tr>\n<tr>\n<td>Maksymalna pr\u0119dko\u015b\u0107 zwijania i rozwijania<\/td>\n<td>0.8 m\/s<\/td>\n<\/tr>\n<tr>\n<td>Temperatura pracy<\/td>\n<td>-20\u00b0C do 45\u00b0C<\/td>\n<\/tr>\n<tr>\n<td>Stopie\u0144 ochrony<\/td>\n<td>IP55<\/td>\n<\/tr>\n<tr>\n<td>Funkcja pomiaru masy<\/td>\n<td>Obs\u0142ugiwana<\/td>\n<\/tr>\n<tr>\n<td>Funkcja awaryjnego odci\u0119cia linki<\/td>\n<td>Obs\u0142ugiwana<\/td>\n<\/tr>\n<tr>\n<td>Funkcja zapobiegania ko\u0142ysania si\u0119 \u0142adunku<\/td>\n<td>Obs\u0142ugiwana<\/td>\n<\/tr>\n<tr>\n<td>Manualny tryb pracy<\/td>\n<td>Obs\u0142ugiwany<\/td>\n<\/tr>\n<tr>\n<td>Operacje autonomiczne<\/td>\n<td>Obs\u0142ugiwane<\/td>\n<\/tr>\n<tr>\n<td>Ochrona przed zmianami pr\u0119dko\u015bci<\/td>\n<td>Obs\u0142ugiwana<\/td>\n<\/tr>\n<\/tbody>\n<\/table>\n<\/div>\n","protected":false},"excerpt":{"rendered":"<p>Wci\u0105garka DJI FlyCart 30 Wci\u0105garka DJI FlyCart 30 to system, kt\u00f3ry montuje si\u0119 pod DJI Flycart 30.\u00a0 Zawarto\u015b\u0107 zestawu: 1x<\/p>\n","protected":false},"featured_media":57927,"comment_status":"closed","ping_status":"open","template":"","meta":{"_acf_changed":false},"product_brand":[],"product_cat":[6169,1088,1105],"product_tag":[],"class_list":{"0":"post-57926","1":"product","2":"type-product","3":"status-publish","4":"has-post-thumbnail","6":"product_cat-akcesoria-i-czesci","7":"product_cat-drony","8":"product_cat-przemyslowe","9":"pa_brak-5770","10":"pa_producent-dji-delivery","12":"first","13":"outofstock","14":"taxable","15":"shipping-taxable","16":"purchasable","17":"product-type-simple"},"acf":[],"yoast_head":"<!-- This site is optimized with the Yoast SEO plugin v27.2 - https:\/\/yoast.com\/product\/yoast-seo-wordpress\/ -->\n<title>Wci\u0105garka DJI FlyCart 30 - IRONSKY.PL Sklep z Dronami<\/title>\n<meta name=\"description\" content=\"Wci\u0105garka DJI FlyCart 30 - \u2705 sklep z dronami i fachowym doradztwem. \u2705 Tutaj kupisz produkty DJI, Yuneec, Parrot, Syma i wiele innych, a tak\u017ce kursy i licencje na operatora drona.\" \/>\n<meta name=\"robots\" content=\"index, follow, max-snippet:-1, max-image-preview:large, max-video-preview:-1\" \/>\n<link rel=\"canonical\" href=\"https:\/\/ironsky.pl\/sklep\/produkt\/wciagarka-dji-flycart-30-2\/\" \/>\n<meta property=\"og:locale\" content=\"pl_PL\" \/>\n<meta property=\"og:type\" content=\"article\" \/>\n<meta property=\"og:title\" content=\"Wci\u0105garka DJI FlyCart 30 - IRONSKY.PL Sklep z Dronami\" \/>\n<meta property=\"og:description\" content=\"Wci\u0105garka DJI FlyCart 30 - \u2705 sklep z dronami i fachowym doradztwem. \u2705 Tutaj kupisz produkty DJI, Yuneec, Parrot, Syma i wiele innych, a tak\u017ce kursy i licencje na operatora drona.\" \/>\n<meta property=\"og:url\" content=\"https:\/\/ironsky.pl\/sklep\/produkt\/wciagarka-dji-flycart-30-2\/\" \/>\n<meta property=\"og:site_name\" content=\"IRONSKY.PL Sklep z Dronami\" \/>\n<meta property=\"article:modified_time\" content=\"2026-04-15T08:31:29+00:00\" \/>\n<meta property=\"og:image\" content=\"https:\/\/ironsky.pl\/sklep\/wp-content\/uploads\/2026\/04\/37328_5.jpg\" \/>\n\t<meta property=\"og:image:width\" content=\"800\" \/>\n\t<meta property=\"og:image:height\" content=\"800\" \/>\n\t<meta property=\"og:image:type\" content=\"image\/jpeg\" \/>\n<meta name=\"twitter:card\" content=\"summary_large_image\" \/>\n<meta name=\"twitter:label1\" content=\"Szacowany czas czytania\" \/>\n\t<meta name=\"twitter:data1\" content=\"1 minuta\" \/>\n<script type=\"application\/ld+json\" class=\"yoast-schema-graph\">{\"@context\":\"https:\/\/schema.org\",\"@graph\":[{\"@type\":\"WebPage\",\"@id\":\"https:\/\/ironsky.pl\/sklep\/produkt\/wciagarka-dji-flycart-30-2\/\",\"url\":\"https:\/\/ironsky.pl\/sklep\/produkt\/wciagarka-dji-flycart-30-2\/\",\"name\":\"Wci\u0105garka DJI FlyCart 30 - IRONSKY.PL Sklep z Dronami\",\"isPartOf\":{\"@id\":\"https:\/\/ironsky.pl\/sklep\/#website\"},\"primaryImageOfPage\":{\"@id\":\"https:\/\/ironsky.pl\/sklep\/produkt\/wciagarka-dji-flycart-30-2\/#primaryimage\"},\"image\":{\"@id\":\"https:\/\/ironsky.pl\/sklep\/produkt\/wciagarka-dji-flycart-30-2\/#primaryimage\"},\"thumbnailUrl\":\"https:\/\/ironsky.pl\/sklep\/wp-content\/uploads\/2026\/04\/37328_5.jpg\",\"datePublished\":\"2026-04-15T08:31:19+00:00\",\"dateModified\":\"2026-04-15T08:31:29+00:00\",\"description\":\"Wci\u0105garka DJI FlyCart 30 - \u2705 sklep z dronami i fachowym doradztwem. \u2705 Tutaj kupisz produkty DJI, Yuneec, Parrot, Syma i wiele innych, a tak\u017ce kursy i licencje na operatora drona.\",\"breadcrumb\":{\"@id\":\"https:\/\/ironsky.pl\/sklep\/produkt\/wciagarka-dji-flycart-30-2\/#breadcrumb\"},\"inLanguage\":\"pl-PL\",\"potentialAction\":[{\"@type\":\"ReadAction\",\"target\":[\"https:\/\/ironsky.pl\/sklep\/produkt\/wciagarka-dji-flycart-30-2\/\"]}]},{\"@type\":\"ImageObject\",\"inLanguage\":\"pl-PL\",\"@id\":\"https:\/\/ironsky.pl\/sklep\/produkt\/wciagarka-dji-flycart-30-2\/#primaryimage\",\"url\":\"https:\/\/ironsky.pl\/sklep\/wp-content\/uploads\/2026\/04\/37328_5.jpg\",\"contentUrl\":\"https:\/\/ironsky.pl\/sklep\/wp-content\/uploads\/2026\/04\/37328_5.jpg\",\"width\":800,\"height\":800},{\"@type\":\"BreadcrumbList\",\"@id\":\"https:\/\/ironsky.pl\/sklep\/produkt\/wciagarka-dji-flycart-30-2\/#breadcrumb\",\"itemListElement\":[{\"@type\":\"ListItem\",\"position\":1,\"name\":\"Strona g\u0142\u00f3wna\",\"item\":\"https:\/\/ironsky.pl\/sklep\/\"},{\"@type\":\"ListItem\",\"position\":2,\"name\":\"Wszystkie produkty\",\"item\":\"https:\/\/ironsky.pl\/sklep\/produkty\/\"},{\"@type\":\"ListItem\",\"position\":3,\"name\":\"Wci\u0105garka DJI FlyCart 30\"}]},{\"@type\":\"WebSite\",\"@id\":\"https:\/\/ironsky.pl\/sklep\/#website\",\"url\":\"https:\/\/ironsky.pl\/sklep\/\",\"name\":\"IRONSKY.PL Sklep z Dronami\",\"description\":\"IRONSKY.PL Sklep z Dronami\",\"potentialAction\":[{\"@type\":\"SearchAction\",\"target\":{\"@type\":\"EntryPoint\",\"urlTemplate\":\"https:\/\/ironsky.pl\/sklep\/?s={search_term_string}\"},\"query-input\":{\"@type\":\"PropertyValueSpecification\",\"valueRequired\":true,\"valueName\":\"search_term_string\"}}],\"inLanguage\":\"pl-PL\"}]}<\/script>\n<!-- \/ Yoast SEO plugin. -->","yoast_head_json":{"title":"Wci\u0105garka DJI FlyCart 30 - IRONSKY.PL Sklep z Dronami","description":"Wci\u0105garka DJI FlyCart 30 - \u2705 sklep z dronami i fachowym doradztwem. \u2705 Tutaj kupisz produkty DJI, Yuneec, Parrot, Syma i wiele innych, a tak\u017ce kursy i licencje na operatora drona.","robots":{"index":"index","follow":"follow","max-snippet":"max-snippet:-1","max-image-preview":"max-image-preview:large","max-video-preview":"max-video-preview:-1"},"canonical":"https:\/\/ironsky.pl\/sklep\/produkt\/wciagarka-dji-flycart-30-2\/","og_locale":"pl_PL","og_type":"article","og_title":"Wci\u0105garka DJI FlyCart 30 - IRONSKY.PL Sklep z Dronami","og_description":"Wci\u0105garka DJI FlyCart 30 - \u2705 sklep z dronami i fachowym doradztwem. \u2705 Tutaj kupisz produkty DJI, Yuneec, Parrot, Syma i wiele innych, a tak\u017ce kursy i licencje na operatora drona.","og_url":"https:\/\/ironsky.pl\/sklep\/produkt\/wciagarka-dji-flycart-30-2\/","og_site_name":"IRONSKY.PL Sklep z Dronami","article_modified_time":"2026-04-15T08:31:29+00:00","og_image":[{"width":800,"height":800,"url":"https:\/\/ironsky.pl\/sklep\/wp-content\/uploads\/2026\/04\/37328_5.jpg","type":"image\/jpeg"}],"twitter_card":"summary_large_image","twitter_misc":{"Szacowany czas czytania":"1 minuta"},"schema":{"@context":"https:\/\/schema.org","@graph":[{"@type":"WebPage","@id":"https:\/\/ironsky.pl\/sklep\/produkt\/wciagarka-dji-flycart-30-2\/","url":"https:\/\/ironsky.pl\/sklep\/produkt\/wciagarka-dji-flycart-30-2\/","name":"Wci\u0105garka DJI FlyCart 30 - IRONSKY.PL Sklep z Dronami","isPartOf":{"@id":"https:\/\/ironsky.pl\/sklep\/#website"},"primaryImageOfPage":{"@id":"https:\/\/ironsky.pl\/sklep\/produkt\/wciagarka-dji-flycart-30-2\/#primaryimage"},"image":{"@id":"https:\/\/ironsky.pl\/sklep\/produkt\/wciagarka-dji-flycart-30-2\/#primaryimage"},"thumbnailUrl":"https:\/\/ironsky.pl\/sklep\/wp-content\/uploads\/2026\/04\/37328_5.jpg","datePublished":"2026-04-15T08:31:19+00:00","dateModified":"2026-04-15T08:31:29+00:00","description":"Wci\u0105garka DJI FlyCart 30 - \u2705 sklep z dronami i fachowym doradztwem. \u2705 Tutaj kupisz produkty DJI, Yuneec, Parrot, Syma i wiele innych, a tak\u017ce kursy i licencje na operatora drona.","breadcrumb":{"@id":"https:\/\/ironsky.pl\/sklep\/produkt\/wciagarka-dji-flycart-30-2\/#breadcrumb"},"inLanguage":"pl-PL","potentialAction":[{"@type":"ReadAction","target":["https:\/\/ironsky.pl\/sklep\/produkt\/wciagarka-dji-flycart-30-2\/"]}]},{"@type":"ImageObject","inLanguage":"pl-PL","@id":"https:\/\/ironsky.pl\/sklep\/produkt\/wciagarka-dji-flycart-30-2\/#primaryimage","url":"https:\/\/ironsky.pl\/sklep\/wp-content\/uploads\/2026\/04\/37328_5.jpg","contentUrl":"https:\/\/ironsky.pl\/sklep\/wp-content\/uploads\/2026\/04\/37328_5.jpg","width":800,"height":800},{"@type":"BreadcrumbList","@id":"https:\/\/ironsky.pl\/sklep\/produkt\/wciagarka-dji-flycart-30-2\/#breadcrumb","itemListElement":[{"@type":"ListItem","position":1,"name":"Strona g\u0142\u00f3wna","item":"https:\/\/ironsky.pl\/sklep\/"},{"@type":"ListItem","position":2,"name":"Wszystkie produkty","item":"https:\/\/ironsky.pl\/sklep\/produkty\/"},{"@type":"ListItem","position":3,"name":"Wci\u0105garka DJI FlyCart 30"}]},{"@type":"WebSite","@id":"https:\/\/ironsky.pl\/sklep\/#website","url":"https:\/\/ironsky.pl\/sklep\/","name":"IRONSKY.PL Sklep z Dronami","description":"IRONSKY.PL Sklep z Dronami","potentialAction":[{"@type":"SearchAction","target":{"@type":"EntryPoint","urlTemplate":"https:\/\/ironsky.pl\/sklep\/?s={search_term_string}"},"query-input":{"@type":"PropertyValueSpecification","valueRequired":true,"valueName":"search_term_string"}}],"inLanguage":"pl-PL"}]}},"_links":{"self":[{"href":"https:\/\/ironsky.pl\/sklep\/wp-json\/wp\/v2\/product\/57926","targetHints":{"allow":["GET"]}}],"collection":[{"href":"https:\/\/ironsky.pl\/sklep\/wp-json\/wp\/v2\/product"}],"about":[{"href":"https:\/\/ironsky.pl\/sklep\/wp-json\/wp\/v2\/types\/product"}],"replies":[{"embeddable":true,"href":"https:\/\/ironsky.pl\/sklep\/wp-json\/wp\/v2\/comments?post=57926"}],"wp:featuredmedia":[{"embeddable":true,"href":"https:\/\/ironsky.pl\/sklep\/wp-json\/wp\/v2\/media\/57927"}],"wp:attachment":[{"href":"https:\/\/ironsky.pl\/sklep\/wp-json\/wp\/v2\/media?parent=57926"}],"wp:term":[{"taxonomy":"product_brand","embeddable":true,"href":"https:\/\/ironsky.pl\/sklep\/wp-json\/wp\/v2\/product_brand?post=57926"},{"taxonomy":"product_cat","embeddable":true,"href":"https:\/\/ironsky.pl\/sklep\/wp-json\/wp\/v2\/product_cat?post=57926"},{"taxonomy":"product_tag","embeddable":true,"href":"https:\/\/ironsky.pl\/sklep\/wp-json\/wp\/v2\/product_tag?post=57926"}],"curies":[{"name":"wp","href":"https:\/\/api.w.org\/{rel}","templated":true}]}}