{"id":57922,"date":"2026-04-15T10:31:19","date_gmt":"2026-04-15T08:31:19","guid":{"rendered":"https:\/\/ironsky.pl\/sklep\/produkt\/latarka-czolowa-superfire-th04-600lm-usb-c\/"},"modified":"2026-04-15T10:31:26","modified_gmt":"2026-04-15T08:31:26","slug":"latarka-czolowa-superfire-th04-600lm-usb-c","status":"publish","type":"product","link":"https:\/\/ironsky.pl\/sklep\/produkt\/latarka-czolowa-superfire-th04-600lm-usb-c\/","title":{"rendered":"Latarka czo\u0142owa SUPERFIRE TH04 600lm USB-C"},"content":{"rendered":"<h3>Latarka czo\u0142owa 2w1 Superfire TH04, 600 lm, USB-C, 5 tryb\u00f3w, 150 m<\/h3>\n<p>Camping, wspinaczka g\u00f3rska, a mo\u017ce wycieczka rowerowa? Przygotowuj\u0105c si\u0119 do aktywno\u015bci na \u015bwie\u017cym powietrzu, warto wyposa\u017cy\u0107 si\u0119 w niezawodne \u017ar\u00f3d\u0142o \u015bwiat\u0142a. Latarka czo\u0142owa SuperFire oferuje \u0142\u0105cznie 5 tryb\u00f3w pracy, a jasno\u015b\u0107 generowanego przez ni\u0105 \u015bwiat\u0142a si\u0119ga nawet 600 lm. Jej dodatkowym atutem jest du\u017cy zasi\u0119g do 150 m. Urz\u0105dzenie jest wodoodporne na poziomie IP44 (International Protection Marking, klasa odporno\u015bci na zachlapania) i nie zaszkodz\u0105 mu upadki z wysoko\u015bci 1 m. Mimo solidnej konstrukcji wa\u017cy zaledwie 114 g, dzi\u0119ki czemu nie obci\u0105\u017ca g\u0142owy. Po od\u0142\u0105czeniu uchwytu mo\u017cna wykorzysta\u0107 produkt jako latark\u0119 r\u0119czn\u0105.<\/p>\n<p>\n<img decoding=\"async\" src=\"https:\/\/assets.innpro.pl\/4478\/5128\/1.jpg\" border=\"0\" alt=\"M\u0119\u017cczyzna w niebieskiej kurtce wskazuje palcem przed siebie. Na g\u0142owie ma czerwon\u0105 czapk\u0119 i latark\u0119 czo\u0142ow\u0105 Superfire TH04.\" \/>\n<\/p>\n<h3>5 tryb\u00f3w pracy<\/h3>\n<p>Latarka czo\u0142owa SuperFire obs\u0142uguje 5 tryb\u00f3w pracy. Tryby Low, Medium oraz Strong r\u00f3\u017cni\u0105 si\u0119 jasno\u015bci\u0105 \u2013 odpowiednio 116 lm, 216 lm i 600 lm. Urz\u0105dzenie oferuje tak\u017ce migaj\u0105ce \u015bwiat\u0142o w trybie Strobe oraz mo\u017cliwo\u015b\u0107 uruchomienia sygna\u0142u \u015bwietlnego SOS. Dzi\u0119ki temu mo\u017cesz dostosowa\u0107 jego dzia\u0142anie do aktualnej sytuacji \u2013 na przyk\u0142ad o\u015bwietli\u0107 oddalone obiekty, wykorzystuj\u0105c tryb Strong lub uruchomi\u0107 tryb Low, aby wygodnie sprawdzi\u0107 map\u0119 po zmroku. Z powodzeniem zawiadomisz tak\u017ce uczestnik\u00f3w ruchu drogowego o swojej obecno\u015bci i wezwiesz pomoc w sytuacjach awaryjnych.<\/p>\n<p>\n<img decoding=\"async\" src=\"https:\/\/assets.innpro.pl\/4478\/5128\/6.jpg\" border=\"0\" alt=\"Grafika przedstawiaj\u0105ca r\u00f3\u017cne poziomy intensywno\u015bci \u015bwiat\u0142a generowanego przez latark\u0119 czo\u0142ow\u0105 Superfire TH04.\" \/>\n<\/p>\n<h3>Lekka i kompaktowa konstrukcja<\/h3>\n<p>Waga produktu wynosi jedynie 114 g, dzi\u0119ki czemu nie b\u0119dziesz odczuwa\u0107 obci\u0105\u017cenia g\u0142owy nawet podczas d\u0142ugotrwa\u0142ego u\u017cytkowania. Uchwyt urz\u0105dzenia da si\u0119 zdemontowa\u0107 \u2013 w efekcie model TH04 mo\u017ce pe\u0142ni\u0107 funkcj\u0119 nie tylko latarki czo\u0142owej, ale te\u017c r\u0119cznej, co oka\u017ce si\u0119 niezawodne, gdy musisz skierowa\u0107 strumie\u0144 \u015bwiat\u0142a na konkretny obszar lub gdy poszukujesz przedmiot\u00f3w w ciemnych zakamarkach gara\u017cu czy piwnicy. Do dyspozycji masz tak\u017ce specjalny klips i magnetyczn\u0105 ko\u0144c\u00f3wk\u0119, co zapewnia jeszcze wi\u0119ksz\u0105 elastyczno\u015b\u0107 monta\u017cu.<\/p>\n<p>\n<img decoding=\"async\" src=\"https:\/\/assets.innpro.pl\/4478\/5128\/5.jpg\" border=\"0\" alt=\"Na pierwszy planie wida\u0107 proces demonta\u017cu uchwytu latarki Superfire TH04. Na drugim planie skupiony m\u0119\u017cczyzna wykonuje prac\u0119.\" \/>\n<\/p>\n<h3>Wygodna obs\u0142uga jedn\u0105 r\u0119k\u0105<\/h3>\n<p>Praktyczny przycisk pozwala na wygodne zarz\u0105dzanie prac\u0105 latarki. Dzi\u0119ki temu mo\u017cna sterowa\u0107 urz\u0105dzeniem jedn\u0105 r\u0119k\u0105 bez konieczno\u015bci zdejmowania r\u0119kawiczki podczas ch\u0142odnych wieczor\u00f3w i nocy.<\/p>\n<p>\n<img decoding=\"async\" src=\"https:\/\/assets.innpro.pl\/4478\/5128\/3.jpg\" border=\"0\" alt=\"Superfire TH04 w u\u017cyciu jako latarka r\u0119czna.\" \/>\n<\/p>\n<h3>Gotowo\u015b\u0107 do pracy<\/h3>\n<p>Z SuperFire przygotujesz si\u0119 na weekend w terenie bez przykrych niespodzianek. Port USB-C (Universal Serial Bus typu C, uniwersalne z\u0142\u0105cze do przesy\u0142ania danych i zasilania) pozwala na wygodne \u0142adowanie, a wbudowany wska\u017anik informuje o statusie zasilania. Czas pracy modelu TH04 wynosi oko\u0142o 3 godzin \u2013 nie zawiedzie Ci\u0119 podczas podr\u00f3\u017cy czy awarii pr\u0105du.<\/p>\n<p>\n<img decoding=\"async\" src=\"https:\/\/assets.innpro.pl\/4478\/5128\/4.jpg\" border=\"0\" alt=\"Proces \u0142adowania latarki Superfire TH04. Z prawej strony wida\u0107 tak\u017ce kolorowe pod\u015bwietlenie urz\u0105dzenia.\" \/>\n<\/p>\n<h3>Wytrzyma\u0142a konstrukcja<\/h3>\n<p>Trudne warunki atmosferyczne nie stanowi\u0105 wyzwania dla latarki SuperFire. Urz\u0105dzenie jest wodoodporne na poziomie IP44, dzi\u0119ki czemu mo\u017cesz swobodnie z niego korzysta\u0107 tak\u017ce podczas deszczu. Dzi\u0119ki solidnej konstrukcji ze stopu aluminium model TH04 jest te\u017c w stanie znie\u015b\u0107 upadki z wysoko\u015bci 1 m.\u00a0Dodatkowo latarka zosta\u0142a wyposa\u017cona w szereg mechanizm\u00f3w zabezpieczaj\u0105cych, kt\u00f3re przed\u0142u\u017caj\u0105 jej \u017cywotno\u015b\u0107.<\/p>\n<p>\n<img decoding=\"async\" src=\"https:\/\/assets.innpro.pl\/4478\/5128\/2.jpg\" border=\"0\" alt=\"Latarka Superfire TH04 na ciemnym tle w deszczu.\" \/>\n<\/p>\n<div class=\"table-wrapper\">\n<p>\u00a0<\/p>\n<h3><\/h3>\n<table>\n<tbody>\n<tr>\n<th>Producent<\/th>\n<td>SuperFire<\/td>\n<\/tr>\n<tr>\n<th>Model<\/th>\n<td>TH04<\/td>\n<\/tr>\n<tr>\n<th>Tryby pracy<\/th>\n<td>Strong \/ Medium \/ Low \/ Strobe \/ SOS<\/td>\n<\/tr>\n<tr>\n<th>Jasno\u015b\u0107<\/th>\n<td>Do 600 lm<\/td>\n<\/tr>\n<tr>\n<th>Zasi\u0119g<\/th>\n<td>Do 150 m<\/td>\n<\/tr>\n<tr>\n<th>Port \u0142adowania<\/th>\n<td>USB-C<\/td>\n<\/tr>\n<tr>\n<th>Typ akumulatora<\/th>\n<td>18650<\/td>\n<\/tr>\n<tr>\n<th>Pojemno\u015b\u0107 akumulatora<\/th>\n<td>2000 mAh<\/td>\n<\/tr>\n<tr>\n<th>Czas pracy<\/th>\n<td>Ok. 3 h<\/td>\n<\/tr>\n<tr>\n<th>Czas \u0142adowania<\/th>\n<td>Ok. 3 h <\/td>\n<\/tr>\n<tr>\n<th>Moc<\/th>\n<td>5W<\/td>\n<\/tr>\n<tr>\n<th>Odporno\u015b\u0107 na upadki<\/th>\n<td>tak, z wysoko\u015bci 1 m<\/td>\n<\/tr>\n<tr>\n<th>Wodoodporno\u015b\u0107<\/th>\n<td>IP44<\/td>\n<\/tr>\n<tr>\n<th>Waga<\/th>\n<td>114 g<\/td>\n<\/tr>\n<tr>\n<th>Wymiary<\/th>\n<td>111 x 27 x 24 mm<\/td>\n<\/tr>\n<\/tbody>\n<\/table>\n<\/div>\n","protected":false},"excerpt":{"rendered":"<p>Latarka czo\u0142owa 2w1 Superfire TH04, 600 lm, USB-C, 5 tryb\u00f3w, 150 m Camping, wspinaczka g\u00f3rska, a mo\u017ce wycieczka rowerowa? Przygotowuj\u0105c<\/p>\n","protected":false},"featured_media":44426,"comment_status":"closed","ping_status":"open","template":"","meta":{"_acf_changed":false},"product_brand":[],"product_cat":[5938,5940,5937],"product_tag":[],"class_list":{"0":"post-57922","1":"product","2":"type-product","3":"status-publish","4":"has-post-thumbnail","6":"product_cat-latarki","7":"product_cat-czolowe","8":"product_cat-outdoor","9":"pa_okres-gwarancji-5754","10":"pa_producent-superfire","12":"first","13":"outofstock","14":"taxable","15":"shipping-taxable","16":"purchasable","17":"product-type-simple"},"acf":[],"yoast_head":"<!-- This site is optimized with the Yoast SEO plugin v27.2 - https:\/\/yoast.com\/product\/yoast-seo-wordpress\/ -->\n<title>Latarka czo\u0142owa SUPERFIRE TH04 600lm USB-C - IRONSKY.PL Sklep z Dronami<\/title>\n<meta name=\"description\" content=\"Latarka czo\u0142owa SUPERFIRE TH04 600lm USB-C - \u2705 sklep z dronami i fachowym doradztwem. \u2705 Tutaj kupisz produkty DJI, Yuneec, Parrot, Syma i wiele innych, a tak\u017ce kursy i licencje na operatora drona.\" \/>\n<meta name=\"robots\" content=\"index, follow, max-snippet:-1, max-image-preview:large, max-video-preview:-1\" \/>\n<link rel=\"canonical\" href=\"https:\/\/ironsky.pl\/sklep\/produkt\/latarka-czolowa-superfire-th04-600lm-usb-c\/\" \/>\n<meta property=\"og:locale\" content=\"pl_PL\" \/>\n<meta property=\"og:type\" content=\"article\" \/>\n<meta property=\"og:title\" content=\"Latarka czo\u0142owa SUPERFIRE TH04 600lm USB-C - IRONSKY.PL Sklep z Dronami\" \/>\n<meta property=\"og:description\" content=\"Latarka czo\u0142owa SUPERFIRE TH04 600lm USB-C - \u2705 sklep z dronami i fachowym doradztwem. \u2705 Tutaj kupisz produkty DJI, Yuneec, Parrot, Syma i wiele innych, a tak\u017ce kursy i licencje na operatora drona.\" \/>\n<meta property=\"og:url\" content=\"https:\/\/ironsky.pl\/sklep\/produkt\/latarka-czolowa-superfire-th04-600lm-usb-c\/\" \/>\n<meta property=\"og:site_name\" content=\"IRONSKY.PL Sklep z Dronami\" \/>\n<meta property=\"article:modified_time\" content=\"2026-04-15T08:31:26+00:00\" \/>\n<meta property=\"og:image\" content=\"https:\/\/ironsky.pl\/sklep\/wp-content\/uploads\/2025\/06\/37263_1.jpg\" \/>\n\t<meta property=\"og:image:width\" content=\"800\" \/>\n\t<meta property=\"og:image:height\" content=\"800\" \/>\n\t<meta property=\"og:image:type\" content=\"image\/jpeg\" \/>\n<meta name=\"twitter:card\" content=\"summary_large_image\" \/>\n<meta name=\"twitter:label1\" content=\"Szacowany czas czytania\" \/>\n\t<meta name=\"twitter:data1\" content=\"3 minuty\" \/>\n<script type=\"application\/ld+json\" class=\"yoast-schema-graph\">{\"@context\":\"https:\/\/schema.org\",\"@graph\":[{\"@type\":\"WebPage\",\"@id\":\"https:\/\/ironsky.pl\/sklep\/produkt\/latarka-czolowa-superfire-th04-600lm-usb-c\/\",\"url\":\"https:\/\/ironsky.pl\/sklep\/produkt\/latarka-czolowa-superfire-th04-600lm-usb-c\/\",\"name\":\"Latarka czo\u0142owa SUPERFIRE TH04 600lm USB-C - IRONSKY.PL Sklep z Dronami\",\"isPartOf\":{\"@id\":\"https:\/\/ironsky.pl\/sklep\/#website\"},\"primaryImageOfPage\":{\"@id\":\"https:\/\/ironsky.pl\/sklep\/produkt\/latarka-czolowa-superfire-th04-600lm-usb-c\/#primaryimage\"},\"image\":{\"@id\":\"https:\/\/ironsky.pl\/sklep\/produkt\/latarka-czolowa-superfire-th04-600lm-usb-c\/#primaryimage\"},\"thumbnailUrl\":\"https:\/\/ironsky.pl\/sklep\/wp-content\/uploads\/2025\/06\/37263_1.jpg\",\"datePublished\":\"2026-04-15T08:31:19+00:00\",\"dateModified\":\"2026-04-15T08:31:26+00:00\",\"description\":\"Latarka czo\u0142owa SUPERFIRE TH04 600lm USB-C - \u2705 sklep z dronami i fachowym doradztwem. \u2705 Tutaj kupisz produkty DJI, Yuneec, Parrot, Syma i wiele innych, a tak\u017ce kursy i licencje na operatora drona.\",\"breadcrumb\":{\"@id\":\"https:\/\/ironsky.pl\/sklep\/produkt\/latarka-czolowa-superfire-th04-600lm-usb-c\/#breadcrumb\"},\"inLanguage\":\"pl-PL\",\"potentialAction\":[{\"@type\":\"ReadAction\",\"target\":[\"https:\/\/ironsky.pl\/sklep\/produkt\/latarka-czolowa-superfire-th04-600lm-usb-c\/\"]}]},{\"@type\":\"ImageObject\",\"inLanguage\":\"pl-PL\",\"@id\":\"https:\/\/ironsky.pl\/sklep\/produkt\/latarka-czolowa-superfire-th04-600lm-usb-c\/#primaryimage\",\"url\":\"https:\/\/ironsky.pl\/sklep\/wp-content\/uploads\/2025\/06\/37263_1.jpg\",\"contentUrl\":\"https:\/\/ironsky.pl\/sklep\/wp-content\/uploads\/2025\/06\/37263_1.jpg\",\"width\":800,\"height\":800},{\"@type\":\"BreadcrumbList\",\"@id\":\"https:\/\/ironsky.pl\/sklep\/produkt\/latarka-czolowa-superfire-th04-600lm-usb-c\/#breadcrumb\",\"itemListElement\":[{\"@type\":\"ListItem\",\"position\":1,\"name\":\"Strona g\u0142\u00f3wna\",\"item\":\"https:\/\/ironsky.pl\/sklep\/\"},{\"@type\":\"ListItem\",\"position\":2,\"name\":\"Wszystkie produkty\",\"item\":\"https:\/\/ironsky.pl\/sklep\/produkty\/\"},{\"@type\":\"ListItem\",\"position\":3,\"name\":\"Latarka czo\u0142owa SUPERFIRE TH04 600lm USB-C\"}]},{\"@type\":\"WebSite\",\"@id\":\"https:\/\/ironsky.pl\/sklep\/#website\",\"url\":\"https:\/\/ironsky.pl\/sklep\/\",\"name\":\"IRONSKY.PL Sklep z Dronami\",\"description\":\"IRONSKY.PL Sklep z Dronami\",\"potentialAction\":[{\"@type\":\"SearchAction\",\"target\":{\"@type\":\"EntryPoint\",\"urlTemplate\":\"https:\/\/ironsky.pl\/sklep\/?s={search_term_string}\"},\"query-input\":{\"@type\":\"PropertyValueSpecification\",\"valueRequired\":true,\"valueName\":\"search_term_string\"}}],\"inLanguage\":\"pl-PL\"}]}<\/script>\n<!-- \/ Yoast SEO plugin. -->","yoast_head_json":{"title":"Latarka czo\u0142owa SUPERFIRE TH04 600lm USB-C - IRONSKY.PL Sklep z Dronami","description":"Latarka czo\u0142owa SUPERFIRE TH04 600lm USB-C - \u2705 sklep z dronami i fachowym doradztwem. \u2705 Tutaj kupisz produkty DJI, Yuneec, Parrot, Syma i wiele innych, a tak\u017ce kursy i licencje na operatora drona.","robots":{"index":"index","follow":"follow","max-snippet":"max-snippet:-1","max-image-preview":"max-image-preview:large","max-video-preview":"max-video-preview:-1"},"canonical":"https:\/\/ironsky.pl\/sklep\/produkt\/latarka-czolowa-superfire-th04-600lm-usb-c\/","og_locale":"pl_PL","og_type":"article","og_title":"Latarka czo\u0142owa SUPERFIRE TH04 600lm USB-C - IRONSKY.PL Sklep z Dronami","og_description":"Latarka czo\u0142owa SUPERFIRE TH04 600lm USB-C - \u2705 sklep z dronami i fachowym doradztwem. \u2705 Tutaj kupisz produkty DJI, Yuneec, Parrot, Syma i wiele innych, a tak\u017ce kursy i licencje na operatora drona.","og_url":"https:\/\/ironsky.pl\/sklep\/produkt\/latarka-czolowa-superfire-th04-600lm-usb-c\/","og_site_name":"IRONSKY.PL Sklep z Dronami","article_modified_time":"2026-04-15T08:31:26+00:00","og_image":[{"width":800,"height":800,"url":"https:\/\/ironsky.pl\/sklep\/wp-content\/uploads\/2025\/06\/37263_1.jpg","type":"image\/jpeg"}],"twitter_card":"summary_large_image","twitter_misc":{"Szacowany czas czytania":"3 minuty"},"schema":{"@context":"https:\/\/schema.org","@graph":[{"@type":"WebPage","@id":"https:\/\/ironsky.pl\/sklep\/produkt\/latarka-czolowa-superfire-th04-600lm-usb-c\/","url":"https:\/\/ironsky.pl\/sklep\/produkt\/latarka-czolowa-superfire-th04-600lm-usb-c\/","name":"Latarka czo\u0142owa SUPERFIRE TH04 600lm USB-C - IRONSKY.PL Sklep z Dronami","isPartOf":{"@id":"https:\/\/ironsky.pl\/sklep\/#website"},"primaryImageOfPage":{"@id":"https:\/\/ironsky.pl\/sklep\/produkt\/latarka-czolowa-superfire-th04-600lm-usb-c\/#primaryimage"},"image":{"@id":"https:\/\/ironsky.pl\/sklep\/produkt\/latarka-czolowa-superfire-th04-600lm-usb-c\/#primaryimage"},"thumbnailUrl":"https:\/\/ironsky.pl\/sklep\/wp-content\/uploads\/2025\/06\/37263_1.jpg","datePublished":"2026-04-15T08:31:19+00:00","dateModified":"2026-04-15T08:31:26+00:00","description":"Latarka czo\u0142owa SUPERFIRE TH04 600lm USB-C - \u2705 sklep z dronami i fachowym doradztwem. \u2705 Tutaj kupisz produkty DJI, Yuneec, Parrot, Syma i wiele innych, a tak\u017ce kursy i licencje na operatora drona.","breadcrumb":{"@id":"https:\/\/ironsky.pl\/sklep\/produkt\/latarka-czolowa-superfire-th04-600lm-usb-c\/#breadcrumb"},"inLanguage":"pl-PL","potentialAction":[{"@type":"ReadAction","target":["https:\/\/ironsky.pl\/sklep\/produkt\/latarka-czolowa-superfire-th04-600lm-usb-c\/"]}]},{"@type":"ImageObject","inLanguage":"pl-PL","@id":"https:\/\/ironsky.pl\/sklep\/produkt\/latarka-czolowa-superfire-th04-600lm-usb-c\/#primaryimage","url":"https:\/\/ironsky.pl\/sklep\/wp-content\/uploads\/2025\/06\/37263_1.jpg","contentUrl":"https:\/\/ironsky.pl\/sklep\/wp-content\/uploads\/2025\/06\/37263_1.jpg","width":800,"height":800},{"@type":"BreadcrumbList","@id":"https:\/\/ironsky.pl\/sklep\/produkt\/latarka-czolowa-superfire-th04-600lm-usb-c\/#breadcrumb","itemListElement":[{"@type":"ListItem","position":1,"name":"Strona g\u0142\u00f3wna","item":"https:\/\/ironsky.pl\/sklep\/"},{"@type":"ListItem","position":2,"name":"Wszystkie produkty","item":"https:\/\/ironsky.pl\/sklep\/produkty\/"},{"@type":"ListItem","position":3,"name":"Latarka czo\u0142owa SUPERFIRE TH04 600lm USB-C"}]},{"@type":"WebSite","@id":"https:\/\/ironsky.pl\/sklep\/#website","url":"https:\/\/ironsky.pl\/sklep\/","name":"IRONSKY.PL Sklep z Dronami","description":"IRONSKY.PL Sklep z Dronami","potentialAction":[{"@type":"SearchAction","target":{"@type":"EntryPoint","urlTemplate":"https:\/\/ironsky.pl\/sklep\/?s={search_term_string}"},"query-input":{"@type":"PropertyValueSpecification","valueRequired":true,"valueName":"search_term_string"}}],"inLanguage":"pl-PL"}]}},"_links":{"self":[{"href":"https:\/\/ironsky.pl\/sklep\/wp-json\/wp\/v2\/product\/57922","targetHints":{"allow":["GET"]}}],"collection":[{"href":"https:\/\/ironsky.pl\/sklep\/wp-json\/wp\/v2\/product"}],"about":[{"href":"https:\/\/ironsky.pl\/sklep\/wp-json\/wp\/v2\/types\/product"}],"replies":[{"embeddable":true,"href":"https:\/\/ironsky.pl\/sklep\/wp-json\/wp\/v2\/comments?post=57922"}],"wp:featuredmedia":[{"embeddable":true,"href":"https:\/\/ironsky.pl\/sklep\/wp-json\/wp\/v2\/media\/44426"}],"wp:attachment":[{"href":"https:\/\/ironsky.pl\/sklep\/wp-json\/wp\/v2\/media?parent=57922"}],"wp:term":[{"taxonomy":"product_brand","embeddable":true,"href":"https:\/\/ironsky.pl\/sklep\/wp-json\/wp\/v2\/product_brand?post=57922"},{"taxonomy":"product_cat","embeddable":true,"href":"https:\/\/ironsky.pl\/sklep\/wp-json\/wp\/v2\/product_cat?post=57922"},{"taxonomy":"product_tag","embeddable":true,"href":"https:\/\/ironsky.pl\/sklep\/wp-json\/wp\/v2\/product_tag?post=57922"}],"curies":[{"name":"wp","href":"https:\/\/api.w.org\/{rel}","templated":true}]}}