{"id":57920,"date":"2026-04-15T10:31:19","date_gmt":"2026-04-15T08:31:19","guid":{"rendered":"https:\/\/ironsky.pl\/sklep\/produkt\/kabel-ugreen-hdmi-hdmi-8k-2m-czarny\/"},"modified":"2026-04-15T10:31:24","modified_gmt":"2026-04-15T08:31:24","slug":"kabel-ugreen-hdmi-hdmi-8k-2m-czarny","status":"publish","type":"product","link":"https:\/\/ironsky.pl\/sklep\/produkt\/kabel-ugreen-hdmi-hdmi-8k-2m-czarny\/","title":{"rendered":"Kabel UGREEN HDMI-HDMI 8K 2m (czarny)"},"content":{"rendered":"<h3>Kabel HDMI do HDMI UGREEN 8K UHD 2m 25910 (czarny)<\/h3>\n<p>Odkryj pe\u0142ni\u0119 mo\u017cliwo\u015bci multimedialnych z UGREEN Ten zaawansowany technologicznie kabel zosta\u0142 stworzony, aby zapewni\u0107 niezr\u00f3wnan\u0105 jako\u015b\u0107 obrazu i d\u017awi\u0119ku dla Twojego systemu rozrywkowego. Jest wytrzyma\u0142y i wyr\u00f3\u017cnia si\u0119 szerok\u0105 kompatybilno\u015bci\u0105, dzi\u0119ki czemu sprawdzi si\u0119 w wielu scenariuszach u\u017cytkowania.<\/p>\n<p><img decoding=\"async\" src=\"https:\/\/b2b.innpro.pl\/data\/include\/cms\/012UGREEN\/25910\/1.jpg\" alt=\"012UGREEN\/25910\/1\"><\/p>\n<h3>Prze\u0142om w jako\u015bci obrazu<\/h3>\n<p>Z kablem UGREEN 8K UHD prze\u017cyjesz kinow\u0105 jako\u015b\u0107 obrazu w zaciszu w\u0142asnego domu. Dzi\u0119ki przepustowo\u015bci 48 Gb\/s kabel obs\u0142uguje rozdzielczo\u015b\u0107 i cz\u0119stotliwo\u015b\u0107 od\u015bwie\u017cania na najwy\u017cszym poziomie \u2014 od 4K przy 240Hz do imponuj\u0105cych 8K przy 60Hz. Funkcje takie jak VRR (Variable Refresh Rate) i Dynamic HDR gwarantuj\u0105 p\u0142ynno\u015b\u0107 i g\u0142\u0119bi\u0119 obrazu, przekszta\u0142caj\u0105c ka\u017cd\u0105 scen\u0119 w realistyczn\u0105 wizualn\u0105 podr\u00f3\u017c.<\/p>\n<p><img decoding=\"async\" src=\"https:\/\/b2b.innpro.pl\/data\/include\/cms\/012UGREEN\/25910\/2.jpg\" alt=\"012UGREEN\/25910\/2\"><\/p>\n<h3>Niesamowite doznania d\u017awi\u0119kowe<\/h3>\n<p>Kabel HDMI UGREEN 8K UHD to nie tylko obraz, ale r\u00f3wnie\u017c doskona\u0142a jako\u015b\u0107 d\u017awi\u0119ku. Wykorzystuj\u0105c technologi\u0119 eARC, kabel zapewnia kompatybilno\u015b\u0107 z najnowszymi formatami d\u017awi\u0119ku przestrzennego, w tym Dolby Atmos i DTS:X. To zapewnia bogate i przestrzenne do\u015bwiadczenie akustyczne, idealne dla kin domowych i gamingu.<\/p>\n<p><img decoding=\"async\" src=\"https:\/\/b2b.innpro.pl\/data\/include\/cms\/012UGREEN\/25910\/3.jpg\" alt=\"012UGREEN\/25910\/3\"><\/p>\n<h3>Wytrzyma\u0142o\u015b\u0107 i niezawodno\u015b\u0107<\/h3>\n<p>Zaprojektowany z my\u015bl\u0105 o trwa\u0142o\u015bci, kabel HDMI UGREEN 8K UHD jest wykonany z wysokiej jako\u015bci materia\u0142\u00f3w. Pleciony p\u0142aszcz, aluminiowa pow\u0142oka i niklowana wtyczka zapewniaj\u0105 wytrzyma\u0142o\u015b\u0107 i ochron\u0119 przed zu\u017cyciem. Dodatkowe 4-warstwowe ekranowanie chroni sygna\u0142 przed zak\u0142\u00f3ceniami zewn\u0119trznymi, gwarantuj\u0105c czysto\u015b\u0107 obrazu i d\u017awi\u0119ku.<\/p>\n<p><img decoding=\"async\" src=\"https:\/\/b2b.innpro.pl\/data\/include\/cms\/012UGREEN\/25910\/5.jpg\" alt=\"012UGREEN\/25910\/4\"><\/p>\n<h3>Uniwersalno\u015b\u0107 i kompatybilno\u015b\u0107<\/h3>\n<p>Kabel UGREEN 8K UHD jest kompatybilny z szerok\u0105 gam\u0105 urz\u0105dze\u0144 posiadaj\u0105cych port HDMI, od najnowszych konsol, przez laptopy i komputery, a\u017c po odtwarzacze Blu-ray i systemy kina domowego. Jest to idealny wyb\u00f3r dla graczy, mi\u0142o\u015bnik\u00f3w film\u00f3w oraz wszystkich, kt\u00f3rzy ceni\u0105 sobie najwy\u017csz\u0105 jako\u015b\u0107 audio-wideo.<\/p>\n<p><img decoding=\"async\" src=\"https:\/\/b2b.innpro.pl\/data\/include\/cms\/012UGREEN\/25910\/4.jpg\" alt=\"012UGREEN\/25910\/5\"><\/p>\n<h3><\/h3>\n<div class=\"table-wrapper\">\n<table>\n<tbody>\n<tr>\n<th>Producent<\/th>\n<td>Ugreen<\/td>\n<\/tr>\n<tr>\n<th>Model<\/th>\n<td>25910<\/td>\n<\/tr>\n<tr>\n<th>Typ z\u0142\u0105cza <\/th>\n<td>HDMI<\/td>\n<\/tr>\n<tr>\n<th>Typ kabla <\/th>\n<td>HDMI<\/td>\n<\/tr>\n<tr>\n<th>Rodzaj z\u0142\u0105cza <\/th>\n<td>M\u0119skie-m\u0119skie<\/td>\n<\/tr>\n<tr>\n<th>Szybko\u015b\u0107 przesy\u0142ania danych <\/th>\n<td>48 Gbps<\/td>\n<\/tr>\n<tr>\n<th>Cz\u0119stotliwo\u015b\u0107 <\/th>\n<td>240 Hz<\/td>\n<\/tr>\n<tr>\n<th>Technologia \u0142\u0105czno\u015bci <\/th>\n<td>HDMI<\/td>\n<\/tr>\n<tr>\n<th>Moc <\/th>\n<td>2 W<\/td>\n<\/tr>\n<tr>\n<th>Rozdzielczo\u015b\u0107<\/th>\n<td>8K 60Hz; 4K 240Hz\/ 165Hz\/ 144Hz \/120Hz<\/td>\n<\/tr>\n<\/tbody>\n<\/table>\n<\/div>\n","protected":false},"excerpt":{"rendered":"<p>Kabel HDMI do HDMI UGREEN 8K UHD 2m 25910 (czarny) Odkryj pe\u0142ni\u0119 mo\u017cliwo\u015bci multimedialnych z UGREEN Ten zaawansowany technologicznie kabel<\/p>\n","protected":false},"featured_media":44416,"comment_status":"closed","ping_status":"open","template":"","meta":{"_acf_changed":false},"product_brand":[],"product_cat":[5929,5931,5933],"product_tag":[],"class_list":{"0":"post-57920","1":"product","2":"type-product","3":"status-publish","4":"has-post-thumbnail","6":"product_cat-akcesoria-it","7":"product_cat-kable","8":"product_cat-wideo","9":"pa_okres-gwarancji-5757","10":"pa_producent-ugreen","12":"first","13":"instock","14":"taxable","15":"shipping-taxable","16":"purchasable","17":"product-type-simple"},"acf":[],"yoast_head":"<!-- This site is optimized with the Yoast SEO plugin v27.2 - https:\/\/yoast.com\/product\/yoast-seo-wordpress\/ -->\n<title>Kabel UGREEN HDMI-HDMI 8K 2m (czarny) - IRONSKY.PL Sklep z Dronami<\/title>\n<meta name=\"description\" content=\"Kabel UGREEN HDMI-HDMI 8K 2m (czarny) - \u2705 sklep z dronami i fachowym doradztwem. \u2705 Tutaj kupisz produkty DJI, Yuneec, Parrot, Syma i wiele innych, a tak\u017ce kursy i licencje na operatora drona.\" \/>\n<meta name=\"robots\" content=\"index, follow, max-snippet:-1, max-image-preview:large, max-video-preview:-1\" \/>\n<link rel=\"canonical\" href=\"https:\/\/ironsky.pl\/sklep\/produkt\/kabel-ugreen-hdmi-hdmi-8k-2m-czarny\/\" \/>\n<meta property=\"og:locale\" content=\"pl_PL\" \/>\n<meta property=\"og:type\" content=\"article\" \/>\n<meta property=\"og:title\" content=\"Kabel UGREEN HDMI-HDMI 8K 2m (czarny) - IRONSKY.PL Sklep z Dronami\" \/>\n<meta property=\"og:description\" content=\"Kabel UGREEN HDMI-HDMI 8K 2m (czarny) - \u2705 sklep z dronami i fachowym doradztwem. \u2705 Tutaj kupisz produkty DJI, Yuneec, Parrot, Syma i wiele innych, a tak\u017ce kursy i licencje na operatora drona.\" \/>\n<meta property=\"og:url\" content=\"https:\/\/ironsky.pl\/sklep\/produkt\/kabel-ugreen-hdmi-hdmi-8k-2m-czarny\/\" \/>\n<meta property=\"og:site_name\" content=\"IRONSKY.PL Sklep z Dronami\" \/>\n<meta property=\"article:modified_time\" content=\"2026-04-15T08:31:24+00:00\" \/>\n<meta property=\"og:image\" content=\"https:\/\/ironsky.pl\/sklep\/wp-content\/uploads\/2025\/06\/37215_1.jpg\" \/>\n\t<meta property=\"og:image:width\" content=\"800\" \/>\n\t<meta property=\"og:image:height\" content=\"800\" \/>\n\t<meta property=\"og:image:type\" content=\"image\/jpeg\" \/>\n<meta name=\"twitter:card\" content=\"summary_large_image\" \/>\n<meta name=\"twitter:label1\" content=\"Szacowany czas czytania\" \/>\n\t<meta name=\"twitter:data1\" content=\"2 minuty\" \/>\n<script type=\"application\/ld+json\" class=\"yoast-schema-graph\">{\"@context\":\"https:\/\/schema.org\",\"@graph\":[{\"@type\":\"WebPage\",\"@id\":\"https:\/\/ironsky.pl\/sklep\/produkt\/kabel-ugreen-hdmi-hdmi-8k-2m-czarny\/\",\"url\":\"https:\/\/ironsky.pl\/sklep\/produkt\/kabel-ugreen-hdmi-hdmi-8k-2m-czarny\/\",\"name\":\"Kabel UGREEN HDMI-HDMI 8K 2m (czarny) - IRONSKY.PL Sklep z Dronami\",\"isPartOf\":{\"@id\":\"https:\/\/ironsky.pl\/sklep\/#website\"},\"primaryImageOfPage\":{\"@id\":\"https:\/\/ironsky.pl\/sklep\/produkt\/kabel-ugreen-hdmi-hdmi-8k-2m-czarny\/#primaryimage\"},\"image\":{\"@id\":\"https:\/\/ironsky.pl\/sklep\/produkt\/kabel-ugreen-hdmi-hdmi-8k-2m-czarny\/#primaryimage\"},\"thumbnailUrl\":\"https:\/\/ironsky.pl\/sklep\/wp-content\/uploads\/2025\/06\/37215_1.jpg\",\"datePublished\":\"2026-04-15T08:31:19+00:00\",\"dateModified\":\"2026-04-15T08:31:24+00:00\",\"description\":\"Kabel UGREEN HDMI-HDMI 8K 2m (czarny) - \u2705 sklep z dronami i fachowym doradztwem. \u2705 Tutaj kupisz produkty DJI, Yuneec, Parrot, Syma i wiele innych, a tak\u017ce kursy i licencje na operatora drona.\",\"breadcrumb\":{\"@id\":\"https:\/\/ironsky.pl\/sklep\/produkt\/kabel-ugreen-hdmi-hdmi-8k-2m-czarny\/#breadcrumb\"},\"inLanguage\":\"pl-PL\",\"potentialAction\":[{\"@type\":\"ReadAction\",\"target\":[\"https:\/\/ironsky.pl\/sklep\/produkt\/kabel-ugreen-hdmi-hdmi-8k-2m-czarny\/\"]}]},{\"@type\":\"ImageObject\",\"inLanguage\":\"pl-PL\",\"@id\":\"https:\/\/ironsky.pl\/sklep\/produkt\/kabel-ugreen-hdmi-hdmi-8k-2m-czarny\/#primaryimage\",\"url\":\"https:\/\/ironsky.pl\/sklep\/wp-content\/uploads\/2025\/06\/37215_1.jpg\",\"contentUrl\":\"https:\/\/ironsky.pl\/sklep\/wp-content\/uploads\/2025\/06\/37215_1.jpg\",\"width\":800,\"height\":800},{\"@type\":\"BreadcrumbList\",\"@id\":\"https:\/\/ironsky.pl\/sklep\/produkt\/kabel-ugreen-hdmi-hdmi-8k-2m-czarny\/#breadcrumb\",\"itemListElement\":[{\"@type\":\"ListItem\",\"position\":1,\"name\":\"Strona g\u0142\u00f3wna\",\"item\":\"https:\/\/ironsky.pl\/sklep\/\"},{\"@type\":\"ListItem\",\"position\":2,\"name\":\"Wszystkie produkty\",\"item\":\"https:\/\/ironsky.pl\/sklep\/produkty\/\"},{\"@type\":\"ListItem\",\"position\":3,\"name\":\"Kabel UGREEN HDMI-HDMI 8K 2m (czarny)\"}]},{\"@type\":\"WebSite\",\"@id\":\"https:\/\/ironsky.pl\/sklep\/#website\",\"url\":\"https:\/\/ironsky.pl\/sklep\/\",\"name\":\"IRONSKY.PL Sklep z Dronami\",\"description\":\"IRONSKY.PL Sklep z Dronami\",\"potentialAction\":[{\"@type\":\"SearchAction\",\"target\":{\"@type\":\"EntryPoint\",\"urlTemplate\":\"https:\/\/ironsky.pl\/sklep\/?s={search_term_string}\"},\"query-input\":{\"@type\":\"PropertyValueSpecification\",\"valueRequired\":true,\"valueName\":\"search_term_string\"}}],\"inLanguage\":\"pl-PL\"}]}<\/script>\n<!-- \/ Yoast SEO plugin. -->","yoast_head_json":{"title":"Kabel UGREEN HDMI-HDMI 8K 2m (czarny) - IRONSKY.PL Sklep z Dronami","description":"Kabel UGREEN HDMI-HDMI 8K 2m (czarny) - \u2705 sklep z dronami i fachowym doradztwem. \u2705 Tutaj kupisz produkty DJI, Yuneec, Parrot, Syma i wiele innych, a tak\u017ce kursy i licencje na operatora drona.","robots":{"index":"index","follow":"follow","max-snippet":"max-snippet:-1","max-image-preview":"max-image-preview:large","max-video-preview":"max-video-preview:-1"},"canonical":"https:\/\/ironsky.pl\/sklep\/produkt\/kabel-ugreen-hdmi-hdmi-8k-2m-czarny\/","og_locale":"pl_PL","og_type":"article","og_title":"Kabel UGREEN HDMI-HDMI 8K 2m (czarny) - IRONSKY.PL Sklep z Dronami","og_description":"Kabel UGREEN HDMI-HDMI 8K 2m (czarny) - \u2705 sklep z dronami i fachowym doradztwem. \u2705 Tutaj kupisz produkty DJI, Yuneec, Parrot, Syma i wiele innych, a tak\u017ce kursy i licencje na operatora drona.","og_url":"https:\/\/ironsky.pl\/sklep\/produkt\/kabel-ugreen-hdmi-hdmi-8k-2m-czarny\/","og_site_name":"IRONSKY.PL Sklep z Dronami","article_modified_time":"2026-04-15T08:31:24+00:00","og_image":[{"width":800,"height":800,"url":"https:\/\/ironsky.pl\/sklep\/wp-content\/uploads\/2025\/06\/37215_1.jpg","type":"image\/jpeg"}],"twitter_card":"summary_large_image","twitter_misc":{"Szacowany czas czytania":"2 minuty"},"schema":{"@context":"https:\/\/schema.org","@graph":[{"@type":"WebPage","@id":"https:\/\/ironsky.pl\/sklep\/produkt\/kabel-ugreen-hdmi-hdmi-8k-2m-czarny\/","url":"https:\/\/ironsky.pl\/sklep\/produkt\/kabel-ugreen-hdmi-hdmi-8k-2m-czarny\/","name":"Kabel UGREEN HDMI-HDMI 8K 2m (czarny) - IRONSKY.PL Sklep z Dronami","isPartOf":{"@id":"https:\/\/ironsky.pl\/sklep\/#website"},"primaryImageOfPage":{"@id":"https:\/\/ironsky.pl\/sklep\/produkt\/kabel-ugreen-hdmi-hdmi-8k-2m-czarny\/#primaryimage"},"image":{"@id":"https:\/\/ironsky.pl\/sklep\/produkt\/kabel-ugreen-hdmi-hdmi-8k-2m-czarny\/#primaryimage"},"thumbnailUrl":"https:\/\/ironsky.pl\/sklep\/wp-content\/uploads\/2025\/06\/37215_1.jpg","datePublished":"2026-04-15T08:31:19+00:00","dateModified":"2026-04-15T08:31:24+00:00","description":"Kabel UGREEN HDMI-HDMI 8K 2m (czarny) - \u2705 sklep z dronami i fachowym doradztwem. \u2705 Tutaj kupisz produkty DJI, Yuneec, Parrot, Syma i wiele innych, a tak\u017ce kursy i licencje na operatora drona.","breadcrumb":{"@id":"https:\/\/ironsky.pl\/sklep\/produkt\/kabel-ugreen-hdmi-hdmi-8k-2m-czarny\/#breadcrumb"},"inLanguage":"pl-PL","potentialAction":[{"@type":"ReadAction","target":["https:\/\/ironsky.pl\/sklep\/produkt\/kabel-ugreen-hdmi-hdmi-8k-2m-czarny\/"]}]},{"@type":"ImageObject","inLanguage":"pl-PL","@id":"https:\/\/ironsky.pl\/sklep\/produkt\/kabel-ugreen-hdmi-hdmi-8k-2m-czarny\/#primaryimage","url":"https:\/\/ironsky.pl\/sklep\/wp-content\/uploads\/2025\/06\/37215_1.jpg","contentUrl":"https:\/\/ironsky.pl\/sklep\/wp-content\/uploads\/2025\/06\/37215_1.jpg","width":800,"height":800},{"@type":"BreadcrumbList","@id":"https:\/\/ironsky.pl\/sklep\/produkt\/kabel-ugreen-hdmi-hdmi-8k-2m-czarny\/#breadcrumb","itemListElement":[{"@type":"ListItem","position":1,"name":"Strona g\u0142\u00f3wna","item":"https:\/\/ironsky.pl\/sklep\/"},{"@type":"ListItem","position":2,"name":"Wszystkie produkty","item":"https:\/\/ironsky.pl\/sklep\/produkty\/"},{"@type":"ListItem","position":3,"name":"Kabel UGREEN HDMI-HDMI 8K 2m (czarny)"}]},{"@type":"WebSite","@id":"https:\/\/ironsky.pl\/sklep\/#website","url":"https:\/\/ironsky.pl\/sklep\/","name":"IRONSKY.PL Sklep z Dronami","description":"IRONSKY.PL Sklep z Dronami","potentialAction":[{"@type":"SearchAction","target":{"@type":"EntryPoint","urlTemplate":"https:\/\/ironsky.pl\/sklep\/?s={search_term_string}"},"query-input":{"@type":"PropertyValueSpecification","valueRequired":true,"valueName":"search_term_string"}}],"inLanguage":"pl-PL"}]}},"_links":{"self":[{"href":"https:\/\/ironsky.pl\/sklep\/wp-json\/wp\/v2\/product\/57920","targetHints":{"allow":["GET"]}}],"collection":[{"href":"https:\/\/ironsky.pl\/sklep\/wp-json\/wp\/v2\/product"}],"about":[{"href":"https:\/\/ironsky.pl\/sklep\/wp-json\/wp\/v2\/types\/product"}],"replies":[{"embeddable":true,"href":"https:\/\/ironsky.pl\/sklep\/wp-json\/wp\/v2\/comments?post=57920"}],"wp:featuredmedia":[{"embeddable":true,"href":"https:\/\/ironsky.pl\/sklep\/wp-json\/wp\/v2\/media\/44416"}],"wp:attachment":[{"href":"https:\/\/ironsky.pl\/sklep\/wp-json\/wp\/v2\/media?parent=57920"}],"wp:term":[{"taxonomy":"product_brand","embeddable":true,"href":"https:\/\/ironsky.pl\/sklep\/wp-json\/wp\/v2\/product_brand?post=57920"},{"taxonomy":"product_cat","embeddable":true,"href":"https:\/\/ironsky.pl\/sklep\/wp-json\/wp\/v2\/product_cat?post=57920"},{"taxonomy":"product_tag","embeddable":true,"href":"https:\/\/ironsky.pl\/sklep\/wp-json\/wp\/v2\/product_tag?post=57920"}],"curies":[{"name":"wp","href":"https:\/\/api.w.org\/{rel}","templated":true}]}}