{"id":57912,"date":"2026-04-15T10:30:41","date_gmt":"2026-04-15T08:30:41","guid":{"rendered":"https:\/\/ironsky.pl\/sklep\/produkt\/etui-sunnylife-do-insta360-ace-pro-2\/"},"modified":"2026-04-15T10:31:16","modified_gmt":"2026-04-15T08:31:16","slug":"etui-sunnylife-do-insta360-ace-pro-2","status":"publish","type":"product","link":"https:\/\/ironsky.pl\/sklep\/produkt\/etui-sunnylife-do-insta360-ace-pro-2\/","title":{"rendered":"Etui SUNNYLIFE do Insta360 Ace Pro"},"content":{"rendered":"<h3>Etui Sunnylife do Insta360 Ace Pro<\/h3>\n<p>Zyskaj mo\u017cliwo\u015b\u0107 wygodnego, a zarazem bezpiecznego transportu i przechowywania swojej kamery. Torba Sunnylife zosta\u0142a stworzona z my\u015bl\u0105 o modelu Insta360 Ace Pro i oferuje miejsce nie tylko na niego, ale te\u017c na niezb\u0119dne akcesoria, takie jak uchwyty, kable czy karty pami\u0119ci. Specjalne przegr\u00f3dki i zapinana na zamek kiesze\u0144 u\u0142atwi\u0105 Ci odpowiedni\u0105 organizacj\u0119 przestrzeni, a wytrzyma\u0142a konstrukcja zapewni ochron\u0119 umieszczonym wewn\u0105trz urz\u0105dzeniom. W zestawie znajdziesz te\u017c karabi\u0144czyk, za pomoc\u0105 kt\u00f3rego mo\u017cesz na przyk\u0142ad przymocowa\u0107 torb\u0119 do plecaka.<\/p>\n<p><img decoding=\"async\" src=\"https:\/\/b2b.innpro.pl\/data\/include\/cms\/Sunnylife\/IST-B755\/1.jpg\" border=\"0\" alt=\"Sunnylife\/IST-B755\/1\" \/><\/p>\n<h3>Optymalna organizacja przestrzeni<\/h3>\n<p>Torba Sunnylife zosta\u0142a wyposa\u017cona w kilka przegr\u00f3dek, dzi\u0119ki kt\u00f3rym z \u0142atwo\u015bci\u0105 zachowasz porz\u0105dek. Swoje miejsce ma w niej nie tylko kamera, ale te\u017c akumulator, mocowanie samoprzylepne, standardowe mocowanie oraz \u015bruba. Dzi\u0119ki temu nie musisz si\u0119 martwi\u0107, \u017ce Twoje urz\u0105dzenia ulegn\u0105 uszkodzeniu podczas transportu! Do dyspozycji masz tak\u017ce dodatkow\u0105 kiesze\u0144 zapinan\u0105 na zamek \u2013 mo\u017cesz umie\u015bci\u0107 w niej na przyk\u0142ad niezb\u0119dne przewody, karty SD i inne drobne akcesoria.<\/p>\n<p><img decoding=\"async\" src=\"https:\/\/b2b.innpro.pl\/data\/include\/cms\/Sunnylife\/IST-B755\/2.jpg\" border=\"0\" alt=\"Sunnylife\/IST-B755\/2\" \/><\/p>\n<h3>Ulepszona konstrukcja<\/h3>\n<p>Do wykonania akcesorium zastosowano wysokiej jako\u015bci tkanin\u0119, kt\u00f3ra jest bardzo wytrzyma\u0142a i odporna na uszkodzenia. Mi\u0119kka wy\u015bci\u00f3\u0142ka chroni umieszczone wewn\u0105trz urz\u0105dzenia przed zarysowaniem i wstrz\u0105sami, a trwa\u0142e zamki b\u0142yskawiczne umo\u017cliwiaj\u0105 wygodne otwieranie i zamykanie torby. Model IST-B755 jest te\u017c bardzo lekki i kompaktowy \u2013 z \u0142atwo\u015bci\u0105 mie\u015bci si\u0119 w d\u0142oni. Dzi\u0119ki temu jego transport i przechowywanie nie sprawi\u0105 Ci \u017cadnego problemu!<\/p>\n<p><img decoding=\"async\" src=\"https:\/\/b2b.innpro.pl\/data\/include\/cms\/Sunnylife\/IST-B755\/5.jpg\" border=\"0\" alt=\"Sunnylife\/IST-B755\/5\" \/><\/p>\n<h3>W zestawie<\/h3>\n<ul>\n<li>Torba<\/li>\n<li>Karabi\u0144czyk<\/li>\n<\/ul>\n<div class=\"table-wrapper\">\n<table>\n<tbody>\n<tr>\n<th>Producent<\/th>\n<td>Sunnylife<\/td>\n<\/tr>\n<tr>\n<th>Model<\/th>\n<td>IST-B755<\/td>\n<\/tr>\n<tr>\n<th>Materia\u0142<\/th>\n<td>Tkanina + flanela<\/td>\n<\/tr>\n<tr>\n<th>Wymiary<\/th>\n<td>177 x 103 x 64 mm<\/td>\n<\/tr>\n<tr>\n<th>Waga<\/th>\n<td>134 g<\/td>\n<\/tr>\n<tr>\n<th>Kompatybilno\u015b\u0107<\/th>\n<td>Kamera Insta360 Ace Pro<\/td>\n<\/tr>\n<\/tbody>\n<\/table>\n<\/div>\n<style type=\"text\/css\"><!--\ntd {border: 1px solid #cccccc;}br {mso-data-placement:same-cell;}\n--><\/style>\n","protected":false},"excerpt":{"rendered":"<p>Etui Sunnylife do Insta360 Ace Pro Zyskaj mo\u017cliwo\u015b\u0107 wygodnego, a zarazem bezpiecznego transportu i przechowywania swojej kamery. Torba Sunnylife zosta\u0142a<\/p>\n","protected":false},"featured_media":57913,"comment_status":"closed","ping_status":"open","template":"","meta":{"_acf_changed":false},"product_brand":[],"product_cat":[1130,1137,1128],"product_tag":[],"class_list":{"0":"post-57912","1":"product","2":"type-product","3":"status-publish","4":"has-post-thumbnail","6":"product_cat-akcesoria-foto","7":"product_cat-do-kamer-sportowych","8":"product_cat-foto-wideo","9":"pa_okres-gwarancji-5754","10":"pa_producent-sunnylife","12":"first","13":"outofstock","14":"taxable","15":"shipping-taxable","16":"purchasable","17":"product-type-simple"},"acf":[],"yoast_head":"<!-- This site is optimized with the Yoast SEO plugin v27.2 - https:\/\/yoast.com\/product\/yoast-seo-wordpress\/ -->\n<title>Etui SUNNYLIFE do Insta360 Ace Pro - IRONSKY.PL Sklep z Dronami<\/title>\n<meta name=\"description\" content=\"Etui SUNNYLIFE do Insta360 Ace Pro - \u2705 sklep z dronami i fachowym doradztwem. \u2705 Tutaj kupisz produkty DJI, Yuneec, Parrot, Syma i wiele innych, a tak\u017ce kursy i licencje na operatora drona.\" \/>\n<meta name=\"robots\" content=\"index, follow, max-snippet:-1, max-image-preview:large, max-video-preview:-1\" \/>\n<link rel=\"canonical\" href=\"https:\/\/ironsky.pl\/sklep\/produkt\/etui-sunnylife-do-insta360-ace-pro-2\/\" \/>\n<meta property=\"og:locale\" content=\"pl_PL\" \/>\n<meta property=\"og:type\" content=\"article\" \/>\n<meta property=\"og:title\" content=\"Etui SUNNYLIFE do Insta360 Ace Pro - IRONSKY.PL Sklep z Dronami\" \/>\n<meta property=\"og:description\" content=\"Etui SUNNYLIFE do Insta360 Ace Pro - \u2705 sklep z dronami i fachowym doradztwem. \u2705 Tutaj kupisz produkty DJI, Yuneec, Parrot, Syma i wiele innych, a tak\u017ce kursy i licencje na operatora drona.\" \/>\n<meta property=\"og:url\" content=\"https:\/\/ironsky.pl\/sklep\/produkt\/etui-sunnylife-do-insta360-ace-pro-2\/\" \/>\n<meta property=\"og:site_name\" content=\"IRONSKY.PL Sklep z Dronami\" \/>\n<meta property=\"article:modified_time\" content=\"2026-04-15T08:31:16+00:00\" \/>\n<meta property=\"og:image\" content=\"https:\/\/ironsky.pl\/sklep\/wp-content\/uploads\/2026\/04\/37095_1.jpg\" \/>\n\t<meta property=\"og:image:width\" content=\"800\" \/>\n\t<meta property=\"og:image:height\" content=\"800\" \/>\n\t<meta property=\"og:image:type\" content=\"image\/jpeg\" \/>\n<meta name=\"twitter:card\" content=\"summary_large_image\" \/>\n<meta name=\"twitter:label1\" content=\"Szacowany czas czytania\" \/>\n\t<meta name=\"twitter:data1\" content=\"1 minuta\" \/>\n<script type=\"application\/ld+json\" class=\"yoast-schema-graph\">{\"@context\":\"https:\/\/schema.org\",\"@graph\":[{\"@type\":\"WebPage\",\"@id\":\"https:\/\/ironsky.pl\/sklep\/produkt\/etui-sunnylife-do-insta360-ace-pro-2\/\",\"url\":\"https:\/\/ironsky.pl\/sklep\/produkt\/etui-sunnylife-do-insta360-ace-pro-2\/\",\"name\":\"Etui SUNNYLIFE do Insta360 Ace Pro - IRONSKY.PL Sklep z Dronami\",\"isPartOf\":{\"@id\":\"https:\/\/ironsky.pl\/sklep\/#website\"},\"primaryImageOfPage\":{\"@id\":\"https:\/\/ironsky.pl\/sklep\/produkt\/etui-sunnylife-do-insta360-ace-pro-2\/#primaryimage\"},\"image\":{\"@id\":\"https:\/\/ironsky.pl\/sklep\/produkt\/etui-sunnylife-do-insta360-ace-pro-2\/#primaryimage\"},\"thumbnailUrl\":\"https:\/\/ironsky.pl\/sklep\/wp-content\/uploads\/2026\/04\/37095_1.jpg\",\"datePublished\":\"2026-04-15T08:30:41+00:00\",\"dateModified\":\"2026-04-15T08:31:16+00:00\",\"description\":\"Etui SUNNYLIFE do Insta360 Ace Pro - \u2705 sklep z dronami i fachowym doradztwem. \u2705 Tutaj kupisz produkty DJI, Yuneec, Parrot, Syma i wiele innych, a tak\u017ce kursy i licencje na operatora drona.\",\"breadcrumb\":{\"@id\":\"https:\/\/ironsky.pl\/sklep\/produkt\/etui-sunnylife-do-insta360-ace-pro-2\/#breadcrumb\"},\"inLanguage\":\"pl-PL\",\"potentialAction\":[{\"@type\":\"ReadAction\",\"target\":[\"https:\/\/ironsky.pl\/sklep\/produkt\/etui-sunnylife-do-insta360-ace-pro-2\/\"]}]},{\"@type\":\"ImageObject\",\"inLanguage\":\"pl-PL\",\"@id\":\"https:\/\/ironsky.pl\/sklep\/produkt\/etui-sunnylife-do-insta360-ace-pro-2\/#primaryimage\",\"url\":\"https:\/\/ironsky.pl\/sklep\/wp-content\/uploads\/2026\/04\/37095_1.jpg\",\"contentUrl\":\"https:\/\/ironsky.pl\/sklep\/wp-content\/uploads\/2026\/04\/37095_1.jpg\",\"width\":800,\"height\":800},{\"@type\":\"BreadcrumbList\",\"@id\":\"https:\/\/ironsky.pl\/sklep\/produkt\/etui-sunnylife-do-insta360-ace-pro-2\/#breadcrumb\",\"itemListElement\":[{\"@type\":\"ListItem\",\"position\":1,\"name\":\"Strona g\u0142\u00f3wna\",\"item\":\"https:\/\/ironsky.pl\/sklep\/\"},{\"@type\":\"ListItem\",\"position\":2,\"name\":\"Wszystkie produkty\",\"item\":\"https:\/\/ironsky.pl\/sklep\/produkty\/\"},{\"@type\":\"ListItem\",\"position\":3,\"name\":\"Etui SUNNYLIFE do Insta360 Ace Pro\"}]},{\"@type\":\"WebSite\",\"@id\":\"https:\/\/ironsky.pl\/sklep\/#website\",\"url\":\"https:\/\/ironsky.pl\/sklep\/\",\"name\":\"IRONSKY.PL Sklep z Dronami\",\"description\":\"IRONSKY.PL Sklep z Dronami\",\"potentialAction\":[{\"@type\":\"SearchAction\",\"target\":{\"@type\":\"EntryPoint\",\"urlTemplate\":\"https:\/\/ironsky.pl\/sklep\/?s={search_term_string}\"},\"query-input\":{\"@type\":\"PropertyValueSpecification\",\"valueRequired\":true,\"valueName\":\"search_term_string\"}}],\"inLanguage\":\"pl-PL\"}]}<\/script>\n<!-- \/ Yoast SEO plugin. -->","yoast_head_json":{"title":"Etui SUNNYLIFE do Insta360 Ace Pro - IRONSKY.PL Sklep z Dronami","description":"Etui SUNNYLIFE do Insta360 Ace Pro - \u2705 sklep z dronami i fachowym doradztwem. \u2705 Tutaj kupisz produkty DJI, Yuneec, Parrot, Syma i wiele innych, a tak\u017ce kursy i licencje na operatora drona.","robots":{"index":"index","follow":"follow","max-snippet":"max-snippet:-1","max-image-preview":"max-image-preview:large","max-video-preview":"max-video-preview:-1"},"canonical":"https:\/\/ironsky.pl\/sklep\/produkt\/etui-sunnylife-do-insta360-ace-pro-2\/","og_locale":"pl_PL","og_type":"article","og_title":"Etui SUNNYLIFE do Insta360 Ace Pro - IRONSKY.PL Sklep z Dronami","og_description":"Etui SUNNYLIFE do Insta360 Ace Pro - \u2705 sklep z dronami i fachowym doradztwem. \u2705 Tutaj kupisz produkty DJI, Yuneec, Parrot, Syma i wiele innych, a tak\u017ce kursy i licencje na operatora drona.","og_url":"https:\/\/ironsky.pl\/sklep\/produkt\/etui-sunnylife-do-insta360-ace-pro-2\/","og_site_name":"IRONSKY.PL Sklep z Dronami","article_modified_time":"2026-04-15T08:31:16+00:00","og_image":[{"width":800,"height":800,"url":"https:\/\/ironsky.pl\/sklep\/wp-content\/uploads\/2026\/04\/37095_1.jpg","type":"image\/jpeg"}],"twitter_card":"summary_large_image","twitter_misc":{"Szacowany czas czytania":"1 minuta"},"schema":{"@context":"https:\/\/schema.org","@graph":[{"@type":"WebPage","@id":"https:\/\/ironsky.pl\/sklep\/produkt\/etui-sunnylife-do-insta360-ace-pro-2\/","url":"https:\/\/ironsky.pl\/sklep\/produkt\/etui-sunnylife-do-insta360-ace-pro-2\/","name":"Etui SUNNYLIFE do Insta360 Ace Pro - IRONSKY.PL Sklep z Dronami","isPartOf":{"@id":"https:\/\/ironsky.pl\/sklep\/#website"},"primaryImageOfPage":{"@id":"https:\/\/ironsky.pl\/sklep\/produkt\/etui-sunnylife-do-insta360-ace-pro-2\/#primaryimage"},"image":{"@id":"https:\/\/ironsky.pl\/sklep\/produkt\/etui-sunnylife-do-insta360-ace-pro-2\/#primaryimage"},"thumbnailUrl":"https:\/\/ironsky.pl\/sklep\/wp-content\/uploads\/2026\/04\/37095_1.jpg","datePublished":"2026-04-15T08:30:41+00:00","dateModified":"2026-04-15T08:31:16+00:00","description":"Etui SUNNYLIFE do Insta360 Ace Pro - \u2705 sklep z dronami i fachowym doradztwem. \u2705 Tutaj kupisz produkty DJI, Yuneec, Parrot, Syma i wiele innych, a tak\u017ce kursy i licencje na operatora drona.","breadcrumb":{"@id":"https:\/\/ironsky.pl\/sklep\/produkt\/etui-sunnylife-do-insta360-ace-pro-2\/#breadcrumb"},"inLanguage":"pl-PL","potentialAction":[{"@type":"ReadAction","target":["https:\/\/ironsky.pl\/sklep\/produkt\/etui-sunnylife-do-insta360-ace-pro-2\/"]}]},{"@type":"ImageObject","inLanguage":"pl-PL","@id":"https:\/\/ironsky.pl\/sklep\/produkt\/etui-sunnylife-do-insta360-ace-pro-2\/#primaryimage","url":"https:\/\/ironsky.pl\/sklep\/wp-content\/uploads\/2026\/04\/37095_1.jpg","contentUrl":"https:\/\/ironsky.pl\/sklep\/wp-content\/uploads\/2026\/04\/37095_1.jpg","width":800,"height":800},{"@type":"BreadcrumbList","@id":"https:\/\/ironsky.pl\/sklep\/produkt\/etui-sunnylife-do-insta360-ace-pro-2\/#breadcrumb","itemListElement":[{"@type":"ListItem","position":1,"name":"Strona g\u0142\u00f3wna","item":"https:\/\/ironsky.pl\/sklep\/"},{"@type":"ListItem","position":2,"name":"Wszystkie produkty","item":"https:\/\/ironsky.pl\/sklep\/produkty\/"},{"@type":"ListItem","position":3,"name":"Etui SUNNYLIFE do Insta360 Ace Pro"}]},{"@type":"WebSite","@id":"https:\/\/ironsky.pl\/sklep\/#website","url":"https:\/\/ironsky.pl\/sklep\/","name":"IRONSKY.PL Sklep z Dronami","description":"IRONSKY.PL Sklep z Dronami","potentialAction":[{"@type":"SearchAction","target":{"@type":"EntryPoint","urlTemplate":"https:\/\/ironsky.pl\/sklep\/?s={search_term_string}"},"query-input":{"@type":"PropertyValueSpecification","valueRequired":true,"valueName":"search_term_string"}}],"inLanguage":"pl-PL"}]}},"_links":{"self":[{"href":"https:\/\/ironsky.pl\/sklep\/wp-json\/wp\/v2\/product\/57912","targetHints":{"allow":["GET"]}}],"collection":[{"href":"https:\/\/ironsky.pl\/sklep\/wp-json\/wp\/v2\/product"}],"about":[{"href":"https:\/\/ironsky.pl\/sklep\/wp-json\/wp\/v2\/types\/product"}],"replies":[{"embeddable":true,"href":"https:\/\/ironsky.pl\/sklep\/wp-json\/wp\/v2\/comments?post=57912"}],"wp:featuredmedia":[{"embeddable":true,"href":"https:\/\/ironsky.pl\/sklep\/wp-json\/wp\/v2\/media\/57913"}],"wp:attachment":[{"href":"https:\/\/ironsky.pl\/sklep\/wp-json\/wp\/v2\/media?parent=57912"}],"wp:term":[{"taxonomy":"product_brand","embeddable":true,"href":"https:\/\/ironsky.pl\/sklep\/wp-json\/wp\/v2\/product_brand?post=57912"},{"taxonomy":"product_cat","embeddable":true,"href":"https:\/\/ironsky.pl\/sklep\/wp-json\/wp\/v2\/product_cat?post=57912"},{"taxonomy":"product_tag","embeddable":true,"href":"https:\/\/ironsky.pl\/sklep\/wp-json\/wp\/v2\/product_tag?post=57912"}],"curies":[{"name":"wp","href":"https:\/\/api.w.org\/{rel}","templated":true}]}}