{"id":57910,"date":"2026-04-15T10:30:41","date_gmt":"2026-04-15T08:30:41","guid":{"rendered":"https:\/\/ironsky.pl\/sklep\/produkt\/szklo-hartowane-sunnylife-do-insta360-ace-2\/"},"modified":"2026-04-15T10:31:15","modified_gmt":"2026-04-15T08:31:15","slug":"szklo-hartowane-sunnylife-do-insta360-ace-2","status":"publish","type":"product","link":"https:\/\/ironsky.pl\/sklep\/produkt\/szklo-hartowane-sunnylife-do-insta360-ace-2\/","title":{"rendered":"Szk\u0142o hartowane SUNNYLIFE do Insta360 Ace"},"content":{"rendered":"<h3>Szk\u0142o hartowane Sunnylife do Insta360 Ace<\/h3>\n<p>Zadbaj o bezpiecze\u0144stwo swojej kamery Insta360 Ace. Zestaw ochronny Sunnylife zawiera szk\u0142o hartowane na ekran i obiektyw urz\u0105dzenia, a tak\u017ce os\u0142on\u0119 z tworzywa PET na jego drugi wy\u015bwietlacz. Wszystkie akcesoria s\u0105 bardzo proste w monta\u017cu i gwarantuj\u0105 niezawodn\u0105 ochron\u0119 przed uszkodzeniami. Szk\u0142o hartowane o wysokiej twardo\u015bci (9 H) skutecznie zabezpieczy ekran kamery przed zarysowaniem czy p\u0119kni\u0119ciem, a ponadto zapewni mu odporno\u015b\u0107 na odciski palc\u00f3w, kurz i t\u0142uste plamy. Nie wp\u0142ywa przy tym na komfort u\u017cytkowania urz\u0105dzenia. Umo\u017cliwia wygodn\u0105 obs\u0142ug\u0119 dotykow\u0105, a dzi\u0119ki przepuszczalno\u015bci \u015bwiat\u0142a na poziomie 99% gwarantuje wyrazisty obraz i \u017cyw\u0105 kolorystyk\u0119.<\/p>\n<p><img decoding=\"async\" src=\"https:\/\/b2b.innpro.pl\/data\/include\/cms\/Sunnylife\/IST-BHM750\/1.jpg\" border=\"0\" alt=\"Sunnylife\/IST-BHM750\/1\" \/><\/p>\n<h3>W zestawie<\/h3>\n<ul>\n<li>Os\u0142ona z tworzywa PET<\/li>\n<li>Szk\u0142o hartowane na obiektyw<\/li>\n<li>Szk\u0142o hartowane na wy\u015bwietlacz<\/li>\n<li>\u015aciereczka do czyszczenia<\/li>\n<li>Chusteczka do czyszczenia<\/li>\n<li>Naklejki do usuwania kurzu<\/li>\n<li>Pude\u0142ko do przechowywania<\/li>\n<\/ul>\n<div class=\"table-wrapper\">\n<table>\n<tbody>\n<tr>\n<th>Producent<\/th>\n<td>Sunnylife<\/td>\n<\/tr>\n<tr>\n<th>Model<\/th>\n<td>IST-BHM750<\/td>\n<\/tr>\n<tr>\n<th>Materia\u0142<\/th>\n<td>Szk\u0142o hartowane + PET<\/td>\n<\/tr>\n<tr>\n<th>Waga<\/th>\n<td>29 g<\/td>\n<\/tr>\n<tr>\n<th>Kompatybilno\u015b\u0107<\/th>\n<td>Kamera Insta360 Ace<\/td>\n<\/tr>\n<\/tbody>\n<\/table>\n<\/div>\n","protected":false},"excerpt":{"rendered":"<p>Szk\u0142o hartowane Sunnylife do Insta360 Ace Zadbaj o bezpiecze\u0144stwo swojej kamery Insta360 Ace. Zestaw ochronny Sunnylife zawiera szk\u0142o hartowane na<\/p>\n","protected":false},"featured_media":57911,"comment_status":"closed","ping_status":"open","template":"","meta":{"_acf_changed":false},"product_brand":[],"product_cat":[1130,1137,1128],"product_tag":[],"class_list":{"0":"post-57910","1":"product","2":"type-product","3":"status-publish","4":"has-post-thumbnail","6":"product_cat-akcesoria-foto","7":"product_cat-do-kamer-sportowych","8":"product_cat-foto-wideo","9":"pa_okres-gwarancji-5754","10":"pa_producent-sunnylife","12":"first","13":"outofstock","14":"taxable","15":"shipping-taxable","16":"purchasable","17":"product-type-simple"},"acf":[],"yoast_head":"<!-- This site is optimized with the Yoast SEO plugin v27.2 - https:\/\/yoast.com\/product\/yoast-seo-wordpress\/ -->\n<title>Szk\u0142o hartowane SUNNYLIFE do Insta360 Ace - IRONSKY.PL Sklep z Dronami<\/title>\n<meta name=\"description\" content=\"Szk\u0142o hartowane SUNNYLIFE do Insta360 Ace - \u2705 sklep z dronami i fachowym doradztwem. \u2705 Tutaj kupisz produkty DJI, Yuneec, Parrot, Syma i wiele innych, a tak\u017ce kursy i licencje na operatora drona.\" \/>\n<meta name=\"robots\" content=\"index, follow, max-snippet:-1, max-image-preview:large, max-video-preview:-1\" \/>\n<link rel=\"canonical\" href=\"https:\/\/ironsky.pl\/sklep\/produkt\/szklo-hartowane-sunnylife-do-insta360-ace-2\/\" \/>\n<meta property=\"og:locale\" content=\"pl_PL\" \/>\n<meta property=\"og:type\" content=\"article\" \/>\n<meta property=\"og:title\" content=\"Szk\u0142o hartowane SUNNYLIFE do Insta360 Ace - IRONSKY.PL Sklep z Dronami\" \/>\n<meta property=\"og:description\" content=\"Szk\u0142o hartowane SUNNYLIFE do Insta360 Ace - \u2705 sklep z dronami i fachowym doradztwem. \u2705 Tutaj kupisz produkty DJI, Yuneec, Parrot, Syma i wiele innych, a tak\u017ce kursy i licencje na operatora drona.\" \/>\n<meta property=\"og:url\" content=\"https:\/\/ironsky.pl\/sklep\/produkt\/szklo-hartowane-sunnylife-do-insta360-ace-2\/\" \/>\n<meta property=\"og:site_name\" content=\"IRONSKY.PL Sklep z Dronami\" \/>\n<meta property=\"article:modified_time\" content=\"2026-04-15T08:31:15+00:00\" \/>\n<meta property=\"og:image\" content=\"https:\/\/ironsky.pl\/sklep\/wp-content\/uploads\/2026\/04\/37092_1.jpg\" \/>\n\t<meta property=\"og:image:width\" content=\"800\" \/>\n\t<meta property=\"og:image:height\" content=\"800\" \/>\n\t<meta property=\"og:image:type\" content=\"image\/jpeg\" \/>\n<meta name=\"twitter:card\" content=\"summary_large_image\" \/>\n<meta name=\"twitter:label1\" content=\"Szacowany czas czytania\" \/>\n\t<meta name=\"twitter:data1\" content=\"1 minuta\" \/>\n<script type=\"application\/ld+json\" class=\"yoast-schema-graph\">{\"@context\":\"https:\/\/schema.org\",\"@graph\":[{\"@type\":\"WebPage\",\"@id\":\"https:\/\/ironsky.pl\/sklep\/produkt\/szklo-hartowane-sunnylife-do-insta360-ace-2\/\",\"url\":\"https:\/\/ironsky.pl\/sklep\/produkt\/szklo-hartowane-sunnylife-do-insta360-ace-2\/\",\"name\":\"Szk\u0142o hartowane SUNNYLIFE do Insta360 Ace - IRONSKY.PL Sklep z Dronami\",\"isPartOf\":{\"@id\":\"https:\/\/ironsky.pl\/sklep\/#website\"},\"primaryImageOfPage\":{\"@id\":\"https:\/\/ironsky.pl\/sklep\/produkt\/szklo-hartowane-sunnylife-do-insta360-ace-2\/#primaryimage\"},\"image\":{\"@id\":\"https:\/\/ironsky.pl\/sklep\/produkt\/szklo-hartowane-sunnylife-do-insta360-ace-2\/#primaryimage\"},\"thumbnailUrl\":\"https:\/\/ironsky.pl\/sklep\/wp-content\/uploads\/2026\/04\/37092_1.jpg\",\"datePublished\":\"2026-04-15T08:30:41+00:00\",\"dateModified\":\"2026-04-15T08:31:15+00:00\",\"description\":\"Szk\u0142o hartowane SUNNYLIFE do Insta360 Ace - \u2705 sklep z dronami i fachowym doradztwem. \u2705 Tutaj kupisz produkty DJI, Yuneec, Parrot, Syma i wiele innych, a tak\u017ce kursy i licencje na operatora drona.\",\"breadcrumb\":{\"@id\":\"https:\/\/ironsky.pl\/sklep\/produkt\/szklo-hartowane-sunnylife-do-insta360-ace-2\/#breadcrumb\"},\"inLanguage\":\"pl-PL\",\"potentialAction\":[{\"@type\":\"ReadAction\",\"target\":[\"https:\/\/ironsky.pl\/sklep\/produkt\/szklo-hartowane-sunnylife-do-insta360-ace-2\/\"]}]},{\"@type\":\"ImageObject\",\"inLanguage\":\"pl-PL\",\"@id\":\"https:\/\/ironsky.pl\/sklep\/produkt\/szklo-hartowane-sunnylife-do-insta360-ace-2\/#primaryimage\",\"url\":\"https:\/\/ironsky.pl\/sklep\/wp-content\/uploads\/2026\/04\/37092_1.jpg\",\"contentUrl\":\"https:\/\/ironsky.pl\/sklep\/wp-content\/uploads\/2026\/04\/37092_1.jpg\",\"width\":800,\"height\":800},{\"@type\":\"BreadcrumbList\",\"@id\":\"https:\/\/ironsky.pl\/sklep\/produkt\/szklo-hartowane-sunnylife-do-insta360-ace-2\/#breadcrumb\",\"itemListElement\":[{\"@type\":\"ListItem\",\"position\":1,\"name\":\"Strona g\u0142\u00f3wna\",\"item\":\"https:\/\/ironsky.pl\/sklep\/\"},{\"@type\":\"ListItem\",\"position\":2,\"name\":\"Wszystkie produkty\",\"item\":\"https:\/\/ironsky.pl\/sklep\/produkty\/\"},{\"@type\":\"ListItem\",\"position\":3,\"name\":\"Szk\u0142o hartowane SUNNYLIFE do Insta360 Ace\"}]},{\"@type\":\"WebSite\",\"@id\":\"https:\/\/ironsky.pl\/sklep\/#website\",\"url\":\"https:\/\/ironsky.pl\/sklep\/\",\"name\":\"IRONSKY.PL Sklep z Dronami\",\"description\":\"IRONSKY.PL Sklep z Dronami\",\"potentialAction\":[{\"@type\":\"SearchAction\",\"target\":{\"@type\":\"EntryPoint\",\"urlTemplate\":\"https:\/\/ironsky.pl\/sklep\/?s={search_term_string}\"},\"query-input\":{\"@type\":\"PropertyValueSpecification\",\"valueRequired\":true,\"valueName\":\"search_term_string\"}}],\"inLanguage\":\"pl-PL\"}]}<\/script>\n<!-- \/ Yoast SEO plugin. -->","yoast_head_json":{"title":"Szk\u0142o hartowane SUNNYLIFE do Insta360 Ace - IRONSKY.PL Sklep z Dronami","description":"Szk\u0142o hartowane SUNNYLIFE do Insta360 Ace - \u2705 sklep z dronami i fachowym doradztwem. \u2705 Tutaj kupisz produkty DJI, Yuneec, Parrot, Syma i wiele innych, a tak\u017ce kursy i licencje na operatora drona.","robots":{"index":"index","follow":"follow","max-snippet":"max-snippet:-1","max-image-preview":"max-image-preview:large","max-video-preview":"max-video-preview:-1"},"canonical":"https:\/\/ironsky.pl\/sklep\/produkt\/szklo-hartowane-sunnylife-do-insta360-ace-2\/","og_locale":"pl_PL","og_type":"article","og_title":"Szk\u0142o hartowane SUNNYLIFE do Insta360 Ace - IRONSKY.PL Sklep z Dronami","og_description":"Szk\u0142o hartowane SUNNYLIFE do Insta360 Ace - \u2705 sklep z dronami i fachowym doradztwem. \u2705 Tutaj kupisz produkty DJI, Yuneec, Parrot, Syma i wiele innych, a tak\u017ce kursy i licencje na operatora drona.","og_url":"https:\/\/ironsky.pl\/sklep\/produkt\/szklo-hartowane-sunnylife-do-insta360-ace-2\/","og_site_name":"IRONSKY.PL Sklep z Dronami","article_modified_time":"2026-04-15T08:31:15+00:00","og_image":[{"width":800,"height":800,"url":"https:\/\/ironsky.pl\/sklep\/wp-content\/uploads\/2026\/04\/37092_1.jpg","type":"image\/jpeg"}],"twitter_card":"summary_large_image","twitter_misc":{"Szacowany czas czytania":"1 minuta"},"schema":{"@context":"https:\/\/schema.org","@graph":[{"@type":"WebPage","@id":"https:\/\/ironsky.pl\/sklep\/produkt\/szklo-hartowane-sunnylife-do-insta360-ace-2\/","url":"https:\/\/ironsky.pl\/sklep\/produkt\/szklo-hartowane-sunnylife-do-insta360-ace-2\/","name":"Szk\u0142o hartowane SUNNYLIFE do Insta360 Ace - IRONSKY.PL Sklep z Dronami","isPartOf":{"@id":"https:\/\/ironsky.pl\/sklep\/#website"},"primaryImageOfPage":{"@id":"https:\/\/ironsky.pl\/sklep\/produkt\/szklo-hartowane-sunnylife-do-insta360-ace-2\/#primaryimage"},"image":{"@id":"https:\/\/ironsky.pl\/sklep\/produkt\/szklo-hartowane-sunnylife-do-insta360-ace-2\/#primaryimage"},"thumbnailUrl":"https:\/\/ironsky.pl\/sklep\/wp-content\/uploads\/2026\/04\/37092_1.jpg","datePublished":"2026-04-15T08:30:41+00:00","dateModified":"2026-04-15T08:31:15+00:00","description":"Szk\u0142o hartowane SUNNYLIFE do Insta360 Ace - \u2705 sklep z dronami i fachowym doradztwem. \u2705 Tutaj kupisz produkty DJI, Yuneec, Parrot, Syma i wiele innych, a tak\u017ce kursy i licencje na operatora drona.","breadcrumb":{"@id":"https:\/\/ironsky.pl\/sklep\/produkt\/szklo-hartowane-sunnylife-do-insta360-ace-2\/#breadcrumb"},"inLanguage":"pl-PL","potentialAction":[{"@type":"ReadAction","target":["https:\/\/ironsky.pl\/sklep\/produkt\/szklo-hartowane-sunnylife-do-insta360-ace-2\/"]}]},{"@type":"ImageObject","inLanguage":"pl-PL","@id":"https:\/\/ironsky.pl\/sklep\/produkt\/szklo-hartowane-sunnylife-do-insta360-ace-2\/#primaryimage","url":"https:\/\/ironsky.pl\/sklep\/wp-content\/uploads\/2026\/04\/37092_1.jpg","contentUrl":"https:\/\/ironsky.pl\/sklep\/wp-content\/uploads\/2026\/04\/37092_1.jpg","width":800,"height":800},{"@type":"BreadcrumbList","@id":"https:\/\/ironsky.pl\/sklep\/produkt\/szklo-hartowane-sunnylife-do-insta360-ace-2\/#breadcrumb","itemListElement":[{"@type":"ListItem","position":1,"name":"Strona g\u0142\u00f3wna","item":"https:\/\/ironsky.pl\/sklep\/"},{"@type":"ListItem","position":2,"name":"Wszystkie produkty","item":"https:\/\/ironsky.pl\/sklep\/produkty\/"},{"@type":"ListItem","position":3,"name":"Szk\u0142o hartowane SUNNYLIFE do Insta360 Ace"}]},{"@type":"WebSite","@id":"https:\/\/ironsky.pl\/sklep\/#website","url":"https:\/\/ironsky.pl\/sklep\/","name":"IRONSKY.PL Sklep z Dronami","description":"IRONSKY.PL Sklep z Dronami","potentialAction":[{"@type":"SearchAction","target":{"@type":"EntryPoint","urlTemplate":"https:\/\/ironsky.pl\/sklep\/?s={search_term_string}"},"query-input":{"@type":"PropertyValueSpecification","valueRequired":true,"valueName":"search_term_string"}}],"inLanguage":"pl-PL"}]}},"_links":{"self":[{"href":"https:\/\/ironsky.pl\/sklep\/wp-json\/wp\/v2\/product\/57910","targetHints":{"allow":["GET"]}}],"collection":[{"href":"https:\/\/ironsky.pl\/sklep\/wp-json\/wp\/v2\/product"}],"about":[{"href":"https:\/\/ironsky.pl\/sklep\/wp-json\/wp\/v2\/types\/product"}],"replies":[{"embeddable":true,"href":"https:\/\/ironsky.pl\/sklep\/wp-json\/wp\/v2\/comments?post=57910"}],"wp:featuredmedia":[{"embeddable":true,"href":"https:\/\/ironsky.pl\/sklep\/wp-json\/wp\/v2\/media\/57911"}],"wp:attachment":[{"href":"https:\/\/ironsky.pl\/sklep\/wp-json\/wp\/v2\/media?parent=57910"}],"wp:term":[{"taxonomy":"product_brand","embeddable":true,"href":"https:\/\/ironsky.pl\/sklep\/wp-json\/wp\/v2\/product_brand?post=57910"},{"taxonomy":"product_cat","embeddable":true,"href":"https:\/\/ironsky.pl\/sklep\/wp-json\/wp\/v2\/product_cat?post=57910"},{"taxonomy":"product_tag","embeddable":true,"href":"https:\/\/ironsky.pl\/sklep\/wp-json\/wp\/v2\/product_tag?post=57910"}],"curies":[{"name":"wp","href":"https:\/\/api.w.org\/{rel}","templated":true}]}}