{"id":57907,"date":"2026-04-15T10:30:41","date_gmt":"2026-04-15T08:30:41","guid":{"rendered":"https:\/\/ironsky.pl\/sklep\/produkt\/mocowanie-sunnylife-ad691-szybki-montaz-1-4-do-dji\/"},"modified":"2026-04-15T10:31:13","modified_gmt":"2026-04-15T08:31:13","slug":"mocowanie-sunnylife-ad691-szybki-montaz-1-4-do-dji","status":"publish","type":"product","link":"https:\/\/ironsky.pl\/sklep\/produkt\/mocowanie-sunnylife-ad691-szybki-montaz-1-4-do-dji\/","title":{"rendered":"Mocowanie SUNNYLIFE AD691 szybki monta\u017c 1\/4&#8243; do DJI"},"content":{"rendered":"<h3>Mocowanie do szybkiego monta\u017cu 1\/4&#8221; Sunnylife do DJI Action 2\/3\/4<\/h3>\n<p>Zyskaj mo\u017cliwo\u015b\u0107 szybkiego i wygodnego monta\u017cu swojej kamery z serii DJI Osmo Action na wybranych akcesoriach. Mocowanie Sunnylife oferuje mocny magnes i dodatkowe zatrzaski wykonane ze stopu aluminium, dzi\u0119ki czemu mo\u017ce zapewni\u0107 Twojemu urz\u0105dzeniu niezb\u0119dn\u0105 stabilno\u015b\u0107 i bezpiecze\u0144stwo. Zosta\u0142o wyposa\u017cone zar\u00f3wno w otw\u00f3r 1\/4 cala, jak i w 2 sk\u0142adane bolce. To oznacza, \u017ce jest kompatybilne z wieloma r\u00f3\u017cnymi akcesoriami, takimi jak na przyk\u0142ad statyw, wysi\u0119gnik czy uchwyt na kierownic\u0119 roweru. Mocowanie jest te\u017c bardzo proste w instalacji i pasuje do kamer DJI Action 2, DJI Osmo Action 3 oraz DJI Osmo Action 4.<\/p>\n<p><img decoding=\"async\" src=\"https:\/\/b2b.innpro.pl\/data\/include\/cms\/Sunnylife\/AD691\/1.jpg\" border=\"0\" alt=\"Sunnylife\/AD691\/1\" \/><\/p>\n<div class=\"table-wrapper\">\n<table>\n<tbody>\n<tr>\n<th>Producent<\/th>\n<td>Sunnylife<\/td>\n<\/tr>\n<tr>\n<th>Model<\/th>\n<td>AD691<\/td>\n<\/tr>\n<tr>\n<th>Materia\u0142<\/th>\n<td>Plastik + stop aluminium + magnes<\/td>\n<\/tr>\n<tr>\n<th>Waga<\/th>\n<td>11 g<\/td>\n<\/tr>\n<tr>\n<th>Wymiary<\/th>\n<td>40 x 28 x 18 mm<\/td>\n<\/tr>\n<tr>\n<th>Kompatybilno\u015b\u0107<\/th>\n<td>DJI Action 2, DJI Osmo Action 3, DJI Osmo Action 4<\/td>\n<\/tr>\n<\/tbody>\n<\/table>\n<\/div>\n<style type=\"text\/css\"><!--\ntd {border: 1px solid #cccccc;}br {mso-data-placement:same-cell;}\n--><\/style>\n","protected":false},"excerpt":{"rendered":"<p>Mocowanie do szybkiego monta\u017cu 1\/4&#8221; Sunnylife do DJI Action 2\/3\/4 Zyskaj mo\u017cliwo\u015b\u0107 szybkiego i wygodnego monta\u017cu swojej kamery z serii<\/p>\n","protected":false},"featured_media":57908,"comment_status":"closed","ping_status":"open","template":"","meta":{"_acf_changed":false},"product_brand":[],"product_cat":[1130,1137,1128],"product_tag":[],"class_list":{"0":"post-57907","1":"product","2":"type-product","3":"status-publish","4":"has-post-thumbnail","6":"product_cat-akcesoria-foto","7":"product_cat-do-kamer-sportowych","8":"product_cat-foto-wideo","9":"pa_okres-gwarancji-5754","10":"pa_producent-sunnylife","12":"first","13":"outofstock","14":"taxable","15":"shipping-taxable","16":"purchasable","17":"product-type-simple"},"acf":[],"yoast_head":"<!-- This site is optimized with the Yoast SEO plugin v27.2 - https:\/\/yoast.com\/product\/yoast-seo-wordpress\/ -->\n<title>Mocowanie SUNNYLIFE AD691 szybki monta\u017c 1\/4&quot; do DJI - IRONSKY.PL Sklep z Dronami<\/title>\n<meta name=\"description\" content=\"Mocowanie SUNNYLIFE AD691 szybki monta\u017c 1\/4&quot; do DJI - \u2705 sklep z dronami i fachowym doradztwem. \u2705 Tutaj kupisz produkty DJI, Yuneec, Parrot, Syma i wiele innych, a tak\u017ce kursy i licencje na operatora drona.\" \/>\n<meta name=\"robots\" content=\"index, follow, max-snippet:-1, max-image-preview:large, max-video-preview:-1\" \/>\n<link rel=\"canonical\" href=\"https:\/\/ironsky.pl\/sklep\/produkt\/mocowanie-sunnylife-ad691-szybki-montaz-1-4-do-dji\/\" \/>\n<meta property=\"og:locale\" content=\"pl_PL\" \/>\n<meta property=\"og:type\" content=\"article\" \/>\n<meta property=\"og:title\" content=\"Mocowanie SUNNYLIFE AD691 szybki monta\u017c 1\/4&quot; do DJI - IRONSKY.PL Sklep z Dronami\" \/>\n<meta property=\"og:description\" content=\"Mocowanie SUNNYLIFE AD691 szybki monta\u017c 1\/4&quot; do DJI - \u2705 sklep z dronami i fachowym doradztwem. \u2705 Tutaj kupisz produkty DJI, Yuneec, Parrot, Syma i wiele innych, a tak\u017ce kursy i licencje na operatora drona.\" \/>\n<meta property=\"og:url\" content=\"https:\/\/ironsky.pl\/sklep\/produkt\/mocowanie-sunnylife-ad691-szybki-montaz-1-4-do-dji\/\" \/>\n<meta property=\"og:site_name\" content=\"IRONSKY.PL Sklep z Dronami\" \/>\n<meta property=\"article:modified_time\" content=\"2026-04-15T08:31:13+00:00\" \/>\n<meta property=\"og:image\" content=\"https:\/\/ironsky.pl\/sklep\/wp-content\/uploads\/2026\/04\/37085_1.jpg\" \/>\n\t<meta property=\"og:image:width\" content=\"800\" \/>\n\t<meta property=\"og:image:height\" content=\"800\" \/>\n\t<meta property=\"og:image:type\" content=\"image\/jpeg\" \/>\n<meta name=\"twitter:card\" content=\"summary_large_image\" \/>\n<meta name=\"twitter:label1\" content=\"Szacowany czas czytania\" \/>\n\t<meta name=\"twitter:data1\" content=\"1 minuta\" \/>\n<script type=\"application\/ld+json\" class=\"yoast-schema-graph\">{\"@context\":\"https:\/\/schema.org\",\"@graph\":[{\"@type\":\"WebPage\",\"@id\":\"https:\/\/ironsky.pl\/sklep\/produkt\/mocowanie-sunnylife-ad691-szybki-montaz-1-4-do-dji\/\",\"url\":\"https:\/\/ironsky.pl\/sklep\/produkt\/mocowanie-sunnylife-ad691-szybki-montaz-1-4-do-dji\/\",\"name\":\"Mocowanie SUNNYLIFE AD691 szybki monta\u017c 1\/4\\\" do DJI - IRONSKY.PL Sklep z Dronami\",\"isPartOf\":{\"@id\":\"https:\/\/ironsky.pl\/sklep\/#website\"},\"primaryImageOfPage\":{\"@id\":\"https:\/\/ironsky.pl\/sklep\/produkt\/mocowanie-sunnylife-ad691-szybki-montaz-1-4-do-dji\/#primaryimage\"},\"image\":{\"@id\":\"https:\/\/ironsky.pl\/sklep\/produkt\/mocowanie-sunnylife-ad691-szybki-montaz-1-4-do-dji\/#primaryimage\"},\"thumbnailUrl\":\"https:\/\/ironsky.pl\/sklep\/wp-content\/uploads\/2026\/04\/37085_1.jpg\",\"datePublished\":\"2026-04-15T08:30:41+00:00\",\"dateModified\":\"2026-04-15T08:31:13+00:00\",\"description\":\"Mocowanie SUNNYLIFE AD691 szybki monta\u017c 1\/4\\\" do DJI - \u2705 sklep z dronami i fachowym doradztwem. \u2705 Tutaj kupisz produkty DJI, Yuneec, Parrot, Syma i wiele innych, a tak\u017ce kursy i licencje na operatora drona.\",\"breadcrumb\":{\"@id\":\"https:\/\/ironsky.pl\/sklep\/produkt\/mocowanie-sunnylife-ad691-szybki-montaz-1-4-do-dji\/#breadcrumb\"},\"inLanguage\":\"pl-PL\",\"potentialAction\":[{\"@type\":\"ReadAction\",\"target\":[\"https:\/\/ironsky.pl\/sklep\/produkt\/mocowanie-sunnylife-ad691-szybki-montaz-1-4-do-dji\/\"]}]},{\"@type\":\"ImageObject\",\"inLanguage\":\"pl-PL\",\"@id\":\"https:\/\/ironsky.pl\/sklep\/produkt\/mocowanie-sunnylife-ad691-szybki-montaz-1-4-do-dji\/#primaryimage\",\"url\":\"https:\/\/ironsky.pl\/sklep\/wp-content\/uploads\/2026\/04\/37085_1.jpg\",\"contentUrl\":\"https:\/\/ironsky.pl\/sklep\/wp-content\/uploads\/2026\/04\/37085_1.jpg\",\"width\":800,\"height\":800},{\"@type\":\"BreadcrumbList\",\"@id\":\"https:\/\/ironsky.pl\/sklep\/produkt\/mocowanie-sunnylife-ad691-szybki-montaz-1-4-do-dji\/#breadcrumb\",\"itemListElement\":[{\"@type\":\"ListItem\",\"position\":1,\"name\":\"Strona g\u0142\u00f3wna\",\"item\":\"https:\/\/ironsky.pl\/sklep\/\"},{\"@type\":\"ListItem\",\"position\":2,\"name\":\"Wszystkie produkty\",\"item\":\"https:\/\/ironsky.pl\/sklep\/produkty\/\"},{\"@type\":\"ListItem\",\"position\":3,\"name\":\"Mocowanie SUNNYLIFE AD691 szybki monta\u017c 1\/4&#8243; do DJI\"}]},{\"@type\":\"WebSite\",\"@id\":\"https:\/\/ironsky.pl\/sklep\/#website\",\"url\":\"https:\/\/ironsky.pl\/sklep\/\",\"name\":\"IRONSKY.PL Sklep z Dronami\",\"description\":\"IRONSKY.PL Sklep z Dronami\",\"potentialAction\":[{\"@type\":\"SearchAction\",\"target\":{\"@type\":\"EntryPoint\",\"urlTemplate\":\"https:\/\/ironsky.pl\/sklep\/?s={search_term_string}\"},\"query-input\":{\"@type\":\"PropertyValueSpecification\",\"valueRequired\":true,\"valueName\":\"search_term_string\"}}],\"inLanguage\":\"pl-PL\"}]}<\/script>\n<!-- \/ Yoast SEO plugin. -->","yoast_head_json":{"title":"Mocowanie SUNNYLIFE AD691 szybki monta\u017c 1\/4\" do DJI - IRONSKY.PL Sklep z Dronami","description":"Mocowanie SUNNYLIFE AD691 szybki monta\u017c 1\/4\" do DJI - \u2705 sklep z dronami i fachowym doradztwem. \u2705 Tutaj kupisz produkty DJI, Yuneec, Parrot, Syma i wiele innych, a tak\u017ce kursy i licencje na operatora drona.","robots":{"index":"index","follow":"follow","max-snippet":"max-snippet:-1","max-image-preview":"max-image-preview:large","max-video-preview":"max-video-preview:-1"},"canonical":"https:\/\/ironsky.pl\/sklep\/produkt\/mocowanie-sunnylife-ad691-szybki-montaz-1-4-do-dji\/","og_locale":"pl_PL","og_type":"article","og_title":"Mocowanie SUNNYLIFE AD691 szybki monta\u017c 1\/4\" do DJI - IRONSKY.PL Sklep z Dronami","og_description":"Mocowanie SUNNYLIFE AD691 szybki monta\u017c 1\/4\" do DJI - \u2705 sklep z dronami i fachowym doradztwem. \u2705 Tutaj kupisz produkty DJI, Yuneec, Parrot, Syma i wiele innych, a tak\u017ce kursy i licencje na operatora drona.","og_url":"https:\/\/ironsky.pl\/sklep\/produkt\/mocowanie-sunnylife-ad691-szybki-montaz-1-4-do-dji\/","og_site_name":"IRONSKY.PL Sklep z Dronami","article_modified_time":"2026-04-15T08:31:13+00:00","og_image":[{"width":800,"height":800,"url":"https:\/\/ironsky.pl\/sklep\/wp-content\/uploads\/2026\/04\/37085_1.jpg","type":"image\/jpeg"}],"twitter_card":"summary_large_image","twitter_misc":{"Szacowany czas czytania":"1 minuta"},"schema":{"@context":"https:\/\/schema.org","@graph":[{"@type":"WebPage","@id":"https:\/\/ironsky.pl\/sklep\/produkt\/mocowanie-sunnylife-ad691-szybki-montaz-1-4-do-dji\/","url":"https:\/\/ironsky.pl\/sklep\/produkt\/mocowanie-sunnylife-ad691-szybki-montaz-1-4-do-dji\/","name":"Mocowanie SUNNYLIFE AD691 szybki monta\u017c 1\/4\" do DJI - IRONSKY.PL Sklep z Dronami","isPartOf":{"@id":"https:\/\/ironsky.pl\/sklep\/#website"},"primaryImageOfPage":{"@id":"https:\/\/ironsky.pl\/sklep\/produkt\/mocowanie-sunnylife-ad691-szybki-montaz-1-4-do-dji\/#primaryimage"},"image":{"@id":"https:\/\/ironsky.pl\/sklep\/produkt\/mocowanie-sunnylife-ad691-szybki-montaz-1-4-do-dji\/#primaryimage"},"thumbnailUrl":"https:\/\/ironsky.pl\/sklep\/wp-content\/uploads\/2026\/04\/37085_1.jpg","datePublished":"2026-04-15T08:30:41+00:00","dateModified":"2026-04-15T08:31:13+00:00","description":"Mocowanie SUNNYLIFE AD691 szybki monta\u017c 1\/4\" do DJI - \u2705 sklep z dronami i fachowym doradztwem. \u2705 Tutaj kupisz produkty DJI, Yuneec, Parrot, Syma i wiele innych, a tak\u017ce kursy i licencje na operatora drona.","breadcrumb":{"@id":"https:\/\/ironsky.pl\/sklep\/produkt\/mocowanie-sunnylife-ad691-szybki-montaz-1-4-do-dji\/#breadcrumb"},"inLanguage":"pl-PL","potentialAction":[{"@type":"ReadAction","target":["https:\/\/ironsky.pl\/sklep\/produkt\/mocowanie-sunnylife-ad691-szybki-montaz-1-4-do-dji\/"]}]},{"@type":"ImageObject","inLanguage":"pl-PL","@id":"https:\/\/ironsky.pl\/sklep\/produkt\/mocowanie-sunnylife-ad691-szybki-montaz-1-4-do-dji\/#primaryimage","url":"https:\/\/ironsky.pl\/sklep\/wp-content\/uploads\/2026\/04\/37085_1.jpg","contentUrl":"https:\/\/ironsky.pl\/sklep\/wp-content\/uploads\/2026\/04\/37085_1.jpg","width":800,"height":800},{"@type":"BreadcrumbList","@id":"https:\/\/ironsky.pl\/sklep\/produkt\/mocowanie-sunnylife-ad691-szybki-montaz-1-4-do-dji\/#breadcrumb","itemListElement":[{"@type":"ListItem","position":1,"name":"Strona g\u0142\u00f3wna","item":"https:\/\/ironsky.pl\/sklep\/"},{"@type":"ListItem","position":2,"name":"Wszystkie produkty","item":"https:\/\/ironsky.pl\/sklep\/produkty\/"},{"@type":"ListItem","position":3,"name":"Mocowanie SUNNYLIFE AD691 szybki monta\u017c 1\/4&#8243; do DJI"}]},{"@type":"WebSite","@id":"https:\/\/ironsky.pl\/sklep\/#website","url":"https:\/\/ironsky.pl\/sklep\/","name":"IRONSKY.PL Sklep z Dronami","description":"IRONSKY.PL Sklep z Dronami","potentialAction":[{"@type":"SearchAction","target":{"@type":"EntryPoint","urlTemplate":"https:\/\/ironsky.pl\/sklep\/?s={search_term_string}"},"query-input":{"@type":"PropertyValueSpecification","valueRequired":true,"valueName":"search_term_string"}}],"inLanguage":"pl-PL"}]}},"_links":{"self":[{"href":"https:\/\/ironsky.pl\/sklep\/wp-json\/wp\/v2\/product\/57907","targetHints":{"allow":["GET"]}}],"collection":[{"href":"https:\/\/ironsky.pl\/sklep\/wp-json\/wp\/v2\/product"}],"about":[{"href":"https:\/\/ironsky.pl\/sklep\/wp-json\/wp\/v2\/types\/product"}],"replies":[{"embeddable":true,"href":"https:\/\/ironsky.pl\/sklep\/wp-json\/wp\/v2\/comments?post=57907"}],"wp:featuredmedia":[{"embeddable":true,"href":"https:\/\/ironsky.pl\/sklep\/wp-json\/wp\/v2\/media\/57908"}],"wp:attachment":[{"href":"https:\/\/ironsky.pl\/sklep\/wp-json\/wp\/v2\/media?parent=57907"}],"wp:term":[{"taxonomy":"product_brand","embeddable":true,"href":"https:\/\/ironsky.pl\/sklep\/wp-json\/wp\/v2\/product_brand?post=57907"},{"taxonomy":"product_cat","embeddable":true,"href":"https:\/\/ironsky.pl\/sklep\/wp-json\/wp\/v2\/product_cat?post=57907"},{"taxonomy":"product_tag","embeddable":true,"href":"https:\/\/ironsky.pl\/sklep\/wp-json\/wp\/v2\/product_tag?post=57907"}],"curies":[{"name":"wp","href":"https:\/\/api.w.org\/{rel}","templated":true}]}}