{"id":57888,"date":"2026-04-15T10:30:41","date_gmt":"2026-04-15T08:30:41","guid":{"rendered":"https:\/\/ironsky.pl\/sklep\/produkt\/zestaw-filtrow-nd-sunnylife-do-dji-mini-4-pro-nd16-64-256\/"},"modified":"2026-04-15T10:31:04","modified_gmt":"2026-04-15T08:31:04","slug":"zestaw-filtrow-nd-sunnylife-do-dji-mini-4-pro-nd16-64-256","status":"publish","type":"product","link":"https:\/\/ironsky.pl\/sklep\/produkt\/zestaw-filtrow-nd-sunnylife-do-dji-mini-4-pro-nd16-64-256\/","title":{"rendered":"Zestaw filtr\u00f3w ND SUNNYLIFE do DJI Mini 4 Pro ND16\/64\/256"},"content":{"rendered":"<h3><span>Zestaw filtr\u00f3w ND 16\/64\/256 Sunnylife do DJI Mini 4 Pro<\/span><\/h3>\n<p>Tw\u00f3rz jeszcze pi\u0119kniejsze uj\u0119cia z lotu ptaka. Zestaw filtr\u00f3w przeznaczonych dla drona DJI Mini 4 Pro pomo\u017ce Ci uzyska\u0107 po\u017c\u0105dane rezultaty! Znajdziesz w nim filtr ND16, ND64 i ND256. Ka\u017cdy z nich zosta\u0142 wykonany z wysokiej klasy szk\u0142a optycznego, kt\u00f3re zapewnia wyrazist\u0105 kolorystyk\u0119 i pozwala uchwyci\u0107 czysty, nasycony szczeg\u00f3\u0142ami obraz. Wyr\u00f3\u017cnia je tak\u017ce odporno\u015b\u0107 na wod\u0119, t\u0142uste plamy i zarysowania \u2013 b\u0119d\u0105 \u015bwietnie Ci s\u0142u\u017cy\u0107 przez d\u0142ugi czas. S\u0105 te\u017c bardzo proste w monta\u017cu i lekkie \u2013 nie obawiaj si\u0119, \u017ce nadmiernie obci\u0105\u017c\u0105 Twojego drona i wp\u0142yn\u0105 na stabilno\u015b\u0107 lotu. Wygodne, a zarazem bezpieczne przechowywanie filtr\u00f3w umo\u017cliwia do\u0142\u0105czone do zestawu pude\u0142ko.<\/p>\n<p><img decoding=\"async\" src=\"https:\/\/b2b.innpro.pl\/data\/include\/cms\/Sunnylife\/N4P-FI726\/1.jpg\" border=\"0\" alt=\"Sunnylife\/N4P-FI726\/1\" \/><\/p>\n<h3>Najwy\u017csza jako\u015b\u0107 uj\u0119\u0107<\/h3>\n<p>Wchodz\u0105ce w sk\u0142ad zestawu filtry ND b\u0119d\u0105 odpowiednie do filmowania i robienia zdj\u0119\u0107 w jasnym \u015bwietle. Zapewni\u0105 Ci \u017cyw\u0105, pi\u0119kn\u0105 kolorystyk\u0119 i pozwol\u0105 unikn\u0105\u0107 nadmiernej ekspozycji. Za ich pomoc\u0105 uzyskasz te\u017c ciekawy efekt rozmycia ruchu. Mo\u017cesz tak\u017ce eksperymentowa\u0107 z r\u00f3\u017cnymi pr\u0119dko\u015bciami migawki, aby w oryginalny spos\u00f3b uchwyci\u0107 mgie\u0142k\u0119 wodn\u0105 lub \u015bwiat\u0142a w nocy.<\/p>\n<p><img decoding=\"async\" src=\"https:\/\/b2b.innpro.pl\/data\/include\/cms\/Sunnylife\/N4P-FI726\/6.jpg\" border=\"0\" alt=\"Sunnylife\/N4P-FI726\/6\" \/><\/p>\n<h3>W zestawie<\/h3>\n<ul>\n<li>Filtr ND16<\/li>\n<li>Filtr ND64<\/li>\n<li>Filtr ND256<\/li>\n<li>Pude\u0142ko<\/li>\n<\/ul>\n<div class=\"table-wrapper\">\n<table>\n<tbody>\n<tr>\n<th>Producent<\/th>\n<td>Sunnylife<\/td>\n<\/tr>\n<tr>\n<th>Model<\/th>\n<td>N4P-FI726<\/td>\n<\/tr>\n<tr>\n<th>Kompatybilno\u015b\u0107<\/th>\n<td>DJI Mini 4 Pro<\/td>\n<\/tr>\n<tr>\n<th>Waga<\/th>\n<td>Ok. 0,7 g<\/td>\n<\/tr>\n<tr>\n<th>Materia\u0142<\/th>\n<td>PC + szk\u0142o optyczne<\/td>\n<\/tr>\n<\/tbody>\n<\/table>\n<\/div>\n","protected":false},"excerpt":{"rendered":"<p>Zestaw filtr\u00f3w ND 16\/64\/256 Sunnylife do DJI Mini 4 Pro Tw\u00f3rz jeszcze pi\u0119kniejsze uj\u0119cia z lotu ptaka. Zestaw filtr\u00f3w przeznaczonych<\/p>\n","protected":false},"featured_media":57889,"comment_status":"closed","ping_status":"open","template":"","meta":{"_acf_changed":false},"product_brand":[],"product_cat":[6167,1088,6200],"product_tag":[],"class_list":{"0":"post-57888","1":"product","2":"type-product","3":"status-publish","4":"has-post-thumbnail","6":"product_cat-akcesoria-do-dronow","7":"product_cat-drony","8":"product_cat-filtry-do-dronow-akcesoria-do-dronow","9":"pa_okres-gwarancji-5754","10":"pa_producent-sunnylife","12":"first","13":"outofstock","14":"taxable","15":"shipping-taxable","16":"purchasable","17":"product-type-simple"},"acf":[],"yoast_head":"<!-- This site is optimized with the Yoast SEO plugin v27.2 - https:\/\/yoast.com\/product\/yoast-seo-wordpress\/ -->\n<title>Zestaw filtr\u00f3w ND SUNNYLIFE do DJI Mini 4 Pro ND16\/64\/256 - IRONSKY.PL Sklep z Dronami<\/title>\n<meta name=\"description\" content=\"Zestaw filtr\u00f3w ND SUNNYLIFE do DJI Mini 4 Pro ND16\/64\/256 - \u2705 sklep z dronami i fachowym doradztwem. \u2705 Tutaj kupisz produkty DJI, Yuneec, Parrot, Syma i wiele innych, a tak\u017ce kursy i licencje na operatora drona.\" \/>\n<meta name=\"robots\" content=\"index, follow, max-snippet:-1, max-image-preview:large, max-video-preview:-1\" \/>\n<link rel=\"canonical\" href=\"https:\/\/ironsky.pl\/sklep\/produkt\/zestaw-filtrow-nd-sunnylife-do-dji-mini-4-pro-nd16-64-256\/\" \/>\n<meta property=\"og:locale\" content=\"pl_PL\" \/>\n<meta property=\"og:type\" content=\"article\" \/>\n<meta property=\"og:title\" content=\"Zestaw filtr\u00f3w ND SUNNYLIFE do DJI Mini 4 Pro ND16\/64\/256 - IRONSKY.PL Sklep z Dronami\" \/>\n<meta property=\"og:description\" content=\"Zestaw filtr\u00f3w ND SUNNYLIFE do DJI Mini 4 Pro ND16\/64\/256 - \u2705 sklep z dronami i fachowym doradztwem. \u2705 Tutaj kupisz produkty DJI, Yuneec, Parrot, Syma i wiele innych, a tak\u017ce kursy i licencje na operatora drona.\" \/>\n<meta property=\"og:url\" content=\"https:\/\/ironsky.pl\/sklep\/produkt\/zestaw-filtrow-nd-sunnylife-do-dji-mini-4-pro-nd16-64-256\/\" \/>\n<meta property=\"og:site_name\" content=\"IRONSKY.PL Sklep z Dronami\" \/>\n<meta property=\"article:modified_time\" content=\"2026-04-15T08:31:04+00:00\" \/>\n<meta property=\"og:image\" content=\"https:\/\/ironsky.pl\/sklep\/wp-content\/uploads\/2026\/04\/37079_2.jpg\" \/>\n\t<meta property=\"og:image:width\" content=\"800\" \/>\n\t<meta property=\"og:image:height\" content=\"800\" \/>\n\t<meta property=\"og:image:type\" content=\"image\/jpeg\" \/>\n<meta name=\"twitter:card\" content=\"summary_large_image\" \/>\n<meta name=\"twitter:label1\" content=\"Szacowany czas czytania\" \/>\n\t<meta name=\"twitter:data1\" content=\"1 minuta\" \/>\n<script type=\"application\/ld+json\" class=\"yoast-schema-graph\">{\"@context\":\"https:\/\/schema.org\",\"@graph\":[{\"@type\":\"WebPage\",\"@id\":\"https:\/\/ironsky.pl\/sklep\/produkt\/zestaw-filtrow-nd-sunnylife-do-dji-mini-4-pro-nd16-64-256\/\",\"url\":\"https:\/\/ironsky.pl\/sklep\/produkt\/zestaw-filtrow-nd-sunnylife-do-dji-mini-4-pro-nd16-64-256\/\",\"name\":\"Zestaw filtr\u00f3w ND SUNNYLIFE do DJI Mini 4 Pro ND16\/64\/256 - IRONSKY.PL Sklep z Dronami\",\"isPartOf\":{\"@id\":\"https:\/\/ironsky.pl\/sklep\/#website\"},\"primaryImageOfPage\":{\"@id\":\"https:\/\/ironsky.pl\/sklep\/produkt\/zestaw-filtrow-nd-sunnylife-do-dji-mini-4-pro-nd16-64-256\/#primaryimage\"},\"image\":{\"@id\":\"https:\/\/ironsky.pl\/sklep\/produkt\/zestaw-filtrow-nd-sunnylife-do-dji-mini-4-pro-nd16-64-256\/#primaryimage\"},\"thumbnailUrl\":\"https:\/\/ironsky.pl\/sklep\/wp-content\/uploads\/2026\/04\/37079_2.jpg\",\"datePublished\":\"2026-04-15T08:30:41+00:00\",\"dateModified\":\"2026-04-15T08:31:04+00:00\",\"description\":\"Zestaw filtr\u00f3w ND SUNNYLIFE do DJI Mini 4 Pro ND16\/64\/256 - \u2705 sklep z dronami i fachowym doradztwem. \u2705 Tutaj kupisz produkty DJI, Yuneec, Parrot, Syma i wiele innych, a tak\u017ce kursy i licencje na operatora drona.\",\"breadcrumb\":{\"@id\":\"https:\/\/ironsky.pl\/sklep\/produkt\/zestaw-filtrow-nd-sunnylife-do-dji-mini-4-pro-nd16-64-256\/#breadcrumb\"},\"inLanguage\":\"pl-PL\",\"potentialAction\":[{\"@type\":\"ReadAction\",\"target\":[\"https:\/\/ironsky.pl\/sklep\/produkt\/zestaw-filtrow-nd-sunnylife-do-dji-mini-4-pro-nd16-64-256\/\"]}]},{\"@type\":\"ImageObject\",\"inLanguage\":\"pl-PL\",\"@id\":\"https:\/\/ironsky.pl\/sklep\/produkt\/zestaw-filtrow-nd-sunnylife-do-dji-mini-4-pro-nd16-64-256\/#primaryimage\",\"url\":\"https:\/\/ironsky.pl\/sklep\/wp-content\/uploads\/2026\/04\/37079_2.jpg\",\"contentUrl\":\"https:\/\/ironsky.pl\/sklep\/wp-content\/uploads\/2026\/04\/37079_2.jpg\",\"width\":800,\"height\":800},{\"@type\":\"BreadcrumbList\",\"@id\":\"https:\/\/ironsky.pl\/sklep\/produkt\/zestaw-filtrow-nd-sunnylife-do-dji-mini-4-pro-nd16-64-256\/#breadcrumb\",\"itemListElement\":[{\"@type\":\"ListItem\",\"position\":1,\"name\":\"Strona g\u0142\u00f3wna\",\"item\":\"https:\/\/ironsky.pl\/sklep\/\"},{\"@type\":\"ListItem\",\"position\":2,\"name\":\"Wszystkie produkty\",\"item\":\"https:\/\/ironsky.pl\/sklep\/produkty\/\"},{\"@type\":\"ListItem\",\"position\":3,\"name\":\"Zestaw filtr\u00f3w ND SUNNYLIFE do DJI Mini 4 Pro ND16\/64\/256\"}]},{\"@type\":\"WebSite\",\"@id\":\"https:\/\/ironsky.pl\/sklep\/#website\",\"url\":\"https:\/\/ironsky.pl\/sklep\/\",\"name\":\"IRONSKY.PL Sklep z Dronami\",\"description\":\"IRONSKY.PL Sklep z Dronami\",\"potentialAction\":[{\"@type\":\"SearchAction\",\"target\":{\"@type\":\"EntryPoint\",\"urlTemplate\":\"https:\/\/ironsky.pl\/sklep\/?s={search_term_string}\"},\"query-input\":{\"@type\":\"PropertyValueSpecification\",\"valueRequired\":true,\"valueName\":\"search_term_string\"}}],\"inLanguage\":\"pl-PL\"}]}<\/script>\n<!-- \/ Yoast SEO plugin. -->","yoast_head_json":{"title":"Zestaw filtr\u00f3w ND SUNNYLIFE do DJI Mini 4 Pro ND16\/64\/256 - IRONSKY.PL Sklep z Dronami","description":"Zestaw filtr\u00f3w ND SUNNYLIFE do DJI Mini 4 Pro ND16\/64\/256 - \u2705 sklep z dronami i fachowym doradztwem. \u2705 Tutaj kupisz produkty DJI, Yuneec, Parrot, Syma i wiele innych, a tak\u017ce kursy i licencje na operatora drona.","robots":{"index":"index","follow":"follow","max-snippet":"max-snippet:-1","max-image-preview":"max-image-preview:large","max-video-preview":"max-video-preview:-1"},"canonical":"https:\/\/ironsky.pl\/sklep\/produkt\/zestaw-filtrow-nd-sunnylife-do-dji-mini-4-pro-nd16-64-256\/","og_locale":"pl_PL","og_type":"article","og_title":"Zestaw filtr\u00f3w ND SUNNYLIFE do DJI Mini 4 Pro ND16\/64\/256 - IRONSKY.PL Sklep z Dronami","og_description":"Zestaw filtr\u00f3w ND SUNNYLIFE do DJI Mini 4 Pro ND16\/64\/256 - \u2705 sklep z dronami i fachowym doradztwem. \u2705 Tutaj kupisz produkty DJI, Yuneec, Parrot, Syma i wiele innych, a tak\u017ce kursy i licencje na operatora drona.","og_url":"https:\/\/ironsky.pl\/sklep\/produkt\/zestaw-filtrow-nd-sunnylife-do-dji-mini-4-pro-nd16-64-256\/","og_site_name":"IRONSKY.PL Sklep z Dronami","article_modified_time":"2026-04-15T08:31:04+00:00","og_image":[{"width":800,"height":800,"url":"https:\/\/ironsky.pl\/sklep\/wp-content\/uploads\/2026\/04\/37079_2.jpg","type":"image\/jpeg"}],"twitter_card":"summary_large_image","twitter_misc":{"Szacowany czas czytania":"1 minuta"},"schema":{"@context":"https:\/\/schema.org","@graph":[{"@type":"WebPage","@id":"https:\/\/ironsky.pl\/sklep\/produkt\/zestaw-filtrow-nd-sunnylife-do-dji-mini-4-pro-nd16-64-256\/","url":"https:\/\/ironsky.pl\/sklep\/produkt\/zestaw-filtrow-nd-sunnylife-do-dji-mini-4-pro-nd16-64-256\/","name":"Zestaw filtr\u00f3w ND SUNNYLIFE do DJI Mini 4 Pro ND16\/64\/256 - IRONSKY.PL Sklep z Dronami","isPartOf":{"@id":"https:\/\/ironsky.pl\/sklep\/#website"},"primaryImageOfPage":{"@id":"https:\/\/ironsky.pl\/sklep\/produkt\/zestaw-filtrow-nd-sunnylife-do-dji-mini-4-pro-nd16-64-256\/#primaryimage"},"image":{"@id":"https:\/\/ironsky.pl\/sklep\/produkt\/zestaw-filtrow-nd-sunnylife-do-dji-mini-4-pro-nd16-64-256\/#primaryimage"},"thumbnailUrl":"https:\/\/ironsky.pl\/sklep\/wp-content\/uploads\/2026\/04\/37079_2.jpg","datePublished":"2026-04-15T08:30:41+00:00","dateModified":"2026-04-15T08:31:04+00:00","description":"Zestaw filtr\u00f3w ND SUNNYLIFE do DJI Mini 4 Pro ND16\/64\/256 - \u2705 sklep z dronami i fachowym doradztwem. \u2705 Tutaj kupisz produkty DJI, Yuneec, Parrot, Syma i wiele innych, a tak\u017ce kursy i licencje na operatora drona.","breadcrumb":{"@id":"https:\/\/ironsky.pl\/sklep\/produkt\/zestaw-filtrow-nd-sunnylife-do-dji-mini-4-pro-nd16-64-256\/#breadcrumb"},"inLanguage":"pl-PL","potentialAction":[{"@type":"ReadAction","target":["https:\/\/ironsky.pl\/sklep\/produkt\/zestaw-filtrow-nd-sunnylife-do-dji-mini-4-pro-nd16-64-256\/"]}]},{"@type":"ImageObject","inLanguage":"pl-PL","@id":"https:\/\/ironsky.pl\/sklep\/produkt\/zestaw-filtrow-nd-sunnylife-do-dji-mini-4-pro-nd16-64-256\/#primaryimage","url":"https:\/\/ironsky.pl\/sklep\/wp-content\/uploads\/2026\/04\/37079_2.jpg","contentUrl":"https:\/\/ironsky.pl\/sklep\/wp-content\/uploads\/2026\/04\/37079_2.jpg","width":800,"height":800},{"@type":"BreadcrumbList","@id":"https:\/\/ironsky.pl\/sklep\/produkt\/zestaw-filtrow-nd-sunnylife-do-dji-mini-4-pro-nd16-64-256\/#breadcrumb","itemListElement":[{"@type":"ListItem","position":1,"name":"Strona g\u0142\u00f3wna","item":"https:\/\/ironsky.pl\/sklep\/"},{"@type":"ListItem","position":2,"name":"Wszystkie produkty","item":"https:\/\/ironsky.pl\/sklep\/produkty\/"},{"@type":"ListItem","position":3,"name":"Zestaw filtr\u00f3w ND SUNNYLIFE do DJI Mini 4 Pro ND16\/64\/256"}]},{"@type":"WebSite","@id":"https:\/\/ironsky.pl\/sklep\/#website","url":"https:\/\/ironsky.pl\/sklep\/","name":"IRONSKY.PL Sklep z Dronami","description":"IRONSKY.PL Sklep z Dronami","potentialAction":[{"@type":"SearchAction","target":{"@type":"EntryPoint","urlTemplate":"https:\/\/ironsky.pl\/sklep\/?s={search_term_string}"},"query-input":{"@type":"PropertyValueSpecification","valueRequired":true,"valueName":"search_term_string"}}],"inLanguage":"pl-PL"}]}},"_links":{"self":[{"href":"https:\/\/ironsky.pl\/sklep\/wp-json\/wp\/v2\/product\/57888","targetHints":{"allow":["GET"]}}],"collection":[{"href":"https:\/\/ironsky.pl\/sklep\/wp-json\/wp\/v2\/product"}],"about":[{"href":"https:\/\/ironsky.pl\/sklep\/wp-json\/wp\/v2\/types\/product"}],"replies":[{"embeddable":true,"href":"https:\/\/ironsky.pl\/sklep\/wp-json\/wp\/v2\/comments?post=57888"}],"wp:featuredmedia":[{"embeddable":true,"href":"https:\/\/ironsky.pl\/sklep\/wp-json\/wp\/v2\/media\/57889"}],"wp:attachment":[{"href":"https:\/\/ironsky.pl\/sklep\/wp-json\/wp\/v2\/media?parent=57888"}],"wp:term":[{"taxonomy":"product_brand","embeddable":true,"href":"https:\/\/ironsky.pl\/sklep\/wp-json\/wp\/v2\/product_brand?post=57888"},{"taxonomy":"product_cat","embeddable":true,"href":"https:\/\/ironsky.pl\/sklep\/wp-json\/wp\/v2\/product_cat?post=57888"},{"taxonomy":"product_tag","embeddable":true,"href":"https:\/\/ironsky.pl\/sklep\/wp-json\/wp\/v2\/product_tag?post=57888"}],"curies":[{"name":"wp","href":"https:\/\/api.w.org\/{rel}","templated":true}]}}