{"id":57876,"date":"2026-04-15T10:30:41","date_gmt":"2026-04-15T08:30:41","guid":{"rendered":"https:\/\/ironsky.pl\/sklep\/produkt\/folia-ochronna-telesin-oa-flm-008-do-dji-osmo-action-4-3\/"},"modified":"2026-04-15T10:30:55","modified_gmt":"2026-04-15T08:30:55","slug":"folia-ochronna-telesin-oa-flm-008-do-dji-osmo-action-4-3","status":"publish","type":"product","link":"https:\/\/ironsky.pl\/sklep\/produkt\/folia-ochronna-telesin-oa-flm-008-do-dji-osmo-action-4-3\/","title":{"rendered":"Folia ochronna TELESIN OA-FLM-008 do DJI Osmo Action 4\/3"},"content":{"rendered":"<h3>Folia ochronna TELESIN do DJI Osmo Action 4\/3<\/h3>\n<p>Zadbaj o odpowiednie zabezpieczenie ekran\u00f3w i obiektywu swojej kamery. Pomo\u017ce Ci w tym folia ochronna Telesin OA-FLM-008, kt\u00f3ra wyr\u00f3\u017cnia si\u0119 wysok\u0105 odporno\u015bci\u0105 na zarysowania i plamy. Akcesorium jest te\u017c bardAzo proste w monta\u017cu i nie wp\u0142ywa na komfort u\u017cytkowania urz\u0105dzenia \u2013 umo\u017cliwia jego wygodn\u0105 obs\u0142ug\u0119 dotykow\u0105 i zapewnia doskona\u0142\u0105 jako\u015b\u0107 obrazu.<\/p>\n<p><img decoding=\"async\" src=\"https:\/\/b2b.innpro.pl\/data\/include\/cms\/Telesin\/OA-FLM-008\/1.jpg\" alt=\"Telesin\/OA-FLM-008\/1\"><\/p>\n<h3>Niezawodna ochrona<\/h3>\n<p>Folia ochronna Telesin zabezpieczy obiektyw oraz ekrany Twojej kamery przed zarysowaniem, sprawi te\u017c, \u017ce nie b\u0119d\u0105 zostawa\u0107 na nich nieestetyczne odciski palc\u00f3w czy t\u0142uste plamy. Co wi\u0119cej, akcesorium idealnie przylega do urz\u0105dzenia \u2013 nie obawiaj si\u0119, \u017ce dostanie si\u0119 pod nie kurz lub inne zanieczyszczenia.<\/p>\n<p><img decoding=\"async\" src=\"https:\/\/b2b.innpro.pl\/data\/include\/cms\/Telesin\/OA-FLM-008\/6.jpg\" alt=\"Telesin\/OA-FLM-008\/6\"><\/p>\n<h3>Bezproblemowy monta\u017c<\/h3>\n<p>Monta\u017c folii nie sprawi Ci \u017cadnego problemu. Wystarczy najpierw przetrze\u0107 ekran lub obiektyw za pomoc\u0105 wchodz\u0105cej w sk\u0142ad zestawu \u015bciereczki, a nast\u0119pnie przyklei\u0107 akcesorium. Zapomnij o irytuj\u0105cych, trudnych do usuni\u0119cia p\u0119cherzykach powietrza! Nie musisz te\u017c si\u0119 martwi\u0107, \u017ce folia b\u0119dzie si\u0119 odkleja\u0107 albo odpadnie. <\/p>\n<p><img decoding=\"async\" src=\"https:\/\/b2b.innpro.pl\/data\/include\/cms\/Telesin\/OA-FLM-008\/2.jpg\" alt=\"Telesin\/OA-FLM-008\/2\"><\/p>\n<h3>Komfort u\u017cytkowania<\/h3>\n<p>Nie obawiaj si\u0119, \u017ce folia wp\u0142ynie na komfort u\u017cytkowania kamery. Po jej na\u0142o\u017ceniu ekran urz\u0105dzenia nadal b\u0119dzie b\u0142yskawicznie reagowa\u0107 na dotyk, mo\u017cesz wi\u0119c cieszy\u0107 si\u0119 p\u0142ynn\u0105, wygodn\u0105 obs\u0142ug\u0105. Akcesorium nie b\u0119dzie te\u017c przyciemnia\u0107 wy\u015bwietlacza ani nie pogorszy jako\u015bci obrazu. Dzi\u0119ki specjalnej pow\u0142oce antyrefleksyjnej folia zapewni \u017cyw\u0105, doskonale odwzorowan\u0105 kolorystyk\u0119.<\/p>\n<p><img decoding=\"async\" src=\"https:\/\/b2b.innpro.pl\/data\/include\/cms\/Telesin\/OA-FLM-008\/5.jpg\" alt=\"Telesin\/OA-FLM-008\/5\"><\/p>\n<h3>W zestawie<\/h3>\n<ul>\n<li>Folia ochronna na obiektyw<\/li>\n<li>Folia ochronna na przedni ekran<\/li>\n<li>Folia ochronna na tylny ekran<\/li>\n<li>\u015aciereczka<\/li>\n<\/ul>\n<div class=\"table-wrapper\">\n<table>\n<tbody>\n<tr>\n<th>Producent <\/th>\n<td>Telesin<\/td>\n<\/tr>\n<tr>\n<th>Model <\/th>\n<td>OA-FLM-008<\/td>\n<\/tr>\n<tr>\n<th>Pasuje do<\/th>\n<td>DJI Osmo Action 4\/3<\/td>\n<\/tr>\n<\/tbody>\n<\/table>\n<\/div>\n","protected":false},"excerpt":{"rendered":"<p>Folia ochronna TELESIN do DJI Osmo Action 4\/3 Zadbaj o odpowiednie zabezpieczenie ekran\u00f3w i obiektywu swojej kamery. Pomo\u017ce Ci w<\/p>\n","protected":false},"featured_media":57877,"comment_status":"closed","ping_status":"open","template":"","meta":{"_acf_changed":false},"product_brand":[],"product_cat":[1130,1137,1128],"product_tag":[],"class_list":{"0":"post-57876","1":"product","2":"type-product","3":"status-publish","4":"has-post-thumbnail","6":"product_cat-akcesoria-foto","7":"product_cat-do-kamer-sportowych","8":"product_cat-foto-wideo","9":"pa_okres-gwarancji-5754","10":"pa_producent-telesin","12":"first","13":"outofstock","14":"taxable","15":"shipping-taxable","16":"purchasable","17":"product-type-simple"},"acf":[],"yoast_head":"<!-- This site is optimized with the Yoast SEO plugin v27.2 - https:\/\/yoast.com\/product\/yoast-seo-wordpress\/ -->\n<title>Folia ochronna TELESIN OA-FLM-008 do DJI Osmo Action 4\/3 - IRONSKY.PL Sklep z Dronami<\/title>\n<meta name=\"description\" content=\"Folia ochronna TELESIN OA-FLM-008 do DJI Osmo Action 4\/3 - \u2705 sklep z dronami i fachowym doradztwem. \u2705 Tutaj kupisz produkty DJI, Yuneec, Parrot, Syma i wiele innych, a tak\u017ce kursy i licencje na operatora drona.\" \/>\n<meta name=\"robots\" content=\"index, follow, max-snippet:-1, max-image-preview:large, max-video-preview:-1\" \/>\n<link rel=\"canonical\" href=\"https:\/\/ironsky.pl\/sklep\/produkt\/folia-ochronna-telesin-oa-flm-008-do-dji-osmo-action-4-3\/\" \/>\n<meta property=\"og:locale\" content=\"pl_PL\" \/>\n<meta property=\"og:type\" content=\"article\" \/>\n<meta property=\"og:title\" content=\"Folia ochronna TELESIN OA-FLM-008 do DJI Osmo Action 4\/3 - IRONSKY.PL Sklep z Dronami\" \/>\n<meta property=\"og:description\" content=\"Folia ochronna TELESIN OA-FLM-008 do DJI Osmo Action 4\/3 - \u2705 sklep z dronami i fachowym doradztwem. \u2705 Tutaj kupisz produkty DJI, Yuneec, Parrot, Syma i wiele innych, a tak\u017ce kursy i licencje na operatora drona.\" \/>\n<meta property=\"og:url\" content=\"https:\/\/ironsky.pl\/sklep\/produkt\/folia-ochronna-telesin-oa-flm-008-do-dji-osmo-action-4-3\/\" \/>\n<meta property=\"og:site_name\" content=\"IRONSKY.PL Sklep z Dronami\" \/>\n<meta property=\"article:modified_time\" content=\"2026-04-15T08:30:55+00:00\" \/>\n<meta property=\"og:image\" content=\"https:\/\/ironsky.pl\/sklep\/wp-content\/uploads\/2026\/04\/37028_1.jpg\" \/>\n\t<meta property=\"og:image:width\" content=\"800\" \/>\n\t<meta property=\"og:image:height\" content=\"800\" \/>\n\t<meta property=\"og:image:type\" content=\"image\/jpeg\" \/>\n<meta name=\"twitter:card\" content=\"summary_large_image\" \/>\n<meta name=\"twitter:label1\" content=\"Szacowany czas czytania\" \/>\n\t<meta name=\"twitter:data1\" content=\"1 minuta\" \/>\n<script type=\"application\/ld+json\" class=\"yoast-schema-graph\">{\"@context\":\"https:\/\/schema.org\",\"@graph\":[{\"@type\":\"WebPage\",\"@id\":\"https:\/\/ironsky.pl\/sklep\/produkt\/folia-ochronna-telesin-oa-flm-008-do-dji-osmo-action-4-3\/\",\"url\":\"https:\/\/ironsky.pl\/sklep\/produkt\/folia-ochronna-telesin-oa-flm-008-do-dji-osmo-action-4-3\/\",\"name\":\"Folia ochronna TELESIN OA-FLM-008 do DJI Osmo Action 4\/3 - IRONSKY.PL Sklep z Dronami\",\"isPartOf\":{\"@id\":\"https:\/\/ironsky.pl\/sklep\/#website\"},\"primaryImageOfPage\":{\"@id\":\"https:\/\/ironsky.pl\/sklep\/produkt\/folia-ochronna-telesin-oa-flm-008-do-dji-osmo-action-4-3\/#primaryimage\"},\"image\":{\"@id\":\"https:\/\/ironsky.pl\/sklep\/produkt\/folia-ochronna-telesin-oa-flm-008-do-dji-osmo-action-4-3\/#primaryimage\"},\"thumbnailUrl\":\"https:\/\/ironsky.pl\/sklep\/wp-content\/uploads\/2026\/04\/37028_1.jpg\",\"datePublished\":\"2026-04-15T08:30:41+00:00\",\"dateModified\":\"2026-04-15T08:30:55+00:00\",\"description\":\"Folia ochronna TELESIN OA-FLM-008 do DJI Osmo Action 4\/3 - \u2705 sklep z dronami i fachowym doradztwem. \u2705 Tutaj kupisz produkty DJI, Yuneec, Parrot, Syma i wiele innych, a tak\u017ce kursy i licencje na operatora drona.\",\"breadcrumb\":{\"@id\":\"https:\/\/ironsky.pl\/sklep\/produkt\/folia-ochronna-telesin-oa-flm-008-do-dji-osmo-action-4-3\/#breadcrumb\"},\"inLanguage\":\"pl-PL\",\"potentialAction\":[{\"@type\":\"ReadAction\",\"target\":[\"https:\/\/ironsky.pl\/sklep\/produkt\/folia-ochronna-telesin-oa-flm-008-do-dji-osmo-action-4-3\/\"]}]},{\"@type\":\"ImageObject\",\"inLanguage\":\"pl-PL\",\"@id\":\"https:\/\/ironsky.pl\/sklep\/produkt\/folia-ochronna-telesin-oa-flm-008-do-dji-osmo-action-4-3\/#primaryimage\",\"url\":\"https:\/\/ironsky.pl\/sklep\/wp-content\/uploads\/2026\/04\/37028_1.jpg\",\"contentUrl\":\"https:\/\/ironsky.pl\/sklep\/wp-content\/uploads\/2026\/04\/37028_1.jpg\",\"width\":800,\"height\":800},{\"@type\":\"BreadcrumbList\",\"@id\":\"https:\/\/ironsky.pl\/sklep\/produkt\/folia-ochronna-telesin-oa-flm-008-do-dji-osmo-action-4-3\/#breadcrumb\",\"itemListElement\":[{\"@type\":\"ListItem\",\"position\":1,\"name\":\"Strona g\u0142\u00f3wna\",\"item\":\"https:\/\/ironsky.pl\/sklep\/\"},{\"@type\":\"ListItem\",\"position\":2,\"name\":\"Wszystkie produkty\",\"item\":\"https:\/\/ironsky.pl\/sklep\/produkty\/\"},{\"@type\":\"ListItem\",\"position\":3,\"name\":\"Folia ochronna TELESIN OA-FLM-008 do DJI Osmo Action 4\/3\"}]},{\"@type\":\"WebSite\",\"@id\":\"https:\/\/ironsky.pl\/sklep\/#website\",\"url\":\"https:\/\/ironsky.pl\/sklep\/\",\"name\":\"IRONSKY.PL Sklep z Dronami\",\"description\":\"IRONSKY.PL Sklep z Dronami\",\"potentialAction\":[{\"@type\":\"SearchAction\",\"target\":{\"@type\":\"EntryPoint\",\"urlTemplate\":\"https:\/\/ironsky.pl\/sklep\/?s={search_term_string}\"},\"query-input\":{\"@type\":\"PropertyValueSpecification\",\"valueRequired\":true,\"valueName\":\"search_term_string\"}}],\"inLanguage\":\"pl-PL\"}]}<\/script>\n<!-- \/ Yoast SEO plugin. -->","yoast_head_json":{"title":"Folia ochronna TELESIN OA-FLM-008 do DJI Osmo Action 4\/3 - IRONSKY.PL Sklep z Dronami","description":"Folia ochronna TELESIN OA-FLM-008 do DJI Osmo Action 4\/3 - \u2705 sklep z dronami i fachowym doradztwem. \u2705 Tutaj kupisz produkty DJI, Yuneec, Parrot, Syma i wiele innych, a tak\u017ce kursy i licencje na operatora drona.","robots":{"index":"index","follow":"follow","max-snippet":"max-snippet:-1","max-image-preview":"max-image-preview:large","max-video-preview":"max-video-preview:-1"},"canonical":"https:\/\/ironsky.pl\/sklep\/produkt\/folia-ochronna-telesin-oa-flm-008-do-dji-osmo-action-4-3\/","og_locale":"pl_PL","og_type":"article","og_title":"Folia ochronna TELESIN OA-FLM-008 do DJI Osmo Action 4\/3 - IRONSKY.PL Sklep z Dronami","og_description":"Folia ochronna TELESIN OA-FLM-008 do DJI Osmo Action 4\/3 - \u2705 sklep z dronami i fachowym doradztwem. \u2705 Tutaj kupisz produkty DJI, Yuneec, Parrot, Syma i wiele innych, a tak\u017ce kursy i licencje na operatora drona.","og_url":"https:\/\/ironsky.pl\/sklep\/produkt\/folia-ochronna-telesin-oa-flm-008-do-dji-osmo-action-4-3\/","og_site_name":"IRONSKY.PL Sklep z Dronami","article_modified_time":"2026-04-15T08:30:55+00:00","og_image":[{"width":800,"height":800,"url":"https:\/\/ironsky.pl\/sklep\/wp-content\/uploads\/2026\/04\/37028_1.jpg","type":"image\/jpeg"}],"twitter_card":"summary_large_image","twitter_misc":{"Szacowany czas czytania":"1 minuta"},"schema":{"@context":"https:\/\/schema.org","@graph":[{"@type":"WebPage","@id":"https:\/\/ironsky.pl\/sklep\/produkt\/folia-ochronna-telesin-oa-flm-008-do-dji-osmo-action-4-3\/","url":"https:\/\/ironsky.pl\/sklep\/produkt\/folia-ochronna-telesin-oa-flm-008-do-dji-osmo-action-4-3\/","name":"Folia ochronna TELESIN OA-FLM-008 do DJI Osmo Action 4\/3 - IRONSKY.PL Sklep z Dronami","isPartOf":{"@id":"https:\/\/ironsky.pl\/sklep\/#website"},"primaryImageOfPage":{"@id":"https:\/\/ironsky.pl\/sklep\/produkt\/folia-ochronna-telesin-oa-flm-008-do-dji-osmo-action-4-3\/#primaryimage"},"image":{"@id":"https:\/\/ironsky.pl\/sklep\/produkt\/folia-ochronna-telesin-oa-flm-008-do-dji-osmo-action-4-3\/#primaryimage"},"thumbnailUrl":"https:\/\/ironsky.pl\/sklep\/wp-content\/uploads\/2026\/04\/37028_1.jpg","datePublished":"2026-04-15T08:30:41+00:00","dateModified":"2026-04-15T08:30:55+00:00","description":"Folia ochronna TELESIN OA-FLM-008 do DJI Osmo Action 4\/3 - \u2705 sklep z dronami i fachowym doradztwem. \u2705 Tutaj kupisz produkty DJI, Yuneec, Parrot, Syma i wiele innych, a tak\u017ce kursy i licencje na operatora drona.","breadcrumb":{"@id":"https:\/\/ironsky.pl\/sklep\/produkt\/folia-ochronna-telesin-oa-flm-008-do-dji-osmo-action-4-3\/#breadcrumb"},"inLanguage":"pl-PL","potentialAction":[{"@type":"ReadAction","target":["https:\/\/ironsky.pl\/sklep\/produkt\/folia-ochronna-telesin-oa-flm-008-do-dji-osmo-action-4-3\/"]}]},{"@type":"ImageObject","inLanguage":"pl-PL","@id":"https:\/\/ironsky.pl\/sklep\/produkt\/folia-ochronna-telesin-oa-flm-008-do-dji-osmo-action-4-3\/#primaryimage","url":"https:\/\/ironsky.pl\/sklep\/wp-content\/uploads\/2026\/04\/37028_1.jpg","contentUrl":"https:\/\/ironsky.pl\/sklep\/wp-content\/uploads\/2026\/04\/37028_1.jpg","width":800,"height":800},{"@type":"BreadcrumbList","@id":"https:\/\/ironsky.pl\/sklep\/produkt\/folia-ochronna-telesin-oa-flm-008-do-dji-osmo-action-4-3\/#breadcrumb","itemListElement":[{"@type":"ListItem","position":1,"name":"Strona g\u0142\u00f3wna","item":"https:\/\/ironsky.pl\/sklep\/"},{"@type":"ListItem","position":2,"name":"Wszystkie produkty","item":"https:\/\/ironsky.pl\/sklep\/produkty\/"},{"@type":"ListItem","position":3,"name":"Folia ochronna TELESIN OA-FLM-008 do DJI Osmo Action 4\/3"}]},{"@type":"WebSite","@id":"https:\/\/ironsky.pl\/sklep\/#website","url":"https:\/\/ironsky.pl\/sklep\/","name":"IRONSKY.PL Sklep z Dronami","description":"IRONSKY.PL Sklep z Dronami","potentialAction":[{"@type":"SearchAction","target":{"@type":"EntryPoint","urlTemplate":"https:\/\/ironsky.pl\/sklep\/?s={search_term_string}"},"query-input":{"@type":"PropertyValueSpecification","valueRequired":true,"valueName":"search_term_string"}}],"inLanguage":"pl-PL"}]}},"_links":{"self":[{"href":"https:\/\/ironsky.pl\/sklep\/wp-json\/wp\/v2\/product\/57876","targetHints":{"allow":["GET"]}}],"collection":[{"href":"https:\/\/ironsky.pl\/sklep\/wp-json\/wp\/v2\/product"}],"about":[{"href":"https:\/\/ironsky.pl\/sklep\/wp-json\/wp\/v2\/types\/product"}],"replies":[{"embeddable":true,"href":"https:\/\/ironsky.pl\/sklep\/wp-json\/wp\/v2\/comments?post=57876"}],"wp:featuredmedia":[{"embeddable":true,"href":"https:\/\/ironsky.pl\/sklep\/wp-json\/wp\/v2\/media\/57877"}],"wp:attachment":[{"href":"https:\/\/ironsky.pl\/sklep\/wp-json\/wp\/v2\/media?parent=57876"}],"wp:term":[{"taxonomy":"product_brand","embeddable":true,"href":"https:\/\/ironsky.pl\/sklep\/wp-json\/wp\/v2\/product_brand?post=57876"},{"taxonomy":"product_cat","embeddable":true,"href":"https:\/\/ironsky.pl\/sklep\/wp-json\/wp\/v2\/product_cat?post=57876"},{"taxonomy":"product_tag","embeddable":true,"href":"https:\/\/ironsky.pl\/sklep\/wp-json\/wp\/v2\/product_tag?post=57876"}],"curies":[{"name":"wp","href":"https:\/\/api.w.org\/{rel}","templated":true}]}}