{"id":57872,"date":"2026-04-15T10:30:41","date_gmt":"2026-04-15T08:30:41","guid":{"rendered":"https:\/\/ironsky.pl\/sklep\/produkt\/adapter-wielofunkcyjny-sunnylife-dji-osmo-pocket-3\/"},"modified":"2026-04-15T10:30:52","modified_gmt":"2026-04-15T08:30:52","slug":"adapter-wielofunkcyjny-sunnylife-dji-osmo-pocket-3","status":"publish","type":"product","link":"https:\/\/ironsky.pl\/sklep\/produkt\/adapter-wielofunkcyjny-sunnylife-dji-osmo-pocket-3\/","title":{"rendered":"Adapter wielofunkcyjny SUNNYLIFE DJI Osmo Pocket 3"},"content":{"rendered":"<h3><span>Adapter wielofunkcyjny Sunnylife do kamery DJI Osmo Pocket 3<\/span><\/h3>\n<p>Wielofunkcyjny adapter Sunnylife do OSMO Pocket 3 daje ci swobod\u0119 wyboru mi\u0119dzy r\u00f3\u017cnymi formami monta\u017cu. Bez wzgl\u0119du na to, czy jeste\u015b pasjonatem sport\u00f3w ekstremalnych, czy po prostu chcesz uwieczni\u0107 wa\u017cne chwile, ten adapter pomo\u017ce ci osi\u0105gn\u0105\u0107 najlepsze rezultaty. Dzi\u0119ki niemu Twoje nagrania b\u0119d\u0105 jeszcze bardziej fascynuj\u0105ce i profesjonalne.<\/p>\n<p><img decoding=\"async\" src=\"https:\/\/assets.innpro.pl\/2862\/3077\/2.jpg\" border=\"0\" alt=\"\" \/><\/p>\n<h3>Wielofunkcyjno\u015b\u0107 i komfort u\u017cytkowania<\/h3>\n<p>Ten wyj\u0105tkowy adapter to nie tylko zwyk\u0142e narz\u0119dzie. To rozwi\u0105zanie oferuj\u0105ce dwie r\u00f3\u017cne formy monta\u017cu, kt\u00f3re mo\u017cna swobodnie wybiera\u0107 i zmienia\u0107. Dolny adapter to sk\u0142adany, dwuz\u0119bny adapter, kt\u00f3ry umo\u017cliwia monta\u017c na r\u00f3\u017cnych powierzchniach. Natomiast g\u00f3rny adapter doskonale wsp\u00f3\u0142pracuje z takimi akcesoriami, daj\u0105c Ci swobod\u0119 u\u017cytkowania!\u00a0<\/p>\n<p><img decoding=\"async\" src=\"https:\/\/assets.innpro.pl\/2862\/3077\/7.jpg\" border=\"0\" alt=\"\" \/><\/p>\n<h3>Rozszerz mo\u017cliwo\u015bci monta\u017cu<\/h3>\n<p>Dzi\u0119ki wyposa\u017ceniu w gwint 1\/4 cala ten adapter pozwala na \u0142atwe po\u0142\u0105czenie z r\u00f3\u017cnymi akcesoriami, takimi jak tripod czy selfie stick. To oznacza, \u017ce mo\u017cesz dostosowa\u0107 monta\u017c do swoich potrzeb, niezale\u017cnie od tego, czy chcesz uzyska\u0107 stabilne uj\u0119cia ze statywu, czy te\u017c potrzebujesz wyd\u0142u\u017cy\u0107 zasi\u0119g kamery. Co wi\u0119cej, adapter doskonale wsp\u00f3\u0142pracuje z akcesoriami takimi jak uchwyt samochodowy, czy uchwyt rowerowy. Bez wzgl\u0119du na to, czy jeste\u015b pasjonatem kolarstwa, jazdy samochodem czy po prostu potrzebujesz stabilnego monta\u017cu, ten adapter spe\u0142ni Twoje oczekiwania.<\/p>\n<p><img decoding=\"async\" src=\"https:\/\/assets.innpro.pl\/2862\/3077\/3.jpg\" border=\"0\" alt=\"\" \/><\/p>\n<h3>Wygodne rozwi\u0105zanie<\/h3>\n<p>Je\u015bli u\u017cywasz adaptera w po\u0142\u0105czeniu z uniwersalnym adapterem do mocowania magnetycznego Sunnylife (sprzedawanym osobno) otrzymujesz wygodne mocowanie magnetyczne dla swojego OSMO Pocket 3. To idealne rozwi\u0105zanie, je\u015bli chcesz mie\u0107 pewno\u015b\u0107, \u017ce kamera jest stabilnie zamocowana, a jednocze\u015bnie \u0142atwo dost\u0119pna do szybkiego u\u017cycia.<\/p>\n<p><img decoding=\"async\" src=\"https:\/\/assets.innpro.pl\/2862\/3077\/5.jpg\" border=\"0\" alt=\"\" \/><\/p>\n<div class=\"table-wrapper\">\n<p>\u00a0<\/p>\n<h3>\u00a0<\/h3>\n<table>\n<tbody>\n<tr>\n<th>Producent<\/th>\n<td>Sunnylife<\/td>\n<\/tr>\n<tr>\n<th>Model<\/th>\n<td>OP3-AD748<\/td>\n<\/tr>\n<tr>\n<th>Kompatybilno\u015b\u0107<\/th>\n<td>OSMO Pocket 3<\/td>\n<\/tr>\n<tr>\n<th>Materia\u0142<\/th>\n<td>plastik<\/td>\n<\/tr>\n<tr>\n<th>Wymiary<\/th>\n<td>50 \u00d7 80 \u00d7 43 mm<\/td>\n<\/tr>\n<\/tbody>\n<\/table>\n<\/div>\n","protected":false},"excerpt":{"rendered":"<p>Adapter wielofunkcyjny Sunnylife do kamery DJI Osmo Pocket 3 Wielofunkcyjny adapter Sunnylife do OSMO Pocket 3 daje ci swobod\u0119 wyboru<\/p>\n","protected":false},"featured_media":57873,"comment_status":"closed","ping_status":"open","template":"","meta":{"_acf_changed":false},"product_brand":[],"product_cat":[1130,1137,1128],"product_tag":[],"class_list":{"0":"post-57872","1":"product","2":"type-product","3":"status-publish","4":"has-post-thumbnail","6":"product_cat-akcesoria-foto","7":"product_cat-do-kamer-sportowych","8":"product_cat-foto-wideo","9":"pa_okres-gwarancji-5754","10":"pa_producent-sunnylife","12":"first","13":"outofstock","14":"taxable","15":"shipping-taxable","16":"purchasable","17":"product-type-simple"},"acf":[],"yoast_head":"<!-- This site is optimized with the Yoast SEO plugin v27.2 - https:\/\/yoast.com\/product\/yoast-seo-wordpress\/ -->\n<title>Adapter wielofunkcyjny SUNNYLIFE DJI Osmo Pocket 3 - IRONSKY.PL Sklep z Dronami<\/title>\n<meta name=\"description\" content=\"Adapter wielofunkcyjny SUNNYLIFE DJI Osmo Pocket 3 - \u2705 sklep z dronami i fachowym doradztwem. \u2705 Tutaj kupisz produkty DJI, Yuneec, Parrot, Syma i wiele innych, a tak\u017ce kursy i licencje na operatora drona.\" \/>\n<meta name=\"robots\" content=\"index, follow, max-snippet:-1, max-image-preview:large, max-video-preview:-1\" \/>\n<link rel=\"canonical\" href=\"https:\/\/ironsky.pl\/sklep\/produkt\/adapter-wielofunkcyjny-sunnylife-dji-osmo-pocket-3\/\" \/>\n<meta property=\"og:locale\" content=\"pl_PL\" \/>\n<meta property=\"og:type\" content=\"article\" \/>\n<meta property=\"og:title\" content=\"Adapter wielofunkcyjny SUNNYLIFE DJI Osmo Pocket 3 - IRONSKY.PL Sklep z Dronami\" \/>\n<meta property=\"og:description\" content=\"Adapter wielofunkcyjny SUNNYLIFE DJI Osmo Pocket 3 - \u2705 sklep z dronami i fachowym doradztwem. \u2705 Tutaj kupisz produkty DJI, Yuneec, Parrot, Syma i wiele innych, a tak\u017ce kursy i licencje na operatora drona.\" \/>\n<meta property=\"og:url\" content=\"https:\/\/ironsky.pl\/sklep\/produkt\/adapter-wielofunkcyjny-sunnylife-dji-osmo-pocket-3\/\" \/>\n<meta property=\"og:site_name\" content=\"IRONSKY.PL Sklep z Dronami\" \/>\n<meta property=\"article:modified_time\" content=\"2026-04-15T08:30:52+00:00\" \/>\n<meta property=\"og:image\" content=\"https:\/\/ironsky.pl\/sklep\/wp-content\/uploads\/2026\/04\/37013_1.webp\" \/>\n\t<meta property=\"og:image:width\" content=\"800\" \/>\n\t<meta property=\"og:image:height\" content=\"800\" \/>\n\t<meta property=\"og:image:type\" content=\"image\/webp\" \/>\n<meta name=\"twitter:card\" content=\"summary_large_image\" \/>\n<meta name=\"twitter:label1\" content=\"Szacowany czas czytania\" \/>\n\t<meta name=\"twitter:data1\" content=\"1 minuta\" \/>\n<script type=\"application\/ld+json\" class=\"yoast-schema-graph\">{\"@context\":\"https:\/\/schema.org\",\"@graph\":[{\"@type\":\"WebPage\",\"@id\":\"https:\/\/ironsky.pl\/sklep\/produkt\/adapter-wielofunkcyjny-sunnylife-dji-osmo-pocket-3\/\",\"url\":\"https:\/\/ironsky.pl\/sklep\/produkt\/adapter-wielofunkcyjny-sunnylife-dji-osmo-pocket-3\/\",\"name\":\"Adapter wielofunkcyjny SUNNYLIFE DJI Osmo Pocket 3 - IRONSKY.PL Sklep z Dronami\",\"isPartOf\":{\"@id\":\"https:\/\/ironsky.pl\/sklep\/#website\"},\"primaryImageOfPage\":{\"@id\":\"https:\/\/ironsky.pl\/sklep\/produkt\/adapter-wielofunkcyjny-sunnylife-dji-osmo-pocket-3\/#primaryimage\"},\"image\":{\"@id\":\"https:\/\/ironsky.pl\/sklep\/produkt\/adapter-wielofunkcyjny-sunnylife-dji-osmo-pocket-3\/#primaryimage\"},\"thumbnailUrl\":\"https:\/\/ironsky.pl\/sklep\/wp-content\/uploads\/2026\/04\/37013_1.webp\",\"datePublished\":\"2026-04-15T08:30:41+00:00\",\"dateModified\":\"2026-04-15T08:30:52+00:00\",\"description\":\"Adapter wielofunkcyjny SUNNYLIFE DJI Osmo Pocket 3 - \u2705 sklep z dronami i fachowym doradztwem. \u2705 Tutaj kupisz produkty DJI, Yuneec, Parrot, Syma i wiele innych, a tak\u017ce kursy i licencje na operatora drona.\",\"breadcrumb\":{\"@id\":\"https:\/\/ironsky.pl\/sklep\/produkt\/adapter-wielofunkcyjny-sunnylife-dji-osmo-pocket-3\/#breadcrumb\"},\"inLanguage\":\"pl-PL\",\"potentialAction\":[{\"@type\":\"ReadAction\",\"target\":[\"https:\/\/ironsky.pl\/sklep\/produkt\/adapter-wielofunkcyjny-sunnylife-dji-osmo-pocket-3\/\"]}]},{\"@type\":\"ImageObject\",\"inLanguage\":\"pl-PL\",\"@id\":\"https:\/\/ironsky.pl\/sklep\/produkt\/adapter-wielofunkcyjny-sunnylife-dji-osmo-pocket-3\/#primaryimage\",\"url\":\"https:\/\/ironsky.pl\/sklep\/wp-content\/uploads\/2026\/04\/37013_1.webp\",\"contentUrl\":\"https:\/\/ironsky.pl\/sklep\/wp-content\/uploads\/2026\/04\/37013_1.webp\",\"width\":800,\"height\":800},{\"@type\":\"BreadcrumbList\",\"@id\":\"https:\/\/ironsky.pl\/sklep\/produkt\/adapter-wielofunkcyjny-sunnylife-dji-osmo-pocket-3\/#breadcrumb\",\"itemListElement\":[{\"@type\":\"ListItem\",\"position\":1,\"name\":\"Strona g\u0142\u00f3wna\",\"item\":\"https:\/\/ironsky.pl\/sklep\/\"},{\"@type\":\"ListItem\",\"position\":2,\"name\":\"Wszystkie produkty\",\"item\":\"https:\/\/ironsky.pl\/sklep\/produkty\/\"},{\"@type\":\"ListItem\",\"position\":3,\"name\":\"Adapter wielofunkcyjny SUNNYLIFE DJI Osmo Pocket 3\"}]},{\"@type\":\"WebSite\",\"@id\":\"https:\/\/ironsky.pl\/sklep\/#website\",\"url\":\"https:\/\/ironsky.pl\/sklep\/\",\"name\":\"IRONSKY.PL Sklep z Dronami\",\"description\":\"IRONSKY.PL Sklep z Dronami\",\"potentialAction\":[{\"@type\":\"SearchAction\",\"target\":{\"@type\":\"EntryPoint\",\"urlTemplate\":\"https:\/\/ironsky.pl\/sklep\/?s={search_term_string}\"},\"query-input\":{\"@type\":\"PropertyValueSpecification\",\"valueRequired\":true,\"valueName\":\"search_term_string\"}}],\"inLanguage\":\"pl-PL\"}]}<\/script>\n<!-- \/ Yoast SEO plugin. -->","yoast_head_json":{"title":"Adapter wielofunkcyjny SUNNYLIFE DJI Osmo Pocket 3 - IRONSKY.PL Sklep z Dronami","description":"Adapter wielofunkcyjny SUNNYLIFE DJI Osmo Pocket 3 - \u2705 sklep z dronami i fachowym doradztwem. \u2705 Tutaj kupisz produkty DJI, Yuneec, Parrot, Syma i wiele innych, a tak\u017ce kursy i licencje na operatora drona.","robots":{"index":"index","follow":"follow","max-snippet":"max-snippet:-1","max-image-preview":"max-image-preview:large","max-video-preview":"max-video-preview:-1"},"canonical":"https:\/\/ironsky.pl\/sklep\/produkt\/adapter-wielofunkcyjny-sunnylife-dji-osmo-pocket-3\/","og_locale":"pl_PL","og_type":"article","og_title":"Adapter wielofunkcyjny SUNNYLIFE DJI Osmo Pocket 3 - IRONSKY.PL Sklep z Dronami","og_description":"Adapter wielofunkcyjny SUNNYLIFE DJI Osmo Pocket 3 - \u2705 sklep z dronami i fachowym doradztwem. \u2705 Tutaj kupisz produkty DJI, Yuneec, Parrot, Syma i wiele innych, a tak\u017ce kursy i licencje na operatora drona.","og_url":"https:\/\/ironsky.pl\/sklep\/produkt\/adapter-wielofunkcyjny-sunnylife-dji-osmo-pocket-3\/","og_site_name":"IRONSKY.PL Sklep z Dronami","article_modified_time":"2026-04-15T08:30:52+00:00","og_image":[{"width":800,"height":800,"url":"https:\/\/ironsky.pl\/sklep\/wp-content\/uploads\/2026\/04\/37013_1.webp","type":"image\/webp"}],"twitter_card":"summary_large_image","twitter_misc":{"Szacowany czas czytania":"1 minuta"},"schema":{"@context":"https:\/\/schema.org","@graph":[{"@type":"WebPage","@id":"https:\/\/ironsky.pl\/sklep\/produkt\/adapter-wielofunkcyjny-sunnylife-dji-osmo-pocket-3\/","url":"https:\/\/ironsky.pl\/sklep\/produkt\/adapter-wielofunkcyjny-sunnylife-dji-osmo-pocket-3\/","name":"Adapter wielofunkcyjny SUNNYLIFE DJI Osmo Pocket 3 - IRONSKY.PL Sklep z Dronami","isPartOf":{"@id":"https:\/\/ironsky.pl\/sklep\/#website"},"primaryImageOfPage":{"@id":"https:\/\/ironsky.pl\/sklep\/produkt\/adapter-wielofunkcyjny-sunnylife-dji-osmo-pocket-3\/#primaryimage"},"image":{"@id":"https:\/\/ironsky.pl\/sklep\/produkt\/adapter-wielofunkcyjny-sunnylife-dji-osmo-pocket-3\/#primaryimage"},"thumbnailUrl":"https:\/\/ironsky.pl\/sklep\/wp-content\/uploads\/2026\/04\/37013_1.webp","datePublished":"2026-04-15T08:30:41+00:00","dateModified":"2026-04-15T08:30:52+00:00","description":"Adapter wielofunkcyjny SUNNYLIFE DJI Osmo Pocket 3 - \u2705 sklep z dronami i fachowym doradztwem. \u2705 Tutaj kupisz produkty DJI, Yuneec, Parrot, Syma i wiele innych, a tak\u017ce kursy i licencje na operatora drona.","breadcrumb":{"@id":"https:\/\/ironsky.pl\/sklep\/produkt\/adapter-wielofunkcyjny-sunnylife-dji-osmo-pocket-3\/#breadcrumb"},"inLanguage":"pl-PL","potentialAction":[{"@type":"ReadAction","target":["https:\/\/ironsky.pl\/sklep\/produkt\/adapter-wielofunkcyjny-sunnylife-dji-osmo-pocket-3\/"]}]},{"@type":"ImageObject","inLanguage":"pl-PL","@id":"https:\/\/ironsky.pl\/sklep\/produkt\/adapter-wielofunkcyjny-sunnylife-dji-osmo-pocket-3\/#primaryimage","url":"https:\/\/ironsky.pl\/sklep\/wp-content\/uploads\/2026\/04\/37013_1.webp","contentUrl":"https:\/\/ironsky.pl\/sklep\/wp-content\/uploads\/2026\/04\/37013_1.webp","width":800,"height":800},{"@type":"BreadcrumbList","@id":"https:\/\/ironsky.pl\/sklep\/produkt\/adapter-wielofunkcyjny-sunnylife-dji-osmo-pocket-3\/#breadcrumb","itemListElement":[{"@type":"ListItem","position":1,"name":"Strona g\u0142\u00f3wna","item":"https:\/\/ironsky.pl\/sklep\/"},{"@type":"ListItem","position":2,"name":"Wszystkie produkty","item":"https:\/\/ironsky.pl\/sklep\/produkty\/"},{"@type":"ListItem","position":3,"name":"Adapter wielofunkcyjny SUNNYLIFE DJI Osmo Pocket 3"}]},{"@type":"WebSite","@id":"https:\/\/ironsky.pl\/sklep\/#website","url":"https:\/\/ironsky.pl\/sklep\/","name":"IRONSKY.PL Sklep z Dronami","description":"IRONSKY.PL Sklep z Dronami","potentialAction":[{"@type":"SearchAction","target":{"@type":"EntryPoint","urlTemplate":"https:\/\/ironsky.pl\/sklep\/?s={search_term_string}"},"query-input":{"@type":"PropertyValueSpecification","valueRequired":true,"valueName":"search_term_string"}}],"inLanguage":"pl-PL"}]}},"_links":{"self":[{"href":"https:\/\/ironsky.pl\/sklep\/wp-json\/wp\/v2\/product\/57872","targetHints":{"allow":["GET"]}}],"collection":[{"href":"https:\/\/ironsky.pl\/sklep\/wp-json\/wp\/v2\/product"}],"about":[{"href":"https:\/\/ironsky.pl\/sklep\/wp-json\/wp\/v2\/types\/product"}],"replies":[{"embeddable":true,"href":"https:\/\/ironsky.pl\/sklep\/wp-json\/wp\/v2\/comments?post=57872"}],"wp:featuredmedia":[{"embeddable":true,"href":"https:\/\/ironsky.pl\/sklep\/wp-json\/wp\/v2\/media\/57873"}],"wp:attachment":[{"href":"https:\/\/ironsky.pl\/sklep\/wp-json\/wp\/v2\/media?parent=57872"}],"wp:term":[{"taxonomy":"product_brand","embeddable":true,"href":"https:\/\/ironsky.pl\/sklep\/wp-json\/wp\/v2\/product_brand?post=57872"},{"taxonomy":"product_cat","embeddable":true,"href":"https:\/\/ironsky.pl\/sklep\/wp-json\/wp\/v2\/product_cat?post=57872"},{"taxonomy":"product_tag","embeddable":true,"href":"https:\/\/ironsky.pl\/sklep\/wp-json\/wp\/v2\/product_tag?post=57872"}],"curies":[{"name":"wp","href":"https:\/\/api.w.org\/{rel}","templated":true}]}}