{"id":57867,"date":"2026-04-15T10:30:41","date_gmt":"2026-04-15T08:30:41","guid":{"rendered":"https:\/\/ironsky.pl\/sklep\/produkt\/adapter-rozszerzajacy-sunnylife-do-osmo-pocket-3-2\/"},"modified":"2026-04-15T10:30:49","modified_gmt":"2026-04-15T08:30:49","slug":"adapter-rozszerzajacy-sunnylife-do-osmo-pocket-3-2","status":"publish","type":"product","link":"https:\/\/ironsky.pl\/sklep\/produkt\/adapter-rozszerzajacy-sunnylife-do-osmo-pocket-3-2\/","title":{"rendered":"Adapter rozszerzaj\u0105cy SUNNYLIFE do Osmo Pocket 3"},"content":{"rendered":"<h3>Adapter rozszerzaj\u0105cy Sunnylife do Osmo Pocket 3<\/h3>\n<p>Adapter rozszerzaj\u0105cy Sunnylife do OSMO Pocket 3 to niezb\u0119dny akcesorium dla ka\u017cdego pasjonata filmowania i fotografowania. Jego wszechstronno\u015b\u0107, mo\u017cliwo\u015bci monta\u017cu dodatkowych akcesori\u00f3w, oraz wygodny uchwyt rozszerzenia sprawi\u0105, \u017ce Twoje nagrania b\u0119d\u0105 jeszcze lepszej jako\u015bci i bardziej komfortowe w tworzeniu. Niezale\u017cnie od tego, czy jeste\u015b profesjonalist\u0105, czy hobbyst\u0105, ten adapter spe\u0142ni Twoje oczekiwania i zabezpieczy Tw\u00f3j sprz\u0119t podczas ka\u017cdej przygody.<\/p>\n<p><img decoding=\"async\" src=\"https:\/\/assets.innpro.pl\/2863\/3078\/10.jpg\" border=\"0\" alt=\"\" \/><\/p>\n<h3>Multifunkcyjny adapter<\/h3>\n<p>Ten wyj\u0105tkowy adapter nie tylko chroni Twoj\u0105 kamer\u0119, ale tak\u017ce oferuje wiele innych funkcji. Z \u0142atwo\u015bci\u0105 prze\u0142\u0105czasz si\u0119 mi\u0119dzy r\u00f3\u017cnymi sytuacjami, korzystaj\u0105c z adaptera jako opaski na klatk\u0119 piersiow\u0105, klipsa do plecaka, mocowania na szyj\u0119, statywu, przyssawki do samochodu, uchwytu na rower, czy tez\u0307 selfie sticka. To narz\u0119dzie, kt\u00f3re dostosuje si\u0119 do Twoich potrzeb.<\/p>\n<p><img decoding=\"async\" src=\"https:\/\/assets.innpro.pl\/2863\/3078\/11.jpg\" border=\"0\" alt=\"\" \/><\/p>\n<h3>\u0141atwy monta\u017c mikrofonu i \u015bwiat\u0142a<\/h3>\n<p>Adapter jest wyposa\u017cony w interfejs cold shoe, na kt\u00f3rym mo\u017cesz zamontowa\u0107 mikrofon lub \u015bwiat\u0142o wype\u0142niaj\u0105ce. Dzi\u0119ki temu Twoje nagrania b\u0119d\u0105 jeszcze lepszej jako\u015bci, a d\u017awi\u0119k bardziej klarowny. To doskona\u0142e rozwi\u0105zanie dla filmowc\u00f3w, kt\u00f3rzy dbaj\u0105 o profesjonalny poziom swoich produkcji.<\/p>\n<p><img decoding=\"async\" src=\"https:\/\/assets.innpro.pl\/2863\/3078\/5.jpg\" border=\"0\" alt=\"\" \/><\/p>\n<h3>Komfort u\u017cytkowania<\/h3>\n<p>Nie tylko chroni, ale tak\u017ce u\u0142atwia u\u017cytkowanie Twojego OSMO Pocket 3. Adapter pe\u0142ni tak\u017ce funkcj\u0119 wygodnego uchwytu, dzi\u0119ki czemu trzymanie kamery jest bardziej komfortowe, a Twoje nagrania stabilniejsze. Co wi\u0119cej, adapter ma kompaktowe wymiary wynosz\u0105ce 41 \u00d7 98 \u00d7 34 mm. Nie tylko nie utrudnia korzystania z kamery, ale tak\u017ce posiada mi\u0119kkie pady wbudowane w \u015brodek, kt\u00f3re skutecznie chroni\u0105 sprz\u0119t przed zadrapaniami i wstrz\u0105sami.<\/p>\n<p><img decoding=\"async\" src=\"https:\/\/assets.innpro.pl\/2863\/3078\/12.jpg\" border=\"0\" alt=\"\" \/><\/p>\n<div class=\"table-wrapper\">\n<p>\u00a0<\/p>\n<h3>\u00a0<\/h3>\n<table>\n<tbody>\n<tr>\n<th>Producent<\/th>\n<td>Sunnylife<\/td>\n<\/tr>\n<tr>\n<th>Model<\/th>\n<td>OP3-BK743<\/td>\n<\/tr>\n<tr>\n<th>Kompatybilno\u015b\u0107<\/th>\n<td>OSMO Pocket 3<\/td>\n<\/tr>\n<tr>\n<th>Wymiary<\/th>\n<td>41 \u00d7 98 \u00d7 34 mm<\/td>\n<\/tr>\n<\/tbody>\n<\/table>\n<\/div>\n","protected":false},"excerpt":{"rendered":"<p>Adapter rozszerzaj\u0105cy Sunnylife do Osmo Pocket 3 Adapter rozszerzaj\u0105cy Sunnylife do OSMO Pocket 3 to niezb\u0119dny akcesorium dla ka\u017cdego pasjonata<\/p>\n","protected":false},"featured_media":57868,"comment_status":"closed","ping_status":"open","template":"","meta":{"_acf_changed":false},"product_brand":[],"product_cat":[1130,1137,1128],"product_tag":[],"class_list":{"0":"post-57867","1":"product","2":"type-product","3":"status-publish","4":"has-post-thumbnail","6":"product_cat-akcesoria-foto","7":"product_cat-do-kamer-sportowych","8":"product_cat-foto-wideo","9":"pa_okres-gwarancji-5754","10":"pa_producent-sunnylife","12":"first","13":"outofstock","14":"taxable","15":"shipping-taxable","16":"purchasable","17":"product-type-simple"},"acf":[],"yoast_head":"<!-- This site is optimized with the Yoast SEO plugin v27.2 - https:\/\/yoast.com\/product\/yoast-seo-wordpress\/ -->\n<title>Adapter rozszerzaj\u0105cy SUNNYLIFE do Osmo Pocket 3 - IRONSKY.PL Sklep z Dronami<\/title>\n<meta name=\"description\" content=\"Adapter rozszerzaj\u0105cy SUNNYLIFE do Osmo Pocket 3 - \u2705 sklep z dronami i fachowym doradztwem. \u2705 Tutaj kupisz produkty DJI, Yuneec, Parrot, Syma i wiele innych, a tak\u017ce kursy i licencje na operatora drona.\" \/>\n<meta name=\"robots\" content=\"index, follow, max-snippet:-1, max-image-preview:large, max-video-preview:-1\" \/>\n<link rel=\"canonical\" href=\"https:\/\/ironsky.pl\/sklep\/produkt\/adapter-rozszerzajacy-sunnylife-do-osmo-pocket-3-2\/\" \/>\n<meta property=\"og:locale\" content=\"pl_PL\" \/>\n<meta property=\"og:type\" content=\"article\" \/>\n<meta property=\"og:title\" content=\"Adapter rozszerzaj\u0105cy SUNNYLIFE do Osmo Pocket 3 - IRONSKY.PL Sklep z Dronami\" \/>\n<meta property=\"og:description\" content=\"Adapter rozszerzaj\u0105cy SUNNYLIFE do Osmo Pocket 3 - \u2705 sklep z dronami i fachowym doradztwem. \u2705 Tutaj kupisz produkty DJI, Yuneec, Parrot, Syma i wiele innych, a tak\u017ce kursy i licencje na operatora drona.\" \/>\n<meta property=\"og:url\" content=\"https:\/\/ironsky.pl\/sklep\/produkt\/adapter-rozszerzajacy-sunnylife-do-osmo-pocket-3-2\/\" \/>\n<meta property=\"og:site_name\" content=\"IRONSKY.PL Sklep z Dronami\" \/>\n<meta property=\"article:modified_time\" content=\"2026-04-15T08:30:49+00:00\" \/>\n<meta property=\"og:image\" content=\"https:\/\/ironsky.pl\/sklep\/wp-content\/uploads\/2026\/04\/37006_1.webp\" \/>\n\t<meta property=\"og:image:width\" content=\"800\" \/>\n\t<meta property=\"og:image:height\" content=\"800\" \/>\n\t<meta property=\"og:image:type\" content=\"image\/webp\" \/>\n<meta name=\"twitter:card\" content=\"summary_large_image\" \/>\n<meta name=\"twitter:label1\" content=\"Szacowany czas czytania\" \/>\n\t<meta name=\"twitter:data1\" content=\"1 minuta\" \/>\n<script type=\"application\/ld+json\" class=\"yoast-schema-graph\">{\"@context\":\"https:\/\/schema.org\",\"@graph\":[{\"@type\":\"WebPage\",\"@id\":\"https:\/\/ironsky.pl\/sklep\/produkt\/adapter-rozszerzajacy-sunnylife-do-osmo-pocket-3-2\/\",\"url\":\"https:\/\/ironsky.pl\/sklep\/produkt\/adapter-rozszerzajacy-sunnylife-do-osmo-pocket-3-2\/\",\"name\":\"Adapter rozszerzaj\u0105cy SUNNYLIFE do Osmo Pocket 3 - IRONSKY.PL Sklep z Dronami\",\"isPartOf\":{\"@id\":\"https:\/\/ironsky.pl\/sklep\/#website\"},\"primaryImageOfPage\":{\"@id\":\"https:\/\/ironsky.pl\/sklep\/produkt\/adapter-rozszerzajacy-sunnylife-do-osmo-pocket-3-2\/#primaryimage\"},\"image\":{\"@id\":\"https:\/\/ironsky.pl\/sklep\/produkt\/adapter-rozszerzajacy-sunnylife-do-osmo-pocket-3-2\/#primaryimage\"},\"thumbnailUrl\":\"https:\/\/ironsky.pl\/sklep\/wp-content\/uploads\/2026\/04\/37006_1.webp\",\"datePublished\":\"2026-04-15T08:30:41+00:00\",\"dateModified\":\"2026-04-15T08:30:49+00:00\",\"description\":\"Adapter rozszerzaj\u0105cy SUNNYLIFE do Osmo Pocket 3 - \u2705 sklep z dronami i fachowym doradztwem. \u2705 Tutaj kupisz produkty DJI, Yuneec, Parrot, Syma i wiele innych, a tak\u017ce kursy i licencje na operatora drona.\",\"breadcrumb\":{\"@id\":\"https:\/\/ironsky.pl\/sklep\/produkt\/adapter-rozszerzajacy-sunnylife-do-osmo-pocket-3-2\/#breadcrumb\"},\"inLanguage\":\"pl-PL\",\"potentialAction\":[{\"@type\":\"ReadAction\",\"target\":[\"https:\/\/ironsky.pl\/sklep\/produkt\/adapter-rozszerzajacy-sunnylife-do-osmo-pocket-3-2\/\"]}]},{\"@type\":\"ImageObject\",\"inLanguage\":\"pl-PL\",\"@id\":\"https:\/\/ironsky.pl\/sklep\/produkt\/adapter-rozszerzajacy-sunnylife-do-osmo-pocket-3-2\/#primaryimage\",\"url\":\"https:\/\/ironsky.pl\/sklep\/wp-content\/uploads\/2026\/04\/37006_1.webp\",\"contentUrl\":\"https:\/\/ironsky.pl\/sklep\/wp-content\/uploads\/2026\/04\/37006_1.webp\",\"width\":800,\"height\":800},{\"@type\":\"BreadcrumbList\",\"@id\":\"https:\/\/ironsky.pl\/sklep\/produkt\/adapter-rozszerzajacy-sunnylife-do-osmo-pocket-3-2\/#breadcrumb\",\"itemListElement\":[{\"@type\":\"ListItem\",\"position\":1,\"name\":\"Strona g\u0142\u00f3wna\",\"item\":\"https:\/\/ironsky.pl\/sklep\/\"},{\"@type\":\"ListItem\",\"position\":2,\"name\":\"Wszystkie produkty\",\"item\":\"https:\/\/ironsky.pl\/sklep\/produkty\/\"},{\"@type\":\"ListItem\",\"position\":3,\"name\":\"Adapter rozszerzaj\u0105cy SUNNYLIFE do Osmo Pocket 3\"}]},{\"@type\":\"WebSite\",\"@id\":\"https:\/\/ironsky.pl\/sklep\/#website\",\"url\":\"https:\/\/ironsky.pl\/sklep\/\",\"name\":\"IRONSKY.PL Sklep z Dronami\",\"description\":\"IRONSKY.PL Sklep z Dronami\",\"potentialAction\":[{\"@type\":\"SearchAction\",\"target\":{\"@type\":\"EntryPoint\",\"urlTemplate\":\"https:\/\/ironsky.pl\/sklep\/?s={search_term_string}\"},\"query-input\":{\"@type\":\"PropertyValueSpecification\",\"valueRequired\":true,\"valueName\":\"search_term_string\"}}],\"inLanguage\":\"pl-PL\"}]}<\/script>\n<!-- \/ Yoast SEO plugin. -->","yoast_head_json":{"title":"Adapter rozszerzaj\u0105cy SUNNYLIFE do Osmo Pocket 3 - IRONSKY.PL Sklep z Dronami","description":"Adapter rozszerzaj\u0105cy SUNNYLIFE do Osmo Pocket 3 - \u2705 sklep z dronami i fachowym doradztwem. \u2705 Tutaj kupisz produkty DJI, Yuneec, Parrot, Syma i wiele innych, a tak\u017ce kursy i licencje na operatora drona.","robots":{"index":"index","follow":"follow","max-snippet":"max-snippet:-1","max-image-preview":"max-image-preview:large","max-video-preview":"max-video-preview:-1"},"canonical":"https:\/\/ironsky.pl\/sklep\/produkt\/adapter-rozszerzajacy-sunnylife-do-osmo-pocket-3-2\/","og_locale":"pl_PL","og_type":"article","og_title":"Adapter rozszerzaj\u0105cy SUNNYLIFE do Osmo Pocket 3 - IRONSKY.PL Sklep z Dronami","og_description":"Adapter rozszerzaj\u0105cy SUNNYLIFE do Osmo Pocket 3 - \u2705 sklep z dronami i fachowym doradztwem. \u2705 Tutaj kupisz produkty DJI, Yuneec, Parrot, Syma i wiele innych, a tak\u017ce kursy i licencje na operatora drona.","og_url":"https:\/\/ironsky.pl\/sklep\/produkt\/adapter-rozszerzajacy-sunnylife-do-osmo-pocket-3-2\/","og_site_name":"IRONSKY.PL Sklep z Dronami","article_modified_time":"2026-04-15T08:30:49+00:00","og_image":[{"width":800,"height":800,"url":"https:\/\/ironsky.pl\/sklep\/wp-content\/uploads\/2026\/04\/37006_1.webp","type":"image\/webp"}],"twitter_card":"summary_large_image","twitter_misc":{"Szacowany czas czytania":"1 minuta"},"schema":{"@context":"https:\/\/schema.org","@graph":[{"@type":"WebPage","@id":"https:\/\/ironsky.pl\/sklep\/produkt\/adapter-rozszerzajacy-sunnylife-do-osmo-pocket-3-2\/","url":"https:\/\/ironsky.pl\/sklep\/produkt\/adapter-rozszerzajacy-sunnylife-do-osmo-pocket-3-2\/","name":"Adapter rozszerzaj\u0105cy SUNNYLIFE do Osmo Pocket 3 - IRONSKY.PL Sklep z Dronami","isPartOf":{"@id":"https:\/\/ironsky.pl\/sklep\/#website"},"primaryImageOfPage":{"@id":"https:\/\/ironsky.pl\/sklep\/produkt\/adapter-rozszerzajacy-sunnylife-do-osmo-pocket-3-2\/#primaryimage"},"image":{"@id":"https:\/\/ironsky.pl\/sklep\/produkt\/adapter-rozszerzajacy-sunnylife-do-osmo-pocket-3-2\/#primaryimage"},"thumbnailUrl":"https:\/\/ironsky.pl\/sklep\/wp-content\/uploads\/2026\/04\/37006_1.webp","datePublished":"2026-04-15T08:30:41+00:00","dateModified":"2026-04-15T08:30:49+00:00","description":"Adapter rozszerzaj\u0105cy SUNNYLIFE do Osmo Pocket 3 - \u2705 sklep z dronami i fachowym doradztwem. \u2705 Tutaj kupisz produkty DJI, Yuneec, Parrot, Syma i wiele innych, a tak\u017ce kursy i licencje na operatora drona.","breadcrumb":{"@id":"https:\/\/ironsky.pl\/sklep\/produkt\/adapter-rozszerzajacy-sunnylife-do-osmo-pocket-3-2\/#breadcrumb"},"inLanguage":"pl-PL","potentialAction":[{"@type":"ReadAction","target":["https:\/\/ironsky.pl\/sklep\/produkt\/adapter-rozszerzajacy-sunnylife-do-osmo-pocket-3-2\/"]}]},{"@type":"ImageObject","inLanguage":"pl-PL","@id":"https:\/\/ironsky.pl\/sklep\/produkt\/adapter-rozszerzajacy-sunnylife-do-osmo-pocket-3-2\/#primaryimage","url":"https:\/\/ironsky.pl\/sklep\/wp-content\/uploads\/2026\/04\/37006_1.webp","contentUrl":"https:\/\/ironsky.pl\/sklep\/wp-content\/uploads\/2026\/04\/37006_1.webp","width":800,"height":800},{"@type":"BreadcrumbList","@id":"https:\/\/ironsky.pl\/sklep\/produkt\/adapter-rozszerzajacy-sunnylife-do-osmo-pocket-3-2\/#breadcrumb","itemListElement":[{"@type":"ListItem","position":1,"name":"Strona g\u0142\u00f3wna","item":"https:\/\/ironsky.pl\/sklep\/"},{"@type":"ListItem","position":2,"name":"Wszystkie produkty","item":"https:\/\/ironsky.pl\/sklep\/produkty\/"},{"@type":"ListItem","position":3,"name":"Adapter rozszerzaj\u0105cy SUNNYLIFE do Osmo Pocket 3"}]},{"@type":"WebSite","@id":"https:\/\/ironsky.pl\/sklep\/#website","url":"https:\/\/ironsky.pl\/sklep\/","name":"IRONSKY.PL Sklep z Dronami","description":"IRONSKY.PL Sklep z Dronami","potentialAction":[{"@type":"SearchAction","target":{"@type":"EntryPoint","urlTemplate":"https:\/\/ironsky.pl\/sklep\/?s={search_term_string}"},"query-input":{"@type":"PropertyValueSpecification","valueRequired":true,"valueName":"search_term_string"}}],"inLanguage":"pl-PL"}]}},"_links":{"self":[{"href":"https:\/\/ironsky.pl\/sklep\/wp-json\/wp\/v2\/product\/57867","targetHints":{"allow":["GET"]}}],"collection":[{"href":"https:\/\/ironsky.pl\/sklep\/wp-json\/wp\/v2\/product"}],"about":[{"href":"https:\/\/ironsky.pl\/sklep\/wp-json\/wp\/v2\/types\/product"}],"replies":[{"embeddable":true,"href":"https:\/\/ironsky.pl\/sklep\/wp-json\/wp\/v2\/comments?post=57867"}],"wp:featuredmedia":[{"embeddable":true,"href":"https:\/\/ironsky.pl\/sklep\/wp-json\/wp\/v2\/media\/57868"}],"wp:attachment":[{"href":"https:\/\/ironsky.pl\/sklep\/wp-json\/wp\/v2\/media?parent=57867"}],"wp:term":[{"taxonomy":"product_brand","embeddable":true,"href":"https:\/\/ironsky.pl\/sklep\/wp-json\/wp\/v2\/product_brand?post=57867"},{"taxonomy":"product_cat","embeddable":true,"href":"https:\/\/ironsky.pl\/sklep\/wp-json\/wp\/v2\/product_cat?post=57867"},{"taxonomy":"product_tag","embeddable":true,"href":"https:\/\/ironsky.pl\/sklep\/wp-json\/wp\/v2\/product_tag?post=57867"}],"curies":[{"name":"wp","href":"https:\/\/api.w.org\/{rel}","templated":true}]}}