{"id":57857,"date":"2026-04-15T10:30:41","date_gmt":"2026-04-15T08:30:41","guid":{"rendered":"https:\/\/ironsky.pl\/sklep\/produkt\/kabel-ugreen-hd171-hdmi-2-1-1m-czarny\/"},"modified":"2026-04-15T10:30:43","modified_gmt":"2026-04-15T08:30:43","slug":"kabel-ugreen-hd171-hdmi-2-1-1m-czarny","status":"publish","type":"product","link":"https:\/\/ironsky.pl\/sklep\/produkt\/kabel-ugreen-hd171-hdmi-2-1-1m-czarny\/","title":{"rendered":"Kabel UGREEN HD171 HDMI 2.1 1m (czarny)"},"content":{"rendered":"<h3>Kabel HDMI 2.1 male to male UGREEN HD171, 1m (czarny)<\/h3>\n<p><p>Kabel HDMI 2.1 male to male UGREEN HD171 o d\u0142ugo\u015bci 1 metra to kabel, kt\u00f3ry spe\u0142nia najwy\u017csze standardy jako\u015bci i wydajno\u015bci. Zapewnia nie tylko niesamowit\u0105 jako\u015b\u0107 obrazu, ale tak\u017ce doskona\u0142e wsparcie dla urz\u0105dze\u0144 8K, cechuje si\u0119 wytrzyma\u0142\u0105 konstrukcj\u0105&nbsp;<\/p>\n<\/p>\n<p><img decoding=\"async\" src=\"https:\/\/assets.innpro.pl\/2849\/3055\/7.jpg\" border=\"0\" alt=\"\"><\/p>\n<h3>Obraz 8K@60Hz &#8211; rozdzielczo\u015b\u0107, kt\u00f3ra zachwyca<\/h3>\n<p><p>Kabel HDMI 2.1 UGREEN HD171 pozwala na przesy\u0142anie obrazu w niesamowitej rozdzielczo\u015bci 8K przy 60Hz. Dzi\u0119ki temu Tw\u00f3j telewizor lub monitor wy\u015bwietli obraz o jako\u015bci, kt\u00f3rej jeszcze nie widzia\u0142e\u015b. Ciesz si\u0119 ka\u017cdym szczeg\u00f3\u0142em, kolorem i p\u0142ynno\u015bci\u0105 ruchu, jakiej dostarcza ta zaawansowana technologia.<\/p>\n<\/p>\n<p><img decoding=\"async\" src=\"https:\/\/assets.innpro.pl\/2849\/3055\/4.jpg\" border=\"0\" alt=\"\"><\/p>\n<h3>Technologia HDR &#8211; obraz pe\u0142en g\u0142\u0119bi <\/h3>\n<p><p>Dzi\u0119ki zastosowanej technologii HDR kabel HDMI UGREEN HD171 poprawia jako\u015b\u0107 i kolorystyk\u0119 obrazu, zapewniaj\u0105c g\u0142\u0119bsze czernie i bardziej realistyczne kolory. Obejrzyj swoje ulubione filmy i gry w zupe\u0142nie nowy spos\u00f3b, dostrzegaj\u0105c nawet najdrobniejsze szczeg\u00f3\u0142y.<\/p>\n<\/p>\n<p><img decoding=\"async\" src=\"https:\/\/assets.innpro.pl\/2849\/3055\/3.jpg\" border=\"0\" alt=\"\"><\/p>\n<h3>Wytrzyma\u0142a konstrukcja &#8211; wytrzyma\u0142o\u015b\u0107 na lata<\/h3>\n<p><p>Kabel HDMI 2.1 UGREEN HD171 zosta\u0142 zaprojektowany z my\u015bl\u0105 o trwa\u0142o\u015bci. Posiada obudow\u0119 ze stopu aluminium oraz rdze\u0144 wykonany z czystej miedzi, co sprawia, \u017ce jest nie tylko wytrzyma\u0142y, ale tak\u017ce skutecznie chroni przed zak\u0142\u00f3ceniami sygna\u0142u. Oplot z wytrzyma\u0142ego materia\u0142u dodatkowo zabezpiecza kabel przed uszkodzeniami.<\/p>\n<\/p>\n<p><img decoding=\"async\" src=\"https:\/\/assets.innpro.pl\/2849\/3055\/1.jpg\" border=\"0\" alt=\"\"><\/p>\n<h3>Zaawansowane funkcje dla graczy &#8211; idealny dla konsol PS5\/Xbox Series X<\/h3>\n<p><p>Kabel HDMI UGREEN HD171 nie tylko zapewnia doskona\u0142\u0105 jako\u015b\u0107 obrazu, ale tak\u017ce dostarcza rozwi\u0105zania dla zapalonych graczy. Funkcje takie jak VRR (Variable Refresh Rate), ALLM (Auto Low Latency Mode) i Dynamic HDR eliminuj\u0105 op\u00f3\u017anienia i zapewniaj\u0105 p\u0142ynno\u015b\u0107 rozgrywki. To idealne rozwi\u0105zanie dla posiadaczy konsoli PS5 i Xbox Series X.<\/p>\n<\/p>\n<p><img decoding=\"async\" src=\"https:\/\/assets.innpro.pl\/2849\/3055\/5.jpg\" border=\"0\" alt=\"\"><\/p>\n<h3>D\u017awi\u0119k przestrzenny bez kompromis\u00f3w &#8211; funkcja eARC<\/h3>\n<p><p>Funkcja eARC kabla UGREEN HDMI 2.1 Dolby Atmos to doskona\u0142e rozwi\u0105zanie dla mi\u0142o\u015bnik\u00f3w d\u017awi\u0119ku przestrzennego. Ten kabel nie tylko upraszcza po\u0142\u0105czenia mi\u0119dzy telewizorem a soundbarem\/amplitunerem AV, ale tak\u017ce zapewnia kompatybilno\u015b\u0107 z nieskompresowanym d\u017awi\u0119kiem przestrzennym, w tym formatami audio, takimi jak DTS Master, DTS: X, Dolby TrueHD i d\u017awi\u0119k przestrzenny Dolby Atmos 3D. Przenie\u015b swoje do\u015bwiadczenie d\u017awi\u0119kowe na wy\u017cszy poziom.<\/p>\n<\/p>\n<p><img decoding=\"async\" src=\"https:\/\/assets.innpro.pl\/2849\/3055\/2.jpg\" border=\"0\" alt=\"\"><\/p>\n<div class=\"table-wrapper\">\n<p>&nbsp;<\/p>\n<h3><\/h3>\n<table>\n<tbody>\n<tr>\n<th>Marka <\/th>\n<td>Ugreen <\/td>\n<\/tr>\n<tr>\n<th>Model <\/th>\n<td>HD171<\/td>\n<\/tr>\n<tr>\n<th>Kolor <\/th>\n<td>Czarny <\/td>\n<\/tr>\n<tr>\n<th>D\u0142ugo\u015b\u0107 kabla <\/th>\n<td>1m<\/td>\n<\/tr>\n<tr>\n<th>Pr\u0119dko\u015b\u0107 przesy\u0142u <\/th>\n<td>48GB\/s <\/td>\n<\/tr>\n<tr>\n<th><\/th>\n<td><\/td>\n<\/tr>\n<\/tbody>\n<\/table>\n<\/div>\n","protected":false},"excerpt":{"rendered":"<p>Kabel HDMI 2.1 male to male UGREEN HD171, 1m (czarny) Kabel HDMI 2.1 male to male UGREEN HD171 o d\u0142ugo\u015bci<\/p>\n","protected":false},"featured_media":44348,"comment_status":"closed","ping_status":"open","template":"","meta":{"_acf_changed":false},"product_brand":[],"product_cat":[5930,5929],"product_tag":[],"class_list":{"0":"post-57857","1":"product","2":"type-product","3":"status-publish","4":"has-post-thumbnail","6":"product_cat-adaptery-przejsciowki-konwertery","7":"product_cat-akcesoria-it","8":"pa_okres-gwarancji-5757","9":"pa_producent-ugreen","11":"first","12":"outofstock","13":"taxable","14":"shipping-taxable","15":"purchasable","16":"product-type-simple"},"acf":[],"yoast_head":"<!-- This site is optimized with the Yoast SEO plugin v27.2 - https:\/\/yoast.com\/product\/yoast-seo-wordpress\/ -->\n<title>Kabel UGREEN HD171 HDMI 2.1 1m (czarny) - IRONSKY.PL Sklep z Dronami<\/title>\n<meta name=\"description\" content=\"Kabel UGREEN HD171 HDMI 2.1 1m (czarny) - \u2705 sklep z dronami i fachowym doradztwem. \u2705 Tutaj kupisz produkty DJI, Yuneec, Parrot, Syma i wiele innych, a tak\u017ce kursy i licencje na operatora drona.\" \/>\n<meta name=\"robots\" content=\"index, follow, max-snippet:-1, max-image-preview:large, max-video-preview:-1\" \/>\n<link rel=\"canonical\" href=\"https:\/\/ironsky.pl\/sklep\/produkt\/kabel-ugreen-hd171-hdmi-2-1-1m-czarny\/\" \/>\n<meta property=\"og:locale\" content=\"pl_PL\" \/>\n<meta property=\"og:type\" content=\"article\" \/>\n<meta property=\"og:title\" content=\"Kabel UGREEN HD171 HDMI 2.1 1m (czarny) - IRONSKY.PL Sklep z Dronami\" \/>\n<meta property=\"og:description\" content=\"Kabel UGREEN HD171 HDMI 2.1 1m (czarny) - \u2705 sklep z dronami i fachowym doradztwem. \u2705 Tutaj kupisz produkty DJI, Yuneec, Parrot, Syma i wiele innych, a tak\u017ce kursy i licencje na operatora drona.\" \/>\n<meta property=\"og:url\" content=\"https:\/\/ironsky.pl\/sklep\/produkt\/kabel-ugreen-hd171-hdmi-2-1-1m-czarny\/\" \/>\n<meta property=\"og:site_name\" content=\"IRONSKY.PL Sklep z Dronami\" \/>\n<meta property=\"article:modified_time\" content=\"2026-04-15T08:30:43+00:00\" \/>\n<meta property=\"og:image\" content=\"https:\/\/ironsky.pl\/sklep\/wp-content\/uploads\/2025\/06\/36989_1.jpg\" \/>\n\t<meta property=\"og:image:width\" content=\"800\" \/>\n\t<meta property=\"og:image:height\" content=\"800\" \/>\n\t<meta property=\"og:image:type\" content=\"image\/jpeg\" \/>\n<meta name=\"twitter:card\" content=\"summary_large_image\" \/>\n<meta name=\"twitter:label1\" content=\"Szacowany czas czytania\" \/>\n\t<meta name=\"twitter:data1\" content=\"2 minuty\" \/>\n<script type=\"application\/ld+json\" class=\"yoast-schema-graph\">{\"@context\":\"https:\/\/schema.org\",\"@graph\":[{\"@type\":\"WebPage\",\"@id\":\"https:\/\/ironsky.pl\/sklep\/produkt\/kabel-ugreen-hd171-hdmi-2-1-1m-czarny\/\",\"url\":\"https:\/\/ironsky.pl\/sklep\/produkt\/kabel-ugreen-hd171-hdmi-2-1-1m-czarny\/\",\"name\":\"Kabel UGREEN HD171 HDMI 2.1 1m (czarny) - IRONSKY.PL Sklep z Dronami\",\"isPartOf\":{\"@id\":\"https:\/\/ironsky.pl\/sklep\/#website\"},\"primaryImageOfPage\":{\"@id\":\"https:\/\/ironsky.pl\/sklep\/produkt\/kabel-ugreen-hd171-hdmi-2-1-1m-czarny\/#primaryimage\"},\"image\":{\"@id\":\"https:\/\/ironsky.pl\/sklep\/produkt\/kabel-ugreen-hd171-hdmi-2-1-1m-czarny\/#primaryimage\"},\"thumbnailUrl\":\"https:\/\/ironsky.pl\/sklep\/wp-content\/uploads\/2025\/06\/36989_1.jpg\",\"datePublished\":\"2026-04-15T08:30:41+00:00\",\"dateModified\":\"2026-04-15T08:30:43+00:00\",\"description\":\"Kabel UGREEN HD171 HDMI 2.1 1m (czarny) - \u2705 sklep z dronami i fachowym doradztwem. \u2705 Tutaj kupisz produkty DJI, Yuneec, Parrot, Syma i wiele innych, a tak\u017ce kursy i licencje na operatora drona.\",\"breadcrumb\":{\"@id\":\"https:\/\/ironsky.pl\/sklep\/produkt\/kabel-ugreen-hd171-hdmi-2-1-1m-czarny\/#breadcrumb\"},\"inLanguage\":\"pl-PL\",\"potentialAction\":[{\"@type\":\"ReadAction\",\"target\":[\"https:\/\/ironsky.pl\/sklep\/produkt\/kabel-ugreen-hd171-hdmi-2-1-1m-czarny\/\"]}]},{\"@type\":\"ImageObject\",\"inLanguage\":\"pl-PL\",\"@id\":\"https:\/\/ironsky.pl\/sklep\/produkt\/kabel-ugreen-hd171-hdmi-2-1-1m-czarny\/#primaryimage\",\"url\":\"https:\/\/ironsky.pl\/sklep\/wp-content\/uploads\/2025\/06\/36989_1.jpg\",\"contentUrl\":\"https:\/\/ironsky.pl\/sklep\/wp-content\/uploads\/2025\/06\/36989_1.jpg\",\"width\":800,\"height\":800},{\"@type\":\"BreadcrumbList\",\"@id\":\"https:\/\/ironsky.pl\/sklep\/produkt\/kabel-ugreen-hd171-hdmi-2-1-1m-czarny\/#breadcrumb\",\"itemListElement\":[{\"@type\":\"ListItem\",\"position\":1,\"name\":\"Strona g\u0142\u00f3wna\",\"item\":\"https:\/\/ironsky.pl\/sklep\/\"},{\"@type\":\"ListItem\",\"position\":2,\"name\":\"Wszystkie produkty\",\"item\":\"https:\/\/ironsky.pl\/sklep\/produkty\/\"},{\"@type\":\"ListItem\",\"position\":3,\"name\":\"Kabel UGREEN HD171 HDMI 2.1 1m (czarny)\"}]},{\"@type\":\"WebSite\",\"@id\":\"https:\/\/ironsky.pl\/sklep\/#website\",\"url\":\"https:\/\/ironsky.pl\/sklep\/\",\"name\":\"IRONSKY.PL Sklep z Dronami\",\"description\":\"IRONSKY.PL Sklep z Dronami\",\"potentialAction\":[{\"@type\":\"SearchAction\",\"target\":{\"@type\":\"EntryPoint\",\"urlTemplate\":\"https:\/\/ironsky.pl\/sklep\/?s={search_term_string}\"},\"query-input\":{\"@type\":\"PropertyValueSpecification\",\"valueRequired\":true,\"valueName\":\"search_term_string\"}}],\"inLanguage\":\"pl-PL\"}]}<\/script>\n<!-- \/ Yoast SEO plugin. -->","yoast_head_json":{"title":"Kabel UGREEN HD171 HDMI 2.1 1m (czarny) - IRONSKY.PL Sklep z Dronami","description":"Kabel UGREEN HD171 HDMI 2.1 1m (czarny) - \u2705 sklep z dronami i fachowym doradztwem. \u2705 Tutaj kupisz produkty DJI, Yuneec, Parrot, Syma i wiele innych, a tak\u017ce kursy i licencje na operatora drona.","robots":{"index":"index","follow":"follow","max-snippet":"max-snippet:-1","max-image-preview":"max-image-preview:large","max-video-preview":"max-video-preview:-1"},"canonical":"https:\/\/ironsky.pl\/sklep\/produkt\/kabel-ugreen-hd171-hdmi-2-1-1m-czarny\/","og_locale":"pl_PL","og_type":"article","og_title":"Kabel UGREEN HD171 HDMI 2.1 1m (czarny) - IRONSKY.PL Sklep z Dronami","og_description":"Kabel UGREEN HD171 HDMI 2.1 1m (czarny) - \u2705 sklep z dronami i fachowym doradztwem. \u2705 Tutaj kupisz produkty DJI, Yuneec, Parrot, Syma i wiele innych, a tak\u017ce kursy i licencje na operatora drona.","og_url":"https:\/\/ironsky.pl\/sklep\/produkt\/kabel-ugreen-hd171-hdmi-2-1-1m-czarny\/","og_site_name":"IRONSKY.PL Sklep z Dronami","article_modified_time":"2026-04-15T08:30:43+00:00","og_image":[{"width":800,"height":800,"url":"https:\/\/ironsky.pl\/sklep\/wp-content\/uploads\/2025\/06\/36989_1.jpg","type":"image\/jpeg"}],"twitter_card":"summary_large_image","twitter_misc":{"Szacowany czas czytania":"2 minuty"},"schema":{"@context":"https:\/\/schema.org","@graph":[{"@type":"WebPage","@id":"https:\/\/ironsky.pl\/sklep\/produkt\/kabel-ugreen-hd171-hdmi-2-1-1m-czarny\/","url":"https:\/\/ironsky.pl\/sklep\/produkt\/kabel-ugreen-hd171-hdmi-2-1-1m-czarny\/","name":"Kabel UGREEN HD171 HDMI 2.1 1m (czarny) - IRONSKY.PL Sklep z Dronami","isPartOf":{"@id":"https:\/\/ironsky.pl\/sklep\/#website"},"primaryImageOfPage":{"@id":"https:\/\/ironsky.pl\/sklep\/produkt\/kabel-ugreen-hd171-hdmi-2-1-1m-czarny\/#primaryimage"},"image":{"@id":"https:\/\/ironsky.pl\/sklep\/produkt\/kabel-ugreen-hd171-hdmi-2-1-1m-czarny\/#primaryimage"},"thumbnailUrl":"https:\/\/ironsky.pl\/sklep\/wp-content\/uploads\/2025\/06\/36989_1.jpg","datePublished":"2026-04-15T08:30:41+00:00","dateModified":"2026-04-15T08:30:43+00:00","description":"Kabel UGREEN HD171 HDMI 2.1 1m (czarny) - \u2705 sklep z dronami i fachowym doradztwem. \u2705 Tutaj kupisz produkty DJI, Yuneec, Parrot, Syma i wiele innych, a tak\u017ce kursy i licencje na operatora drona.","breadcrumb":{"@id":"https:\/\/ironsky.pl\/sklep\/produkt\/kabel-ugreen-hd171-hdmi-2-1-1m-czarny\/#breadcrumb"},"inLanguage":"pl-PL","potentialAction":[{"@type":"ReadAction","target":["https:\/\/ironsky.pl\/sklep\/produkt\/kabel-ugreen-hd171-hdmi-2-1-1m-czarny\/"]}]},{"@type":"ImageObject","inLanguage":"pl-PL","@id":"https:\/\/ironsky.pl\/sklep\/produkt\/kabel-ugreen-hd171-hdmi-2-1-1m-czarny\/#primaryimage","url":"https:\/\/ironsky.pl\/sklep\/wp-content\/uploads\/2025\/06\/36989_1.jpg","contentUrl":"https:\/\/ironsky.pl\/sklep\/wp-content\/uploads\/2025\/06\/36989_1.jpg","width":800,"height":800},{"@type":"BreadcrumbList","@id":"https:\/\/ironsky.pl\/sklep\/produkt\/kabel-ugreen-hd171-hdmi-2-1-1m-czarny\/#breadcrumb","itemListElement":[{"@type":"ListItem","position":1,"name":"Strona g\u0142\u00f3wna","item":"https:\/\/ironsky.pl\/sklep\/"},{"@type":"ListItem","position":2,"name":"Wszystkie produkty","item":"https:\/\/ironsky.pl\/sklep\/produkty\/"},{"@type":"ListItem","position":3,"name":"Kabel UGREEN HD171 HDMI 2.1 1m (czarny)"}]},{"@type":"WebSite","@id":"https:\/\/ironsky.pl\/sklep\/#website","url":"https:\/\/ironsky.pl\/sklep\/","name":"IRONSKY.PL Sklep z Dronami","description":"IRONSKY.PL Sklep z Dronami","potentialAction":[{"@type":"SearchAction","target":{"@type":"EntryPoint","urlTemplate":"https:\/\/ironsky.pl\/sklep\/?s={search_term_string}"},"query-input":{"@type":"PropertyValueSpecification","valueRequired":true,"valueName":"search_term_string"}}],"inLanguage":"pl-PL"}]}},"_links":{"self":[{"href":"https:\/\/ironsky.pl\/sklep\/wp-json\/wp\/v2\/product\/57857","targetHints":{"allow":["GET"]}}],"collection":[{"href":"https:\/\/ironsky.pl\/sklep\/wp-json\/wp\/v2\/product"}],"about":[{"href":"https:\/\/ironsky.pl\/sklep\/wp-json\/wp\/v2\/types\/product"}],"replies":[{"embeddable":true,"href":"https:\/\/ironsky.pl\/sklep\/wp-json\/wp\/v2\/comments?post=57857"}],"wp:featuredmedia":[{"embeddable":true,"href":"https:\/\/ironsky.pl\/sklep\/wp-json\/wp\/v2\/media\/44348"}],"wp:attachment":[{"href":"https:\/\/ironsky.pl\/sklep\/wp-json\/wp\/v2\/media?parent=57857"}],"wp:term":[{"taxonomy":"product_brand","embeddable":true,"href":"https:\/\/ironsky.pl\/sklep\/wp-json\/wp\/v2\/product_brand?post=57857"},{"taxonomy":"product_cat","embeddable":true,"href":"https:\/\/ironsky.pl\/sklep\/wp-json\/wp\/v2\/product_cat?post=57857"},{"taxonomy":"product_tag","embeddable":true,"href":"https:\/\/ironsky.pl\/sklep\/wp-json\/wp\/v2\/product_tag?post=57857"}],"curies":[{"name":"wp","href":"https:\/\/api.w.org\/{rel}","templated":true}]}}