{"id":57853,"date":"2026-04-15T10:29:55","date_gmt":"2026-04-15T08:29:55","guid":{"rendered":"https:\/\/ironsky.pl\/sklep\/produkt\/ramka-ochronna-aluminiowa-pgytech-do-gopro-12-11-10-9\/"},"modified":"2026-04-15T10:30:39","modified_gmt":"2026-04-15T08:30:39","slug":"ramka-ochronna-aluminiowa-pgytech-do-gopro-12-11-10-9","status":"publish","type":"product","link":"https:\/\/ironsky.pl\/sklep\/produkt\/ramka-ochronna-aluminiowa-pgytech-do-gopro-12-11-10-9\/","title":{"rendered":"Ramka ochronna aluminiowa PGYTECH do GoPro 12\/11\/10\/9"},"content":{"rendered":"<h3>Aluminiowa obudowa \/ ramka zabezpieczaj\u0105ca PGYTECH do GoPro 12<\/h3>\n<p>Odkryj nowe mo\u017cliwo\u015bci nagrywania! Wykonana ze stopu aluminium ramka zabezpieczaj\u0105ca marki PGYTECH zosta\u0142a stworzona z my\u015bl\u0105 o kamerach sportowych GoPro 12 \/ 11 \/ 10 \/ 9. Jest niezwykle \u0142atwa w monta\u017cu i zapewnia wygodny dost\u0119p do port\u00f3w kamery. Z powodzeniem zamontujesz j\u0105 zar\u00f3wno w pionie, jak i poziomie.<\/p>\n<p><img decoding=\"async\" src=\"https:\/\/b2b.innpro.pl\/data\/include\/cms\/PGYTECH\/P-46C-010\/3.jpg\" alt=\"PGYTECH\/P-46C-010\/3\"><\/p>\n<h3>Wiele mo\u017cliwo\u015bci<\/h3>\n<p>Ramka PGYTECH jest zaprojektowana tak, aby blokowa\u0107 dost\u0119pu do przycisk\u00f3w ani port\u00f3w kamery, co gwarantuje swobodn\u0105 obs\u0142ug\u0119 urz\u0105dzenia. Specjalny blok stabilizuj\u0105cy akumulator pozwala na \u0142adowanie kamery podczas jej u\u017cytkowania, eliminuj\u0105c konieczno\u015b\u0107 przerywania pracy. Obudowa wyposa\u017cono r\u00f3wnie\u017c w otw\u00f3r gwintowany 1\/4&#8243; oraz mocowanie typu Cold Shoe, co umo\u017cliwia \u0142atwe pod\u0142\u0105czanie dodatkowych akcesori\u00f3w, takich jak o\u015bwietlenie czy mikrofony, bez potrzeby demonta\u017cu ramki.<\/p>\n<p><img decoding=\"async\" src=\"https:\/\/b2b.innpro.pl\/data\/include\/cms\/PGYTECH\/P-46C-010\/1.jpg\" alt=\"PGYTECH\/P-46C-010\/1\"><\/p>\n<h3>Starannie przemy\u015blana konstrukcja<\/h3>\n<p>Akcesorium jest idealnie dopasowane do kamery sportowej GoPro 12 \/ 11 \/ 10 \/ 9, co gwarantuje niezawodn\u0105 ochron\u0119 Twojego sprz\u0119tu. Wyposa\u017cona w mechanizm filp-open pozwala na szybki monta\u017c oraz demonta\u017c kamery. Jej przemy\u015blany design umo\u017cliwia szybkie przej\u015bcie mi\u0119dzy trybem krajobrazu a portretu podczas fotografowania, dzi\u0119ki temu zyskasz pe\u0142n\u0105 kontrol\u0119 nad kadrami.<\/p>\n<p><img decoding=\"async\" src=\"https:\/\/b2b.innpro.pl\/data\/include\/cms\/PGYTECH\/P-46C-010\/5.jpg\" alt=\"PGYTECH\/P-46C-010\/5\"><\/p>\n<div class=\"table-wrapper\">\n<table>\n<tbody>\n<tr>\n<th>Producent<\/th>\n<td>PGYTECH<\/td>\n<\/tr>\n<tr>\n<th>Model<\/th>\n<td>P-46C-010<\/td>\n<\/tr>\n<tr>\n<th>Kompatybilno\u015b\u0107<\/th>\n<td>GoPro 12 \/ GoPro 11 \/ GoPro 10 \/ GoPro 9<\/td>\n<\/tr>\n<tr>\n<th>Materia\u0142<\/th>\n<td>uuStop aluminium<\/td>\n<\/tr>\n<tr>\n<th>Wymiary<\/th>\n<td>81 x 60 x 34,4 mm<\/td>\n<\/tr>\n<tr>\n<th>Waga<\/th>\n<td>85 g<\/td>\n<\/tr>\n<\/tbody>\n<\/table>\n<\/div>\n","protected":false},"excerpt":{"rendered":"<p>Aluminiowa obudowa \/ ramka zabezpieczaj\u0105ca PGYTECH do GoPro 12 Odkryj nowe mo\u017cliwo\u015bci nagrywania! Wykonana ze stopu aluminium ramka zabezpieczaj\u0105ca marki<\/p>\n","protected":false},"featured_media":57854,"comment_status":"closed","ping_status":"open","template":"","meta":{"_acf_changed":false},"product_brand":[],"product_cat":[1130,1137,1128],"product_tag":[],"class_list":{"0":"post-57853","1":"product","2":"type-product","3":"status-publish","4":"has-post-thumbnail","6":"product_cat-akcesoria-foto","7":"product_cat-do-kamer-sportowych","8":"product_cat-foto-wideo","9":"pa_okres-gwarancji-5754","10":"pa_producent-pgytech","12":"first","13":"outofstock","14":"taxable","15":"shipping-taxable","16":"purchasable","17":"product-type-simple"},"acf":[],"yoast_head":"<!-- This site is optimized with the Yoast SEO plugin v27.2 - https:\/\/yoast.com\/product\/yoast-seo-wordpress\/ -->\n<title>Ramka ochronna aluminiowa PGYTECH do GoPro 12\/11\/10\/9 - IRONSKY.PL Sklep z Dronami<\/title>\n<meta name=\"description\" content=\"Ramka ochronna aluminiowa PGYTECH do GoPro 12\/11\/10\/9 - \u2705 sklep z dronami i fachowym doradztwem. \u2705 Tutaj kupisz produkty DJI, Yuneec, Parrot, Syma i wiele innych, a tak\u017ce kursy i licencje na operatora drona.\" \/>\n<meta name=\"robots\" content=\"index, follow, max-snippet:-1, max-image-preview:large, max-video-preview:-1\" \/>\n<link rel=\"canonical\" href=\"https:\/\/ironsky.pl\/sklep\/produkt\/ramka-ochronna-aluminiowa-pgytech-do-gopro-12-11-10-9\/\" \/>\n<meta property=\"og:locale\" content=\"pl_PL\" \/>\n<meta property=\"og:type\" content=\"article\" \/>\n<meta property=\"og:title\" content=\"Ramka ochronna aluminiowa PGYTECH do GoPro 12\/11\/10\/9 - IRONSKY.PL Sklep z Dronami\" \/>\n<meta property=\"og:description\" content=\"Ramka ochronna aluminiowa PGYTECH do GoPro 12\/11\/10\/9 - \u2705 sklep z dronami i fachowym doradztwem. \u2705 Tutaj kupisz produkty DJI, Yuneec, Parrot, Syma i wiele innych, a tak\u017ce kursy i licencje na operatora drona.\" \/>\n<meta property=\"og:url\" content=\"https:\/\/ironsky.pl\/sklep\/produkt\/ramka-ochronna-aluminiowa-pgytech-do-gopro-12-11-10-9\/\" \/>\n<meta property=\"og:site_name\" content=\"IRONSKY.PL Sklep z Dronami\" \/>\n<meta property=\"article:modified_time\" content=\"2026-04-15T08:30:39+00:00\" \/>\n<meta property=\"og:image\" content=\"https:\/\/ironsky.pl\/sklep\/wp-content\/uploads\/2026\/04\/36964_1.jpg\" \/>\n\t<meta property=\"og:image:width\" content=\"800\" \/>\n\t<meta property=\"og:image:height\" content=\"800\" \/>\n\t<meta property=\"og:image:type\" content=\"image\/jpeg\" \/>\n<meta name=\"twitter:card\" content=\"summary_large_image\" \/>\n<meta name=\"twitter:label1\" content=\"Szacowany czas czytania\" \/>\n\t<meta name=\"twitter:data1\" content=\"1 minuta\" \/>\n<script type=\"application\/ld+json\" class=\"yoast-schema-graph\">{\"@context\":\"https:\/\/schema.org\",\"@graph\":[{\"@type\":\"WebPage\",\"@id\":\"https:\/\/ironsky.pl\/sklep\/produkt\/ramka-ochronna-aluminiowa-pgytech-do-gopro-12-11-10-9\/\",\"url\":\"https:\/\/ironsky.pl\/sklep\/produkt\/ramka-ochronna-aluminiowa-pgytech-do-gopro-12-11-10-9\/\",\"name\":\"Ramka ochronna aluminiowa PGYTECH do GoPro 12\/11\/10\/9 - IRONSKY.PL Sklep z Dronami\",\"isPartOf\":{\"@id\":\"https:\/\/ironsky.pl\/sklep\/#website\"},\"primaryImageOfPage\":{\"@id\":\"https:\/\/ironsky.pl\/sklep\/produkt\/ramka-ochronna-aluminiowa-pgytech-do-gopro-12-11-10-9\/#primaryimage\"},\"image\":{\"@id\":\"https:\/\/ironsky.pl\/sklep\/produkt\/ramka-ochronna-aluminiowa-pgytech-do-gopro-12-11-10-9\/#primaryimage\"},\"thumbnailUrl\":\"https:\/\/ironsky.pl\/sklep\/wp-content\/uploads\/2026\/04\/36964_1.jpg\",\"datePublished\":\"2026-04-15T08:29:55+00:00\",\"dateModified\":\"2026-04-15T08:30:39+00:00\",\"description\":\"Ramka ochronna aluminiowa PGYTECH do GoPro 12\/11\/10\/9 - \u2705 sklep z dronami i fachowym doradztwem. \u2705 Tutaj kupisz produkty DJI, Yuneec, Parrot, Syma i wiele innych, a tak\u017ce kursy i licencje na operatora drona.\",\"breadcrumb\":{\"@id\":\"https:\/\/ironsky.pl\/sklep\/produkt\/ramka-ochronna-aluminiowa-pgytech-do-gopro-12-11-10-9\/#breadcrumb\"},\"inLanguage\":\"pl-PL\",\"potentialAction\":[{\"@type\":\"ReadAction\",\"target\":[\"https:\/\/ironsky.pl\/sklep\/produkt\/ramka-ochronna-aluminiowa-pgytech-do-gopro-12-11-10-9\/\"]}]},{\"@type\":\"ImageObject\",\"inLanguage\":\"pl-PL\",\"@id\":\"https:\/\/ironsky.pl\/sklep\/produkt\/ramka-ochronna-aluminiowa-pgytech-do-gopro-12-11-10-9\/#primaryimage\",\"url\":\"https:\/\/ironsky.pl\/sklep\/wp-content\/uploads\/2026\/04\/36964_1.jpg\",\"contentUrl\":\"https:\/\/ironsky.pl\/sklep\/wp-content\/uploads\/2026\/04\/36964_1.jpg\",\"width\":800,\"height\":800},{\"@type\":\"BreadcrumbList\",\"@id\":\"https:\/\/ironsky.pl\/sklep\/produkt\/ramka-ochronna-aluminiowa-pgytech-do-gopro-12-11-10-9\/#breadcrumb\",\"itemListElement\":[{\"@type\":\"ListItem\",\"position\":1,\"name\":\"Strona g\u0142\u00f3wna\",\"item\":\"https:\/\/ironsky.pl\/sklep\/\"},{\"@type\":\"ListItem\",\"position\":2,\"name\":\"Wszystkie produkty\",\"item\":\"https:\/\/ironsky.pl\/sklep\/produkty\/\"},{\"@type\":\"ListItem\",\"position\":3,\"name\":\"Ramka ochronna aluminiowa PGYTECH do GoPro 12\/11\/10\/9\"}]},{\"@type\":\"WebSite\",\"@id\":\"https:\/\/ironsky.pl\/sklep\/#website\",\"url\":\"https:\/\/ironsky.pl\/sklep\/\",\"name\":\"IRONSKY.PL Sklep z Dronami\",\"description\":\"IRONSKY.PL Sklep z Dronami\",\"potentialAction\":[{\"@type\":\"SearchAction\",\"target\":{\"@type\":\"EntryPoint\",\"urlTemplate\":\"https:\/\/ironsky.pl\/sklep\/?s={search_term_string}\"},\"query-input\":{\"@type\":\"PropertyValueSpecification\",\"valueRequired\":true,\"valueName\":\"search_term_string\"}}],\"inLanguage\":\"pl-PL\"}]}<\/script>\n<!-- \/ Yoast SEO plugin. -->","yoast_head_json":{"title":"Ramka ochronna aluminiowa PGYTECH do GoPro 12\/11\/10\/9 - IRONSKY.PL Sklep z Dronami","description":"Ramka ochronna aluminiowa PGYTECH do GoPro 12\/11\/10\/9 - \u2705 sklep z dronami i fachowym doradztwem. \u2705 Tutaj kupisz produkty DJI, Yuneec, Parrot, Syma i wiele innych, a tak\u017ce kursy i licencje na operatora drona.","robots":{"index":"index","follow":"follow","max-snippet":"max-snippet:-1","max-image-preview":"max-image-preview:large","max-video-preview":"max-video-preview:-1"},"canonical":"https:\/\/ironsky.pl\/sklep\/produkt\/ramka-ochronna-aluminiowa-pgytech-do-gopro-12-11-10-9\/","og_locale":"pl_PL","og_type":"article","og_title":"Ramka ochronna aluminiowa PGYTECH do GoPro 12\/11\/10\/9 - IRONSKY.PL Sklep z Dronami","og_description":"Ramka ochronna aluminiowa PGYTECH do GoPro 12\/11\/10\/9 - \u2705 sklep z dronami i fachowym doradztwem. \u2705 Tutaj kupisz produkty DJI, Yuneec, Parrot, Syma i wiele innych, a tak\u017ce kursy i licencje na operatora drona.","og_url":"https:\/\/ironsky.pl\/sklep\/produkt\/ramka-ochronna-aluminiowa-pgytech-do-gopro-12-11-10-9\/","og_site_name":"IRONSKY.PL Sklep z Dronami","article_modified_time":"2026-04-15T08:30:39+00:00","og_image":[{"width":800,"height":800,"url":"https:\/\/ironsky.pl\/sklep\/wp-content\/uploads\/2026\/04\/36964_1.jpg","type":"image\/jpeg"}],"twitter_card":"summary_large_image","twitter_misc":{"Szacowany czas czytania":"1 minuta"},"schema":{"@context":"https:\/\/schema.org","@graph":[{"@type":"WebPage","@id":"https:\/\/ironsky.pl\/sklep\/produkt\/ramka-ochronna-aluminiowa-pgytech-do-gopro-12-11-10-9\/","url":"https:\/\/ironsky.pl\/sklep\/produkt\/ramka-ochronna-aluminiowa-pgytech-do-gopro-12-11-10-9\/","name":"Ramka ochronna aluminiowa PGYTECH do GoPro 12\/11\/10\/9 - IRONSKY.PL Sklep z Dronami","isPartOf":{"@id":"https:\/\/ironsky.pl\/sklep\/#website"},"primaryImageOfPage":{"@id":"https:\/\/ironsky.pl\/sklep\/produkt\/ramka-ochronna-aluminiowa-pgytech-do-gopro-12-11-10-9\/#primaryimage"},"image":{"@id":"https:\/\/ironsky.pl\/sklep\/produkt\/ramka-ochronna-aluminiowa-pgytech-do-gopro-12-11-10-9\/#primaryimage"},"thumbnailUrl":"https:\/\/ironsky.pl\/sklep\/wp-content\/uploads\/2026\/04\/36964_1.jpg","datePublished":"2026-04-15T08:29:55+00:00","dateModified":"2026-04-15T08:30:39+00:00","description":"Ramka ochronna aluminiowa PGYTECH do GoPro 12\/11\/10\/9 - \u2705 sklep z dronami i fachowym doradztwem. \u2705 Tutaj kupisz produkty DJI, Yuneec, Parrot, Syma i wiele innych, a tak\u017ce kursy i licencje na operatora drona.","breadcrumb":{"@id":"https:\/\/ironsky.pl\/sklep\/produkt\/ramka-ochronna-aluminiowa-pgytech-do-gopro-12-11-10-9\/#breadcrumb"},"inLanguage":"pl-PL","potentialAction":[{"@type":"ReadAction","target":["https:\/\/ironsky.pl\/sklep\/produkt\/ramka-ochronna-aluminiowa-pgytech-do-gopro-12-11-10-9\/"]}]},{"@type":"ImageObject","inLanguage":"pl-PL","@id":"https:\/\/ironsky.pl\/sklep\/produkt\/ramka-ochronna-aluminiowa-pgytech-do-gopro-12-11-10-9\/#primaryimage","url":"https:\/\/ironsky.pl\/sklep\/wp-content\/uploads\/2026\/04\/36964_1.jpg","contentUrl":"https:\/\/ironsky.pl\/sklep\/wp-content\/uploads\/2026\/04\/36964_1.jpg","width":800,"height":800},{"@type":"BreadcrumbList","@id":"https:\/\/ironsky.pl\/sklep\/produkt\/ramka-ochronna-aluminiowa-pgytech-do-gopro-12-11-10-9\/#breadcrumb","itemListElement":[{"@type":"ListItem","position":1,"name":"Strona g\u0142\u00f3wna","item":"https:\/\/ironsky.pl\/sklep\/"},{"@type":"ListItem","position":2,"name":"Wszystkie produkty","item":"https:\/\/ironsky.pl\/sklep\/produkty\/"},{"@type":"ListItem","position":3,"name":"Ramka ochronna aluminiowa PGYTECH do GoPro 12\/11\/10\/9"}]},{"@type":"WebSite","@id":"https:\/\/ironsky.pl\/sklep\/#website","url":"https:\/\/ironsky.pl\/sklep\/","name":"IRONSKY.PL Sklep z Dronami","description":"IRONSKY.PL Sklep z Dronami","potentialAction":[{"@type":"SearchAction","target":{"@type":"EntryPoint","urlTemplate":"https:\/\/ironsky.pl\/sklep\/?s={search_term_string}"},"query-input":{"@type":"PropertyValueSpecification","valueRequired":true,"valueName":"search_term_string"}}],"inLanguage":"pl-PL"}]}},"_links":{"self":[{"href":"https:\/\/ironsky.pl\/sklep\/wp-json\/wp\/v2\/product\/57853","targetHints":{"allow":["GET"]}}],"collection":[{"href":"https:\/\/ironsky.pl\/sklep\/wp-json\/wp\/v2\/product"}],"about":[{"href":"https:\/\/ironsky.pl\/sklep\/wp-json\/wp\/v2\/types\/product"}],"replies":[{"embeddable":true,"href":"https:\/\/ironsky.pl\/sklep\/wp-json\/wp\/v2\/comments?post=57853"}],"wp:featuredmedia":[{"embeddable":true,"href":"https:\/\/ironsky.pl\/sklep\/wp-json\/wp\/v2\/media\/57854"}],"wp:attachment":[{"href":"https:\/\/ironsky.pl\/sklep\/wp-json\/wp\/v2\/media?parent=57853"}],"wp:term":[{"taxonomy":"product_brand","embeddable":true,"href":"https:\/\/ironsky.pl\/sklep\/wp-json\/wp\/v2\/product_brand?post=57853"},{"taxonomy":"product_cat","embeddable":true,"href":"https:\/\/ironsky.pl\/sklep\/wp-json\/wp\/v2\/product_cat?post=57853"},{"taxonomy":"product_tag","embeddable":true,"href":"https:\/\/ironsky.pl\/sklep\/wp-json\/wp\/v2\/product_tag?post=57853"}],"curies":[{"name":"wp","href":"https:\/\/api.w.org\/{rel}","templated":true}]}}