{"id":57842,"date":"2026-04-15T10:29:55","date_gmt":"2026-04-15T08:29:55","guid":{"rendered":"https:\/\/ironsky.pl\/sklep\/produkt\/kijek-selfie-puluz-pu641b-2m-czarny\/"},"modified":"2026-04-15T10:30:29","modified_gmt":"2026-04-15T08:30:29","slug":"kijek-selfie-puluz-pu641b-2m-czarny","status":"publish","type":"product","link":"https:\/\/ironsky.pl\/sklep\/produkt\/kijek-selfie-puluz-pu641b-2m-czarny\/","title":{"rendered":"Kijek selfie PULUZ PU641B 2m (czarny)"},"content":{"rendered":"<h3>Metalowy uchwyt do selfie 2m PULUZ do kamery Insta360 One RS\/X2\/X3\/X4 (czarny)<\/h3>\n<p>Tw\u00f3rz wyj\u0105tkowe selfie, r\u00f3b zdj\u0119cia grupowe z przyjaci\u00f3\u0142mi i zyskuj niepowtarzalne perspektywy. Metalowy uchwyt Puluz PU641B rozk\u0142ada si\u0119 na d\u0142ugo\u015b\u0107 do 2 m i zosta\u0142 wykonany z wysokiej klasy stopu aluminium, dzi\u0119ki czemu jest bardzo stabilny i wytrzyma\u0142y, a zarazem lekki. Akcesorium ma r\u00f3wnie\u017c wbudowany otw\u00f3r 1\/4&#8221;, kt\u00f3ry pozwala zamontowa\u0107 je na statywie lub wysi\u0119gniku. Dost\u0119pny jest tak\u017ce gwint 1\/4&#8221; umo\u017cliwiaj\u0105cy bezproblemowy monta\u017c wybranej kamery lub smartfona.<\/p>\n<p>\n<img decoding=\"async\" src=\"https:\/\/assets.innpro.pl\/7817\/9070\/7.jpg\" border=\"0\" \/>\n<\/p>\n<h3>Regulowana d\u0142ugo\u015b\u0107<\/h3>\n<p>Ten praktyczny uchwyt umo\u017cliwia 5-stopniow\u0105 regulacj\u0119 d\u0142ugo\u015bci w zakresie 45,5 cm \/ 84 cm \/ 122 cm \/ 160 cm \/ 200 cm. Mo\u017cesz wi\u0119c z \u0142atwo\u015bci\u0105 dostosowa\u0107 go do swoich potrzeb i przygotowa\u0107 idealne zdj\u0119cie! Akcesorium jest te\u017c bardzo wygodne w obs\u0142udze, a dzi\u0119ki dodatkowemu uchwytowi masz mo\u017cliwo\u015b\u0107 zawieszenia go sobie na nadgarstku \u2013 nie musisz si\u0119 martwi\u0107, \u017ce wypadnie Ci z r\u0119ki!<\/p>\n<p>\n<img decoding=\"async\" src=\"https:\/\/assets.innpro.pl\/7817\/9070\/4.jpg\" border=\"0\" \/>\n<\/p>\n<h3>Trwa\u0142a, lekka konstrukcja<\/h3>\n<p>Do wykonania uchwytu zastosowano wysokiej jako\u015bci stop aluminium. Dzi\u0119ki temu akcesorium zapewni stabilno\u015b\u0107 Twojej kamerze \u2013 nawet gdy roz\u0142o\u017cysz je na pe\u0142n\u0105 d\u0142ugo\u015b\u0107, nie b\u0119dzie si\u0119 chwia\u0107. Jest te\u017c bardzo trwa\u0142e i odporne na deformacje. Mimo tak du\u017cej wytrzyma\u0142o\u015bci selfie stick jest bardzo lekki \u2013 wa\u017cy tylko oko\u0142o 295 g. Nie b\u0119dzie stanowi\u0107 zbyt du\u017cego obci\u0105\u017cenia! Co wi\u0119cej, uchwyt akcesorium zosta\u0142 wyko\u0144czony przyjemn\u0105 w dotyku g\u0105bk\u0105.<\/p>\n<p>\n<img decoding=\"async\" src=\"https:\/\/assets.innpro.pl\/7817\/9070\/6.jpg\" border=\"0\" \/>\n<\/p>\n<h3>Szeroka kompatybilno\u015b\u0107<\/h3>\n<p>W dolnej cz\u0119\u015bci selfie sticka znajduje si\u0119 otw\u00f3r 1\/4&#8221;, kt\u00f3ry pozwala na jego monta\u017c na statywie lub wysi\u0119gniku. Z kolei wygodn\u0105 instalacj\u0119 kamery lub smartfona umo\u017cliwia gwint 1\/4&#8221;. Dzi\u0119ki niemu akcesorium jest kompatybilne z wieloma modelami popularnych urz\u0105dze\u0144 (konieczne mo\u017ce by\u0107 zastosowanie dodatkowych uchwyt\u00f3w, kt\u00f3re nie wchodz\u0105 w sk\u0142ad zestawu).<\/p>\n<p>\n<img decoding=\"async\" src=\"https:\/\/assets.innpro.pl\/7817\/9070\/5.jpg\" border=\"0\" \/>\n<\/p>\n<div class=\"table-wrapper\">\n<p>\u00a0<\/p>\n<h3><\/h3>\n<table>\n<tbody>\n<tr>\n<th>Producent <\/th>\n<td>Puluz<\/td>\n<\/tr>\n<tr>\n<th>Model<\/th>\n<td>PU641B<\/td>\n<\/tr>\n<tr>\n<th>Kolor <\/th>\n<td>Czarny<\/td>\n<\/tr>\n<tr>\n<th>Materia\u0142 <\/th>\n<td>Stop aluminium<\/td>\n<\/tr>\n<tr>\n<th>D\u0142ugo\u015b\u0107 <\/th>\n<td>45,5 cm \/ 84 cm \/ 122 cm \/ 160 cm \/ 200 cm (mo\u017cliwo\u015b\u0107 regulacji)<\/td>\n<\/tr>\n<tr>\n<th>Waga <\/th>\n<td>Ok. 295 g<\/td>\n<\/tr>\n<\/tbody>\n<\/table>\n<\/div>\n","protected":false},"excerpt":{"rendered":"<p>Metalowy uchwyt do selfie 2m PULUZ do kamery Insta360 One RS\/X2\/X3\/X4 (czarny) Tw\u00f3rz wyj\u0105tkowe selfie, r\u00f3b zdj\u0119cia grupowe z przyjaci\u00f3\u0142mi<\/p>\n","protected":false},"featured_media":57843,"comment_status":"closed","ping_status":"open","template":"","meta":{"_acf_changed":false},"product_brand":[],"product_cat":[1128,6178,6176,6177,6181,1138],"product_tag":[],"class_list":{"0":"post-57842","1":"product","2":"type-product","3":"status-publish","4":"has-post-thumbnail","6":"product_cat-foto-wideo","7":"product_cat-mocowania","8":"product_cat-selfie-stiki","9":"product_cat-statywy-selfie-stiki","10":"product_cat-szelki-mocowania-i-uchwyty","11":"product_cat-wysiegniki","12":"pa_okres-gwarancji-5754","13":"pa_producent-puluz","15":"first","16":"outofstock","17":"taxable","18":"shipping-taxable","19":"purchasable","20":"product-type-simple"},"acf":[],"yoast_head":"<!-- This site is optimized with the Yoast SEO plugin v27.2 - https:\/\/yoast.com\/product\/yoast-seo-wordpress\/ -->\n<title>Kijek selfie PULUZ PU641B 2m (czarny) - IRONSKY.PL Sklep z Dronami<\/title>\n<meta name=\"description\" content=\"Kijek selfie PULUZ PU641B 2m (czarny) - \u2705 sklep z dronami i fachowym doradztwem. \u2705 Tutaj kupisz produkty DJI, Yuneec, Parrot, Syma i wiele innych, a tak\u017ce kursy i licencje na operatora drona.\" \/>\n<meta name=\"robots\" content=\"index, follow, max-snippet:-1, max-image-preview:large, max-video-preview:-1\" \/>\n<link rel=\"canonical\" href=\"https:\/\/ironsky.pl\/sklep\/produkt\/kijek-selfie-puluz-pu641b-2m-czarny\/\" \/>\n<meta property=\"og:locale\" content=\"pl_PL\" \/>\n<meta property=\"og:type\" content=\"article\" \/>\n<meta property=\"og:title\" content=\"Kijek selfie PULUZ PU641B 2m (czarny) - IRONSKY.PL Sklep z Dronami\" \/>\n<meta property=\"og:description\" content=\"Kijek selfie PULUZ PU641B 2m (czarny) - \u2705 sklep z dronami i fachowym doradztwem. \u2705 Tutaj kupisz produkty DJI, Yuneec, Parrot, Syma i wiele innych, a tak\u017ce kursy i licencje na operatora drona.\" \/>\n<meta property=\"og:url\" content=\"https:\/\/ironsky.pl\/sklep\/produkt\/kijek-selfie-puluz-pu641b-2m-czarny\/\" \/>\n<meta property=\"og:site_name\" content=\"IRONSKY.PL Sklep z Dronami\" \/>\n<meta property=\"article:modified_time\" content=\"2026-04-15T08:30:29+00:00\" \/>\n<meta property=\"og:image\" content=\"https:\/\/ironsky.pl\/sklep\/wp-content\/uploads\/2026\/04\/36887_2.jpg\" \/>\n\t<meta property=\"og:image:width\" content=\"800\" \/>\n\t<meta property=\"og:image:height\" content=\"800\" \/>\n\t<meta property=\"og:image:type\" content=\"image\/jpeg\" \/>\n<meta name=\"twitter:card\" content=\"summary_large_image\" \/>\n<meta name=\"twitter:label1\" content=\"Szacowany czas czytania\" \/>\n\t<meta name=\"twitter:data1\" content=\"2 minuty\" \/>\n<script type=\"application\/ld+json\" class=\"yoast-schema-graph\">{\"@context\":\"https:\/\/schema.org\",\"@graph\":[{\"@type\":\"WebPage\",\"@id\":\"https:\/\/ironsky.pl\/sklep\/produkt\/kijek-selfie-puluz-pu641b-2m-czarny\/\",\"url\":\"https:\/\/ironsky.pl\/sklep\/produkt\/kijek-selfie-puluz-pu641b-2m-czarny\/\",\"name\":\"Kijek selfie PULUZ PU641B 2m (czarny) - IRONSKY.PL Sklep z Dronami\",\"isPartOf\":{\"@id\":\"https:\/\/ironsky.pl\/sklep\/#website\"},\"primaryImageOfPage\":{\"@id\":\"https:\/\/ironsky.pl\/sklep\/produkt\/kijek-selfie-puluz-pu641b-2m-czarny\/#primaryimage\"},\"image\":{\"@id\":\"https:\/\/ironsky.pl\/sklep\/produkt\/kijek-selfie-puluz-pu641b-2m-czarny\/#primaryimage\"},\"thumbnailUrl\":\"https:\/\/ironsky.pl\/sklep\/wp-content\/uploads\/2026\/04\/36887_2.jpg\",\"datePublished\":\"2026-04-15T08:29:55+00:00\",\"dateModified\":\"2026-04-15T08:30:29+00:00\",\"description\":\"Kijek selfie PULUZ PU641B 2m (czarny) - \u2705 sklep z dronami i fachowym doradztwem. \u2705 Tutaj kupisz produkty DJI, Yuneec, Parrot, Syma i wiele innych, a tak\u017ce kursy i licencje na operatora drona.\",\"breadcrumb\":{\"@id\":\"https:\/\/ironsky.pl\/sklep\/produkt\/kijek-selfie-puluz-pu641b-2m-czarny\/#breadcrumb\"},\"inLanguage\":\"pl-PL\",\"potentialAction\":[{\"@type\":\"ReadAction\",\"target\":[\"https:\/\/ironsky.pl\/sklep\/produkt\/kijek-selfie-puluz-pu641b-2m-czarny\/\"]}]},{\"@type\":\"ImageObject\",\"inLanguage\":\"pl-PL\",\"@id\":\"https:\/\/ironsky.pl\/sklep\/produkt\/kijek-selfie-puluz-pu641b-2m-czarny\/#primaryimage\",\"url\":\"https:\/\/ironsky.pl\/sklep\/wp-content\/uploads\/2026\/04\/36887_2.jpg\",\"contentUrl\":\"https:\/\/ironsky.pl\/sklep\/wp-content\/uploads\/2026\/04\/36887_2.jpg\",\"width\":800,\"height\":800},{\"@type\":\"BreadcrumbList\",\"@id\":\"https:\/\/ironsky.pl\/sklep\/produkt\/kijek-selfie-puluz-pu641b-2m-czarny\/#breadcrumb\",\"itemListElement\":[{\"@type\":\"ListItem\",\"position\":1,\"name\":\"Strona g\u0142\u00f3wna\",\"item\":\"https:\/\/ironsky.pl\/sklep\/\"},{\"@type\":\"ListItem\",\"position\":2,\"name\":\"Wszystkie produkty\",\"item\":\"https:\/\/ironsky.pl\/sklep\/produkty\/\"},{\"@type\":\"ListItem\",\"position\":3,\"name\":\"Kijek selfie PULUZ PU641B 2m (czarny)\"}]},{\"@type\":\"WebSite\",\"@id\":\"https:\/\/ironsky.pl\/sklep\/#website\",\"url\":\"https:\/\/ironsky.pl\/sklep\/\",\"name\":\"IRONSKY.PL Sklep z Dronami\",\"description\":\"IRONSKY.PL Sklep z Dronami\",\"potentialAction\":[{\"@type\":\"SearchAction\",\"target\":{\"@type\":\"EntryPoint\",\"urlTemplate\":\"https:\/\/ironsky.pl\/sklep\/?s={search_term_string}\"},\"query-input\":{\"@type\":\"PropertyValueSpecification\",\"valueRequired\":true,\"valueName\":\"search_term_string\"}}],\"inLanguage\":\"pl-PL\"}]}<\/script>\n<!-- \/ Yoast SEO plugin. -->","yoast_head_json":{"title":"Kijek selfie PULUZ PU641B 2m (czarny) - IRONSKY.PL Sklep z Dronami","description":"Kijek selfie PULUZ PU641B 2m (czarny) - \u2705 sklep z dronami i fachowym doradztwem. \u2705 Tutaj kupisz produkty DJI, Yuneec, Parrot, Syma i wiele innych, a tak\u017ce kursy i licencje na operatora drona.","robots":{"index":"index","follow":"follow","max-snippet":"max-snippet:-1","max-image-preview":"max-image-preview:large","max-video-preview":"max-video-preview:-1"},"canonical":"https:\/\/ironsky.pl\/sklep\/produkt\/kijek-selfie-puluz-pu641b-2m-czarny\/","og_locale":"pl_PL","og_type":"article","og_title":"Kijek selfie PULUZ PU641B 2m (czarny) - IRONSKY.PL Sklep z Dronami","og_description":"Kijek selfie PULUZ PU641B 2m (czarny) - \u2705 sklep z dronami i fachowym doradztwem. \u2705 Tutaj kupisz produkty DJI, Yuneec, Parrot, Syma i wiele innych, a tak\u017ce kursy i licencje na operatora drona.","og_url":"https:\/\/ironsky.pl\/sklep\/produkt\/kijek-selfie-puluz-pu641b-2m-czarny\/","og_site_name":"IRONSKY.PL Sklep z Dronami","article_modified_time":"2026-04-15T08:30:29+00:00","og_image":[{"width":800,"height":800,"url":"https:\/\/ironsky.pl\/sklep\/wp-content\/uploads\/2026\/04\/36887_2.jpg","type":"image\/jpeg"}],"twitter_card":"summary_large_image","twitter_misc":{"Szacowany czas czytania":"2 minuty"},"schema":{"@context":"https:\/\/schema.org","@graph":[{"@type":"WebPage","@id":"https:\/\/ironsky.pl\/sklep\/produkt\/kijek-selfie-puluz-pu641b-2m-czarny\/","url":"https:\/\/ironsky.pl\/sklep\/produkt\/kijek-selfie-puluz-pu641b-2m-czarny\/","name":"Kijek selfie PULUZ PU641B 2m (czarny) - IRONSKY.PL Sklep z Dronami","isPartOf":{"@id":"https:\/\/ironsky.pl\/sklep\/#website"},"primaryImageOfPage":{"@id":"https:\/\/ironsky.pl\/sklep\/produkt\/kijek-selfie-puluz-pu641b-2m-czarny\/#primaryimage"},"image":{"@id":"https:\/\/ironsky.pl\/sklep\/produkt\/kijek-selfie-puluz-pu641b-2m-czarny\/#primaryimage"},"thumbnailUrl":"https:\/\/ironsky.pl\/sklep\/wp-content\/uploads\/2026\/04\/36887_2.jpg","datePublished":"2026-04-15T08:29:55+00:00","dateModified":"2026-04-15T08:30:29+00:00","description":"Kijek selfie PULUZ PU641B 2m (czarny) - \u2705 sklep z dronami i fachowym doradztwem. \u2705 Tutaj kupisz produkty DJI, Yuneec, Parrot, Syma i wiele innych, a tak\u017ce kursy i licencje na operatora drona.","breadcrumb":{"@id":"https:\/\/ironsky.pl\/sklep\/produkt\/kijek-selfie-puluz-pu641b-2m-czarny\/#breadcrumb"},"inLanguage":"pl-PL","potentialAction":[{"@type":"ReadAction","target":["https:\/\/ironsky.pl\/sklep\/produkt\/kijek-selfie-puluz-pu641b-2m-czarny\/"]}]},{"@type":"ImageObject","inLanguage":"pl-PL","@id":"https:\/\/ironsky.pl\/sklep\/produkt\/kijek-selfie-puluz-pu641b-2m-czarny\/#primaryimage","url":"https:\/\/ironsky.pl\/sklep\/wp-content\/uploads\/2026\/04\/36887_2.jpg","contentUrl":"https:\/\/ironsky.pl\/sklep\/wp-content\/uploads\/2026\/04\/36887_2.jpg","width":800,"height":800},{"@type":"BreadcrumbList","@id":"https:\/\/ironsky.pl\/sklep\/produkt\/kijek-selfie-puluz-pu641b-2m-czarny\/#breadcrumb","itemListElement":[{"@type":"ListItem","position":1,"name":"Strona g\u0142\u00f3wna","item":"https:\/\/ironsky.pl\/sklep\/"},{"@type":"ListItem","position":2,"name":"Wszystkie produkty","item":"https:\/\/ironsky.pl\/sklep\/produkty\/"},{"@type":"ListItem","position":3,"name":"Kijek selfie PULUZ PU641B 2m (czarny)"}]},{"@type":"WebSite","@id":"https:\/\/ironsky.pl\/sklep\/#website","url":"https:\/\/ironsky.pl\/sklep\/","name":"IRONSKY.PL Sklep z Dronami","description":"IRONSKY.PL Sklep z Dronami","potentialAction":[{"@type":"SearchAction","target":{"@type":"EntryPoint","urlTemplate":"https:\/\/ironsky.pl\/sklep\/?s={search_term_string}"},"query-input":{"@type":"PropertyValueSpecification","valueRequired":true,"valueName":"search_term_string"}}],"inLanguage":"pl-PL"}]}},"_links":{"self":[{"href":"https:\/\/ironsky.pl\/sklep\/wp-json\/wp\/v2\/product\/57842","targetHints":{"allow":["GET"]}}],"collection":[{"href":"https:\/\/ironsky.pl\/sklep\/wp-json\/wp\/v2\/product"}],"about":[{"href":"https:\/\/ironsky.pl\/sklep\/wp-json\/wp\/v2\/types\/product"}],"replies":[{"embeddable":true,"href":"https:\/\/ironsky.pl\/sklep\/wp-json\/wp\/v2\/comments?post=57842"}],"wp:featuredmedia":[{"embeddable":true,"href":"https:\/\/ironsky.pl\/sklep\/wp-json\/wp\/v2\/media\/57843"}],"wp:attachment":[{"href":"https:\/\/ironsky.pl\/sklep\/wp-json\/wp\/v2\/media?parent=57842"}],"wp:term":[{"taxonomy":"product_brand","embeddable":true,"href":"https:\/\/ironsky.pl\/sklep\/wp-json\/wp\/v2\/product_brand?post=57842"},{"taxonomy":"product_cat","embeddable":true,"href":"https:\/\/ironsky.pl\/sklep\/wp-json\/wp\/v2\/product_cat?post=57842"},{"taxonomy":"product_tag","embeddable":true,"href":"https:\/\/ironsky.pl\/sklep\/wp-json\/wp\/v2\/product_tag?post=57842"}],"curies":[{"name":"wp","href":"https:\/\/api.w.org\/{rel}","templated":true}]}}