{"id":57837,"date":"2026-04-15T10:29:55","date_gmt":"2026-04-15T08:29:55","guid":{"rendered":"https:\/\/ironsky.pl\/sklep\/produkt\/oslona-ekranu-obiektywu-puluz-pu951t-insta360-ace-pro\/"},"modified":"2026-04-15T10:30:26","modified_gmt":"2026-04-15T08:30:26","slug":"oslona-ekranu-obiektywu-puluz-pu951t-insta360-ace-pro","status":"publish","type":"product","link":"https:\/\/ironsky.pl\/sklep\/produkt\/oslona-ekranu-obiektywu-puluz-pu951t-insta360-ace-pro\/","title":{"rendered":"Os\u0142ona ekranu\/obiektywu PULUZ PU951T Insta360 Ace Pro"},"content":{"rendered":"<h3>Os\u0142ona ze szk\u0142a hartowanego 3 w 1 PULUZ do Insta360 Ace Pro (PU951T) <\/h3>\n<p>Zadbaj o bezpiecze\u0144stwo swojej kamery Insta360 Ace Pro. Os\u0142ony ze szk\u0142a hartowanego Puluz PU951T ochroni\u0105 jej ekrany oraz obiektyw przed uszkodzeniem i u\u0142atwi\u0105 zachowanie ich w czysto\u015bci \u2013 zapewni\u0105 im odporno\u015b\u0107 na odciski palc\u00f3w, t\u0142uste plamy i wod\u0119. Monta\u017c akcesori\u00f3w nie sprawi Ci problemu \u2013 zapomnij o irytuj\u0105cych p\u0119cherzykach powietrza. Nie musisz te\u017c obawia\u0107 si\u0119 pogorszenia jako\u015bci obrazu. Os\u0142ony wyr\u00f3\u017cniaj\u0105 si\u0119 wysok\u0105 przepuszczalno\u015bci\u0105 \u015bwiat\u0142a, dzi\u0119ki czemu mo\u017cesz cieszy\u0107 si\u0119 \u017cyw\u0105 kolorystyk\u0105 i bogactwem szczeg\u00f3\u0142\u00f3w. W zestawie znajdziesz szk\u0142o hartowane na przedni ekran, na tylny ekran oraz na obiektyw kamery Insta360 Ace Pro.<\/p>\n<p><img decoding=\"async\" src=\"https:\/\/b2b.innpro.pl\/data\/include\/cms\/02Puluz\/PU951T\/5.jpg\" alt=\"02Puluz\/PU951T\/5\"><\/p>\n<h3>Niezawodna ochrona<\/h3>\n<p>Ju\u017c nie musisz si\u0119 martwi\u0107, \u017ce przez przypadek uszkodzisz jeden z wy\u015bwietlaczy lub obiektyw swojej kamery. Wchodz\u0105ce w sk\u0142ad zestawu os\u0142ony pozwol\u0105 Ci tego unikn\u0105\u0107! Do ich wykonania zastosowano trwa\u0142e szk\u0142o hartowane o wysokiej wytrzyma\u0142o\u015bci, dzi\u0119ki czemu mog\u0105 skutecznie zabezpieczy\u0107 ekrany i soczewk\u0119 przed zarysowaniem i innymi uszkodzeniami.<\/p>\n<p><img decoding=\"async\" src=\"https:\/\/b2b.innpro.pl\/data\/include\/cms\/02Puluz\/PU951T\/4.jpg\" alt=\"02Puluz\/PU951T\/4\"><\/p>\n<h3>W zestawie<\/h3>\n<ul>\n<li>Os\u0142ona na przedni ekran<\/li>\n<li>Os\u0142ona na tylny ekran<\/li>\n<li>Os\u0142ona na obiektyw<\/li>\n<li>\u015aciereczka do czyszczenia<\/li>\n<li>Suche i mokre chusteczki<\/li>\n<\/ul>\n<div class=\"table-wrapper\">\n<table>\n<tbody>\n<tr>\n<th>Producent<\/th>\n<td>Puluz<\/td>\n<\/tr>\n<tr>\n<th>Model<\/th>\n<td>PU951T<\/td>\n<\/tr>\n<tr>\n<th>Kompatybilno\u015b\u0107<\/th>\n<td>Kamera Insta360 Ace Pro<\/td>\n<\/tr>\n<\/tbody>\n<\/table>\n<\/div>\n","protected":false},"excerpt":{"rendered":"<p>Os\u0142ona ze szk\u0142a hartowanego 3 w 1 PULUZ do Insta360 Ace Pro (PU951T) Zadbaj o bezpiecze\u0144stwo swojej kamery Insta360 Ace<\/p>\n","protected":false},"featured_media":57838,"comment_status":"closed","ping_status":"open","template":"","meta":{"_acf_changed":false},"product_brand":[],"product_cat":[1130,1137,1128],"product_tag":[],"class_list":{"0":"post-57837","1":"product","2":"type-product","3":"status-publish","4":"has-post-thumbnail","6":"product_cat-akcesoria-foto","7":"product_cat-do-kamer-sportowych","8":"product_cat-foto-wideo","9":"pa_okres-gwarancji-5754","10":"pa_producent-puluz","12":"first","13":"outofstock","14":"taxable","15":"shipping-taxable","16":"purchasable","17":"product-type-simple"},"acf":[],"yoast_head":"<!-- This site is optimized with the Yoast SEO plugin v27.2 - https:\/\/yoast.com\/product\/yoast-seo-wordpress\/ -->\n<title>Os\u0142ona ekranu\/obiektywu PULUZ PU951T Insta360 Ace Pro - IRONSKY.PL Sklep z Dronami<\/title>\n<meta name=\"description\" content=\"Os\u0142ona ekranu\/obiektywu PULUZ PU951T Insta360 Ace Pro - \u2705 sklep z dronami i fachowym doradztwem. \u2705 Tutaj kupisz produkty DJI, Yuneec, Parrot, Syma i wiele innych, a tak\u017ce kursy i licencje na operatora drona.\" \/>\n<meta name=\"robots\" content=\"index, follow, max-snippet:-1, max-image-preview:large, max-video-preview:-1\" \/>\n<link rel=\"canonical\" href=\"https:\/\/ironsky.pl\/sklep\/produkt\/oslona-ekranu-obiektywu-puluz-pu951t-insta360-ace-pro\/\" \/>\n<meta property=\"og:locale\" content=\"pl_PL\" \/>\n<meta property=\"og:type\" content=\"article\" \/>\n<meta property=\"og:title\" content=\"Os\u0142ona ekranu\/obiektywu PULUZ PU951T Insta360 Ace Pro - IRONSKY.PL Sklep z Dronami\" \/>\n<meta property=\"og:description\" content=\"Os\u0142ona ekranu\/obiektywu PULUZ PU951T Insta360 Ace Pro - \u2705 sklep z dronami i fachowym doradztwem. \u2705 Tutaj kupisz produkty DJI, Yuneec, Parrot, Syma i wiele innych, a tak\u017ce kursy i licencje na operatora drona.\" \/>\n<meta property=\"og:url\" content=\"https:\/\/ironsky.pl\/sklep\/produkt\/oslona-ekranu-obiektywu-puluz-pu951t-insta360-ace-pro\/\" \/>\n<meta property=\"og:site_name\" content=\"IRONSKY.PL Sklep z Dronami\" \/>\n<meta property=\"article:modified_time\" content=\"2026-04-15T08:30:26+00:00\" \/>\n<meta property=\"og:image\" content=\"https:\/\/ironsky.pl\/sklep\/wp-content\/uploads\/2026\/04\/36884_1.jpg\" \/>\n\t<meta property=\"og:image:width\" content=\"800\" \/>\n\t<meta property=\"og:image:height\" content=\"800\" \/>\n\t<meta property=\"og:image:type\" content=\"image\/jpeg\" \/>\n<meta name=\"twitter:card\" content=\"summary_large_image\" \/>\n<meta name=\"twitter:label1\" content=\"Szacowany czas czytania\" \/>\n\t<meta name=\"twitter:data1\" content=\"1 minuta\" \/>\n<script type=\"application\/ld+json\" class=\"yoast-schema-graph\">{\"@context\":\"https:\/\/schema.org\",\"@graph\":[{\"@type\":\"WebPage\",\"@id\":\"https:\/\/ironsky.pl\/sklep\/produkt\/oslona-ekranu-obiektywu-puluz-pu951t-insta360-ace-pro\/\",\"url\":\"https:\/\/ironsky.pl\/sklep\/produkt\/oslona-ekranu-obiektywu-puluz-pu951t-insta360-ace-pro\/\",\"name\":\"Os\u0142ona ekranu\/obiektywu PULUZ PU951T Insta360 Ace Pro - IRONSKY.PL Sklep z Dronami\",\"isPartOf\":{\"@id\":\"https:\/\/ironsky.pl\/sklep\/#website\"},\"primaryImageOfPage\":{\"@id\":\"https:\/\/ironsky.pl\/sklep\/produkt\/oslona-ekranu-obiektywu-puluz-pu951t-insta360-ace-pro\/#primaryimage\"},\"image\":{\"@id\":\"https:\/\/ironsky.pl\/sklep\/produkt\/oslona-ekranu-obiektywu-puluz-pu951t-insta360-ace-pro\/#primaryimage\"},\"thumbnailUrl\":\"https:\/\/ironsky.pl\/sklep\/wp-content\/uploads\/2026\/04\/36884_1.jpg\",\"datePublished\":\"2026-04-15T08:29:55+00:00\",\"dateModified\":\"2026-04-15T08:30:26+00:00\",\"description\":\"Os\u0142ona ekranu\/obiektywu PULUZ PU951T Insta360 Ace Pro - \u2705 sklep z dronami i fachowym doradztwem. \u2705 Tutaj kupisz produkty DJI, Yuneec, Parrot, Syma i wiele innych, a tak\u017ce kursy i licencje na operatora drona.\",\"breadcrumb\":{\"@id\":\"https:\/\/ironsky.pl\/sklep\/produkt\/oslona-ekranu-obiektywu-puluz-pu951t-insta360-ace-pro\/#breadcrumb\"},\"inLanguage\":\"pl-PL\",\"potentialAction\":[{\"@type\":\"ReadAction\",\"target\":[\"https:\/\/ironsky.pl\/sklep\/produkt\/oslona-ekranu-obiektywu-puluz-pu951t-insta360-ace-pro\/\"]}]},{\"@type\":\"ImageObject\",\"inLanguage\":\"pl-PL\",\"@id\":\"https:\/\/ironsky.pl\/sklep\/produkt\/oslona-ekranu-obiektywu-puluz-pu951t-insta360-ace-pro\/#primaryimage\",\"url\":\"https:\/\/ironsky.pl\/sklep\/wp-content\/uploads\/2026\/04\/36884_1.jpg\",\"contentUrl\":\"https:\/\/ironsky.pl\/sklep\/wp-content\/uploads\/2026\/04\/36884_1.jpg\",\"width\":800,\"height\":800},{\"@type\":\"BreadcrumbList\",\"@id\":\"https:\/\/ironsky.pl\/sklep\/produkt\/oslona-ekranu-obiektywu-puluz-pu951t-insta360-ace-pro\/#breadcrumb\",\"itemListElement\":[{\"@type\":\"ListItem\",\"position\":1,\"name\":\"Strona g\u0142\u00f3wna\",\"item\":\"https:\/\/ironsky.pl\/sklep\/\"},{\"@type\":\"ListItem\",\"position\":2,\"name\":\"Wszystkie produkty\",\"item\":\"https:\/\/ironsky.pl\/sklep\/produkty\/\"},{\"@type\":\"ListItem\",\"position\":3,\"name\":\"Os\u0142ona ekranu\/obiektywu PULUZ PU951T Insta360 Ace Pro\"}]},{\"@type\":\"WebSite\",\"@id\":\"https:\/\/ironsky.pl\/sklep\/#website\",\"url\":\"https:\/\/ironsky.pl\/sklep\/\",\"name\":\"IRONSKY.PL Sklep z Dronami\",\"description\":\"IRONSKY.PL Sklep z Dronami\",\"potentialAction\":[{\"@type\":\"SearchAction\",\"target\":{\"@type\":\"EntryPoint\",\"urlTemplate\":\"https:\/\/ironsky.pl\/sklep\/?s={search_term_string}\"},\"query-input\":{\"@type\":\"PropertyValueSpecification\",\"valueRequired\":true,\"valueName\":\"search_term_string\"}}],\"inLanguage\":\"pl-PL\"}]}<\/script>\n<!-- \/ Yoast SEO plugin. -->","yoast_head_json":{"title":"Os\u0142ona ekranu\/obiektywu PULUZ PU951T Insta360 Ace Pro - IRONSKY.PL Sklep z Dronami","description":"Os\u0142ona ekranu\/obiektywu PULUZ PU951T Insta360 Ace Pro - \u2705 sklep z dronami i fachowym doradztwem. \u2705 Tutaj kupisz produkty DJI, Yuneec, Parrot, Syma i wiele innych, a tak\u017ce kursy i licencje na operatora drona.","robots":{"index":"index","follow":"follow","max-snippet":"max-snippet:-1","max-image-preview":"max-image-preview:large","max-video-preview":"max-video-preview:-1"},"canonical":"https:\/\/ironsky.pl\/sklep\/produkt\/oslona-ekranu-obiektywu-puluz-pu951t-insta360-ace-pro\/","og_locale":"pl_PL","og_type":"article","og_title":"Os\u0142ona ekranu\/obiektywu PULUZ PU951T Insta360 Ace Pro - IRONSKY.PL Sklep z Dronami","og_description":"Os\u0142ona ekranu\/obiektywu PULUZ PU951T Insta360 Ace Pro - \u2705 sklep z dronami i fachowym doradztwem. \u2705 Tutaj kupisz produkty DJI, Yuneec, Parrot, Syma i wiele innych, a tak\u017ce kursy i licencje na operatora drona.","og_url":"https:\/\/ironsky.pl\/sklep\/produkt\/oslona-ekranu-obiektywu-puluz-pu951t-insta360-ace-pro\/","og_site_name":"IRONSKY.PL Sklep z Dronami","article_modified_time":"2026-04-15T08:30:26+00:00","og_image":[{"width":800,"height":800,"url":"https:\/\/ironsky.pl\/sklep\/wp-content\/uploads\/2026\/04\/36884_1.jpg","type":"image\/jpeg"}],"twitter_card":"summary_large_image","twitter_misc":{"Szacowany czas czytania":"1 minuta"},"schema":{"@context":"https:\/\/schema.org","@graph":[{"@type":"WebPage","@id":"https:\/\/ironsky.pl\/sklep\/produkt\/oslona-ekranu-obiektywu-puluz-pu951t-insta360-ace-pro\/","url":"https:\/\/ironsky.pl\/sklep\/produkt\/oslona-ekranu-obiektywu-puluz-pu951t-insta360-ace-pro\/","name":"Os\u0142ona ekranu\/obiektywu PULUZ PU951T Insta360 Ace Pro - IRONSKY.PL Sklep z Dronami","isPartOf":{"@id":"https:\/\/ironsky.pl\/sklep\/#website"},"primaryImageOfPage":{"@id":"https:\/\/ironsky.pl\/sklep\/produkt\/oslona-ekranu-obiektywu-puluz-pu951t-insta360-ace-pro\/#primaryimage"},"image":{"@id":"https:\/\/ironsky.pl\/sklep\/produkt\/oslona-ekranu-obiektywu-puluz-pu951t-insta360-ace-pro\/#primaryimage"},"thumbnailUrl":"https:\/\/ironsky.pl\/sklep\/wp-content\/uploads\/2026\/04\/36884_1.jpg","datePublished":"2026-04-15T08:29:55+00:00","dateModified":"2026-04-15T08:30:26+00:00","description":"Os\u0142ona ekranu\/obiektywu PULUZ PU951T Insta360 Ace Pro - \u2705 sklep z dronami i fachowym doradztwem. \u2705 Tutaj kupisz produkty DJI, Yuneec, Parrot, Syma i wiele innych, a tak\u017ce kursy i licencje na operatora drona.","breadcrumb":{"@id":"https:\/\/ironsky.pl\/sklep\/produkt\/oslona-ekranu-obiektywu-puluz-pu951t-insta360-ace-pro\/#breadcrumb"},"inLanguage":"pl-PL","potentialAction":[{"@type":"ReadAction","target":["https:\/\/ironsky.pl\/sklep\/produkt\/oslona-ekranu-obiektywu-puluz-pu951t-insta360-ace-pro\/"]}]},{"@type":"ImageObject","inLanguage":"pl-PL","@id":"https:\/\/ironsky.pl\/sklep\/produkt\/oslona-ekranu-obiektywu-puluz-pu951t-insta360-ace-pro\/#primaryimage","url":"https:\/\/ironsky.pl\/sklep\/wp-content\/uploads\/2026\/04\/36884_1.jpg","contentUrl":"https:\/\/ironsky.pl\/sklep\/wp-content\/uploads\/2026\/04\/36884_1.jpg","width":800,"height":800},{"@type":"BreadcrumbList","@id":"https:\/\/ironsky.pl\/sklep\/produkt\/oslona-ekranu-obiektywu-puluz-pu951t-insta360-ace-pro\/#breadcrumb","itemListElement":[{"@type":"ListItem","position":1,"name":"Strona g\u0142\u00f3wna","item":"https:\/\/ironsky.pl\/sklep\/"},{"@type":"ListItem","position":2,"name":"Wszystkie produkty","item":"https:\/\/ironsky.pl\/sklep\/produkty\/"},{"@type":"ListItem","position":3,"name":"Os\u0142ona ekranu\/obiektywu PULUZ PU951T Insta360 Ace Pro"}]},{"@type":"WebSite","@id":"https:\/\/ironsky.pl\/sklep\/#website","url":"https:\/\/ironsky.pl\/sklep\/","name":"IRONSKY.PL Sklep z Dronami","description":"IRONSKY.PL Sklep z Dronami","potentialAction":[{"@type":"SearchAction","target":{"@type":"EntryPoint","urlTemplate":"https:\/\/ironsky.pl\/sklep\/?s={search_term_string}"},"query-input":{"@type":"PropertyValueSpecification","valueRequired":true,"valueName":"search_term_string"}}],"inLanguage":"pl-PL"}]}},"_links":{"self":[{"href":"https:\/\/ironsky.pl\/sklep\/wp-json\/wp\/v2\/product\/57837","targetHints":{"allow":["GET"]}}],"collection":[{"href":"https:\/\/ironsky.pl\/sklep\/wp-json\/wp\/v2\/product"}],"about":[{"href":"https:\/\/ironsky.pl\/sklep\/wp-json\/wp\/v2\/types\/product"}],"replies":[{"embeddable":true,"href":"https:\/\/ironsky.pl\/sklep\/wp-json\/wp\/v2\/comments?post=57837"}],"wp:featuredmedia":[{"embeddable":true,"href":"https:\/\/ironsky.pl\/sklep\/wp-json\/wp\/v2\/media\/57838"}],"wp:attachment":[{"href":"https:\/\/ironsky.pl\/sklep\/wp-json\/wp\/v2\/media?parent=57837"}],"wp:term":[{"taxonomy":"product_brand","embeddable":true,"href":"https:\/\/ironsky.pl\/sklep\/wp-json\/wp\/v2\/product_brand?post=57837"},{"taxonomy":"product_cat","embeddable":true,"href":"https:\/\/ironsky.pl\/sklep\/wp-json\/wp\/v2\/product_cat?post=57837"},{"taxonomy":"product_tag","embeddable":true,"href":"https:\/\/ironsky.pl\/sklep\/wp-json\/wp\/v2\/product_tag?post=57837"}],"curies":[{"name":"wp","href":"https:\/\/api.w.org\/{rel}","templated":true}]}}