{"id":57829,"date":"2026-04-15T10:29:55","date_gmt":"2026-04-15T08:29:55","guid":{"rendered":"https:\/\/ironsky.pl\/sklep\/produkt\/obudowa-wodoszczelna-telesin-gopro-hero-9-12-45m\/"},"modified":"2026-04-15T10:30:22","modified_gmt":"2026-04-15T08:30:22","slug":"obudowa-wodoszczelna-telesin-gopro-hero-9-12-45m","status":"publish","type":"product","link":"https:\/\/ironsky.pl\/sklep\/produkt\/obudowa-wodoszczelna-telesin-gopro-hero-9-12-45m\/","title":{"rendered":"Obudowa wodoszczelna TELESIN GoPro Hero 9-12 45m"},"content":{"rendered":"<h3>Wodoodporny zestaw etui TELESIN do GoPro Hero 12\/11\/10\/9<\/h3>\n<p>Uchwy\u0107 pi\u0119kno podwodnego \u015bwiata. Wodoodporny zestaw etui TELESIN skutecznie zabezpieczy Twoj\u0105 kamer\u0119 GoPro Hero przed uszkodzeniem i pozwoli bez obaw zanurzy\u0107 j\u0105 na g\u0142\u0119boko\u015b\u0107 do 45 m. Dzi\u0119ki zastosowaniu wysokiej klasy szk\u0142a o przepuszczalno\u015bci \u015bwiat\u0142a na poziomie 95% mo\u017cesz cieszy\u0107 si\u0119 \u015bwietn\u0105 jako\u015bci\u0105 obrazu i wyrazist\u0105 kolorystyk\u0105, a do\u0142\u0105czone do zestawu wk\u0142ady przeciwmgielne zapobiegn\u0105 parowaniu obiektywu. Teraz bez problemu stworzysz doskona\u0142e podwodne uj\u0119cie!<\/p>\n<p><img decoding=\"async\" src=\"https:\/\/b2b.innpro.pl\/data\/include\/cms\/Telesin\/GP-WTP-905\/4.jpg\" alt=\"Telesin\/GP-WTP-905\/4\"><\/p>\n<h3>Przemy\u015blana konstrukcja<\/h3>\n<p>Wchodz\u0105ce w sk\u0142ad zestawu etui jest wyj\u0105tkowo solidne i wytrzyma\u0142e. Zosta\u0142o wykonane z trwa\u0142ego tworzywa PC, dzi\u0119ki czemu mo\u017ce skutecznie zabezpieczy\u0107 umieszczon\u0105 wewn\u0105trz kamer\u0119 przed zarysowaniem i innymi uszkodzeniami. Co wi\u0119cej, produkt jest idealnie dopasowany do konstrukcji modeli GoPro Hero 12, 11, 10 i 9 \u2013 zapewni Twojemu urz\u0105dzeniu niezb\u0119dn\u0105 ochron\u0119, nie wp\u0142ywaj\u0105c negatywnie na komfort jego obs\u0142ugi. Co wi\u0119cej, akcesorium sprawdzi si\u0119 nie tylko podczas nurkowania \u2013 w opakowaniu znajdziesz r\u00f3wnie\u017c wymienne tylne drzwiczki, kt\u00f3re gwarantuj\u0105 efektywne odprowadzanie ciep\u0142a i umo\u017cliwiaj\u0105 wygodne korzystanie z ekranu dotykowego kamery.<\/p>\n<p><img decoding=\"async\" src=\"https:\/\/b2b.innpro.pl\/data\/include\/cms\/Telesin\/GP-WTP-905\/3.jpg\" alt=\"Telesin\/GP-WTP-905\/3\"><\/p>\n<h3>W zestawie<\/h3>\n<ul>\n<li>Etui wodoodporne<\/li>\n<li>Wymienne tylne drzwiczki<\/li>\n<li>\u015aruba blokuj\u0105ca<\/li>\n<li>Ruchoma baza<\/li>\n<li>Wk\u0142ady przeciwmgielne (6 sztuk)<\/li>\n<li>Instrukcja obs\u0142ugi<\/li>\n<\/ul>\n<div class=\"table-wrapper\">\n<table>\n<tbody>\n<tr>\n<th>Producent<\/th>\n<td>TELESIN<\/td>\n<\/tr>\n<tr>\n<th>Model<\/th>\n<td>GP-WTP-905<\/td>\n<\/tr>\n<tr>\n<th>Wymiary<\/th>\n<td>78,6 x 78,6 x 40 mm<\/td>\n<\/tr>\n<tr>\n<th>Waga<\/th>\n<td>Etui: 89 g; Tylne drzwiczki: 16,9 g;<\/td>\n<\/tr>\n<tr>\n<th>Materia\u0142<\/th>\n<td>PC, stal nierdzewna 316, szk\u0142o hartowane<\/td>\n<\/tr>\n<tr>\n<th>Kompatybilno\u015b\u0107<\/th>\n<td>GoPro Hero 12 \/ 11 \/ 10 \/ 9<\/td>\n<\/tr>\n<\/tbody>\n<\/table>\n<\/div>\n","protected":false},"excerpt":{"rendered":"<p>Wodoodporny zestaw etui TELESIN do GoPro Hero 12\/11\/10\/9 Uchwy\u0107 pi\u0119kno podwodnego \u015bwiata. Wodoodporny zestaw etui TELESIN skutecznie zabezpieczy Twoj\u0105 kamer\u0119<\/p>\n","protected":false},"featured_media":57830,"comment_status":"closed","ping_status":"open","template":"","meta":{"_acf_changed":false},"product_brand":[],"product_cat":[1130,1137,1128],"product_tag":[],"class_list":{"0":"post-57829","1":"product","2":"type-product","3":"status-publish","4":"has-post-thumbnail","6":"product_cat-akcesoria-foto","7":"product_cat-do-kamer-sportowych","8":"product_cat-foto-wideo","9":"pa_okres-gwarancji-5754","10":"pa_producent-telesin","12":"first","13":"outofstock","14":"taxable","15":"shipping-taxable","16":"purchasable","17":"product-type-simple"},"acf":[],"yoast_head":"<!-- This site is optimized with the Yoast SEO plugin v27.2 - https:\/\/yoast.com\/product\/yoast-seo-wordpress\/ -->\n<title>Obudowa wodoszczelna TELESIN GoPro Hero 9-12 45m - IRONSKY.PL Sklep z Dronami<\/title>\n<meta name=\"description\" content=\"Obudowa wodoszczelna TELESIN GoPro Hero 9-12 45m - \u2705 sklep z dronami i fachowym doradztwem. \u2705 Tutaj kupisz produkty DJI, Yuneec, Parrot, Syma i wiele innych, a tak\u017ce kursy i licencje na operatora drona.\" \/>\n<meta name=\"robots\" content=\"index, follow, max-snippet:-1, max-image-preview:large, max-video-preview:-1\" \/>\n<link rel=\"canonical\" href=\"https:\/\/ironsky.pl\/sklep\/produkt\/obudowa-wodoszczelna-telesin-gopro-hero-9-12-45m\/\" \/>\n<meta property=\"og:locale\" content=\"pl_PL\" \/>\n<meta property=\"og:type\" content=\"article\" \/>\n<meta property=\"og:title\" content=\"Obudowa wodoszczelna TELESIN GoPro Hero 9-12 45m - IRONSKY.PL Sklep z Dronami\" \/>\n<meta property=\"og:description\" content=\"Obudowa wodoszczelna TELESIN GoPro Hero 9-12 45m - \u2705 sklep z dronami i fachowym doradztwem. \u2705 Tutaj kupisz produkty DJI, Yuneec, Parrot, Syma i wiele innych, a tak\u017ce kursy i licencje na operatora drona.\" \/>\n<meta property=\"og:url\" content=\"https:\/\/ironsky.pl\/sklep\/produkt\/obudowa-wodoszczelna-telesin-gopro-hero-9-12-45m\/\" \/>\n<meta property=\"og:site_name\" content=\"IRONSKY.PL Sklep z Dronami\" \/>\n<meta property=\"article:modified_time\" content=\"2026-04-15T08:30:22+00:00\" \/>\n<meta property=\"og:image\" content=\"https:\/\/ironsky.pl\/sklep\/wp-content\/uploads\/2026\/04\/36790_2.jpg\" \/>\n\t<meta property=\"og:image:width\" content=\"800\" \/>\n\t<meta property=\"og:image:height\" content=\"800\" \/>\n\t<meta property=\"og:image:type\" content=\"image\/jpeg\" \/>\n<meta name=\"twitter:card\" content=\"summary_large_image\" \/>\n<meta name=\"twitter:label1\" content=\"Szacowany czas czytania\" \/>\n\t<meta name=\"twitter:data1\" content=\"1 minuta\" \/>\n<script type=\"application\/ld+json\" class=\"yoast-schema-graph\">{\"@context\":\"https:\/\/schema.org\",\"@graph\":[{\"@type\":\"WebPage\",\"@id\":\"https:\/\/ironsky.pl\/sklep\/produkt\/obudowa-wodoszczelna-telesin-gopro-hero-9-12-45m\/\",\"url\":\"https:\/\/ironsky.pl\/sklep\/produkt\/obudowa-wodoszczelna-telesin-gopro-hero-9-12-45m\/\",\"name\":\"Obudowa wodoszczelna TELESIN GoPro Hero 9-12 45m - IRONSKY.PL Sklep z Dronami\",\"isPartOf\":{\"@id\":\"https:\/\/ironsky.pl\/sklep\/#website\"},\"primaryImageOfPage\":{\"@id\":\"https:\/\/ironsky.pl\/sklep\/produkt\/obudowa-wodoszczelna-telesin-gopro-hero-9-12-45m\/#primaryimage\"},\"image\":{\"@id\":\"https:\/\/ironsky.pl\/sklep\/produkt\/obudowa-wodoszczelna-telesin-gopro-hero-9-12-45m\/#primaryimage\"},\"thumbnailUrl\":\"https:\/\/ironsky.pl\/sklep\/wp-content\/uploads\/2026\/04\/36790_2.jpg\",\"datePublished\":\"2026-04-15T08:29:55+00:00\",\"dateModified\":\"2026-04-15T08:30:22+00:00\",\"description\":\"Obudowa wodoszczelna TELESIN GoPro Hero 9-12 45m - \u2705 sklep z dronami i fachowym doradztwem. \u2705 Tutaj kupisz produkty DJI, Yuneec, Parrot, Syma i wiele innych, a tak\u017ce kursy i licencje na operatora drona.\",\"breadcrumb\":{\"@id\":\"https:\/\/ironsky.pl\/sklep\/produkt\/obudowa-wodoszczelna-telesin-gopro-hero-9-12-45m\/#breadcrumb\"},\"inLanguage\":\"pl-PL\",\"potentialAction\":[{\"@type\":\"ReadAction\",\"target\":[\"https:\/\/ironsky.pl\/sklep\/produkt\/obudowa-wodoszczelna-telesin-gopro-hero-9-12-45m\/\"]}]},{\"@type\":\"ImageObject\",\"inLanguage\":\"pl-PL\",\"@id\":\"https:\/\/ironsky.pl\/sklep\/produkt\/obudowa-wodoszczelna-telesin-gopro-hero-9-12-45m\/#primaryimage\",\"url\":\"https:\/\/ironsky.pl\/sklep\/wp-content\/uploads\/2026\/04\/36790_2.jpg\",\"contentUrl\":\"https:\/\/ironsky.pl\/sklep\/wp-content\/uploads\/2026\/04\/36790_2.jpg\",\"width\":800,\"height\":800},{\"@type\":\"BreadcrumbList\",\"@id\":\"https:\/\/ironsky.pl\/sklep\/produkt\/obudowa-wodoszczelna-telesin-gopro-hero-9-12-45m\/#breadcrumb\",\"itemListElement\":[{\"@type\":\"ListItem\",\"position\":1,\"name\":\"Strona g\u0142\u00f3wna\",\"item\":\"https:\/\/ironsky.pl\/sklep\/\"},{\"@type\":\"ListItem\",\"position\":2,\"name\":\"Wszystkie produkty\",\"item\":\"https:\/\/ironsky.pl\/sklep\/produkty\/\"},{\"@type\":\"ListItem\",\"position\":3,\"name\":\"Obudowa wodoszczelna TELESIN GoPro Hero 9-12 45m\"}]},{\"@type\":\"WebSite\",\"@id\":\"https:\/\/ironsky.pl\/sklep\/#website\",\"url\":\"https:\/\/ironsky.pl\/sklep\/\",\"name\":\"IRONSKY.PL Sklep z Dronami\",\"description\":\"IRONSKY.PL Sklep z Dronami\",\"potentialAction\":[{\"@type\":\"SearchAction\",\"target\":{\"@type\":\"EntryPoint\",\"urlTemplate\":\"https:\/\/ironsky.pl\/sklep\/?s={search_term_string}\"},\"query-input\":{\"@type\":\"PropertyValueSpecification\",\"valueRequired\":true,\"valueName\":\"search_term_string\"}}],\"inLanguage\":\"pl-PL\"}]}<\/script>\n<!-- \/ Yoast SEO plugin. -->","yoast_head_json":{"title":"Obudowa wodoszczelna TELESIN GoPro Hero 9-12 45m - IRONSKY.PL Sklep z Dronami","description":"Obudowa wodoszczelna TELESIN GoPro Hero 9-12 45m - \u2705 sklep z dronami i fachowym doradztwem. \u2705 Tutaj kupisz produkty DJI, Yuneec, Parrot, Syma i wiele innych, a tak\u017ce kursy i licencje na operatora drona.","robots":{"index":"index","follow":"follow","max-snippet":"max-snippet:-1","max-image-preview":"max-image-preview:large","max-video-preview":"max-video-preview:-1"},"canonical":"https:\/\/ironsky.pl\/sklep\/produkt\/obudowa-wodoszczelna-telesin-gopro-hero-9-12-45m\/","og_locale":"pl_PL","og_type":"article","og_title":"Obudowa wodoszczelna TELESIN GoPro Hero 9-12 45m - IRONSKY.PL Sklep z Dronami","og_description":"Obudowa wodoszczelna TELESIN GoPro Hero 9-12 45m - \u2705 sklep z dronami i fachowym doradztwem. \u2705 Tutaj kupisz produkty DJI, Yuneec, Parrot, Syma i wiele innych, a tak\u017ce kursy i licencje na operatora drona.","og_url":"https:\/\/ironsky.pl\/sklep\/produkt\/obudowa-wodoszczelna-telesin-gopro-hero-9-12-45m\/","og_site_name":"IRONSKY.PL Sklep z Dronami","article_modified_time":"2026-04-15T08:30:22+00:00","og_image":[{"width":800,"height":800,"url":"https:\/\/ironsky.pl\/sklep\/wp-content\/uploads\/2026\/04\/36790_2.jpg","type":"image\/jpeg"}],"twitter_card":"summary_large_image","twitter_misc":{"Szacowany czas czytania":"1 minuta"},"schema":{"@context":"https:\/\/schema.org","@graph":[{"@type":"WebPage","@id":"https:\/\/ironsky.pl\/sklep\/produkt\/obudowa-wodoszczelna-telesin-gopro-hero-9-12-45m\/","url":"https:\/\/ironsky.pl\/sklep\/produkt\/obudowa-wodoszczelna-telesin-gopro-hero-9-12-45m\/","name":"Obudowa wodoszczelna TELESIN GoPro Hero 9-12 45m - IRONSKY.PL Sklep z Dronami","isPartOf":{"@id":"https:\/\/ironsky.pl\/sklep\/#website"},"primaryImageOfPage":{"@id":"https:\/\/ironsky.pl\/sklep\/produkt\/obudowa-wodoszczelna-telesin-gopro-hero-9-12-45m\/#primaryimage"},"image":{"@id":"https:\/\/ironsky.pl\/sklep\/produkt\/obudowa-wodoszczelna-telesin-gopro-hero-9-12-45m\/#primaryimage"},"thumbnailUrl":"https:\/\/ironsky.pl\/sklep\/wp-content\/uploads\/2026\/04\/36790_2.jpg","datePublished":"2026-04-15T08:29:55+00:00","dateModified":"2026-04-15T08:30:22+00:00","description":"Obudowa wodoszczelna TELESIN GoPro Hero 9-12 45m - \u2705 sklep z dronami i fachowym doradztwem. \u2705 Tutaj kupisz produkty DJI, Yuneec, Parrot, Syma i wiele innych, a tak\u017ce kursy i licencje na operatora drona.","breadcrumb":{"@id":"https:\/\/ironsky.pl\/sklep\/produkt\/obudowa-wodoszczelna-telesin-gopro-hero-9-12-45m\/#breadcrumb"},"inLanguage":"pl-PL","potentialAction":[{"@type":"ReadAction","target":["https:\/\/ironsky.pl\/sklep\/produkt\/obudowa-wodoszczelna-telesin-gopro-hero-9-12-45m\/"]}]},{"@type":"ImageObject","inLanguage":"pl-PL","@id":"https:\/\/ironsky.pl\/sklep\/produkt\/obudowa-wodoszczelna-telesin-gopro-hero-9-12-45m\/#primaryimage","url":"https:\/\/ironsky.pl\/sklep\/wp-content\/uploads\/2026\/04\/36790_2.jpg","contentUrl":"https:\/\/ironsky.pl\/sklep\/wp-content\/uploads\/2026\/04\/36790_2.jpg","width":800,"height":800},{"@type":"BreadcrumbList","@id":"https:\/\/ironsky.pl\/sklep\/produkt\/obudowa-wodoszczelna-telesin-gopro-hero-9-12-45m\/#breadcrumb","itemListElement":[{"@type":"ListItem","position":1,"name":"Strona g\u0142\u00f3wna","item":"https:\/\/ironsky.pl\/sklep\/"},{"@type":"ListItem","position":2,"name":"Wszystkie produkty","item":"https:\/\/ironsky.pl\/sklep\/produkty\/"},{"@type":"ListItem","position":3,"name":"Obudowa wodoszczelna TELESIN GoPro Hero 9-12 45m"}]},{"@type":"WebSite","@id":"https:\/\/ironsky.pl\/sklep\/#website","url":"https:\/\/ironsky.pl\/sklep\/","name":"IRONSKY.PL Sklep z Dronami","description":"IRONSKY.PL Sklep z Dronami","potentialAction":[{"@type":"SearchAction","target":{"@type":"EntryPoint","urlTemplate":"https:\/\/ironsky.pl\/sklep\/?s={search_term_string}"},"query-input":{"@type":"PropertyValueSpecification","valueRequired":true,"valueName":"search_term_string"}}],"inLanguage":"pl-PL"}]}},"_links":{"self":[{"href":"https:\/\/ironsky.pl\/sklep\/wp-json\/wp\/v2\/product\/57829","targetHints":{"allow":["GET"]}}],"collection":[{"href":"https:\/\/ironsky.pl\/sklep\/wp-json\/wp\/v2\/product"}],"about":[{"href":"https:\/\/ironsky.pl\/sklep\/wp-json\/wp\/v2\/types\/product"}],"replies":[{"embeddable":true,"href":"https:\/\/ironsky.pl\/sklep\/wp-json\/wp\/v2\/comments?post=57829"}],"wp:featuredmedia":[{"embeddable":true,"href":"https:\/\/ironsky.pl\/sklep\/wp-json\/wp\/v2\/media\/57830"}],"wp:attachment":[{"href":"https:\/\/ironsky.pl\/sklep\/wp-json\/wp\/v2\/media?parent=57829"}],"wp:term":[{"taxonomy":"product_brand","embeddable":true,"href":"https:\/\/ironsky.pl\/sklep\/wp-json\/wp\/v2\/product_brand?post=57829"},{"taxonomy":"product_cat","embeddable":true,"href":"https:\/\/ironsky.pl\/sklep\/wp-json\/wp\/v2\/product_cat?post=57829"},{"taxonomy":"product_tag","embeddable":true,"href":"https:\/\/ironsky.pl\/sklep\/wp-json\/wp\/v2\/product_tag?post=57829"}],"curies":[{"name":"wp","href":"https:\/\/api.w.org\/{rel}","templated":true}]}}