{"id":57814,"date":"2026-04-15T10:29:55","date_gmt":"2026-04-15T08:29:55","guid":{"rendered":"https:\/\/ironsky.pl\/sklep\/produkt\/uchwyt-z-przyssawka-telesin-do-insta360-go-3-2\/"},"modified":"2026-04-15T10:30:13","modified_gmt":"2026-04-15T08:30:13","slug":"uchwyt-z-przyssawka-telesin-do-insta360-go-3-2","status":"publish","type":"product","link":"https:\/\/ironsky.pl\/sklep\/produkt\/uchwyt-z-przyssawka-telesin-do-insta360-go-3-2\/","title":{"rendered":"Uchwyt z przyssawk\u0105 TELESIN do Insta360 GO 3"},"content":{"rendered":"<h3>Uchwyt z przyssawk\u0105 TELESIN do Insta360 GO 3<\/h3>\n<p>Zyskaj niepowtarzaln\u0105 perspektyw\u0119 i stw\u00f3rz mn\u00f3stwo ciekawych uj\u0119\u0107. Ten wyj\u0105tkowy zestaw mocowa\u0144 zawiera uchwyt magnetyczny oraz uchwyt z przyssawk\u0105 do kamery Insta360 GO 3. Za ich pomoc\u0105 stabilnie przymocujesz swoje urz\u0105dzenie do wybranej powierzchni i nagrasz jedyny w swoim rodzaju materia\u0142 wideo! Akcesoria s\u0105 bardzo proste w monta\u017cu i wytrzyma\u0142e. Wyr\u00f3\u017cnia je tak\u017ce kompatybilno\u015b\u0107 z innymi mocowaniami (na przyk\u0142ad z uchwytem na telefon), kt\u00f3re s\u0105 dost\u0119pne w sprzeda\u017cy oddzielnie.<\/p>\n<p><img decoding=\"async\" src=\"https:\/\/b2b.innpro.pl\/data\/include\/cms\/Telesin\/MAG-003\/5.jpg\" alt=\"Telesin\/MAG-003\/5\"><\/p>\n<h3>Niezawodna przyssawka<\/h3>\n<p>Wchodz\u0105cy w sk\u0142ad zestawu uchwyt z przyssawk\u0105 pozwoli Ci przymocowa\u0107 kamer\u0119 na przyk\u0142ad do szyby samochodu. To doskona\u0142y spos\u00f3b na nagranie swojej podr\u00f3\u017cy z niecodziennej perspektywy! Akcesorium zapewni Twojemu urz\u0105dzeniu niezb\u0119dn\u0105 stabilno\u015b\u0107, a ponadto jest wielokrotnego u\u017cytku \u2013 je\u015bli si\u0119 pobrudzi, mo\u017cesz po prostu je wyczy\u015bci\u0107, a po wysuszeniu zastosowa\u0107 ponownie.<\/p>\n<p><img decoding=\"async\" src=\"https:\/\/b2b.innpro.pl\/data\/include\/cms\/Telesin\/MAG-003\/4.jpg\" alt=\"Telesin\/MAG-003\/4\"><\/p>\n<h3>Mocne magnesy<\/h3>\n<p>Magnetyczne mocowanie, kt\u00f3re znajdziesz w zestawie, zapewni Ci wiele ciekawych mo\u017cliwo\u015bci nagrywania. Za jego pomoc\u0105 bez problemu przymocujesz kamer\u0119 do balustrady, samochodu, lod\u00f3wki i nie tylko. Akcesorium zosta\u0142o wyposa\u017cone w 6 mocnych magnes\u00f3w neodymowych i wyr\u00f3\u017cnia si\u0119 ud\u017awigiem do 300 g. Dzi\u0119ki temu masz pewno\u015b\u0107, \u017ce Tw\u00f3j sprz\u0119t jest bezpieczny \u2013 nie martw si\u0119, \u017ce spadnie i zostanie uszkodzony. Co wi\u0119cej, dolna cz\u0119\u015b\u0107 uchwytu jest wy\u0142o\u017cona silikonem, nie musisz wi\u0119c obawia\u0107 si\u0119 zarysowania powierzchni, do kt\u00f3rej go przymocujesz.<\/p>\n<p><img decoding=\"async\" src=\"https:\/\/b2b.innpro.pl\/data\/include\/cms\/Telesin\/MAG-003\/6.jpg\" alt=\"Telesin\/MAG-003\/6\"><\/p>\n<h3>W zestawie<\/h3>\n<ul>\n<li>Uchwyt z przyssawk\u0105<\/li>\n<li>Magnetyczne mocowanie<\/li>\n<\/ul>\n<div class=\"table-wrapper\">\n<table>\n<tbody>\n<tr>\n<th>Producent<\/th>\n<td>TELESIN<\/td>\n<\/tr>\n<tr>\n<th>Model<\/th>\n<td>MAG-003<\/td>\n<\/tr>\n<tr>\n<th>Wymiary uchwytu z przyssawk\u0105<\/th>\n<td>85 x 50 mm<\/td>\n<\/tr>\n<tr>\n<th>Wymiary mocowania magnetycznego<\/th>\n<td>66,6 x 22,8 mm<\/td>\n<\/tr>\n<tr>\n<th>Waga uchwytu z przyssawk\u0105<\/th>\n<td>100 g<\/td>\n<\/tr>\n<tr>\n<th>Waga mocowania magnetycznego<\/th>\n<td>90 g<\/td>\n<\/tr>\n<tr>\n<th>Ud\u017awig uchwytu z przyssawk\u0105<\/th>\n<td>Do 300 g<\/td>\n<\/tr>\n<tr>\n<th>Ud\u017awig mocowania magnetycznego<\/th>\n<td>Do 300 g<\/td>\n<\/tr>\n<tr>\n<th>Materia\u0142 uchwytu z przyssawk\u0105<\/th>\n<td>PVC, PC<\/td>\n<\/tr>\n<tr>\n<th>Materia\u0142 mocowania magnetycznego<\/th>\n<td>Stop aluminium, nylon, w\u0142\u00f3kno szklane<\/td>\n<\/tr>\n<\/tbody>\n<\/table>\n<\/div>\n","protected":false},"excerpt":{"rendered":"<p>Uchwyt z przyssawk\u0105 TELESIN do Insta360 GO 3 Zyskaj niepowtarzaln\u0105 perspektyw\u0119 i stw\u00f3rz mn\u00f3stwo ciekawych uj\u0119\u0107. Ten wyj\u0105tkowy zestaw mocowa\u0144<\/p>\n","protected":false},"featured_media":57815,"comment_status":"closed","ping_status":"open","template":"","meta":{"_acf_changed":false},"product_brand":[],"product_cat":[1130,1137,1128],"product_tag":[],"class_list":{"0":"post-57814","1":"product","2":"type-product","3":"status-publish","4":"has-post-thumbnail","6":"product_cat-akcesoria-foto","7":"product_cat-do-kamer-sportowych","8":"product_cat-foto-wideo","9":"pa_okres-gwarancji-5754","10":"pa_producent-telesin","12":"first","13":"outofstock","14":"taxable","15":"shipping-taxable","16":"purchasable","17":"product-type-simple"},"acf":[],"yoast_head":"<!-- This site is optimized with the Yoast SEO plugin v27.2 - https:\/\/yoast.com\/product\/yoast-seo-wordpress\/ -->\n<title>Uchwyt z przyssawk\u0105 TELESIN do Insta360 GO 3 - IRONSKY.PL Sklep z Dronami<\/title>\n<meta name=\"description\" content=\"Uchwyt z przyssawk\u0105 TELESIN do Insta360 GO 3 - \u2705 sklep z dronami i fachowym doradztwem. \u2705 Tutaj kupisz produkty DJI, Yuneec, Parrot, Syma i wiele innych, a tak\u017ce kursy i licencje na operatora drona.\" \/>\n<meta name=\"robots\" content=\"index, follow, max-snippet:-1, max-image-preview:large, max-video-preview:-1\" \/>\n<link rel=\"canonical\" href=\"https:\/\/ironsky.pl\/sklep\/produkt\/uchwyt-z-przyssawka-telesin-do-insta360-go-3-2\/\" \/>\n<meta property=\"og:locale\" content=\"pl_PL\" \/>\n<meta property=\"og:type\" content=\"article\" \/>\n<meta property=\"og:title\" content=\"Uchwyt z przyssawk\u0105 TELESIN do Insta360 GO 3 - IRONSKY.PL Sklep z Dronami\" \/>\n<meta property=\"og:description\" content=\"Uchwyt z przyssawk\u0105 TELESIN do Insta360 GO 3 - \u2705 sklep z dronami i fachowym doradztwem. \u2705 Tutaj kupisz produkty DJI, Yuneec, Parrot, Syma i wiele innych, a tak\u017ce kursy i licencje na operatora drona.\" \/>\n<meta property=\"og:url\" content=\"https:\/\/ironsky.pl\/sklep\/produkt\/uchwyt-z-przyssawka-telesin-do-insta360-go-3-2\/\" \/>\n<meta property=\"og:site_name\" content=\"IRONSKY.PL Sklep z Dronami\" \/>\n<meta property=\"article:modified_time\" content=\"2026-04-15T08:30:13+00:00\" \/>\n<meta property=\"og:image\" content=\"https:\/\/ironsky.pl\/sklep\/wp-content\/uploads\/2026\/04\/36779_2.jpg\" \/>\n\t<meta property=\"og:image:width\" content=\"800\" \/>\n\t<meta property=\"og:image:height\" content=\"800\" \/>\n\t<meta property=\"og:image:type\" content=\"image\/jpeg\" \/>\n<meta name=\"twitter:card\" content=\"summary_large_image\" \/>\n<meta name=\"twitter:label1\" content=\"Szacowany czas czytania\" \/>\n\t<meta name=\"twitter:data1\" content=\"2 minuty\" \/>\n<script type=\"application\/ld+json\" class=\"yoast-schema-graph\">{\"@context\":\"https:\/\/schema.org\",\"@graph\":[{\"@type\":\"WebPage\",\"@id\":\"https:\/\/ironsky.pl\/sklep\/produkt\/uchwyt-z-przyssawka-telesin-do-insta360-go-3-2\/\",\"url\":\"https:\/\/ironsky.pl\/sklep\/produkt\/uchwyt-z-przyssawka-telesin-do-insta360-go-3-2\/\",\"name\":\"Uchwyt z przyssawk\u0105 TELESIN do Insta360 GO 3 - IRONSKY.PL Sklep z Dronami\",\"isPartOf\":{\"@id\":\"https:\/\/ironsky.pl\/sklep\/#website\"},\"primaryImageOfPage\":{\"@id\":\"https:\/\/ironsky.pl\/sklep\/produkt\/uchwyt-z-przyssawka-telesin-do-insta360-go-3-2\/#primaryimage\"},\"image\":{\"@id\":\"https:\/\/ironsky.pl\/sklep\/produkt\/uchwyt-z-przyssawka-telesin-do-insta360-go-3-2\/#primaryimage\"},\"thumbnailUrl\":\"https:\/\/ironsky.pl\/sklep\/wp-content\/uploads\/2026\/04\/36779_2.jpg\",\"datePublished\":\"2026-04-15T08:29:55+00:00\",\"dateModified\":\"2026-04-15T08:30:13+00:00\",\"description\":\"Uchwyt z przyssawk\u0105 TELESIN do Insta360 GO 3 - \u2705 sklep z dronami i fachowym doradztwem. \u2705 Tutaj kupisz produkty DJI, Yuneec, Parrot, Syma i wiele innych, a tak\u017ce kursy i licencje na operatora drona.\",\"breadcrumb\":{\"@id\":\"https:\/\/ironsky.pl\/sklep\/produkt\/uchwyt-z-przyssawka-telesin-do-insta360-go-3-2\/#breadcrumb\"},\"inLanguage\":\"pl-PL\",\"potentialAction\":[{\"@type\":\"ReadAction\",\"target\":[\"https:\/\/ironsky.pl\/sklep\/produkt\/uchwyt-z-przyssawka-telesin-do-insta360-go-3-2\/\"]}]},{\"@type\":\"ImageObject\",\"inLanguage\":\"pl-PL\",\"@id\":\"https:\/\/ironsky.pl\/sklep\/produkt\/uchwyt-z-przyssawka-telesin-do-insta360-go-3-2\/#primaryimage\",\"url\":\"https:\/\/ironsky.pl\/sklep\/wp-content\/uploads\/2026\/04\/36779_2.jpg\",\"contentUrl\":\"https:\/\/ironsky.pl\/sklep\/wp-content\/uploads\/2026\/04\/36779_2.jpg\",\"width\":800,\"height\":800},{\"@type\":\"BreadcrumbList\",\"@id\":\"https:\/\/ironsky.pl\/sklep\/produkt\/uchwyt-z-przyssawka-telesin-do-insta360-go-3-2\/#breadcrumb\",\"itemListElement\":[{\"@type\":\"ListItem\",\"position\":1,\"name\":\"Strona g\u0142\u00f3wna\",\"item\":\"https:\/\/ironsky.pl\/sklep\/\"},{\"@type\":\"ListItem\",\"position\":2,\"name\":\"Wszystkie produkty\",\"item\":\"https:\/\/ironsky.pl\/sklep\/produkty\/\"},{\"@type\":\"ListItem\",\"position\":3,\"name\":\"Uchwyt z przyssawk\u0105 TELESIN do Insta360 GO 3\"}]},{\"@type\":\"WebSite\",\"@id\":\"https:\/\/ironsky.pl\/sklep\/#website\",\"url\":\"https:\/\/ironsky.pl\/sklep\/\",\"name\":\"IRONSKY.PL Sklep z Dronami\",\"description\":\"IRONSKY.PL Sklep z Dronami\",\"potentialAction\":[{\"@type\":\"SearchAction\",\"target\":{\"@type\":\"EntryPoint\",\"urlTemplate\":\"https:\/\/ironsky.pl\/sklep\/?s={search_term_string}\"},\"query-input\":{\"@type\":\"PropertyValueSpecification\",\"valueRequired\":true,\"valueName\":\"search_term_string\"}}],\"inLanguage\":\"pl-PL\"}]}<\/script>\n<!-- \/ Yoast SEO plugin. -->","yoast_head_json":{"title":"Uchwyt z przyssawk\u0105 TELESIN do Insta360 GO 3 - IRONSKY.PL Sklep z Dronami","description":"Uchwyt z przyssawk\u0105 TELESIN do Insta360 GO 3 - \u2705 sklep z dronami i fachowym doradztwem. \u2705 Tutaj kupisz produkty DJI, Yuneec, Parrot, Syma i wiele innych, a tak\u017ce kursy i licencje na operatora drona.","robots":{"index":"index","follow":"follow","max-snippet":"max-snippet:-1","max-image-preview":"max-image-preview:large","max-video-preview":"max-video-preview:-1"},"canonical":"https:\/\/ironsky.pl\/sklep\/produkt\/uchwyt-z-przyssawka-telesin-do-insta360-go-3-2\/","og_locale":"pl_PL","og_type":"article","og_title":"Uchwyt z przyssawk\u0105 TELESIN do Insta360 GO 3 - IRONSKY.PL Sklep z Dronami","og_description":"Uchwyt z przyssawk\u0105 TELESIN do Insta360 GO 3 - \u2705 sklep z dronami i fachowym doradztwem. \u2705 Tutaj kupisz produkty DJI, Yuneec, Parrot, Syma i wiele innych, a tak\u017ce kursy i licencje na operatora drona.","og_url":"https:\/\/ironsky.pl\/sklep\/produkt\/uchwyt-z-przyssawka-telesin-do-insta360-go-3-2\/","og_site_name":"IRONSKY.PL Sklep z Dronami","article_modified_time":"2026-04-15T08:30:13+00:00","og_image":[{"width":800,"height":800,"url":"https:\/\/ironsky.pl\/sklep\/wp-content\/uploads\/2026\/04\/36779_2.jpg","type":"image\/jpeg"}],"twitter_card":"summary_large_image","twitter_misc":{"Szacowany czas czytania":"2 minuty"},"schema":{"@context":"https:\/\/schema.org","@graph":[{"@type":"WebPage","@id":"https:\/\/ironsky.pl\/sklep\/produkt\/uchwyt-z-przyssawka-telesin-do-insta360-go-3-2\/","url":"https:\/\/ironsky.pl\/sklep\/produkt\/uchwyt-z-przyssawka-telesin-do-insta360-go-3-2\/","name":"Uchwyt z przyssawk\u0105 TELESIN do Insta360 GO 3 - IRONSKY.PL Sklep z Dronami","isPartOf":{"@id":"https:\/\/ironsky.pl\/sklep\/#website"},"primaryImageOfPage":{"@id":"https:\/\/ironsky.pl\/sklep\/produkt\/uchwyt-z-przyssawka-telesin-do-insta360-go-3-2\/#primaryimage"},"image":{"@id":"https:\/\/ironsky.pl\/sklep\/produkt\/uchwyt-z-przyssawka-telesin-do-insta360-go-3-2\/#primaryimage"},"thumbnailUrl":"https:\/\/ironsky.pl\/sklep\/wp-content\/uploads\/2026\/04\/36779_2.jpg","datePublished":"2026-04-15T08:29:55+00:00","dateModified":"2026-04-15T08:30:13+00:00","description":"Uchwyt z przyssawk\u0105 TELESIN do Insta360 GO 3 - \u2705 sklep z dronami i fachowym doradztwem. \u2705 Tutaj kupisz produkty DJI, Yuneec, Parrot, Syma i wiele innych, a tak\u017ce kursy i licencje na operatora drona.","breadcrumb":{"@id":"https:\/\/ironsky.pl\/sklep\/produkt\/uchwyt-z-przyssawka-telesin-do-insta360-go-3-2\/#breadcrumb"},"inLanguage":"pl-PL","potentialAction":[{"@type":"ReadAction","target":["https:\/\/ironsky.pl\/sklep\/produkt\/uchwyt-z-przyssawka-telesin-do-insta360-go-3-2\/"]}]},{"@type":"ImageObject","inLanguage":"pl-PL","@id":"https:\/\/ironsky.pl\/sklep\/produkt\/uchwyt-z-przyssawka-telesin-do-insta360-go-3-2\/#primaryimage","url":"https:\/\/ironsky.pl\/sklep\/wp-content\/uploads\/2026\/04\/36779_2.jpg","contentUrl":"https:\/\/ironsky.pl\/sklep\/wp-content\/uploads\/2026\/04\/36779_2.jpg","width":800,"height":800},{"@type":"BreadcrumbList","@id":"https:\/\/ironsky.pl\/sklep\/produkt\/uchwyt-z-przyssawka-telesin-do-insta360-go-3-2\/#breadcrumb","itemListElement":[{"@type":"ListItem","position":1,"name":"Strona g\u0142\u00f3wna","item":"https:\/\/ironsky.pl\/sklep\/"},{"@type":"ListItem","position":2,"name":"Wszystkie produkty","item":"https:\/\/ironsky.pl\/sklep\/produkty\/"},{"@type":"ListItem","position":3,"name":"Uchwyt z przyssawk\u0105 TELESIN do Insta360 GO 3"}]},{"@type":"WebSite","@id":"https:\/\/ironsky.pl\/sklep\/#website","url":"https:\/\/ironsky.pl\/sklep\/","name":"IRONSKY.PL Sklep z Dronami","description":"IRONSKY.PL Sklep z Dronami","potentialAction":[{"@type":"SearchAction","target":{"@type":"EntryPoint","urlTemplate":"https:\/\/ironsky.pl\/sklep\/?s={search_term_string}"},"query-input":{"@type":"PropertyValueSpecification","valueRequired":true,"valueName":"search_term_string"}}],"inLanguage":"pl-PL"}]}},"_links":{"self":[{"href":"https:\/\/ironsky.pl\/sklep\/wp-json\/wp\/v2\/product\/57814","targetHints":{"allow":["GET"]}}],"collection":[{"href":"https:\/\/ironsky.pl\/sklep\/wp-json\/wp\/v2\/product"}],"about":[{"href":"https:\/\/ironsky.pl\/sklep\/wp-json\/wp\/v2\/types\/product"}],"replies":[{"embeddable":true,"href":"https:\/\/ironsky.pl\/sklep\/wp-json\/wp\/v2\/comments?post=57814"}],"wp:featuredmedia":[{"embeddable":true,"href":"https:\/\/ironsky.pl\/sklep\/wp-json\/wp\/v2\/media\/57815"}],"wp:attachment":[{"href":"https:\/\/ironsky.pl\/sklep\/wp-json\/wp\/v2\/media?parent=57814"}],"wp:term":[{"taxonomy":"product_brand","embeddable":true,"href":"https:\/\/ironsky.pl\/sklep\/wp-json\/wp\/v2\/product_brand?post=57814"},{"taxonomy":"product_cat","embeddable":true,"href":"https:\/\/ironsky.pl\/sklep\/wp-json\/wp\/v2\/product_cat?post=57814"},{"taxonomy":"product_tag","embeddable":true,"href":"https:\/\/ironsky.pl\/sklep\/wp-json\/wp\/v2\/product_tag?post=57814"}],"curies":[{"name":"wp","href":"https:\/\/api.w.org\/{rel}","templated":true}]}}