{"id":57808,"date":"2026-04-15T10:29:55","date_gmt":"2026-04-15T08:29:55","guid":{"rendered":"https:\/\/ironsky.pl\/sklep\/produkt\/zaslepka-baterii-telesin-do-gopro-12-11-10-9-2\/"},"modified":"2026-04-15T10:30:10","modified_gmt":"2026-04-15T08:30:10","slug":"zaslepka-baterii-telesin-do-gopro-12-11-10-9-2","status":"publish","type":"product","link":"https:\/\/ironsky.pl\/sklep\/produkt\/zaslepka-baterii-telesin-do-gopro-12-11-10-9-2\/","title":{"rendered":"Za\u015blepka baterii TELESIN do GoPro 12\/11\/10\/9"},"content":{"rendered":"<h3>Za\u015blepka baterii TELESIN do GoPro 12\/11\/10\/9<\/h3>\n<p>Teraz mo\u017cesz bez obaw nagrywa\u0107 wideo podczas \u0142adowania kamery \u2013 niezale\u017cnie od pogody. Za\u015blepka TELESIN do GoPro 12, 11, 10 lub 9 zosta\u0142a wyposa\u017cona w specjaln\u0105 uszczelk\u0119, kt\u00f3ra zapewnia jej wodoodporno\u015b\u0107. Dzi\u0119ki temu nie musisz si\u0119 martwi\u0107, \u017ce do wn\u0119trza urz\u0105dzenia dostanie si\u0119 woda \u2013 niestraszny mu b\u0119dzie deszcz czy \u015bnieg! Co wi\u0119cej, akcesorium jest zaprojektowane w taki spos\u00f3b, aby mo\u017cliwe by\u0142o wygodne pod\u0142\u0105czanie go do zasilania \u2013 pozwala na to idealnie dopasowany otw\u00f3r. Dodatkowym atutem za\u015blepki jest mi\u0119kka wy\u015bci\u00f3\u0142ka z g\u0105bki, kt\u00f3ra poch\u0142ania wstrz\u0105sy i dodatkowo chroni akumulator kamery przed uszkodzeniem. Produkt jest te\u017c bardzo prosty w monta\u017cu.<\/p>\n<p><img decoding=\"async\" src=\"https:\/\/b2b.innpro.pl\/data\/include\/cms\/Telesin\/GP-CLC-G11\/4.jpg\" alt=\"Telesin\/GP-CLC-G11\/4\"><\/p>\n<div class=\"table-wrapper\">\n<table>\n<tbody>\n<tr>\n<th>Producent<\/th>\n<td>TELESIN<\/td>\n<\/tr>\n<tr>\n<th>Model<\/th>\n<td>GP-CLC-G11<\/td>\n<\/tr>\n<tr>\n<th>Wymiary<\/th>\n<td>49,5 x 16 x 17,8 mm<\/td>\n<\/tr>\n<tr>\n<th>Waga<\/th>\n<td>5,22 g<\/td>\n<\/tr>\n<tr>\n<th>Materia\u0142<\/th>\n<td>ABS, silikon, stal nierdzewna<\/td>\n<\/tr>\n<tr>\n<th>Kompatybilno\u015b\u0107<\/th>\n<td>GoPro 12 \/ 11 \/ 10 \/ 9<\/td>\n<\/tr>\n<\/tbody>\n<\/table>\n<\/div>\n","protected":false},"excerpt":{"rendered":"<p>Za\u015blepka baterii TELESIN do GoPro 12\/11\/10\/9 Teraz mo\u017cesz bez obaw nagrywa\u0107 wideo podczas \u0142adowania kamery \u2013 niezale\u017cnie od pogody. Za\u015blepka<\/p>\n","protected":false},"featured_media":57809,"comment_status":"closed","ping_status":"open","template":"","meta":{"_acf_changed":false},"product_brand":[],"product_cat":[1130,1128,1150],"product_tag":[],"class_list":{"0":"post-57808","1":"product","2":"type-product","3":"status-publish","4":"has-post-thumbnail","6":"product_cat-akcesoria-foto","7":"product_cat-foto-wideo","8":"product_cat-pozostale","9":"pa_okres-gwarancji-5754","10":"pa_producent-telesin","12":"first","13":"outofstock","14":"taxable","15":"shipping-taxable","16":"purchasable","17":"product-type-simple"},"acf":[],"yoast_head":"<!-- This site is optimized with the Yoast SEO plugin v27.2 - https:\/\/yoast.com\/product\/yoast-seo-wordpress\/ -->\n<title>Za\u015blepka baterii TELESIN do GoPro 12\/11\/10\/9 - IRONSKY.PL Sklep z Dronami<\/title>\n<meta name=\"description\" content=\"Za\u015blepka baterii TELESIN do GoPro 12\/11\/10\/9 - \u2705 sklep z dronami i fachowym doradztwem. \u2705 Tutaj kupisz produkty DJI, Yuneec, Parrot, Syma i wiele innych, a tak\u017ce kursy i licencje na operatora drona.\" \/>\n<meta name=\"robots\" content=\"index, follow, max-snippet:-1, max-image-preview:large, max-video-preview:-1\" \/>\n<link rel=\"canonical\" href=\"https:\/\/ironsky.pl\/sklep\/produkt\/zaslepka-baterii-telesin-do-gopro-12-11-10-9-2\/\" \/>\n<meta property=\"og:locale\" content=\"pl_PL\" \/>\n<meta property=\"og:type\" content=\"article\" \/>\n<meta property=\"og:title\" content=\"Za\u015blepka baterii TELESIN do GoPro 12\/11\/10\/9 - IRONSKY.PL Sklep z Dronami\" \/>\n<meta property=\"og:description\" content=\"Za\u015blepka baterii TELESIN do GoPro 12\/11\/10\/9 - \u2705 sklep z dronami i fachowym doradztwem. \u2705 Tutaj kupisz produkty DJI, Yuneec, Parrot, Syma i wiele innych, a tak\u017ce kursy i licencje na operatora drona.\" \/>\n<meta property=\"og:url\" content=\"https:\/\/ironsky.pl\/sklep\/produkt\/zaslepka-baterii-telesin-do-gopro-12-11-10-9-2\/\" \/>\n<meta property=\"og:site_name\" content=\"IRONSKY.PL Sklep z Dronami\" \/>\n<meta property=\"article:modified_time\" content=\"2026-04-15T08:30:10+00:00\" \/>\n<meta property=\"og:image\" content=\"https:\/\/ironsky.pl\/sklep\/wp-content\/uploads\/2026\/04\/36778_1.jpg\" \/>\n\t<meta property=\"og:image:width\" content=\"800\" \/>\n\t<meta property=\"og:image:height\" content=\"800\" \/>\n\t<meta property=\"og:image:type\" content=\"image\/jpeg\" \/>\n<meta name=\"twitter:card\" content=\"summary_large_image\" \/>\n<meta name=\"twitter:label1\" content=\"Szacowany czas czytania\" \/>\n\t<meta name=\"twitter:data1\" content=\"1 minuta\" \/>\n<script type=\"application\/ld+json\" class=\"yoast-schema-graph\">{\"@context\":\"https:\/\/schema.org\",\"@graph\":[{\"@type\":\"WebPage\",\"@id\":\"https:\/\/ironsky.pl\/sklep\/produkt\/zaslepka-baterii-telesin-do-gopro-12-11-10-9-2\/\",\"url\":\"https:\/\/ironsky.pl\/sklep\/produkt\/zaslepka-baterii-telesin-do-gopro-12-11-10-9-2\/\",\"name\":\"Za\u015blepka baterii TELESIN do GoPro 12\/11\/10\/9 - IRONSKY.PL Sklep z Dronami\",\"isPartOf\":{\"@id\":\"https:\/\/ironsky.pl\/sklep\/#website\"},\"primaryImageOfPage\":{\"@id\":\"https:\/\/ironsky.pl\/sklep\/produkt\/zaslepka-baterii-telesin-do-gopro-12-11-10-9-2\/#primaryimage\"},\"image\":{\"@id\":\"https:\/\/ironsky.pl\/sklep\/produkt\/zaslepka-baterii-telesin-do-gopro-12-11-10-9-2\/#primaryimage\"},\"thumbnailUrl\":\"https:\/\/ironsky.pl\/sklep\/wp-content\/uploads\/2026\/04\/36778_1.jpg\",\"datePublished\":\"2026-04-15T08:29:55+00:00\",\"dateModified\":\"2026-04-15T08:30:10+00:00\",\"description\":\"Za\u015blepka baterii TELESIN do GoPro 12\/11\/10\/9 - \u2705 sklep z dronami i fachowym doradztwem. \u2705 Tutaj kupisz produkty DJI, Yuneec, Parrot, Syma i wiele innych, a tak\u017ce kursy i licencje na operatora drona.\",\"breadcrumb\":{\"@id\":\"https:\/\/ironsky.pl\/sklep\/produkt\/zaslepka-baterii-telesin-do-gopro-12-11-10-9-2\/#breadcrumb\"},\"inLanguage\":\"pl-PL\",\"potentialAction\":[{\"@type\":\"ReadAction\",\"target\":[\"https:\/\/ironsky.pl\/sklep\/produkt\/zaslepka-baterii-telesin-do-gopro-12-11-10-9-2\/\"]}]},{\"@type\":\"ImageObject\",\"inLanguage\":\"pl-PL\",\"@id\":\"https:\/\/ironsky.pl\/sklep\/produkt\/zaslepka-baterii-telesin-do-gopro-12-11-10-9-2\/#primaryimage\",\"url\":\"https:\/\/ironsky.pl\/sklep\/wp-content\/uploads\/2026\/04\/36778_1.jpg\",\"contentUrl\":\"https:\/\/ironsky.pl\/sklep\/wp-content\/uploads\/2026\/04\/36778_1.jpg\",\"width\":800,\"height\":800},{\"@type\":\"BreadcrumbList\",\"@id\":\"https:\/\/ironsky.pl\/sklep\/produkt\/zaslepka-baterii-telesin-do-gopro-12-11-10-9-2\/#breadcrumb\",\"itemListElement\":[{\"@type\":\"ListItem\",\"position\":1,\"name\":\"Strona g\u0142\u00f3wna\",\"item\":\"https:\/\/ironsky.pl\/sklep\/\"},{\"@type\":\"ListItem\",\"position\":2,\"name\":\"Wszystkie produkty\",\"item\":\"https:\/\/ironsky.pl\/sklep\/produkty\/\"},{\"@type\":\"ListItem\",\"position\":3,\"name\":\"Za\u015blepka baterii TELESIN do GoPro 12\/11\/10\/9\"}]},{\"@type\":\"WebSite\",\"@id\":\"https:\/\/ironsky.pl\/sklep\/#website\",\"url\":\"https:\/\/ironsky.pl\/sklep\/\",\"name\":\"IRONSKY.PL Sklep z Dronami\",\"description\":\"IRONSKY.PL Sklep z Dronami\",\"potentialAction\":[{\"@type\":\"SearchAction\",\"target\":{\"@type\":\"EntryPoint\",\"urlTemplate\":\"https:\/\/ironsky.pl\/sklep\/?s={search_term_string}\"},\"query-input\":{\"@type\":\"PropertyValueSpecification\",\"valueRequired\":true,\"valueName\":\"search_term_string\"}}],\"inLanguage\":\"pl-PL\"}]}<\/script>\n<!-- \/ Yoast SEO plugin. -->","yoast_head_json":{"title":"Za\u015blepka baterii TELESIN do GoPro 12\/11\/10\/9 - IRONSKY.PL Sklep z Dronami","description":"Za\u015blepka baterii TELESIN do GoPro 12\/11\/10\/9 - \u2705 sklep z dronami i fachowym doradztwem. \u2705 Tutaj kupisz produkty DJI, Yuneec, Parrot, Syma i wiele innych, a tak\u017ce kursy i licencje na operatora drona.","robots":{"index":"index","follow":"follow","max-snippet":"max-snippet:-1","max-image-preview":"max-image-preview:large","max-video-preview":"max-video-preview:-1"},"canonical":"https:\/\/ironsky.pl\/sklep\/produkt\/zaslepka-baterii-telesin-do-gopro-12-11-10-9-2\/","og_locale":"pl_PL","og_type":"article","og_title":"Za\u015blepka baterii TELESIN do GoPro 12\/11\/10\/9 - IRONSKY.PL Sklep z Dronami","og_description":"Za\u015blepka baterii TELESIN do GoPro 12\/11\/10\/9 - \u2705 sklep z dronami i fachowym doradztwem. \u2705 Tutaj kupisz produkty DJI, Yuneec, Parrot, Syma i wiele innych, a tak\u017ce kursy i licencje na operatora drona.","og_url":"https:\/\/ironsky.pl\/sklep\/produkt\/zaslepka-baterii-telesin-do-gopro-12-11-10-9-2\/","og_site_name":"IRONSKY.PL Sklep z Dronami","article_modified_time":"2026-04-15T08:30:10+00:00","og_image":[{"width":800,"height":800,"url":"https:\/\/ironsky.pl\/sklep\/wp-content\/uploads\/2026\/04\/36778_1.jpg","type":"image\/jpeg"}],"twitter_card":"summary_large_image","twitter_misc":{"Szacowany czas czytania":"1 minuta"},"schema":{"@context":"https:\/\/schema.org","@graph":[{"@type":"WebPage","@id":"https:\/\/ironsky.pl\/sklep\/produkt\/zaslepka-baterii-telesin-do-gopro-12-11-10-9-2\/","url":"https:\/\/ironsky.pl\/sklep\/produkt\/zaslepka-baterii-telesin-do-gopro-12-11-10-9-2\/","name":"Za\u015blepka baterii TELESIN do GoPro 12\/11\/10\/9 - IRONSKY.PL Sklep z Dronami","isPartOf":{"@id":"https:\/\/ironsky.pl\/sklep\/#website"},"primaryImageOfPage":{"@id":"https:\/\/ironsky.pl\/sklep\/produkt\/zaslepka-baterii-telesin-do-gopro-12-11-10-9-2\/#primaryimage"},"image":{"@id":"https:\/\/ironsky.pl\/sklep\/produkt\/zaslepka-baterii-telesin-do-gopro-12-11-10-9-2\/#primaryimage"},"thumbnailUrl":"https:\/\/ironsky.pl\/sklep\/wp-content\/uploads\/2026\/04\/36778_1.jpg","datePublished":"2026-04-15T08:29:55+00:00","dateModified":"2026-04-15T08:30:10+00:00","description":"Za\u015blepka baterii TELESIN do GoPro 12\/11\/10\/9 - \u2705 sklep z dronami i fachowym doradztwem. \u2705 Tutaj kupisz produkty DJI, Yuneec, Parrot, Syma i wiele innych, a tak\u017ce kursy i licencje na operatora drona.","breadcrumb":{"@id":"https:\/\/ironsky.pl\/sklep\/produkt\/zaslepka-baterii-telesin-do-gopro-12-11-10-9-2\/#breadcrumb"},"inLanguage":"pl-PL","potentialAction":[{"@type":"ReadAction","target":["https:\/\/ironsky.pl\/sklep\/produkt\/zaslepka-baterii-telesin-do-gopro-12-11-10-9-2\/"]}]},{"@type":"ImageObject","inLanguage":"pl-PL","@id":"https:\/\/ironsky.pl\/sklep\/produkt\/zaslepka-baterii-telesin-do-gopro-12-11-10-9-2\/#primaryimage","url":"https:\/\/ironsky.pl\/sklep\/wp-content\/uploads\/2026\/04\/36778_1.jpg","contentUrl":"https:\/\/ironsky.pl\/sklep\/wp-content\/uploads\/2026\/04\/36778_1.jpg","width":800,"height":800},{"@type":"BreadcrumbList","@id":"https:\/\/ironsky.pl\/sklep\/produkt\/zaslepka-baterii-telesin-do-gopro-12-11-10-9-2\/#breadcrumb","itemListElement":[{"@type":"ListItem","position":1,"name":"Strona g\u0142\u00f3wna","item":"https:\/\/ironsky.pl\/sklep\/"},{"@type":"ListItem","position":2,"name":"Wszystkie produkty","item":"https:\/\/ironsky.pl\/sklep\/produkty\/"},{"@type":"ListItem","position":3,"name":"Za\u015blepka baterii TELESIN do GoPro 12\/11\/10\/9"}]},{"@type":"WebSite","@id":"https:\/\/ironsky.pl\/sklep\/#website","url":"https:\/\/ironsky.pl\/sklep\/","name":"IRONSKY.PL Sklep z Dronami","description":"IRONSKY.PL Sklep z Dronami","potentialAction":[{"@type":"SearchAction","target":{"@type":"EntryPoint","urlTemplate":"https:\/\/ironsky.pl\/sklep\/?s={search_term_string}"},"query-input":{"@type":"PropertyValueSpecification","valueRequired":true,"valueName":"search_term_string"}}],"inLanguage":"pl-PL"}]}},"_links":{"self":[{"href":"https:\/\/ironsky.pl\/sklep\/wp-json\/wp\/v2\/product\/57808","targetHints":{"allow":["GET"]}}],"collection":[{"href":"https:\/\/ironsky.pl\/sklep\/wp-json\/wp\/v2\/product"}],"about":[{"href":"https:\/\/ironsky.pl\/sklep\/wp-json\/wp\/v2\/types\/product"}],"replies":[{"embeddable":true,"href":"https:\/\/ironsky.pl\/sklep\/wp-json\/wp\/v2\/comments?post=57808"}],"wp:featuredmedia":[{"embeddable":true,"href":"https:\/\/ironsky.pl\/sklep\/wp-json\/wp\/v2\/media\/57809"}],"wp:attachment":[{"href":"https:\/\/ironsky.pl\/sklep\/wp-json\/wp\/v2\/media?parent=57808"}],"wp:term":[{"taxonomy":"product_brand","embeddable":true,"href":"https:\/\/ironsky.pl\/sklep\/wp-json\/wp\/v2\/product_brand?post=57808"},{"taxonomy":"product_cat","embeddable":true,"href":"https:\/\/ironsky.pl\/sklep\/wp-json\/wp\/v2\/product_cat?post=57808"},{"taxonomy":"product_tag","embeddable":true,"href":"https:\/\/ironsky.pl\/sklep\/wp-json\/wp\/v2\/product_tag?post=57808"}],"curies":[{"name":"wp","href":"https:\/\/api.w.org\/{rel}","templated":true}]}}