{"id":57794,"date":"2026-04-15T10:29:55","date_gmt":"2026-04-15T08:29:55","guid":{"rendered":"https:\/\/ironsky.pl\/sklep\/produkt\/uchwyt-telesin-do-dji-action-3-4\/"},"modified":"2026-04-15T10:30:02","modified_gmt":"2026-04-15T08:30:02","slug":"uchwyt-telesin-do-dji-action-3-4","status":"publish","type":"product","link":"https:\/\/ironsky.pl\/sklep\/produkt\/uchwyt-telesin-do-dji-action-3-4\/","title":{"rendered":"Uchwyt TELESIN do DJI Action 3\/4"},"content":{"rendered":"<h3>Uchwyt Telesin do kamery DJI Action 4\/3<\/h3>\n<p>Zyskaj now\u0105 perspektyw\u0119 w swoich nagraniach z adapterem Telesin. Powsta\u0142 z my\u015bl\u0105 o kamerach DJI Action 4\/3 i gwarantuje b\u0142yskawiczny monta\u017c w uchwycie za pomoc\u0105 pot\u0119\u017cnej magnetycznej bazy, zapewniaj\u0105cej stabilno\u015b\u0107 i bezpiecze\u0144stwo Twojego urz\u0105dzenia. Metalowy klips stanowi dodatkowe zabezpieczenie, kt\u00f3re chroni urz\u0105dzenie przed niechcianym str\u0105ceniem, zapewniaj\u0105c niezawodno\u015b\u0107 w ka\u017cdych warunkach.<\/p>\n<p><img decoding=\"async\" src=\"https:\/\/b2b.innpro.pl\/data\/include\/cms\/Telesin\/OA-TPM-T04\/2.jpg\" border=\"0\" alt=\"Telesin\/OA-TPM-T04\/2\" \/><\/p>\n<h3>Uniwersalne zastosowanie<\/h3>\n<p>Uchwyt Telesin jest w pe\u0142ni kompatybilny z kamerami DJI Action 4\/3, co czyni go wygodnym rozwi\u0105zaniem dla u\u017cytkownik\u00f3w tego modelu. Monta\u017c za pomoc\u0105 podw\u00f3jnej zimnej stopki pozwala w \u0142atwy spos\u00f3b przymocowa\u0107 kamer\u0119 do selfie-sticka, statywu, ramy rowera, czy mocowania na szyj\u0119, pozwalaj\u0105c na nagrywanie w r\u00f3\u017cnych scenariuszach \u2014 od sport\u00f3w ekstremalnych po codzienne uj\u0119cia.<\/p>\n<p><img decoding=\"async\" src=\"https:\/\/b2b.innpro.pl\/data\/include\/cms\/Telesin\/OA-TPM-T04\/3.jpg\" border=\"0\" alt=\"Telesin\/OA-TPM-T04\/3\" \/><\/p>\n<h3>Lekki, przeno\u015bny i trwa\u0142y<\/h3>\n<p>Solidna konstrukcja wykonana z wysokiej klasy materia\u0142\u00f3w sprawia, \u017ce mocowanie kamery jest niezawodne w ka\u017cdych warunkach. Niewielka waga i kompaktowe wymiary sprawiaj\u0105, \u017ce adapter mo\u017ce towarzyszy\u0107 Ci wsz\u0119dzie, pozwalaj\u0105c na b\u0142yskawiczny monta\u017c kamery tam, gdzie jej potrzebujesz. Dzi\u0119ki temu nie przegapisz idealnej okazji do stworzenia wyj\u0105tkowych uj\u0119\u0107.<\/p>\n<p><img decoding=\"async\" src=\"https:\/\/b2b.innpro.pl\/data\/include\/cms\/Telesin\/OA-TPM-T04\/4.jpg\" border=\"0\" alt=\"Telesin\/OA-TPM-T04\/4 \" \/><\/p>\n<h3>W zestawie<\/h3>\n<ul>\n<li>Adapter<\/li>\n<li>\u015aruba<\/li>\n<\/ul>\n<div class=\"table-wrapper\">\n<table>\n<tbody>\n<tr>\n<th>Producent<\/th>\n<td>Telesin<\/td>\n<\/tr>\n<tr>\n<th>Model<\/th>\n<td>OA-TPM-T04<\/td>\n<\/tr>\n<tr>\n<th>Materia\u0142<\/th>\n<td>Nylon + w\u0142\u00f3kno; stop aluminium, silikon<\/td>\n<\/tr>\n<tr>\n<th>Wymiary<\/th>\n<td>40.2 x 21.3 x 33.8 mm<\/td>\n<\/tr>\n<tr>\n<th>Waga<\/th>\n<td>22.8 g<\/td>\n<\/tr>\n<tr>\n<th>Kompatybilno\u015b\u0107<\/th>\n<td>Kamery DJI Action 4\/3<\/td>\n<\/tr>\n<\/tbody>\n<\/table>\n<\/div>\n","protected":false},"excerpt":{"rendered":"<p>Uchwyt Telesin do kamery DJI Action 4\/3 Zyskaj now\u0105 perspektyw\u0119 w swoich nagraniach z adapterem Telesin. Powsta\u0142 z my\u015bl\u0105 o<\/p>\n","protected":false},"featured_media":57795,"comment_status":"closed","ping_status":"open","template":"","meta":{"_acf_changed":false},"product_brand":[],"product_cat":[1130,1137,1128],"product_tag":[],"class_list":{"0":"post-57794","1":"product","2":"type-product","3":"status-publish","4":"has-post-thumbnail","6":"product_cat-akcesoria-foto","7":"product_cat-do-kamer-sportowych","8":"product_cat-foto-wideo","9":"pa_okres-gwarancji-5754","10":"pa_producent-telesin","12":"first","13":"outofstock","14":"taxable","15":"shipping-taxable","16":"purchasable","17":"product-type-simple"},"acf":[],"yoast_head":"<!-- This site is optimized with the Yoast SEO plugin v27.2 - https:\/\/yoast.com\/product\/yoast-seo-wordpress\/ -->\n<title>Uchwyt TELESIN do DJI Action 3\/4 - IRONSKY.PL Sklep z Dronami<\/title>\n<meta name=\"description\" content=\"Uchwyt TELESIN do DJI Action 3\/4 - \u2705 sklep z dronami i fachowym doradztwem. \u2705 Tutaj kupisz produkty DJI, Yuneec, Parrot, Syma i wiele innych, a tak\u017ce kursy i licencje na operatora drona.\" \/>\n<meta name=\"robots\" content=\"index, follow, max-snippet:-1, max-image-preview:large, max-video-preview:-1\" \/>\n<link rel=\"canonical\" href=\"https:\/\/ironsky.pl\/sklep\/produkt\/uchwyt-telesin-do-dji-action-3-4\/\" \/>\n<meta property=\"og:locale\" content=\"pl_PL\" \/>\n<meta property=\"og:type\" content=\"article\" \/>\n<meta property=\"og:title\" content=\"Uchwyt TELESIN do DJI Action 3\/4 - IRONSKY.PL Sklep z Dronami\" \/>\n<meta property=\"og:description\" content=\"Uchwyt TELESIN do DJI Action 3\/4 - \u2705 sklep z dronami i fachowym doradztwem. \u2705 Tutaj kupisz produkty DJI, Yuneec, Parrot, Syma i wiele innych, a tak\u017ce kursy i licencje na operatora drona.\" \/>\n<meta property=\"og:url\" content=\"https:\/\/ironsky.pl\/sklep\/produkt\/uchwyt-telesin-do-dji-action-3-4\/\" \/>\n<meta property=\"og:site_name\" content=\"IRONSKY.PL Sklep z Dronami\" \/>\n<meta property=\"article:modified_time\" content=\"2026-04-15T08:30:02+00:00\" \/>\n<meta property=\"og:image\" content=\"https:\/\/ironsky.pl\/sklep\/wp-content\/uploads\/2026\/04\/36772_1.jpg\" \/>\n\t<meta property=\"og:image:width\" content=\"800\" \/>\n\t<meta property=\"og:image:height\" content=\"800\" \/>\n\t<meta property=\"og:image:type\" content=\"image\/jpeg\" \/>\n<meta name=\"twitter:card\" content=\"summary_large_image\" \/>\n<meta name=\"twitter:label1\" content=\"Szacowany czas czytania\" \/>\n\t<meta name=\"twitter:data1\" content=\"1 minuta\" \/>\n<script type=\"application\/ld+json\" class=\"yoast-schema-graph\">{\"@context\":\"https:\/\/schema.org\",\"@graph\":[{\"@type\":\"WebPage\",\"@id\":\"https:\/\/ironsky.pl\/sklep\/produkt\/uchwyt-telesin-do-dji-action-3-4\/\",\"url\":\"https:\/\/ironsky.pl\/sklep\/produkt\/uchwyt-telesin-do-dji-action-3-4\/\",\"name\":\"Uchwyt TELESIN do DJI Action 3\/4 - IRONSKY.PL Sklep z Dronami\",\"isPartOf\":{\"@id\":\"https:\/\/ironsky.pl\/sklep\/#website\"},\"primaryImageOfPage\":{\"@id\":\"https:\/\/ironsky.pl\/sklep\/produkt\/uchwyt-telesin-do-dji-action-3-4\/#primaryimage\"},\"image\":{\"@id\":\"https:\/\/ironsky.pl\/sklep\/produkt\/uchwyt-telesin-do-dji-action-3-4\/#primaryimage\"},\"thumbnailUrl\":\"https:\/\/ironsky.pl\/sklep\/wp-content\/uploads\/2026\/04\/36772_1.jpg\",\"datePublished\":\"2026-04-15T08:29:55+00:00\",\"dateModified\":\"2026-04-15T08:30:02+00:00\",\"description\":\"Uchwyt TELESIN do DJI Action 3\/4 - \u2705 sklep z dronami i fachowym doradztwem. \u2705 Tutaj kupisz produkty DJI, Yuneec, Parrot, Syma i wiele innych, a tak\u017ce kursy i licencje na operatora drona.\",\"breadcrumb\":{\"@id\":\"https:\/\/ironsky.pl\/sklep\/produkt\/uchwyt-telesin-do-dji-action-3-4\/#breadcrumb\"},\"inLanguage\":\"pl-PL\",\"potentialAction\":[{\"@type\":\"ReadAction\",\"target\":[\"https:\/\/ironsky.pl\/sklep\/produkt\/uchwyt-telesin-do-dji-action-3-4\/\"]}]},{\"@type\":\"ImageObject\",\"inLanguage\":\"pl-PL\",\"@id\":\"https:\/\/ironsky.pl\/sklep\/produkt\/uchwyt-telesin-do-dji-action-3-4\/#primaryimage\",\"url\":\"https:\/\/ironsky.pl\/sklep\/wp-content\/uploads\/2026\/04\/36772_1.jpg\",\"contentUrl\":\"https:\/\/ironsky.pl\/sklep\/wp-content\/uploads\/2026\/04\/36772_1.jpg\",\"width\":800,\"height\":800},{\"@type\":\"BreadcrumbList\",\"@id\":\"https:\/\/ironsky.pl\/sklep\/produkt\/uchwyt-telesin-do-dji-action-3-4\/#breadcrumb\",\"itemListElement\":[{\"@type\":\"ListItem\",\"position\":1,\"name\":\"Strona g\u0142\u00f3wna\",\"item\":\"https:\/\/ironsky.pl\/sklep\/\"},{\"@type\":\"ListItem\",\"position\":2,\"name\":\"Wszystkie produkty\",\"item\":\"https:\/\/ironsky.pl\/sklep\/produkty\/\"},{\"@type\":\"ListItem\",\"position\":3,\"name\":\"Uchwyt TELESIN do DJI Action 3\/4\"}]},{\"@type\":\"WebSite\",\"@id\":\"https:\/\/ironsky.pl\/sklep\/#website\",\"url\":\"https:\/\/ironsky.pl\/sklep\/\",\"name\":\"IRONSKY.PL Sklep z Dronami\",\"description\":\"IRONSKY.PL Sklep z Dronami\",\"potentialAction\":[{\"@type\":\"SearchAction\",\"target\":{\"@type\":\"EntryPoint\",\"urlTemplate\":\"https:\/\/ironsky.pl\/sklep\/?s={search_term_string}\"},\"query-input\":{\"@type\":\"PropertyValueSpecification\",\"valueRequired\":true,\"valueName\":\"search_term_string\"}}],\"inLanguage\":\"pl-PL\"}]}<\/script>\n<!-- \/ Yoast SEO plugin. -->","yoast_head_json":{"title":"Uchwyt TELESIN do DJI Action 3\/4 - IRONSKY.PL Sklep z Dronami","description":"Uchwyt TELESIN do DJI Action 3\/4 - \u2705 sklep z dronami i fachowym doradztwem. \u2705 Tutaj kupisz produkty DJI, Yuneec, Parrot, Syma i wiele innych, a tak\u017ce kursy i licencje na operatora drona.","robots":{"index":"index","follow":"follow","max-snippet":"max-snippet:-1","max-image-preview":"max-image-preview:large","max-video-preview":"max-video-preview:-1"},"canonical":"https:\/\/ironsky.pl\/sklep\/produkt\/uchwyt-telesin-do-dji-action-3-4\/","og_locale":"pl_PL","og_type":"article","og_title":"Uchwyt TELESIN do DJI Action 3\/4 - IRONSKY.PL Sklep z Dronami","og_description":"Uchwyt TELESIN do DJI Action 3\/4 - \u2705 sklep z dronami i fachowym doradztwem. \u2705 Tutaj kupisz produkty DJI, Yuneec, Parrot, Syma i wiele innych, a tak\u017ce kursy i licencje na operatora drona.","og_url":"https:\/\/ironsky.pl\/sklep\/produkt\/uchwyt-telesin-do-dji-action-3-4\/","og_site_name":"IRONSKY.PL Sklep z Dronami","article_modified_time":"2026-04-15T08:30:02+00:00","og_image":[{"width":800,"height":800,"url":"https:\/\/ironsky.pl\/sklep\/wp-content\/uploads\/2026\/04\/36772_1.jpg","type":"image\/jpeg"}],"twitter_card":"summary_large_image","twitter_misc":{"Szacowany czas czytania":"1 minuta"},"schema":{"@context":"https:\/\/schema.org","@graph":[{"@type":"WebPage","@id":"https:\/\/ironsky.pl\/sklep\/produkt\/uchwyt-telesin-do-dji-action-3-4\/","url":"https:\/\/ironsky.pl\/sklep\/produkt\/uchwyt-telesin-do-dji-action-3-4\/","name":"Uchwyt TELESIN do DJI Action 3\/4 - IRONSKY.PL Sklep z Dronami","isPartOf":{"@id":"https:\/\/ironsky.pl\/sklep\/#website"},"primaryImageOfPage":{"@id":"https:\/\/ironsky.pl\/sklep\/produkt\/uchwyt-telesin-do-dji-action-3-4\/#primaryimage"},"image":{"@id":"https:\/\/ironsky.pl\/sklep\/produkt\/uchwyt-telesin-do-dji-action-3-4\/#primaryimage"},"thumbnailUrl":"https:\/\/ironsky.pl\/sklep\/wp-content\/uploads\/2026\/04\/36772_1.jpg","datePublished":"2026-04-15T08:29:55+00:00","dateModified":"2026-04-15T08:30:02+00:00","description":"Uchwyt TELESIN do DJI Action 3\/4 - \u2705 sklep z dronami i fachowym doradztwem. \u2705 Tutaj kupisz produkty DJI, Yuneec, Parrot, Syma i wiele innych, a tak\u017ce kursy i licencje na operatora drona.","breadcrumb":{"@id":"https:\/\/ironsky.pl\/sklep\/produkt\/uchwyt-telesin-do-dji-action-3-4\/#breadcrumb"},"inLanguage":"pl-PL","potentialAction":[{"@type":"ReadAction","target":["https:\/\/ironsky.pl\/sklep\/produkt\/uchwyt-telesin-do-dji-action-3-4\/"]}]},{"@type":"ImageObject","inLanguage":"pl-PL","@id":"https:\/\/ironsky.pl\/sklep\/produkt\/uchwyt-telesin-do-dji-action-3-4\/#primaryimage","url":"https:\/\/ironsky.pl\/sklep\/wp-content\/uploads\/2026\/04\/36772_1.jpg","contentUrl":"https:\/\/ironsky.pl\/sklep\/wp-content\/uploads\/2026\/04\/36772_1.jpg","width":800,"height":800},{"@type":"BreadcrumbList","@id":"https:\/\/ironsky.pl\/sklep\/produkt\/uchwyt-telesin-do-dji-action-3-4\/#breadcrumb","itemListElement":[{"@type":"ListItem","position":1,"name":"Strona g\u0142\u00f3wna","item":"https:\/\/ironsky.pl\/sklep\/"},{"@type":"ListItem","position":2,"name":"Wszystkie produkty","item":"https:\/\/ironsky.pl\/sklep\/produkty\/"},{"@type":"ListItem","position":3,"name":"Uchwyt TELESIN do DJI Action 3\/4"}]},{"@type":"WebSite","@id":"https:\/\/ironsky.pl\/sklep\/#website","url":"https:\/\/ironsky.pl\/sklep\/","name":"IRONSKY.PL Sklep z Dronami","description":"IRONSKY.PL Sklep z Dronami","potentialAction":[{"@type":"SearchAction","target":{"@type":"EntryPoint","urlTemplate":"https:\/\/ironsky.pl\/sklep\/?s={search_term_string}"},"query-input":{"@type":"PropertyValueSpecification","valueRequired":true,"valueName":"search_term_string"}}],"inLanguage":"pl-PL"}]}},"_links":{"self":[{"href":"https:\/\/ironsky.pl\/sklep\/wp-json\/wp\/v2\/product\/57794","targetHints":{"allow":["GET"]}}],"collection":[{"href":"https:\/\/ironsky.pl\/sklep\/wp-json\/wp\/v2\/product"}],"about":[{"href":"https:\/\/ironsky.pl\/sklep\/wp-json\/wp\/v2\/types\/product"}],"replies":[{"embeddable":true,"href":"https:\/\/ironsky.pl\/sklep\/wp-json\/wp\/v2\/comments?post=57794"}],"wp:featuredmedia":[{"embeddable":true,"href":"https:\/\/ironsky.pl\/sklep\/wp-json\/wp\/v2\/media\/57795"}],"wp:attachment":[{"href":"https:\/\/ironsky.pl\/sklep\/wp-json\/wp\/v2\/media?parent=57794"}],"wp:term":[{"taxonomy":"product_brand","embeddable":true,"href":"https:\/\/ironsky.pl\/sklep\/wp-json\/wp\/v2\/product_brand?post=57794"},{"taxonomy":"product_cat","embeddable":true,"href":"https:\/\/ironsky.pl\/sklep\/wp-json\/wp\/v2\/product_cat?post=57794"},{"taxonomy":"product_tag","embeddable":true,"href":"https:\/\/ironsky.pl\/sklep\/wp-json\/wp\/v2\/product_tag?post=57794"}],"curies":[{"name":"wp","href":"https:\/\/api.w.org\/{rel}","templated":true}]}}