{"id":57774,"date":"2026-04-15T10:29:14","date_gmt":"2026-04-15T08:29:14","guid":{"rendered":"https:\/\/ironsky.pl\/sklep\/produkt\/szklo-ochronne-telesin-insta360-go-3\/"},"modified":"2026-04-15T10:29:51","modified_gmt":"2026-04-15T08:29:51","slug":"szklo-ochronne-telesin-insta360-go-3","status":"publish","type":"product","link":"https:\/\/ironsky.pl\/sklep\/produkt\/szklo-ochronne-telesin-insta360-go-3\/","title":{"rendered":"Szk\u0142o ochronne TELESIN Insta360 GO 3"},"content":{"rendered":"<h3>Szk\u0142o hartowane TELESIN do kamery Insta360 GO 3<\/h3>\n<p>Zabezpiecz ekrany oraz obiektyw swojej kamery Insta360 przed uszkodzeniem. Szk\u0142o hartowane Telesin ochroni te elementy urz\u0105dzenia przed zarysowaniem, t\u0142ustymi plamami czy odciskami palc\u00f3w. Akcesorium jest bardzo proste w monta\u017cu i nie wp\u0142ywa na komfort u\u017cytkowania sprz\u0119tu \u2013 umo\u017cliwia wygodn\u0105 obs\u0142ug\u0119 dotykow\u0105 i zapewnia doskona\u0142\u0105 jako\u015b\u0107 obrazu. Jest idealnie dopasowane do ekranu i obiektywu kamery Insta360 GO 3.<\/p>\n<p>\n<img decoding=\"async\" src=\"https:\/\/assets.innpro.pl\/7762\/9012\/1.jpg\" border=\"0\" alt=\"\" \/>\n<\/p>\n<h3>Wygodna obs\u0142uga<\/h3>\n<p>Szk\u0142o jest przyjemne w dotyku, co przek\u0142ada si\u0119 na komfortowe korzystanie z kamery. Wyr\u00f3\u017cnia je tak\u017ce przepuszczalno\u015b\u0107 \u015bwiat\u0142a na poziomie 99%, dzi\u0119ki czemu mo\u017cesz cieszy\u0107 si\u0119 czystym, wyra\u017anym obrazem i wiernie odwzorowan\u0105 kolorystyk\u0105 swoich zdj\u0119\u0107 i nagra\u0144. Nie musisz te\u017c obawia\u0107 si\u0119 op\u00f3\u017anie\u0144 czy innych problem\u00f3w z obs\u0142ug\u0105 urz\u0105dzenia. Po na\u0142o\u017ceniu szk\u0142a ekran nadal szybko i p\u0142ynnie reaguje na dotyk.<\/p>\n<p>\n<img decoding=\"async\" src=\"https:\/\/assets.innpro.pl\/7762\/9012\/2.jpg\" border=\"0\" alt=\"\" \/>\n<\/p>\n<h3>Solidna ochrona dla Twojej kamery<\/h3>\n<p>Szk\u0142o hartowane Telesin idealnie pasuje do ekranu i obiektywu kamery \u2013 doskonale do nich przylega, chroni\u0105c je przed kurzem i zanieczyszczeniami. Zabezpieczy je tak\u017ce przed zarysowaniem i innego rodzaju uszkodzeniami. Ponadto dzi\u0119ki specjalnej pow\u0142oce nie b\u0119d\u0105 zostawa\u0107 na nich odciski palc\u00f3w, smugi czy t\u0142uste plamy. Z tym akcesorium Twoja kamera jest bezpieczna!<\/p>\n<p>\n<img decoding=\"async\" src=\"https:\/\/assets.innpro.pl\/7762\/9012\/3.jpg\" border=\"0\" alt=\"\" \/>\n<\/p>\n<h3>Szybki i prosty monta\u017c<\/h3>\n<p>Monta\u017c akcesorium nie sprawi Ci najmniejszego nawet problemu. Elektrostatyczne szk\u0142o hartowane Telesin jest wyj\u0105tkowo proste i szybkie w instalacji \u2013 po\u017cegnaj uci\u0105\u017cliwe, trudne do usuni\u0119cia p\u0119cherzyki powietrza! W zestawie znajdziesz te\u017c waciki nas\u0105czone alkoholem oraz naklejki do usuwania kurzu, kt\u00f3re pomog\u0105 Ci przygotowa\u0107 obiektyw oraz ekrany do na\u0142o\u017cenia szk\u0142a.<\/p>\n<p>\n<img decoding=\"async\" src=\"https:\/\/assets.innpro.pl\/7762\/9012\/4.jpg\" border=\"0\" alt=\"\" \/>\n<\/p>\n<h3>W zestawie:<\/h3>\n<ul class=\"list-disc pl-5\">\n<li>Szk\u0142o hartowane na ekran<\/li>\n<li>Waciki nas\u0105czone alkoholem<\/li>\n<li>Naklejki do usuwania kurzu<\/li>\n<\/ul>\n<div class=\"table-wrapper\">\n<p>\u00a0<\/p>\n<h3><\/h3>\n<table>\n<tbody>\n<tr>\n<th>Producent <\/th>\n<td>Telesin<\/td>\n<\/tr>\n<tr>\n<th>Model <\/th>\n<td>IS-FLM-001<\/td>\n<\/tr>\n<tr>\n<th>Materia\u0142 <\/th>\n<td>Szk\u0142o hartowane<\/td>\n<\/tr>\n<tr>\n<th>Kompatybilno\u015b\u0107 <\/th>\n<td>Kamera Insta360 Go 3<\/td>\n<\/tr>\n<tr>\n<th>Wymiary szk\u0142a na ekran <\/th>\n<td>35.5 x 56 mm<\/td>\n<\/tr>\n<tr>\n<th>\u015arednica szk\u0142a na soczewk\u0119 kamery <\/th>\n<td>17 mm<\/td>\n<\/tr>\n<\/tbody>\n<\/table>\n<\/div>\n","protected":false},"excerpt":{"rendered":"<p>Szk\u0142o hartowane TELESIN do kamery Insta360 GO 3 Zabezpiecz ekrany oraz obiektyw swojej kamery Insta360 przed uszkodzeniem. Szk\u0142o hartowane Telesin<\/p>\n","protected":false},"featured_media":57775,"comment_status":"closed","ping_status":"open","template":"","meta":{"_acf_changed":false},"product_brand":[],"product_cat":[1130,1137,1128],"product_tag":[],"class_list":{"0":"post-57774","1":"product","2":"type-product","3":"status-publish","4":"has-post-thumbnail","6":"product_cat-akcesoria-foto","7":"product_cat-do-kamer-sportowych","8":"product_cat-foto-wideo","9":"pa_okres-gwarancji-5754","10":"pa_producent-telesin","12":"first","13":"outofstock","14":"taxable","15":"shipping-taxable","16":"purchasable","17":"product-type-simple"},"acf":[],"yoast_head":"<!-- This site is optimized with the Yoast SEO plugin v27.2 - https:\/\/yoast.com\/product\/yoast-seo-wordpress\/ -->\n<title>Szk\u0142o ochronne TELESIN Insta360 GO 3 - IRONSKY.PL Sklep z Dronami<\/title>\n<meta name=\"description\" content=\"Szk\u0142o ochronne TELESIN Insta360 GO 3 - \u2705 sklep z dronami i fachowym doradztwem. \u2705 Tutaj kupisz produkty DJI, Yuneec, Parrot, Syma i wiele innych, a tak\u017ce kursy i licencje na operatora drona.\" \/>\n<meta name=\"robots\" content=\"index, follow, max-snippet:-1, max-image-preview:large, max-video-preview:-1\" \/>\n<link rel=\"canonical\" href=\"https:\/\/ironsky.pl\/sklep\/produkt\/szklo-ochronne-telesin-insta360-go-3\/\" \/>\n<meta property=\"og:locale\" content=\"pl_PL\" \/>\n<meta property=\"og:type\" content=\"article\" \/>\n<meta property=\"og:title\" content=\"Szk\u0142o ochronne TELESIN Insta360 GO 3 - IRONSKY.PL Sklep z Dronami\" \/>\n<meta property=\"og:description\" content=\"Szk\u0142o ochronne TELESIN Insta360 GO 3 - \u2705 sklep z dronami i fachowym doradztwem. \u2705 Tutaj kupisz produkty DJI, Yuneec, Parrot, Syma i wiele innych, a tak\u017ce kursy i licencje na operatora drona.\" \/>\n<meta property=\"og:url\" content=\"https:\/\/ironsky.pl\/sklep\/produkt\/szklo-ochronne-telesin-insta360-go-3\/\" \/>\n<meta property=\"og:site_name\" content=\"IRONSKY.PL Sklep z Dronami\" \/>\n<meta property=\"article:modified_time\" content=\"2026-04-15T08:29:51+00:00\" \/>\n<meta property=\"og:image\" content=\"https:\/\/ironsky.pl\/sklep\/wp-content\/uploads\/2026\/04\/36769_2.jpg\" \/>\n\t<meta property=\"og:image:width\" content=\"800\" \/>\n\t<meta property=\"og:image:height\" content=\"800\" \/>\n\t<meta property=\"og:image:type\" content=\"image\/jpeg\" \/>\n<meta name=\"twitter:card\" content=\"summary_large_image\" \/>\n<meta name=\"twitter:label1\" content=\"Szacowany czas czytania\" \/>\n\t<meta name=\"twitter:data1\" content=\"2 minuty\" \/>\n<script type=\"application\/ld+json\" class=\"yoast-schema-graph\">{\"@context\":\"https:\/\/schema.org\",\"@graph\":[{\"@type\":\"WebPage\",\"@id\":\"https:\/\/ironsky.pl\/sklep\/produkt\/szklo-ochronne-telesin-insta360-go-3\/\",\"url\":\"https:\/\/ironsky.pl\/sklep\/produkt\/szklo-ochronne-telesin-insta360-go-3\/\",\"name\":\"Szk\u0142o ochronne TELESIN Insta360 GO 3 - IRONSKY.PL Sklep z Dronami\",\"isPartOf\":{\"@id\":\"https:\/\/ironsky.pl\/sklep\/#website\"},\"primaryImageOfPage\":{\"@id\":\"https:\/\/ironsky.pl\/sklep\/produkt\/szklo-ochronne-telesin-insta360-go-3\/#primaryimage\"},\"image\":{\"@id\":\"https:\/\/ironsky.pl\/sklep\/produkt\/szklo-ochronne-telesin-insta360-go-3\/#primaryimage\"},\"thumbnailUrl\":\"https:\/\/ironsky.pl\/sklep\/wp-content\/uploads\/2026\/04\/36769_2.jpg\",\"datePublished\":\"2026-04-15T08:29:14+00:00\",\"dateModified\":\"2026-04-15T08:29:51+00:00\",\"description\":\"Szk\u0142o ochronne TELESIN Insta360 GO 3 - \u2705 sklep z dronami i fachowym doradztwem. \u2705 Tutaj kupisz produkty DJI, Yuneec, Parrot, Syma i wiele innych, a tak\u017ce kursy i licencje na operatora drona.\",\"breadcrumb\":{\"@id\":\"https:\/\/ironsky.pl\/sklep\/produkt\/szklo-ochronne-telesin-insta360-go-3\/#breadcrumb\"},\"inLanguage\":\"pl-PL\",\"potentialAction\":[{\"@type\":\"ReadAction\",\"target\":[\"https:\/\/ironsky.pl\/sklep\/produkt\/szklo-ochronne-telesin-insta360-go-3\/\"]}]},{\"@type\":\"ImageObject\",\"inLanguage\":\"pl-PL\",\"@id\":\"https:\/\/ironsky.pl\/sklep\/produkt\/szklo-ochronne-telesin-insta360-go-3\/#primaryimage\",\"url\":\"https:\/\/ironsky.pl\/sklep\/wp-content\/uploads\/2026\/04\/36769_2.jpg\",\"contentUrl\":\"https:\/\/ironsky.pl\/sklep\/wp-content\/uploads\/2026\/04\/36769_2.jpg\",\"width\":800,\"height\":800},{\"@type\":\"BreadcrumbList\",\"@id\":\"https:\/\/ironsky.pl\/sklep\/produkt\/szklo-ochronne-telesin-insta360-go-3\/#breadcrumb\",\"itemListElement\":[{\"@type\":\"ListItem\",\"position\":1,\"name\":\"Strona g\u0142\u00f3wna\",\"item\":\"https:\/\/ironsky.pl\/sklep\/\"},{\"@type\":\"ListItem\",\"position\":2,\"name\":\"Wszystkie produkty\",\"item\":\"https:\/\/ironsky.pl\/sklep\/produkty\/\"},{\"@type\":\"ListItem\",\"position\":3,\"name\":\"Szk\u0142o ochronne TELESIN Insta360 GO 3\"}]},{\"@type\":\"WebSite\",\"@id\":\"https:\/\/ironsky.pl\/sklep\/#website\",\"url\":\"https:\/\/ironsky.pl\/sklep\/\",\"name\":\"IRONSKY.PL Sklep z Dronami\",\"description\":\"IRONSKY.PL Sklep z Dronami\",\"potentialAction\":[{\"@type\":\"SearchAction\",\"target\":{\"@type\":\"EntryPoint\",\"urlTemplate\":\"https:\/\/ironsky.pl\/sklep\/?s={search_term_string}\"},\"query-input\":{\"@type\":\"PropertyValueSpecification\",\"valueRequired\":true,\"valueName\":\"search_term_string\"}}],\"inLanguage\":\"pl-PL\"}]}<\/script>\n<!-- \/ Yoast SEO plugin. -->","yoast_head_json":{"title":"Szk\u0142o ochronne TELESIN Insta360 GO 3 - IRONSKY.PL Sklep z Dronami","description":"Szk\u0142o ochronne TELESIN Insta360 GO 3 - \u2705 sklep z dronami i fachowym doradztwem. \u2705 Tutaj kupisz produkty DJI, Yuneec, Parrot, Syma i wiele innych, a tak\u017ce kursy i licencje na operatora drona.","robots":{"index":"index","follow":"follow","max-snippet":"max-snippet:-1","max-image-preview":"max-image-preview:large","max-video-preview":"max-video-preview:-1"},"canonical":"https:\/\/ironsky.pl\/sklep\/produkt\/szklo-ochronne-telesin-insta360-go-3\/","og_locale":"pl_PL","og_type":"article","og_title":"Szk\u0142o ochronne TELESIN Insta360 GO 3 - IRONSKY.PL Sklep z Dronami","og_description":"Szk\u0142o ochronne TELESIN Insta360 GO 3 - \u2705 sklep z dronami i fachowym doradztwem. \u2705 Tutaj kupisz produkty DJI, Yuneec, Parrot, Syma i wiele innych, a tak\u017ce kursy i licencje na operatora drona.","og_url":"https:\/\/ironsky.pl\/sklep\/produkt\/szklo-ochronne-telesin-insta360-go-3\/","og_site_name":"IRONSKY.PL Sklep z Dronami","article_modified_time":"2026-04-15T08:29:51+00:00","og_image":[{"width":800,"height":800,"url":"https:\/\/ironsky.pl\/sklep\/wp-content\/uploads\/2026\/04\/36769_2.jpg","type":"image\/jpeg"}],"twitter_card":"summary_large_image","twitter_misc":{"Szacowany czas czytania":"2 minuty"},"schema":{"@context":"https:\/\/schema.org","@graph":[{"@type":"WebPage","@id":"https:\/\/ironsky.pl\/sklep\/produkt\/szklo-ochronne-telesin-insta360-go-3\/","url":"https:\/\/ironsky.pl\/sklep\/produkt\/szklo-ochronne-telesin-insta360-go-3\/","name":"Szk\u0142o ochronne TELESIN Insta360 GO 3 - IRONSKY.PL Sklep z Dronami","isPartOf":{"@id":"https:\/\/ironsky.pl\/sklep\/#website"},"primaryImageOfPage":{"@id":"https:\/\/ironsky.pl\/sklep\/produkt\/szklo-ochronne-telesin-insta360-go-3\/#primaryimage"},"image":{"@id":"https:\/\/ironsky.pl\/sklep\/produkt\/szklo-ochronne-telesin-insta360-go-3\/#primaryimage"},"thumbnailUrl":"https:\/\/ironsky.pl\/sklep\/wp-content\/uploads\/2026\/04\/36769_2.jpg","datePublished":"2026-04-15T08:29:14+00:00","dateModified":"2026-04-15T08:29:51+00:00","description":"Szk\u0142o ochronne TELESIN Insta360 GO 3 - \u2705 sklep z dronami i fachowym doradztwem. \u2705 Tutaj kupisz produkty DJI, Yuneec, Parrot, Syma i wiele innych, a tak\u017ce kursy i licencje na operatora drona.","breadcrumb":{"@id":"https:\/\/ironsky.pl\/sklep\/produkt\/szklo-ochronne-telesin-insta360-go-3\/#breadcrumb"},"inLanguage":"pl-PL","potentialAction":[{"@type":"ReadAction","target":["https:\/\/ironsky.pl\/sklep\/produkt\/szklo-ochronne-telesin-insta360-go-3\/"]}]},{"@type":"ImageObject","inLanguage":"pl-PL","@id":"https:\/\/ironsky.pl\/sklep\/produkt\/szklo-ochronne-telesin-insta360-go-3\/#primaryimage","url":"https:\/\/ironsky.pl\/sklep\/wp-content\/uploads\/2026\/04\/36769_2.jpg","contentUrl":"https:\/\/ironsky.pl\/sklep\/wp-content\/uploads\/2026\/04\/36769_2.jpg","width":800,"height":800},{"@type":"BreadcrumbList","@id":"https:\/\/ironsky.pl\/sklep\/produkt\/szklo-ochronne-telesin-insta360-go-3\/#breadcrumb","itemListElement":[{"@type":"ListItem","position":1,"name":"Strona g\u0142\u00f3wna","item":"https:\/\/ironsky.pl\/sklep\/"},{"@type":"ListItem","position":2,"name":"Wszystkie produkty","item":"https:\/\/ironsky.pl\/sklep\/produkty\/"},{"@type":"ListItem","position":3,"name":"Szk\u0142o ochronne TELESIN Insta360 GO 3"}]},{"@type":"WebSite","@id":"https:\/\/ironsky.pl\/sklep\/#website","url":"https:\/\/ironsky.pl\/sklep\/","name":"IRONSKY.PL Sklep z Dronami","description":"IRONSKY.PL Sklep z Dronami","potentialAction":[{"@type":"SearchAction","target":{"@type":"EntryPoint","urlTemplate":"https:\/\/ironsky.pl\/sklep\/?s={search_term_string}"},"query-input":{"@type":"PropertyValueSpecification","valueRequired":true,"valueName":"search_term_string"}}],"inLanguage":"pl-PL"}]}},"_links":{"self":[{"href":"https:\/\/ironsky.pl\/sklep\/wp-json\/wp\/v2\/product\/57774","targetHints":{"allow":["GET"]}}],"collection":[{"href":"https:\/\/ironsky.pl\/sklep\/wp-json\/wp\/v2\/product"}],"about":[{"href":"https:\/\/ironsky.pl\/sklep\/wp-json\/wp\/v2\/types\/product"}],"replies":[{"embeddable":true,"href":"https:\/\/ironsky.pl\/sklep\/wp-json\/wp\/v2\/comments?post=57774"}],"wp:featuredmedia":[{"embeddable":true,"href":"https:\/\/ironsky.pl\/sklep\/wp-json\/wp\/v2\/media\/57775"}],"wp:attachment":[{"href":"https:\/\/ironsky.pl\/sklep\/wp-json\/wp\/v2\/media?parent=57774"}],"wp:term":[{"taxonomy":"product_brand","embeddable":true,"href":"https:\/\/ironsky.pl\/sklep\/wp-json\/wp\/v2\/product_brand?post=57774"},{"taxonomy":"product_cat","embeddable":true,"href":"https:\/\/ironsky.pl\/sklep\/wp-json\/wp\/v2\/product_cat?post=57774"},{"taxonomy":"product_tag","embeddable":true,"href":"https:\/\/ironsky.pl\/sklep\/wp-json\/wp\/v2\/product_tag?post=57774"}],"curies":[{"name":"wp","href":"https:\/\/api.w.org\/{rel}","templated":true}]}}