{"id":57761,"date":"2026-04-15T10:29:14","date_gmt":"2026-04-15T08:29:14","guid":{"rendered":"https:\/\/ironsky.pl\/sklep\/produkt\/powerbank-baseus-mini-magnetyczny-5000mah-20w-usb-c-czarny\/"},"modified":"2026-04-15T10:29:45","modified_gmt":"2026-04-15T08:29:45","slug":"powerbank-baseus-mini-magnetyczny-5000mah-20w-usb-c-czarny","status":"publish","type":"product","link":"https:\/\/ironsky.pl\/sklep\/produkt\/powerbank-baseus-mini-magnetyczny-5000mah-20w-usb-c-czarny\/","title":{"rendered":"Powerbank BASEUS mini magnetyczny 5000mAh 20W USB-C (czarny)"},"content":{"rendered":"<h3>Magnetyczny mini powerbank Baseus 5000mAh 20W (czarny)<\/h3>\n<p><p>Chcesz komfortowo \u0142adowa\u0107 swoje urz\u0105dzenia? Z powerbankiem Baseus b\u0119dzie to mo\u017cliwe! Jego przemy\u015blana budowa sprawia, \u017ce nie tylko zyskujesz dost\u0119p do du\u017cej pojemno\u015bci 5000 mAh, ale tak\u017ce cieszysz si\u0119 niezr\u00f3wnan\u0105 mobilno\u015bci\u0105 dzi\u0119ki niewielkiej konstrukcji. Ten powerbank b\u0119dzie nieod\u0142\u0105cznym towarzyszem ka\u017cdej podr\u00f3\u017cy! Zobacz, co jeszcze mo\u017ce Ci zaoferowa\u0107.<\/p>\n<\/p>\n<p><img decoding=\"async\" src=\"https:\/\/assets.innpro.pl\/2606\/2781\/czarny9.jpg\" border=\"0\" alt=\"\"><\/p>\n<h3>Komfortowe \u0142adowanie <\/h3>\n<p><p>Magnetyczny mini powerbank Baseus to idealne rozwi\u0105zanie dla wszystkich, kt\u00f3rzy ceni\u0105 sobie komfortowe \u0142adowanie swoich urz\u0105dze\u0144. Dzi\u0119ki du\u017cej pojemno\u015bci 5000 mAh ten niewielki powerbank pozwoli Ci na kilkukrotne na\u0142adowanie swojego smartfona, bez konieczno\u015bci szukania gniazdka czy przerw w korzystaniu ze sprz\u0119tu. Jego magnetyczny design jest nie tylko estetyczny, ale r\u00f3wnie\u017c funkcjonalny, gdy\u017c silnie przylega do Twojego telefonu, umo\u017cliwiaj\u0105c bezprzewodowe \u0142adowanie w wyj\u0105tkowo wygodny spos\u00f3b. Teraz mo\u017cesz cieszy\u0107 si\u0119 pe\u0142nym komfortem i niezawodnym zasilaniem w dowolnym miejscu i czasie.<\/p>\n<\/p>\n<p><img decoding=\"async\" src=\"https:\/\/assets.innpro.pl\/2606\/2781\/czarny2.jpg\" border=\"0\" alt=\"\"><\/p>\n<h3>Przemy\u015blana konstrukcja<\/h3>\n<p><p>Urz\u0105dzenie Baseus wyr\u00f3\u017cnia si\u0119 nie tylko swoj\u0105 wydajno\u015bci\u0105, ale tak\u017ce przemy\u015blan\u0105 konstrukcj\u0105. Jego niewielka grubo\u015b\u0107, zaledwie 14,7 mm, sprawia, \u017ce mie\u015bci si\u0119 wygodnie w kieszeni lub torebce, co czyni go doskona\u0142ym towarzyszem w ka\u017cdej podr\u00f3\u017cy lub w codziennym u\u017cytkowaniu. Pomimo kompaktowych rozmiar\u00f3w, gwarantuje bezpieczne \u0142adowanie Twojego urz\u0105dzenia, dzi\u0119ki czemu nie musisz si\u0119 martwi\u0107 o ewentualne uszkodzenia sprz\u0119t\u00f3w. Ten powerbank doskonale \u0142\u0105czy praktyczno\u015b\u0107 z eleganckim designem, spe\u0142niaj\u0105c oczekiwania nawet najbardziej wymagaj\u0105cych u\u017cytkownik\u00f3w.<\/p>\n<\/p>\n<p><img decoding=\"async\" src=\"https:\/\/assets.innpro.pl\/2606\/2781\/czarny8.jpg\" border=\"0\" alt=\"\"><\/p>\n<div class=\"table-wrapper\">\n<p>&nbsp;<\/p>\n<h3><\/h3>\n<table>\n<tbody>\n<tr>\n<th>Powerbank <\/th>\n<td>Baseus <\/td>\n<\/tr>\n<tr>\n<th>Model<\/th>\n<td>P10022107113-00<\/td>\n<\/tr>\n<tr>\n<th>Pojemno\u015b\u0107<\/th>\n<td>5000 mAh<\/td>\n<\/tr>\n<tr>\n<th>Typ akumulatora <\/th>\n<td>Lithium Polymer<\/td>\n<\/tr>\n<tr>\n<th>Wyj\u015bcie USB-C<\/th>\n<td>5V=3A, 9V=2A<\/td>\n<\/tr>\n<tr>\n<th>Wej\u015bcie USB-C<\/th>\n<td>5V=2.4A; 9V=2.22A; 12V=1,5A<\/td>\n<\/tr>\n<tr>\n<th>\u0141adowanie bezprzewodowe <\/th>\n<td>5 W \/ 7.5 W \/ 10 W \/ 15 W<\/td>\n<\/tr>\n<tr>\n<th>Wymiary<\/th>\n<td>14.2 \u00d7 68.9 \u00d7 106.4 mm<\/td>\n<\/tr>\n<tr>\n<th>Kolor <\/th>\n<td>czarny<\/td>\n<\/tr>\n<\/tbody>\n<\/table>\n<\/div>\n","protected":false},"excerpt":{"rendered":"<p>Magnetyczny mini powerbank Baseus 5000mAh 20W (czarny) Chcesz komfortowo \u0142adowa\u0107 swoje urz\u0105dzenia? Z powerbankiem Baseus b\u0119dzie to mo\u017cliwe! Jego przemy\u015blana<\/p>\n","protected":false},"featured_media":57762,"comment_status":"closed","ping_status":"open","template":"","meta":{"_acf_changed":false},"product_brand":[],"product_cat":[1108,1113],"product_tag":[],"class_list":{"0":"post-57761","1":"product","2":"type-product","3":"status-publish","4":"has-post-thumbnail","6":"product_cat-energia","7":"product_cat-powerbanki","8":"pa_okres-gwarancji-5754","9":"pa_producent-baseus","11":"first","12":"outofstock","13":"taxable","14":"shipping-taxable","15":"purchasable","16":"product-type-simple"},"acf":[],"yoast_head":"<!-- This site is optimized with the Yoast SEO plugin v27.2 - https:\/\/yoast.com\/product\/yoast-seo-wordpress\/ -->\n<title>Powerbank BASEUS mini magnetyczny 5000mAh 20W USB-C (czarny) - IRONSKY.PL Sklep z Dronami<\/title>\n<meta name=\"description\" content=\"Powerbank BASEUS mini magnetyczny 5000mAh 20W USB-C (czarny) - \u2705 sklep z dronami i fachowym doradztwem. \u2705 Tutaj kupisz produkty DJI, Yuneec, Parrot, Syma i wiele innych, a tak\u017ce kursy i licencje na operatora drona.\" \/>\n<meta name=\"robots\" content=\"index, follow, max-snippet:-1, max-image-preview:large, max-video-preview:-1\" \/>\n<link rel=\"canonical\" href=\"https:\/\/ironsky.pl\/sklep\/produkt\/powerbank-baseus-mini-magnetyczny-5000mah-20w-usb-c-czarny\/\" \/>\n<meta property=\"og:locale\" content=\"pl_PL\" \/>\n<meta property=\"og:type\" content=\"article\" \/>\n<meta property=\"og:title\" content=\"Powerbank BASEUS mini magnetyczny 5000mAh 20W USB-C (czarny) - IRONSKY.PL Sklep z Dronami\" \/>\n<meta property=\"og:description\" content=\"Powerbank BASEUS mini magnetyczny 5000mAh 20W USB-C (czarny) - \u2705 sklep z dronami i fachowym doradztwem. \u2705 Tutaj kupisz produkty DJI, Yuneec, Parrot, Syma i wiele innych, a tak\u017ce kursy i licencje na operatora drona.\" \/>\n<meta property=\"og:url\" content=\"https:\/\/ironsky.pl\/sklep\/produkt\/powerbank-baseus-mini-magnetyczny-5000mah-20w-usb-c-czarny\/\" \/>\n<meta property=\"og:site_name\" content=\"IRONSKY.PL Sklep z Dronami\" \/>\n<meta property=\"article:modified_time\" content=\"2026-04-15T08:29:45+00:00\" \/>\n<meta property=\"og:image\" content=\"https:\/\/ironsky.pl\/sklep\/wp-content\/uploads\/2026\/04\/36718_6.jpg\" \/>\n\t<meta property=\"og:image:width\" content=\"800\" \/>\n\t<meta property=\"og:image:height\" content=\"800\" \/>\n\t<meta property=\"og:image:type\" content=\"image\/jpeg\" \/>\n<meta name=\"twitter:card\" content=\"summary_large_image\" \/>\n<meta name=\"twitter:label1\" content=\"Szacowany czas czytania\" \/>\n\t<meta name=\"twitter:data1\" content=\"1 minuta\" \/>\n<script type=\"application\/ld+json\" class=\"yoast-schema-graph\">{\"@context\":\"https:\/\/schema.org\",\"@graph\":[{\"@type\":\"WebPage\",\"@id\":\"https:\/\/ironsky.pl\/sklep\/produkt\/powerbank-baseus-mini-magnetyczny-5000mah-20w-usb-c-czarny\/\",\"url\":\"https:\/\/ironsky.pl\/sklep\/produkt\/powerbank-baseus-mini-magnetyczny-5000mah-20w-usb-c-czarny\/\",\"name\":\"Powerbank BASEUS mini magnetyczny 5000mAh 20W USB-C (czarny) - IRONSKY.PL Sklep z Dronami\",\"isPartOf\":{\"@id\":\"https:\/\/ironsky.pl\/sklep\/#website\"},\"primaryImageOfPage\":{\"@id\":\"https:\/\/ironsky.pl\/sklep\/produkt\/powerbank-baseus-mini-magnetyczny-5000mah-20w-usb-c-czarny\/#primaryimage\"},\"image\":{\"@id\":\"https:\/\/ironsky.pl\/sklep\/produkt\/powerbank-baseus-mini-magnetyczny-5000mah-20w-usb-c-czarny\/#primaryimage\"},\"thumbnailUrl\":\"https:\/\/ironsky.pl\/sklep\/wp-content\/uploads\/2026\/04\/36718_6.jpg\",\"datePublished\":\"2026-04-15T08:29:14+00:00\",\"dateModified\":\"2026-04-15T08:29:45+00:00\",\"description\":\"Powerbank BASEUS mini magnetyczny 5000mAh 20W USB-C (czarny) - \u2705 sklep z dronami i fachowym doradztwem. \u2705 Tutaj kupisz produkty DJI, Yuneec, Parrot, Syma i wiele innych, a tak\u017ce kursy i licencje na operatora drona.\",\"breadcrumb\":{\"@id\":\"https:\/\/ironsky.pl\/sklep\/produkt\/powerbank-baseus-mini-magnetyczny-5000mah-20w-usb-c-czarny\/#breadcrumb\"},\"inLanguage\":\"pl-PL\",\"potentialAction\":[{\"@type\":\"ReadAction\",\"target\":[\"https:\/\/ironsky.pl\/sklep\/produkt\/powerbank-baseus-mini-magnetyczny-5000mah-20w-usb-c-czarny\/\"]}]},{\"@type\":\"ImageObject\",\"inLanguage\":\"pl-PL\",\"@id\":\"https:\/\/ironsky.pl\/sklep\/produkt\/powerbank-baseus-mini-magnetyczny-5000mah-20w-usb-c-czarny\/#primaryimage\",\"url\":\"https:\/\/ironsky.pl\/sklep\/wp-content\/uploads\/2026\/04\/36718_6.jpg\",\"contentUrl\":\"https:\/\/ironsky.pl\/sklep\/wp-content\/uploads\/2026\/04\/36718_6.jpg\",\"width\":800,\"height\":800},{\"@type\":\"BreadcrumbList\",\"@id\":\"https:\/\/ironsky.pl\/sklep\/produkt\/powerbank-baseus-mini-magnetyczny-5000mah-20w-usb-c-czarny\/#breadcrumb\",\"itemListElement\":[{\"@type\":\"ListItem\",\"position\":1,\"name\":\"Strona g\u0142\u00f3wna\",\"item\":\"https:\/\/ironsky.pl\/sklep\/\"},{\"@type\":\"ListItem\",\"position\":2,\"name\":\"Wszystkie produkty\",\"item\":\"https:\/\/ironsky.pl\/sklep\/produkty\/\"},{\"@type\":\"ListItem\",\"position\":3,\"name\":\"Powerbank BASEUS mini magnetyczny 5000mAh 20W USB-C (czarny)\"}]},{\"@type\":\"WebSite\",\"@id\":\"https:\/\/ironsky.pl\/sklep\/#website\",\"url\":\"https:\/\/ironsky.pl\/sklep\/\",\"name\":\"IRONSKY.PL Sklep z Dronami\",\"description\":\"IRONSKY.PL Sklep z Dronami\",\"potentialAction\":[{\"@type\":\"SearchAction\",\"target\":{\"@type\":\"EntryPoint\",\"urlTemplate\":\"https:\/\/ironsky.pl\/sklep\/?s={search_term_string}\"},\"query-input\":{\"@type\":\"PropertyValueSpecification\",\"valueRequired\":true,\"valueName\":\"search_term_string\"}}],\"inLanguage\":\"pl-PL\"}]}<\/script>\n<!-- \/ Yoast SEO plugin. -->","yoast_head_json":{"title":"Powerbank BASEUS mini magnetyczny 5000mAh 20W USB-C (czarny) - IRONSKY.PL Sklep z Dronami","description":"Powerbank BASEUS mini magnetyczny 5000mAh 20W USB-C (czarny) - \u2705 sklep z dronami i fachowym doradztwem. \u2705 Tutaj kupisz produkty DJI, Yuneec, Parrot, Syma i wiele innych, a tak\u017ce kursy i licencje na operatora drona.","robots":{"index":"index","follow":"follow","max-snippet":"max-snippet:-1","max-image-preview":"max-image-preview:large","max-video-preview":"max-video-preview:-1"},"canonical":"https:\/\/ironsky.pl\/sklep\/produkt\/powerbank-baseus-mini-magnetyczny-5000mah-20w-usb-c-czarny\/","og_locale":"pl_PL","og_type":"article","og_title":"Powerbank BASEUS mini magnetyczny 5000mAh 20W USB-C (czarny) - IRONSKY.PL Sklep z Dronami","og_description":"Powerbank BASEUS mini magnetyczny 5000mAh 20W USB-C (czarny) - \u2705 sklep z dronami i fachowym doradztwem. \u2705 Tutaj kupisz produkty DJI, Yuneec, Parrot, Syma i wiele innych, a tak\u017ce kursy i licencje na operatora drona.","og_url":"https:\/\/ironsky.pl\/sklep\/produkt\/powerbank-baseus-mini-magnetyczny-5000mah-20w-usb-c-czarny\/","og_site_name":"IRONSKY.PL Sklep z Dronami","article_modified_time":"2026-04-15T08:29:45+00:00","og_image":[{"width":800,"height":800,"url":"https:\/\/ironsky.pl\/sklep\/wp-content\/uploads\/2026\/04\/36718_6.jpg","type":"image\/jpeg"}],"twitter_card":"summary_large_image","twitter_misc":{"Szacowany czas czytania":"1 minuta"},"schema":{"@context":"https:\/\/schema.org","@graph":[{"@type":"WebPage","@id":"https:\/\/ironsky.pl\/sklep\/produkt\/powerbank-baseus-mini-magnetyczny-5000mah-20w-usb-c-czarny\/","url":"https:\/\/ironsky.pl\/sklep\/produkt\/powerbank-baseus-mini-magnetyczny-5000mah-20w-usb-c-czarny\/","name":"Powerbank BASEUS mini magnetyczny 5000mAh 20W USB-C (czarny) - IRONSKY.PL Sklep z Dronami","isPartOf":{"@id":"https:\/\/ironsky.pl\/sklep\/#website"},"primaryImageOfPage":{"@id":"https:\/\/ironsky.pl\/sklep\/produkt\/powerbank-baseus-mini-magnetyczny-5000mah-20w-usb-c-czarny\/#primaryimage"},"image":{"@id":"https:\/\/ironsky.pl\/sklep\/produkt\/powerbank-baseus-mini-magnetyczny-5000mah-20w-usb-c-czarny\/#primaryimage"},"thumbnailUrl":"https:\/\/ironsky.pl\/sklep\/wp-content\/uploads\/2026\/04\/36718_6.jpg","datePublished":"2026-04-15T08:29:14+00:00","dateModified":"2026-04-15T08:29:45+00:00","description":"Powerbank BASEUS mini magnetyczny 5000mAh 20W USB-C (czarny) - \u2705 sklep z dronami i fachowym doradztwem. \u2705 Tutaj kupisz produkty DJI, Yuneec, Parrot, Syma i wiele innych, a tak\u017ce kursy i licencje na operatora drona.","breadcrumb":{"@id":"https:\/\/ironsky.pl\/sklep\/produkt\/powerbank-baseus-mini-magnetyczny-5000mah-20w-usb-c-czarny\/#breadcrumb"},"inLanguage":"pl-PL","potentialAction":[{"@type":"ReadAction","target":["https:\/\/ironsky.pl\/sklep\/produkt\/powerbank-baseus-mini-magnetyczny-5000mah-20w-usb-c-czarny\/"]}]},{"@type":"ImageObject","inLanguage":"pl-PL","@id":"https:\/\/ironsky.pl\/sklep\/produkt\/powerbank-baseus-mini-magnetyczny-5000mah-20w-usb-c-czarny\/#primaryimage","url":"https:\/\/ironsky.pl\/sklep\/wp-content\/uploads\/2026\/04\/36718_6.jpg","contentUrl":"https:\/\/ironsky.pl\/sklep\/wp-content\/uploads\/2026\/04\/36718_6.jpg","width":800,"height":800},{"@type":"BreadcrumbList","@id":"https:\/\/ironsky.pl\/sklep\/produkt\/powerbank-baseus-mini-magnetyczny-5000mah-20w-usb-c-czarny\/#breadcrumb","itemListElement":[{"@type":"ListItem","position":1,"name":"Strona g\u0142\u00f3wna","item":"https:\/\/ironsky.pl\/sklep\/"},{"@type":"ListItem","position":2,"name":"Wszystkie produkty","item":"https:\/\/ironsky.pl\/sklep\/produkty\/"},{"@type":"ListItem","position":3,"name":"Powerbank BASEUS mini magnetyczny 5000mAh 20W USB-C (czarny)"}]},{"@type":"WebSite","@id":"https:\/\/ironsky.pl\/sklep\/#website","url":"https:\/\/ironsky.pl\/sklep\/","name":"IRONSKY.PL Sklep z Dronami","description":"IRONSKY.PL Sklep z Dronami","potentialAction":[{"@type":"SearchAction","target":{"@type":"EntryPoint","urlTemplate":"https:\/\/ironsky.pl\/sklep\/?s={search_term_string}"},"query-input":{"@type":"PropertyValueSpecification","valueRequired":true,"valueName":"search_term_string"}}],"inLanguage":"pl-PL"}]}},"_links":{"self":[{"href":"https:\/\/ironsky.pl\/sklep\/wp-json\/wp\/v2\/product\/57761","targetHints":{"allow":["GET"]}}],"collection":[{"href":"https:\/\/ironsky.pl\/sklep\/wp-json\/wp\/v2\/product"}],"about":[{"href":"https:\/\/ironsky.pl\/sklep\/wp-json\/wp\/v2\/types\/product"}],"replies":[{"embeddable":true,"href":"https:\/\/ironsky.pl\/sklep\/wp-json\/wp\/v2\/comments?post=57761"}],"wp:featuredmedia":[{"embeddable":true,"href":"https:\/\/ironsky.pl\/sklep\/wp-json\/wp\/v2\/media\/57762"}],"wp:attachment":[{"href":"https:\/\/ironsky.pl\/sklep\/wp-json\/wp\/v2\/media?parent=57761"}],"wp:term":[{"taxonomy":"product_brand","embeddable":true,"href":"https:\/\/ironsky.pl\/sklep\/wp-json\/wp\/v2\/product_brand?post=57761"},{"taxonomy":"product_cat","embeddable":true,"href":"https:\/\/ironsky.pl\/sklep\/wp-json\/wp\/v2\/product_cat?post=57761"},{"taxonomy":"product_tag","embeddable":true,"href":"https:\/\/ironsky.pl\/sklep\/wp-json\/wp\/v2\/product_tag?post=57761"}],"curies":[{"name":"wp","href":"https:\/\/api.w.org\/{rel}","templated":true}]}}