{"id":57736,"date":"2026-04-15T10:29:14","date_gmt":"2026-04-15T08:29:14","guid":{"rendered":"https:\/\/ironsky.pl\/sklep\/produkt\/filtr-kf-concept-nano-x-xv38-46mm-nd2-nd32\/"},"modified":"2026-04-15T10:29:29","modified_gmt":"2026-04-15T08:29:29","slug":"filtr-kf-concept-nano-x-xv38-46mm-nd2-nd32","status":"publish","type":"product","link":"https:\/\/ironsky.pl\/sklep\/produkt\/filtr-kf-concept-nano-x-xv38-46mm-nd2-nd32\/","title":{"rendered":"Filtr K&#038;F CONCEPT Nano-X XV38 46mm ND2-ND32"},"content":{"rendered":"<h3>Filtr Nano-X 46 mm ND2-ND32 XV38 K&#038;F Concept<\/h3>\n<p>Uzyskaj jeszcze lepsze efekty zdj\u0119\u0107 z filtrem K&#038;F Concept. Produkt eliminuje efekt X i zapobiega powstawaniu odblask\u00f3w. Sprawdzi si\u0119 podczas fotografowania wody lub dynamicznych obiekt\u00f3w, a solidna konstrukcja zapewnia odporno\u015b\u0107 na uszkodzenia. Ponadto dla tego filtru os\u0142ona obiektywu powinna wynosi\u0107 40,5 mm. <\/p>\n<p><img decoding=\"async\" src=\"https:\/\/b2b.innpro.pl\/data\/include\/cms\/KF-Concept\/KF01.1165V1\/5.jpg\" alt=\"KF-Concept\/KF01.1165V1\/5\"><\/p>\n<h3>Filtry ND2-ND32<\/h3>\n<p>Filtr mo\u017cesz regulowa\u0107 w zakresie ND2 do ND32, tym samym kontroluj\u0105c ilo\u015b\u0107 dostaj\u0105cego si\u0119 do obiektywu \u015bwiat\u0142a. Doskonale sprawdzi si\u0119 w przypadku fotografowania rzek, wodospad\u00f3w lub poruszaj\u0105cych si\u0119 obiekt\u00f3w i pozwala uchwyci\u0107 efekt rozmycia.<\/p>\n<p><img decoding=\"async\" src=\"https:\/\/b2b.innpro.pl\/data\/include\/cms\/KF-Concept\/KF01.1165V1\/6.jpg\" alt=\"KF-Concept\/KF01.1165V1\/6\"><\/p>\n<h3>Przemy\u015blana konstrukcja<\/h3>\n<p>Filtr powsta\u0142 z wysokiej jako\u015bci szk\u0142a AGC i wyr\u00f3\u017cnia si\u0119 wysok\u0105 transmisj\u0105 \u015bwiat\u0142a. Co wi\u0119cej, sk\u0142ada si\u0119 z 28 nanopow\u0142ok, kt\u00f3re chroni\u0105 przed dzia\u0142aniem wody, powstawaniem zarysowa\u0144 oraz odblask\u00f3w. Antypo\u015blizgowa konstrukcja u\u0142atwia monta\u017c i demonta\u017c, a przemy\u015blana konstrukcja pozwoli\u0142a unikn\u0105\u0107 efekt X, kt\u00f3ry powstaje podczas krzy\u017cowania si\u0119 poszczeg\u00f3lnych stopni filtra. <\/p>\n<p><img decoding=\"async\" src=\"https:\/\/b2b.innpro.pl\/data\/include\/cms\/KF-Concept\/KF01.1165V1\/7.jpg\" alt=\"KF-Concept\/KF01.1165V1\/7\"><\/p>\n<div class=\"table-wrapper\">\n<table>\n<tbody>\n<tr>\n<th>Producent<\/th>\n<td>K&#038;F Concept<\/td>\n<\/tr>\n<tr>\n<th>Model<\/th>\n<td>KF01.1165V1<\/td>\n<\/tr>\n<tr>\n<th>Rodzaj <\/th>\n<td>ND2-ND32<\/td>\n<\/tr>\n<tr>\n<th>Grubo\u015b\u0107<\/th>\n<td>7,4 mm<\/td>\n<\/tr>\n<tr>\n<th>\u015arednica<\/th>\n<td>46 mm<\/td>\n<\/tr>\n<\/tbody>\n<\/table>\n<\/div>\n","protected":false},"excerpt":{"rendered":"<p>Filtr Nano-X 46 mm ND2-ND32 XV38 K&#038;F Concept Uzyskaj jeszcze lepsze efekty zdj\u0119\u0107 z filtrem K&#038;F Concept. Produkt eliminuje efekt<\/p>\n","protected":false},"featured_media":57737,"comment_status":"closed","ping_status":"open","template":"","meta":{"_acf_changed":false},"product_brand":[],"product_cat":[6216,6211,1128],"product_tag":[],"class_list":{"0":"post-57736","1":"product","2":"type-product","3":"status-publish","4":"has-post-thumbnail","6":"product_cat-do-lustrzanek-filtry","7":"product_cat-filtry","8":"product_cat-foto-wideo","9":"pa_okres-gwarancji-5754","10":"pa_producent-kf-concept","12":"first","13":"outofstock","14":"taxable","15":"shipping-taxable","16":"purchasable","17":"product-type-simple"},"acf":[],"yoast_head":"<!-- This site is optimized with the Yoast SEO plugin v27.2 - https:\/\/yoast.com\/product\/yoast-seo-wordpress\/ -->\n<title>Filtr K&amp;F CONCEPT Nano-X XV38 46mm ND2-ND32 - IRONSKY.PL Sklep z Dronami<\/title>\n<meta name=\"description\" content=\"Filtr K&amp;F CONCEPT Nano-X XV38 46mm ND2-ND32 - \u2705 sklep z dronami i fachowym doradztwem. \u2705 Tutaj kupisz produkty DJI, Yuneec, Parrot, Syma i wiele innych, a tak\u017ce kursy i licencje na operatora drona.\" \/>\n<meta name=\"robots\" content=\"index, follow, max-snippet:-1, max-image-preview:large, max-video-preview:-1\" \/>\n<link rel=\"canonical\" href=\"https:\/\/ironsky.pl\/sklep\/produkt\/filtr-kf-concept-nano-x-xv38-46mm-nd2-nd32\/\" \/>\n<meta property=\"og:locale\" content=\"pl_PL\" \/>\n<meta property=\"og:type\" content=\"article\" \/>\n<meta property=\"og:title\" content=\"Filtr K&amp;F CONCEPT Nano-X XV38 46mm ND2-ND32 - IRONSKY.PL Sklep z Dronami\" \/>\n<meta property=\"og:description\" content=\"Filtr K&amp;F CONCEPT Nano-X XV38 46mm ND2-ND32 - \u2705 sklep z dronami i fachowym doradztwem. \u2705 Tutaj kupisz produkty DJI, Yuneec, Parrot, Syma i wiele innych, a tak\u017ce kursy i licencje na operatora drona.\" \/>\n<meta property=\"og:url\" content=\"https:\/\/ironsky.pl\/sklep\/produkt\/filtr-kf-concept-nano-x-xv38-46mm-nd2-nd32\/\" \/>\n<meta property=\"og:site_name\" content=\"IRONSKY.PL Sklep z Dronami\" \/>\n<meta property=\"article:modified_time\" content=\"2026-04-15T08:29:29+00:00\" \/>\n<meta property=\"og:image\" content=\"https:\/\/ironsky.pl\/sklep\/wp-content\/uploads\/2026\/04\/36548_1.jpg\" \/>\n\t<meta property=\"og:image:width\" content=\"800\" \/>\n\t<meta property=\"og:image:height\" content=\"800\" \/>\n\t<meta property=\"og:image:type\" content=\"image\/jpeg\" \/>\n<meta name=\"twitter:card\" content=\"summary_large_image\" \/>\n<meta name=\"twitter:label1\" content=\"Szacowany czas czytania\" \/>\n\t<meta name=\"twitter:data1\" content=\"1 minuta\" \/>\n<script type=\"application\/ld+json\" class=\"yoast-schema-graph\">{\"@context\":\"https:\/\/schema.org\",\"@graph\":[{\"@type\":\"WebPage\",\"@id\":\"https:\/\/ironsky.pl\/sklep\/produkt\/filtr-kf-concept-nano-x-xv38-46mm-nd2-nd32\/\",\"url\":\"https:\/\/ironsky.pl\/sklep\/produkt\/filtr-kf-concept-nano-x-xv38-46mm-nd2-nd32\/\",\"name\":\"Filtr K&F CONCEPT Nano-X XV38 46mm ND2-ND32 - IRONSKY.PL Sklep z Dronami\",\"isPartOf\":{\"@id\":\"https:\/\/ironsky.pl\/sklep\/#website\"},\"primaryImageOfPage\":{\"@id\":\"https:\/\/ironsky.pl\/sklep\/produkt\/filtr-kf-concept-nano-x-xv38-46mm-nd2-nd32\/#primaryimage\"},\"image\":{\"@id\":\"https:\/\/ironsky.pl\/sklep\/produkt\/filtr-kf-concept-nano-x-xv38-46mm-nd2-nd32\/#primaryimage\"},\"thumbnailUrl\":\"https:\/\/ironsky.pl\/sklep\/wp-content\/uploads\/2026\/04\/36548_1.jpg\",\"datePublished\":\"2026-04-15T08:29:14+00:00\",\"dateModified\":\"2026-04-15T08:29:29+00:00\",\"description\":\"Filtr K&F CONCEPT Nano-X XV38 46mm ND2-ND32 - \u2705 sklep z dronami i fachowym doradztwem. \u2705 Tutaj kupisz produkty DJI, Yuneec, Parrot, Syma i wiele innych, a tak\u017ce kursy i licencje na operatora drona.\",\"breadcrumb\":{\"@id\":\"https:\/\/ironsky.pl\/sklep\/produkt\/filtr-kf-concept-nano-x-xv38-46mm-nd2-nd32\/#breadcrumb\"},\"inLanguage\":\"pl-PL\",\"potentialAction\":[{\"@type\":\"ReadAction\",\"target\":[\"https:\/\/ironsky.pl\/sklep\/produkt\/filtr-kf-concept-nano-x-xv38-46mm-nd2-nd32\/\"]}]},{\"@type\":\"ImageObject\",\"inLanguage\":\"pl-PL\",\"@id\":\"https:\/\/ironsky.pl\/sklep\/produkt\/filtr-kf-concept-nano-x-xv38-46mm-nd2-nd32\/#primaryimage\",\"url\":\"https:\/\/ironsky.pl\/sklep\/wp-content\/uploads\/2026\/04\/36548_1.jpg\",\"contentUrl\":\"https:\/\/ironsky.pl\/sklep\/wp-content\/uploads\/2026\/04\/36548_1.jpg\",\"width\":800,\"height\":800},{\"@type\":\"BreadcrumbList\",\"@id\":\"https:\/\/ironsky.pl\/sklep\/produkt\/filtr-kf-concept-nano-x-xv38-46mm-nd2-nd32\/#breadcrumb\",\"itemListElement\":[{\"@type\":\"ListItem\",\"position\":1,\"name\":\"Strona g\u0142\u00f3wna\",\"item\":\"https:\/\/ironsky.pl\/sklep\/\"},{\"@type\":\"ListItem\",\"position\":2,\"name\":\"Wszystkie produkty\",\"item\":\"https:\/\/ironsky.pl\/sklep\/produkty\/\"},{\"@type\":\"ListItem\",\"position\":3,\"name\":\"Filtr K&#038;F CONCEPT Nano-X XV38 46mm ND2-ND32\"}]},{\"@type\":\"WebSite\",\"@id\":\"https:\/\/ironsky.pl\/sklep\/#website\",\"url\":\"https:\/\/ironsky.pl\/sklep\/\",\"name\":\"IRONSKY.PL Sklep z Dronami\",\"description\":\"IRONSKY.PL Sklep z Dronami\",\"potentialAction\":[{\"@type\":\"SearchAction\",\"target\":{\"@type\":\"EntryPoint\",\"urlTemplate\":\"https:\/\/ironsky.pl\/sklep\/?s={search_term_string}\"},\"query-input\":{\"@type\":\"PropertyValueSpecification\",\"valueRequired\":true,\"valueName\":\"search_term_string\"}}],\"inLanguage\":\"pl-PL\"}]}<\/script>\n<!-- \/ Yoast SEO plugin. -->","yoast_head_json":{"title":"Filtr K&F CONCEPT Nano-X XV38 46mm ND2-ND32 - IRONSKY.PL Sklep z Dronami","description":"Filtr K&F CONCEPT Nano-X XV38 46mm ND2-ND32 - \u2705 sklep z dronami i fachowym doradztwem. \u2705 Tutaj kupisz produkty DJI, Yuneec, Parrot, Syma i wiele innych, a tak\u017ce kursy i licencje na operatora drona.","robots":{"index":"index","follow":"follow","max-snippet":"max-snippet:-1","max-image-preview":"max-image-preview:large","max-video-preview":"max-video-preview:-1"},"canonical":"https:\/\/ironsky.pl\/sklep\/produkt\/filtr-kf-concept-nano-x-xv38-46mm-nd2-nd32\/","og_locale":"pl_PL","og_type":"article","og_title":"Filtr K&F CONCEPT Nano-X XV38 46mm ND2-ND32 - IRONSKY.PL Sklep z Dronami","og_description":"Filtr K&F CONCEPT Nano-X XV38 46mm ND2-ND32 - \u2705 sklep z dronami i fachowym doradztwem. \u2705 Tutaj kupisz produkty DJI, Yuneec, Parrot, Syma i wiele innych, a tak\u017ce kursy i licencje na operatora drona.","og_url":"https:\/\/ironsky.pl\/sklep\/produkt\/filtr-kf-concept-nano-x-xv38-46mm-nd2-nd32\/","og_site_name":"IRONSKY.PL Sklep z Dronami","article_modified_time":"2026-04-15T08:29:29+00:00","og_image":[{"width":800,"height":800,"url":"https:\/\/ironsky.pl\/sklep\/wp-content\/uploads\/2026\/04\/36548_1.jpg","type":"image\/jpeg"}],"twitter_card":"summary_large_image","twitter_misc":{"Szacowany czas czytania":"1 minuta"},"schema":{"@context":"https:\/\/schema.org","@graph":[{"@type":"WebPage","@id":"https:\/\/ironsky.pl\/sklep\/produkt\/filtr-kf-concept-nano-x-xv38-46mm-nd2-nd32\/","url":"https:\/\/ironsky.pl\/sklep\/produkt\/filtr-kf-concept-nano-x-xv38-46mm-nd2-nd32\/","name":"Filtr K&F CONCEPT Nano-X XV38 46mm ND2-ND32 - IRONSKY.PL Sklep z Dronami","isPartOf":{"@id":"https:\/\/ironsky.pl\/sklep\/#website"},"primaryImageOfPage":{"@id":"https:\/\/ironsky.pl\/sklep\/produkt\/filtr-kf-concept-nano-x-xv38-46mm-nd2-nd32\/#primaryimage"},"image":{"@id":"https:\/\/ironsky.pl\/sklep\/produkt\/filtr-kf-concept-nano-x-xv38-46mm-nd2-nd32\/#primaryimage"},"thumbnailUrl":"https:\/\/ironsky.pl\/sklep\/wp-content\/uploads\/2026\/04\/36548_1.jpg","datePublished":"2026-04-15T08:29:14+00:00","dateModified":"2026-04-15T08:29:29+00:00","description":"Filtr K&F CONCEPT Nano-X XV38 46mm ND2-ND32 - \u2705 sklep z dronami i fachowym doradztwem. \u2705 Tutaj kupisz produkty DJI, Yuneec, Parrot, Syma i wiele innych, a tak\u017ce kursy i licencje na operatora drona.","breadcrumb":{"@id":"https:\/\/ironsky.pl\/sklep\/produkt\/filtr-kf-concept-nano-x-xv38-46mm-nd2-nd32\/#breadcrumb"},"inLanguage":"pl-PL","potentialAction":[{"@type":"ReadAction","target":["https:\/\/ironsky.pl\/sklep\/produkt\/filtr-kf-concept-nano-x-xv38-46mm-nd2-nd32\/"]}]},{"@type":"ImageObject","inLanguage":"pl-PL","@id":"https:\/\/ironsky.pl\/sklep\/produkt\/filtr-kf-concept-nano-x-xv38-46mm-nd2-nd32\/#primaryimage","url":"https:\/\/ironsky.pl\/sklep\/wp-content\/uploads\/2026\/04\/36548_1.jpg","contentUrl":"https:\/\/ironsky.pl\/sklep\/wp-content\/uploads\/2026\/04\/36548_1.jpg","width":800,"height":800},{"@type":"BreadcrumbList","@id":"https:\/\/ironsky.pl\/sklep\/produkt\/filtr-kf-concept-nano-x-xv38-46mm-nd2-nd32\/#breadcrumb","itemListElement":[{"@type":"ListItem","position":1,"name":"Strona g\u0142\u00f3wna","item":"https:\/\/ironsky.pl\/sklep\/"},{"@type":"ListItem","position":2,"name":"Wszystkie produkty","item":"https:\/\/ironsky.pl\/sklep\/produkty\/"},{"@type":"ListItem","position":3,"name":"Filtr K&#038;F CONCEPT Nano-X XV38 46mm ND2-ND32"}]},{"@type":"WebSite","@id":"https:\/\/ironsky.pl\/sklep\/#website","url":"https:\/\/ironsky.pl\/sklep\/","name":"IRONSKY.PL Sklep z Dronami","description":"IRONSKY.PL Sklep z Dronami","potentialAction":[{"@type":"SearchAction","target":{"@type":"EntryPoint","urlTemplate":"https:\/\/ironsky.pl\/sklep\/?s={search_term_string}"},"query-input":{"@type":"PropertyValueSpecification","valueRequired":true,"valueName":"search_term_string"}}],"inLanguage":"pl-PL"}]}},"_links":{"self":[{"href":"https:\/\/ironsky.pl\/sklep\/wp-json\/wp\/v2\/product\/57736","targetHints":{"allow":["GET"]}}],"collection":[{"href":"https:\/\/ironsky.pl\/sklep\/wp-json\/wp\/v2\/product"}],"about":[{"href":"https:\/\/ironsky.pl\/sklep\/wp-json\/wp\/v2\/types\/product"}],"replies":[{"embeddable":true,"href":"https:\/\/ironsky.pl\/sklep\/wp-json\/wp\/v2\/comments?post=57736"}],"wp:featuredmedia":[{"embeddable":true,"href":"https:\/\/ironsky.pl\/sklep\/wp-json\/wp\/v2\/media\/57737"}],"wp:attachment":[{"href":"https:\/\/ironsky.pl\/sklep\/wp-json\/wp\/v2\/media?parent=57736"}],"wp:term":[{"taxonomy":"product_brand","embeddable":true,"href":"https:\/\/ironsky.pl\/sklep\/wp-json\/wp\/v2\/product_brand?post=57736"},{"taxonomy":"product_cat","embeddable":true,"href":"https:\/\/ironsky.pl\/sklep\/wp-json\/wp\/v2\/product_cat?post=57736"},{"taxonomy":"product_tag","embeddable":true,"href":"https:\/\/ironsky.pl\/sklep\/wp-json\/wp\/v2\/product_tag?post=57736"}],"curies":[{"name":"wp","href":"https:\/\/api.w.org\/{rel}","templated":true}]}}