{"id":57707,"date":"2026-04-15T10:28:46","date_gmt":"2026-04-15T08:28:46","guid":{"rendered":"https:\/\/ironsky.pl\/sklep\/produkt\/oslona-obiektywu-puluz-insta360-x3-szklo-optyczne\/"},"modified":"2026-04-15T10:29:10","modified_gmt":"2026-04-15T08:29:10","slug":"oslona-obiektywu-puluz-insta360-x3-szklo-optyczne","status":"publish","type":"product","link":"https:\/\/ironsky.pl\/sklep\/produkt\/oslona-obiektywu-puluz-insta360-x3-szklo-optyczne\/","title":{"rendered":"Os\u0142ona obiektywu PULUZ Insta360 X3 szk\u0142o optyczne"},"content":{"rendered":"<h3>Os\u0142ona ochronna ze szk\u0142a optycznego PULUZ do kamery Insta360 X3<\/h3>\n<p>Os\u0142ona ochronna PULUZ to idealne rozwi\u0105zanie, aby zadba\u0107 o bezpiecze\u0144stwo swojej kamery Insta360 X3. Wykonana z odpornego na zarysowania szk\u0142a o twardo\u015bci 9H zapewnia skuteczn\u0105 ochron\u0119 przed uszkodzeniami mechanicznymi, upadkami i zarysowaniami. Szk\u0142o optyczne zachowuje wysok\u0105 przepuszczalno\u015b\u0107 \u015bwiat\u0142a, blisk\u0105 92%, a dzi\u0119ki pow\u0142oce AR, przepuszczalno\u015b\u0107 wzrasta nawet do 98% \u2013 oznacza to, \u017ce Twoje zdj\u0119cia i nagrania pozostan\u0105 wyj\u0105tkowo klarowne. Soczewka zosta\u0142a r\u00f3wnie\u017c pokryta wodoodporn\u0105 warstw\u0105, co sprawia, \u017ce krople wody nie pozostaj\u0105 na jej powierzchni.<\/p>\n<p><img decoding=\"async\" src=\"https:\/\/b2b.innpro.pl\/data\/include\/cms\/02Puluz\/PU819\/1.jpg\" alt=\"02Puluz\/PU819\/1\"><\/p>\n<div class=\"table-wrapper\">\n<table>\n<tbody>\n<tr>\n<th>Producent<\/th>\n<td>PULUZ<\/td>\n<\/tr>\n<tr>\n<th>Model<\/th>\n<td>PU819<\/td>\n<\/tr>\n<tr>\n<th>Kompatybilno\u015b\u0107<\/th>\n<td>Insta360 X3<\/td>\n<\/tr>\n<tr>\n<th>Materia\u0142<\/th>\n<td>PC + optyczne szk\u0142o hartowane<\/td>\n<\/tr>\n<\/tbody>\n<\/table>\n<\/div>\n","protected":false},"excerpt":{"rendered":"<p>Os\u0142ona ochronna ze szk\u0142a optycznego PULUZ do kamery Insta360 X3 Os\u0142ona ochronna PULUZ to idealne rozwi\u0105zanie, aby zadba\u0107 o bezpiecze\u0144stwo<\/p>\n","protected":false},"featured_media":57708,"comment_status":"closed","ping_status":"open","template":"","meta":{"_acf_changed":false},"product_brand":[],"product_cat":[1130,1137,1128],"product_tag":[],"class_list":{"0":"post-57707","1":"product","2":"type-product","3":"status-publish","4":"has-post-thumbnail","6":"product_cat-akcesoria-foto","7":"product_cat-do-kamer-sportowych","8":"product_cat-foto-wideo","9":"pa_producent-puluz","11":"first","12":"outofstock","13":"taxable","14":"shipping-taxable","15":"purchasable","16":"product-type-simple"},"acf":[],"yoast_head":"<!-- This site is optimized with the Yoast SEO plugin v27.2 - https:\/\/yoast.com\/product\/yoast-seo-wordpress\/ -->\n<title>Os\u0142ona obiektywu PULUZ Insta360 X3 szk\u0142o optyczne - IRONSKY.PL Sklep z Dronami<\/title>\n<meta name=\"description\" content=\"Os\u0142ona obiektywu PULUZ Insta360 X3 szk\u0142o optyczne - \u2705 sklep z dronami i fachowym doradztwem. \u2705 Tutaj kupisz produkty DJI, Yuneec, Parrot, Syma i wiele innych, a tak\u017ce kursy i licencje na operatora drona.\" \/>\n<meta name=\"robots\" content=\"index, follow, max-snippet:-1, max-image-preview:large, max-video-preview:-1\" \/>\n<link rel=\"canonical\" href=\"https:\/\/ironsky.pl\/sklep\/produkt\/oslona-obiektywu-puluz-insta360-x3-szklo-optyczne\/\" \/>\n<meta property=\"og:locale\" content=\"pl_PL\" \/>\n<meta property=\"og:type\" content=\"article\" \/>\n<meta property=\"og:title\" content=\"Os\u0142ona obiektywu PULUZ Insta360 X3 szk\u0142o optyczne - IRONSKY.PL Sklep z Dronami\" \/>\n<meta property=\"og:description\" content=\"Os\u0142ona obiektywu PULUZ Insta360 X3 szk\u0142o optyczne - \u2705 sklep z dronami i fachowym doradztwem. \u2705 Tutaj kupisz produkty DJI, Yuneec, Parrot, Syma i wiele innych, a tak\u017ce kursy i licencje na operatora drona.\" \/>\n<meta property=\"og:url\" content=\"https:\/\/ironsky.pl\/sklep\/produkt\/oslona-obiektywu-puluz-insta360-x3-szklo-optyczne\/\" \/>\n<meta property=\"og:site_name\" content=\"IRONSKY.PL Sklep z Dronami\" \/>\n<meta property=\"article:modified_time\" content=\"2026-04-15T08:29:10+00:00\" \/>\n<meta property=\"og:image\" content=\"https:\/\/ironsky.pl\/sklep\/wp-content\/uploads\/2026\/04\/36414_3.jpg\" \/>\n\t<meta property=\"og:image:width\" content=\"800\" \/>\n\t<meta property=\"og:image:height\" content=\"800\" \/>\n\t<meta property=\"og:image:type\" content=\"image\/jpeg\" \/>\n<meta name=\"twitter:card\" content=\"summary_large_image\" \/>\n<meta name=\"twitter:label1\" content=\"Szacowany czas czytania\" \/>\n\t<meta name=\"twitter:data1\" content=\"1 minuta\" \/>\n<script type=\"application\/ld+json\" class=\"yoast-schema-graph\">{\"@context\":\"https:\/\/schema.org\",\"@graph\":[{\"@type\":\"WebPage\",\"@id\":\"https:\/\/ironsky.pl\/sklep\/produkt\/oslona-obiektywu-puluz-insta360-x3-szklo-optyczne\/\",\"url\":\"https:\/\/ironsky.pl\/sklep\/produkt\/oslona-obiektywu-puluz-insta360-x3-szklo-optyczne\/\",\"name\":\"Os\u0142ona obiektywu PULUZ Insta360 X3 szk\u0142o optyczne - IRONSKY.PL Sklep z Dronami\",\"isPartOf\":{\"@id\":\"https:\/\/ironsky.pl\/sklep\/#website\"},\"primaryImageOfPage\":{\"@id\":\"https:\/\/ironsky.pl\/sklep\/produkt\/oslona-obiektywu-puluz-insta360-x3-szklo-optyczne\/#primaryimage\"},\"image\":{\"@id\":\"https:\/\/ironsky.pl\/sklep\/produkt\/oslona-obiektywu-puluz-insta360-x3-szklo-optyczne\/#primaryimage\"},\"thumbnailUrl\":\"https:\/\/ironsky.pl\/sklep\/wp-content\/uploads\/2026\/04\/36414_3.jpg\",\"datePublished\":\"2026-04-15T08:28:46+00:00\",\"dateModified\":\"2026-04-15T08:29:10+00:00\",\"description\":\"Os\u0142ona obiektywu PULUZ Insta360 X3 szk\u0142o optyczne - \u2705 sklep z dronami i fachowym doradztwem. \u2705 Tutaj kupisz produkty DJI, Yuneec, Parrot, Syma i wiele innych, a tak\u017ce kursy i licencje na operatora drona.\",\"breadcrumb\":{\"@id\":\"https:\/\/ironsky.pl\/sklep\/produkt\/oslona-obiektywu-puluz-insta360-x3-szklo-optyczne\/#breadcrumb\"},\"inLanguage\":\"pl-PL\",\"potentialAction\":[{\"@type\":\"ReadAction\",\"target\":[\"https:\/\/ironsky.pl\/sklep\/produkt\/oslona-obiektywu-puluz-insta360-x3-szklo-optyczne\/\"]}]},{\"@type\":\"ImageObject\",\"inLanguage\":\"pl-PL\",\"@id\":\"https:\/\/ironsky.pl\/sklep\/produkt\/oslona-obiektywu-puluz-insta360-x3-szklo-optyczne\/#primaryimage\",\"url\":\"https:\/\/ironsky.pl\/sklep\/wp-content\/uploads\/2026\/04\/36414_3.jpg\",\"contentUrl\":\"https:\/\/ironsky.pl\/sklep\/wp-content\/uploads\/2026\/04\/36414_3.jpg\",\"width\":800,\"height\":800},{\"@type\":\"BreadcrumbList\",\"@id\":\"https:\/\/ironsky.pl\/sklep\/produkt\/oslona-obiektywu-puluz-insta360-x3-szklo-optyczne\/#breadcrumb\",\"itemListElement\":[{\"@type\":\"ListItem\",\"position\":1,\"name\":\"Strona g\u0142\u00f3wna\",\"item\":\"https:\/\/ironsky.pl\/sklep\/\"},{\"@type\":\"ListItem\",\"position\":2,\"name\":\"Wszystkie produkty\",\"item\":\"https:\/\/ironsky.pl\/sklep\/produkty\/\"},{\"@type\":\"ListItem\",\"position\":3,\"name\":\"Os\u0142ona obiektywu PULUZ Insta360 X3 szk\u0142o optyczne\"}]},{\"@type\":\"WebSite\",\"@id\":\"https:\/\/ironsky.pl\/sklep\/#website\",\"url\":\"https:\/\/ironsky.pl\/sklep\/\",\"name\":\"IRONSKY.PL Sklep z Dronami\",\"description\":\"IRONSKY.PL Sklep z Dronami\",\"potentialAction\":[{\"@type\":\"SearchAction\",\"target\":{\"@type\":\"EntryPoint\",\"urlTemplate\":\"https:\/\/ironsky.pl\/sklep\/?s={search_term_string}\"},\"query-input\":{\"@type\":\"PropertyValueSpecification\",\"valueRequired\":true,\"valueName\":\"search_term_string\"}}],\"inLanguage\":\"pl-PL\"}]}<\/script>\n<!-- \/ Yoast SEO plugin. -->","yoast_head_json":{"title":"Os\u0142ona obiektywu PULUZ Insta360 X3 szk\u0142o optyczne - IRONSKY.PL Sklep z Dronami","description":"Os\u0142ona obiektywu PULUZ Insta360 X3 szk\u0142o optyczne - \u2705 sklep z dronami i fachowym doradztwem. \u2705 Tutaj kupisz produkty DJI, Yuneec, Parrot, Syma i wiele innych, a tak\u017ce kursy i licencje na operatora drona.","robots":{"index":"index","follow":"follow","max-snippet":"max-snippet:-1","max-image-preview":"max-image-preview:large","max-video-preview":"max-video-preview:-1"},"canonical":"https:\/\/ironsky.pl\/sklep\/produkt\/oslona-obiektywu-puluz-insta360-x3-szklo-optyczne\/","og_locale":"pl_PL","og_type":"article","og_title":"Os\u0142ona obiektywu PULUZ Insta360 X3 szk\u0142o optyczne - IRONSKY.PL Sklep z Dronami","og_description":"Os\u0142ona obiektywu PULUZ Insta360 X3 szk\u0142o optyczne - \u2705 sklep z dronami i fachowym doradztwem. \u2705 Tutaj kupisz produkty DJI, Yuneec, Parrot, Syma i wiele innych, a tak\u017ce kursy i licencje na operatora drona.","og_url":"https:\/\/ironsky.pl\/sklep\/produkt\/oslona-obiektywu-puluz-insta360-x3-szklo-optyczne\/","og_site_name":"IRONSKY.PL Sklep z Dronami","article_modified_time":"2026-04-15T08:29:10+00:00","og_image":[{"width":800,"height":800,"url":"https:\/\/ironsky.pl\/sklep\/wp-content\/uploads\/2026\/04\/36414_3.jpg","type":"image\/jpeg"}],"twitter_card":"summary_large_image","twitter_misc":{"Szacowany czas czytania":"1 minuta"},"schema":{"@context":"https:\/\/schema.org","@graph":[{"@type":"WebPage","@id":"https:\/\/ironsky.pl\/sklep\/produkt\/oslona-obiektywu-puluz-insta360-x3-szklo-optyczne\/","url":"https:\/\/ironsky.pl\/sklep\/produkt\/oslona-obiektywu-puluz-insta360-x3-szklo-optyczne\/","name":"Os\u0142ona obiektywu PULUZ Insta360 X3 szk\u0142o optyczne - IRONSKY.PL Sklep z Dronami","isPartOf":{"@id":"https:\/\/ironsky.pl\/sklep\/#website"},"primaryImageOfPage":{"@id":"https:\/\/ironsky.pl\/sklep\/produkt\/oslona-obiektywu-puluz-insta360-x3-szklo-optyczne\/#primaryimage"},"image":{"@id":"https:\/\/ironsky.pl\/sklep\/produkt\/oslona-obiektywu-puluz-insta360-x3-szklo-optyczne\/#primaryimage"},"thumbnailUrl":"https:\/\/ironsky.pl\/sklep\/wp-content\/uploads\/2026\/04\/36414_3.jpg","datePublished":"2026-04-15T08:28:46+00:00","dateModified":"2026-04-15T08:29:10+00:00","description":"Os\u0142ona obiektywu PULUZ Insta360 X3 szk\u0142o optyczne - \u2705 sklep z dronami i fachowym doradztwem. \u2705 Tutaj kupisz produkty DJI, Yuneec, Parrot, Syma i wiele innych, a tak\u017ce kursy i licencje na operatora drona.","breadcrumb":{"@id":"https:\/\/ironsky.pl\/sklep\/produkt\/oslona-obiektywu-puluz-insta360-x3-szklo-optyczne\/#breadcrumb"},"inLanguage":"pl-PL","potentialAction":[{"@type":"ReadAction","target":["https:\/\/ironsky.pl\/sklep\/produkt\/oslona-obiektywu-puluz-insta360-x3-szklo-optyczne\/"]}]},{"@type":"ImageObject","inLanguage":"pl-PL","@id":"https:\/\/ironsky.pl\/sklep\/produkt\/oslona-obiektywu-puluz-insta360-x3-szklo-optyczne\/#primaryimage","url":"https:\/\/ironsky.pl\/sklep\/wp-content\/uploads\/2026\/04\/36414_3.jpg","contentUrl":"https:\/\/ironsky.pl\/sklep\/wp-content\/uploads\/2026\/04\/36414_3.jpg","width":800,"height":800},{"@type":"BreadcrumbList","@id":"https:\/\/ironsky.pl\/sklep\/produkt\/oslona-obiektywu-puluz-insta360-x3-szklo-optyczne\/#breadcrumb","itemListElement":[{"@type":"ListItem","position":1,"name":"Strona g\u0142\u00f3wna","item":"https:\/\/ironsky.pl\/sklep\/"},{"@type":"ListItem","position":2,"name":"Wszystkie produkty","item":"https:\/\/ironsky.pl\/sklep\/produkty\/"},{"@type":"ListItem","position":3,"name":"Os\u0142ona obiektywu PULUZ Insta360 X3 szk\u0142o optyczne"}]},{"@type":"WebSite","@id":"https:\/\/ironsky.pl\/sklep\/#website","url":"https:\/\/ironsky.pl\/sklep\/","name":"IRONSKY.PL Sklep z Dronami","description":"IRONSKY.PL Sklep z Dronami","potentialAction":[{"@type":"SearchAction","target":{"@type":"EntryPoint","urlTemplate":"https:\/\/ironsky.pl\/sklep\/?s={search_term_string}"},"query-input":{"@type":"PropertyValueSpecification","valueRequired":true,"valueName":"search_term_string"}}],"inLanguage":"pl-PL"}]}},"_links":{"self":[{"href":"https:\/\/ironsky.pl\/sklep\/wp-json\/wp\/v2\/product\/57707","targetHints":{"allow":["GET"]}}],"collection":[{"href":"https:\/\/ironsky.pl\/sklep\/wp-json\/wp\/v2\/product"}],"about":[{"href":"https:\/\/ironsky.pl\/sklep\/wp-json\/wp\/v2\/types\/product"}],"replies":[{"embeddable":true,"href":"https:\/\/ironsky.pl\/sklep\/wp-json\/wp\/v2\/comments?post=57707"}],"wp:featuredmedia":[{"embeddable":true,"href":"https:\/\/ironsky.pl\/sklep\/wp-json\/wp\/v2\/media\/57708"}],"wp:attachment":[{"href":"https:\/\/ironsky.pl\/sklep\/wp-json\/wp\/v2\/media?parent=57707"}],"wp:term":[{"taxonomy":"product_brand","embeddable":true,"href":"https:\/\/ironsky.pl\/sklep\/wp-json\/wp\/v2\/product_brand?post=57707"},{"taxonomy":"product_cat","embeddable":true,"href":"https:\/\/ironsky.pl\/sklep\/wp-json\/wp\/v2\/product_cat?post=57707"},{"taxonomy":"product_tag","embeddable":true,"href":"https:\/\/ironsky.pl\/sklep\/wp-json\/wp\/v2\/product_tag?post=57707"}],"curies":[{"name":"wp","href":"https:\/\/api.w.org\/{rel}","templated":true}]}}