{"id":57692,"date":"2026-04-15T10:28:46","date_gmt":"2026-04-15T08:28:46","guid":{"rendered":"https:\/\/ironsky.pl\/sklep\/produkt\/mocowanie-do-kasku-puluz-pu579b-na-podbrodek\/"},"modified":"2026-04-15T10:29:01","modified_gmt":"2026-04-15T08:29:01","slug":"mocowanie-do-kasku-puluz-pu579b-na-podbrodek","status":"publish","type":"product","link":"https:\/\/ironsky.pl\/sklep\/produkt\/mocowanie-do-kasku-puluz-pu579b-na-podbrodek\/","title":{"rendered":"Mocowanie do kasku PULUZ PU579B na podbr\u00f3dek"},"content":{"rendered":"<h3>Mocowanie na podbr\u00f3dek do kasku PULUZ do kamer sportowych (m.in X5 \/ X4, Osmo Action 5 Pro) PU579B<\/h3>\n<p>Mocowanie do kasku PULUZ PU579B to niezast\u0105pione akcesorium ka\u017cdego pasjonata dw\u00f3ch k\u00f3\u0142ek! Dzi\u0119ki niemu nagrasz niepowtarzalne uj\u0119cia z perspektywy pierwszej osoby podczas swojej przeja\u017cd\u017cki motocyklem. Do jego wykonania wykorzystano trwa\u0142e materia\u0142y, takie jak PC czy poliester, dzi\u0119ki czemu doskonale sprawdza si\u0119 w ekstremalnych warunkach. Silikonowa podstawa idealnie przylega do kasku, eliminuj\u0105c \u015blizganie si\u0119 i drgania, co zapewnia niezawodn\u0105 stabilno\u015b\u0107 podczas nagrywania. Jest kompatybilne z ka\u017cdym kaskiem typu full face oraz r\u00f3\u017cnymi kamerami sportowymi, a jego monta\u017c i demonta\u017c nie b\u0119dzie wyzwaniem.<\/p>\n<p>\n<img decoding=\"async\" src=\"https:\/\/assets.innpro.pl\/14735\/18463\/2.jpg\" border=\"0\" alt=\"\" \/>\n<\/p>\n<h3>W zestawie<\/h3>\n<ul class=\"list-disc pl-5\">\n<li>pasek podbr\u00f3dkowy do kasku x1<\/li>\n<li>mocowanie ramienia przegubowego x1<\/li>\n<li>d\u0142uga \u015bruba x1<\/li>\n<li>kr\u00f3tka \u015bruba x1<\/li>\n<li>zapasowy pasek x1<\/li>\n<\/ul>\n<div class=\"table-wrapper\">\n<p>\u00a0<\/p>\n<h3><\/h3>\n<table>\n<tbody>\n<tr>\n<th>Producent <\/th>\n<td>PULUZ<\/td>\n<\/tr>\n<tr>\n<th>Model <\/th>\n<td>PU579B<\/td>\n<\/tr>\n<tr>\n<th>Materia\u0142 <\/th>\n<td>PC + silikon + tkanina poliestrowa<\/td>\n<\/tr>\n<tr>\n<th>Kompatybilno\u015b\u0107<\/th>\n<td>DJI: Osmo Action 5 Pro, Osmo Action 3, Action 2, Osmo Action; Gopro: HERO (2024), HERO13 Black, HERO12 Black, HERO11 Black Mini  HERO11 Black, HERO10 Black, HERO9 Black, HERO8 Black, MAX, HERO7 White, HERO7 Black, HERO7 Silver, NEW HERO, HERO6 Black, HERO5 Black, HERO5 Session, Hero Session, HERO4 Session, HERO4, HERO3+, HERO3, HERO2, HERO; Insta360: X5, X4, Ace, Ace Pro, GO 3, X3, ONE RS 1-Inch 360 Edition, Insta360 ONE RS 4K Edition, Insta360 ONE RS 360 Edition, Insta360 ONE RS 1-INCH EDITION, ONE X2<\/td>\n<\/tr>\n<\/tbody>\n<\/table>\n<\/div>\n","protected":false},"excerpt":{"rendered":"<p>Mocowanie na podbr\u00f3dek do kasku PULUZ do kamer sportowych (m.in X5 \/ X4, Osmo Action 5 Pro) PU579B Mocowanie do<\/p>\n","protected":false},"featured_media":57693,"comment_status":"closed","ping_status":"open","template":"","meta":{"_acf_changed":false},"product_brand":[],"product_cat":[1128,6178,6176,6177,1138,6179],"product_tag":[],"class_list":{"0":"post-57692","1":"product","2":"type-product","3":"status-publish","4":"has-post-thumbnail","6":"product_cat-foto-wideo","7":"product_cat-mocowania","8":"product_cat-selfie-stiki","9":"product_cat-statywy-selfie-stiki","10":"product_cat-wysiegniki","11":"product_cat-wysiegniki-i-uchwyty-selfie","12":"pa_okres-gwarancji-5754","13":"pa_producent-puluz","15":"first","16":"outofstock","17":"taxable","18":"shipping-taxable","19":"purchasable","20":"product-type-simple"},"acf":[],"yoast_head":"<!-- This site is optimized with the Yoast SEO plugin v27.2 - https:\/\/yoast.com\/product\/yoast-seo-wordpress\/ -->\n<title>Mocowanie do kasku PULUZ PU579B na podbr\u00f3dek - IRONSKY.PL Sklep z Dronami<\/title>\n<meta name=\"description\" content=\"Mocowanie do kasku PULUZ PU579B na podbr\u00f3dek - \u2705 sklep z dronami i fachowym doradztwem. \u2705 Tutaj kupisz produkty DJI, Yuneec, Parrot, Syma i wiele innych, a tak\u017ce kursy i licencje na operatora drona.\" \/>\n<meta name=\"robots\" content=\"index, follow, max-snippet:-1, max-image-preview:large, max-video-preview:-1\" \/>\n<link rel=\"canonical\" href=\"https:\/\/ironsky.pl\/sklep\/produkt\/mocowanie-do-kasku-puluz-pu579b-na-podbrodek\/\" \/>\n<meta property=\"og:locale\" content=\"pl_PL\" \/>\n<meta property=\"og:type\" content=\"article\" \/>\n<meta property=\"og:title\" content=\"Mocowanie do kasku PULUZ PU579B na podbr\u00f3dek - IRONSKY.PL Sklep z Dronami\" \/>\n<meta property=\"og:description\" content=\"Mocowanie do kasku PULUZ PU579B na podbr\u00f3dek - \u2705 sklep z dronami i fachowym doradztwem. \u2705 Tutaj kupisz produkty DJI, Yuneec, Parrot, Syma i wiele innych, a tak\u017ce kursy i licencje na operatora drona.\" \/>\n<meta property=\"og:url\" content=\"https:\/\/ironsky.pl\/sklep\/produkt\/mocowanie-do-kasku-puluz-pu579b-na-podbrodek\/\" \/>\n<meta property=\"og:site_name\" content=\"IRONSKY.PL Sklep z Dronami\" \/>\n<meta property=\"article:modified_time\" content=\"2026-04-15T08:29:01+00:00\" \/>\n<meta property=\"og:image\" content=\"https:\/\/ironsky.pl\/sklep\/wp-content\/uploads\/2026\/04\/36405_2.jpg\" \/>\n\t<meta property=\"og:image:width\" content=\"800\" \/>\n\t<meta property=\"og:image:height\" content=\"801\" \/>\n\t<meta property=\"og:image:type\" content=\"image\/jpeg\" \/>\n<meta name=\"twitter:card\" content=\"summary_large_image\" \/>\n<meta name=\"twitter:label1\" content=\"Szacowany czas czytania\" \/>\n\t<meta name=\"twitter:data1\" content=\"1 minuta\" \/>\n<script type=\"application\/ld+json\" class=\"yoast-schema-graph\">{\"@context\":\"https:\/\/schema.org\",\"@graph\":[{\"@type\":\"WebPage\",\"@id\":\"https:\/\/ironsky.pl\/sklep\/produkt\/mocowanie-do-kasku-puluz-pu579b-na-podbrodek\/\",\"url\":\"https:\/\/ironsky.pl\/sklep\/produkt\/mocowanie-do-kasku-puluz-pu579b-na-podbrodek\/\",\"name\":\"Mocowanie do kasku PULUZ PU579B na podbr\u00f3dek - IRONSKY.PL Sklep z Dronami\",\"isPartOf\":{\"@id\":\"https:\/\/ironsky.pl\/sklep\/#website\"},\"primaryImageOfPage\":{\"@id\":\"https:\/\/ironsky.pl\/sklep\/produkt\/mocowanie-do-kasku-puluz-pu579b-na-podbrodek\/#primaryimage\"},\"image\":{\"@id\":\"https:\/\/ironsky.pl\/sklep\/produkt\/mocowanie-do-kasku-puluz-pu579b-na-podbrodek\/#primaryimage\"},\"thumbnailUrl\":\"https:\/\/ironsky.pl\/sklep\/wp-content\/uploads\/2026\/04\/36405_2.jpg\",\"datePublished\":\"2026-04-15T08:28:46+00:00\",\"dateModified\":\"2026-04-15T08:29:01+00:00\",\"description\":\"Mocowanie do kasku PULUZ PU579B na podbr\u00f3dek - \u2705 sklep z dronami i fachowym doradztwem. \u2705 Tutaj kupisz produkty DJI, Yuneec, Parrot, Syma i wiele innych, a tak\u017ce kursy i licencje na operatora drona.\",\"breadcrumb\":{\"@id\":\"https:\/\/ironsky.pl\/sklep\/produkt\/mocowanie-do-kasku-puluz-pu579b-na-podbrodek\/#breadcrumb\"},\"inLanguage\":\"pl-PL\",\"potentialAction\":[{\"@type\":\"ReadAction\",\"target\":[\"https:\/\/ironsky.pl\/sklep\/produkt\/mocowanie-do-kasku-puluz-pu579b-na-podbrodek\/\"]}]},{\"@type\":\"ImageObject\",\"inLanguage\":\"pl-PL\",\"@id\":\"https:\/\/ironsky.pl\/sklep\/produkt\/mocowanie-do-kasku-puluz-pu579b-na-podbrodek\/#primaryimage\",\"url\":\"https:\/\/ironsky.pl\/sklep\/wp-content\/uploads\/2026\/04\/36405_2.jpg\",\"contentUrl\":\"https:\/\/ironsky.pl\/sklep\/wp-content\/uploads\/2026\/04\/36405_2.jpg\",\"width\":800,\"height\":801},{\"@type\":\"BreadcrumbList\",\"@id\":\"https:\/\/ironsky.pl\/sklep\/produkt\/mocowanie-do-kasku-puluz-pu579b-na-podbrodek\/#breadcrumb\",\"itemListElement\":[{\"@type\":\"ListItem\",\"position\":1,\"name\":\"Strona g\u0142\u00f3wna\",\"item\":\"https:\/\/ironsky.pl\/sklep\/\"},{\"@type\":\"ListItem\",\"position\":2,\"name\":\"Wszystkie produkty\",\"item\":\"https:\/\/ironsky.pl\/sklep\/produkty\/\"},{\"@type\":\"ListItem\",\"position\":3,\"name\":\"Mocowanie do kasku PULUZ PU579B na podbr\u00f3dek\"}]},{\"@type\":\"WebSite\",\"@id\":\"https:\/\/ironsky.pl\/sklep\/#website\",\"url\":\"https:\/\/ironsky.pl\/sklep\/\",\"name\":\"IRONSKY.PL Sklep z Dronami\",\"description\":\"IRONSKY.PL Sklep z Dronami\",\"potentialAction\":[{\"@type\":\"SearchAction\",\"target\":{\"@type\":\"EntryPoint\",\"urlTemplate\":\"https:\/\/ironsky.pl\/sklep\/?s={search_term_string}\"},\"query-input\":{\"@type\":\"PropertyValueSpecification\",\"valueRequired\":true,\"valueName\":\"search_term_string\"}}],\"inLanguage\":\"pl-PL\"}]}<\/script>\n<!-- \/ Yoast SEO plugin. -->","yoast_head_json":{"title":"Mocowanie do kasku PULUZ PU579B na podbr\u00f3dek - IRONSKY.PL Sklep z Dronami","description":"Mocowanie do kasku PULUZ PU579B na podbr\u00f3dek - \u2705 sklep z dronami i fachowym doradztwem. \u2705 Tutaj kupisz produkty DJI, Yuneec, Parrot, Syma i wiele innych, a tak\u017ce kursy i licencje na operatora drona.","robots":{"index":"index","follow":"follow","max-snippet":"max-snippet:-1","max-image-preview":"max-image-preview:large","max-video-preview":"max-video-preview:-1"},"canonical":"https:\/\/ironsky.pl\/sklep\/produkt\/mocowanie-do-kasku-puluz-pu579b-na-podbrodek\/","og_locale":"pl_PL","og_type":"article","og_title":"Mocowanie do kasku PULUZ PU579B na podbr\u00f3dek - IRONSKY.PL Sklep z Dronami","og_description":"Mocowanie do kasku PULUZ PU579B na podbr\u00f3dek - \u2705 sklep z dronami i fachowym doradztwem. \u2705 Tutaj kupisz produkty DJI, Yuneec, Parrot, Syma i wiele innych, a tak\u017ce kursy i licencje na operatora drona.","og_url":"https:\/\/ironsky.pl\/sklep\/produkt\/mocowanie-do-kasku-puluz-pu579b-na-podbrodek\/","og_site_name":"IRONSKY.PL Sklep z Dronami","article_modified_time":"2026-04-15T08:29:01+00:00","og_image":[{"width":800,"height":801,"url":"https:\/\/ironsky.pl\/sklep\/wp-content\/uploads\/2026\/04\/36405_2.jpg","type":"image\/jpeg"}],"twitter_card":"summary_large_image","twitter_misc":{"Szacowany czas czytania":"1 minuta"},"schema":{"@context":"https:\/\/schema.org","@graph":[{"@type":"WebPage","@id":"https:\/\/ironsky.pl\/sklep\/produkt\/mocowanie-do-kasku-puluz-pu579b-na-podbrodek\/","url":"https:\/\/ironsky.pl\/sklep\/produkt\/mocowanie-do-kasku-puluz-pu579b-na-podbrodek\/","name":"Mocowanie do kasku PULUZ PU579B na podbr\u00f3dek - IRONSKY.PL Sklep z Dronami","isPartOf":{"@id":"https:\/\/ironsky.pl\/sklep\/#website"},"primaryImageOfPage":{"@id":"https:\/\/ironsky.pl\/sklep\/produkt\/mocowanie-do-kasku-puluz-pu579b-na-podbrodek\/#primaryimage"},"image":{"@id":"https:\/\/ironsky.pl\/sklep\/produkt\/mocowanie-do-kasku-puluz-pu579b-na-podbrodek\/#primaryimage"},"thumbnailUrl":"https:\/\/ironsky.pl\/sklep\/wp-content\/uploads\/2026\/04\/36405_2.jpg","datePublished":"2026-04-15T08:28:46+00:00","dateModified":"2026-04-15T08:29:01+00:00","description":"Mocowanie do kasku PULUZ PU579B na podbr\u00f3dek - \u2705 sklep z dronami i fachowym doradztwem. \u2705 Tutaj kupisz produkty DJI, Yuneec, Parrot, Syma i wiele innych, a tak\u017ce kursy i licencje na operatora drona.","breadcrumb":{"@id":"https:\/\/ironsky.pl\/sklep\/produkt\/mocowanie-do-kasku-puluz-pu579b-na-podbrodek\/#breadcrumb"},"inLanguage":"pl-PL","potentialAction":[{"@type":"ReadAction","target":["https:\/\/ironsky.pl\/sklep\/produkt\/mocowanie-do-kasku-puluz-pu579b-na-podbrodek\/"]}]},{"@type":"ImageObject","inLanguage":"pl-PL","@id":"https:\/\/ironsky.pl\/sklep\/produkt\/mocowanie-do-kasku-puluz-pu579b-na-podbrodek\/#primaryimage","url":"https:\/\/ironsky.pl\/sklep\/wp-content\/uploads\/2026\/04\/36405_2.jpg","contentUrl":"https:\/\/ironsky.pl\/sklep\/wp-content\/uploads\/2026\/04\/36405_2.jpg","width":800,"height":801},{"@type":"BreadcrumbList","@id":"https:\/\/ironsky.pl\/sklep\/produkt\/mocowanie-do-kasku-puluz-pu579b-na-podbrodek\/#breadcrumb","itemListElement":[{"@type":"ListItem","position":1,"name":"Strona g\u0142\u00f3wna","item":"https:\/\/ironsky.pl\/sklep\/"},{"@type":"ListItem","position":2,"name":"Wszystkie produkty","item":"https:\/\/ironsky.pl\/sklep\/produkty\/"},{"@type":"ListItem","position":3,"name":"Mocowanie do kasku PULUZ PU579B na podbr\u00f3dek"}]},{"@type":"WebSite","@id":"https:\/\/ironsky.pl\/sklep\/#website","url":"https:\/\/ironsky.pl\/sklep\/","name":"IRONSKY.PL Sklep z Dronami","description":"IRONSKY.PL Sklep z Dronami","potentialAction":[{"@type":"SearchAction","target":{"@type":"EntryPoint","urlTemplate":"https:\/\/ironsky.pl\/sklep\/?s={search_term_string}"},"query-input":{"@type":"PropertyValueSpecification","valueRequired":true,"valueName":"search_term_string"}}],"inLanguage":"pl-PL"}]}},"_links":{"self":[{"href":"https:\/\/ironsky.pl\/sklep\/wp-json\/wp\/v2\/product\/57692","targetHints":{"allow":["GET"]}}],"collection":[{"href":"https:\/\/ironsky.pl\/sklep\/wp-json\/wp\/v2\/product"}],"about":[{"href":"https:\/\/ironsky.pl\/sklep\/wp-json\/wp\/v2\/types\/product"}],"replies":[{"embeddable":true,"href":"https:\/\/ironsky.pl\/sklep\/wp-json\/wp\/v2\/comments?post=57692"}],"wp:featuredmedia":[{"embeddable":true,"href":"https:\/\/ironsky.pl\/sklep\/wp-json\/wp\/v2\/media\/57693"}],"wp:attachment":[{"href":"https:\/\/ironsky.pl\/sklep\/wp-json\/wp\/v2\/media?parent=57692"}],"wp:term":[{"taxonomy":"product_brand","embeddable":true,"href":"https:\/\/ironsky.pl\/sklep\/wp-json\/wp\/v2\/product_brand?post=57692"},{"taxonomy":"product_cat","embeddable":true,"href":"https:\/\/ironsky.pl\/sklep\/wp-json\/wp\/v2\/product_cat?post=57692"},{"taxonomy":"product_tag","embeddable":true,"href":"https:\/\/ironsky.pl\/sklep\/wp-json\/wp\/v2\/product_tag?post=57692"}],"curies":[{"name":"wp","href":"https:\/\/api.w.org\/{rel}","templated":true}]}}