{"id":57680,"date":"2026-04-15T10:28:46","date_gmt":"2026-04-15T08:28:46","guid":{"rendered":"https:\/\/ironsky.pl\/sklep\/produkt\/pokrowiec-na-laptopa-ugreen-lp187-14-14-9-szary\/"},"modified":"2026-04-15T10:28:50","modified_gmt":"2026-04-15T08:28:50","slug":"pokrowiec-na-laptopa-ugreen-lp187-14-14-9-szary","status":"publish","type":"product","link":"https:\/\/ironsky.pl\/sklep\/produkt\/pokrowiec-na-laptopa-ugreen-lp187-14-14-9-szary\/","title":{"rendered":"Pokrowiec na laptopa UGREEN LP187 14&#8243;-14.9&#8243; (szary)"},"content":{"rendered":"<h3>Pokrowiec na laptopa UGREEN LP187, 14&#8243; &#8211; 14,9&#8243; (szary)<\/h3>\n<p>Pokrowiec na laptopa LP187 UGREEN \u0142\u0105czy w sobie stylow\u0105 elegancj\u0119 z doskona\u0142\u0105 ochron\u0105 dla Twojego laptopa. Dzi\u0119ki trzem warstwom, wodoodpornej sk\u00f3rze, zag\u0119szczonej amortyzuj\u0105cej piance PE oraz mi\u0119kkiemu, puszystemu wn\u0119trzu, Tw\u00f3j laptop jest teraz odpowiednio zabezpieczony przed wszelkimi potencjalnymi uszkodzeniami. Zobacz, co jeszcze mo\u017ce Ci zaoferowa\u0107! <\/p>\n<p><img decoding=\"async\" src=\"https:\/\/b2b.innpro.pl\/data\/include\/cms\/012UGREEN\/20476-LP187\/3.jpg\" alt=\"012UGREEN\/20476-LP187\/3\"><\/p>\n<h3>Komfort i bezpiecze\u0144stwo<\/h3>\n<p>Pokrowiec LP187 jest nie tylko funkcjonalny, ale tak\u017ce wyj\u0105tkowo komfortowy w u\u017cyciu. Dzi\u0119ki mi\u0119kkiej aksamitnej podszewce Tw\u00f3j laptop jest chroniony przed zadrapaniami i otarciami, zachowuj\u0105c jednocze\u015bnie nieskaziteln\u0105 prezencj\u0119. Odporna na zarysowania, wodoodporna konstrukcja oraz wygodny zamek b\u0142yskawiczny sprawiaj\u0105, \u017ce przenoszenie Twojego laptopa sta\u0142o si\u0119 jeszcze \u0142atwiejsze. Co wi\u0119cej, pokrowiec jest lekki (153 g), dzi\u0119ki czemu mo\u017cesz z \u0142atwo\u015bci\u0105 zabiera\u0107 go na ka\u017cd\u0105 wycieczk\u0119, nie martwi\u0105c si\u0119 o dodatkowe obci\u0105\u017cenie. <\/p>\n<p><img decoding=\"async\" src=\"https:\/\/b2b.innpro.pl\/data\/include\/cms\/012UGREEN\/20476-LP187\/6.jpg\" alt=\"012UGREEN\/20476-LP187\/6\"><\/p>\n<div class=\"table-wrapper\">\n<table>\n<tbody>\n<tr>\n<th>Producent <\/th>\n<td>UGREEN<\/td>\n<\/tr>\n<tr>\n<th>Model <\/th>\n<td>LP187<\/td>\n<\/tr>\n<tr>\n<th>Kompatybilno\u015b\u0107<\/th>\n<td>Laptopy 14\u201d &#8211; 14,9\u201d<\/td>\n<\/tr>\n<tr>\n<th>Waga <\/th>\n<td>153 g<\/td>\n<\/tr>\n<tr>\n<th>Grubo\u015b\u0107 <\/th>\n<td>3 cm<\/td>\n<\/tr>\n<\/tbody>\n<\/table>\n<\/div>\n","protected":false},"excerpt":{"rendered":"<p>Pokrowiec na laptopa UGREEN LP187, 14&#8243; &#8211; 14,9&#8243; (szary) Pokrowiec na laptopa LP187 UGREEN \u0142\u0105czy w sobie stylow\u0105 elegancj\u0119 z<\/p>\n","protected":false},"featured_media":44242,"comment_status":"closed","ping_status":"open","template":"","meta":{"_acf_changed":false},"product_brand":[],"product_cat":[5929,5955],"product_tag":[],"class_list":{"0":"post-57680","1":"product","2":"type-product","3":"status-publish","4":"has-post-thumbnail","6":"product_cat-akcesoria-it","7":"product_cat-przenoszenie","8":"pa_okres-gwarancji-5757","9":"pa_producent-ugreen","11":"first","12":"outofstock","13":"taxable","14":"shipping-taxable","15":"purchasable","16":"product-type-simple"},"acf":[],"yoast_head":"<!-- This site is optimized with the Yoast SEO plugin v27.2 - https:\/\/yoast.com\/product\/yoast-seo-wordpress\/ -->\n<title>Pokrowiec na laptopa UGREEN LP187 14&quot;-14.9&quot; (szary) - IRONSKY.PL Sklep z Dronami<\/title>\n<meta name=\"description\" content=\"Pokrowiec na laptopa UGREEN LP187 14&quot;-14.9&quot; (szary) - \u2705 sklep z dronami i fachowym doradztwem. \u2705 Tutaj kupisz produkty DJI, Yuneec, Parrot, Syma i wiele innych, a tak\u017ce kursy i licencje na operatora drona.\" \/>\n<meta name=\"robots\" content=\"index, follow, max-snippet:-1, max-image-preview:large, max-video-preview:-1\" \/>\n<link rel=\"canonical\" href=\"https:\/\/ironsky.pl\/sklep\/produkt\/pokrowiec-na-laptopa-ugreen-lp187-14-14-9-szary\/\" \/>\n<meta property=\"og:locale\" content=\"pl_PL\" \/>\n<meta property=\"og:type\" content=\"article\" \/>\n<meta property=\"og:title\" content=\"Pokrowiec na laptopa UGREEN LP187 14&quot;-14.9&quot; (szary) - IRONSKY.PL Sklep z Dronami\" \/>\n<meta property=\"og:description\" content=\"Pokrowiec na laptopa UGREEN LP187 14&quot;-14.9&quot; (szary) - \u2705 sklep z dronami i fachowym doradztwem. \u2705 Tutaj kupisz produkty DJI, Yuneec, Parrot, Syma i wiele innych, a tak\u017ce kursy i licencje na operatora drona.\" \/>\n<meta property=\"og:url\" content=\"https:\/\/ironsky.pl\/sklep\/produkt\/pokrowiec-na-laptopa-ugreen-lp187-14-14-9-szary\/\" \/>\n<meta property=\"og:site_name\" content=\"IRONSKY.PL Sklep z Dronami\" \/>\n<meta property=\"article:modified_time\" content=\"2026-04-15T08:28:50+00:00\" \/>\n<meta property=\"og:image\" content=\"https:\/\/ironsky.pl\/sklep\/wp-content\/uploads\/2025\/06\/36292_1.jpg\" \/>\n\t<meta property=\"og:image:width\" content=\"800\" \/>\n\t<meta property=\"og:image:height\" content=\"800\" \/>\n\t<meta property=\"og:image:type\" content=\"image\/jpeg\" \/>\n<meta name=\"twitter:card\" content=\"summary_large_image\" \/>\n<meta name=\"twitter:label1\" content=\"Szacowany czas czytania\" \/>\n\t<meta name=\"twitter:data1\" content=\"1 minuta\" \/>\n<script type=\"application\/ld+json\" class=\"yoast-schema-graph\">{\"@context\":\"https:\/\/schema.org\",\"@graph\":[{\"@type\":\"WebPage\",\"@id\":\"https:\/\/ironsky.pl\/sklep\/produkt\/pokrowiec-na-laptopa-ugreen-lp187-14-14-9-szary\/\",\"url\":\"https:\/\/ironsky.pl\/sklep\/produkt\/pokrowiec-na-laptopa-ugreen-lp187-14-14-9-szary\/\",\"name\":\"Pokrowiec na laptopa UGREEN LP187 14\\\"-14.9\\\" (szary) - IRONSKY.PL Sklep z Dronami\",\"isPartOf\":{\"@id\":\"https:\/\/ironsky.pl\/sklep\/#website\"},\"primaryImageOfPage\":{\"@id\":\"https:\/\/ironsky.pl\/sklep\/produkt\/pokrowiec-na-laptopa-ugreen-lp187-14-14-9-szary\/#primaryimage\"},\"image\":{\"@id\":\"https:\/\/ironsky.pl\/sklep\/produkt\/pokrowiec-na-laptopa-ugreen-lp187-14-14-9-szary\/#primaryimage\"},\"thumbnailUrl\":\"https:\/\/ironsky.pl\/sklep\/wp-content\/uploads\/2025\/06\/36292_1.jpg\",\"datePublished\":\"2026-04-15T08:28:46+00:00\",\"dateModified\":\"2026-04-15T08:28:50+00:00\",\"description\":\"Pokrowiec na laptopa UGREEN LP187 14\\\"-14.9\\\" (szary) - \u2705 sklep z dronami i fachowym doradztwem. \u2705 Tutaj kupisz produkty DJI, Yuneec, Parrot, Syma i wiele innych, a tak\u017ce kursy i licencje na operatora drona.\",\"breadcrumb\":{\"@id\":\"https:\/\/ironsky.pl\/sklep\/produkt\/pokrowiec-na-laptopa-ugreen-lp187-14-14-9-szary\/#breadcrumb\"},\"inLanguage\":\"pl-PL\",\"potentialAction\":[{\"@type\":\"ReadAction\",\"target\":[\"https:\/\/ironsky.pl\/sklep\/produkt\/pokrowiec-na-laptopa-ugreen-lp187-14-14-9-szary\/\"]}]},{\"@type\":\"ImageObject\",\"inLanguage\":\"pl-PL\",\"@id\":\"https:\/\/ironsky.pl\/sklep\/produkt\/pokrowiec-na-laptopa-ugreen-lp187-14-14-9-szary\/#primaryimage\",\"url\":\"https:\/\/ironsky.pl\/sklep\/wp-content\/uploads\/2025\/06\/36292_1.jpg\",\"contentUrl\":\"https:\/\/ironsky.pl\/sklep\/wp-content\/uploads\/2025\/06\/36292_1.jpg\",\"width\":800,\"height\":800},{\"@type\":\"BreadcrumbList\",\"@id\":\"https:\/\/ironsky.pl\/sklep\/produkt\/pokrowiec-na-laptopa-ugreen-lp187-14-14-9-szary\/#breadcrumb\",\"itemListElement\":[{\"@type\":\"ListItem\",\"position\":1,\"name\":\"Strona g\u0142\u00f3wna\",\"item\":\"https:\/\/ironsky.pl\/sklep\/\"},{\"@type\":\"ListItem\",\"position\":2,\"name\":\"Wszystkie produkty\",\"item\":\"https:\/\/ironsky.pl\/sklep\/produkty\/\"},{\"@type\":\"ListItem\",\"position\":3,\"name\":\"Pokrowiec na laptopa UGREEN LP187 14&#8243;-14.9&#8243; (szary)\"}]},{\"@type\":\"WebSite\",\"@id\":\"https:\/\/ironsky.pl\/sklep\/#website\",\"url\":\"https:\/\/ironsky.pl\/sklep\/\",\"name\":\"IRONSKY.PL Sklep z Dronami\",\"description\":\"IRONSKY.PL Sklep z Dronami\",\"potentialAction\":[{\"@type\":\"SearchAction\",\"target\":{\"@type\":\"EntryPoint\",\"urlTemplate\":\"https:\/\/ironsky.pl\/sklep\/?s={search_term_string}\"},\"query-input\":{\"@type\":\"PropertyValueSpecification\",\"valueRequired\":true,\"valueName\":\"search_term_string\"}}],\"inLanguage\":\"pl-PL\"}]}<\/script>\n<!-- \/ Yoast SEO plugin. -->","yoast_head_json":{"title":"Pokrowiec na laptopa UGREEN LP187 14\"-14.9\" (szary) - IRONSKY.PL Sklep z Dronami","description":"Pokrowiec na laptopa UGREEN LP187 14\"-14.9\" (szary) - \u2705 sklep z dronami i fachowym doradztwem. \u2705 Tutaj kupisz produkty DJI, Yuneec, Parrot, Syma i wiele innych, a tak\u017ce kursy i licencje na operatora drona.","robots":{"index":"index","follow":"follow","max-snippet":"max-snippet:-1","max-image-preview":"max-image-preview:large","max-video-preview":"max-video-preview:-1"},"canonical":"https:\/\/ironsky.pl\/sklep\/produkt\/pokrowiec-na-laptopa-ugreen-lp187-14-14-9-szary\/","og_locale":"pl_PL","og_type":"article","og_title":"Pokrowiec na laptopa UGREEN LP187 14\"-14.9\" (szary) - IRONSKY.PL Sklep z Dronami","og_description":"Pokrowiec na laptopa UGREEN LP187 14\"-14.9\" (szary) - \u2705 sklep z dronami i fachowym doradztwem. \u2705 Tutaj kupisz produkty DJI, Yuneec, Parrot, Syma i wiele innych, a tak\u017ce kursy i licencje na operatora drona.","og_url":"https:\/\/ironsky.pl\/sklep\/produkt\/pokrowiec-na-laptopa-ugreen-lp187-14-14-9-szary\/","og_site_name":"IRONSKY.PL Sklep z Dronami","article_modified_time":"2026-04-15T08:28:50+00:00","og_image":[{"width":800,"height":800,"url":"https:\/\/ironsky.pl\/sklep\/wp-content\/uploads\/2025\/06\/36292_1.jpg","type":"image\/jpeg"}],"twitter_card":"summary_large_image","twitter_misc":{"Szacowany czas czytania":"1 minuta"},"schema":{"@context":"https:\/\/schema.org","@graph":[{"@type":"WebPage","@id":"https:\/\/ironsky.pl\/sklep\/produkt\/pokrowiec-na-laptopa-ugreen-lp187-14-14-9-szary\/","url":"https:\/\/ironsky.pl\/sklep\/produkt\/pokrowiec-na-laptopa-ugreen-lp187-14-14-9-szary\/","name":"Pokrowiec na laptopa UGREEN LP187 14\"-14.9\" (szary) - IRONSKY.PL Sklep z Dronami","isPartOf":{"@id":"https:\/\/ironsky.pl\/sklep\/#website"},"primaryImageOfPage":{"@id":"https:\/\/ironsky.pl\/sklep\/produkt\/pokrowiec-na-laptopa-ugreen-lp187-14-14-9-szary\/#primaryimage"},"image":{"@id":"https:\/\/ironsky.pl\/sklep\/produkt\/pokrowiec-na-laptopa-ugreen-lp187-14-14-9-szary\/#primaryimage"},"thumbnailUrl":"https:\/\/ironsky.pl\/sklep\/wp-content\/uploads\/2025\/06\/36292_1.jpg","datePublished":"2026-04-15T08:28:46+00:00","dateModified":"2026-04-15T08:28:50+00:00","description":"Pokrowiec na laptopa UGREEN LP187 14\"-14.9\" (szary) - \u2705 sklep z dronami i fachowym doradztwem. \u2705 Tutaj kupisz produkty DJI, Yuneec, Parrot, Syma i wiele innych, a tak\u017ce kursy i licencje na operatora drona.","breadcrumb":{"@id":"https:\/\/ironsky.pl\/sklep\/produkt\/pokrowiec-na-laptopa-ugreen-lp187-14-14-9-szary\/#breadcrumb"},"inLanguage":"pl-PL","potentialAction":[{"@type":"ReadAction","target":["https:\/\/ironsky.pl\/sklep\/produkt\/pokrowiec-na-laptopa-ugreen-lp187-14-14-9-szary\/"]}]},{"@type":"ImageObject","inLanguage":"pl-PL","@id":"https:\/\/ironsky.pl\/sklep\/produkt\/pokrowiec-na-laptopa-ugreen-lp187-14-14-9-szary\/#primaryimage","url":"https:\/\/ironsky.pl\/sklep\/wp-content\/uploads\/2025\/06\/36292_1.jpg","contentUrl":"https:\/\/ironsky.pl\/sklep\/wp-content\/uploads\/2025\/06\/36292_1.jpg","width":800,"height":800},{"@type":"BreadcrumbList","@id":"https:\/\/ironsky.pl\/sklep\/produkt\/pokrowiec-na-laptopa-ugreen-lp187-14-14-9-szary\/#breadcrumb","itemListElement":[{"@type":"ListItem","position":1,"name":"Strona g\u0142\u00f3wna","item":"https:\/\/ironsky.pl\/sklep\/"},{"@type":"ListItem","position":2,"name":"Wszystkie produkty","item":"https:\/\/ironsky.pl\/sklep\/produkty\/"},{"@type":"ListItem","position":3,"name":"Pokrowiec na laptopa UGREEN LP187 14&#8243;-14.9&#8243; (szary)"}]},{"@type":"WebSite","@id":"https:\/\/ironsky.pl\/sklep\/#website","url":"https:\/\/ironsky.pl\/sklep\/","name":"IRONSKY.PL Sklep z Dronami","description":"IRONSKY.PL Sklep z Dronami","potentialAction":[{"@type":"SearchAction","target":{"@type":"EntryPoint","urlTemplate":"https:\/\/ironsky.pl\/sklep\/?s={search_term_string}"},"query-input":{"@type":"PropertyValueSpecification","valueRequired":true,"valueName":"search_term_string"}}],"inLanguage":"pl-PL"}]}},"_links":{"self":[{"href":"https:\/\/ironsky.pl\/sklep\/wp-json\/wp\/v2\/product\/57680","targetHints":{"allow":["GET"]}}],"collection":[{"href":"https:\/\/ironsky.pl\/sklep\/wp-json\/wp\/v2\/product"}],"about":[{"href":"https:\/\/ironsky.pl\/sklep\/wp-json\/wp\/v2\/types\/product"}],"replies":[{"embeddable":true,"href":"https:\/\/ironsky.pl\/sklep\/wp-json\/wp\/v2\/comments?post=57680"}],"wp:featuredmedia":[{"embeddable":true,"href":"https:\/\/ironsky.pl\/sklep\/wp-json\/wp\/v2\/media\/44242"}],"wp:attachment":[{"href":"https:\/\/ironsky.pl\/sklep\/wp-json\/wp\/v2\/media?parent=57680"}],"wp:term":[{"taxonomy":"product_brand","embeddable":true,"href":"https:\/\/ironsky.pl\/sklep\/wp-json\/wp\/v2\/product_brand?post=57680"},{"taxonomy":"product_cat","embeddable":true,"href":"https:\/\/ironsky.pl\/sklep\/wp-json\/wp\/v2\/product_cat?post=57680"},{"taxonomy":"product_tag","embeddable":true,"href":"https:\/\/ironsky.pl\/sklep\/wp-json\/wp\/v2\/product_tag?post=57680"}],"curies":[{"name":"wp","href":"https:\/\/api.w.org\/{rel}","templated":true}]}}