{"id":57679,"date":"2026-04-15T10:28:46","date_gmt":"2026-04-15T08:28:46","guid":{"rendered":"https:\/\/ironsky.pl\/sklep\/produkt\/powerbank-joyroom-jr-l017-10000mah-22-5w-czarny\/"},"modified":"2026-04-15T10:28:48","modified_gmt":"2026-04-15T08:28:48","slug":"powerbank-joyroom-jr-l017-10000mah-22-5w-czarny","status":"publish","type":"product","link":"https:\/\/ironsky.pl\/sklep\/produkt\/powerbank-joyroom-jr-l017-10000mah-22-5w-czarny\/","title":{"rendered":"Powerbank JOYROOM JR-L017 10000mAh 22.5W (czarny)"},"content":{"rendered":"<h3>Powerbank Joyroom JR-L017 10000mAh, 22.5W, z kabel Lightning + USB-C (czarny)<\/h3>\n<p>Zaopatrz si\u0119 w powerbank, kt\u00f3ry sprawdzi si\u0119 w niemal ka\u017cdej sytuacji. Model JR-L017 marki Joyroom jest odporny na uderzenia, wod\u0119 i kurz \u2013 niestraszne mu nawet wyj\u0105tkowo wymagaj\u0105ce warunki. Zosta\u0142 wyposa\u017cony w 2 kable (USB-C i Lightning) oraz 2 porty (USB-C i USB-A), dzi\u0119ki czemu pozwala \u0142adowa\u0107 a\u017c 4 urz\u0105dzenia jednocze\u015bnie. Ma r\u00f3wnie\u017c wbudowan\u0105 latark\u0119 i oferuje sygna\u0142 d\u017awi\u0119kowy SOS, a ponadto zapewnia moc \u0142adowania si\u0119gaj\u0105c\u0105 22,5 W. Pojemno\u015b\u0107 powerbanku wynosi 10 000 mAh.<\/p>\n<p><img decoding=\"async\" src=\"https:\/\/b2b.innpro.pl\/data\/include\/cms\/Joyroom\/JR-L017\/10.jpg\" alt=\"Joyroom\/JR-L017\/10\"><\/p>\n<h3>Powerbank do zada\u0144 specjalnych<\/h3>\n<p>Powerbank JR-L017 sprawdzi si\u0119 podczas podr\u00f3\u017cy, wypraw w g\u00f3ry i nie tylko. Za jego pomoc\u0105 nie tylko na\u0142adujesz wybrane urz\u0105dzenia, ale te\u017c zadbasz o swoje bezpiecze\u0144stwo. Je\u015bli zajdzie taka potrzeba, mo\u017cesz u\u017cy\u0107 wbudowanego sygnalizatora d\u017awi\u0119kowego, aby skorzysta\u0107 z sygna\u0142u SOS. Dost\u0119pna jest r\u00f3wnie\u017c latarka, kt\u00f3ra oferuje 3 tryby \u015bwiecenia \u2013 s\u0142abe \u015bwiat\u0142o, mocne \u015bwiat\u0142o i SOS. Dzi\u0119ki niej z \u0142atwo\u015bci\u0105 zwr\u00f3cisz na siebie uwag\u0119 i poprosisz o pomoc!<\/p>\n<p><img decoding=\"async\" src=\"https:\/\/b2b.innpro.pl\/data\/include\/cms\/Joyroom\/JR-L017\/3.jpg\" alt=\"Joyroom\/JR-L017\/3\"><\/p>\n<h3>\u0141aduj 4 urz\u0105dzenia jednocze\u015bnie<\/h3>\n<p>Ju\u017c nie musisz zawsze mie\u0107 pod r\u0119k\u0105 dodatkowych przewod\u00f3w. Powerbank Joyroom JR-L017 zosta\u0142 wyposa\u017cony w 2 kable \u2013 USB-C i Lightning, za pomoc\u0105 kt\u00f3rych wygodnie na\u0142adujesz sw\u00f3j telefon. Do dyspozycji masz tak\u017ce porty USB-C i USB-A. Mo\u017cesz wi\u0119c bez problemu \u0142adowa\u0107 nawet 4 urz\u0105dzenia jednocze\u015bnie, na przyk\u0142ad 2 smartfony, tablet i s\u0142uchawki bezprzewodowe. Z Joyroom po\u017cegnasz ograniczenia! Co wi\u0119cej, powerbank zapewnia moc maksymaln\u0105 22,5 W, dzi\u0119ki czemu mo\u017cliwe jest szybkie \u0142adowanie.<\/p>\n<p><img decoding=\"async\" src=\"https:\/\/b2b.innpro.pl\/data\/include\/cms\/Joyroom\/JR-L017\/1.jpg\" alt=\"Joyroom\/JR-L017\/1\"><\/p>\n<h3>Pojemno\u015b\u0107 10 000 mAh<\/h3>\n<p>Zapomnij o konieczno\u015bci \u0142adowania powerbanku po ka\u017cdym u\u017cyciu. Model JR-L017 ma pojemno\u015b\u0107 a\u017c 10 000 mAh, co pozwala skorzysta\u0107 z niego nawet kilka razy, zanim konieczne b\u0119dzie pod\u0142\u0105czenie go do zasilania. Aby na\u0142adowa\u0107 urz\u0105dzenie, skorzystaj z kabla USB-C.<\/p>\n<p><img decoding=\"async\" src=\"https:\/\/b2b.innpro.pl\/data\/include\/cms\/Joyroom\/JR-L017\/2.jpg\" alt=\"Joyroom\/JR-L017\/2\"><\/p>\n<div class=\"table-wrapper\">\n<table>\n<tbody>\n<tr>\n<th>Producent<\/th>\n<td>Joyroom<\/td>\n<\/tr>\n<tr>\n<th>Model<\/th>\n<td>JR-L017<\/td>\n<\/tr>\n<tr>\n<th>Kolor<\/th>\n<td>Czarny<\/td>\n<\/tr>\n<tr>\n<th>Typ akumulatora<\/th>\n<td>Polimerowo-litowy<\/td>\n<\/tr>\n<tr>\n<th>Pojemno\u015b\u0107<\/th>\n<td>10 000 mAh<\/td>\n<\/tr>\n<tr>\n<th>Wej\u015bcie (USB-C)<\/th>\n<td>5 V &#8211; 3 A, 9 V &#8211; 2 A, 12 V &#8211; 1,5 A (18 W)<\/td>\n<\/tr>\n<tr>\n<th>Wyj\u015bcie USB-A<\/th>\n<td>4,5 V &#8211; 5 A, 5 V &#8211; 4,5 A, 5 V &#8211; 3 A, 9 V &#8211; 2 A, 12 V &#8211; 1,5 A (22,5 W)<\/td>\n<\/tr>\n<tr>\n<th>Wyj\u015bcie USB-C<\/th>\n<td>5 V &#8211; 3 A, 9 V &#8211; 2,22 A, 12 V &#8211; 1,67 A (20 W)<\/td>\n<\/tr>\n<tr>\n<th>Kabel USB-C<\/th>\n<td>4,5 V &#8211; 5 A, 5 V &#8211; 4,5 A, 5 V &#8211; 3 A, 9 V &#8211; 2 A, 12 V &#8211; 1,5 A (22,5 W)<\/td>\n<\/tr>\n<tr>\n<th>Kabel Lightning<\/th>\n<td>5 V &#8211; 2,4 A (12 W)<\/td>\n<\/tr>\n<tr>\n<th>Ca\u0142kowity pr\u0105d wyj\u015bciowy<\/th>\n<td>5 V &#8211; 3 A (maks.)<\/td>\n<\/tr>\n<tr>\n<th>Materia\u0142<\/th>\n<td>ABS + PC<\/td>\n<\/tr>\n<tr>\n<th>Wymiary<\/th>\n<td>151 x 68 x 18 mm<\/td>\n<\/tr>\n<tr>\n<th>Waga<\/th>\n<td>262 g<\/td>\n<\/tr>\n<\/tbody>\n<\/table>\n<\/div>\n","protected":false},"excerpt":{"rendered":"<p>Powerbank Joyroom JR-L017 10000mAh, 22.5W, z kabel Lightning + USB-C (czarny) Zaopatrz si\u0119 w powerbank, kt\u00f3ry sprawdzi si\u0119 w niemal<\/p>\n","protected":false},"featured_media":39999,"comment_status":"closed","ping_status":"open","template":"","meta":{"_acf_changed":false},"product_brand":[],"product_cat":[1108,1113],"product_tag":[],"class_list":{"0":"post-57679","1":"product","2":"type-product","3":"status-publish","4":"has-post-thumbnail","6":"product_cat-energia","7":"product_cat-powerbanki","8":"pa_okres-gwarancji-5754","9":"pa_producent-joyroom","11":"first","12":"outofstock","13":"taxable","14":"shipping-taxable","15":"purchasable","16":"product-type-simple"},"acf":[],"yoast_head":"<!-- This site is optimized with the Yoast SEO plugin v27.2 - https:\/\/yoast.com\/product\/yoast-seo-wordpress\/ -->\n<title>Powerbank JOYROOM JR-L017 10000mAh 22.5W (czarny) - IRONSKY.PL Sklep z Dronami<\/title>\n<meta name=\"description\" content=\"Powerbank JOYROOM JR-L017 10000mAh 22.5W (czarny) - \u2705 sklep z dronami i fachowym doradztwem. \u2705 Tutaj kupisz produkty DJI, Yuneec, Parrot, Syma i wiele innych, a tak\u017ce kursy i licencje na operatora drona.\" \/>\n<meta name=\"robots\" content=\"index, follow, max-snippet:-1, max-image-preview:large, max-video-preview:-1\" \/>\n<link rel=\"canonical\" href=\"https:\/\/ironsky.pl\/sklep\/produkt\/powerbank-joyroom-jr-l017-10000mah-22-5w-czarny\/\" \/>\n<meta property=\"og:locale\" content=\"pl_PL\" \/>\n<meta property=\"og:type\" content=\"article\" \/>\n<meta property=\"og:title\" content=\"Powerbank JOYROOM JR-L017 10000mAh 22.5W (czarny) - IRONSKY.PL Sklep z Dronami\" \/>\n<meta property=\"og:description\" content=\"Powerbank JOYROOM JR-L017 10000mAh 22.5W (czarny) - \u2705 sklep z dronami i fachowym doradztwem. \u2705 Tutaj kupisz produkty DJI, Yuneec, Parrot, Syma i wiele innych, a tak\u017ce kursy i licencje na operatora drona.\" \/>\n<meta property=\"og:url\" content=\"https:\/\/ironsky.pl\/sklep\/produkt\/powerbank-joyroom-jr-l017-10000mah-22-5w-czarny\/\" \/>\n<meta property=\"og:site_name\" content=\"IRONSKY.PL Sklep z Dronami\" \/>\n<meta property=\"article:modified_time\" content=\"2026-04-15T08:28:48+00:00\" \/>\n<meta property=\"og:image\" content=\"https:\/\/ironsky.pl\/sklep\/wp-content\/uploads\/2025\/05\/36289_7.jpg\" \/>\n\t<meta property=\"og:image:width\" content=\"800\" \/>\n\t<meta property=\"og:image:height\" content=\"800\" \/>\n\t<meta property=\"og:image:type\" content=\"image\/jpeg\" \/>\n<meta name=\"twitter:card\" content=\"summary_large_image\" \/>\n<meta name=\"twitter:label1\" content=\"Szacowany czas czytania\" \/>\n\t<meta name=\"twitter:data1\" content=\"2 minuty\" \/>\n<script type=\"application\/ld+json\" class=\"yoast-schema-graph\">{\"@context\":\"https:\/\/schema.org\",\"@graph\":[{\"@type\":\"WebPage\",\"@id\":\"https:\/\/ironsky.pl\/sklep\/produkt\/powerbank-joyroom-jr-l017-10000mah-22-5w-czarny\/\",\"url\":\"https:\/\/ironsky.pl\/sklep\/produkt\/powerbank-joyroom-jr-l017-10000mah-22-5w-czarny\/\",\"name\":\"Powerbank JOYROOM JR-L017 10000mAh 22.5W (czarny) - IRONSKY.PL Sklep z Dronami\",\"isPartOf\":{\"@id\":\"https:\/\/ironsky.pl\/sklep\/#website\"},\"primaryImageOfPage\":{\"@id\":\"https:\/\/ironsky.pl\/sklep\/produkt\/powerbank-joyroom-jr-l017-10000mah-22-5w-czarny\/#primaryimage\"},\"image\":{\"@id\":\"https:\/\/ironsky.pl\/sklep\/produkt\/powerbank-joyroom-jr-l017-10000mah-22-5w-czarny\/#primaryimage\"},\"thumbnailUrl\":\"https:\/\/ironsky.pl\/sklep\/wp-content\/uploads\/2025\/05\/36289_7.jpg\",\"datePublished\":\"2026-04-15T08:28:46+00:00\",\"dateModified\":\"2026-04-15T08:28:48+00:00\",\"description\":\"Powerbank JOYROOM JR-L017 10000mAh 22.5W (czarny) - \u2705 sklep z dronami i fachowym doradztwem. \u2705 Tutaj kupisz produkty DJI, Yuneec, Parrot, Syma i wiele innych, a tak\u017ce kursy i licencje na operatora drona.\",\"breadcrumb\":{\"@id\":\"https:\/\/ironsky.pl\/sklep\/produkt\/powerbank-joyroom-jr-l017-10000mah-22-5w-czarny\/#breadcrumb\"},\"inLanguage\":\"pl-PL\",\"potentialAction\":[{\"@type\":\"ReadAction\",\"target\":[\"https:\/\/ironsky.pl\/sklep\/produkt\/powerbank-joyroom-jr-l017-10000mah-22-5w-czarny\/\"]}]},{\"@type\":\"ImageObject\",\"inLanguage\":\"pl-PL\",\"@id\":\"https:\/\/ironsky.pl\/sklep\/produkt\/powerbank-joyroom-jr-l017-10000mah-22-5w-czarny\/#primaryimage\",\"url\":\"https:\/\/ironsky.pl\/sklep\/wp-content\/uploads\/2025\/05\/36289_7.jpg\",\"contentUrl\":\"https:\/\/ironsky.pl\/sklep\/wp-content\/uploads\/2025\/05\/36289_7.jpg\",\"width\":800,\"height\":800},{\"@type\":\"BreadcrumbList\",\"@id\":\"https:\/\/ironsky.pl\/sklep\/produkt\/powerbank-joyroom-jr-l017-10000mah-22-5w-czarny\/#breadcrumb\",\"itemListElement\":[{\"@type\":\"ListItem\",\"position\":1,\"name\":\"Strona g\u0142\u00f3wna\",\"item\":\"https:\/\/ironsky.pl\/sklep\/\"},{\"@type\":\"ListItem\",\"position\":2,\"name\":\"Wszystkie produkty\",\"item\":\"https:\/\/ironsky.pl\/sklep\/produkty\/\"},{\"@type\":\"ListItem\",\"position\":3,\"name\":\"Powerbank JOYROOM JR-L017 10000mAh 22.5W (czarny)\"}]},{\"@type\":\"WebSite\",\"@id\":\"https:\/\/ironsky.pl\/sklep\/#website\",\"url\":\"https:\/\/ironsky.pl\/sklep\/\",\"name\":\"IRONSKY.PL Sklep z Dronami\",\"description\":\"IRONSKY.PL Sklep z Dronami\",\"potentialAction\":[{\"@type\":\"SearchAction\",\"target\":{\"@type\":\"EntryPoint\",\"urlTemplate\":\"https:\/\/ironsky.pl\/sklep\/?s={search_term_string}\"},\"query-input\":{\"@type\":\"PropertyValueSpecification\",\"valueRequired\":true,\"valueName\":\"search_term_string\"}}],\"inLanguage\":\"pl-PL\"}]}<\/script>\n<!-- \/ Yoast SEO plugin. -->","yoast_head_json":{"title":"Powerbank JOYROOM JR-L017 10000mAh 22.5W (czarny) - IRONSKY.PL Sklep z Dronami","description":"Powerbank JOYROOM JR-L017 10000mAh 22.5W (czarny) - \u2705 sklep z dronami i fachowym doradztwem. \u2705 Tutaj kupisz produkty DJI, Yuneec, Parrot, Syma i wiele innych, a tak\u017ce kursy i licencje na operatora drona.","robots":{"index":"index","follow":"follow","max-snippet":"max-snippet:-1","max-image-preview":"max-image-preview:large","max-video-preview":"max-video-preview:-1"},"canonical":"https:\/\/ironsky.pl\/sklep\/produkt\/powerbank-joyroom-jr-l017-10000mah-22-5w-czarny\/","og_locale":"pl_PL","og_type":"article","og_title":"Powerbank JOYROOM JR-L017 10000mAh 22.5W (czarny) - IRONSKY.PL Sklep z Dronami","og_description":"Powerbank JOYROOM JR-L017 10000mAh 22.5W (czarny) - \u2705 sklep z dronami i fachowym doradztwem. \u2705 Tutaj kupisz produkty DJI, Yuneec, Parrot, Syma i wiele innych, a tak\u017ce kursy i licencje na operatora drona.","og_url":"https:\/\/ironsky.pl\/sklep\/produkt\/powerbank-joyroom-jr-l017-10000mah-22-5w-czarny\/","og_site_name":"IRONSKY.PL Sklep z Dronami","article_modified_time":"2026-04-15T08:28:48+00:00","og_image":[{"width":800,"height":800,"url":"https:\/\/ironsky.pl\/sklep\/wp-content\/uploads\/2025\/05\/36289_7.jpg","type":"image\/jpeg"}],"twitter_card":"summary_large_image","twitter_misc":{"Szacowany czas czytania":"2 minuty"},"schema":{"@context":"https:\/\/schema.org","@graph":[{"@type":"WebPage","@id":"https:\/\/ironsky.pl\/sklep\/produkt\/powerbank-joyroom-jr-l017-10000mah-22-5w-czarny\/","url":"https:\/\/ironsky.pl\/sklep\/produkt\/powerbank-joyroom-jr-l017-10000mah-22-5w-czarny\/","name":"Powerbank JOYROOM JR-L017 10000mAh 22.5W (czarny) - IRONSKY.PL Sklep z Dronami","isPartOf":{"@id":"https:\/\/ironsky.pl\/sklep\/#website"},"primaryImageOfPage":{"@id":"https:\/\/ironsky.pl\/sklep\/produkt\/powerbank-joyroom-jr-l017-10000mah-22-5w-czarny\/#primaryimage"},"image":{"@id":"https:\/\/ironsky.pl\/sklep\/produkt\/powerbank-joyroom-jr-l017-10000mah-22-5w-czarny\/#primaryimage"},"thumbnailUrl":"https:\/\/ironsky.pl\/sklep\/wp-content\/uploads\/2025\/05\/36289_7.jpg","datePublished":"2026-04-15T08:28:46+00:00","dateModified":"2026-04-15T08:28:48+00:00","description":"Powerbank JOYROOM JR-L017 10000mAh 22.5W (czarny) - \u2705 sklep z dronami i fachowym doradztwem. \u2705 Tutaj kupisz produkty DJI, Yuneec, Parrot, Syma i wiele innych, a tak\u017ce kursy i licencje na operatora drona.","breadcrumb":{"@id":"https:\/\/ironsky.pl\/sklep\/produkt\/powerbank-joyroom-jr-l017-10000mah-22-5w-czarny\/#breadcrumb"},"inLanguage":"pl-PL","potentialAction":[{"@type":"ReadAction","target":["https:\/\/ironsky.pl\/sklep\/produkt\/powerbank-joyroom-jr-l017-10000mah-22-5w-czarny\/"]}]},{"@type":"ImageObject","inLanguage":"pl-PL","@id":"https:\/\/ironsky.pl\/sklep\/produkt\/powerbank-joyroom-jr-l017-10000mah-22-5w-czarny\/#primaryimage","url":"https:\/\/ironsky.pl\/sklep\/wp-content\/uploads\/2025\/05\/36289_7.jpg","contentUrl":"https:\/\/ironsky.pl\/sklep\/wp-content\/uploads\/2025\/05\/36289_7.jpg","width":800,"height":800},{"@type":"BreadcrumbList","@id":"https:\/\/ironsky.pl\/sklep\/produkt\/powerbank-joyroom-jr-l017-10000mah-22-5w-czarny\/#breadcrumb","itemListElement":[{"@type":"ListItem","position":1,"name":"Strona g\u0142\u00f3wna","item":"https:\/\/ironsky.pl\/sklep\/"},{"@type":"ListItem","position":2,"name":"Wszystkie produkty","item":"https:\/\/ironsky.pl\/sklep\/produkty\/"},{"@type":"ListItem","position":3,"name":"Powerbank JOYROOM JR-L017 10000mAh 22.5W (czarny)"}]},{"@type":"WebSite","@id":"https:\/\/ironsky.pl\/sklep\/#website","url":"https:\/\/ironsky.pl\/sklep\/","name":"IRONSKY.PL Sklep z Dronami","description":"IRONSKY.PL Sklep z Dronami","potentialAction":[{"@type":"SearchAction","target":{"@type":"EntryPoint","urlTemplate":"https:\/\/ironsky.pl\/sklep\/?s={search_term_string}"},"query-input":{"@type":"PropertyValueSpecification","valueRequired":true,"valueName":"search_term_string"}}],"inLanguage":"pl-PL"}]}},"_links":{"self":[{"href":"https:\/\/ironsky.pl\/sklep\/wp-json\/wp\/v2\/product\/57679","targetHints":{"allow":["GET"]}}],"collection":[{"href":"https:\/\/ironsky.pl\/sklep\/wp-json\/wp\/v2\/product"}],"about":[{"href":"https:\/\/ironsky.pl\/sklep\/wp-json\/wp\/v2\/types\/product"}],"replies":[{"embeddable":true,"href":"https:\/\/ironsky.pl\/sklep\/wp-json\/wp\/v2\/comments?post=57679"}],"wp:featuredmedia":[{"embeddable":true,"href":"https:\/\/ironsky.pl\/sklep\/wp-json\/wp\/v2\/media\/39999"}],"wp:attachment":[{"href":"https:\/\/ironsky.pl\/sklep\/wp-json\/wp\/v2\/media?parent=57679"}],"wp:term":[{"taxonomy":"product_brand","embeddable":true,"href":"https:\/\/ironsky.pl\/sklep\/wp-json\/wp\/v2\/product_brand?post=57679"},{"taxonomy":"product_cat","embeddable":true,"href":"https:\/\/ironsky.pl\/sklep\/wp-json\/wp\/v2\/product_cat?post=57679"},{"taxonomy":"product_tag","embeddable":true,"href":"https:\/\/ironsky.pl\/sklep\/wp-json\/wp\/v2\/product_tag?post=57679"}],"curies":[{"name":"wp","href":"https:\/\/api.w.org\/{rel}","templated":true}]}}