{"id":57672,"date":"2026-04-15T10:28:20","date_gmt":"2026-04-15T08:28:20","guid":{"rendered":"https:\/\/ironsky.pl\/sklep\/produkt\/pix4dmatic-analyst-licencja-one-time-charge\/"},"modified":"2026-04-22T10:54:50","modified_gmt":"2026-04-22T08:54:50","slug":"pix4dmatic-analyst-licencja-one-time-charge","status":"publish","type":"product","link":"https:\/\/ironsky.pl\/sklep\/produkt\/pix4dmatic-analyst-licencja-one-time-charge\/","title":{"rendered":"PIX4Dmatic Analyst &#8211; licencja One-time charge"},"content":{"rendered":"<p><img decoding=\"async\" src=\"https:\/\/b2b.innpro.pl\/data\/include\/cms\/enterprise\/Pix4d\/React\/Pix4Dreact-baner0.jpg\" border=\"0\" width=\"100%\" height=\"NaN\" \/><\/p>\n<h3>Pix4Dmatic<\/h3>\n<p>Oprogramowanie fotogrametryczne nowej generacji do profesjonalnego mapowania naziemnego oraz za pomoc\u0105 drona.<\/p>\n<p><img decoding=\"async\" src=\"https:\/\/b2b.innpro.pl\/data\/include\/cms\/enterprise\/Pix4d\/matic\/pix4d-matic-1.png\" border=\"0\" width=\"100%\" height=\"NaN\" \/><\/p>\n<h3>Wi\u0119ksze zbiory danych, dok\u0142adne wyniki<\/h3>\n<p>PIX4Dmatic przetwarza tysi\u0105ce obraz\u00f3w, zachowuj\u0105c dok\u0142adno\u015b\u0107 pomiarow\u0105, skracaj\u0105c czas przetwarzania o po\u0142ow\u0119, bez problemowo dziel\u0105c si\u0119 nimi z innymi wynikami.<\/p>\n<p><img decoding=\"async\" src=\"https:\/\/b2b.innpro.pl\/data\/include\/cms\/enterprise\/Pix4d\/matic\/pix4d-matic-2.png\" border=\"0\" width=\"100%\" height=\"NaN\" \/><\/p>\n<h3>W pe\u0142ni zautomatyzowane przetwarzanie<\/h3>\n<p>Opracowany we wsp\u00f3\u0142pracy z geodetami i specjalistami od mapowania system wp\u0142ywaj\u0105cy na usprawnienie pracy: importuj, przetwarzaj i oceniaj projekty za pomoc\u0105 kilku klikni\u0119\u0107 w programie. P\u0142ynnie dzia\u0142aj przechodz\u0105\u0107 z PIX4Dmatic do PIX4Dsurvey.<\/p>\n<p><img decoding=\"async\" src=\"https:\/\/b2b.innpro.pl\/data\/include\/cms\/enterprise\/Pix4d\/matic\/pix4d-matic-3.png\" border=\"0\" width=\"100%\" height=\"NaN\" \/><\/p>\n<h3>Usprawniony przebieg pracy<\/h3>\n<p>Wykorzystaj zalety zar\u00f3wno fotogrametrii jak i technologii LiDAR. Przetwarzaj dane wyj\u015bciowe LiDAR i RGB z PIX4Dcatch w celu uzyskanie pe\u0142nego naziemnego przep\u0142ywu pracy.\u00a0<\/p>\n<p><img decoding=\"async\" src=\"https:\/\/b2b.innpro.pl\/data\/include\/cms\/enterprise\/Pix4d\/matic\/pix4d-matic-4.jpg\" border=\"0\" width=\"100%\" height=\"NaN\" \/><\/p>\n<h3>Chmura punkt\u00f3w<\/h3>\n<p>Wygeneruj g\u0119st\u0105 chmur\u0119 punkt\u00f3w. Mo\u017cesz utworzy\u0107 chmur\u0119 punkt\u00f3w g\u0142\u0119boko\u015bci lub po\u0142\u0105cz je zgodnie z za\u0142o\u017ceniami jakie potrzebujesz. Stw\u00f3rz najlepsz\u0105 mo\u017cliw\u0105 rekonstrukcj\u0119.<\/p>\n<p><img decoding=\"async\" src=\"https:\/\/b2b.innpro.pl\/data\/include\/cms\/enterprise\/Pix4d\/matic\/pix4d-matic-5.jpg\" border=\"0\" width=\"100%\" height=\"NaN\" \/><\/p>\n<h3>Ortomozaika<\/h3>\n<p>Tw\u00f3rz ortomozaiki, kt\u00f3re s\u0105 skorygowane geometrycznie, w taki spos\u00f3b aby skala by\u0142a jednolita. Ortomozaiki s\u0105 zr\u00f3wnowa\u017cone pod k\u0105tem kolor\u00f3w, aby by\u0142y bardziej przyjemne wizualnie.<\/p>\n<p><img decoding=\"async\" src=\"https:\/\/b2b.innpro.pl\/data\/include\/cms\/enterprise\/Pix4d\/matic\/pix4d-matic-6.jpg\" border=\"0\" width=\"100%\" height=\"NaN\" \/><\/p>\n<h3>Cyfrowy model powierzchni (DSM)<\/h3>\n<p>Wygeneruj cyfrowe odwzorowanie wszystkich obiekt\u00f3w na mapowanym obszarze. Obejmuje to zar\u00f3wno elementy naturalne, jak i obiekty wzniesione przez cz\u0142owieka.\u00a0<\/p>\n<p><img decoding=\"async\" src=\"https:\/\/b2b.innpro.pl\/data\/include\/cms\/enterprise\/Pix4d\/matic\/pix4d-matic-7.jpg\" border=\"0\" width=\"100%\" height=\"NaN\" \/><\/p>\n<h3>Siatka<\/h3>\n<p>Wygeneruj teksturow\u0105 siatk\u0119 3D, definiuj\u0105c rozmiary tekstury i kryteria decymacji, a nast\u0119pnie wy\u015bwietl j\u0105 w trybie teksturowym lub cieniowanym.<\/p>\n","protected":false},"excerpt":{"rendered":"<p>Pix4Dmatic Oprogramowanie fotogrametryczne nowej generacji do profesjonalnego mapowania naziemnego oraz za pomoc\u0105 drona. Wi\u0119ksze zbiory danych, dok\u0142adne wyniki PIX4Dmatic przetwarza<\/p>\n","protected":false},"featured_media":57673,"comment_status":"closed","ping_status":"open","template":"","meta":{"_acf_changed":false},"product_brand":[],"product_cat":[1088,1105,6194],"product_tag":[],"class_list":{"0":"post-57672","1":"product","2":"type-product","3":"status-publish","4":"has-post-thumbnail","6":"product_cat-drony","7":"product_cat-przemyslowe","8":"product_cat-oprogramowanie","9":"pa_producent-pix4d","11":"first","12":"outofstock","13":"taxable","14":"shipping-taxable","15":"purchasable","16":"product-type-simple"},"acf":[],"yoast_head":"<!-- This site is optimized with the Yoast SEO plugin v27.2 - https:\/\/yoast.com\/product\/yoast-seo-wordpress\/ -->\n<title>PIX4Dmatic Analyst - licencja One-time charge - IRONSKY.PL Sklep z Dronami<\/title>\n<meta name=\"description\" content=\"PIX4Dmatic Analyst - licencja One-time charge - \u2705 sklep z dronami i fachowym doradztwem. \u2705 Tutaj kupisz produkty DJI, Yuneec, Parrot, Syma i wiele innych, a tak\u017ce kursy i licencje na operatora drona.\" \/>\n<meta name=\"robots\" content=\"index, follow, max-snippet:-1, max-image-preview:large, max-video-preview:-1\" \/>\n<link rel=\"canonical\" href=\"https:\/\/ironsky.pl\/sklep\/produkt\/pix4dmatic-analyst-licencja-one-time-charge\/\" \/>\n<meta property=\"og:locale\" content=\"pl_PL\" \/>\n<meta property=\"og:type\" content=\"article\" \/>\n<meta property=\"og:title\" content=\"PIX4Dmatic Analyst - licencja One-time charge - IRONSKY.PL Sklep z Dronami\" \/>\n<meta property=\"og:description\" content=\"PIX4Dmatic Analyst - licencja One-time charge - \u2705 sklep z dronami i fachowym doradztwem. \u2705 Tutaj kupisz produkty DJI, Yuneec, Parrot, Syma i wiele innych, a tak\u017ce kursy i licencje na operatora drona.\" \/>\n<meta property=\"og:url\" content=\"https:\/\/ironsky.pl\/sklep\/produkt\/pix4dmatic-analyst-licencja-one-time-charge\/\" \/>\n<meta property=\"og:site_name\" content=\"IRONSKY.PL Sklep z Dronami\" \/>\n<meta property=\"article:modified_time\" content=\"2026-04-22T08:54:50+00:00\" \/>\n<meta property=\"og:image\" content=\"https:\/\/ironsky.pl\/sklep\/wp-content\/uploads\/2026\/04\/36238_1.jpg\" \/>\n\t<meta property=\"og:image:width\" content=\"800\" \/>\n\t<meta property=\"og:image:height\" content=\"800\" \/>\n\t<meta property=\"og:image:type\" content=\"image\/jpeg\" \/>\n<meta name=\"twitter:card\" content=\"summary_large_image\" \/>\n<meta name=\"twitter:label1\" content=\"Szacowany czas czytania\" \/>\n\t<meta name=\"twitter:data1\" content=\"1 minuta\" \/>\n<script type=\"application\/ld+json\" class=\"yoast-schema-graph\">{\"@context\":\"https:\/\/schema.org\",\"@graph\":[{\"@type\":\"WebPage\",\"@id\":\"https:\/\/ironsky.pl\/sklep\/produkt\/pix4dmatic-analyst-licencja-one-time-charge\/\",\"url\":\"https:\/\/ironsky.pl\/sklep\/produkt\/pix4dmatic-analyst-licencja-one-time-charge\/\",\"name\":\"PIX4Dmatic Analyst - licencja One-time charge - IRONSKY.PL Sklep z Dronami\",\"isPartOf\":{\"@id\":\"https:\/\/ironsky.pl\/sklep\/#website\"},\"primaryImageOfPage\":{\"@id\":\"https:\/\/ironsky.pl\/sklep\/produkt\/pix4dmatic-analyst-licencja-one-time-charge\/#primaryimage\"},\"image\":{\"@id\":\"https:\/\/ironsky.pl\/sklep\/produkt\/pix4dmatic-analyst-licencja-one-time-charge\/#primaryimage\"},\"thumbnailUrl\":\"https:\/\/ironsky.pl\/sklep\/wp-content\/uploads\/2026\/04\/36238_1.jpg\",\"datePublished\":\"2026-04-15T08:28:20+00:00\",\"dateModified\":\"2026-04-22T08:54:50+00:00\",\"description\":\"PIX4Dmatic Analyst - licencja One-time charge - \u2705 sklep z dronami i fachowym doradztwem. \u2705 Tutaj kupisz produkty DJI, Yuneec, Parrot, Syma i wiele innych, a tak\u017ce kursy i licencje na operatora drona.\",\"breadcrumb\":{\"@id\":\"https:\/\/ironsky.pl\/sklep\/produkt\/pix4dmatic-analyst-licencja-one-time-charge\/#breadcrumb\"},\"inLanguage\":\"pl-PL\",\"potentialAction\":[{\"@type\":\"ReadAction\",\"target\":[\"https:\/\/ironsky.pl\/sklep\/produkt\/pix4dmatic-analyst-licencja-one-time-charge\/\"]}]},{\"@type\":\"ImageObject\",\"inLanguage\":\"pl-PL\",\"@id\":\"https:\/\/ironsky.pl\/sklep\/produkt\/pix4dmatic-analyst-licencja-one-time-charge\/#primaryimage\",\"url\":\"https:\/\/ironsky.pl\/sklep\/wp-content\/uploads\/2026\/04\/36238_1.jpg\",\"contentUrl\":\"https:\/\/ironsky.pl\/sklep\/wp-content\/uploads\/2026\/04\/36238_1.jpg\",\"width\":800,\"height\":800},{\"@type\":\"BreadcrumbList\",\"@id\":\"https:\/\/ironsky.pl\/sklep\/produkt\/pix4dmatic-analyst-licencja-one-time-charge\/#breadcrumb\",\"itemListElement\":[{\"@type\":\"ListItem\",\"position\":1,\"name\":\"Strona g\u0142\u00f3wna\",\"item\":\"https:\/\/ironsky.pl\/sklep\/\"},{\"@type\":\"ListItem\",\"position\":2,\"name\":\"Wszystkie produkty\",\"item\":\"https:\/\/ironsky.pl\/sklep\/produkty\/\"},{\"@type\":\"ListItem\",\"position\":3,\"name\":\"PIX4Dmatic Analyst &#8211; licencja One-time charge\"}]},{\"@type\":\"WebSite\",\"@id\":\"https:\/\/ironsky.pl\/sklep\/#website\",\"url\":\"https:\/\/ironsky.pl\/sklep\/\",\"name\":\"IRONSKY.PL Sklep z Dronami\",\"description\":\"IRONSKY.PL Sklep z Dronami\",\"potentialAction\":[{\"@type\":\"SearchAction\",\"target\":{\"@type\":\"EntryPoint\",\"urlTemplate\":\"https:\/\/ironsky.pl\/sklep\/?s={search_term_string}\"},\"query-input\":{\"@type\":\"PropertyValueSpecification\",\"valueRequired\":true,\"valueName\":\"search_term_string\"}}],\"inLanguage\":\"pl-PL\"}]}<\/script>\n<!-- \/ Yoast SEO plugin. -->","yoast_head_json":{"title":"PIX4Dmatic Analyst - licencja One-time charge - IRONSKY.PL Sklep z Dronami","description":"PIX4Dmatic Analyst - licencja One-time charge - \u2705 sklep z dronami i fachowym doradztwem. \u2705 Tutaj kupisz produkty DJI, Yuneec, Parrot, Syma i wiele innych, a tak\u017ce kursy i licencje na operatora drona.","robots":{"index":"index","follow":"follow","max-snippet":"max-snippet:-1","max-image-preview":"max-image-preview:large","max-video-preview":"max-video-preview:-1"},"canonical":"https:\/\/ironsky.pl\/sklep\/produkt\/pix4dmatic-analyst-licencja-one-time-charge\/","og_locale":"pl_PL","og_type":"article","og_title":"PIX4Dmatic Analyst - licencja One-time charge - IRONSKY.PL Sklep z Dronami","og_description":"PIX4Dmatic Analyst - licencja One-time charge - \u2705 sklep z dronami i fachowym doradztwem. \u2705 Tutaj kupisz produkty DJI, Yuneec, Parrot, Syma i wiele innych, a tak\u017ce kursy i licencje na operatora drona.","og_url":"https:\/\/ironsky.pl\/sklep\/produkt\/pix4dmatic-analyst-licencja-one-time-charge\/","og_site_name":"IRONSKY.PL Sklep z Dronami","article_modified_time":"2026-04-22T08:54:50+00:00","og_image":[{"width":800,"height":800,"url":"https:\/\/ironsky.pl\/sklep\/wp-content\/uploads\/2026\/04\/36238_1.jpg","type":"image\/jpeg"}],"twitter_card":"summary_large_image","twitter_misc":{"Szacowany czas czytania":"1 minuta"},"schema":{"@context":"https:\/\/schema.org","@graph":[{"@type":"WebPage","@id":"https:\/\/ironsky.pl\/sklep\/produkt\/pix4dmatic-analyst-licencja-one-time-charge\/","url":"https:\/\/ironsky.pl\/sklep\/produkt\/pix4dmatic-analyst-licencja-one-time-charge\/","name":"PIX4Dmatic Analyst - licencja One-time charge - IRONSKY.PL Sklep z Dronami","isPartOf":{"@id":"https:\/\/ironsky.pl\/sklep\/#website"},"primaryImageOfPage":{"@id":"https:\/\/ironsky.pl\/sklep\/produkt\/pix4dmatic-analyst-licencja-one-time-charge\/#primaryimage"},"image":{"@id":"https:\/\/ironsky.pl\/sklep\/produkt\/pix4dmatic-analyst-licencja-one-time-charge\/#primaryimage"},"thumbnailUrl":"https:\/\/ironsky.pl\/sklep\/wp-content\/uploads\/2026\/04\/36238_1.jpg","datePublished":"2026-04-15T08:28:20+00:00","dateModified":"2026-04-22T08:54:50+00:00","description":"PIX4Dmatic Analyst - licencja One-time charge - \u2705 sklep z dronami i fachowym doradztwem. \u2705 Tutaj kupisz produkty DJI, Yuneec, Parrot, Syma i wiele innych, a tak\u017ce kursy i licencje na operatora drona.","breadcrumb":{"@id":"https:\/\/ironsky.pl\/sklep\/produkt\/pix4dmatic-analyst-licencja-one-time-charge\/#breadcrumb"},"inLanguage":"pl-PL","potentialAction":[{"@type":"ReadAction","target":["https:\/\/ironsky.pl\/sklep\/produkt\/pix4dmatic-analyst-licencja-one-time-charge\/"]}]},{"@type":"ImageObject","inLanguage":"pl-PL","@id":"https:\/\/ironsky.pl\/sklep\/produkt\/pix4dmatic-analyst-licencja-one-time-charge\/#primaryimage","url":"https:\/\/ironsky.pl\/sklep\/wp-content\/uploads\/2026\/04\/36238_1.jpg","contentUrl":"https:\/\/ironsky.pl\/sklep\/wp-content\/uploads\/2026\/04\/36238_1.jpg","width":800,"height":800},{"@type":"BreadcrumbList","@id":"https:\/\/ironsky.pl\/sklep\/produkt\/pix4dmatic-analyst-licencja-one-time-charge\/#breadcrumb","itemListElement":[{"@type":"ListItem","position":1,"name":"Strona g\u0142\u00f3wna","item":"https:\/\/ironsky.pl\/sklep\/"},{"@type":"ListItem","position":2,"name":"Wszystkie produkty","item":"https:\/\/ironsky.pl\/sklep\/produkty\/"},{"@type":"ListItem","position":3,"name":"PIX4Dmatic Analyst &#8211; licencja One-time charge"}]},{"@type":"WebSite","@id":"https:\/\/ironsky.pl\/sklep\/#website","url":"https:\/\/ironsky.pl\/sklep\/","name":"IRONSKY.PL Sklep z Dronami","description":"IRONSKY.PL Sklep z Dronami","potentialAction":[{"@type":"SearchAction","target":{"@type":"EntryPoint","urlTemplate":"https:\/\/ironsky.pl\/sklep\/?s={search_term_string}"},"query-input":{"@type":"PropertyValueSpecification","valueRequired":true,"valueName":"search_term_string"}}],"inLanguage":"pl-PL"}]}},"_links":{"self":[{"href":"https:\/\/ironsky.pl\/sklep\/wp-json\/wp\/v2\/product\/57672","targetHints":{"allow":["GET"]}}],"collection":[{"href":"https:\/\/ironsky.pl\/sklep\/wp-json\/wp\/v2\/product"}],"about":[{"href":"https:\/\/ironsky.pl\/sklep\/wp-json\/wp\/v2\/types\/product"}],"replies":[{"embeddable":true,"href":"https:\/\/ironsky.pl\/sklep\/wp-json\/wp\/v2\/comments?post=57672"}],"wp:featuredmedia":[{"embeddable":true,"href":"https:\/\/ironsky.pl\/sklep\/wp-json\/wp\/v2\/media\/57673"}],"wp:attachment":[{"href":"https:\/\/ironsky.pl\/sklep\/wp-json\/wp\/v2\/media?parent=57672"}],"wp:term":[{"taxonomy":"product_brand","embeddable":true,"href":"https:\/\/ironsky.pl\/sklep\/wp-json\/wp\/v2\/product_brand?post=57672"},{"taxonomy":"product_cat","embeddable":true,"href":"https:\/\/ironsky.pl\/sklep\/wp-json\/wp\/v2\/product_cat?post=57672"},{"taxonomy":"product_tag","embeddable":true,"href":"https:\/\/ironsky.pl\/sklep\/wp-json\/wp\/v2\/product_tag?post=57672"}],"curies":[{"name":"wp","href":"https:\/\/api.w.org\/{rel}","templated":true}]}}