{"id":57662,"date":"2026-04-15T10:28:20","date_gmt":"2026-04-15T08:28:20","guid":{"rendered":"https:\/\/ironsky.pl\/sklep\/produkt\/pix4dreact-licencja-educational-classroom-one-time-charge\/"},"modified":"2026-04-22T09:56:48","modified_gmt":"2026-04-22T07:56:48","slug":"pix4dreact-licencja-educational-classroom-one-time-charge","status":"publish","type":"product","link":"https:\/\/ironsky.pl\/sklep\/produkt\/pix4dreact-licencja-educational-classroom-one-time-charge\/","title":{"rendered":"PIX4Dreact &#8211; licencja Educational Classroom One-time charge"},"content":{"rendered":"<div style=\"display: flex; flex-direction: column;\" class=\"iai-section-b518b711-327c-49dd-a6df-803f52333dbe-description-wrapper\">\n<div class=\"iai-section-b518b711-327c-49dd-a6df-803f52333dbe iai-section-b518b711-327c-49dd-a6df-803f52333dbe-html\">\n<p><img decoding=\"async\" src=\"https:\/\/b2b.innpro.pl\/data\/include\/cms\/enterprise\/Pix4d\/React\/Pix4Dreact-baner0.jpg\" border=\"0\" width=\"100%\" height=\"NaN\"><\/p>\n<p>width=&#8221;100%&#8221; height=&#8221;NaN&#8221; \/&gt;<\/p>\n<h3>Pix4Dreact<\/h3>\n<p>Zaawansowane oprogramowanie mapuj\u0105ce w 2D dla ratownictwa i s\u0142u\u017cb bezpiecze\u0144stwa publicznego.<\/p>\n<p><img decoding=\"async\" src=\"https:\/\/b2b.innpro.pl\/data\/include\/cms\/enterprise\/Pix4d\/React\/Pix4Dreact-capture.png\" border=\"0\" width=\"100%\" height=\"NaN\"><\/p>\n<h3>Uchwy\u0107<\/h3>\n<p>Lataj swoim dronem, aby robi\u0107 zdj\u0119cia, kt\u00f3rych potrzebujesz.<\/p>\n<p><img decoding=\"async\" src=\"https:\/\/b2b.innpro.pl\/data\/include\/cms\/enterprise\/Pix4d\/React\/Pix4Dreact-process.png\" border=\"0\" width=\"100%\" height=\"NaN\"><\/p>\n<h3>Przetwarzaj<\/h3>\n<p>Po\u0142\u0105cz du\u017c\u0105 liczb\u0119 zdj\u0119\u0107 w kilka minut dzi\u0119ki Pix4Dreact. Tw\u00f3rz czytelne mapy 2D w terenie lub w biurze.<br \/>*Wyniki i szybko\u015b\u0107 zale\u017c\u0105 od wielko\u015bci i liczby plik\u00f3w graficznych.<\/p>\n<p><img decoding=\"async\" src=\"https:\/\/b2b.innpro.pl\/data\/include\/cms\/enterprise\/Pix4d\/React\/Pix4Dreact-examine.png\" border=\"0\" width=\"100%\" height=\"NaN\"><\/p>\n<h3>Zidentyfikuj<\/h3>\n<p>Dzi\u0119ki prostym narz\u0119dziom Pix4Dreact, zidentyfikuj i zmierz punkty zainteresowania, oznacz i oce\u0144 swoje mapy w terenie, aby dostarczy\u0107 danych niezb\u0119dnych do podj\u0119cia dzia\u0142a\u0144.<\/p>\n<p><img decoding=\"async\" src=\"https:\/\/b2b.innpro.pl\/data\/include\/cms\/enterprise\/Pix4d\/React\/Pix4Dreact-share.png?v=1616500828125\" border=\"0\" width=\"100%\" height=\"NaN\"><\/p>\n<h3>Udost\u0119pniaj<\/h3>\n<p>Eksportuj swoje mapy, aby zapewni\u0107 zespo\u0142om i jednostkom decyzyjnym dost\u0119p do skutecznych informacji wtedy, gdy s\u0105 one najbardziej potrzebne.<\/p>\n<p><img decoding=\"async\" src=\"https:\/\/b2b.innpro.pl\/data\/include\/cms\/enterprise\/Pix4d\/React\/Pix4Dreact-respond.png?v=1616500828126\" border=\"0\" width=\"100%\" height=\"NaN\"><\/p>\n<h3>Reaguj<\/h3>\n<p>Dzi\u0119ki aktualnym mapom mo\u017cna zyska\u0107 cenny czas, poprawi\u0107 bezpiecze\u0144stwo i zmniejszy\u0107 koszty podczas reagowania na zmieniaj\u0105c\u0105 si\u0119 sytuacj\u0119.<\/p>\n<p><img decoding=\"async\" src=\"https:\/\/b2b.innpro.pl\/data\/include\/cms\/enterprise\/Pix4d\/React\/Pix4Dreact-reagowanie-w-sytuacjach-kryzysowych.jpg?v=1616502552175\" border=\"0\" width=\"100%\" height=\"NaN\">&nbsp;<\/p>\n<h3>Oprogramowanie mapuj\u0105ce do reagowania w sytuacjach kryzysowych<\/h3>\n<p>Uzyskaj szybk\u0105 i pewn\u0105 \u015bwiadomo\u015b\u0107 sytuacyjn\u0105, aby szybko podejmowa\u0107 decyzje i wsp\u00f3\u0142pracowa\u0107 w terenie.<\/p>\n<p><video height=\"auto\" width=\"100%\"><source src=\"\/data\/include\/cms\/enterprise\/Pix4d\/React\/pix4dreact-video.mp4\" type=\"video\/mp4\"><\/video><\/p>\n<h3>W sytuacji kryzysowej liczy si\u0119 ka\u017cda sekunda<\/h3>\n<p><img decoding=\"async\" src=\"https:\/\/b2b.innpro.pl\/data\/include\/cms\/enterprise\/Pix4d\/React\/Pix4Dreact-intuicyjny-workflow.jpg\" border=\"0\" width=\"100%\" height=\"NaN\"><\/p>\n<h3>Intuicyjny workflow<\/h3>\n<p>Pix4Dreact zosta\u0142 zaprojektowany tak, aby by\u0142 intuicyjny i \u0142atwy w u\u017cyciu, nawet dla os\u00f3b z niewielkim lub \u017cadnym do\u015bwiadczeniem w lataniu dronem lub fotogrametrii. W z\u0142o\u017conych i zmieniaj\u0105cych si\u0119 \u015brodowiskach tworzenie, dokumentowanie i udost\u0119pnianie map jest \u0142atwo dost\u0119pne dla ka\u017cdego u\u017cytkownika.<\/p>\n<p><img decoding=\"async\" src=\"https:\/\/b2b.innpro.pl\/data\/include\/cms\/enterprise\/Pix4d\/React\/Pix4Dreact-dokumentuj.jpg\" border=\"0\" width=\"100%\" height=\"NaN\"><\/p>\n<h3>Dokumentuj, opisuj i por\u00f3wnuj mapy<\/h3>\n<p>\u0141\u0105cz swoje mapy z tym, co widzisz w terenie. Polegaj na szybkich wnioskach bezpo\u015brednio z terenu oraz \u0142atwo oznaczaj i mierz punkty zainteresowania.<\/p>\n<p><img decoding=\"async\" src=\"https:\/\/b2b.innpro.pl\/data\/include\/cms\/enterprise\/Pix4d\/React\/Pix4Dreact-udostepnij-w-kilka-sekund.jpg\" border=\"0\" width=\"100%\" height=\"NaN\"><\/p>\n<h3>Udost\u0119pnij w kilka sekund<\/h3>\n<p>Udost\u0119pniaj mapy 2D w postaci ortomozaiki i adnotacje jako raporty PDF, kt\u00f3re zajmuj\u0105 na tyle ma\u0142o miejsca, \u017ce mo\u017cna je wys\u0142a\u0107 mailem. U\u017cytkownik mo\u017ce r\u00f3wnie\u017c wskaza\u0107 i wyeksportowa\u0107 pojedyncze zdj\u0119cie lotnicze interesuj\u0105cego go obszaru.<\/p>\n<p><img decoding=\"async\" src=\"https:\/\/b2b.innpro.pl\/data\/include\/cms\/enterprise\/Pix4d\/React\/Pix4Dreact-dopasowany-do-potrzeb.jpg?v=1616504256805\" border=\"0\" width=\"100%\" height=\"NaN\"><\/p>\n<h3>Dopasowany do potrzeb<\/h3>\n<p>Pix4Dreact to oprogramowanie do szybkiego mapowania 2D, stworzone specjalnie na potrzeby reagowania kryzysowego. Mo\u017ce by\u0107 u\u017cywane niezale\u017cnie lub jako uzupe\u0142nienie Pix4Dmapper, wiod\u0105cego oprogramowania fotogrametrycznego do zada\u0144 rekonstrukcyjnych o charakterze geodezyjnym.<\/p>\n<p><img decoding=\"async\" src=\"https:\/\/b2b.innpro.pl\/data\/include\/cms\/enterprise\/Pix4d\/React\/Pix4Dreact-mapa-ktorej-potrzebujesz.jpg\" border=\"0\" width=\"100%\" height=\"NaN\"><\/p>\n<h3>Mapa kt\u00f3rej potrzebujesz<\/h3>\n<p>Zapewnij zespo\u0142om natychmiastowy dost\u0119p do aktualnych i w\u0142a\u015bciwych informacji niezb\u0119dnych do podejmowania dzia\u0142a\u0144.<\/p>\n<\/div>\n<\/div>\n","protected":false},"excerpt":{"rendered":"<p>width=&#8221;100%&#8221; height=&#8221;NaN&#8221; \/&gt; Pix4Dreact Zaawansowane oprogramowanie mapuj\u0105ce w 2D dla ratownictwa i s\u0142u\u017cb bezpiecze\u0144stwa publicznego. Uchwy\u0107 Lataj swoim dronem, aby<\/p>\n","protected":false},"featured_media":57663,"comment_status":"closed","ping_status":"open","template":"","meta":{"_acf_changed":false},"product_brand":[],"product_cat":[1088,1105,6194],"product_tag":[],"class_list":{"0":"post-57662","1":"product","2":"type-product","3":"status-publish","4":"has-post-thumbnail","6":"product_cat-drony","7":"product_cat-przemyslowe","8":"product_cat-oprogramowanie","9":"pa_producent-pix4d","11":"first","12":"outofstock","13":"taxable","14":"shipping-taxable","15":"purchasable","16":"product-type-simple"},"acf":[],"yoast_head":"<!-- This site is optimized with the Yoast SEO plugin v27.2 - https:\/\/yoast.com\/product\/yoast-seo-wordpress\/ -->\n<title>PIX4Dreact - licencja Educational Classroom One-time charge - IRONSKY.PL Sklep z Dronami<\/title>\n<meta name=\"description\" content=\"PIX4Dreact - licencja Educational Classroom One-time charge - \u2705 sklep z dronami i fachowym doradztwem. \u2705 Tutaj kupisz produkty DJI, Yuneec, Parrot, Syma i wiele innych, a tak\u017ce kursy i licencje na operatora drona.\" \/>\n<meta name=\"robots\" content=\"index, follow, max-snippet:-1, max-image-preview:large, max-video-preview:-1\" \/>\n<link rel=\"canonical\" href=\"https:\/\/ironsky.pl\/sklep\/produkt\/pix4dreact-licencja-educational-classroom-one-time-charge\/\" \/>\n<meta property=\"og:locale\" content=\"pl_PL\" \/>\n<meta property=\"og:type\" content=\"article\" \/>\n<meta property=\"og:title\" content=\"PIX4Dreact - licencja Educational Classroom One-time charge - IRONSKY.PL Sklep z Dronami\" \/>\n<meta property=\"og:description\" content=\"PIX4Dreact - licencja Educational Classroom One-time charge - \u2705 sklep z dronami i fachowym doradztwem. \u2705 Tutaj kupisz produkty DJI, Yuneec, Parrot, Syma i wiele innych, a tak\u017ce kursy i licencje na operatora drona.\" \/>\n<meta property=\"og:url\" content=\"https:\/\/ironsky.pl\/sklep\/produkt\/pix4dreact-licencja-educational-classroom-one-time-charge\/\" \/>\n<meta property=\"og:site_name\" content=\"IRONSKY.PL Sklep z Dronami\" \/>\n<meta property=\"article:modified_time\" content=\"2026-04-22T07:56:48+00:00\" \/>\n<meta property=\"og:image\" content=\"https:\/\/ironsky.pl\/sklep\/wp-content\/uploads\/2026\/04\/36232_2.jpg\" \/>\n\t<meta property=\"og:image:width\" content=\"800\" \/>\n\t<meta property=\"og:image:height\" content=\"800\" \/>\n\t<meta property=\"og:image:type\" content=\"image\/jpeg\" \/>\n<meta name=\"twitter:card\" content=\"summary_large_image\" \/>\n<meta name=\"twitter:label1\" content=\"Szacowany czas czytania\" \/>\n\t<meta name=\"twitter:data1\" content=\"2 minuty\" \/>\n<script type=\"application\/ld+json\" class=\"yoast-schema-graph\">{\"@context\":\"https:\/\/schema.org\",\"@graph\":[{\"@type\":\"WebPage\",\"@id\":\"https:\/\/ironsky.pl\/sklep\/produkt\/pix4dreact-licencja-educational-classroom-one-time-charge\/\",\"url\":\"https:\/\/ironsky.pl\/sklep\/produkt\/pix4dreact-licencja-educational-classroom-one-time-charge\/\",\"name\":\"PIX4Dreact - licencja Educational Classroom One-time charge - IRONSKY.PL Sklep z Dronami\",\"isPartOf\":{\"@id\":\"https:\/\/ironsky.pl\/sklep\/#website\"},\"primaryImageOfPage\":{\"@id\":\"https:\/\/ironsky.pl\/sklep\/produkt\/pix4dreact-licencja-educational-classroom-one-time-charge\/#primaryimage\"},\"image\":{\"@id\":\"https:\/\/ironsky.pl\/sklep\/produkt\/pix4dreact-licencja-educational-classroom-one-time-charge\/#primaryimage\"},\"thumbnailUrl\":\"https:\/\/ironsky.pl\/sklep\/wp-content\/uploads\/2026\/04\/36232_2.jpg\",\"datePublished\":\"2026-04-15T08:28:20+00:00\",\"dateModified\":\"2026-04-22T07:56:48+00:00\",\"description\":\"PIX4Dreact - licencja Educational Classroom One-time charge - \u2705 sklep z dronami i fachowym doradztwem. \u2705 Tutaj kupisz produkty DJI, Yuneec, Parrot, Syma i wiele innych, a tak\u017ce kursy i licencje na operatora drona.\",\"breadcrumb\":{\"@id\":\"https:\/\/ironsky.pl\/sklep\/produkt\/pix4dreact-licencja-educational-classroom-one-time-charge\/#breadcrumb\"},\"inLanguage\":\"pl-PL\",\"potentialAction\":[{\"@type\":\"ReadAction\",\"target\":[\"https:\/\/ironsky.pl\/sklep\/produkt\/pix4dreact-licencja-educational-classroom-one-time-charge\/\"]}]},{\"@type\":\"ImageObject\",\"inLanguage\":\"pl-PL\",\"@id\":\"https:\/\/ironsky.pl\/sklep\/produkt\/pix4dreact-licencja-educational-classroom-one-time-charge\/#primaryimage\",\"url\":\"https:\/\/ironsky.pl\/sklep\/wp-content\/uploads\/2026\/04\/36232_2.jpg\",\"contentUrl\":\"https:\/\/ironsky.pl\/sklep\/wp-content\/uploads\/2026\/04\/36232_2.jpg\",\"width\":800,\"height\":800},{\"@type\":\"BreadcrumbList\",\"@id\":\"https:\/\/ironsky.pl\/sklep\/produkt\/pix4dreact-licencja-educational-classroom-one-time-charge\/#breadcrumb\",\"itemListElement\":[{\"@type\":\"ListItem\",\"position\":1,\"name\":\"Strona g\u0142\u00f3wna\",\"item\":\"https:\/\/ironsky.pl\/sklep\/\"},{\"@type\":\"ListItem\",\"position\":2,\"name\":\"Wszystkie produkty\",\"item\":\"https:\/\/ironsky.pl\/sklep\/produkty\/\"},{\"@type\":\"ListItem\",\"position\":3,\"name\":\"PIX4Dreact &#8211; licencja Educational Classroom One-time charge\"}]},{\"@type\":\"WebSite\",\"@id\":\"https:\/\/ironsky.pl\/sklep\/#website\",\"url\":\"https:\/\/ironsky.pl\/sklep\/\",\"name\":\"IRONSKY.PL Sklep z Dronami\",\"description\":\"IRONSKY.PL Sklep z Dronami\",\"potentialAction\":[{\"@type\":\"SearchAction\",\"target\":{\"@type\":\"EntryPoint\",\"urlTemplate\":\"https:\/\/ironsky.pl\/sklep\/?s={search_term_string}\"},\"query-input\":{\"@type\":\"PropertyValueSpecification\",\"valueRequired\":true,\"valueName\":\"search_term_string\"}}],\"inLanguage\":\"pl-PL\"}]}<\/script>\n<!-- \/ Yoast SEO plugin. -->","yoast_head_json":{"title":"PIX4Dreact - licencja Educational Classroom One-time charge - IRONSKY.PL Sklep z Dronami","description":"PIX4Dreact - licencja Educational Classroom One-time charge - \u2705 sklep z dronami i fachowym doradztwem. \u2705 Tutaj kupisz produkty DJI, Yuneec, Parrot, Syma i wiele innych, a tak\u017ce kursy i licencje na operatora drona.","robots":{"index":"index","follow":"follow","max-snippet":"max-snippet:-1","max-image-preview":"max-image-preview:large","max-video-preview":"max-video-preview:-1"},"canonical":"https:\/\/ironsky.pl\/sklep\/produkt\/pix4dreact-licencja-educational-classroom-one-time-charge\/","og_locale":"pl_PL","og_type":"article","og_title":"PIX4Dreact - licencja Educational Classroom One-time charge - IRONSKY.PL Sklep z Dronami","og_description":"PIX4Dreact - licencja Educational Classroom One-time charge - \u2705 sklep z dronami i fachowym doradztwem. \u2705 Tutaj kupisz produkty DJI, Yuneec, Parrot, Syma i wiele innych, a tak\u017ce kursy i licencje na operatora drona.","og_url":"https:\/\/ironsky.pl\/sklep\/produkt\/pix4dreact-licencja-educational-classroom-one-time-charge\/","og_site_name":"IRONSKY.PL Sklep z Dronami","article_modified_time":"2026-04-22T07:56:48+00:00","og_image":[{"width":800,"height":800,"url":"https:\/\/ironsky.pl\/sklep\/wp-content\/uploads\/2026\/04\/36232_2.jpg","type":"image\/jpeg"}],"twitter_card":"summary_large_image","twitter_misc":{"Szacowany czas czytania":"2 minuty"},"schema":{"@context":"https:\/\/schema.org","@graph":[{"@type":"WebPage","@id":"https:\/\/ironsky.pl\/sklep\/produkt\/pix4dreact-licencja-educational-classroom-one-time-charge\/","url":"https:\/\/ironsky.pl\/sklep\/produkt\/pix4dreact-licencja-educational-classroom-one-time-charge\/","name":"PIX4Dreact - licencja Educational Classroom One-time charge - IRONSKY.PL Sklep z Dronami","isPartOf":{"@id":"https:\/\/ironsky.pl\/sklep\/#website"},"primaryImageOfPage":{"@id":"https:\/\/ironsky.pl\/sklep\/produkt\/pix4dreact-licencja-educational-classroom-one-time-charge\/#primaryimage"},"image":{"@id":"https:\/\/ironsky.pl\/sklep\/produkt\/pix4dreact-licencja-educational-classroom-one-time-charge\/#primaryimage"},"thumbnailUrl":"https:\/\/ironsky.pl\/sklep\/wp-content\/uploads\/2026\/04\/36232_2.jpg","datePublished":"2026-04-15T08:28:20+00:00","dateModified":"2026-04-22T07:56:48+00:00","description":"PIX4Dreact - licencja Educational Classroom One-time charge - \u2705 sklep z dronami i fachowym doradztwem. \u2705 Tutaj kupisz produkty DJI, Yuneec, Parrot, Syma i wiele innych, a tak\u017ce kursy i licencje na operatora drona.","breadcrumb":{"@id":"https:\/\/ironsky.pl\/sklep\/produkt\/pix4dreact-licencja-educational-classroom-one-time-charge\/#breadcrumb"},"inLanguage":"pl-PL","potentialAction":[{"@type":"ReadAction","target":["https:\/\/ironsky.pl\/sklep\/produkt\/pix4dreact-licencja-educational-classroom-one-time-charge\/"]}]},{"@type":"ImageObject","inLanguage":"pl-PL","@id":"https:\/\/ironsky.pl\/sklep\/produkt\/pix4dreact-licencja-educational-classroom-one-time-charge\/#primaryimage","url":"https:\/\/ironsky.pl\/sklep\/wp-content\/uploads\/2026\/04\/36232_2.jpg","contentUrl":"https:\/\/ironsky.pl\/sklep\/wp-content\/uploads\/2026\/04\/36232_2.jpg","width":800,"height":800},{"@type":"BreadcrumbList","@id":"https:\/\/ironsky.pl\/sklep\/produkt\/pix4dreact-licencja-educational-classroom-one-time-charge\/#breadcrumb","itemListElement":[{"@type":"ListItem","position":1,"name":"Strona g\u0142\u00f3wna","item":"https:\/\/ironsky.pl\/sklep\/"},{"@type":"ListItem","position":2,"name":"Wszystkie produkty","item":"https:\/\/ironsky.pl\/sklep\/produkty\/"},{"@type":"ListItem","position":3,"name":"PIX4Dreact &#8211; licencja Educational Classroom One-time charge"}]},{"@type":"WebSite","@id":"https:\/\/ironsky.pl\/sklep\/#website","url":"https:\/\/ironsky.pl\/sklep\/","name":"IRONSKY.PL Sklep z Dronami","description":"IRONSKY.PL Sklep z Dronami","potentialAction":[{"@type":"SearchAction","target":{"@type":"EntryPoint","urlTemplate":"https:\/\/ironsky.pl\/sklep\/?s={search_term_string}"},"query-input":{"@type":"PropertyValueSpecification","valueRequired":true,"valueName":"search_term_string"}}],"inLanguage":"pl-PL"}]}},"_links":{"self":[{"href":"https:\/\/ironsky.pl\/sklep\/wp-json\/wp\/v2\/product\/57662","targetHints":{"allow":["GET"]}}],"collection":[{"href":"https:\/\/ironsky.pl\/sklep\/wp-json\/wp\/v2\/product"}],"about":[{"href":"https:\/\/ironsky.pl\/sklep\/wp-json\/wp\/v2\/types\/product"}],"replies":[{"embeddable":true,"href":"https:\/\/ironsky.pl\/sklep\/wp-json\/wp\/v2\/comments?post=57662"}],"wp:featuredmedia":[{"embeddable":true,"href":"https:\/\/ironsky.pl\/sklep\/wp-json\/wp\/v2\/media\/57663"}],"wp:attachment":[{"href":"https:\/\/ironsky.pl\/sklep\/wp-json\/wp\/v2\/media?parent=57662"}],"wp:term":[{"taxonomy":"product_brand","embeddable":true,"href":"https:\/\/ironsky.pl\/sklep\/wp-json\/wp\/v2\/product_brand?post=57662"},{"taxonomy":"product_cat","embeddable":true,"href":"https:\/\/ironsky.pl\/sklep\/wp-json\/wp\/v2\/product_cat?post=57662"},{"taxonomy":"product_tag","embeddable":true,"href":"https:\/\/ironsky.pl\/sklep\/wp-json\/wp\/v2\/product_tag?post=57662"}],"curies":[{"name":"wp","href":"https:\/\/api.w.org\/{rel}","templated":true}]}}