{"id":57645,"date":"2026-04-15T10:28:20","date_gmt":"2026-04-15T08:28:20","guid":{"rendered":"https:\/\/ironsky.pl\/sklep\/produkt\/uchwyt-stabilizujacy-puluz-pu3005-typu-c\/"},"modified":"2026-04-15T10:28:26","modified_gmt":"2026-04-15T08:28:26","slug":"uchwyt-stabilizujacy-puluz-pu3005-typu-c","status":"publish","type":"product","link":"https:\/\/ironsky.pl\/sklep\/produkt\/uchwyt-stabilizujacy-puluz-pu3005-typu-c\/","title":{"rendered":"Uchwyt stabilizuj\u0105cy PULUZ PU3005 typu C"},"content":{"rendered":"<h3>Uchwyt w kszta\u0142cie litery C PULUZ PU3005<\/h3>\n<p><p>PULUZ PU3005 to przeno\u015bny r\u0119czny stabilizator w kszta\u0142cie litery C do lustrzanek. Cechuje si\u0119 on wysok\u0105 jako\u015bci\u0105 wykonania i uniwersalno\u015bci\u0105, poniewa\u017c pasuj\u0105 do niego wszystkie aparaty z gniazdem mocowania statywu \u00bc \u201c. R\u0105czka statywu powleczona zosta\u0142a g\u0105bka, aby trzymanie jej nawet przez d\u0142ugi czas nie przysporzy\u0142o kontuzji. Podstawa statywu zosta\u0142a wy\u0142o\u017cona g\u0105bk\u0105, aby nie porysowa\u0107 aparatu i zmniejszy\u0107 wp\u0142yw drga\u0144 na urz\u0105dzenie. Pod spodem znajduje si\u0119 pokr\u0119t\u0142o z gwintem \u00bc\u201d, kt\u00f3re s\u0142u\u017cy do zabezpieczenia aparatu w miejscu. Co wi\u0119cej, wbudowane n\u00f3\u017cki w kszta\u0142cie nart z antypo\u015blizgow\u0105 powierzchni\u0105 nadaj\u0105 urz\u0105dzeniu dodatkowej stabilno\u015bci. Zamontowane w g\u00f3rnej cz\u0119\u015bci uchwytu trzy zimne stopki pozwalaj\u0105 podpi\u0105\u0107 mikrofon lub lampy, aby uzyska\u0107 lepsze rezultaty.&nbsp;<\/p>\n<\/p>\n<p><img decoding=\"async\" src=\"https:\/\/assets.innpro.pl\/2380\/2502\/6.jpg\" border=\"0\" alt=\"\"><\/p>\n<h3>Solidna i wygodna konstrukcja <\/h3>\n<p><p>Uchwyt wykonany zosta\u0142 z wytrzyma\u0142ego tworzywa ABS, gwarantuj\u0105cego odporno\u015b\u0107 na obci\u0105\u017cenie do 3kg. Przyda si\u0119 on zar\u00f3wno w studio jak i w terenie. R\u0105czka stabilizatora zosta\u0142a pokryta mi\u0119kk\u0105 g\u0105bk\u0105, co zapewnia komfortowe i pewne trzymanie nawet przez d\u0142ugie godziny zdj\u0119\u0107.&nbsp;<\/p>\n<\/p>\n<p><img decoding=\"async\" src=\"https:\/\/assets.innpro.pl\/2380\/2502\/2.jpg\" border=\"0\" alt=\"\"><\/p>\n<h3>Kompatybilno\u015b\u0107 z wieloma aparatami<\/h3>\n<p><p>Dzi\u0119ki standardowemu gwintowi \u00bc\u201d, PULUZ PU3005 jest kompatybilny z wi\u0119kszo\u015bci\u0105 aparat\u00f3w, kt\u00f3re posiadaj\u0105 gniazdo mocowania statywu. Niezale\u017cnie od marki lub modelu aparatu, mo\u017cesz go \u0142atwo zamocowa\u0107 na tym stabilizatorze.<\/p>\n<\/p>\n<p><img decoding=\"async\" src=\"https:\/\/assets.innpro.pl\/2380\/2502\/1.jpg\" border=\"0\" alt=\"\"><\/p>\n<h3>Stabilno\u015b\u0107 i redukcja drga\u0144<\/h3>\n<p><p>Podstawa stabilizatora zosta\u0142a wy\u0142o\u017cona g\u0105bk\u0105, aby chroni\u0107 aparat przed zarysowaniami i redukowa\u0107 wp\u0142yw drga\u0144 na jako\u015b\u0107 zdj\u0119\u0107 lub film\u00f3w. Dzi\u0119ki temu uzyskasz wyra\u017ane i stabilne uj\u0119cia.<\/p>\n<\/p>\n<p><img decoding=\"async\" src=\"https:\/\/assets.innpro.pl\/2380\/2502\/4.jpg\" border=\"0\" alt=\"\"><\/p>\n<div class=\"table-wrapper\">\n<p>&nbsp;<\/p>\n<h3><\/h3>\n<table>\n<tbody>\n<tr>\n<th>Marka <\/th>\n<td>Puluz <\/td>\n<\/tr>\n<tr>\n<th>Model <\/th>\n<td>PU3005 <\/td>\n<\/tr>\n<tr>\n<th>Kolor <\/th>\n<td>Czarny <\/td>\n<\/tr>\n<tr>\n<th>Materia\u0142 <\/th>\n<td>ABS, g\u0105bka <\/td>\n<\/tr>\n<tr>\n<th>Maksymalne obci\u0105\u017cenie <\/th>\n<td>3kg <\/td>\n<\/tr>\n<tr>\n<th>Gwint <\/th>\n<td>\u00bc\u201d <\/td>\n<\/tr>\n<tr>\n<th>Wymiary <\/th>\n<td>25 x 20.5 x 9cm <\/td>\n<\/tr>\n<tr>\n<th>Waga <\/th>\n<td>337g <\/td>\n<\/tr>\n<tr>\n<th><\/th>\n<td><\/td>\n<\/tr>\n<\/tbody>\n<\/table>\n<\/div>\n","protected":false},"excerpt":{"rendered":"<p>Uchwyt w kszta\u0142cie litery C PULUZ PU3005 PULUZ PU3005 to przeno\u015bny r\u0119czny stabilizator w kszta\u0142cie litery C do lustrzanek. Cechuje<\/p>\n","protected":false},"featured_media":57646,"comment_status":"closed","ping_status":"open","template":"","meta":{"_acf_changed":false},"product_brand":[],"product_cat":[1128,6178,6176,6177,6181,1138],"product_tag":[],"class_list":{"0":"post-57645","1":"product","2":"type-product","3":"status-publish","4":"has-post-thumbnail","6":"product_cat-foto-wideo","7":"product_cat-mocowania","8":"product_cat-selfie-stiki","9":"product_cat-statywy-selfie-stiki","10":"product_cat-szelki-mocowania-i-uchwyty","11":"product_cat-wysiegniki","12":"pa_okres-gwarancji-5754","13":"pa_producent-puluz","15":"first","16":"outofstock","17":"taxable","18":"shipping-taxable","19":"purchasable","20":"product-type-simple"},"acf":[],"yoast_head":"<!-- This site is optimized with the Yoast SEO plugin v27.2 - https:\/\/yoast.com\/product\/yoast-seo-wordpress\/ -->\n<title>Uchwyt stabilizuj\u0105cy PULUZ PU3005 typu C - IRONSKY.PL Sklep z Dronami<\/title>\n<meta name=\"description\" content=\"Uchwyt stabilizuj\u0105cy PULUZ PU3005 typu C - \u2705 sklep z dronami i fachowym doradztwem. \u2705 Tutaj kupisz produkty DJI, Yuneec, Parrot, Syma i wiele innych, a tak\u017ce kursy i licencje na operatora drona.\" \/>\n<meta name=\"robots\" content=\"index, follow, max-snippet:-1, max-image-preview:large, max-video-preview:-1\" \/>\n<link rel=\"canonical\" href=\"https:\/\/ironsky.pl\/sklep\/produkt\/uchwyt-stabilizujacy-puluz-pu3005-typu-c\/\" \/>\n<meta property=\"og:locale\" content=\"pl_PL\" \/>\n<meta property=\"og:type\" content=\"article\" \/>\n<meta property=\"og:title\" content=\"Uchwyt stabilizuj\u0105cy PULUZ PU3005 typu C - IRONSKY.PL Sklep z Dronami\" \/>\n<meta property=\"og:description\" content=\"Uchwyt stabilizuj\u0105cy PULUZ PU3005 typu C - \u2705 sklep z dronami i fachowym doradztwem. \u2705 Tutaj kupisz produkty DJI, Yuneec, Parrot, Syma i wiele innych, a tak\u017ce kursy i licencje na operatora drona.\" \/>\n<meta property=\"og:url\" content=\"https:\/\/ironsky.pl\/sklep\/produkt\/uchwyt-stabilizujacy-puluz-pu3005-typu-c\/\" \/>\n<meta property=\"og:site_name\" content=\"IRONSKY.PL Sklep z Dronami\" \/>\n<meta property=\"article:modified_time\" content=\"2026-04-15T08:28:26+00:00\" \/>\n<meta property=\"og:image\" content=\"https:\/\/ironsky.pl\/sklep\/wp-content\/uploads\/2026\/04\/36200_1.jpg\" \/>\n\t<meta property=\"og:image:width\" content=\"800\" \/>\n\t<meta property=\"og:image:height\" content=\"800\" \/>\n\t<meta property=\"og:image:type\" content=\"image\/jpeg\" \/>\n<meta name=\"twitter:card\" content=\"summary_large_image\" \/>\n<meta name=\"twitter:label1\" content=\"Szacowany czas czytania\" \/>\n\t<meta name=\"twitter:data1\" content=\"1 minuta\" \/>\n<script type=\"application\/ld+json\" class=\"yoast-schema-graph\">{\"@context\":\"https:\/\/schema.org\",\"@graph\":[{\"@type\":\"WebPage\",\"@id\":\"https:\/\/ironsky.pl\/sklep\/produkt\/uchwyt-stabilizujacy-puluz-pu3005-typu-c\/\",\"url\":\"https:\/\/ironsky.pl\/sklep\/produkt\/uchwyt-stabilizujacy-puluz-pu3005-typu-c\/\",\"name\":\"Uchwyt stabilizuj\u0105cy PULUZ PU3005 typu C - IRONSKY.PL Sklep z Dronami\",\"isPartOf\":{\"@id\":\"https:\/\/ironsky.pl\/sklep\/#website\"},\"primaryImageOfPage\":{\"@id\":\"https:\/\/ironsky.pl\/sklep\/produkt\/uchwyt-stabilizujacy-puluz-pu3005-typu-c\/#primaryimage\"},\"image\":{\"@id\":\"https:\/\/ironsky.pl\/sklep\/produkt\/uchwyt-stabilizujacy-puluz-pu3005-typu-c\/#primaryimage\"},\"thumbnailUrl\":\"https:\/\/ironsky.pl\/sklep\/wp-content\/uploads\/2026\/04\/36200_1.jpg\",\"datePublished\":\"2026-04-15T08:28:20+00:00\",\"dateModified\":\"2026-04-15T08:28:26+00:00\",\"description\":\"Uchwyt stabilizuj\u0105cy PULUZ PU3005 typu C - \u2705 sklep z dronami i fachowym doradztwem. \u2705 Tutaj kupisz produkty DJI, Yuneec, Parrot, Syma i wiele innych, a tak\u017ce kursy i licencje na operatora drona.\",\"breadcrumb\":{\"@id\":\"https:\/\/ironsky.pl\/sklep\/produkt\/uchwyt-stabilizujacy-puluz-pu3005-typu-c\/#breadcrumb\"},\"inLanguage\":\"pl-PL\",\"potentialAction\":[{\"@type\":\"ReadAction\",\"target\":[\"https:\/\/ironsky.pl\/sklep\/produkt\/uchwyt-stabilizujacy-puluz-pu3005-typu-c\/\"]}]},{\"@type\":\"ImageObject\",\"inLanguage\":\"pl-PL\",\"@id\":\"https:\/\/ironsky.pl\/sklep\/produkt\/uchwyt-stabilizujacy-puluz-pu3005-typu-c\/#primaryimage\",\"url\":\"https:\/\/ironsky.pl\/sklep\/wp-content\/uploads\/2026\/04\/36200_1.jpg\",\"contentUrl\":\"https:\/\/ironsky.pl\/sklep\/wp-content\/uploads\/2026\/04\/36200_1.jpg\",\"width\":800,\"height\":800},{\"@type\":\"BreadcrumbList\",\"@id\":\"https:\/\/ironsky.pl\/sklep\/produkt\/uchwyt-stabilizujacy-puluz-pu3005-typu-c\/#breadcrumb\",\"itemListElement\":[{\"@type\":\"ListItem\",\"position\":1,\"name\":\"Strona g\u0142\u00f3wna\",\"item\":\"https:\/\/ironsky.pl\/sklep\/\"},{\"@type\":\"ListItem\",\"position\":2,\"name\":\"Wszystkie produkty\",\"item\":\"https:\/\/ironsky.pl\/sklep\/produkty\/\"},{\"@type\":\"ListItem\",\"position\":3,\"name\":\"Uchwyt stabilizuj\u0105cy PULUZ PU3005 typu C\"}]},{\"@type\":\"WebSite\",\"@id\":\"https:\/\/ironsky.pl\/sklep\/#website\",\"url\":\"https:\/\/ironsky.pl\/sklep\/\",\"name\":\"IRONSKY.PL Sklep z Dronami\",\"description\":\"IRONSKY.PL Sklep z Dronami\",\"potentialAction\":[{\"@type\":\"SearchAction\",\"target\":{\"@type\":\"EntryPoint\",\"urlTemplate\":\"https:\/\/ironsky.pl\/sklep\/?s={search_term_string}\"},\"query-input\":{\"@type\":\"PropertyValueSpecification\",\"valueRequired\":true,\"valueName\":\"search_term_string\"}}],\"inLanguage\":\"pl-PL\"}]}<\/script>\n<!-- \/ Yoast SEO plugin. -->","yoast_head_json":{"title":"Uchwyt stabilizuj\u0105cy PULUZ PU3005 typu C - IRONSKY.PL Sklep z Dronami","description":"Uchwyt stabilizuj\u0105cy PULUZ PU3005 typu C - \u2705 sklep z dronami i fachowym doradztwem. \u2705 Tutaj kupisz produkty DJI, Yuneec, Parrot, Syma i wiele innych, a tak\u017ce kursy i licencje na operatora drona.","robots":{"index":"index","follow":"follow","max-snippet":"max-snippet:-1","max-image-preview":"max-image-preview:large","max-video-preview":"max-video-preview:-1"},"canonical":"https:\/\/ironsky.pl\/sklep\/produkt\/uchwyt-stabilizujacy-puluz-pu3005-typu-c\/","og_locale":"pl_PL","og_type":"article","og_title":"Uchwyt stabilizuj\u0105cy PULUZ PU3005 typu C - IRONSKY.PL Sklep z Dronami","og_description":"Uchwyt stabilizuj\u0105cy PULUZ PU3005 typu C - \u2705 sklep z dronami i fachowym doradztwem. \u2705 Tutaj kupisz produkty DJI, Yuneec, Parrot, Syma i wiele innych, a tak\u017ce kursy i licencje na operatora drona.","og_url":"https:\/\/ironsky.pl\/sklep\/produkt\/uchwyt-stabilizujacy-puluz-pu3005-typu-c\/","og_site_name":"IRONSKY.PL Sklep z Dronami","article_modified_time":"2026-04-15T08:28:26+00:00","og_image":[{"width":800,"height":800,"url":"https:\/\/ironsky.pl\/sklep\/wp-content\/uploads\/2026\/04\/36200_1.jpg","type":"image\/jpeg"}],"twitter_card":"summary_large_image","twitter_misc":{"Szacowany czas czytania":"1 minuta"},"schema":{"@context":"https:\/\/schema.org","@graph":[{"@type":"WebPage","@id":"https:\/\/ironsky.pl\/sklep\/produkt\/uchwyt-stabilizujacy-puluz-pu3005-typu-c\/","url":"https:\/\/ironsky.pl\/sklep\/produkt\/uchwyt-stabilizujacy-puluz-pu3005-typu-c\/","name":"Uchwyt stabilizuj\u0105cy PULUZ PU3005 typu C - IRONSKY.PL Sklep z Dronami","isPartOf":{"@id":"https:\/\/ironsky.pl\/sklep\/#website"},"primaryImageOfPage":{"@id":"https:\/\/ironsky.pl\/sklep\/produkt\/uchwyt-stabilizujacy-puluz-pu3005-typu-c\/#primaryimage"},"image":{"@id":"https:\/\/ironsky.pl\/sklep\/produkt\/uchwyt-stabilizujacy-puluz-pu3005-typu-c\/#primaryimage"},"thumbnailUrl":"https:\/\/ironsky.pl\/sklep\/wp-content\/uploads\/2026\/04\/36200_1.jpg","datePublished":"2026-04-15T08:28:20+00:00","dateModified":"2026-04-15T08:28:26+00:00","description":"Uchwyt stabilizuj\u0105cy PULUZ PU3005 typu C - \u2705 sklep z dronami i fachowym doradztwem. \u2705 Tutaj kupisz produkty DJI, Yuneec, Parrot, Syma i wiele innych, a tak\u017ce kursy i licencje na operatora drona.","breadcrumb":{"@id":"https:\/\/ironsky.pl\/sklep\/produkt\/uchwyt-stabilizujacy-puluz-pu3005-typu-c\/#breadcrumb"},"inLanguage":"pl-PL","potentialAction":[{"@type":"ReadAction","target":["https:\/\/ironsky.pl\/sklep\/produkt\/uchwyt-stabilizujacy-puluz-pu3005-typu-c\/"]}]},{"@type":"ImageObject","inLanguage":"pl-PL","@id":"https:\/\/ironsky.pl\/sklep\/produkt\/uchwyt-stabilizujacy-puluz-pu3005-typu-c\/#primaryimage","url":"https:\/\/ironsky.pl\/sklep\/wp-content\/uploads\/2026\/04\/36200_1.jpg","contentUrl":"https:\/\/ironsky.pl\/sklep\/wp-content\/uploads\/2026\/04\/36200_1.jpg","width":800,"height":800},{"@type":"BreadcrumbList","@id":"https:\/\/ironsky.pl\/sklep\/produkt\/uchwyt-stabilizujacy-puluz-pu3005-typu-c\/#breadcrumb","itemListElement":[{"@type":"ListItem","position":1,"name":"Strona g\u0142\u00f3wna","item":"https:\/\/ironsky.pl\/sklep\/"},{"@type":"ListItem","position":2,"name":"Wszystkie produkty","item":"https:\/\/ironsky.pl\/sklep\/produkty\/"},{"@type":"ListItem","position":3,"name":"Uchwyt stabilizuj\u0105cy PULUZ PU3005 typu C"}]},{"@type":"WebSite","@id":"https:\/\/ironsky.pl\/sklep\/#website","url":"https:\/\/ironsky.pl\/sklep\/","name":"IRONSKY.PL Sklep z Dronami","description":"IRONSKY.PL Sklep z Dronami","potentialAction":[{"@type":"SearchAction","target":{"@type":"EntryPoint","urlTemplate":"https:\/\/ironsky.pl\/sklep\/?s={search_term_string}"},"query-input":{"@type":"PropertyValueSpecification","valueRequired":true,"valueName":"search_term_string"}}],"inLanguage":"pl-PL"}]}},"_links":{"self":[{"href":"https:\/\/ironsky.pl\/sklep\/wp-json\/wp\/v2\/product\/57645","targetHints":{"allow":["GET"]}}],"collection":[{"href":"https:\/\/ironsky.pl\/sklep\/wp-json\/wp\/v2\/product"}],"about":[{"href":"https:\/\/ironsky.pl\/sklep\/wp-json\/wp\/v2\/types\/product"}],"replies":[{"embeddable":true,"href":"https:\/\/ironsky.pl\/sklep\/wp-json\/wp\/v2\/comments?post=57645"}],"wp:featuredmedia":[{"embeddable":true,"href":"https:\/\/ironsky.pl\/sklep\/wp-json\/wp\/v2\/media\/57646"}],"wp:attachment":[{"href":"https:\/\/ironsky.pl\/sklep\/wp-json\/wp\/v2\/media?parent=57645"}],"wp:term":[{"taxonomy":"product_brand","embeddable":true,"href":"https:\/\/ironsky.pl\/sklep\/wp-json\/wp\/v2\/product_brand?post=57645"},{"taxonomy":"product_cat","embeddable":true,"href":"https:\/\/ironsky.pl\/sklep\/wp-json\/wp\/v2\/product_cat?post=57645"},{"taxonomy":"product_tag","embeddable":true,"href":"https:\/\/ironsky.pl\/sklep\/wp-json\/wp\/v2\/product_tag?post=57645"}],"curies":[{"name":"wp","href":"https:\/\/api.w.org\/{rel}","templated":true}]}}