{"id":57641,"date":"2026-04-15T10:28:20","date_gmt":"2026-04-15T08:28:20","guid":{"rendered":"https:\/\/ironsky.pl\/sklep\/produkt\/obudowa-wypornosciowa-insta360-do-ace-pro-pomaranczowa\/"},"modified":"2026-04-15T10:28:24","modified_gmt":"2026-04-15T08:28:24","slug":"obudowa-wypornosciowa-insta360-do-ace-pro-pomaranczowa","status":"publish","type":"product","link":"https:\/\/ironsky.pl\/sklep\/produkt\/obudowa-wypornosciowa-insta360-do-ace-pro-pomaranczowa\/","title":{"rendered":"Obudowa wyporno\u015bciowa INSTA360 do Ace Pro (pomara\u0144czowa)"},"content":{"rendered":"<h3>Obudowa wyporno\u015bciowa do kamery Insta360 Ace Pro<\/h3>\n<p>Obudowa wyporno\u015bciowa do kamery Insta360 Ace Pro zosta\u0142a stworzona z my\u015bl\u0105 o sportach wodnych. Sprawia, \u017ce urz\u0105dzenie unosi si\u0119 na powierzchni wody i zapobiega jego zatoni\u0119ciu. Wyr\u00f3\u017cnia si\u0119 tak\u017ce wyrazistym, pomara\u0144czowym kolorem, dzi\u0119ki kt\u00f3remu z \u0142atwo\u015bci\u0105 zlokalizujesz sw\u00f3j sprz\u0119t \u2013 b\u0119dzie doskonale widoczny. Obudowa powsta\u0142a z trwa\u0142ego tworzywa EVA i wa\u017cy tylko 39 g. Zapewnia przy tym wygodny dost\u0119p do wszystkich przycisk\u00f3w kamery. Pozwala te\u017c bez przeszk\u00f3d korzysta\u0107 z odchylanego ekranu urz\u0105dzenia oraz z r\u00f3\u017cnego rodzaju mocowa\u0144.<\/p>\n<p><img decoding=\"async\" src=\"https:\/\/assets.innpro.pl\/11275\/19061\/4.jpg\" border=\"0\" alt=\"\"><\/p>\n<h3>W zestawie<\/h3>\n<ul>\n<li>Obudowa wyporno\u015bciowa<\/li>\n<li>Wyd\u0142u\u017cona \u015bruba motylkowa<\/li>\n<li>Ramka obudowy<\/li>\n<\/ul>\n<div class=\"table-wrapper\">\n<p>&nbsp;<\/p>\n<h3><\/h3>\n<table>\n<tbody>\n<tr>\n<th>Producent <\/th>\n<td>Insta360<\/td>\n<\/tr>\n<tr>\n<th>Nazwa <\/th>\n<td>Insta360 Ace Pro Float Guard<\/td>\n<\/tr>\n<tr>\n<th>Model <\/th>\n<td>CINSAAXK<\/td>\n<\/tr>\n<tr>\n<th>Kolor <\/th>\n<td>Pomara\u0144czowy<\/td>\n<\/tr>\n<tr>\n<th>Materia\u0142 <\/th>\n<td>EVA<\/td>\n<\/tr>\n<tr>\n<th>Waga <\/th>\n<td>39 g<\/td>\n<\/tr>\n<tr>\n<th>Kompatybilno\u015b\u0107 <\/th>\n<td>Kamera Insta360 Ace Pro, Ace <\/td>\n<\/tr>\n<\/tbody>\n<\/table>\n<\/div>\n","protected":false},"excerpt":{"rendered":"<p>Obudowa wyporno\u015bciowa do kamery Insta360 Ace Pro Obudowa wyporno\u015bciowa do kamery Insta360 Ace Pro zosta\u0142a stworzona z my\u015bl\u0105 o sportach<\/p>\n","protected":false},"featured_media":57642,"comment_status":"closed","ping_status":"open","template":"","meta":{"_acf_changed":false},"product_brand":[],"product_cat":[1130,1137,1128],"product_tag":[],"class_list":{"0":"post-57641","1":"product","2":"type-product","3":"status-publish","4":"has-post-thumbnail","6":"product_cat-akcesoria-foto","7":"product_cat-do-kamer-sportowych","8":"product_cat-foto-wideo","9":"pa_okres-gwarancji-5757","10":"pa_producent-insta360","12":"first","13":"outofstock","14":"taxable","15":"shipping-taxable","16":"purchasable","17":"product-type-simple"},"acf":[],"yoast_head":"<!-- This site is optimized with the Yoast SEO plugin v27.2 - https:\/\/yoast.com\/product\/yoast-seo-wordpress\/ -->\n<title>Obudowa wyporno\u015bciowa INSTA360 do Ace Pro (pomara\u0144czowa) - IRONSKY.PL Sklep z Dronami<\/title>\n<meta name=\"description\" content=\"Obudowa wyporno\u015bciowa INSTA360 do Ace Pro (pomara\u0144czowa) - \u2705 sklep z dronami i fachowym doradztwem. \u2705 Tutaj kupisz produkty DJI, Yuneec, Parrot, Syma i wiele innych, a tak\u017ce kursy i licencje na operatora drona.\" \/>\n<meta name=\"robots\" content=\"index, follow, max-snippet:-1, max-image-preview:large, max-video-preview:-1\" \/>\n<link rel=\"canonical\" href=\"https:\/\/ironsky.pl\/sklep\/produkt\/obudowa-wypornosciowa-insta360-do-ace-pro-pomaranczowa\/\" \/>\n<meta property=\"og:locale\" content=\"pl_PL\" \/>\n<meta property=\"og:type\" content=\"article\" \/>\n<meta property=\"og:title\" content=\"Obudowa wyporno\u015bciowa INSTA360 do Ace Pro (pomara\u0144czowa) - IRONSKY.PL Sklep z Dronami\" \/>\n<meta property=\"og:description\" content=\"Obudowa wyporno\u015bciowa INSTA360 do Ace Pro (pomara\u0144czowa) - \u2705 sklep z dronami i fachowym doradztwem. \u2705 Tutaj kupisz produkty DJI, Yuneec, Parrot, Syma i wiele innych, a tak\u017ce kursy i licencje na operatora drona.\" \/>\n<meta property=\"og:url\" content=\"https:\/\/ironsky.pl\/sklep\/produkt\/obudowa-wypornosciowa-insta360-do-ace-pro-pomaranczowa\/\" \/>\n<meta property=\"og:site_name\" content=\"IRONSKY.PL Sklep z Dronami\" \/>\n<meta property=\"article:modified_time\" content=\"2026-04-15T08:28:24+00:00\" \/>\n<meta property=\"og:image\" content=\"https:\/\/ironsky.pl\/sklep\/wp-content\/uploads\/2026\/04\/36183_1.jpg\" \/>\n\t<meta property=\"og:image:width\" content=\"800\" \/>\n\t<meta property=\"og:image:height\" content=\"800\" \/>\n\t<meta property=\"og:image:type\" content=\"image\/jpeg\" \/>\n<meta name=\"twitter:card\" content=\"summary_large_image\" \/>\n<meta name=\"twitter:label1\" content=\"Szacowany czas czytania\" \/>\n\t<meta name=\"twitter:data1\" content=\"1 minuta\" \/>\n<script type=\"application\/ld+json\" class=\"yoast-schema-graph\">{\"@context\":\"https:\/\/schema.org\",\"@graph\":[{\"@type\":\"WebPage\",\"@id\":\"https:\/\/ironsky.pl\/sklep\/produkt\/obudowa-wypornosciowa-insta360-do-ace-pro-pomaranczowa\/\",\"url\":\"https:\/\/ironsky.pl\/sklep\/produkt\/obudowa-wypornosciowa-insta360-do-ace-pro-pomaranczowa\/\",\"name\":\"Obudowa wyporno\u015bciowa INSTA360 do Ace Pro (pomara\u0144czowa) - IRONSKY.PL Sklep z Dronami\",\"isPartOf\":{\"@id\":\"https:\/\/ironsky.pl\/sklep\/#website\"},\"primaryImageOfPage\":{\"@id\":\"https:\/\/ironsky.pl\/sklep\/produkt\/obudowa-wypornosciowa-insta360-do-ace-pro-pomaranczowa\/#primaryimage\"},\"image\":{\"@id\":\"https:\/\/ironsky.pl\/sklep\/produkt\/obudowa-wypornosciowa-insta360-do-ace-pro-pomaranczowa\/#primaryimage\"},\"thumbnailUrl\":\"https:\/\/ironsky.pl\/sklep\/wp-content\/uploads\/2026\/04\/36183_1.jpg\",\"datePublished\":\"2026-04-15T08:28:20+00:00\",\"dateModified\":\"2026-04-15T08:28:24+00:00\",\"description\":\"Obudowa wyporno\u015bciowa INSTA360 do Ace Pro (pomara\u0144czowa) - \u2705 sklep z dronami i fachowym doradztwem. \u2705 Tutaj kupisz produkty DJI, Yuneec, Parrot, Syma i wiele innych, a tak\u017ce kursy i licencje na operatora drona.\",\"breadcrumb\":{\"@id\":\"https:\/\/ironsky.pl\/sklep\/produkt\/obudowa-wypornosciowa-insta360-do-ace-pro-pomaranczowa\/#breadcrumb\"},\"inLanguage\":\"pl-PL\",\"potentialAction\":[{\"@type\":\"ReadAction\",\"target\":[\"https:\/\/ironsky.pl\/sklep\/produkt\/obudowa-wypornosciowa-insta360-do-ace-pro-pomaranczowa\/\"]}]},{\"@type\":\"ImageObject\",\"inLanguage\":\"pl-PL\",\"@id\":\"https:\/\/ironsky.pl\/sklep\/produkt\/obudowa-wypornosciowa-insta360-do-ace-pro-pomaranczowa\/#primaryimage\",\"url\":\"https:\/\/ironsky.pl\/sklep\/wp-content\/uploads\/2026\/04\/36183_1.jpg\",\"contentUrl\":\"https:\/\/ironsky.pl\/sklep\/wp-content\/uploads\/2026\/04\/36183_1.jpg\",\"width\":800,\"height\":800},{\"@type\":\"BreadcrumbList\",\"@id\":\"https:\/\/ironsky.pl\/sklep\/produkt\/obudowa-wypornosciowa-insta360-do-ace-pro-pomaranczowa\/#breadcrumb\",\"itemListElement\":[{\"@type\":\"ListItem\",\"position\":1,\"name\":\"Strona g\u0142\u00f3wna\",\"item\":\"https:\/\/ironsky.pl\/sklep\/\"},{\"@type\":\"ListItem\",\"position\":2,\"name\":\"Wszystkie produkty\",\"item\":\"https:\/\/ironsky.pl\/sklep\/produkty\/\"},{\"@type\":\"ListItem\",\"position\":3,\"name\":\"Obudowa wyporno\u015bciowa INSTA360 do Ace Pro (pomara\u0144czowa)\"}]},{\"@type\":\"WebSite\",\"@id\":\"https:\/\/ironsky.pl\/sklep\/#website\",\"url\":\"https:\/\/ironsky.pl\/sklep\/\",\"name\":\"IRONSKY.PL Sklep z Dronami\",\"description\":\"IRONSKY.PL Sklep z Dronami\",\"potentialAction\":[{\"@type\":\"SearchAction\",\"target\":{\"@type\":\"EntryPoint\",\"urlTemplate\":\"https:\/\/ironsky.pl\/sklep\/?s={search_term_string}\"},\"query-input\":{\"@type\":\"PropertyValueSpecification\",\"valueRequired\":true,\"valueName\":\"search_term_string\"}}],\"inLanguage\":\"pl-PL\"}]}<\/script>\n<!-- \/ Yoast SEO plugin. -->","yoast_head_json":{"title":"Obudowa wyporno\u015bciowa INSTA360 do Ace Pro (pomara\u0144czowa) - IRONSKY.PL Sklep z Dronami","description":"Obudowa wyporno\u015bciowa INSTA360 do Ace Pro (pomara\u0144czowa) - \u2705 sklep z dronami i fachowym doradztwem. \u2705 Tutaj kupisz produkty DJI, Yuneec, Parrot, Syma i wiele innych, a tak\u017ce kursy i licencje na operatora drona.","robots":{"index":"index","follow":"follow","max-snippet":"max-snippet:-1","max-image-preview":"max-image-preview:large","max-video-preview":"max-video-preview:-1"},"canonical":"https:\/\/ironsky.pl\/sklep\/produkt\/obudowa-wypornosciowa-insta360-do-ace-pro-pomaranczowa\/","og_locale":"pl_PL","og_type":"article","og_title":"Obudowa wyporno\u015bciowa INSTA360 do Ace Pro (pomara\u0144czowa) - IRONSKY.PL Sklep z Dronami","og_description":"Obudowa wyporno\u015bciowa INSTA360 do Ace Pro (pomara\u0144czowa) - \u2705 sklep z dronami i fachowym doradztwem. \u2705 Tutaj kupisz produkty DJI, Yuneec, Parrot, Syma i wiele innych, a tak\u017ce kursy i licencje na operatora drona.","og_url":"https:\/\/ironsky.pl\/sklep\/produkt\/obudowa-wypornosciowa-insta360-do-ace-pro-pomaranczowa\/","og_site_name":"IRONSKY.PL Sklep z Dronami","article_modified_time":"2026-04-15T08:28:24+00:00","og_image":[{"width":800,"height":800,"url":"https:\/\/ironsky.pl\/sklep\/wp-content\/uploads\/2026\/04\/36183_1.jpg","type":"image\/jpeg"}],"twitter_card":"summary_large_image","twitter_misc":{"Szacowany czas czytania":"1 minuta"},"schema":{"@context":"https:\/\/schema.org","@graph":[{"@type":"WebPage","@id":"https:\/\/ironsky.pl\/sklep\/produkt\/obudowa-wypornosciowa-insta360-do-ace-pro-pomaranczowa\/","url":"https:\/\/ironsky.pl\/sklep\/produkt\/obudowa-wypornosciowa-insta360-do-ace-pro-pomaranczowa\/","name":"Obudowa wyporno\u015bciowa INSTA360 do Ace Pro (pomara\u0144czowa) - IRONSKY.PL Sklep z Dronami","isPartOf":{"@id":"https:\/\/ironsky.pl\/sklep\/#website"},"primaryImageOfPage":{"@id":"https:\/\/ironsky.pl\/sklep\/produkt\/obudowa-wypornosciowa-insta360-do-ace-pro-pomaranczowa\/#primaryimage"},"image":{"@id":"https:\/\/ironsky.pl\/sklep\/produkt\/obudowa-wypornosciowa-insta360-do-ace-pro-pomaranczowa\/#primaryimage"},"thumbnailUrl":"https:\/\/ironsky.pl\/sklep\/wp-content\/uploads\/2026\/04\/36183_1.jpg","datePublished":"2026-04-15T08:28:20+00:00","dateModified":"2026-04-15T08:28:24+00:00","description":"Obudowa wyporno\u015bciowa INSTA360 do Ace Pro (pomara\u0144czowa) - \u2705 sklep z dronami i fachowym doradztwem. \u2705 Tutaj kupisz produkty DJI, Yuneec, Parrot, Syma i wiele innych, a tak\u017ce kursy i licencje na operatora drona.","breadcrumb":{"@id":"https:\/\/ironsky.pl\/sklep\/produkt\/obudowa-wypornosciowa-insta360-do-ace-pro-pomaranczowa\/#breadcrumb"},"inLanguage":"pl-PL","potentialAction":[{"@type":"ReadAction","target":["https:\/\/ironsky.pl\/sklep\/produkt\/obudowa-wypornosciowa-insta360-do-ace-pro-pomaranczowa\/"]}]},{"@type":"ImageObject","inLanguage":"pl-PL","@id":"https:\/\/ironsky.pl\/sklep\/produkt\/obudowa-wypornosciowa-insta360-do-ace-pro-pomaranczowa\/#primaryimage","url":"https:\/\/ironsky.pl\/sklep\/wp-content\/uploads\/2026\/04\/36183_1.jpg","contentUrl":"https:\/\/ironsky.pl\/sklep\/wp-content\/uploads\/2026\/04\/36183_1.jpg","width":800,"height":800},{"@type":"BreadcrumbList","@id":"https:\/\/ironsky.pl\/sklep\/produkt\/obudowa-wypornosciowa-insta360-do-ace-pro-pomaranczowa\/#breadcrumb","itemListElement":[{"@type":"ListItem","position":1,"name":"Strona g\u0142\u00f3wna","item":"https:\/\/ironsky.pl\/sklep\/"},{"@type":"ListItem","position":2,"name":"Wszystkie produkty","item":"https:\/\/ironsky.pl\/sklep\/produkty\/"},{"@type":"ListItem","position":3,"name":"Obudowa wyporno\u015bciowa INSTA360 do Ace Pro (pomara\u0144czowa)"}]},{"@type":"WebSite","@id":"https:\/\/ironsky.pl\/sklep\/#website","url":"https:\/\/ironsky.pl\/sklep\/","name":"IRONSKY.PL Sklep z Dronami","description":"IRONSKY.PL Sklep z Dronami","potentialAction":[{"@type":"SearchAction","target":{"@type":"EntryPoint","urlTemplate":"https:\/\/ironsky.pl\/sklep\/?s={search_term_string}"},"query-input":{"@type":"PropertyValueSpecification","valueRequired":true,"valueName":"search_term_string"}}],"inLanguage":"pl-PL"}]}},"_links":{"self":[{"href":"https:\/\/ironsky.pl\/sklep\/wp-json\/wp\/v2\/product\/57641","targetHints":{"allow":["GET"]}}],"collection":[{"href":"https:\/\/ironsky.pl\/sklep\/wp-json\/wp\/v2\/product"}],"about":[{"href":"https:\/\/ironsky.pl\/sklep\/wp-json\/wp\/v2\/types\/product"}],"replies":[{"embeddable":true,"href":"https:\/\/ironsky.pl\/sklep\/wp-json\/wp\/v2\/comments?post=57641"}],"wp:featuredmedia":[{"embeddable":true,"href":"https:\/\/ironsky.pl\/sklep\/wp-json\/wp\/v2\/media\/57642"}],"wp:attachment":[{"href":"https:\/\/ironsky.pl\/sklep\/wp-json\/wp\/v2\/media?parent=57641"}],"wp:term":[{"taxonomy":"product_brand","embeddable":true,"href":"https:\/\/ironsky.pl\/sklep\/wp-json\/wp\/v2\/product_brand?post=57641"},{"taxonomy":"product_cat","embeddable":true,"href":"https:\/\/ironsky.pl\/sklep\/wp-json\/wp\/v2\/product_cat?post=57641"},{"taxonomy":"product_tag","embeddable":true,"href":"https:\/\/ironsky.pl\/sklep\/wp-json\/wp\/v2\/product_tag?post=57641"}],"curies":[{"name":"wp","href":"https:\/\/api.w.org\/{rel}","templated":true}]}}