{"id":57635,"date":"2026-04-15T10:28:20","date_gmt":"2026-04-15T08:28:20","guid":{"rendered":"https:\/\/ironsky.pl\/sklep\/produkt\/uchwyt-samochodowy-insta360-z-potrojna-przyssawka\/"},"modified":"2026-04-15T10:28:21","modified_gmt":"2026-04-15T08:28:21","slug":"uchwyt-samochodowy-insta360-z-potrojna-przyssawka","status":"publish","type":"product","link":"https:\/\/ironsky.pl\/sklep\/produkt\/uchwyt-samochodowy-insta360-z-potrojna-przyssawka\/","title":{"rendered":"Uchwyt samochodowy INSTA360 z potr\u00f3jn\u0105 przyssawk\u0105"},"content":{"rendered":"<h3>Uchwyt na samoch\u00f3d Insta360 z potr\u00f3jn\u0105 przyssawk\u0105 do kamer sportowych<\/h3>\n<p>Zyskaj unikaln\u0105 perspektyw\u0119 i stw\u00f3rz mn\u00f3stwo ciekawych uj\u0119\u0107. Pomo\u017ce Ci w tym uchwyt samochodowy z potr\u00f3jn\u0105 przyssawk\u0105, kt\u00f3ry zosta\u0142 stworzony z my\u015bl\u0105 o kamerach Insta360! Wystarczy przymocowa\u0107 do niego urz\u0105dzenie zamontowane na dedykowanym selfie sticku (w sprzeda\u017cy oddzielnie), a nast\u0119pnie nagra\u0107 film i usun\u0105\u0107 selfie stick w postprodukcji. W ten spos\u00f3b przygotujesz jedyny w swoim rodzaju materia\u0142 z perspektywy trzeciej osoby, kt\u00f3ry zaskoczy Twoich widz\u00f3w! Uwaga: nale\u017cy korzysta\u0107 z uchwytu tylko w po\u0142\u0105czeniu z selfie stickiem Insta360 Action Invisible Selfie Stick.<\/p>\n<p>\n<img decoding=\"async\" src=\"https:\/\/assets.innpro.pl\/11285\/15448\/7.jpg\" border=\"0\" alt=\"\" \/>\n<\/p>\n<h3>Przemy\u015blana konstrukcja<\/h3>\n<p>Uchwyt wyr\u00f3\u017cnia si\u0119 starannie przemy\u015blan\u0105 konstrukcj\u0105, dzi\u0119ki czemu mo\u017ce zapewni\u0107 Twojej kamerze niezb\u0119dn\u0105 stabilno\u015b\u0107 i bezpiecze\u0144stwo. Nie obawiaj si\u0119, \u017ce urz\u0105dzenie spadnie i zostanie uszkodzone! Do wykonania akcesorium zastosowano wysokiej jako\u015bci materia\u0142y, takie jak metal i w\u0142\u00f3kno w\u0119glowe, co przek\u0142ada si\u0119 na jego wytrzyma\u0142o\u015b\u0107 i odporno\u015b\u0107 na wstrz\u0105sy. Co wi\u0119cej, potr\u00f3jna przyssawka pozwala stabilnie przymocowa\u0107 uchwyt do samochodu \u2013 \u015bwietnie sprawdzi si\u0119 nawet podczas jazdy na wyboistych drogach.<\/p>\n<p>\n<img decoding=\"async\" src=\"https:\/\/assets.innpro.pl\/11285\/15448\/5.jpg\" border=\"0\" alt=\"\" \/>\n<\/p>\n<div class=\"table-wrapper\">\n<p>\u00a0<\/p>\n<h3><\/h3>\n<table>\n<tbody>\n<tr>\n<th>Producent <\/th>\n<td>Insta360<\/td>\n<\/tr>\n<tr>\n<th>Nazwa <\/th>\n<td>Triple Suction Cup Car Mount<\/td>\n<\/tr>\n<tr>\n<th>Materia\u0142 <\/th>\n<td>Metal, w\u0142\u00f3kno w\u0119glowe<\/td>\n<\/tr>\n<tr>\n<th>Kompatybilno\u015b\u0107 <\/th>\n<td>Insta360 X5, Ace Pro 2, X4, GO 3S, Ace Pro, Ace, GO 3, X3, ONE RS (Twin\/4K), Go 2, ONE X2, ONE R, ONE X<\/td>\n<\/tr>\n<\/tbody>\n<\/table>\n<\/div>\n","protected":false},"excerpt":{"rendered":"<p>Uchwyt na samoch\u00f3d Insta360 z potr\u00f3jn\u0105 przyssawk\u0105 do kamer sportowych Zyskaj unikaln\u0105 perspektyw\u0119 i stw\u00f3rz mn\u00f3stwo ciekawych uj\u0119\u0107. Pomo\u017ce Ci<\/p>\n","protected":false},"featured_media":0,"comment_status":"closed","ping_status":"open","template":"","meta":{"_acf_changed":false},"product_brand":[],"product_cat":[1128,6178,6176,6177,6181,1138],"product_tag":[],"class_list":{"0":"post-57635","1":"product","2":"type-product","3":"status-publish","5":"product_cat-foto-wideo","6":"product_cat-mocowania","7":"product_cat-selfie-stiki","8":"product_cat-statywy-selfie-stiki","9":"product_cat-szelki-mocowania-i-uchwyty","10":"product_cat-wysiegniki","11":"pa_okres-gwarancji-5757","12":"pa_producent-insta360","14":"first","15":"outofstock","16":"taxable","17":"shipping-taxable","18":"purchasable","19":"product-type-simple"},"acf":[],"yoast_head":"<!-- This site is optimized with the Yoast SEO plugin v27.2 - https:\/\/yoast.com\/product\/yoast-seo-wordpress\/ -->\n<title>Uchwyt samochodowy INSTA360 z potr\u00f3jn\u0105 przyssawk\u0105 - IRONSKY.PL Sklep z Dronami<\/title>\n<meta name=\"description\" content=\"Uchwyt samochodowy INSTA360 z potr\u00f3jn\u0105 przyssawk\u0105 - \u2705 sklep z dronami i fachowym doradztwem. \u2705 Tutaj kupisz produkty DJI, Yuneec, Parrot, Syma i wiele innych, a tak\u017ce kursy i licencje na operatora drona.\" \/>\n<meta name=\"robots\" content=\"index, follow, max-snippet:-1, max-image-preview:large, max-video-preview:-1\" \/>\n<link rel=\"canonical\" href=\"https:\/\/ironsky.pl\/sklep\/produkt\/uchwyt-samochodowy-insta360-z-potrojna-przyssawka\/\" \/>\n<meta property=\"og:locale\" content=\"pl_PL\" \/>\n<meta property=\"og:type\" content=\"article\" \/>\n<meta property=\"og:title\" content=\"Uchwyt samochodowy INSTA360 z potr\u00f3jn\u0105 przyssawk\u0105 - IRONSKY.PL Sklep z Dronami\" \/>\n<meta property=\"og:description\" content=\"Uchwyt samochodowy INSTA360 z potr\u00f3jn\u0105 przyssawk\u0105 - \u2705 sklep z dronami i fachowym doradztwem. \u2705 Tutaj kupisz produkty DJI, Yuneec, Parrot, Syma i wiele innych, a tak\u017ce kursy i licencje na operatora drona.\" \/>\n<meta property=\"og:url\" content=\"https:\/\/ironsky.pl\/sklep\/produkt\/uchwyt-samochodowy-insta360-z-potrojna-przyssawka\/\" \/>\n<meta property=\"og:site_name\" content=\"IRONSKY.PL Sklep z Dronami\" \/>\n<meta property=\"article:modified_time\" content=\"2026-04-15T08:28:21+00:00\" \/>\n<meta property=\"og:image\" content=\"https:\/\/assets.innpro.pl\/11285\/15448\/7.jpg\" \/>\n<meta name=\"twitter:card\" content=\"summary_large_image\" \/>\n<meta name=\"twitter:label1\" content=\"Szacowany czas czytania\" \/>\n\t<meta name=\"twitter:data1\" content=\"1 minuta\" \/>\n<script type=\"application\/ld+json\" class=\"yoast-schema-graph\">{\"@context\":\"https:\/\/schema.org\",\"@graph\":[{\"@type\":\"WebPage\",\"@id\":\"https:\/\/ironsky.pl\/sklep\/produkt\/uchwyt-samochodowy-insta360-z-potrojna-przyssawka\/\",\"url\":\"https:\/\/ironsky.pl\/sklep\/produkt\/uchwyt-samochodowy-insta360-z-potrojna-przyssawka\/\",\"name\":\"Uchwyt samochodowy INSTA360 z potr\u00f3jn\u0105 przyssawk\u0105 - IRONSKY.PL Sklep z Dronami\",\"isPartOf\":{\"@id\":\"https:\/\/ironsky.pl\/sklep\/#website\"},\"primaryImageOfPage\":{\"@id\":\"https:\/\/ironsky.pl\/sklep\/produkt\/uchwyt-samochodowy-insta360-z-potrojna-przyssawka\/#primaryimage\"},\"image\":{\"@id\":\"https:\/\/ironsky.pl\/sklep\/produkt\/uchwyt-samochodowy-insta360-z-potrojna-przyssawka\/#primaryimage\"},\"thumbnailUrl\":\"https:\/\/assets.innpro.pl\/11285\/15448\/7.jpg\",\"datePublished\":\"2026-04-15T08:28:20+00:00\",\"dateModified\":\"2026-04-15T08:28:21+00:00\",\"description\":\"Uchwyt samochodowy INSTA360 z potr\u00f3jn\u0105 przyssawk\u0105 - \u2705 sklep z dronami i fachowym doradztwem. \u2705 Tutaj kupisz produkty DJI, Yuneec, Parrot, Syma i wiele innych, a tak\u017ce kursy i licencje na operatora drona.\",\"breadcrumb\":{\"@id\":\"https:\/\/ironsky.pl\/sklep\/produkt\/uchwyt-samochodowy-insta360-z-potrojna-przyssawka\/#breadcrumb\"},\"inLanguage\":\"pl-PL\",\"potentialAction\":[{\"@type\":\"ReadAction\",\"target\":[\"https:\/\/ironsky.pl\/sklep\/produkt\/uchwyt-samochodowy-insta360-z-potrojna-przyssawka\/\"]}]},{\"@type\":\"ImageObject\",\"inLanguage\":\"pl-PL\",\"@id\":\"https:\/\/ironsky.pl\/sklep\/produkt\/uchwyt-samochodowy-insta360-z-potrojna-przyssawka\/#primaryimage\",\"url\":\"https:\/\/assets.innpro.pl\/11285\/15448\/7.jpg\",\"contentUrl\":\"https:\/\/assets.innpro.pl\/11285\/15448\/7.jpg\"},{\"@type\":\"BreadcrumbList\",\"@id\":\"https:\/\/ironsky.pl\/sklep\/produkt\/uchwyt-samochodowy-insta360-z-potrojna-przyssawka\/#breadcrumb\",\"itemListElement\":[{\"@type\":\"ListItem\",\"position\":1,\"name\":\"Strona g\u0142\u00f3wna\",\"item\":\"https:\/\/ironsky.pl\/sklep\/\"},{\"@type\":\"ListItem\",\"position\":2,\"name\":\"Wszystkie produkty\",\"item\":\"https:\/\/ironsky.pl\/sklep\/produkty\/\"},{\"@type\":\"ListItem\",\"position\":3,\"name\":\"Uchwyt samochodowy INSTA360 z potr\u00f3jn\u0105 przyssawk\u0105\"}]},{\"@type\":\"WebSite\",\"@id\":\"https:\/\/ironsky.pl\/sklep\/#website\",\"url\":\"https:\/\/ironsky.pl\/sklep\/\",\"name\":\"IRONSKY.PL Sklep z Dronami\",\"description\":\"IRONSKY.PL Sklep z Dronami\",\"potentialAction\":[{\"@type\":\"SearchAction\",\"target\":{\"@type\":\"EntryPoint\",\"urlTemplate\":\"https:\/\/ironsky.pl\/sklep\/?s={search_term_string}\"},\"query-input\":{\"@type\":\"PropertyValueSpecification\",\"valueRequired\":true,\"valueName\":\"search_term_string\"}}],\"inLanguage\":\"pl-PL\"}]}<\/script>\n<!-- \/ Yoast SEO plugin. -->","yoast_head_json":{"title":"Uchwyt samochodowy INSTA360 z potr\u00f3jn\u0105 przyssawk\u0105 - IRONSKY.PL Sklep z Dronami","description":"Uchwyt samochodowy INSTA360 z potr\u00f3jn\u0105 przyssawk\u0105 - \u2705 sklep z dronami i fachowym doradztwem. \u2705 Tutaj kupisz produkty DJI, Yuneec, Parrot, Syma i wiele innych, a tak\u017ce kursy i licencje na operatora drona.","robots":{"index":"index","follow":"follow","max-snippet":"max-snippet:-1","max-image-preview":"max-image-preview:large","max-video-preview":"max-video-preview:-1"},"canonical":"https:\/\/ironsky.pl\/sklep\/produkt\/uchwyt-samochodowy-insta360-z-potrojna-przyssawka\/","og_locale":"pl_PL","og_type":"article","og_title":"Uchwyt samochodowy INSTA360 z potr\u00f3jn\u0105 przyssawk\u0105 - IRONSKY.PL Sklep z Dronami","og_description":"Uchwyt samochodowy INSTA360 z potr\u00f3jn\u0105 przyssawk\u0105 - \u2705 sklep z dronami i fachowym doradztwem. \u2705 Tutaj kupisz produkty DJI, Yuneec, Parrot, Syma i wiele innych, a tak\u017ce kursy i licencje na operatora drona.","og_url":"https:\/\/ironsky.pl\/sklep\/produkt\/uchwyt-samochodowy-insta360-z-potrojna-przyssawka\/","og_site_name":"IRONSKY.PL Sklep z Dronami","article_modified_time":"2026-04-15T08:28:21+00:00","og_image":[{"url":"https:\/\/assets.innpro.pl\/11285\/15448\/7.jpg","type":"","width":"","height":""}],"twitter_card":"summary_large_image","twitter_misc":{"Szacowany czas czytania":"1 minuta"},"schema":{"@context":"https:\/\/schema.org","@graph":[{"@type":"WebPage","@id":"https:\/\/ironsky.pl\/sklep\/produkt\/uchwyt-samochodowy-insta360-z-potrojna-przyssawka\/","url":"https:\/\/ironsky.pl\/sklep\/produkt\/uchwyt-samochodowy-insta360-z-potrojna-przyssawka\/","name":"Uchwyt samochodowy INSTA360 z potr\u00f3jn\u0105 przyssawk\u0105 - IRONSKY.PL Sklep z Dronami","isPartOf":{"@id":"https:\/\/ironsky.pl\/sklep\/#website"},"primaryImageOfPage":{"@id":"https:\/\/ironsky.pl\/sklep\/produkt\/uchwyt-samochodowy-insta360-z-potrojna-przyssawka\/#primaryimage"},"image":{"@id":"https:\/\/ironsky.pl\/sklep\/produkt\/uchwyt-samochodowy-insta360-z-potrojna-przyssawka\/#primaryimage"},"thumbnailUrl":"https:\/\/assets.innpro.pl\/11285\/15448\/7.jpg","datePublished":"2026-04-15T08:28:20+00:00","dateModified":"2026-04-15T08:28:21+00:00","description":"Uchwyt samochodowy INSTA360 z potr\u00f3jn\u0105 przyssawk\u0105 - \u2705 sklep z dronami i fachowym doradztwem. \u2705 Tutaj kupisz produkty DJI, Yuneec, Parrot, Syma i wiele innych, a tak\u017ce kursy i licencje na operatora drona.","breadcrumb":{"@id":"https:\/\/ironsky.pl\/sklep\/produkt\/uchwyt-samochodowy-insta360-z-potrojna-przyssawka\/#breadcrumb"},"inLanguage":"pl-PL","potentialAction":[{"@type":"ReadAction","target":["https:\/\/ironsky.pl\/sklep\/produkt\/uchwyt-samochodowy-insta360-z-potrojna-przyssawka\/"]}]},{"@type":"ImageObject","inLanguage":"pl-PL","@id":"https:\/\/ironsky.pl\/sklep\/produkt\/uchwyt-samochodowy-insta360-z-potrojna-przyssawka\/#primaryimage","url":"https:\/\/assets.innpro.pl\/11285\/15448\/7.jpg","contentUrl":"https:\/\/assets.innpro.pl\/11285\/15448\/7.jpg"},{"@type":"BreadcrumbList","@id":"https:\/\/ironsky.pl\/sklep\/produkt\/uchwyt-samochodowy-insta360-z-potrojna-przyssawka\/#breadcrumb","itemListElement":[{"@type":"ListItem","position":1,"name":"Strona g\u0142\u00f3wna","item":"https:\/\/ironsky.pl\/sklep\/"},{"@type":"ListItem","position":2,"name":"Wszystkie produkty","item":"https:\/\/ironsky.pl\/sklep\/produkty\/"},{"@type":"ListItem","position":3,"name":"Uchwyt samochodowy INSTA360 z potr\u00f3jn\u0105 przyssawk\u0105"}]},{"@type":"WebSite","@id":"https:\/\/ironsky.pl\/sklep\/#website","url":"https:\/\/ironsky.pl\/sklep\/","name":"IRONSKY.PL Sklep z Dronami","description":"IRONSKY.PL Sklep z Dronami","potentialAction":[{"@type":"SearchAction","target":{"@type":"EntryPoint","urlTemplate":"https:\/\/ironsky.pl\/sklep\/?s={search_term_string}"},"query-input":{"@type":"PropertyValueSpecification","valueRequired":true,"valueName":"search_term_string"}}],"inLanguage":"pl-PL"}]}},"_links":{"self":[{"href":"https:\/\/ironsky.pl\/sklep\/wp-json\/wp\/v2\/product\/57635","targetHints":{"allow":["GET"]}}],"collection":[{"href":"https:\/\/ironsky.pl\/sklep\/wp-json\/wp\/v2\/product"}],"about":[{"href":"https:\/\/ironsky.pl\/sklep\/wp-json\/wp\/v2\/types\/product"}],"replies":[{"embeddable":true,"href":"https:\/\/ironsky.pl\/sklep\/wp-json\/wp\/v2\/comments?post=57635"}],"wp:attachment":[{"href":"https:\/\/ironsky.pl\/sklep\/wp-json\/wp\/v2\/media?parent=57635"}],"wp:term":[{"taxonomy":"product_brand","embeddable":true,"href":"https:\/\/ironsky.pl\/sklep\/wp-json\/wp\/v2\/product_brand?post=57635"},{"taxonomy":"product_cat","embeddable":true,"href":"https:\/\/ironsky.pl\/sklep\/wp-json\/wp\/v2\/product_cat?post=57635"},{"taxonomy":"product_tag","embeddable":true,"href":"https:\/\/ironsky.pl\/sklep\/wp-json\/wp\/v2\/product_tag?post=57635"}],"curies":[{"name":"wp","href":"https:\/\/api.w.org\/{rel}","templated":true}]}}